{"id":21607,"date":"2024-10-11T09:56:23","date_gmt":"2024-10-11T09:56:23","guid":{"rendered":"https:\/\/hutton.ee\/?post_type=product&#038;p=21607"},"modified":"2025-12-12T14:18:53","modified_gmt":"2025-12-12T14:18:53","slug":"penosil-facade-joint-hybrid-25lm-600ml-antratsiit","status":"publish","type":"product","link":"https:\/\/hutton.ee\/en\/toode\/penosil-facade-joint-hybrid-25lm-600ml-antratsiit\/","title":{"rendered":"Penosil Facade Joint Hybrid 25LM 600ml antratsiit"},"content":{"rendered":"<p><span data-sheets-root=\"1\">Penosil Facade Joint Hybrid 25LM 600ml , antratsiit <\/span>fassaadihermeetik on kvaliteetne h\u00fcbriidpol\u00fcmeeril p\u00f5hinev v\u00e4ikese elastsusmooduliga fassaadihermeetik.<\/p>\n<p><strong>Kasutusalad<\/strong>:<br \/>\nHoonete deformatsiooni-, \u00fchendus- ja piirdevuukide, nagu betoonielementide, m\u00fc\u00fcritise, akna- ja ukselengide \u00fcmbruse, trepikodade, r\u00f5dude jms vuukide tihendamiseks.<br \/>\nErinevate l\u00e4biviikude (torude, kaablite) tihendamiseks.<br \/>\nVentilatsioonit\u00f6\u00f6d.<\/p>\n<p><strong>Kasutamine<\/strong>:<br \/>\nAvage p\u00fcstoli v\u00e4ljastusotsik, sisestage pakend p\u00fcstolisse ja eemaldage pakendilt otsikupoolne kinnitusklamber. Asetage v\u00e4ljastusotsik p\u00fcstoli avatud otsale ja keerake korgiga kinni. Kandke hermeetik vuuki, surudes korduvalt ja \u00fchtlaselt p\u00fcstoli p\u00e4\u00e4stikule ning libistades otsikut sujuvalt m\u00f6\u00f6da vuuki. P\u00e4rast silikooni pealekandmist siluge silikooni pind kummist silikoonilabidaga tasaseks ja eemaldage \u00fcleliigne materjal.<\/p>\n<p><strong>N\u00e4pun\u00e4ited<\/strong>:<\/p>\n<ul>\n<li>Liimitavad pinnad peavad olema rasva-, \u00f5li-, tolmuvabad ja puhtad lahtistest osakestest.<\/li>\n<li>Kaetav pind peab olema kuiv.<\/li>\n<li>Tagage k\u00f5ikide vuukide juures piisav tuulutus.<\/li>\n<li>Tagage, et tardumise kestel ei satuks pinnale mingit mustust ja vuuk ei j\u00e4\u00e4ks mehaanilise koormuse alla.<\/li>\n<li>Mitte kasutada temperatuuril alla +5\u00baC<\/li>\n<li>Materjalide rohkuse t\u00f5ttu soovitame enne kasutamist katsetada toote \u00fchilduvust ja nakkuvust.<\/li>\n<li>Vajaduse korral t\u00f6\u00f6delge pinda nakke parendamiseks krundiga.<\/li>\n<li>Paigaldustemperatuuri vahemik +5\u00b0C kuni +40\u00b0C.<\/li>\n<li>Paigaldatava hermeetiku temperatuur peab olema vahemikus +20\u00b0C kuni +25\u00b0C.<\/li>\n<li>Mittepoorseid pindu tuleb puhastada lahusti ja puhta ebemevaba puuvillasest riidest lapiga.<\/li>\n<li>Eemaldage lahusti j\u00e4\u00e4gid enne aurumist kuiva puhta lapiga.<\/li>\n<\/ul>\n<p><strong>Vajadusel k\u00fcsi n\u00f5u:<\/strong><\/p>\n<p><strong>Neeme<\/strong> <a href=\"tel:5098168\">+372 509 8168<\/a> | <a href=\"mailto:neeme@hutton.ee\">neeme@hutton.ee<\/a><\/p>\n","protected":false},"excerpt":{"rendered":"<p><strong><a href=\"https:\/\/hutton.ee\/minu-konto\/\"><span style=\"color: #ff0000;\">Registreeru p\u00fcsikliendiks!<\/span><\/a><\/strong><\/p>\n","protected":false},"featured_media":26638,"template":"","meta":{"_gspb_post_css":"","_uf_show_specific_survey":0,"_uf_disable_surveys":false},"product_brand":[],"product_cat":[964,2282],"product_tag":[2907],"filtrisusteem":[],"kvaliteediklass":[],"class_list":{"0":"post-21607","1":"product","2":"type-product","3":"status-publish","4":"has-post-thumbnail","6":"product_cat-ehituskeemia","7":"product_cat-hermeetikud","8":"product_tag-25tk","10":"first","11":"instock","12":"taxable","13":"shipping-taxable","14":"purchasable","15":"product-type-simple"},"yoast_head":"<!-- This site is optimized with the Yoast SEO Premium plugin v21.3 (Yoast SEO v27.3) - https:\/\/yoast.com\/product\/yoast-seo-premium-wordpress\/ -->\n<title>Penosil Facade Joint Hybrid 25LM 600ml antratsiit - Hutton<\/title>\n<meta name=\"description\" content=\"Penosil Facade Joint Hybrid 25LM antratsiit on h\u00fcbriidhermeetik fassaadi ja konstruktsioonivuukide tihendamiseks. Sobib betoonile, m\u00fc\u00fcritisele, akna-, uksevuukidele.\" \/>\n<meta name=\"robots\" content=\"index, follow, max-snippet:-1, max-image-preview:large, max-video-preview:-1\" \/>\n<link rel=\"canonical\" href=\"https:\/\/hutton.ee\/toode\/penosil-facade-joint-hybrid-25lm-600ml-antratsiit\/\" \/>\n<meta property=\"og:locale\" content=\"en_US\" \/>\n<meta property=\"og:type\" content=\"article\" \/>\n<meta property=\"og:title\" content=\"Penosil Facade Joint Hybrid 25LM 600ml antratsiit\" \/>\n<meta property=\"og:description\" content=\"Penosil Facade Joint Hybrid 25LM antratsiit on h\u00fcbriidhermeetik fassaadi ja konstruktsioonivuukide tihendamiseks. Sobib betoonile, m\u00fc\u00fcritisele, akna-, uksevuukidele.\" \/>\n<meta property=\"og:url\" content=\"https:\/\/hutton.ee\/toode\/penosil-facade-joint-hybrid-25lm-600ml-antratsiit\/\" \/>\n<meta property=\"og:site_name\" content=\"Hutton\" \/>\n<meta property=\"article:publisher\" content=\"https:\/\/www.facebook.com\/huttoneesti\" \/>\n<meta property=\"article:modified_time\" content=\"2025-12-12T14:18:53+00:00\" \/>\n<meta property=\"og:image\" content=\"https:\/\/hutton.ee\/wp-content\/uploads\/2024\/10\/Penosil-Facade-Joint-Hybrid-25LM.png\" \/>\n\t<meta property=\"og:image:width\" content=\"500\" \/>\n\t<meta property=\"og:image:height\" content=\"500\" \/>\n\t<meta property=\"og:image:type\" content=\"image\/png\" \/>\n<meta name=\"twitter:card\" content=\"summary_large_image\" \/>\n<meta name=\"twitter:label1\" content=\"Est. reading time\" \/>\n\t<meta name=\"twitter:data1\" content=\"2 minutes\" \/>\n<script type=\"application\/ld+json\" class=\"yoast-schema-graph\">{\"@context\":\"https:\\\/\\\/schema.org\",\"@graph\":[{\"@type\":\"WebPage\",\"@id\":\"https:\\\/\\\/hutton.ee\\\/toode\\\/penosil-facade-joint-hybrid-25lm-600ml-antratsiit\\\/\",\"url\":\"https:\\\/\\\/hutton.ee\\\/toode\\\/penosil-facade-joint-hybrid-25lm-600ml-antratsiit\\\/\",\"name\":\"Penosil Facade Joint Hybrid 25LM 600ml antratsiit - Hutton\",\"isPartOf\":{\"@id\":\"https:\\\/\\\/hutton.ee\\\/#website\"},\"primaryImageOfPage\":{\"@id\":\"https:\\\/\\\/hutton.ee\\\/toode\\\/penosil-facade-joint-hybrid-25lm-600ml-antratsiit\\\/#primaryimage\"},\"image\":{\"@id\":\"https:\\\/\\\/hutton.ee\\\/toode\\\/penosil-facade-joint-hybrid-25lm-600ml-antratsiit\\\/#primaryimage\"},\"thumbnailUrl\":\"https:\\\/\\\/hutton.ee\\\/wp-content\\\/uploads\\\/2024\\\/10\\\/Penosil-Facade-Joint-Hybrid-25LM.png\",\"datePublished\":\"2024-10-11T09:56:23+00:00\",\"dateModified\":\"2025-12-12T14:18:53+00:00\",\"description\":\"Penosil Facade Joint Hybrid 25LM antratsiit on h\u00fcbriidhermeetik fassaadi ja konstruktsioonivuukide tihendamiseks. Sobib betoonile, m\u00fc\u00fcritisele, akna-, uksevuukidele.\",\"breadcrumb\":{\"@id\":\"https:\\\/\\\/hutton.ee\\\/toode\\\/penosil-facade-joint-hybrid-25lm-600ml-antratsiit\\\/#breadcrumb\"},\"inLanguage\":\"en-US\",\"potentialAction\":[{\"@type\":\"ReadAction\",\"target\":[\"https:\\\/\\\/hutton.ee\\\/toode\\\/penosil-facade-joint-hybrid-25lm-600ml-antratsiit\\\/\"]}]},{\"@type\":\"ImageObject\",\"inLanguage\":\"en-US\",\"@id\":\"https:\\\/\\\/hutton.ee\\\/toode\\\/penosil-facade-joint-hybrid-25lm-600ml-antratsiit\\\/#primaryimage\",\"url\":\"https:\\\/\\\/hutton.ee\\\/wp-content\\\/uploads\\\/2024\\\/10\\\/Penosil-Facade-Joint-Hybrid-25LM.png\",\"contentUrl\":\"https:\\\/\\\/hutton.ee\\\/wp-content\\\/uploads\\\/2024\\\/10\\\/Penosil-Facade-Joint-Hybrid-25LM.png\",\"width\":500,\"height\":500,\"caption\":\"Penosil Facade Joint Hybrid 25LM\"},{\"@type\":\"BreadcrumbList\",\"@id\":\"https:\\\/\\\/hutton.ee\\\/toode\\\/penosil-facade-joint-hybrid-25lm-600ml-antratsiit\\\/#breadcrumb\",\"itemListElement\":[{\"@type\":\"ListItem\",\"position\":1,\"name\":\"Avaleht\",\"item\":\"https:\\\/\\\/hutton.ee\\\/\"},{\"@type\":\"ListItem\",\"position\":2,\"name\":\"Shop\",\"item\":\"https:\\\/\\\/hutton.ee\\\/en\\\/shop\\\/\"},{\"@type\":\"ListItem\",\"position\":3,\"name\":\"Penosil Facade Joint Hybrid 25LM 600ml antratsiit\"}]},{\"@type\":\"WebSite\",\"@id\":\"https:\\\/\\\/hutton.ee\\\/#website\",\"url\":\"https:\\\/\\\/hutton.ee\\\/\",\"name\":\"Hutton\",\"description\":\"Ajas kestvad ehituslahendused\",\"publisher\":{\"@id\":\"https:\\\/\\\/hutton.ee\\\/#organization\"},\"potentialAction\":[{\"@type\":\"SearchAction\",\"target\":{\"@type\":\"EntryPoint\",\"urlTemplate\":\"https:\\\/\\\/hutton.ee\\\/?s={search_term_string}\"},\"query-input\":{\"@type\":\"PropertyValueSpecification\",\"valueRequired\":true,\"valueName\":\"search_term_string\"}}],\"inLanguage\":\"en-US\"},{\"@type\":\"Organization\",\"@id\":\"https:\\\/\\\/hutton.ee\\\/#organization\",\"name\":\"Hutton - KATUS | SEIN | FASSAAD\",\"url\":\"https:\\\/\\\/hutton.ee\\\/\",\"logo\":{\"@type\":\"ImageObject\",\"inLanguage\":\"en-US\",\"@id\":\"https:\\\/\\\/hutton.ee\\\/#\\\/schema\\\/logo\\\/image\\\/\",\"url\":\"https:\\\/\\\/hutton.ee\\\/wp-content\\\/uploads\\\/2020\\\/07\\\/hutton-logo_uuendatud-01.png\",\"contentUrl\":\"https:\\\/\\\/hutton.ee\\\/wp-content\\\/uploads\\\/2020\\\/07\\\/hutton-logo_uuendatud-01.png\",\"width\":1064,\"height\":455,\"caption\":\"Hutton - KATUS | SEIN | FASSAAD\"},\"image\":{\"@id\":\"https:\\\/\\\/hutton.ee\\\/#\\\/schema\\\/logo\\\/image\\\/\"},\"sameAs\":[\"https:\\\/\\\/www.facebook.com\\\/huttoneesti\"]}]}<\/script>\n<!-- \/ Yoast SEO Premium plugin. -->","yoast_head_json":{"title":"Penosil Facade Joint Hybrid 25LM 600ml antratsiit - Hutton","description":"Penosil Facade Joint Hybrid 25LM antratsiit on h\u00fcbriidhermeetik fassaadi ja konstruktsioonivuukide tihendamiseks. Sobib betoonile, m\u00fc\u00fcritisele, akna-, uksevuukidele.","robots":{"index":"index","follow":"follow","max-snippet":"max-snippet:-1","max-image-preview":"max-image-preview:large","max-video-preview":"max-video-preview:-1"},"canonical":"https:\/\/hutton.ee\/toode\/penosil-facade-joint-hybrid-25lm-600ml-antratsiit\/","og_locale":"en_US","og_type":"article","og_title":"Penosil Facade Joint Hybrid 25LM 600ml antratsiit","og_description":"Penosil Facade Joint Hybrid 25LM antratsiit on h\u00fcbriidhermeetik fassaadi ja konstruktsioonivuukide tihendamiseks. Sobib betoonile, m\u00fc\u00fcritisele, akna-, uksevuukidele.","og_url":"https:\/\/hutton.ee\/toode\/penosil-facade-joint-hybrid-25lm-600ml-antratsiit\/","og_site_name":"Hutton","article_publisher":"https:\/\/www.facebook.com\/huttoneesti","article_modified_time":"2025-12-12T14:18:53+00:00","og_image":[{"width":500,"height":500,"url":"https:\/\/hutton.ee\/wp-content\/uploads\/2024\/10\/Penosil-Facade-Joint-Hybrid-25LM.png","type":"image\/png"}],"twitter_card":"summary_large_image","twitter_misc":{"Est. reading time":"2 minutes"},"schema":{"@context":"https:\/\/schema.org","@graph":[{"@type":"WebPage","@id":"https:\/\/hutton.ee\/toode\/penosil-facade-joint-hybrid-25lm-600ml-antratsiit\/","url":"https:\/\/hutton.ee\/toode\/penosil-facade-joint-hybrid-25lm-600ml-antratsiit\/","name":"Penosil Facade Joint Hybrid 25LM 600ml antratsiit - Hutton","isPartOf":{"@id":"https:\/\/hutton.ee\/#website"},"primaryImageOfPage":{"@id":"https:\/\/hutton.ee\/toode\/penosil-facade-joint-hybrid-25lm-600ml-antratsiit\/#primaryimage"},"image":{"@id":"https:\/\/hutton.ee\/toode\/penosil-facade-joint-hybrid-25lm-600ml-antratsiit\/#primaryimage"},"thumbnailUrl":"https:\/\/hutton.ee\/wp-content\/uploads\/2024\/10\/Penosil-Facade-Joint-Hybrid-25LM.png","datePublished":"2024-10-11T09:56:23+00:00","dateModified":"2025-12-12T14:18:53+00:00","description":"Penosil Facade Joint Hybrid 25LM antratsiit on h\u00fcbriidhermeetik fassaadi ja konstruktsioonivuukide tihendamiseks. Sobib betoonile, m\u00fc\u00fcritisele, akna-, uksevuukidele.","breadcrumb":{"@id":"https:\/\/hutton.ee\/toode\/penosil-facade-joint-hybrid-25lm-600ml-antratsiit\/#breadcrumb"},"inLanguage":"en-US","potentialAction":[{"@type":"ReadAction","target":["https:\/\/hutton.ee\/toode\/penosil-facade-joint-hybrid-25lm-600ml-antratsiit\/"]}]},{"@type":"ImageObject","inLanguage":"en-US","@id":"https:\/\/hutton.ee\/toode\/penosil-facade-joint-hybrid-25lm-600ml-antratsiit\/#primaryimage","url":"https:\/\/hutton.ee\/wp-content\/uploads\/2024\/10\/Penosil-Facade-Joint-Hybrid-25LM.png","contentUrl":"https:\/\/hutton.ee\/wp-content\/uploads\/2024\/10\/Penosil-Facade-Joint-Hybrid-25LM.png","width":500,"height":500,"caption":"Penosil Facade Joint Hybrid 25LM"},{"@type":"BreadcrumbList","@id":"https:\/\/hutton.ee\/toode\/penosil-facade-joint-hybrid-25lm-600ml-antratsiit\/#breadcrumb","itemListElement":[{"@type":"ListItem","position":1,"name":"Avaleht","item":"https:\/\/hutton.ee\/"},{"@type":"ListItem","position":2,"name":"Shop","item":"https:\/\/hutton.ee\/en\/shop\/"},{"@type":"ListItem","position":3,"name":"Penosil Facade Joint Hybrid 25LM 600ml antratsiit"}]},{"@type":"WebSite","@id":"https:\/\/hutton.ee\/#website","url":"https:\/\/hutton.ee\/","name":"Hutton","description":"Ajas kestvad ehituslahendused","publisher":{"@id":"https:\/\/hutton.ee\/#organization"},"potentialAction":[{"@type":"SearchAction","target":{"@type":"EntryPoint","urlTemplate":"https:\/\/hutton.ee\/?s={search_term_string}"},"query-input":{"@type":"PropertyValueSpecification","valueRequired":true,"valueName":"search_term_string"}}],"inLanguage":"en-US"},{"@type":"Organization","@id":"https:\/\/hutton.ee\/#organization","name":"Hutton - KATUS | SEIN | FASSAAD","url":"https:\/\/hutton.ee\/","logo":{"@type":"ImageObject","inLanguage":"en-US","@id":"https:\/\/hutton.ee\/#\/schema\/logo\/image\/","url":"https:\/\/hutton.ee\/wp-content\/uploads\/2020\/07\/hutton-logo_uuendatud-01.png","contentUrl":"https:\/\/hutton.ee\/wp-content\/uploads\/2020\/07\/hutton-logo_uuendatud-01.png","width":1064,"height":455,"caption":"Hutton - KATUS | SEIN | FASSAAD"},"image":{"@id":"https:\/\/hutton.ee\/#\/schema\/logo\/image\/"},"sameAs":["https:\/\/www.facebook.com\/huttoneesti"]}]}},"_links":{"self":[{"href":"https:\/\/hutton.ee\/en\/wp-json\/wp\/v2\/product\/21607","targetHints":{"allow":["GET"]}}],"collection":[{"href":"https:\/\/hutton.ee\/en\/wp-json\/wp\/v2\/product"}],"about":[{"href":"https:\/\/hutton.ee\/en\/wp-json\/wp\/v2\/types\/product"}],"wp:featuredmedia":[{"embeddable":true,"href":"https:\/\/hutton.ee\/en\/wp-json\/wp\/v2\/media\/26638"}],"wp:attachment":[{"href":"https:\/\/hutton.ee\/en\/wp-json\/wp\/v2\/media?parent=21607"}],"wp:term":[{"taxonomy":"product_brand","embeddable":true,"href":"https:\/\/hutton.ee\/en\/wp-json\/wp\/v2\/product_brand?post=21607"},{"taxonomy":"product_cat","embeddable":true,"href":"https:\/\/hutton.ee\/en\/wp-json\/wp\/v2\/product_cat?post=21607"},{"taxonomy":"product_tag","embeddable":true,"href":"https:\/\/hutton.ee\/en\/wp-json\/wp\/v2\/product_tag?post=21607"},{"taxonomy":"filtrisusteem","embeddable":true,"href":"https:\/\/hutton.ee\/en\/wp-json\/wp\/v2\/filtrisusteem?post=21607"},{"taxonomy":"kvaliteediklass","embeddable":true,"href":"https:\/\/hutton.ee\/en\/wp-json\/wp\/v2\/kvaliteediklass?post=21607"}],"curies":[{"name":"wp","href":"https:\/\/api.w.org\/{rel}","templated":true}]}}