{"id":21609,"date":"2024-10-11T09:56:58","date_gmt":"2024-10-11T09:56:58","guid":{"rendered":"https:\/\/hutton.ee\/?post_type=product&#038;p=21609"},"modified":"2025-12-12T14:19:52","modified_gmt":"2025-12-12T14:19:52","slug":"penosil-windowdoor-elastic-gunfoam-198-800ml","status":"publish","type":"product","link":"https:\/\/hutton.ee\/en\/toode\/penosil-windowdoor-elastic-gunfoam-198-800ml\/","title":{"rendered":"Penosil Window&#038;Door Elastic Gunfoam 198, 800ml"},"content":{"rendered":"<p><span data-sheets-root=\"1\">Penosil Window&amp;Door Elastic Gunfoam 198, 800ml <\/span>on h\u00f5lpsalt kokkusurutav elastne isolatsioonivaht survetundlike ja liikuvate vuukide jaoks, sobib eriti h\u00e4sti akendele ja ustele.<\/p>\n<p><strong>Kasutusalad<\/strong>:<br \/>\nAkende ja uste paigaldamiseks ja tihendamiseks.<br \/>\nSurvetundlike ja kitsaste vuukide t\u00e4itmiseks.<br \/>\nVentilatsiooniseadmete ja torude isolatsiooniks.<br \/>\nOlulise liikuvusega vuukide ja avauste t\u00e4itmiseks.<br \/>\nSoojusisolatsiooniks ja helikindluseks.<\/p>\n<p><strong>Kasutamine<\/strong>:<br \/>\nHoidke vahuballooni p\u00fcstises asendis ja keerake balloon p\u00fcstoli k\u00fclge, hoides \u00fche k\u00e4ega p\u00fcstoli k\u00e4epidemest ja keerates teisega ballooni. Keeramise ajal j\u00e4lgige, et p\u00fcstol ei oleks suunatud teiste inimeste poole. \u00c4rge keerake ballooni p\u00fcstolile tagurpidi asendis ega keerake p\u00fcstolit balloonile. P\u00e4rast ballooni kinnitamist raputage seda j\u00f5uliselt v\u00e4hemalt 20 korda ja p\u00f6\u00f6rake t\u00f6\u00f6asendisse.<\/p>\n<p>V\u00e4ljuvat vahukogust saab reguleerida p\u00fcstoli p\u00e4\u00e4stikuga.<\/p>\n<p><strong>N\u00e4pun\u00e4ited<\/strong>:<\/p>\n<ul>\n<li>Pinna eelnev niisutamine tagab vahu kiirema tardumise ja parema tulemuse.<\/li>\n<li>K\u00fclmal ajal on vajalik enne t\u00f6\u00f6ga alustamist ballooni soojendada soojas ruumis v\u00f5i soojas vees. Soojendava vee v\u00f5i \u00f5hu temperatuur ei tohi \u00fcletada +30\u00b0C.<\/li>\n<li>\u00d5hutemperatuur kasutamisel \u20135\u00b0C kuni +30\u00b0C, parimad tulemused +20\u00b0C korral.<\/li>\n<li>Ballooni temperatuur kasutamisel +5\u00b0C kuni +25\u00b0C, parimad tulemused +20\u00b0C korral.<\/li>\n<li>\u00dchendatavad pinnad peavad olema puhtad tolmust, lahtistest osakestest \u00f5list.<\/li>\n<\/ul>\n<p><strong>Vajadusel k\u00fcsi n\u00f5u:<\/strong><\/p>\n<p><strong>Neeme<\/strong> <a href=\"tel:5098168\">+372 509 8168<\/a> | <a href=\"mailto:neeme@hutton.ee\">neeme@hutton.ee<\/a><\/p>\n","protected":false},"excerpt":{"rendered":"<p><strong><a href=\"https:\/\/hutton.ee\/minu-konto\/\"><span style=\"color: #ff0000;\">Registreeru p\u00fcsikliendiks!<\/span><\/a><\/strong><\/p>\n","protected":false},"featured_media":26640,"template":"","meta":{"_gspb_post_css":"","_uf_show_specific_survey":0,"_uf_disable_surveys":false},"product_brand":[],"product_cat":[964,967],"product_tag":[2908],"filtrisusteem":[2570],"kvaliteediklass":[],"class_list":{"0":"post-21609","1":"product","2":"type-product","3":"status-publish","4":"has-post-thumbnail","6":"product_cat-ehituskeemia","7":"product_cat-montaazivahud","8":"product_tag-13tk","9":"filtrisusteem-160-3","11":"first","12":"instock","13":"taxable","14":"shipping-taxable","15":"purchasable","16":"product-type-simple"},"yoast_head":"<!-- This site is optimized with the Yoast SEO Premium plugin v21.3 (Yoast SEO v27.3) - https:\/\/yoast.com\/product\/yoast-seo-premium-wordpress\/ -->\n<title>Penosil Window&amp;Door Elastic Gunfoam 198, 800ml - Hutton<\/title>\n<meta name=\"description\" content=\"Penosil Window&amp;Door Elastic Gunfoam 198 on p\u00fcstolivaht akende ja uste tihendamiseks. Sobib liikuvatele vuukidele, tagab hea soojus- ja heliisolatsiooni.\" \/>\n<meta name=\"robots\" content=\"index, follow, max-snippet:-1, max-image-preview:large, max-video-preview:-1\" \/>\n<link rel=\"canonical\" href=\"https:\/\/hutton.ee\/toode\/penosil-windowdoor-elastic-gunfoam-198-800ml\/\" \/>\n<meta property=\"og:locale\" content=\"en_US\" \/>\n<meta property=\"og:type\" content=\"article\" \/>\n<meta property=\"og:title\" content=\"Penosil Window&amp;Door Elastic Gunfoam 198, 800ml\" \/>\n<meta property=\"og:description\" content=\"Penosil Window&amp;Door Elastic Gunfoam 198 on p\u00fcstolivaht akende ja uste tihendamiseks. Sobib liikuvatele vuukidele, tagab hea soojus- ja heliisolatsiooni.\" \/>\n<meta property=\"og:url\" content=\"https:\/\/hutton.ee\/toode\/penosil-windowdoor-elastic-gunfoam-198-800ml\/\" \/>\n<meta property=\"og:site_name\" content=\"Hutton\" \/>\n<meta property=\"article:publisher\" content=\"https:\/\/www.facebook.com\/huttoneesti\" \/>\n<meta property=\"article:modified_time\" content=\"2025-12-12T14:19:52+00:00\" \/>\n<meta property=\"og:image\" content=\"https:\/\/hutton.ee\/wp-content\/uploads\/2024\/10\/Penosil-WindowDoor-Elastic-Gunfoam-198-1.png\" \/>\n\t<meta property=\"og:image:width\" content=\"500\" \/>\n\t<meta property=\"og:image:height\" content=\"500\" \/>\n\t<meta property=\"og:image:type\" content=\"image\/png\" \/>\n<meta name=\"twitter:card\" content=\"summary_large_image\" \/>\n<meta name=\"twitter:label1\" content=\"Est. reading time\" \/>\n\t<meta name=\"twitter:data1\" content=\"2 minutes\" \/>\n<script type=\"application\/ld+json\" class=\"yoast-schema-graph\">{\"@context\":\"https:\\\/\\\/schema.org\",\"@graph\":[{\"@type\":\"WebPage\",\"@id\":\"https:\\\/\\\/hutton.ee\\\/toode\\\/penosil-windowdoor-elastic-gunfoam-198-800ml\\\/\",\"url\":\"https:\\\/\\\/hutton.ee\\\/toode\\\/penosil-windowdoor-elastic-gunfoam-198-800ml\\\/\",\"name\":\"Penosil Window&Door Elastic Gunfoam 198, 800ml - Hutton\",\"isPartOf\":{\"@id\":\"https:\\\/\\\/hutton.ee\\\/#website\"},\"primaryImageOfPage\":{\"@id\":\"https:\\\/\\\/hutton.ee\\\/toode\\\/penosil-windowdoor-elastic-gunfoam-198-800ml\\\/#primaryimage\"},\"image\":{\"@id\":\"https:\\\/\\\/hutton.ee\\\/toode\\\/penosil-windowdoor-elastic-gunfoam-198-800ml\\\/#primaryimage\"},\"thumbnailUrl\":\"https:\\\/\\\/hutton.ee\\\/wp-content\\\/uploads\\\/2024\\\/10\\\/Penosil-WindowDoor-Elastic-Gunfoam-198-1.png\",\"datePublished\":\"2024-10-11T09:56:58+00:00\",\"dateModified\":\"2025-12-12T14:19:52+00:00\",\"description\":\"Penosil Window&Door Elastic Gunfoam 198 on p\u00fcstolivaht akende ja uste tihendamiseks. Sobib liikuvatele vuukidele, tagab hea soojus- ja heliisolatsiooni.\",\"breadcrumb\":{\"@id\":\"https:\\\/\\\/hutton.ee\\\/toode\\\/penosil-windowdoor-elastic-gunfoam-198-800ml\\\/#breadcrumb\"},\"inLanguage\":\"en-US\",\"potentialAction\":[{\"@type\":\"ReadAction\",\"target\":[\"https:\\\/\\\/hutton.ee\\\/toode\\\/penosil-windowdoor-elastic-gunfoam-198-800ml\\\/\"]}]},{\"@type\":\"ImageObject\",\"inLanguage\":\"en-US\",\"@id\":\"https:\\\/\\\/hutton.ee\\\/toode\\\/penosil-windowdoor-elastic-gunfoam-198-800ml\\\/#primaryimage\",\"url\":\"https:\\\/\\\/hutton.ee\\\/wp-content\\\/uploads\\\/2024\\\/10\\\/Penosil-WindowDoor-Elastic-Gunfoam-198-1.png\",\"contentUrl\":\"https:\\\/\\\/hutton.ee\\\/wp-content\\\/uploads\\\/2024\\\/10\\\/Penosil-WindowDoor-Elastic-Gunfoam-198-1.png\",\"width\":500,\"height\":500,\"caption\":\"Penosil Window&Door Elastic Gunfoam 198\"},{\"@type\":\"BreadcrumbList\",\"@id\":\"https:\\\/\\\/hutton.ee\\\/toode\\\/penosil-windowdoor-elastic-gunfoam-198-800ml\\\/#breadcrumb\",\"itemListElement\":[{\"@type\":\"ListItem\",\"position\":1,\"name\":\"Avaleht\",\"item\":\"https:\\\/\\\/hutton.ee\\\/\"},{\"@type\":\"ListItem\",\"position\":2,\"name\":\"Shop\",\"item\":\"https:\\\/\\\/hutton.ee\\\/en\\\/shop\\\/\"},{\"@type\":\"ListItem\",\"position\":3,\"name\":\"Penosil Window&#038;Door Elastic Gunfoam 198, 800ml\"}]},{\"@type\":\"WebSite\",\"@id\":\"https:\\\/\\\/hutton.ee\\\/#website\",\"url\":\"https:\\\/\\\/hutton.ee\\\/\",\"name\":\"Hutton\",\"description\":\"Ajas kestvad ehituslahendused\",\"publisher\":{\"@id\":\"https:\\\/\\\/hutton.ee\\\/#organization\"},\"potentialAction\":[{\"@type\":\"SearchAction\",\"target\":{\"@type\":\"EntryPoint\",\"urlTemplate\":\"https:\\\/\\\/hutton.ee\\\/?s={search_term_string}\"},\"query-input\":{\"@type\":\"PropertyValueSpecification\",\"valueRequired\":true,\"valueName\":\"search_term_string\"}}],\"inLanguage\":\"en-US\"},{\"@type\":\"Organization\",\"@id\":\"https:\\\/\\\/hutton.ee\\\/#organization\",\"name\":\"Hutton - KATUS | SEIN | FASSAAD\",\"url\":\"https:\\\/\\\/hutton.ee\\\/\",\"logo\":{\"@type\":\"ImageObject\",\"inLanguage\":\"en-US\",\"@id\":\"https:\\\/\\\/hutton.ee\\\/#\\\/schema\\\/logo\\\/image\\\/\",\"url\":\"https:\\\/\\\/hutton.ee\\\/wp-content\\\/uploads\\\/2020\\\/07\\\/hutton-logo_uuendatud-01.png\",\"contentUrl\":\"https:\\\/\\\/hutton.ee\\\/wp-content\\\/uploads\\\/2020\\\/07\\\/hutton-logo_uuendatud-01.png\",\"width\":1064,\"height\":455,\"caption\":\"Hutton - KATUS | SEIN | FASSAAD\"},\"image\":{\"@id\":\"https:\\\/\\\/hutton.ee\\\/#\\\/schema\\\/logo\\\/image\\\/\"},\"sameAs\":[\"https:\\\/\\\/www.facebook.com\\\/huttoneesti\"]}]}<\/script>\n<!-- \/ Yoast SEO Premium plugin. -->","yoast_head_json":{"title":"Penosil Window&Door Elastic Gunfoam 198, 800ml - Hutton","description":"Penosil Window&Door Elastic Gunfoam 198 on p\u00fcstolivaht akende ja uste tihendamiseks. Sobib liikuvatele vuukidele, tagab hea soojus- ja heliisolatsiooni.","robots":{"index":"index","follow":"follow","max-snippet":"max-snippet:-1","max-image-preview":"max-image-preview:large","max-video-preview":"max-video-preview:-1"},"canonical":"https:\/\/hutton.ee\/toode\/penosil-windowdoor-elastic-gunfoam-198-800ml\/","og_locale":"en_US","og_type":"article","og_title":"Penosil Window&Door Elastic Gunfoam 198, 800ml","og_description":"Penosil Window&Door Elastic Gunfoam 198 on p\u00fcstolivaht akende ja uste tihendamiseks. Sobib liikuvatele vuukidele, tagab hea soojus- ja heliisolatsiooni.","og_url":"https:\/\/hutton.ee\/toode\/penosil-windowdoor-elastic-gunfoam-198-800ml\/","og_site_name":"Hutton","article_publisher":"https:\/\/www.facebook.com\/huttoneesti","article_modified_time":"2025-12-12T14:19:52+00:00","og_image":[{"width":500,"height":500,"url":"https:\/\/hutton.ee\/wp-content\/uploads\/2024\/10\/Penosil-WindowDoor-Elastic-Gunfoam-198-1.png","type":"image\/png"}],"twitter_card":"summary_large_image","twitter_misc":{"Est. reading time":"2 minutes"},"schema":{"@context":"https:\/\/schema.org","@graph":[{"@type":"WebPage","@id":"https:\/\/hutton.ee\/toode\/penosil-windowdoor-elastic-gunfoam-198-800ml\/","url":"https:\/\/hutton.ee\/toode\/penosil-windowdoor-elastic-gunfoam-198-800ml\/","name":"Penosil Window&Door Elastic Gunfoam 198, 800ml - Hutton","isPartOf":{"@id":"https:\/\/hutton.ee\/#website"},"primaryImageOfPage":{"@id":"https:\/\/hutton.ee\/toode\/penosil-windowdoor-elastic-gunfoam-198-800ml\/#primaryimage"},"image":{"@id":"https:\/\/hutton.ee\/toode\/penosil-windowdoor-elastic-gunfoam-198-800ml\/#primaryimage"},"thumbnailUrl":"https:\/\/hutton.ee\/wp-content\/uploads\/2024\/10\/Penosil-WindowDoor-Elastic-Gunfoam-198-1.png","datePublished":"2024-10-11T09:56:58+00:00","dateModified":"2025-12-12T14:19:52+00:00","description":"Penosil Window&Door Elastic Gunfoam 198 on p\u00fcstolivaht akende ja uste tihendamiseks. Sobib liikuvatele vuukidele, tagab hea soojus- ja heliisolatsiooni.","breadcrumb":{"@id":"https:\/\/hutton.ee\/toode\/penosil-windowdoor-elastic-gunfoam-198-800ml\/#breadcrumb"},"inLanguage":"en-US","potentialAction":[{"@type":"ReadAction","target":["https:\/\/hutton.ee\/toode\/penosil-windowdoor-elastic-gunfoam-198-800ml\/"]}]},{"@type":"ImageObject","inLanguage":"en-US","@id":"https:\/\/hutton.ee\/toode\/penosil-windowdoor-elastic-gunfoam-198-800ml\/#primaryimage","url":"https:\/\/hutton.ee\/wp-content\/uploads\/2024\/10\/Penosil-WindowDoor-Elastic-Gunfoam-198-1.png","contentUrl":"https:\/\/hutton.ee\/wp-content\/uploads\/2024\/10\/Penosil-WindowDoor-Elastic-Gunfoam-198-1.png","width":500,"height":500,"caption":"Penosil Window&Door Elastic Gunfoam 198"},{"@type":"BreadcrumbList","@id":"https:\/\/hutton.ee\/toode\/penosil-windowdoor-elastic-gunfoam-198-800ml\/#breadcrumb","itemListElement":[{"@type":"ListItem","position":1,"name":"Avaleht","item":"https:\/\/hutton.ee\/"},{"@type":"ListItem","position":2,"name":"Shop","item":"https:\/\/hutton.ee\/en\/shop\/"},{"@type":"ListItem","position":3,"name":"Penosil Window&#038;Door Elastic Gunfoam 198, 800ml"}]},{"@type":"WebSite","@id":"https:\/\/hutton.ee\/#website","url":"https:\/\/hutton.ee\/","name":"Hutton","description":"Ajas kestvad ehituslahendused","publisher":{"@id":"https:\/\/hutton.ee\/#organization"},"potentialAction":[{"@type":"SearchAction","target":{"@type":"EntryPoint","urlTemplate":"https:\/\/hutton.ee\/?s={search_term_string}"},"query-input":{"@type":"PropertyValueSpecification","valueRequired":true,"valueName":"search_term_string"}}],"inLanguage":"en-US"},{"@type":"Organization","@id":"https:\/\/hutton.ee\/#organization","name":"Hutton - KATUS | SEIN | FASSAAD","url":"https:\/\/hutton.ee\/","logo":{"@type":"ImageObject","inLanguage":"en-US","@id":"https:\/\/hutton.ee\/#\/schema\/logo\/image\/","url":"https:\/\/hutton.ee\/wp-content\/uploads\/2020\/07\/hutton-logo_uuendatud-01.png","contentUrl":"https:\/\/hutton.ee\/wp-content\/uploads\/2020\/07\/hutton-logo_uuendatud-01.png","width":1064,"height":455,"caption":"Hutton - KATUS | SEIN | FASSAAD"},"image":{"@id":"https:\/\/hutton.ee\/#\/schema\/logo\/image\/"},"sameAs":["https:\/\/www.facebook.com\/huttoneesti"]}]}},"_links":{"self":[{"href":"https:\/\/hutton.ee\/en\/wp-json\/wp\/v2\/product\/21609","targetHints":{"allow":["GET"]}}],"collection":[{"href":"https:\/\/hutton.ee\/en\/wp-json\/wp\/v2\/product"}],"about":[{"href":"https:\/\/hutton.ee\/en\/wp-json\/wp\/v2\/types\/product"}],"wp:featuredmedia":[{"embeddable":true,"href":"https:\/\/hutton.ee\/en\/wp-json\/wp\/v2\/media\/26640"}],"wp:attachment":[{"href":"https:\/\/hutton.ee\/en\/wp-json\/wp\/v2\/media?parent=21609"}],"wp:term":[{"taxonomy":"product_brand","embeddable":true,"href":"https:\/\/hutton.ee\/en\/wp-json\/wp\/v2\/product_brand?post=21609"},{"taxonomy":"product_cat","embeddable":true,"href":"https:\/\/hutton.ee\/en\/wp-json\/wp\/v2\/product_cat?post=21609"},{"taxonomy":"product_tag","embeddable":true,"href":"https:\/\/hutton.ee\/en\/wp-json\/wp\/v2\/product_tag?post=21609"},{"taxonomy":"filtrisusteem","embeddable":true,"href":"https:\/\/hutton.ee\/en\/wp-json\/wp\/v2\/filtrisusteem?post=21609"},{"taxonomy":"kvaliteediklass","embeddable":true,"href":"https:\/\/hutton.ee\/en\/wp-json\/wp\/v2\/kvaliteediklass?post=21609"}],"curies":[{"name":"wp","href":"https:\/\/api.w.org\/{rel}","templated":true}]}}