{"id":21611,"date":"2024-10-11T09:57:50","date_gmt":"2024-10-11T09:57:50","guid":{"rendered":"https:\/\/hutton.ee\/?post_type=product&#038;p=21611"},"modified":"2026-04-23T12:07:05","modified_gmt":"2026-04-23T12:07:05","slug":"radoonitokke-mastiks-delta-than-310ml","status":"publish","type":"product","link":"https:\/\/hutton.ee\/en\/toode\/radoonitokke-mastiks-delta-than-310ml\/","title":{"rendered":"Radoonit\u00f5kke mastiks Delta-THAN, 310ml"},"content":{"rendered":"<p>Elastne spetsiaalsest kummist mastiks v\u00e4litingimustes kasutamiseks.<\/p>\n<p>DELTA\u00ae-THAN on ette n\u00e4htud radoonikilede ja aurut\u00f5kete tihendamiseks ja \u00fchendamiseks.<\/p>\n<p>Sobib ka teiste materjalide kinnitamiseks, nagu klaas, alumiinium, raud, puit, plastik, mitmesugused v\u00e4rvitud pinnad.<\/p>\n<p><strong>Vajadusel k\u00fcsi n\u00f5u:<\/strong><\/p>\n<p><strong>Neeme<\/strong> <a href=\"tel:5098168\">+372 509 8168<\/a> | <a href=\"mailto:neeme@hutton.ee\">neeme@hutton.ee<\/a><\/p>\n","protected":false},"excerpt":{"rendered":"<p><strong><a href=\"https:\/\/hutton.ee\/minu-konto\/\"><span style=\"color: #ff0000;\">Registreeru p\u00fcsikliendiks!<\/span><\/a><\/strong><\/p>\n","protected":false},"featured_media":24939,"template":"","meta":{"_gspb_post_css":"","_uf_show_specific_survey":0,"_uf_disable_surveys":false},"product_brand":[],"product_cat":[964,2282],"product_tag":[2907],"filtrisusteem":[],"kvaliteediklass":[],"class_list":{"0":"post-21611","1":"product","2":"type-product","3":"status-publish","4":"has-post-thumbnail","6":"product_cat-ehituskeemia","7":"product_cat-hermeetikud","8":"product_tag-25tk","10":"first","11":"instock","12":"taxable","13":"shipping-taxable","14":"purchasable","15":"product-type-simple"},"yoast_head":"<!-- This site is optimized with the Yoast SEO Premium plugin v21.3 (Yoast SEO v27.3) - https:\/\/yoast.com\/product\/yoast-seo-premium-wordpress\/ -->\n<title>Radoonit\u00f5kke mastiks Delta-THAN, 310ml - Hutton<\/title>\n<meta name=\"description\" content=\"DELTA\u00ae-THAN on elastne kummimastiks radoonikilede ja aurut\u00f5kete tihendamiseks v\u00e4litingimustes. Tagab tugeva nakke ja p\u00fcsiva \u00f5hutiheduse.\" \/>\n<meta name=\"robots\" content=\"index, follow, max-snippet:-1, max-image-preview:large, max-video-preview:-1\" \/>\n<link rel=\"canonical\" href=\"https:\/\/hutton.ee\/toode\/radoonitokke-mastiks-delta-than-310ml\/\" \/>\n<meta property=\"og:locale\" content=\"en_US\" \/>\n<meta property=\"og:type\" content=\"article\" \/>\n<meta property=\"og:title\" content=\"Radoonit\u00f5kke mastiks Delta-THAN, 310ml\" \/>\n<meta property=\"og:description\" content=\"DELTA\u00ae-THAN on elastne kummimastiks radoonikilede ja aurut\u00f5kete tihendamiseks v\u00e4litingimustes. Tagab tugeva nakke ja p\u00fcsiva \u00f5hutiheduse.\" \/>\n<meta property=\"og:url\" content=\"https:\/\/hutton.ee\/toode\/radoonitokke-mastiks-delta-than-310ml\/\" \/>\n<meta property=\"og:site_name\" content=\"Hutton\" \/>\n<meta property=\"article:publisher\" content=\"https:\/\/www.facebook.com\/huttoneesti\" \/>\n<meta property=\"article:modified_time\" content=\"2026-04-23T12:07:05+00:00\" \/>\n<meta property=\"og:image\" content=\"https:\/\/hutton.ee\/wp-content\/uploads\/2024\/10\/Radoonitokke-mastiks-Delta-THAN.png\" \/>\n\t<meta property=\"og:image:width\" content=\"496\" \/>\n\t<meta property=\"og:image:height\" content=\"496\" \/>\n\t<meta property=\"og:image:type\" content=\"image\/png\" \/>\n<meta name=\"twitter:card\" content=\"summary_large_image\" \/>\n<meta name=\"twitter:label1\" content=\"Est. reading time\" \/>\n\t<meta name=\"twitter:data1\" content=\"1 minute\" \/>\n<script type=\"application\/ld+json\" class=\"yoast-schema-graph\">{\"@context\":\"https:\\\/\\\/schema.org\",\"@graph\":[{\"@type\":\"WebPage\",\"@id\":\"https:\\\/\\\/hutton.ee\\\/toode\\\/radoonitokke-mastiks-delta-than-310ml\\\/\",\"url\":\"https:\\\/\\\/hutton.ee\\\/toode\\\/radoonitokke-mastiks-delta-than-310ml\\\/\",\"name\":\"Radoonit\u00f5kke mastiks Delta-THAN, 310ml - Hutton\",\"isPartOf\":{\"@id\":\"https:\\\/\\\/hutton.ee\\\/#website\"},\"primaryImageOfPage\":{\"@id\":\"https:\\\/\\\/hutton.ee\\\/toode\\\/radoonitokke-mastiks-delta-than-310ml\\\/#primaryimage\"},\"image\":{\"@id\":\"https:\\\/\\\/hutton.ee\\\/toode\\\/radoonitokke-mastiks-delta-than-310ml\\\/#primaryimage\"},\"thumbnailUrl\":\"https:\\\/\\\/hutton.ee\\\/wp-content\\\/uploads\\\/2024\\\/10\\\/Radoonitokke-mastiks-Delta-THAN.png\",\"datePublished\":\"2024-10-11T09:57:50+00:00\",\"dateModified\":\"2026-04-23T12:07:05+00:00\",\"description\":\"DELTA\u00ae-THAN on elastne kummimastiks radoonikilede ja aurut\u00f5kete tihendamiseks v\u00e4litingimustes. Tagab tugeva nakke ja p\u00fcsiva \u00f5hutiheduse.\",\"breadcrumb\":{\"@id\":\"https:\\\/\\\/hutton.ee\\\/toode\\\/radoonitokke-mastiks-delta-than-310ml\\\/#breadcrumb\"},\"inLanguage\":\"en-US\",\"potentialAction\":[{\"@type\":\"ReadAction\",\"target\":[\"https:\\\/\\\/hutton.ee\\\/toode\\\/radoonitokke-mastiks-delta-than-310ml\\\/\"]}]},{\"@type\":\"ImageObject\",\"inLanguage\":\"en-US\",\"@id\":\"https:\\\/\\\/hutton.ee\\\/toode\\\/radoonitokke-mastiks-delta-than-310ml\\\/#primaryimage\",\"url\":\"https:\\\/\\\/hutton.ee\\\/wp-content\\\/uploads\\\/2024\\\/10\\\/Radoonitokke-mastiks-Delta-THAN.png\",\"contentUrl\":\"https:\\\/\\\/hutton.ee\\\/wp-content\\\/uploads\\\/2024\\\/10\\\/Radoonitokke-mastiks-Delta-THAN.png\",\"width\":496,\"height\":496,\"caption\":\"Elastne spetsiaalsest kummist mastiks v\u00e4liseks kasutamiseks. DELTA\u00ae-THAN on ette n\u00e4htud radoonikilede ja aurut\u00f5kete tihendamiseks ja \u00fchendamiseks. Pakub maksimaalset tihedust v\u00e4litingimustes.\"},{\"@type\":\"BreadcrumbList\",\"@id\":\"https:\\\/\\\/hutton.ee\\\/toode\\\/radoonitokke-mastiks-delta-than-310ml\\\/#breadcrumb\",\"itemListElement\":[{\"@type\":\"ListItem\",\"position\":1,\"name\":\"Avaleht\",\"item\":\"https:\\\/\\\/hutton.ee\\\/\"},{\"@type\":\"ListItem\",\"position\":2,\"name\":\"Shop\",\"item\":\"https:\\\/\\\/hutton.ee\\\/en\\\/shop\\\/\"},{\"@type\":\"ListItem\",\"position\":3,\"name\":\"Radoonit\u00f5kke mastiks Delta-THAN, 310ml\"}]},{\"@type\":\"WebSite\",\"@id\":\"https:\\\/\\\/hutton.ee\\\/#website\",\"url\":\"https:\\\/\\\/hutton.ee\\\/\",\"name\":\"Hutton\",\"description\":\"Ajas kestvad ehituslahendused\",\"publisher\":{\"@id\":\"https:\\\/\\\/hutton.ee\\\/#organization\"},\"potentialAction\":[{\"@type\":\"SearchAction\",\"target\":{\"@type\":\"EntryPoint\",\"urlTemplate\":\"https:\\\/\\\/hutton.ee\\\/?s={search_term_string}\"},\"query-input\":{\"@type\":\"PropertyValueSpecification\",\"valueRequired\":true,\"valueName\":\"search_term_string\"}}],\"inLanguage\":\"en-US\"},{\"@type\":\"Organization\",\"@id\":\"https:\\\/\\\/hutton.ee\\\/#organization\",\"name\":\"Hutton - KATUS | SEIN | FASSAAD\",\"url\":\"https:\\\/\\\/hutton.ee\\\/\",\"logo\":{\"@type\":\"ImageObject\",\"inLanguage\":\"en-US\",\"@id\":\"https:\\\/\\\/hutton.ee\\\/#\\\/schema\\\/logo\\\/image\\\/\",\"url\":\"https:\\\/\\\/hutton.ee\\\/wp-content\\\/uploads\\\/2020\\\/07\\\/hutton-logo_uuendatud-01.png\",\"contentUrl\":\"https:\\\/\\\/hutton.ee\\\/wp-content\\\/uploads\\\/2020\\\/07\\\/hutton-logo_uuendatud-01.png\",\"width\":1064,\"height\":455,\"caption\":\"Hutton - KATUS | SEIN | FASSAAD\"},\"image\":{\"@id\":\"https:\\\/\\\/hutton.ee\\\/#\\\/schema\\\/logo\\\/image\\\/\"},\"sameAs\":[\"https:\\\/\\\/www.facebook.com\\\/huttoneesti\"]}]}<\/script>\n<!-- \/ Yoast SEO Premium plugin. -->","yoast_head_json":{"title":"Radoonit\u00f5kke mastiks Delta-THAN, 310ml - Hutton","description":"DELTA\u00ae-THAN on elastne kummimastiks radoonikilede ja aurut\u00f5kete tihendamiseks v\u00e4litingimustes. Tagab tugeva nakke ja p\u00fcsiva \u00f5hutiheduse.","robots":{"index":"index","follow":"follow","max-snippet":"max-snippet:-1","max-image-preview":"max-image-preview:large","max-video-preview":"max-video-preview:-1"},"canonical":"https:\/\/hutton.ee\/toode\/radoonitokke-mastiks-delta-than-310ml\/","og_locale":"en_US","og_type":"article","og_title":"Radoonit\u00f5kke mastiks Delta-THAN, 310ml","og_description":"DELTA\u00ae-THAN on elastne kummimastiks radoonikilede ja aurut\u00f5kete tihendamiseks v\u00e4litingimustes. Tagab tugeva nakke ja p\u00fcsiva \u00f5hutiheduse.","og_url":"https:\/\/hutton.ee\/toode\/radoonitokke-mastiks-delta-than-310ml\/","og_site_name":"Hutton","article_publisher":"https:\/\/www.facebook.com\/huttoneesti","article_modified_time":"2026-04-23T12:07:05+00:00","og_image":[{"width":496,"height":496,"url":"https:\/\/hutton.ee\/wp-content\/uploads\/2024\/10\/Radoonitokke-mastiks-Delta-THAN.png","type":"image\/png"}],"twitter_card":"summary_large_image","twitter_misc":{"Est. reading time":"1 minute"},"schema":{"@context":"https:\/\/schema.org","@graph":[{"@type":"WebPage","@id":"https:\/\/hutton.ee\/toode\/radoonitokke-mastiks-delta-than-310ml\/","url":"https:\/\/hutton.ee\/toode\/radoonitokke-mastiks-delta-than-310ml\/","name":"Radoonit\u00f5kke mastiks Delta-THAN, 310ml - Hutton","isPartOf":{"@id":"https:\/\/hutton.ee\/#website"},"primaryImageOfPage":{"@id":"https:\/\/hutton.ee\/toode\/radoonitokke-mastiks-delta-than-310ml\/#primaryimage"},"image":{"@id":"https:\/\/hutton.ee\/toode\/radoonitokke-mastiks-delta-than-310ml\/#primaryimage"},"thumbnailUrl":"https:\/\/hutton.ee\/wp-content\/uploads\/2024\/10\/Radoonitokke-mastiks-Delta-THAN.png","datePublished":"2024-10-11T09:57:50+00:00","dateModified":"2026-04-23T12:07:05+00:00","description":"DELTA\u00ae-THAN on elastne kummimastiks radoonikilede ja aurut\u00f5kete tihendamiseks v\u00e4litingimustes. Tagab tugeva nakke ja p\u00fcsiva \u00f5hutiheduse.","breadcrumb":{"@id":"https:\/\/hutton.ee\/toode\/radoonitokke-mastiks-delta-than-310ml\/#breadcrumb"},"inLanguage":"en-US","potentialAction":[{"@type":"ReadAction","target":["https:\/\/hutton.ee\/toode\/radoonitokke-mastiks-delta-than-310ml\/"]}]},{"@type":"ImageObject","inLanguage":"en-US","@id":"https:\/\/hutton.ee\/toode\/radoonitokke-mastiks-delta-than-310ml\/#primaryimage","url":"https:\/\/hutton.ee\/wp-content\/uploads\/2024\/10\/Radoonitokke-mastiks-Delta-THAN.png","contentUrl":"https:\/\/hutton.ee\/wp-content\/uploads\/2024\/10\/Radoonitokke-mastiks-Delta-THAN.png","width":496,"height":496,"caption":"Elastne spetsiaalsest kummist mastiks v\u00e4liseks kasutamiseks. DELTA\u00ae-THAN on ette n\u00e4htud radoonikilede ja aurut\u00f5kete tihendamiseks ja \u00fchendamiseks. Pakub maksimaalset tihedust v\u00e4litingimustes."},{"@type":"BreadcrumbList","@id":"https:\/\/hutton.ee\/toode\/radoonitokke-mastiks-delta-than-310ml\/#breadcrumb","itemListElement":[{"@type":"ListItem","position":1,"name":"Avaleht","item":"https:\/\/hutton.ee\/"},{"@type":"ListItem","position":2,"name":"Shop","item":"https:\/\/hutton.ee\/en\/shop\/"},{"@type":"ListItem","position":3,"name":"Radoonit\u00f5kke mastiks Delta-THAN, 310ml"}]},{"@type":"WebSite","@id":"https:\/\/hutton.ee\/#website","url":"https:\/\/hutton.ee\/","name":"Hutton","description":"Ajas kestvad ehituslahendused","publisher":{"@id":"https:\/\/hutton.ee\/#organization"},"potentialAction":[{"@type":"SearchAction","target":{"@type":"EntryPoint","urlTemplate":"https:\/\/hutton.ee\/?s={search_term_string}"},"query-input":{"@type":"PropertyValueSpecification","valueRequired":true,"valueName":"search_term_string"}}],"inLanguage":"en-US"},{"@type":"Organization","@id":"https:\/\/hutton.ee\/#organization","name":"Hutton - KATUS | SEIN | FASSAAD","url":"https:\/\/hutton.ee\/","logo":{"@type":"ImageObject","inLanguage":"en-US","@id":"https:\/\/hutton.ee\/#\/schema\/logo\/image\/","url":"https:\/\/hutton.ee\/wp-content\/uploads\/2020\/07\/hutton-logo_uuendatud-01.png","contentUrl":"https:\/\/hutton.ee\/wp-content\/uploads\/2020\/07\/hutton-logo_uuendatud-01.png","width":1064,"height":455,"caption":"Hutton - KATUS | SEIN | FASSAAD"},"image":{"@id":"https:\/\/hutton.ee\/#\/schema\/logo\/image\/"},"sameAs":["https:\/\/www.facebook.com\/huttoneesti"]}]}},"_links":{"self":[{"href":"https:\/\/hutton.ee\/en\/wp-json\/wp\/v2\/product\/21611","targetHints":{"allow":["GET"]}}],"collection":[{"href":"https:\/\/hutton.ee\/en\/wp-json\/wp\/v2\/product"}],"about":[{"href":"https:\/\/hutton.ee\/en\/wp-json\/wp\/v2\/types\/product"}],"wp:featuredmedia":[{"embeddable":true,"href":"https:\/\/hutton.ee\/en\/wp-json\/wp\/v2\/media\/24939"}],"wp:attachment":[{"href":"https:\/\/hutton.ee\/en\/wp-json\/wp\/v2\/media?parent=21611"}],"wp:term":[{"taxonomy":"product_brand","embeddable":true,"href":"https:\/\/hutton.ee\/en\/wp-json\/wp\/v2\/product_brand?post=21611"},{"taxonomy":"product_cat","embeddable":true,"href":"https:\/\/hutton.ee\/en\/wp-json\/wp\/v2\/product_cat?post=21611"},{"taxonomy":"product_tag","embeddable":true,"href":"https:\/\/hutton.ee\/en\/wp-json\/wp\/v2\/product_tag?post=21611"},{"taxonomy":"filtrisusteem","embeddable":true,"href":"https:\/\/hutton.ee\/en\/wp-json\/wp\/v2\/filtrisusteem?post=21611"},{"taxonomy":"kvaliteediklass","embeddable":true,"href":"https:\/\/hutton.ee\/en\/wp-json\/wp\/v2\/kvaliteediklass?post=21611"}],"curies":[{"name":"wp","href":"https:\/\/api.w.org\/{rel}","templated":true}]}}