{"id":21613,"date":"2024-10-11T09:59:08","date_gmt":"2024-10-11T09:59:08","guid":{"rendered":"https:\/\/hutton.ee\/?post_type=product&#038;p=21613"},"modified":"2025-12-12T14:46:11","modified_gmt":"2025-12-12T14:46:11","slug":"titaantsink-anthra-zinc-0-7-670mm-5-04-kg-m%c2%b2","status":"publish","type":"product","link":"https:\/\/hutton.ee\/en\/toode\/titaantsink-anthra-zinc-0-7-670mm-5-04-kg-m%c2%b2\/","title":{"rendered":"Titaantsink Anthra Zinc 0.7, 670mm, 5.04 kg\/m\u00b2"},"content":{"rendered":"<p><span data-sheets-root=\"1\">Titaantsink Anthra Zinc 0.7, 670mm, 5.04 kg\/m\u00b2.<\/span><\/p>\n<p data-start=\"36\" data-end=\"211\"><strong data-start=\"36\" data-end=\"51\">ANTHRA-ZINC<\/strong> on esimene eelvanandatud must tsink. See pakub ainulaadset VMZINC kivi meenutavat viimistlust, mis sobitub erinevate materjalidega, n\u00e4iteks musta kiltkiviga.<\/p>\n<p data-start=\"213\" data-end=\"418\">See eelvanandamise protsess h\u00f5lmab loodusliku tsingi pinnat\u00f6\u00f6tlust. <strong data-start=\"281\" data-end=\"296\">ANTHRA-ZINC<\/strong> ei ole v\u00e4rvitud toode, mist\u00f5ttu partiidevahelised v\u00e4rvierinevused loovad tahtlikult kivilaadse v\u00e4limuse, mitte metalse.<\/p>\n<p data-start=\"420\" data-end=\"717\">Nii nagu loodusliku tsingi puhul, v\u00f5ib <strong data-start=\"459\" data-end=\"474\">ANTHRA-ZINC<\/strong> s\u00f5ltuvalt paigaldust\u00fc\u00fcbist, ilmastikule avatusest ja geograafilistest tingimustest aja jooksul aeglaselt ja j\u00e4rk-j\u00e4rgult heledamaks muutuda, saavutades tumehalli tooni. Pinnapealsed kriimustused ja j\u00e4ljed kaetakse loodusliku halli patinaga.<\/p>\n<p data-start=\"719\" data-end=\"932\">Tulenevalt <strong data-start=\"730\" data-end=\"745\">ANTHRA-ZINC<\/strong> erip\u00e4rast v\u00f5ivad valged j\u00e4ljed, mis tekivad pindadel, mis ei ole vihmale avatud ega regulaarselt loputatud, olla n\u00e4htavamad. Kuid sellised pindmised j\u00e4ljed ei v\u00e4henda materjali eluiga.<\/p>\n<p data-start=\"934\" data-end=\"1071\">K\u00f5ik <strong data-start=\"939\" data-end=\"954\">ANTHRA-ZINC<\/strong> materjalid tarnitakse eemaldatava kaitsekilega, et v\u00e4hendada s\u00f5rmej\u00e4lgede, kriimustuste ja saaste tekkimise riski.<\/p>\n","protected":false},"excerpt":{"rendered":"<p><span style=\"color: #800000;\"><strong>Tootel m\u00e4rgitud hind on m\u00b2 hind!<\/strong><\/span><\/p>\n","protected":false},"featured_media":27635,"template":"","meta":{"_gspb_post_css":"","_uf_show_specific_survey":0,"_uf_disable_surveys":false},"product_brand":[],"product_cat":[1989],"product_tag":[],"filtrisusteem":[],"kvaliteediklass":[],"class_list":{"0":"post-21613","1":"product","2":"type-product","3":"status-publish","4":"has-post-thumbnail","6":"product_cat-katusekatted","8":"first","9":"instock","10":"taxable","11":"shipping-taxable","12":"purchasable","13":"product-type-simple"},"yoast_head":"<!-- This site is optimized with the Yoast SEO Premium plugin v21.3 (Yoast SEO v27.3) - https:\/\/yoast.com\/product\/yoast-seo-premium-wordpress\/ -->\n<title>Titaantsink Anthra Zinc 0.7, 670mm, 5.04 kg\/m\u00b2 - Hutton<\/title>\n<meta name=\"description\" content=\"Anthra Zinc titaantsink 0.7 mm on eelvanandatud must tsink kivi meenutava viimistlusega, sobides ideaalselt katuste ja fassaadide lahenduseks.\" \/>\n<meta name=\"robots\" content=\"index, follow, max-snippet:-1, max-image-preview:large, max-video-preview:-1\" \/>\n<link rel=\"canonical\" href=\"https:\/\/hutton.ee\/toode\/titaantsink-anthra-zinc-0-7-670mm-5-04-kg-m\u00b2\/\" \/>\n<meta property=\"og:locale\" content=\"en_US\" \/>\n<meta property=\"og:type\" content=\"article\" \/>\n<meta property=\"og:title\" content=\"Titaantsink Anthra Zinc 0.7, 670mm, 5.04 kg\/m\u00b2\" \/>\n<meta property=\"og:description\" content=\"Anthra Zinc titaantsink 0.7 mm on eelvanandatud must tsink kivi meenutava viimistlusega, sobides ideaalselt katuste ja fassaadide lahenduseks.\" \/>\n<meta property=\"og:url\" content=\"https:\/\/hutton.ee\/toode\/titaantsink-anthra-zinc-0-7-670mm-5-04-kg-m\u00b2\/\" \/>\n<meta property=\"og:site_name\" content=\"Hutton\" \/>\n<meta property=\"article:publisher\" content=\"https:\/\/www.facebook.com\/huttoneesti\" \/>\n<meta property=\"article:modified_time\" content=\"2025-12-12T14:46:11+00:00\" \/>\n<meta property=\"og:image\" content=\"https:\/\/hutton.ee\/wp-content\/uploads\/2024\/10\/vmzinc-anthra-zinc.webp\" \/>\n\t<meta property=\"og:image:width\" content=\"512\" \/>\n\t<meta property=\"og:image:height\" content=\"512\" \/>\n\t<meta property=\"og:image:type\" content=\"image\/webp\" \/>\n<meta name=\"twitter:card\" content=\"summary_large_image\" \/>\n<meta name=\"twitter:label1\" content=\"Est. reading time\" \/>\n\t<meta name=\"twitter:data1\" content=\"1 minute\" \/>\n<script type=\"application\/ld+json\" class=\"yoast-schema-graph\">{\"@context\":\"https:\\\/\\\/schema.org\",\"@graph\":[{\"@type\":\"WebPage\",\"@id\":\"https:\\\/\\\/hutton.ee\\\/toode\\\/titaantsink-anthra-zinc-0-7-670mm-5-04-kg-m%c2%b2\\\/\",\"url\":\"https:\\\/\\\/hutton.ee\\\/toode\\\/titaantsink-anthra-zinc-0-7-670mm-5-04-kg-m%c2%b2\\\/\",\"name\":\"Titaantsink Anthra Zinc 0.7, 670mm, 5.04 kg\\\/m\u00b2 - Hutton\",\"isPartOf\":{\"@id\":\"https:\\\/\\\/hutton.ee\\\/#website\"},\"primaryImageOfPage\":{\"@id\":\"https:\\\/\\\/hutton.ee\\\/toode\\\/titaantsink-anthra-zinc-0-7-670mm-5-04-kg-m%c2%b2\\\/#primaryimage\"},\"image\":{\"@id\":\"https:\\\/\\\/hutton.ee\\\/toode\\\/titaantsink-anthra-zinc-0-7-670mm-5-04-kg-m%c2%b2\\\/#primaryimage\"},\"thumbnailUrl\":\"https:\\\/\\\/hutton.ee\\\/wp-content\\\/uploads\\\/2024\\\/10\\\/vmzinc-anthra-zinc.webp\",\"datePublished\":\"2024-10-11T09:59:08+00:00\",\"dateModified\":\"2025-12-12T14:46:11+00:00\",\"description\":\"Anthra Zinc titaantsink 0.7 mm on eelvanandatud must tsink kivi meenutava viimistlusega, sobides ideaalselt katuste ja fassaadide lahenduseks.\",\"breadcrumb\":{\"@id\":\"https:\\\/\\\/hutton.ee\\\/toode\\\/titaantsink-anthra-zinc-0-7-670mm-5-04-kg-m%c2%b2\\\/#breadcrumb\"},\"inLanguage\":\"en-US\",\"potentialAction\":[{\"@type\":\"ReadAction\",\"target\":[\"https:\\\/\\\/hutton.ee\\\/toode\\\/titaantsink-anthra-zinc-0-7-670mm-5-04-kg-m%c2%b2\\\/\"]}]},{\"@type\":\"ImageObject\",\"inLanguage\":\"en-US\",\"@id\":\"https:\\\/\\\/hutton.ee\\\/toode\\\/titaantsink-anthra-zinc-0-7-670mm-5-04-kg-m%c2%b2\\\/#primaryimage\",\"url\":\"https:\\\/\\\/hutton.ee\\\/wp-content\\\/uploads\\\/2024\\\/10\\\/vmzinc-anthra-zinc.webp\",\"contentUrl\":\"https:\\\/\\\/hutton.ee\\\/wp-content\\\/uploads\\\/2024\\\/10\\\/vmzinc-anthra-zinc.webp\",\"width\":512,\"height\":512,\"caption\":\"vmzinc anthra\"},{\"@type\":\"BreadcrumbList\",\"@id\":\"https:\\\/\\\/hutton.ee\\\/toode\\\/titaantsink-anthra-zinc-0-7-670mm-5-04-kg-m%c2%b2\\\/#breadcrumb\",\"itemListElement\":[{\"@type\":\"ListItem\",\"position\":1,\"name\":\"Avaleht\",\"item\":\"https:\\\/\\\/hutton.ee\\\/\"},{\"@type\":\"ListItem\",\"position\":2,\"name\":\"Shop\",\"item\":\"https:\\\/\\\/hutton.ee\\\/en\\\/shop\\\/\"},{\"@type\":\"ListItem\",\"position\":3,\"name\":\"Titaantsink Anthra Zinc 0.7, 670mm, 5.04 kg\\\/m\u00b2\"}]},{\"@type\":\"WebSite\",\"@id\":\"https:\\\/\\\/hutton.ee\\\/#website\",\"url\":\"https:\\\/\\\/hutton.ee\\\/\",\"name\":\"Hutton\",\"description\":\"Ajas kestvad ehituslahendused\",\"publisher\":{\"@id\":\"https:\\\/\\\/hutton.ee\\\/#organization\"},\"potentialAction\":[{\"@type\":\"SearchAction\",\"target\":{\"@type\":\"EntryPoint\",\"urlTemplate\":\"https:\\\/\\\/hutton.ee\\\/?s={search_term_string}\"},\"query-input\":{\"@type\":\"PropertyValueSpecification\",\"valueRequired\":true,\"valueName\":\"search_term_string\"}}],\"inLanguage\":\"en-US\"},{\"@type\":\"Organization\",\"@id\":\"https:\\\/\\\/hutton.ee\\\/#organization\",\"name\":\"Hutton - KATUS | SEIN | FASSAAD\",\"url\":\"https:\\\/\\\/hutton.ee\\\/\",\"logo\":{\"@type\":\"ImageObject\",\"inLanguage\":\"en-US\",\"@id\":\"https:\\\/\\\/hutton.ee\\\/#\\\/schema\\\/logo\\\/image\\\/\",\"url\":\"https:\\\/\\\/hutton.ee\\\/wp-content\\\/uploads\\\/2020\\\/07\\\/hutton-logo_uuendatud-01.png\",\"contentUrl\":\"https:\\\/\\\/hutton.ee\\\/wp-content\\\/uploads\\\/2020\\\/07\\\/hutton-logo_uuendatud-01.png\",\"width\":1064,\"height\":455,\"caption\":\"Hutton - KATUS | SEIN | FASSAAD\"},\"image\":{\"@id\":\"https:\\\/\\\/hutton.ee\\\/#\\\/schema\\\/logo\\\/image\\\/\"},\"sameAs\":[\"https:\\\/\\\/www.facebook.com\\\/huttoneesti\"]}]}<\/script>\n<!-- \/ Yoast SEO Premium plugin. -->","yoast_head_json":{"title":"Titaantsink Anthra Zinc 0.7, 670mm, 5.04 kg\/m\u00b2 - Hutton","description":"Anthra Zinc titaantsink 0.7 mm on eelvanandatud must tsink kivi meenutava viimistlusega, sobides ideaalselt katuste ja fassaadide lahenduseks.","robots":{"index":"index","follow":"follow","max-snippet":"max-snippet:-1","max-image-preview":"max-image-preview:large","max-video-preview":"max-video-preview:-1"},"canonical":"https:\/\/hutton.ee\/toode\/titaantsink-anthra-zinc-0-7-670mm-5-04-kg-m\u00b2\/","og_locale":"en_US","og_type":"article","og_title":"Titaantsink Anthra Zinc 0.7, 670mm, 5.04 kg\/m\u00b2","og_description":"Anthra Zinc titaantsink 0.7 mm on eelvanandatud must tsink kivi meenutava viimistlusega, sobides ideaalselt katuste ja fassaadide lahenduseks.","og_url":"https:\/\/hutton.ee\/toode\/titaantsink-anthra-zinc-0-7-670mm-5-04-kg-m\u00b2\/","og_site_name":"Hutton","article_publisher":"https:\/\/www.facebook.com\/huttoneesti","article_modified_time":"2025-12-12T14:46:11+00:00","og_image":[{"width":512,"height":512,"url":"https:\/\/hutton.ee\/wp-content\/uploads\/2024\/10\/vmzinc-anthra-zinc.webp","type":"image\/webp"}],"twitter_card":"summary_large_image","twitter_misc":{"Est. reading time":"1 minute"},"schema":{"@context":"https:\/\/schema.org","@graph":[{"@type":"WebPage","@id":"https:\/\/hutton.ee\/toode\/titaantsink-anthra-zinc-0-7-670mm-5-04-kg-m%c2%b2\/","url":"https:\/\/hutton.ee\/toode\/titaantsink-anthra-zinc-0-7-670mm-5-04-kg-m%c2%b2\/","name":"Titaantsink Anthra Zinc 0.7, 670mm, 5.04 kg\/m\u00b2 - Hutton","isPartOf":{"@id":"https:\/\/hutton.ee\/#website"},"primaryImageOfPage":{"@id":"https:\/\/hutton.ee\/toode\/titaantsink-anthra-zinc-0-7-670mm-5-04-kg-m%c2%b2\/#primaryimage"},"image":{"@id":"https:\/\/hutton.ee\/toode\/titaantsink-anthra-zinc-0-7-670mm-5-04-kg-m%c2%b2\/#primaryimage"},"thumbnailUrl":"https:\/\/hutton.ee\/wp-content\/uploads\/2024\/10\/vmzinc-anthra-zinc.webp","datePublished":"2024-10-11T09:59:08+00:00","dateModified":"2025-12-12T14:46:11+00:00","description":"Anthra Zinc titaantsink 0.7 mm on eelvanandatud must tsink kivi meenutava viimistlusega, sobides ideaalselt katuste ja fassaadide lahenduseks.","breadcrumb":{"@id":"https:\/\/hutton.ee\/toode\/titaantsink-anthra-zinc-0-7-670mm-5-04-kg-m%c2%b2\/#breadcrumb"},"inLanguage":"en-US","potentialAction":[{"@type":"ReadAction","target":["https:\/\/hutton.ee\/toode\/titaantsink-anthra-zinc-0-7-670mm-5-04-kg-m%c2%b2\/"]}]},{"@type":"ImageObject","inLanguage":"en-US","@id":"https:\/\/hutton.ee\/toode\/titaantsink-anthra-zinc-0-7-670mm-5-04-kg-m%c2%b2\/#primaryimage","url":"https:\/\/hutton.ee\/wp-content\/uploads\/2024\/10\/vmzinc-anthra-zinc.webp","contentUrl":"https:\/\/hutton.ee\/wp-content\/uploads\/2024\/10\/vmzinc-anthra-zinc.webp","width":512,"height":512,"caption":"vmzinc anthra"},{"@type":"BreadcrumbList","@id":"https:\/\/hutton.ee\/toode\/titaantsink-anthra-zinc-0-7-670mm-5-04-kg-m%c2%b2\/#breadcrumb","itemListElement":[{"@type":"ListItem","position":1,"name":"Avaleht","item":"https:\/\/hutton.ee\/"},{"@type":"ListItem","position":2,"name":"Shop","item":"https:\/\/hutton.ee\/en\/shop\/"},{"@type":"ListItem","position":3,"name":"Titaantsink Anthra Zinc 0.7, 670mm, 5.04 kg\/m\u00b2"}]},{"@type":"WebSite","@id":"https:\/\/hutton.ee\/#website","url":"https:\/\/hutton.ee\/","name":"Hutton","description":"Ajas kestvad ehituslahendused","publisher":{"@id":"https:\/\/hutton.ee\/#organization"},"potentialAction":[{"@type":"SearchAction","target":{"@type":"EntryPoint","urlTemplate":"https:\/\/hutton.ee\/?s={search_term_string}"},"query-input":{"@type":"PropertyValueSpecification","valueRequired":true,"valueName":"search_term_string"}}],"inLanguage":"en-US"},{"@type":"Organization","@id":"https:\/\/hutton.ee\/#organization","name":"Hutton - KATUS | SEIN | FASSAAD","url":"https:\/\/hutton.ee\/","logo":{"@type":"ImageObject","inLanguage":"en-US","@id":"https:\/\/hutton.ee\/#\/schema\/logo\/image\/","url":"https:\/\/hutton.ee\/wp-content\/uploads\/2020\/07\/hutton-logo_uuendatud-01.png","contentUrl":"https:\/\/hutton.ee\/wp-content\/uploads\/2020\/07\/hutton-logo_uuendatud-01.png","width":1064,"height":455,"caption":"Hutton - KATUS | SEIN | FASSAAD"},"image":{"@id":"https:\/\/hutton.ee\/#\/schema\/logo\/image\/"},"sameAs":["https:\/\/www.facebook.com\/huttoneesti"]}]}},"_links":{"self":[{"href":"https:\/\/hutton.ee\/en\/wp-json\/wp\/v2\/product\/21613","targetHints":{"allow":["GET"]}}],"collection":[{"href":"https:\/\/hutton.ee\/en\/wp-json\/wp\/v2\/product"}],"about":[{"href":"https:\/\/hutton.ee\/en\/wp-json\/wp\/v2\/types\/product"}],"wp:featuredmedia":[{"embeddable":true,"href":"https:\/\/hutton.ee\/en\/wp-json\/wp\/v2\/media\/27635"}],"wp:attachment":[{"href":"https:\/\/hutton.ee\/en\/wp-json\/wp\/v2\/media?parent=21613"}],"wp:term":[{"taxonomy":"product_brand","embeddable":true,"href":"https:\/\/hutton.ee\/en\/wp-json\/wp\/v2\/product_brand?post=21613"},{"taxonomy":"product_cat","embeddable":true,"href":"https:\/\/hutton.ee\/en\/wp-json\/wp\/v2\/product_cat?post=21613"},{"taxonomy":"product_tag","embeddable":true,"href":"https:\/\/hutton.ee\/en\/wp-json\/wp\/v2\/product_tag?post=21613"},{"taxonomy":"filtrisusteem","embeddable":true,"href":"https:\/\/hutton.ee\/en\/wp-json\/wp\/v2\/filtrisusteem?post=21613"},{"taxonomy":"kvaliteediklass","embeddable":true,"href":"https:\/\/hutton.ee\/en\/wp-json\/wp\/v2\/kvaliteediklass?post=21613"}],"curies":[{"name":"wp","href":"https:\/\/api.w.org\/{rel}","templated":true}]}}