{"id":21619,"date":"2024-10-11T10:02:51","date_gmt":"2024-10-11T10:02:51","guid":{"rendered":"https:\/\/hutton.ee\/?post_type=product&#038;p=21619"},"modified":"2025-08-25T13:00:21","modified_gmt":"2025-08-25T13:00:21","slug":"titaantsink-natural-zinc-0-7-600mm-5-04-kg-m%c2%b2","status":"publish","type":"product","link":"https:\/\/hutton.ee\/en\/toode\/titaantsink-natural-zinc-0-7-600mm-5-04-kg-m%c2%b2\/","title":{"rendered":"Titaantsink Natural Zinc 0.7, 600mm, 5.04 kg\/m\u00b2"},"content":{"rendered":"<p><span data-sheets-root=\"1\">Titaantsink Natural Zinc 0.7, 600mm, 5.04 kg\/m\u00b2.<\/span><\/p>\n<p data-start=\"187\" data-end=\"435\">Looduslik tsink paistab silma oma l\u00e4ikiva h\u00f5bedase pinnaga, mis aja jooksul muutub kauniks halliks patinaks. Patina ei ole pelgalt esteetiline, vaid loob tsingile loomuliku kaitsekihi, mis tagab materjali pika eluea ja minimaalse hooldusvajaduse.<\/p>\n<ul data-start=\"437\" data-end=\"796\">\n<li data-start=\"437\" data-end=\"519\">\n<p data-start=\"439\" data-end=\"519\"><strong data-start=\"439\" data-end=\"461\">Ainulaadne v\u00e4limus<\/strong> \u2013 l\u00e4ikiv pind, mis muutub aastate jooksul matt-halliks.<\/p>\n<\/li>\n<li data-start=\"520\" data-end=\"599\">\n<p data-start=\"522\" data-end=\"599\"><strong data-start=\"522\" data-end=\"542\">Looduslik kaitse<\/strong> \u2013 patina hoiab \u00e4ra korrosiooni ja tagab vastupidavuse.<\/p>\n<\/li>\n<li data-start=\"600\" data-end=\"693\">\n<p data-start=\"602\" data-end=\"693\"><strong data-start=\"602\" data-end=\"617\">Pikaealisus<\/strong> \u2013 \u00f5igesti paigaldatud tsingikatused ja -fassaadid kestavad \u00fcle 100 aasta.<\/p>\n<\/li>\n<li data-start=\"694\" data-end=\"796\">\n<p data-start=\"696\" data-end=\"796\"><strong data-start=\"696\" data-end=\"719\">Mitmek\u00fclgne kasutus<\/strong> \u2013 sobib katustele, fassaadidele ja erinevatesse arhitektuurilahendustesse.<\/p>\n<\/li>\n<\/ul>\n<p data-start=\"798\" data-end=\"1038\">VMZINC\u00ae looduslik tsink on usaldusv\u00e4\u00e4rne ja ajatu lahendus, mida on Euroopas kasutatud juba \u00fcle sajandi. See \u00fchendab endas esteetika, tugevuse ja vastupidavuse, muutes iga hoone arhitektuurselt silmapaistvaks ja tehniliselt vastupidavaks.<\/p>\n","protected":false},"excerpt":{"rendered":"<p><span style=\"color: #800000;\"><strong>Tootel m\u00e4rgitud hind on m\u00b2 hind!<\/strong><\/span><\/p>\n","protected":false},"featured_media":27639,"template":"","meta":{"_gspb_post_css":"","_uf_show_specific_survey":0,"_uf_disable_surveys":false},"product_brand":[],"product_cat":[1989],"product_tag":[],"filtrisusteem":[],"kvaliteediklass":[],"class_list":{"0":"post-21619","1":"product","2":"type-product","3":"status-publish","4":"has-post-thumbnail","6":"product_cat-katusekatted","8":"first","9":"instock","10":"taxable","11":"shipping-taxable","12":"purchasable","13":"product-type-simple"},"yoast_head":"<!-- This site is optimized with the Yoast SEO Premium plugin v21.3 (Yoast SEO v27.3) - https:\/\/yoast.com\/product\/yoast-seo-premium-wordpress\/ -->\n<title>Titaantsink Natural Zinc 0.7, 600mm, 5.04 kg\/m\u00b2 - Hutton<\/title>\n<meta name=\"robots\" content=\"index, follow, max-snippet:-1, max-image-preview:large, max-video-preview:-1\" \/>\n<link rel=\"canonical\" href=\"https:\/\/hutton.ee\/toode\/titaantsink-natural-zinc-0-7-600mm-5-04-kg-m\u00b2\/\" \/>\n<meta property=\"og:locale\" content=\"en_US\" \/>\n<meta property=\"og:type\" content=\"article\" \/>\n<meta property=\"og:title\" content=\"Titaantsink Natural Zinc 0.7, 600mm, 5.04 kg\/m\u00b2\" \/>\n<meta property=\"og:description\" content=\"Tootel m\u00e4rgitud hind on m\u00b2 hind!\" \/>\n<meta property=\"og:url\" content=\"https:\/\/hutton.ee\/toode\/titaantsink-natural-zinc-0-7-600mm-5-04-kg-m\u00b2\/\" \/>\n<meta property=\"og:site_name\" content=\"Hutton\" \/>\n<meta property=\"article:publisher\" content=\"https:\/\/www.facebook.com\/huttoneesti\" \/>\n<meta property=\"article:modified_time\" content=\"2025-08-25T13:00:21+00:00\" \/>\n<meta property=\"og:image\" content=\"https:\/\/hutton.ee\/wp-content\/uploads\/2024\/10\/Natural_zinc.jpeg\" \/>\n\t<meta property=\"og:image:width\" content=\"962\" \/>\n\t<meta property=\"og:image:height\" content=\"541\" \/>\n\t<meta property=\"og:image:type\" content=\"image\/jpeg\" \/>\n<meta name=\"twitter:card\" content=\"summary_large_image\" \/>\n<meta name=\"twitter:label1\" content=\"Est. reading time\" \/>\n\t<meta name=\"twitter:data1\" content=\"1 minute\" \/>\n<script type=\"application\/ld+json\" class=\"yoast-schema-graph\">{\"@context\":\"https:\\\/\\\/schema.org\",\"@graph\":[{\"@type\":\"WebPage\",\"@id\":\"https:\\\/\\\/hutton.ee\\\/toode\\\/titaantsink-natural-zinc-0-7-600mm-5-04-kg-m%c2%b2\\\/\",\"url\":\"https:\\\/\\\/hutton.ee\\\/toode\\\/titaantsink-natural-zinc-0-7-600mm-5-04-kg-m%c2%b2\\\/\",\"name\":\"Titaantsink Natural Zinc 0.7, 600mm, 5.04 kg\\\/m\u00b2 - Hutton\",\"isPartOf\":{\"@id\":\"https:\\\/\\\/hutton.ee\\\/#website\"},\"primaryImageOfPage\":{\"@id\":\"https:\\\/\\\/hutton.ee\\\/toode\\\/titaantsink-natural-zinc-0-7-600mm-5-04-kg-m%c2%b2\\\/#primaryimage\"},\"image\":{\"@id\":\"https:\\\/\\\/hutton.ee\\\/toode\\\/titaantsink-natural-zinc-0-7-600mm-5-04-kg-m%c2%b2\\\/#primaryimage\"},\"thumbnailUrl\":\"https:\\\/\\\/hutton.ee\\\/wp-content\\\/uploads\\\/2024\\\/10\\\/Natural_zinc.jpeg\",\"datePublished\":\"2024-10-11T10:02:51+00:00\",\"dateModified\":\"2025-08-25T13:00:21+00:00\",\"breadcrumb\":{\"@id\":\"https:\\\/\\\/hutton.ee\\\/toode\\\/titaantsink-natural-zinc-0-7-600mm-5-04-kg-m%c2%b2\\\/#breadcrumb\"},\"inLanguage\":\"en-US\",\"potentialAction\":[{\"@type\":\"ReadAction\",\"target\":[\"https:\\\/\\\/hutton.ee\\\/toode\\\/titaantsink-natural-zinc-0-7-600mm-5-04-kg-m%c2%b2\\\/\"]}]},{\"@type\":\"ImageObject\",\"inLanguage\":\"en-US\",\"@id\":\"https:\\\/\\\/hutton.ee\\\/toode\\\/titaantsink-natural-zinc-0-7-600mm-5-04-kg-m%c2%b2\\\/#primaryimage\",\"url\":\"https:\\\/\\\/hutton.ee\\\/wp-content\\\/uploads\\\/2024\\\/10\\\/Natural_zinc.jpeg\",\"contentUrl\":\"https:\\\/\\\/hutton.ee\\\/wp-content\\\/uploads\\\/2024\\\/10\\\/Natural_zinc.jpeg\",\"width\":962,\"height\":541,\"caption\":\"titaantsink natural zinc\"},{\"@type\":\"BreadcrumbList\",\"@id\":\"https:\\\/\\\/hutton.ee\\\/toode\\\/titaantsink-natural-zinc-0-7-600mm-5-04-kg-m%c2%b2\\\/#breadcrumb\",\"itemListElement\":[{\"@type\":\"ListItem\",\"position\":1,\"name\":\"Avaleht\",\"item\":\"https:\\\/\\\/hutton.ee\\\/\"},{\"@type\":\"ListItem\",\"position\":2,\"name\":\"Shop\",\"item\":\"https:\\\/\\\/hutton.ee\\\/en\\\/shop\\\/\"},{\"@type\":\"ListItem\",\"position\":3,\"name\":\"Titaantsink Natural Zinc 0.7, 600mm, 5.04 kg\\\/m\u00b2\"}]},{\"@type\":\"WebSite\",\"@id\":\"https:\\\/\\\/hutton.ee\\\/#website\",\"url\":\"https:\\\/\\\/hutton.ee\\\/\",\"name\":\"Hutton\",\"description\":\"Ajas kestvad ehituslahendused\",\"publisher\":{\"@id\":\"https:\\\/\\\/hutton.ee\\\/#organization\"},\"potentialAction\":[{\"@type\":\"SearchAction\",\"target\":{\"@type\":\"EntryPoint\",\"urlTemplate\":\"https:\\\/\\\/hutton.ee\\\/?s={search_term_string}\"},\"query-input\":{\"@type\":\"PropertyValueSpecification\",\"valueRequired\":true,\"valueName\":\"search_term_string\"}}],\"inLanguage\":\"en-US\"},{\"@type\":\"Organization\",\"@id\":\"https:\\\/\\\/hutton.ee\\\/#organization\",\"name\":\"Hutton - KATUS | SEIN | FASSAAD\",\"url\":\"https:\\\/\\\/hutton.ee\\\/\",\"logo\":{\"@type\":\"ImageObject\",\"inLanguage\":\"en-US\",\"@id\":\"https:\\\/\\\/hutton.ee\\\/#\\\/schema\\\/logo\\\/image\\\/\",\"url\":\"https:\\\/\\\/hutton.ee\\\/wp-content\\\/uploads\\\/2020\\\/07\\\/hutton-logo_uuendatud-01.png\",\"contentUrl\":\"https:\\\/\\\/hutton.ee\\\/wp-content\\\/uploads\\\/2020\\\/07\\\/hutton-logo_uuendatud-01.png\",\"width\":1064,\"height\":455,\"caption\":\"Hutton - KATUS | SEIN | FASSAAD\"},\"image\":{\"@id\":\"https:\\\/\\\/hutton.ee\\\/#\\\/schema\\\/logo\\\/image\\\/\"},\"sameAs\":[\"https:\\\/\\\/www.facebook.com\\\/huttoneesti\"]}]}<\/script>\n<!-- \/ Yoast SEO Premium plugin. -->","yoast_head_json":{"title":"Titaantsink Natural Zinc 0.7, 600mm, 5.04 kg\/m\u00b2 - Hutton","robots":{"index":"index","follow":"follow","max-snippet":"max-snippet:-1","max-image-preview":"max-image-preview:large","max-video-preview":"max-video-preview:-1"},"canonical":"https:\/\/hutton.ee\/toode\/titaantsink-natural-zinc-0-7-600mm-5-04-kg-m\u00b2\/","og_locale":"en_US","og_type":"article","og_title":"Titaantsink Natural Zinc 0.7, 600mm, 5.04 kg\/m\u00b2","og_description":"Tootel m\u00e4rgitud hind on m\u00b2 hind!","og_url":"https:\/\/hutton.ee\/toode\/titaantsink-natural-zinc-0-7-600mm-5-04-kg-m\u00b2\/","og_site_name":"Hutton","article_publisher":"https:\/\/www.facebook.com\/huttoneesti","article_modified_time":"2025-08-25T13:00:21+00:00","og_image":[{"width":962,"height":541,"url":"https:\/\/hutton.ee\/wp-content\/uploads\/2024\/10\/Natural_zinc.jpeg","type":"image\/jpeg"}],"twitter_card":"summary_large_image","twitter_misc":{"Est. reading time":"1 minute"},"schema":{"@context":"https:\/\/schema.org","@graph":[{"@type":"WebPage","@id":"https:\/\/hutton.ee\/toode\/titaantsink-natural-zinc-0-7-600mm-5-04-kg-m%c2%b2\/","url":"https:\/\/hutton.ee\/toode\/titaantsink-natural-zinc-0-7-600mm-5-04-kg-m%c2%b2\/","name":"Titaantsink Natural Zinc 0.7, 600mm, 5.04 kg\/m\u00b2 - Hutton","isPartOf":{"@id":"https:\/\/hutton.ee\/#website"},"primaryImageOfPage":{"@id":"https:\/\/hutton.ee\/toode\/titaantsink-natural-zinc-0-7-600mm-5-04-kg-m%c2%b2\/#primaryimage"},"image":{"@id":"https:\/\/hutton.ee\/toode\/titaantsink-natural-zinc-0-7-600mm-5-04-kg-m%c2%b2\/#primaryimage"},"thumbnailUrl":"https:\/\/hutton.ee\/wp-content\/uploads\/2024\/10\/Natural_zinc.jpeg","datePublished":"2024-10-11T10:02:51+00:00","dateModified":"2025-08-25T13:00:21+00:00","breadcrumb":{"@id":"https:\/\/hutton.ee\/toode\/titaantsink-natural-zinc-0-7-600mm-5-04-kg-m%c2%b2\/#breadcrumb"},"inLanguage":"en-US","potentialAction":[{"@type":"ReadAction","target":["https:\/\/hutton.ee\/toode\/titaantsink-natural-zinc-0-7-600mm-5-04-kg-m%c2%b2\/"]}]},{"@type":"ImageObject","inLanguage":"en-US","@id":"https:\/\/hutton.ee\/toode\/titaantsink-natural-zinc-0-7-600mm-5-04-kg-m%c2%b2\/#primaryimage","url":"https:\/\/hutton.ee\/wp-content\/uploads\/2024\/10\/Natural_zinc.jpeg","contentUrl":"https:\/\/hutton.ee\/wp-content\/uploads\/2024\/10\/Natural_zinc.jpeg","width":962,"height":541,"caption":"titaantsink natural zinc"},{"@type":"BreadcrumbList","@id":"https:\/\/hutton.ee\/toode\/titaantsink-natural-zinc-0-7-600mm-5-04-kg-m%c2%b2\/#breadcrumb","itemListElement":[{"@type":"ListItem","position":1,"name":"Avaleht","item":"https:\/\/hutton.ee\/"},{"@type":"ListItem","position":2,"name":"Shop","item":"https:\/\/hutton.ee\/en\/shop\/"},{"@type":"ListItem","position":3,"name":"Titaantsink Natural Zinc 0.7, 600mm, 5.04 kg\/m\u00b2"}]},{"@type":"WebSite","@id":"https:\/\/hutton.ee\/#website","url":"https:\/\/hutton.ee\/","name":"Hutton","description":"Ajas kestvad ehituslahendused","publisher":{"@id":"https:\/\/hutton.ee\/#organization"},"potentialAction":[{"@type":"SearchAction","target":{"@type":"EntryPoint","urlTemplate":"https:\/\/hutton.ee\/?s={search_term_string}"},"query-input":{"@type":"PropertyValueSpecification","valueRequired":true,"valueName":"search_term_string"}}],"inLanguage":"en-US"},{"@type":"Organization","@id":"https:\/\/hutton.ee\/#organization","name":"Hutton - KATUS | SEIN | FASSAAD","url":"https:\/\/hutton.ee\/","logo":{"@type":"ImageObject","inLanguage":"en-US","@id":"https:\/\/hutton.ee\/#\/schema\/logo\/image\/","url":"https:\/\/hutton.ee\/wp-content\/uploads\/2020\/07\/hutton-logo_uuendatud-01.png","contentUrl":"https:\/\/hutton.ee\/wp-content\/uploads\/2020\/07\/hutton-logo_uuendatud-01.png","width":1064,"height":455,"caption":"Hutton - KATUS | SEIN | FASSAAD"},"image":{"@id":"https:\/\/hutton.ee\/#\/schema\/logo\/image\/"},"sameAs":["https:\/\/www.facebook.com\/huttoneesti"]}]}},"_links":{"self":[{"href":"https:\/\/hutton.ee\/en\/wp-json\/wp\/v2\/product\/21619","targetHints":{"allow":["GET"]}}],"collection":[{"href":"https:\/\/hutton.ee\/en\/wp-json\/wp\/v2\/product"}],"about":[{"href":"https:\/\/hutton.ee\/en\/wp-json\/wp\/v2\/types\/product"}],"wp:featuredmedia":[{"embeddable":true,"href":"https:\/\/hutton.ee\/en\/wp-json\/wp\/v2\/media\/27639"}],"wp:attachment":[{"href":"https:\/\/hutton.ee\/en\/wp-json\/wp\/v2\/media?parent=21619"}],"wp:term":[{"taxonomy":"product_brand","embeddable":true,"href":"https:\/\/hutton.ee\/en\/wp-json\/wp\/v2\/product_brand?post=21619"},{"taxonomy":"product_cat","embeddable":true,"href":"https:\/\/hutton.ee\/en\/wp-json\/wp\/v2\/product_cat?post=21619"},{"taxonomy":"product_tag","embeddable":true,"href":"https:\/\/hutton.ee\/en\/wp-json\/wp\/v2\/product_tag?post=21619"},{"taxonomy":"filtrisusteem","embeddable":true,"href":"https:\/\/hutton.ee\/en\/wp-json\/wp\/v2\/filtrisusteem?post=21619"},{"taxonomy":"kvaliteediklass","embeddable":true,"href":"https:\/\/hutton.ee\/en\/wp-json\/wp\/v2\/kvaliteediklass?post=21619"}],"curies":[{"name":"wp","href":"https:\/\/api.w.org\/{rel}","templated":true}]}}