{"id":21622,"date":"2024-10-11T10:03:34","date_gmt":"2024-10-11T10:03:34","guid":{"rendered":"https:\/\/hutton.ee\/?post_type=product&#038;p=21622"},"modified":"2025-08-25T12:57:58","modified_gmt":"2025-08-25T12:57:58","slug":"titaantsink-quarz-zinc-0-7-1000mm-5-04-kg-m%c2%b2","status":"publish","type":"product","link":"https:\/\/hutton.ee\/en\/toode\/titaantsink-quarz-zinc-0-7-1000mm-5-04-kg-m%c2%b2\/","title":{"rendered":"Titaantsink Quarz Zinc 0.7, 1000mm, 5.04 kg\/m\u00b2"},"content":{"rendered":"<p><span data-sheets-root=\"1\">Titaantsink Quarz Zinc 0.7, 1000mm, 5.04 kg\/m\u00b2.<\/span><\/p>\n<p data-start=\"148\" data-end=\"419\">QUARTZ-ZINC on looduslik tsink, mida on spetsiaalselt t\u00f6\u00f6deldud, et saavutada \u00fchtlane ja elegantne hall toon, mis meenutab loomulikult tekkinud patinat. See on ideaalne valik olukordades, kus looduslik patina ei pruugi kujuneda \u00fchtlaselt v\u00f5i visuaalselt soovitud kujul.<\/p>\n<ul data-start=\"421\" data-end=\"1094\">\n<li data-start=\"421\" data-end=\"543\">\n<p data-start=\"423\" data-end=\"543\"><strong data-start=\"423\" data-end=\"447\">Eelpatineeritud pind<\/strong> \u2013 kohe paigaldamisel matt-hall toon, mis sarnaneb loodusliku tsingi ajas kujunevale patinale.<\/p>\n<\/li>\n<li data-start=\"544\" data-end=\"637\">\n<p data-start=\"546\" data-end=\"637\"><strong data-start=\"546\" data-end=\"578\">Kontrollitud tootmisprotsess<\/strong> \u2013 tagatud minimaalne v\u00e4rvierinevus ja \u00fchtlane kvaliteet.<\/p>\n<\/li>\n<li data-start=\"638\" data-end=\"784\">\n<p data-start=\"640\" data-end=\"784\"><strong data-start=\"640\" data-end=\"662\">Naturaalne sobivus<\/strong> \u2013 elegantne hall toon harmoniseerub h\u00e4sti teiste looduslike materjalidega nagu kivi, puit, terrakota v\u00f5i katusesindlid.<\/p>\n<\/li>\n<li data-start=\"785\" data-end=\"943\">\n<p data-start=\"787\" data-end=\"943\"><strong data-start=\"787\" data-end=\"812\">Pikaealisus ja kaitse<\/strong> \u2013 aja jooksul v\u00f5ib pind kergelt tumeneda, moodustades t\u00e4iendava patina, mis suurendab vastupidavust ja v\u00e4hendab hooldusvajadust.<\/p>\n<\/li>\n<li data-start=\"944\" data-end=\"1094\">\n<p data-start=\"946\" data-end=\"1094\"><strong data-start=\"946\" data-end=\"969\">Praktiline lahendus<\/strong> \u2013 k\u00f5ik QUARTZ-ZINC pinnad on kaetud eemaldatava kaitsekilega, mis v\u00e4hendab paigaldusel kriimustuste ja s\u00f5rmej\u00e4lgede teket.<\/p>\n<\/li>\n<\/ul>\n<p data-start=\"1096\" data-end=\"1345\">QUARTZ-ZINC \u00fchendab loodusliku tsingi vastupidavuse ja ajas kujuneva ilu, pakkudes samas stabiilset ning \u00fchtlast v\u00e4limust alates esimesest p\u00e4evast. See on kauakestev ja hooldusvaba lahendus katustele, fassaadidele ja arhitektuursetele detailidele.<\/p>\n","protected":false},"excerpt":{"rendered":"<p><span style=\"color: #800000;\"><strong>Tootel m\u00e4rgitud hind on m\u00b2 hind!<\/strong><\/span><\/p>\n","protected":false},"featured_media":26837,"template":"","meta":{"_gspb_post_css":"","_uf_show_specific_survey":0,"_uf_disable_surveys":false},"product_brand":[],"product_cat":[1989],"product_tag":[],"filtrisusteem":[],"kvaliteediklass":[],"class_list":{"0":"post-21622","1":"product","2":"type-product","3":"status-publish","4":"has-post-thumbnail","6":"product_cat-katusekatted","8":"first","9":"instock","10":"taxable","11":"shipping-taxable","12":"purchasable","13":"product-type-simple"},"yoast_head":"<!-- This site is optimized with the Yoast SEO Premium plugin v21.3 (Yoast SEO v27.3) - https:\/\/yoast.com\/product\/yoast-seo-premium-wordpress\/ -->\n<title>Titaantsink Quarz Zinc 0.7, 1000mm, 5.04 kg\/m\u00b2 - Hutton<\/title>\n<meta name=\"robots\" content=\"index, follow, max-snippet:-1, max-image-preview:large, max-video-preview:-1\" \/>\n<link rel=\"canonical\" href=\"https:\/\/hutton.ee\/toode\/titaantsink-quarz-zinc-0-7-1000mm-5-04-kg-m\u00b2\/\" \/>\n<meta property=\"og:locale\" content=\"en_US\" \/>\n<meta property=\"og:type\" content=\"article\" \/>\n<meta property=\"og:title\" content=\"Titaantsink Quarz Zinc 0.7, 1000mm, 5.04 kg\/m\u00b2\" \/>\n<meta property=\"og:description\" content=\"Tootel m\u00e4rgitud hind on m\u00b2 hind!\" \/>\n<meta property=\"og:url\" content=\"https:\/\/hutton.ee\/toode\/titaantsink-quarz-zinc-0-7-1000mm-5-04-kg-m\u00b2\/\" \/>\n<meta property=\"og:site_name\" content=\"Hutton\" \/>\n<meta property=\"article:publisher\" content=\"https:\/\/www.facebook.com\/huttoneesti\" \/>\n<meta property=\"article:modified_time\" content=\"2025-08-25T12:57:58+00:00\" \/>\n<meta property=\"og:image\" content=\"https:\/\/hutton.ee\/wp-content\/uploads\/2024\/10\/Titaantsink-Quarz-Zinc-0.7.png\" \/>\n\t<meta property=\"og:image:width\" content=\"500\" \/>\n\t<meta property=\"og:image:height\" content=\"500\" \/>\n\t<meta property=\"og:image:type\" content=\"image\/png\" \/>\n<meta name=\"twitter:card\" content=\"summary_large_image\" \/>\n<meta name=\"twitter:label1\" content=\"Est. reading time\" \/>\n\t<meta name=\"twitter:data1\" content=\"1 minute\" \/>\n<script type=\"application\/ld+json\" class=\"yoast-schema-graph\">{\"@context\":\"https:\\\/\\\/schema.org\",\"@graph\":[{\"@type\":\"WebPage\",\"@id\":\"https:\\\/\\\/hutton.ee\\\/toode\\\/titaantsink-quarz-zinc-0-7-1000mm-5-04-kg-m%c2%b2\\\/\",\"url\":\"https:\\\/\\\/hutton.ee\\\/toode\\\/titaantsink-quarz-zinc-0-7-1000mm-5-04-kg-m%c2%b2\\\/\",\"name\":\"Titaantsink Quarz Zinc 0.7, 1000mm, 5.04 kg\\\/m\u00b2 - Hutton\",\"isPartOf\":{\"@id\":\"https:\\\/\\\/hutton.ee\\\/#website\"},\"primaryImageOfPage\":{\"@id\":\"https:\\\/\\\/hutton.ee\\\/toode\\\/titaantsink-quarz-zinc-0-7-1000mm-5-04-kg-m%c2%b2\\\/#primaryimage\"},\"image\":{\"@id\":\"https:\\\/\\\/hutton.ee\\\/toode\\\/titaantsink-quarz-zinc-0-7-1000mm-5-04-kg-m%c2%b2\\\/#primaryimage\"},\"thumbnailUrl\":\"https:\\\/\\\/hutton.ee\\\/wp-content\\\/uploads\\\/2024\\\/10\\\/Titaantsink-Quarz-Zinc-0.7.png\",\"datePublished\":\"2024-10-11T10:03:34+00:00\",\"dateModified\":\"2025-08-25T12:57:58+00:00\",\"breadcrumb\":{\"@id\":\"https:\\\/\\\/hutton.ee\\\/toode\\\/titaantsink-quarz-zinc-0-7-1000mm-5-04-kg-m%c2%b2\\\/#breadcrumb\"},\"inLanguage\":\"en-US\",\"potentialAction\":[{\"@type\":\"ReadAction\",\"target\":[\"https:\\\/\\\/hutton.ee\\\/toode\\\/titaantsink-quarz-zinc-0-7-1000mm-5-04-kg-m%c2%b2\\\/\"]}]},{\"@type\":\"ImageObject\",\"inLanguage\":\"en-US\",\"@id\":\"https:\\\/\\\/hutton.ee\\\/toode\\\/titaantsink-quarz-zinc-0-7-1000mm-5-04-kg-m%c2%b2\\\/#primaryimage\",\"url\":\"https:\\\/\\\/hutton.ee\\\/wp-content\\\/uploads\\\/2024\\\/10\\\/Titaantsink-Quarz-Zinc-0.7.png\",\"contentUrl\":\"https:\\\/\\\/hutton.ee\\\/wp-content\\\/uploads\\\/2024\\\/10\\\/Titaantsink-Quarz-Zinc-0.7.png\",\"width\":500,\"height\":500,\"caption\":\"Titaantsink Quarz Zinc 0.7, 1000mm, 5.04 kg\\\/m\u00b2\"},{\"@type\":\"BreadcrumbList\",\"@id\":\"https:\\\/\\\/hutton.ee\\\/toode\\\/titaantsink-quarz-zinc-0-7-1000mm-5-04-kg-m%c2%b2\\\/#breadcrumb\",\"itemListElement\":[{\"@type\":\"ListItem\",\"position\":1,\"name\":\"Avaleht\",\"item\":\"https:\\\/\\\/hutton.ee\\\/\"},{\"@type\":\"ListItem\",\"position\":2,\"name\":\"Shop\",\"item\":\"https:\\\/\\\/hutton.ee\\\/en\\\/shop\\\/\"},{\"@type\":\"ListItem\",\"position\":3,\"name\":\"Titaantsink Quarz Zinc 0.7, 1000mm, 5.04 kg\\\/m\u00b2\"}]},{\"@type\":\"WebSite\",\"@id\":\"https:\\\/\\\/hutton.ee\\\/#website\",\"url\":\"https:\\\/\\\/hutton.ee\\\/\",\"name\":\"Hutton\",\"description\":\"Ajas kestvad ehituslahendused\",\"publisher\":{\"@id\":\"https:\\\/\\\/hutton.ee\\\/#organization\"},\"potentialAction\":[{\"@type\":\"SearchAction\",\"target\":{\"@type\":\"EntryPoint\",\"urlTemplate\":\"https:\\\/\\\/hutton.ee\\\/?s={search_term_string}\"},\"query-input\":{\"@type\":\"PropertyValueSpecification\",\"valueRequired\":true,\"valueName\":\"search_term_string\"}}],\"inLanguage\":\"en-US\"},{\"@type\":\"Organization\",\"@id\":\"https:\\\/\\\/hutton.ee\\\/#organization\",\"name\":\"Hutton - KATUS | SEIN | FASSAAD\",\"url\":\"https:\\\/\\\/hutton.ee\\\/\",\"logo\":{\"@type\":\"ImageObject\",\"inLanguage\":\"en-US\",\"@id\":\"https:\\\/\\\/hutton.ee\\\/#\\\/schema\\\/logo\\\/image\\\/\",\"url\":\"https:\\\/\\\/hutton.ee\\\/wp-content\\\/uploads\\\/2020\\\/07\\\/hutton-logo_uuendatud-01.png\",\"contentUrl\":\"https:\\\/\\\/hutton.ee\\\/wp-content\\\/uploads\\\/2020\\\/07\\\/hutton-logo_uuendatud-01.png\",\"width\":1064,\"height\":455,\"caption\":\"Hutton - KATUS | SEIN | FASSAAD\"},\"image\":{\"@id\":\"https:\\\/\\\/hutton.ee\\\/#\\\/schema\\\/logo\\\/image\\\/\"},\"sameAs\":[\"https:\\\/\\\/www.facebook.com\\\/huttoneesti\"]}]}<\/script>\n<!-- \/ Yoast SEO Premium plugin. -->","yoast_head_json":{"title":"Titaantsink Quarz Zinc 0.7, 1000mm, 5.04 kg\/m\u00b2 - Hutton","robots":{"index":"index","follow":"follow","max-snippet":"max-snippet:-1","max-image-preview":"max-image-preview:large","max-video-preview":"max-video-preview:-1"},"canonical":"https:\/\/hutton.ee\/toode\/titaantsink-quarz-zinc-0-7-1000mm-5-04-kg-m\u00b2\/","og_locale":"en_US","og_type":"article","og_title":"Titaantsink Quarz Zinc 0.7, 1000mm, 5.04 kg\/m\u00b2","og_description":"Tootel m\u00e4rgitud hind on m\u00b2 hind!","og_url":"https:\/\/hutton.ee\/toode\/titaantsink-quarz-zinc-0-7-1000mm-5-04-kg-m\u00b2\/","og_site_name":"Hutton","article_publisher":"https:\/\/www.facebook.com\/huttoneesti","article_modified_time":"2025-08-25T12:57:58+00:00","og_image":[{"width":500,"height":500,"url":"https:\/\/hutton.ee\/wp-content\/uploads\/2024\/10\/Titaantsink-Quarz-Zinc-0.7.png","type":"image\/png"}],"twitter_card":"summary_large_image","twitter_misc":{"Est. reading time":"1 minute"},"schema":{"@context":"https:\/\/schema.org","@graph":[{"@type":"WebPage","@id":"https:\/\/hutton.ee\/toode\/titaantsink-quarz-zinc-0-7-1000mm-5-04-kg-m%c2%b2\/","url":"https:\/\/hutton.ee\/toode\/titaantsink-quarz-zinc-0-7-1000mm-5-04-kg-m%c2%b2\/","name":"Titaantsink Quarz Zinc 0.7, 1000mm, 5.04 kg\/m\u00b2 - Hutton","isPartOf":{"@id":"https:\/\/hutton.ee\/#website"},"primaryImageOfPage":{"@id":"https:\/\/hutton.ee\/toode\/titaantsink-quarz-zinc-0-7-1000mm-5-04-kg-m%c2%b2\/#primaryimage"},"image":{"@id":"https:\/\/hutton.ee\/toode\/titaantsink-quarz-zinc-0-7-1000mm-5-04-kg-m%c2%b2\/#primaryimage"},"thumbnailUrl":"https:\/\/hutton.ee\/wp-content\/uploads\/2024\/10\/Titaantsink-Quarz-Zinc-0.7.png","datePublished":"2024-10-11T10:03:34+00:00","dateModified":"2025-08-25T12:57:58+00:00","breadcrumb":{"@id":"https:\/\/hutton.ee\/toode\/titaantsink-quarz-zinc-0-7-1000mm-5-04-kg-m%c2%b2\/#breadcrumb"},"inLanguage":"en-US","potentialAction":[{"@type":"ReadAction","target":["https:\/\/hutton.ee\/toode\/titaantsink-quarz-zinc-0-7-1000mm-5-04-kg-m%c2%b2\/"]}]},{"@type":"ImageObject","inLanguage":"en-US","@id":"https:\/\/hutton.ee\/toode\/titaantsink-quarz-zinc-0-7-1000mm-5-04-kg-m%c2%b2\/#primaryimage","url":"https:\/\/hutton.ee\/wp-content\/uploads\/2024\/10\/Titaantsink-Quarz-Zinc-0.7.png","contentUrl":"https:\/\/hutton.ee\/wp-content\/uploads\/2024\/10\/Titaantsink-Quarz-Zinc-0.7.png","width":500,"height":500,"caption":"Titaantsink Quarz Zinc 0.7, 1000mm, 5.04 kg\/m\u00b2"},{"@type":"BreadcrumbList","@id":"https:\/\/hutton.ee\/toode\/titaantsink-quarz-zinc-0-7-1000mm-5-04-kg-m%c2%b2\/#breadcrumb","itemListElement":[{"@type":"ListItem","position":1,"name":"Avaleht","item":"https:\/\/hutton.ee\/"},{"@type":"ListItem","position":2,"name":"Shop","item":"https:\/\/hutton.ee\/en\/shop\/"},{"@type":"ListItem","position":3,"name":"Titaantsink Quarz Zinc 0.7, 1000mm, 5.04 kg\/m\u00b2"}]},{"@type":"WebSite","@id":"https:\/\/hutton.ee\/#website","url":"https:\/\/hutton.ee\/","name":"Hutton","description":"Ajas kestvad ehituslahendused","publisher":{"@id":"https:\/\/hutton.ee\/#organization"},"potentialAction":[{"@type":"SearchAction","target":{"@type":"EntryPoint","urlTemplate":"https:\/\/hutton.ee\/?s={search_term_string}"},"query-input":{"@type":"PropertyValueSpecification","valueRequired":true,"valueName":"search_term_string"}}],"inLanguage":"en-US"},{"@type":"Organization","@id":"https:\/\/hutton.ee\/#organization","name":"Hutton - KATUS | SEIN | FASSAAD","url":"https:\/\/hutton.ee\/","logo":{"@type":"ImageObject","inLanguage":"en-US","@id":"https:\/\/hutton.ee\/#\/schema\/logo\/image\/","url":"https:\/\/hutton.ee\/wp-content\/uploads\/2020\/07\/hutton-logo_uuendatud-01.png","contentUrl":"https:\/\/hutton.ee\/wp-content\/uploads\/2020\/07\/hutton-logo_uuendatud-01.png","width":1064,"height":455,"caption":"Hutton - KATUS | SEIN | FASSAAD"},"image":{"@id":"https:\/\/hutton.ee\/#\/schema\/logo\/image\/"},"sameAs":["https:\/\/www.facebook.com\/huttoneesti"]}]}},"_links":{"self":[{"href":"https:\/\/hutton.ee\/en\/wp-json\/wp\/v2\/product\/21622","targetHints":{"allow":["GET"]}}],"collection":[{"href":"https:\/\/hutton.ee\/en\/wp-json\/wp\/v2\/product"}],"about":[{"href":"https:\/\/hutton.ee\/en\/wp-json\/wp\/v2\/types\/product"}],"wp:featuredmedia":[{"embeddable":true,"href":"https:\/\/hutton.ee\/en\/wp-json\/wp\/v2\/media\/26837"}],"wp:attachment":[{"href":"https:\/\/hutton.ee\/en\/wp-json\/wp\/v2\/media?parent=21622"}],"wp:term":[{"taxonomy":"product_brand","embeddable":true,"href":"https:\/\/hutton.ee\/en\/wp-json\/wp\/v2\/product_brand?post=21622"},{"taxonomy":"product_cat","embeddable":true,"href":"https:\/\/hutton.ee\/en\/wp-json\/wp\/v2\/product_cat?post=21622"},{"taxonomy":"product_tag","embeddable":true,"href":"https:\/\/hutton.ee\/en\/wp-json\/wp\/v2\/product_tag?post=21622"},{"taxonomy":"filtrisusteem","embeddable":true,"href":"https:\/\/hutton.ee\/en\/wp-json\/wp\/v2\/filtrisusteem?post=21622"},{"taxonomy":"kvaliteediklass","embeddable":true,"href":"https:\/\/hutton.ee\/en\/wp-json\/wp\/v2\/kvaliteediklass?post=21622"}],"curies":[{"name":"wp","href":"https:\/\/api.w.org\/{rel}","templated":true}]}}