{"id":25599,"date":"2024-12-11T09:12:32","date_gmt":"2024-12-11T09:12:32","guid":{"rendered":"https:\/\/hutton.ee\/?post_type=product&#038;p=25599"},"modified":"2025-06-12T12:55:16","modified_gmt":"2025-06-12T12:55:16","slug":"vedelplast-enduris-bleed-blocker","status":"publish","type":"product","link":"https:\/\/hutton.ee\/en\/toode\/vedelplast-enduris-bleed-blocker\/","title":{"rendered":"Vedelplast Enduris Bleed Blocker"},"content":{"rendered":"<p>EndurisTM Asphalt Bleed Blocker Bleed Resistant Basecoat for Enduris 3500 Silicone Topcoat Product Description GE Enduris Asphalt Bleed Blocker basecoat is a long lasting, breathable, and flexible barrier coating used for prevention of bleed from asphaltic materials and asphalt-based surfaces.<\/p>\n<p>Key Features and Typical Benefits<\/p>\n<p>\u2022 Versatility\u2014Single component acrylic polymer resin basecoat for spray, brush or roller application<br \/>\n\u2022 Bleed Resistance\u2014Formulated with special materials to block the bleed-through of asphaltic components that can discolor topcoats<br \/>\n\u2022 Excellent Adhesion\u2014Offers exceptional adhesion to asphaltic surfaces<br \/>\n\u2022 Breathability\u2014Enduris Asphalt Bleed Blocker basecoat is part of a breathable coating system that allows trapped moisture to escape.<br \/>\n\u2022 Color Contrast\u2014Color is light yellow as installed and darkens as it cures, allowing enhanced visual confirmation for application of the basecoat and also a white topcoat.<\/p>\n","protected":false},"excerpt":{"rendered":"<p><strong>M\u00fc\u00fcme kg p\u00f5hiselt!<\/strong><\/p>\n","protected":false},"featured_media":25609,"template":"","meta":{"_gspb_post_css":"","_uf_show_specific_survey":0,"_uf_disable_surveys":false},"product_brand":[],"product_cat":[973],"product_tag":[1258,2862],"filtrisusteem":[],"kvaliteediklass":[],"class_list":{"0":"post-25599","1":"product","2":"type-product","3":"status-publish","4":"has-post-thumbnail","6":"product_cat-maaramata","7":"product_tag-ei_pakiautomaat","8":"product_tag-uus_silt","10":"first","11":"instock","12":"taxable","13":"shipping-taxable","14":"purchasable","15":"product-type-simple"},"yoast_head":"<!-- This site is optimized with the Yoast SEO Premium plugin v21.3 (Yoast SEO v27.3) - https:\/\/yoast.com\/product\/yoast-seo-premium-wordpress\/ -->\n<title>Vedelplast Enduris Bleed Blocker - Hutton<\/title>\n<meta name=\"robots\" content=\"index, follow, max-snippet:-1, max-image-preview:large, max-video-preview:-1\" \/>\n<link rel=\"canonical\" href=\"https:\/\/hutton.ee\/toode\/vedelplast-enduris-bleed-blocker\/\" \/>\n<meta property=\"og:locale\" content=\"en_US\" \/>\n<meta property=\"og:type\" content=\"article\" \/>\n<meta property=\"og:title\" content=\"Vedelplast Enduris Bleed Blocker - Hutton\" \/>\n<meta property=\"og:description\" content=\"Aurut\u00f5ke Verso TOP on hingav aurut\u00f5kke membraan. Kasutamiseks aurut\u00f5kkena ja \u00f5hut\u00f5kkena seina tarindites, alt toestatuna ka katuslae tarindites. Huttoni e-poes.\" \/>\n<meta property=\"og:url\" content=\"https:\/\/hutton.ee\/toode\/vedelplast-enduris-bleed-blocker\/\" \/>\n<meta property=\"og:site_name\" content=\"Hutton\" \/>\n<meta property=\"article:publisher\" content=\"https:\/\/www.facebook.com\/huttoneesti\" \/>\n<meta property=\"article:modified_time\" content=\"2025-06-12T12:55:16+00:00\" \/>\n<meta property=\"og:image\" content=\"https:\/\/hutton.ee\/wp-content\/uploads\/2024\/12\/enduris-bleed-blocker.png\" \/>\n\t<meta property=\"og:image:width\" content=\"500\" \/>\n\t<meta property=\"og:image:height\" content=\"500\" \/>\n\t<meta property=\"og:image:type\" content=\"image\/png\" \/>\n<meta name=\"twitter:card\" content=\"summary_large_image\" \/>\n<meta name=\"twitter:title\" content=\"Vedelplast Enduris Bleed Blocker - Hutton\" \/>\n<meta name=\"twitter:description\" content=\"Aurut\u00f5ke Verso TOP on hingav aurut\u00f5kke membraan. Kasutamiseks aurut\u00f5kkena ja \u00f5hut\u00f5kkena seina tarindites, alt toestatuna ka katuslae tarindites. Huttoni e-poes.\" \/>\n<meta name=\"twitter:label1\" content=\"Est. reading time\" \/>\n\t<meta name=\"twitter:data1\" content=\"1 minute\" \/>\n<script type=\"application\/ld+json\" class=\"yoast-schema-graph\">{\"@context\":\"https:\\\/\\\/schema.org\",\"@graph\":[{\"@type\":\"WebPage\",\"@id\":\"https:\\\/\\\/hutton.ee\\\/toode\\\/vedelplast-enduris-bleed-blocker\\\/\",\"url\":\"https:\\\/\\\/hutton.ee\\\/toode\\\/vedelplast-enduris-bleed-blocker\\\/\",\"name\":\"Vedelplast Enduris Bleed Blocker - Hutton\",\"isPartOf\":{\"@id\":\"https:\\\/\\\/hutton.ee\\\/#website\"},\"primaryImageOfPage\":{\"@id\":\"https:\\\/\\\/hutton.ee\\\/toode\\\/vedelplast-enduris-bleed-blocker\\\/#primaryimage\"},\"image\":{\"@id\":\"https:\\\/\\\/hutton.ee\\\/toode\\\/vedelplast-enduris-bleed-blocker\\\/#primaryimage\"},\"thumbnailUrl\":\"https:\\\/\\\/hutton.ee\\\/wp-content\\\/uploads\\\/2024\\\/12\\\/enduris-bleed-blocker.png\",\"datePublished\":\"2024-12-11T09:12:32+00:00\",\"dateModified\":\"2025-06-12T12:55:16+00:00\",\"breadcrumb\":{\"@id\":\"https:\\\/\\\/hutton.ee\\\/toode\\\/vedelplast-enduris-bleed-blocker\\\/#breadcrumb\"},\"inLanguage\":\"en-US\",\"potentialAction\":[{\"@type\":\"ReadAction\",\"target\":[\"https:\\\/\\\/hutton.ee\\\/toode\\\/vedelplast-enduris-bleed-blocker\\\/\"]}]},{\"@type\":\"ImageObject\",\"inLanguage\":\"en-US\",\"@id\":\"https:\\\/\\\/hutton.ee\\\/toode\\\/vedelplast-enduris-bleed-blocker\\\/#primaryimage\",\"url\":\"https:\\\/\\\/hutton.ee\\\/wp-content\\\/uploads\\\/2024\\\/12\\\/enduris-bleed-blocker.png\",\"contentUrl\":\"https:\\\/\\\/hutton.ee\\\/wp-content\\\/uploads\\\/2024\\\/12\\\/enduris-bleed-blocker.png\",\"width\":500,\"height\":500,\"caption\":\"Vedelplast Enduris Bleed Blocker\"},{\"@type\":\"BreadcrumbList\",\"@id\":\"https:\\\/\\\/hutton.ee\\\/toode\\\/vedelplast-enduris-bleed-blocker\\\/#breadcrumb\",\"itemListElement\":[{\"@type\":\"ListItem\",\"position\":1,\"name\":\"Avaleht\",\"item\":\"https:\\\/\\\/hutton.ee\\\/\"},{\"@type\":\"ListItem\",\"position\":2,\"name\":\"Shop\",\"item\":\"https:\\\/\\\/hutton.ee\\\/en\\\/shop\\\/\"},{\"@type\":\"ListItem\",\"position\":3,\"name\":\"Vedelplast Enduris Bleed Blocker\"}]},{\"@type\":\"WebSite\",\"@id\":\"https:\\\/\\\/hutton.ee\\\/#website\",\"url\":\"https:\\\/\\\/hutton.ee\\\/\",\"name\":\"Hutton\",\"description\":\"Ajas kestvad ehituslahendused\",\"publisher\":{\"@id\":\"https:\\\/\\\/hutton.ee\\\/#organization\"},\"potentialAction\":[{\"@type\":\"SearchAction\",\"target\":{\"@type\":\"EntryPoint\",\"urlTemplate\":\"https:\\\/\\\/hutton.ee\\\/?s={search_term_string}\"},\"query-input\":{\"@type\":\"PropertyValueSpecification\",\"valueRequired\":true,\"valueName\":\"search_term_string\"}}],\"inLanguage\":\"en-US\"},{\"@type\":\"Organization\",\"@id\":\"https:\\\/\\\/hutton.ee\\\/#organization\",\"name\":\"Hutton - KATUS | SEIN | FASSAAD\",\"url\":\"https:\\\/\\\/hutton.ee\\\/\",\"logo\":{\"@type\":\"ImageObject\",\"inLanguage\":\"en-US\",\"@id\":\"https:\\\/\\\/hutton.ee\\\/#\\\/schema\\\/logo\\\/image\\\/\",\"url\":\"https:\\\/\\\/hutton.ee\\\/wp-content\\\/uploads\\\/2020\\\/07\\\/hutton-logo_uuendatud-01.png\",\"contentUrl\":\"https:\\\/\\\/hutton.ee\\\/wp-content\\\/uploads\\\/2020\\\/07\\\/hutton-logo_uuendatud-01.png\",\"width\":1064,\"height\":455,\"caption\":\"Hutton - KATUS | SEIN | FASSAAD\"},\"image\":{\"@id\":\"https:\\\/\\\/hutton.ee\\\/#\\\/schema\\\/logo\\\/image\\\/\"},\"sameAs\":[\"https:\\\/\\\/www.facebook.com\\\/huttoneesti\"]}]}<\/script>\n<!-- \/ Yoast SEO Premium plugin. -->","yoast_head_json":{"title":"Vedelplast Enduris Bleed Blocker - Hutton","robots":{"index":"index","follow":"follow","max-snippet":"max-snippet:-1","max-image-preview":"max-image-preview:large","max-video-preview":"max-video-preview:-1"},"canonical":"https:\/\/hutton.ee\/toode\/vedelplast-enduris-bleed-blocker\/","og_locale":"en_US","og_type":"article","og_title":"Vedelplast Enduris Bleed Blocker - Hutton","og_description":"Aurut\u00f5ke Verso TOP on hingav aurut\u00f5kke membraan. Kasutamiseks aurut\u00f5kkena ja \u00f5hut\u00f5kkena seina tarindites, alt toestatuna ka katuslae tarindites. Huttoni e-poes.","og_url":"https:\/\/hutton.ee\/toode\/vedelplast-enduris-bleed-blocker\/","og_site_name":"Hutton","article_publisher":"https:\/\/www.facebook.com\/huttoneesti","article_modified_time":"2025-06-12T12:55:16+00:00","og_image":[{"width":500,"height":500,"url":"https:\/\/hutton.ee\/wp-content\/uploads\/2024\/12\/enduris-bleed-blocker.png","type":"image\/png"}],"twitter_card":"summary_large_image","twitter_title":"Vedelplast Enduris Bleed Blocker - Hutton","twitter_description":"Aurut\u00f5ke Verso TOP on hingav aurut\u00f5kke membraan. Kasutamiseks aurut\u00f5kkena ja \u00f5hut\u00f5kkena seina tarindites, alt toestatuna ka katuslae tarindites. Huttoni e-poes.","twitter_misc":{"Est. reading time":"1 minute"},"schema":{"@context":"https:\/\/schema.org","@graph":[{"@type":"WebPage","@id":"https:\/\/hutton.ee\/toode\/vedelplast-enduris-bleed-blocker\/","url":"https:\/\/hutton.ee\/toode\/vedelplast-enduris-bleed-blocker\/","name":"Vedelplast Enduris Bleed Blocker - Hutton","isPartOf":{"@id":"https:\/\/hutton.ee\/#website"},"primaryImageOfPage":{"@id":"https:\/\/hutton.ee\/toode\/vedelplast-enduris-bleed-blocker\/#primaryimage"},"image":{"@id":"https:\/\/hutton.ee\/toode\/vedelplast-enduris-bleed-blocker\/#primaryimage"},"thumbnailUrl":"https:\/\/hutton.ee\/wp-content\/uploads\/2024\/12\/enduris-bleed-blocker.png","datePublished":"2024-12-11T09:12:32+00:00","dateModified":"2025-06-12T12:55:16+00:00","breadcrumb":{"@id":"https:\/\/hutton.ee\/toode\/vedelplast-enduris-bleed-blocker\/#breadcrumb"},"inLanguage":"en-US","potentialAction":[{"@type":"ReadAction","target":["https:\/\/hutton.ee\/toode\/vedelplast-enduris-bleed-blocker\/"]}]},{"@type":"ImageObject","inLanguage":"en-US","@id":"https:\/\/hutton.ee\/toode\/vedelplast-enduris-bleed-blocker\/#primaryimage","url":"https:\/\/hutton.ee\/wp-content\/uploads\/2024\/12\/enduris-bleed-blocker.png","contentUrl":"https:\/\/hutton.ee\/wp-content\/uploads\/2024\/12\/enduris-bleed-blocker.png","width":500,"height":500,"caption":"Vedelplast Enduris Bleed Blocker"},{"@type":"BreadcrumbList","@id":"https:\/\/hutton.ee\/toode\/vedelplast-enduris-bleed-blocker\/#breadcrumb","itemListElement":[{"@type":"ListItem","position":1,"name":"Avaleht","item":"https:\/\/hutton.ee\/"},{"@type":"ListItem","position":2,"name":"Shop","item":"https:\/\/hutton.ee\/en\/shop\/"},{"@type":"ListItem","position":3,"name":"Vedelplast Enduris Bleed Blocker"}]},{"@type":"WebSite","@id":"https:\/\/hutton.ee\/#website","url":"https:\/\/hutton.ee\/","name":"Hutton","description":"Ajas kestvad ehituslahendused","publisher":{"@id":"https:\/\/hutton.ee\/#organization"},"potentialAction":[{"@type":"SearchAction","target":{"@type":"EntryPoint","urlTemplate":"https:\/\/hutton.ee\/?s={search_term_string}"},"query-input":{"@type":"PropertyValueSpecification","valueRequired":true,"valueName":"search_term_string"}}],"inLanguage":"en-US"},{"@type":"Organization","@id":"https:\/\/hutton.ee\/#organization","name":"Hutton - KATUS | SEIN | FASSAAD","url":"https:\/\/hutton.ee\/","logo":{"@type":"ImageObject","inLanguage":"en-US","@id":"https:\/\/hutton.ee\/#\/schema\/logo\/image\/","url":"https:\/\/hutton.ee\/wp-content\/uploads\/2020\/07\/hutton-logo_uuendatud-01.png","contentUrl":"https:\/\/hutton.ee\/wp-content\/uploads\/2020\/07\/hutton-logo_uuendatud-01.png","width":1064,"height":455,"caption":"Hutton - KATUS | SEIN | FASSAAD"},"image":{"@id":"https:\/\/hutton.ee\/#\/schema\/logo\/image\/"},"sameAs":["https:\/\/www.facebook.com\/huttoneesti"]}]}},"_links":{"self":[{"href":"https:\/\/hutton.ee\/en\/wp-json\/wp\/v2\/product\/25599","targetHints":{"allow":["GET"]}}],"collection":[{"href":"https:\/\/hutton.ee\/en\/wp-json\/wp\/v2\/product"}],"about":[{"href":"https:\/\/hutton.ee\/en\/wp-json\/wp\/v2\/types\/product"}],"wp:featuredmedia":[{"embeddable":true,"href":"https:\/\/hutton.ee\/en\/wp-json\/wp\/v2\/media\/25609"}],"wp:attachment":[{"href":"https:\/\/hutton.ee\/en\/wp-json\/wp\/v2\/media?parent=25599"}],"wp:term":[{"taxonomy":"product_brand","embeddable":true,"href":"https:\/\/hutton.ee\/en\/wp-json\/wp\/v2\/product_brand?post=25599"},{"taxonomy":"product_cat","embeddable":true,"href":"https:\/\/hutton.ee\/en\/wp-json\/wp\/v2\/product_cat?post=25599"},{"taxonomy":"product_tag","embeddable":true,"href":"https:\/\/hutton.ee\/en\/wp-json\/wp\/v2\/product_tag?post=25599"},{"taxonomy":"filtrisusteem","embeddable":true,"href":"https:\/\/hutton.ee\/en\/wp-json\/wp\/v2\/filtrisusteem?post=25599"},{"taxonomy":"kvaliteediklass","embeddable":true,"href":"https:\/\/hutton.ee\/en\/wp-json\/wp\/v2\/kvaliteediklass?post=25599"}],"curies":[{"name":"wp","href":"https:\/\/api.w.org\/{rel}","templated":true}]}}