{"id":25607,"date":"2024-12-11T09:51:18","date_gmt":"2024-12-11T09:51:18","guid":{"rendered":"https:\/\/hutton.ee\/?post_type=product&#038;p=25607"},"modified":"2024-12-11T09:54:45","modified_gmt":"2024-12-11T09:54:45","slug":"vedelplast-enduris-bison-r-kangas","status":"publish","type":"product","link":"https:\/\/hutton.ee\/en\/toode\/vedelplast-enduris-bison-r-kangas\/","title":{"rendered":"Vedelplast Enduris Bison R kangas 100mm\/10m"},"content":{"rendered":"","protected":false},"excerpt":{"rendered":"<p><strong>M\u00fc\u00fcme kg p\u00f5hiselt!<\/strong><\/p>\n","protected":false},"featured_media":0,"template":"","meta":{"_gspb_post_css":"","_uf_show_specific_survey":0,"_uf_disable_surveys":false},"product_brand":[],"product_cat":[973],"product_tag":[1258],"filtrisusteem":[],"kvaliteediklass":[],"class_list":{"0":"post-25607","1":"product","2":"type-product","3":"status-publish","5":"product_cat-maaramata","6":"product_tag-ei_pakiautomaat","8":"first","9":"instock","10":"taxable","11":"shipping-taxable","12":"purchasable","13":"product-type-simple"},"yoast_head":"<!-- This site is optimized with the Yoast SEO Premium plugin v21.3 (Yoast SEO v27.5) - https:\/\/yoast.com\/product\/yoast-seo-premium-wordpress\/ -->\n<title>Vedelplast Enduris Bison R kangas 100mm\/10m - Hutton<\/title>\n<meta name=\"robots\" content=\"index, follow, max-snippet:-1, max-image-preview:large, max-video-preview:-1\" \/>\n<link rel=\"canonical\" href=\"https:\/\/hutton.ee\/toode\/vedelplast-enduris-bison-r-kangas\/\" \/>\n<meta property=\"og:locale\" content=\"en_US\" \/>\n<meta property=\"og:type\" content=\"article\" \/>\n<meta property=\"og:title\" content=\"Vedelplast Enduris Bison R kangas 100mm\/10m - Hutton\" \/>\n<meta property=\"og:description\" content=\"Aurut\u00f5ke Verso TOP on hingav aurut\u00f5kke membraan. Kasutamiseks aurut\u00f5kkena ja \u00f5hut\u00f5kkena seina tarindites, alt toestatuna ka katuslae tarindites. Huttoni e-poes.\" \/>\n<meta property=\"og:url\" content=\"https:\/\/hutton.ee\/toode\/vedelplast-enduris-bison-r-kangas\/\" \/>\n<meta property=\"og:site_name\" content=\"Hutton\" \/>\n<meta property=\"article:publisher\" content=\"https:\/\/www.facebook.com\/huttoneesti\" \/>\n<meta property=\"article:modified_time\" content=\"2024-12-11T09:54:45+00:00\" \/>\n<meta name=\"twitter:card\" content=\"summary_large_image\" \/>\n<meta name=\"twitter:title\" content=\"Vedelplast Enduris Bison R kangas 100mm\/10m - Hutton\" \/>\n<meta name=\"twitter:description\" content=\"Aurut\u00f5ke Verso TOP on hingav aurut\u00f5kke membraan. Kasutamiseks aurut\u00f5kkena ja \u00f5hut\u00f5kkena seina tarindites, alt toestatuna ka katuslae tarindites. Huttoni e-poes.\" \/>\n<meta name=\"twitter:label1\" content=\"Est. reading time\" \/>\n\t<meta name=\"twitter:data1\" content=\"1 minute\" \/>\n<script type=\"application\/ld+json\" class=\"yoast-schema-graph\">{\"@context\":\"https:\\\/\\\/schema.org\",\"@graph\":[{\"@type\":\"WebPage\",\"@id\":\"https:\\\/\\\/hutton.ee\\\/toode\\\/vedelplast-enduris-bison-r-kangas\\\/\",\"url\":\"https:\\\/\\\/hutton.ee\\\/toode\\\/vedelplast-enduris-bison-r-kangas\\\/\",\"name\":\"Vedelplast Enduris Bison R kangas 100mm\\\/10m - Hutton\",\"isPartOf\":{\"@id\":\"https:\\\/\\\/hutton.ee\\\/#website\"},\"datePublished\":\"2024-12-11T09:51:18+00:00\",\"dateModified\":\"2024-12-11T09:54:45+00:00\",\"breadcrumb\":{\"@id\":\"https:\\\/\\\/hutton.ee\\\/toode\\\/vedelplast-enduris-bison-r-kangas\\\/#breadcrumb\"},\"inLanguage\":\"en-US\",\"potentialAction\":[{\"@type\":\"ReadAction\",\"target\":[\"https:\\\/\\\/hutton.ee\\\/toode\\\/vedelplast-enduris-bison-r-kangas\\\/\"]}]},{\"@type\":\"BreadcrumbList\",\"@id\":\"https:\\\/\\\/hutton.ee\\\/toode\\\/vedelplast-enduris-bison-r-kangas\\\/#breadcrumb\",\"itemListElement\":[{\"@type\":\"ListItem\",\"position\":1,\"name\":\"Avaleht\",\"item\":\"https:\\\/\\\/hutton.ee\\\/\"},{\"@type\":\"ListItem\",\"position\":2,\"name\":\"Shop\",\"item\":\"https:\\\/\\\/hutton.ee\\\/en\\\/shop\\\/\"},{\"@type\":\"ListItem\",\"position\":3,\"name\":\"Vedelplast Enduris Bison R kangas 100mm\\\/10m\"}]},{\"@type\":\"WebSite\",\"@id\":\"https:\\\/\\\/hutton.ee\\\/#website\",\"url\":\"https:\\\/\\\/hutton.ee\\\/\",\"name\":\"Hutton\",\"description\":\"Ajas kestvad ehituslahendused\",\"publisher\":{\"@id\":\"https:\\\/\\\/hutton.ee\\\/#organization\"},\"potentialAction\":[{\"@type\":\"SearchAction\",\"target\":{\"@type\":\"EntryPoint\",\"urlTemplate\":\"https:\\\/\\\/hutton.ee\\\/?s={search_term_string}\"},\"query-input\":{\"@type\":\"PropertyValueSpecification\",\"valueRequired\":true,\"valueName\":\"search_term_string\"}}],\"inLanguage\":\"en-US\"},{\"@type\":\"Organization\",\"@id\":\"https:\\\/\\\/hutton.ee\\\/#organization\",\"name\":\"Hutton - KATUS | SEIN | FASSAAD\",\"url\":\"https:\\\/\\\/hutton.ee\\\/\",\"logo\":{\"@type\":\"ImageObject\",\"inLanguage\":\"en-US\",\"@id\":\"https:\\\/\\\/hutton.ee\\\/#\\\/schema\\\/logo\\\/image\\\/\",\"url\":\"https:\\\/\\\/hutton.ee\\\/wp-content\\\/uploads\\\/2020\\\/07\\\/hutton-logo_uuendatud-01.png\",\"contentUrl\":\"https:\\\/\\\/hutton.ee\\\/wp-content\\\/uploads\\\/2020\\\/07\\\/hutton-logo_uuendatud-01.png\",\"width\":1064,\"height\":455,\"caption\":\"Hutton - KATUS | SEIN | FASSAAD\"},\"image\":{\"@id\":\"https:\\\/\\\/hutton.ee\\\/#\\\/schema\\\/logo\\\/image\\\/\"},\"sameAs\":[\"https:\\\/\\\/www.facebook.com\\\/huttoneesti\"]}]}<\/script>\n<!-- \/ Yoast SEO Premium plugin. -->","yoast_head_json":{"title":"Vedelplast Enduris Bison R kangas 100mm\/10m - Hutton","robots":{"index":"index","follow":"follow","max-snippet":"max-snippet:-1","max-image-preview":"max-image-preview:large","max-video-preview":"max-video-preview:-1"},"canonical":"https:\/\/hutton.ee\/toode\/vedelplast-enduris-bison-r-kangas\/","og_locale":"en_US","og_type":"article","og_title":"Vedelplast Enduris Bison R kangas 100mm\/10m - Hutton","og_description":"Aurut\u00f5ke Verso TOP on hingav aurut\u00f5kke membraan. Kasutamiseks aurut\u00f5kkena ja \u00f5hut\u00f5kkena seina tarindites, alt toestatuna ka katuslae tarindites. Huttoni e-poes.","og_url":"https:\/\/hutton.ee\/toode\/vedelplast-enduris-bison-r-kangas\/","og_site_name":"Hutton","article_publisher":"https:\/\/www.facebook.com\/huttoneesti","article_modified_time":"2024-12-11T09:54:45+00:00","twitter_card":"summary_large_image","twitter_title":"Vedelplast Enduris Bison R kangas 100mm\/10m - Hutton","twitter_description":"Aurut\u00f5ke Verso TOP on hingav aurut\u00f5kke membraan. Kasutamiseks aurut\u00f5kkena ja \u00f5hut\u00f5kkena seina tarindites, alt toestatuna ka katuslae tarindites. Huttoni e-poes.","twitter_misc":{"Est. reading time":"1 minute"},"schema":{"@context":"https:\/\/schema.org","@graph":[{"@type":"WebPage","@id":"https:\/\/hutton.ee\/toode\/vedelplast-enduris-bison-r-kangas\/","url":"https:\/\/hutton.ee\/toode\/vedelplast-enduris-bison-r-kangas\/","name":"Vedelplast Enduris Bison R kangas 100mm\/10m - Hutton","isPartOf":{"@id":"https:\/\/hutton.ee\/#website"},"datePublished":"2024-12-11T09:51:18+00:00","dateModified":"2024-12-11T09:54:45+00:00","breadcrumb":{"@id":"https:\/\/hutton.ee\/toode\/vedelplast-enduris-bison-r-kangas\/#breadcrumb"},"inLanguage":"en-US","potentialAction":[{"@type":"ReadAction","target":["https:\/\/hutton.ee\/toode\/vedelplast-enduris-bison-r-kangas\/"]}]},{"@type":"BreadcrumbList","@id":"https:\/\/hutton.ee\/toode\/vedelplast-enduris-bison-r-kangas\/#breadcrumb","itemListElement":[{"@type":"ListItem","position":1,"name":"Avaleht","item":"https:\/\/hutton.ee\/"},{"@type":"ListItem","position":2,"name":"Shop","item":"https:\/\/hutton.ee\/en\/shop\/"},{"@type":"ListItem","position":3,"name":"Vedelplast Enduris Bison R kangas 100mm\/10m"}]},{"@type":"WebSite","@id":"https:\/\/hutton.ee\/#website","url":"https:\/\/hutton.ee\/","name":"Hutton","description":"Ajas kestvad ehituslahendused","publisher":{"@id":"https:\/\/hutton.ee\/#organization"},"potentialAction":[{"@type":"SearchAction","target":{"@type":"EntryPoint","urlTemplate":"https:\/\/hutton.ee\/?s={search_term_string}"},"query-input":{"@type":"PropertyValueSpecification","valueRequired":true,"valueName":"search_term_string"}}],"inLanguage":"en-US"},{"@type":"Organization","@id":"https:\/\/hutton.ee\/#organization","name":"Hutton - KATUS | SEIN | FASSAAD","url":"https:\/\/hutton.ee\/","logo":{"@type":"ImageObject","inLanguage":"en-US","@id":"https:\/\/hutton.ee\/#\/schema\/logo\/image\/","url":"https:\/\/hutton.ee\/wp-content\/uploads\/2020\/07\/hutton-logo_uuendatud-01.png","contentUrl":"https:\/\/hutton.ee\/wp-content\/uploads\/2020\/07\/hutton-logo_uuendatud-01.png","width":1064,"height":455,"caption":"Hutton - KATUS | SEIN | FASSAAD"},"image":{"@id":"https:\/\/hutton.ee\/#\/schema\/logo\/image\/"},"sameAs":["https:\/\/www.facebook.com\/huttoneesti"]}]}},"_links":{"self":[{"href":"https:\/\/hutton.ee\/en\/wp-json\/wp\/v2\/product\/25607","targetHints":{"allow":["GET"]}}],"collection":[{"href":"https:\/\/hutton.ee\/en\/wp-json\/wp\/v2\/product"}],"about":[{"href":"https:\/\/hutton.ee\/en\/wp-json\/wp\/v2\/types\/product"}],"wp:attachment":[{"href":"https:\/\/hutton.ee\/en\/wp-json\/wp\/v2\/media?parent=25607"}],"wp:term":[{"taxonomy":"product_brand","embeddable":true,"href":"https:\/\/hutton.ee\/en\/wp-json\/wp\/v2\/product_brand?post=25607"},{"taxonomy":"product_cat","embeddable":true,"href":"https:\/\/hutton.ee\/en\/wp-json\/wp\/v2\/product_cat?post=25607"},{"taxonomy":"product_tag","embeddable":true,"href":"https:\/\/hutton.ee\/en\/wp-json\/wp\/v2\/product_tag?post=25607"},{"taxonomy":"filtrisusteem","embeddable":true,"href":"https:\/\/hutton.ee\/en\/wp-json\/wp\/v2\/filtrisusteem?post=25607"},{"taxonomy":"kvaliteediklass","embeddable":true,"href":"https:\/\/hutton.ee\/en\/wp-json\/wp\/v2\/kvaliteediklass?post=25607"}],"curies":[{"name":"wp","href":"https:\/\/api.w.org\/{rel}","templated":true}]}}