{"id":26122,"date":"2025-01-06T11:30:42","date_gmt":"2025-01-06T11:30:42","guid":{"rendered":"https:\/\/hutton.ee\/?post_type=product&#038;p=26122"},"modified":"2025-07-14T12:27:57","modified_gmt":"2025-07-14T12:27:57","slug":"kivivill-paroc-blt-9","status":"publish","type":"product","link":"https:\/\/hutton.ee\/en\/toode\/kivivill-paroc-blt-9\/","title":{"rendered":"Kivivill Paroc BLT 9"},"content":{"rendered":"<p data-start=\"171\" data-end=\"541\">Kivivill <strong data-start=\"180\" data-end=\"195\">Paroc BLT 9<\/strong> on kvaliteetne kivivilla isolatsioon, mis sobib katusefermidele ja katusetala konstruktsioonidele k\u00f5ikides hoonete tuleklassides. Kivivilla paigaldamine on v\u00f5imalik nii avatud horisontaalsetes konstruktsioonides (lambda 0,041 W\/mK) kui ka \u00f5\u00f5nsustesse puhumisel horisontaal- v\u00f5i kaldkatuste korral (lambda 0,036 W\/mK).<\/p>\n<p data-start=\"543\" data-end=\"787\">Puistevilla paigaldamine on kiire ja efektiivne lahendus, eriti kui soovitakse t\u00e4iendada olemasolevat isolatsiooni. Teatud tingimustel saab puistevilla paigaldada ka varem paigaldatud soojustuskihi peale, tagades parema soojapidavuse.<\/p>\n<p data-start=\"789\" data-end=\"951\">Kivivilla puistevill paigaldatakse alati kuivalt ning horisontaalsetel pindadel kasutatakse piisavalt paksu kihti, et minimeerida v\u00f5imalikku vajumist (&lt;5%).<\/p>\n<p data-start=\"953\" data-end=\"1058\">Kui soovid professionaalset puistevilla paigaldust, <strong><a href=\"https:\/\/hutton.ee\/kontakt\/\">k\u00fcsi pakkumist<\/a><\/strong> \u2013 <strong>aitame leida parima lahenduse<\/strong>!<\/p>\n<p><strong>Kivivill Paroc BLT 9<\/strong><\/p>\n<p><strong>EELISED:<\/strong><\/p>\n<ul>\n<li>Suurep\u00e4rane soojustusmaterjal, m\u00fcrasummutusv\u00f5ime.<\/li>\n<li>Paigaldus on kiire ning soodne.<\/li>\n<li>Puuduvad j\u00e4\u00e4tmed.<\/li>\n<li>K\u00f5rge auru l\u00e4bilaskvus.<\/li>\n<li>Vetth\u00fclgav materjal.<\/li>\n<li>Vastupidav kahjurite suhtes.<\/li>\n<li>K\u00f5rge tulekaitse.<\/li>\n<\/ul>\n<p><strong>KASUTUSALA:<\/strong><\/p>\n<ul>\n<li>p\u00f6\u00f6ning<\/li>\n<li>vahelaed<\/li>\n<li>renoveeritud majade p\u00f5randad<\/li>\n<li>uute ehitiste soojusisolatsioon.<\/li>\n<\/ul>\n<p>Hutton pakub lisaks puistevilla m\u00fc\u00fcgile ka\u00a0<strong><a href=\"https:\/\/hutton.ee\/puistevilla-paigaldamine\/\">puistevilla paigaldust<\/a>.<\/strong>\u00a0Uuri l\u00e4hemalt Hutton spetsialistidelt \u2013 aitame anal\u00fc\u00fcsida Teie vajadusi ja leiame k\u00f5ige hinnaoptimaalsema ja tehniliselt toimiva parima lahenduse.<\/p>\n<p>Loe lisaks:\u00a0<a href=\"https:\/\/hutton.ee\/kuidas-valida-puistevilla\/\">kuidas valida puistevilla?<\/a><\/p>\n<p><strong>Tegutse targalt, k\u00fcsi n\u00f5u!<\/strong><\/p>\n<p>Hutton<br \/>\nTehniline konsultant<br \/>\nMargus Laats<\/p>\n<p>+372 50 11 324<br \/>\nmargus.laats@hutton.ee<\/p>\n","protected":false},"excerpt":{"rendered":"<p>Kui palju kulub Paroc BLT 9 kivivilla, et soojustada 1 m<sup>3<\/sup> ala?<\/p>\n<p><strong>43kg\/m<sup>3<\/sup> : 15 = 2,9pk\/m<sup>3<\/sup><\/strong><\/p>\n","protected":false},"featured_media":26754,"template":"","meta":{"_gspb_post_css":"","_uf_show_specific_survey":0,"_uf_disable_surveys":false},"product_brand":[],"product_cat":[986,2913,987,1957],"product_tag":[2893,1258],"filtrisusteem":[2472,2371,2452,2454,2370,2449,2453],"kvaliteediklass":[],"class_list":{"0":"post-26122","1":"product","2":"type-product","3":"status-publish","4":"has-post-thumbnail","6":"product_cat-soojustus","7":"product_cat-kivivill-2","8":"product_cat-puistevill","9":"product_cat-kivivill","10":"product_tag-1tk_block","11":"product_tag-ei_pakiautomaat","12":"filtrisusteem-2472","13":"filtrisusteem-a1-2","14":"filtrisusteem-kivivill","15":"filtrisusteem-puistevill","16":"filtrisusteem-tuletundlikkus","17":"filtrisusteem-villa-liik","18":"filtrisusteem-villa-tuup","20":"first","21":"outofstock","22":"taxable","23":"shipping-taxable","24":"purchasable","25":"product-type-simple"},"yoast_head":"<!-- This site is optimized with the Yoast SEO Premium plugin v21.3 (Yoast SEO v27.3) - https:\/\/yoast.com\/product\/yoast-seo-premium-wordpress\/ -->\n<title>Kivivill Paroc BLT 9 - Hutton<\/title>\n<meta name=\"description\" content=\"Paroc BLT 3 on kivivilla puistevill, mis tagab t\u00f5husa soojustuse katusefermidele ja katusetala konstruktsioonidele. K\u00fcsi pakkumist-puistevilla paigaldamine.\" \/>\n<meta name=\"robots\" content=\"index, follow, max-snippet:-1, max-image-preview:large, max-video-preview:-1\" \/>\n<link rel=\"canonical\" href=\"https:\/\/hutton.ee\/toode\/kivivill-paroc-blt-9\/\" \/>\n<meta property=\"og:locale\" content=\"en_US\" \/>\n<meta property=\"og:type\" content=\"article\" \/>\n<meta property=\"og:title\" content=\"Kivivill Paroc BLT 9\" \/>\n<meta property=\"og:description\" content=\"Paroc BLT 3 on kivivilla puistevill, mis tagab t\u00f5husa soojustuse katusefermidele ja katusetala konstruktsioonidele. K\u00fcsi pakkumist-puistevilla paigaldamine.\" \/>\n<meta property=\"og:url\" content=\"https:\/\/hutton.ee\/toode\/kivivill-paroc-blt-9\/\" \/>\n<meta property=\"og:site_name\" content=\"Hutton\" \/>\n<meta property=\"article:publisher\" content=\"https:\/\/www.facebook.com\/huttoneesti\" \/>\n<meta property=\"article:modified_time\" content=\"2025-07-14T12:27:57+00:00\" \/>\n<meta property=\"og:image\" content=\"https:\/\/hutton.ee\/wp-content\/uploads\/2024\/03\/Kivivill-Baroc-BLT.png\" \/>\n\t<meta property=\"og:image:width\" content=\"500\" \/>\n\t<meta property=\"og:image:height\" content=\"500\" \/>\n\t<meta property=\"og:image:type\" content=\"image\/png\" \/>\n<meta name=\"twitter:card\" content=\"summary_large_image\" \/>\n<meta name=\"twitter:label1\" content=\"Est. reading time\" \/>\n\t<meta name=\"twitter:data1\" content=\"2 minutes\" \/>\n<script type=\"application\/ld+json\" class=\"yoast-schema-graph\">{\"@context\":\"https:\\\/\\\/schema.org\",\"@graph\":[{\"@type\":\"WebPage\",\"@id\":\"https:\\\/\\\/hutton.ee\\\/toode\\\/kivivill-paroc-blt-9\\\/\",\"url\":\"https:\\\/\\\/hutton.ee\\\/toode\\\/kivivill-paroc-blt-9\\\/\",\"name\":\"Kivivill Paroc BLT 9 - Hutton\",\"isPartOf\":{\"@id\":\"https:\\\/\\\/hutton.ee\\\/#website\"},\"primaryImageOfPage\":{\"@id\":\"https:\\\/\\\/hutton.ee\\\/toode\\\/kivivill-paroc-blt-9\\\/#primaryimage\"},\"image\":{\"@id\":\"https:\\\/\\\/hutton.ee\\\/toode\\\/kivivill-paroc-blt-9\\\/#primaryimage\"},\"thumbnailUrl\":\"https:\\\/\\\/hutton.ee\\\/wp-content\\\/uploads\\\/2024\\\/03\\\/Kivivill-Baroc-BLT.png\",\"datePublished\":\"2025-01-06T11:30:42+00:00\",\"dateModified\":\"2025-07-14T12:27:57+00:00\",\"description\":\"Paroc BLT 3 on kivivilla puistevill, mis tagab t\u00f5husa soojustuse katusefermidele ja katusetala konstruktsioonidele. K\u00fcsi pakkumist-puistevilla paigaldamine.\",\"breadcrumb\":{\"@id\":\"https:\\\/\\\/hutton.ee\\\/toode\\\/kivivill-paroc-blt-9\\\/#breadcrumb\"},\"inLanguage\":\"en-US\",\"potentialAction\":[{\"@type\":\"ReadAction\",\"target\":[\"https:\\\/\\\/hutton.ee\\\/toode\\\/kivivill-paroc-blt-9\\\/\"]}]},{\"@type\":\"ImageObject\",\"inLanguage\":\"en-US\",\"@id\":\"https:\\\/\\\/hutton.ee\\\/toode\\\/kivivill-paroc-blt-9\\\/#primaryimage\",\"url\":\"https:\\\/\\\/hutton.ee\\\/wp-content\\\/uploads\\\/2024\\\/03\\\/Kivivill-Baroc-BLT.png\",\"contentUrl\":\"https:\\\/\\\/hutton.ee\\\/wp-content\\\/uploads\\\/2024\\\/03\\\/Kivivill-Baroc-BLT.png\",\"width\":500,\"height\":500,\"caption\":\"Kivivill puistevill Baroc BLT\"},{\"@type\":\"BreadcrumbList\",\"@id\":\"https:\\\/\\\/hutton.ee\\\/toode\\\/kivivill-paroc-blt-9\\\/#breadcrumb\",\"itemListElement\":[{\"@type\":\"ListItem\",\"position\":1,\"name\":\"Avaleht\",\"item\":\"https:\\\/\\\/hutton.ee\\\/\"},{\"@type\":\"ListItem\",\"position\":2,\"name\":\"Shop\",\"item\":\"https:\\\/\\\/hutton.ee\\\/en\\\/shop\\\/\"},{\"@type\":\"ListItem\",\"position\":3,\"name\":\"Kivivill Paroc BLT 9\"}]},{\"@type\":\"WebSite\",\"@id\":\"https:\\\/\\\/hutton.ee\\\/#website\",\"url\":\"https:\\\/\\\/hutton.ee\\\/\",\"name\":\"Hutton\",\"description\":\"Ajas kestvad ehituslahendused\",\"publisher\":{\"@id\":\"https:\\\/\\\/hutton.ee\\\/#organization\"},\"potentialAction\":[{\"@type\":\"SearchAction\",\"target\":{\"@type\":\"EntryPoint\",\"urlTemplate\":\"https:\\\/\\\/hutton.ee\\\/?s={search_term_string}\"},\"query-input\":{\"@type\":\"PropertyValueSpecification\",\"valueRequired\":true,\"valueName\":\"search_term_string\"}}],\"inLanguage\":\"en-US\"},{\"@type\":\"Organization\",\"@id\":\"https:\\\/\\\/hutton.ee\\\/#organization\",\"name\":\"Hutton - KATUS | SEIN | FASSAAD\",\"url\":\"https:\\\/\\\/hutton.ee\\\/\",\"logo\":{\"@type\":\"ImageObject\",\"inLanguage\":\"en-US\",\"@id\":\"https:\\\/\\\/hutton.ee\\\/#\\\/schema\\\/logo\\\/image\\\/\",\"url\":\"https:\\\/\\\/hutton.ee\\\/wp-content\\\/uploads\\\/2020\\\/07\\\/hutton-logo_uuendatud-01.png\",\"contentUrl\":\"https:\\\/\\\/hutton.ee\\\/wp-content\\\/uploads\\\/2020\\\/07\\\/hutton-logo_uuendatud-01.png\",\"width\":1064,\"height\":455,\"caption\":\"Hutton - KATUS | SEIN | FASSAAD\"},\"image\":{\"@id\":\"https:\\\/\\\/hutton.ee\\\/#\\\/schema\\\/logo\\\/image\\\/\"},\"sameAs\":[\"https:\\\/\\\/www.facebook.com\\\/huttoneesti\"]}]}<\/script>\n<!-- \/ Yoast SEO Premium plugin. -->","yoast_head_json":{"title":"Kivivill Paroc BLT 9 - Hutton","description":"Paroc BLT 3 on kivivilla puistevill, mis tagab t\u00f5husa soojustuse katusefermidele ja katusetala konstruktsioonidele. K\u00fcsi pakkumist-puistevilla paigaldamine.","robots":{"index":"index","follow":"follow","max-snippet":"max-snippet:-1","max-image-preview":"max-image-preview:large","max-video-preview":"max-video-preview:-1"},"canonical":"https:\/\/hutton.ee\/toode\/kivivill-paroc-blt-9\/","og_locale":"en_US","og_type":"article","og_title":"Kivivill Paroc BLT 9","og_description":"Paroc BLT 3 on kivivilla puistevill, mis tagab t\u00f5husa soojustuse katusefermidele ja katusetala konstruktsioonidele. K\u00fcsi pakkumist-puistevilla paigaldamine.","og_url":"https:\/\/hutton.ee\/toode\/kivivill-paroc-blt-9\/","og_site_name":"Hutton","article_publisher":"https:\/\/www.facebook.com\/huttoneesti","article_modified_time":"2025-07-14T12:27:57+00:00","og_image":[{"width":500,"height":500,"url":"https:\/\/hutton.ee\/wp-content\/uploads\/2024\/03\/Kivivill-Baroc-BLT.png","type":"image\/png"}],"twitter_card":"summary_large_image","twitter_misc":{"Est. reading time":"2 minutes"},"schema":{"@context":"https:\/\/schema.org","@graph":[{"@type":"WebPage","@id":"https:\/\/hutton.ee\/toode\/kivivill-paroc-blt-9\/","url":"https:\/\/hutton.ee\/toode\/kivivill-paroc-blt-9\/","name":"Kivivill Paroc BLT 9 - Hutton","isPartOf":{"@id":"https:\/\/hutton.ee\/#website"},"primaryImageOfPage":{"@id":"https:\/\/hutton.ee\/toode\/kivivill-paroc-blt-9\/#primaryimage"},"image":{"@id":"https:\/\/hutton.ee\/toode\/kivivill-paroc-blt-9\/#primaryimage"},"thumbnailUrl":"https:\/\/hutton.ee\/wp-content\/uploads\/2024\/03\/Kivivill-Baroc-BLT.png","datePublished":"2025-01-06T11:30:42+00:00","dateModified":"2025-07-14T12:27:57+00:00","description":"Paroc BLT 3 on kivivilla puistevill, mis tagab t\u00f5husa soojustuse katusefermidele ja katusetala konstruktsioonidele. K\u00fcsi pakkumist-puistevilla paigaldamine.","breadcrumb":{"@id":"https:\/\/hutton.ee\/toode\/kivivill-paroc-blt-9\/#breadcrumb"},"inLanguage":"en-US","potentialAction":[{"@type":"ReadAction","target":["https:\/\/hutton.ee\/toode\/kivivill-paroc-blt-9\/"]}]},{"@type":"ImageObject","inLanguage":"en-US","@id":"https:\/\/hutton.ee\/toode\/kivivill-paroc-blt-9\/#primaryimage","url":"https:\/\/hutton.ee\/wp-content\/uploads\/2024\/03\/Kivivill-Baroc-BLT.png","contentUrl":"https:\/\/hutton.ee\/wp-content\/uploads\/2024\/03\/Kivivill-Baroc-BLT.png","width":500,"height":500,"caption":"Kivivill puistevill Baroc BLT"},{"@type":"BreadcrumbList","@id":"https:\/\/hutton.ee\/toode\/kivivill-paroc-blt-9\/#breadcrumb","itemListElement":[{"@type":"ListItem","position":1,"name":"Avaleht","item":"https:\/\/hutton.ee\/"},{"@type":"ListItem","position":2,"name":"Shop","item":"https:\/\/hutton.ee\/en\/shop\/"},{"@type":"ListItem","position":3,"name":"Kivivill Paroc BLT 9"}]},{"@type":"WebSite","@id":"https:\/\/hutton.ee\/#website","url":"https:\/\/hutton.ee\/","name":"Hutton","description":"Ajas kestvad ehituslahendused","publisher":{"@id":"https:\/\/hutton.ee\/#organization"},"potentialAction":[{"@type":"SearchAction","target":{"@type":"EntryPoint","urlTemplate":"https:\/\/hutton.ee\/?s={search_term_string}"},"query-input":{"@type":"PropertyValueSpecification","valueRequired":true,"valueName":"search_term_string"}}],"inLanguage":"en-US"},{"@type":"Organization","@id":"https:\/\/hutton.ee\/#organization","name":"Hutton - KATUS | SEIN | FASSAAD","url":"https:\/\/hutton.ee\/","logo":{"@type":"ImageObject","inLanguage":"en-US","@id":"https:\/\/hutton.ee\/#\/schema\/logo\/image\/","url":"https:\/\/hutton.ee\/wp-content\/uploads\/2020\/07\/hutton-logo_uuendatud-01.png","contentUrl":"https:\/\/hutton.ee\/wp-content\/uploads\/2020\/07\/hutton-logo_uuendatud-01.png","width":1064,"height":455,"caption":"Hutton - KATUS | SEIN | FASSAAD"},"image":{"@id":"https:\/\/hutton.ee\/#\/schema\/logo\/image\/"},"sameAs":["https:\/\/www.facebook.com\/huttoneesti"]}]}},"_links":{"self":[{"href":"https:\/\/hutton.ee\/en\/wp-json\/wp\/v2\/product\/26122","targetHints":{"allow":["GET"]}}],"collection":[{"href":"https:\/\/hutton.ee\/en\/wp-json\/wp\/v2\/product"}],"about":[{"href":"https:\/\/hutton.ee\/en\/wp-json\/wp\/v2\/types\/product"}],"wp:featuredmedia":[{"embeddable":true,"href":"https:\/\/hutton.ee\/en\/wp-json\/wp\/v2\/media\/26754"}],"wp:attachment":[{"href":"https:\/\/hutton.ee\/en\/wp-json\/wp\/v2\/media?parent=26122"}],"wp:term":[{"taxonomy":"product_brand","embeddable":true,"href":"https:\/\/hutton.ee\/en\/wp-json\/wp\/v2\/product_brand?post=26122"},{"taxonomy":"product_cat","embeddable":true,"href":"https:\/\/hutton.ee\/en\/wp-json\/wp\/v2\/product_cat?post=26122"},{"taxonomy":"product_tag","embeddable":true,"href":"https:\/\/hutton.ee\/en\/wp-json\/wp\/v2\/product_tag?post=26122"},{"taxonomy":"filtrisusteem","embeddable":true,"href":"https:\/\/hutton.ee\/en\/wp-json\/wp\/v2\/filtrisusteem?post=26122"},{"taxonomy":"kvaliteediklass","embeddable":true,"href":"https:\/\/hutton.ee\/en\/wp-json\/wp\/v2\/kvaliteediklass?post=26122"}],"curies":[{"name":"wp","href":"https:\/\/api.w.org\/{rel}","templated":true}]}}