{"id":26366,"date":"2025-01-28T10:30:25","date_gmt":"2025-01-28T10:30:25","guid":{"rendered":"https:\/\/hutton.ee\/?post_type=product&#038;p=26366"},"modified":"2025-07-24T09:02:14","modified_gmt":"2025-07-24T09:02:14","slug":"terrassiteip-g-tape-50mm-20m","status":"publish","type":"product","link":"https:\/\/hutton.ee\/en\/toode\/terrassiteip-g-tape-50mm-20m\/","title":{"rendered":"Terrassiteip G Tape 50mm\/20m"},"content":{"rendered":"<p>G-Tape terassiteip on m\u00f5eldud peamiselt terrassi ning muude konstruktsioonide karkassi kaitsmiseks vee ja m\u00e4danemise eest.<\/p>\n<p><strong>Omadused<\/strong>:<\/p>\n<ul>\n<li>Rebitav \u2013 Teip on kergesti rebitav ning ei vaja l\u00f5ikeriistu.<\/li>\n<li>Iseparanev \u2013 Kruvide v\u00f5i naelte l\u00e4bimisel sulgeb teip k\u00f5ik avad ning p\u00fcsib endiselt veekindel<\/li>\n<li>Uuesti paigaldatav \u2013 Vea tegemisel saab ilma liimi j\u00e4lgedeta teibi kinnitada uude kohta.<\/li>\n<li>Vee ja ilmastikukindel \u2013 Teip on 100% vee ning UV valguse kindel kuni 50 aastat.<\/li>\n<li>Suur temperatuuritaluvus \u2013 Teip on kasutatav ja t\u00f6\u00f6deldav -40\u00b0C kuni +90\u00b0C Ei murdu ega pragune k\u00fclmaga.<\/li>\n<li>Suur nakkuvustugevus \u2013 Teip nakkub tugevalt peaaegu k\u00f5ikide kuivade pindade k\u00fclge.<\/li>\n<li>Terrasside ja muude ehitiste puitkarkasside katmine veekahjustuste v\u00e4ltimiseks.<\/li>\n<\/ul>\n<p><strong>Loe l\u00e4hemalt:<\/strong><\/p>\n<p><a href=\"https:\/\/hutton.ee\/mis-on-ehitusteip\/\">Mis on ehitusteip?<\/a><\/p>\n<p><strong>Vajadusel k\u00fcsi n\u00f5u:<br \/>\n<\/strong><\/p>\n<p><strong>Regina<\/strong> <a href=\"tel:5076742\">+372 507 6742<\/a> | <a href=\"mailto:regina@hutton.ee\">regina@hutton.ee<\/a><br \/>\n<strong>Neeme<\/strong> <a href=\"tel:5098168\">+372 509 8168<\/a> | <a href=\"mailto:neeme@hutton.ee\">neeme@hutton.ee<\/a><\/p>\n","protected":false},"excerpt":{"rendered":"<p><span style=\"text-decoration: underline;\"><span style=\"color: #ff0000; font-size: 12pt; text-decoration: underline;\"><strong><a style=\"color: #ff0000; text-decoration: underline;\" href=\"https:\/\/hutton.ee\/minu-konto\/\" target=\"_blank\" rel=\"noopener\">Registreeru p\u00fcsikliendiks<\/a>!<\/strong><\/span><\/span><\/p>\n","protected":false},"featured_media":26747,"template":"","meta":{"_gspb_post_css":"","_uf_show_specific_survey":0,"_uf_disable_surveys":false},"product_brand":[],"product_cat":[954,2864],"product_tag":[2899],"filtrisusteem":[],"kvaliteediklass":[],"class_list":{"0":"post-26366","1":"product","2":"type-product","3":"status-publish","4":"has-post-thumbnail","6":"product_cat-ehitusteibid","7":"product_cat-terrassiteibid","8":"product_tag-16tk","10":"first","11":"instock","12":"taxable","13":"shipping-taxable","14":"purchasable","15":"product-type-simple"},"yoast_head":"<!-- This site is optimized with the Yoast SEO Premium plugin v21.3 (Yoast SEO v27.5) - https:\/\/yoast.com\/product\/yoast-seo-premium-wordpress\/ -->\n<title>Terrassiteip G Tape 50mm\/20m - Hutton<\/title>\n<meta name=\"robots\" content=\"index, follow, max-snippet:-1, max-image-preview:large, max-video-preview:-1\" \/>\n<link rel=\"canonical\" href=\"https:\/\/hutton.ee\/toode\/terrassiteip-g-tape-50mm-20m\/\" \/>\n<meta property=\"og:locale\" content=\"en_US\" \/>\n<meta property=\"og:type\" content=\"article\" \/>\n<meta property=\"og:title\" content=\"Terrassiteip G Tape 50mm\/20m\" \/>\n<meta property=\"og:description\" content=\"Registreeru p\u00fcsikliendiks!\" \/>\n<meta property=\"og:url\" content=\"https:\/\/hutton.ee\/toode\/terrassiteip-g-tape-50mm-20m\/\" \/>\n<meta property=\"og:site_name\" content=\"Hutton\" \/>\n<meta property=\"article:publisher\" content=\"https:\/\/www.facebook.com\/huttoneesti\" \/>\n<meta property=\"article:modified_time\" content=\"2025-07-24T09:02:14+00:00\" \/>\n<meta property=\"og:image\" content=\"https:\/\/hutton.ee\/wp-content\/uploads\/2025\/01\/Terrassiteip-G-Tape.png\" \/>\n\t<meta property=\"og:image:width\" content=\"500\" \/>\n\t<meta property=\"og:image:height\" content=\"500\" \/>\n\t<meta property=\"og:image:type\" content=\"image\/png\" \/>\n<meta name=\"twitter:card\" content=\"summary_large_image\" \/>\n<meta name=\"twitter:label1\" content=\"Est. reading time\" \/>\n\t<meta name=\"twitter:data1\" content=\"1 minute\" \/>\n<script type=\"application\/ld+json\" class=\"yoast-schema-graph\">{\"@context\":\"https:\\\/\\\/schema.org\",\"@graph\":[{\"@type\":\"WebPage\",\"@id\":\"https:\\\/\\\/hutton.ee\\\/toode\\\/terrassiteip-g-tape-50mm-20m\\\/\",\"url\":\"https:\\\/\\\/hutton.ee\\\/toode\\\/terrassiteip-g-tape-50mm-20m\\\/\",\"name\":\"Terrassiteip G Tape 50mm\\\/20m - Hutton\",\"isPartOf\":{\"@id\":\"https:\\\/\\\/hutton.ee\\\/#website\"},\"primaryImageOfPage\":{\"@id\":\"https:\\\/\\\/hutton.ee\\\/toode\\\/terrassiteip-g-tape-50mm-20m\\\/#primaryimage\"},\"image\":{\"@id\":\"https:\\\/\\\/hutton.ee\\\/toode\\\/terrassiteip-g-tape-50mm-20m\\\/#primaryimage\"},\"thumbnailUrl\":\"https:\\\/\\\/hutton.ee\\\/wp-content\\\/uploads\\\/2025\\\/01\\\/Terrassiteip-G-Tape.png\",\"datePublished\":\"2025-01-28T10:30:25+00:00\",\"dateModified\":\"2025-07-24T09:02:14+00:00\",\"breadcrumb\":{\"@id\":\"https:\\\/\\\/hutton.ee\\\/toode\\\/terrassiteip-g-tape-50mm-20m\\\/#breadcrumb\"},\"inLanguage\":\"en-US\",\"potentialAction\":[{\"@type\":\"ReadAction\",\"target\":[\"https:\\\/\\\/hutton.ee\\\/toode\\\/terrassiteip-g-tape-50mm-20m\\\/\"]}]},{\"@type\":\"ImageObject\",\"inLanguage\":\"en-US\",\"@id\":\"https:\\\/\\\/hutton.ee\\\/toode\\\/terrassiteip-g-tape-50mm-20m\\\/#primaryimage\",\"url\":\"https:\\\/\\\/hutton.ee\\\/wp-content\\\/uploads\\\/2025\\\/01\\\/Terrassiteip-G-Tape.png\",\"contentUrl\":\"https:\\\/\\\/hutton.ee\\\/wp-content\\\/uploads\\\/2025\\\/01\\\/Terrassiteip-G-Tape.png\",\"width\":500,\"height\":500,\"caption\":\"Terrassiteip G Tape\"},{\"@type\":\"BreadcrumbList\",\"@id\":\"https:\\\/\\\/hutton.ee\\\/toode\\\/terrassiteip-g-tape-50mm-20m\\\/#breadcrumb\",\"itemListElement\":[{\"@type\":\"ListItem\",\"position\":1,\"name\":\"Avaleht\",\"item\":\"https:\\\/\\\/hutton.ee\\\/\"},{\"@type\":\"ListItem\",\"position\":2,\"name\":\"Shop\",\"item\":\"https:\\\/\\\/hutton.ee\\\/en\\\/shop\\\/\"},{\"@type\":\"ListItem\",\"position\":3,\"name\":\"Terrassiteip G Tape 50mm\\\/20m\"}]},{\"@type\":\"WebSite\",\"@id\":\"https:\\\/\\\/hutton.ee\\\/#website\",\"url\":\"https:\\\/\\\/hutton.ee\\\/\",\"name\":\"Hutton\",\"description\":\"Ajas kestvad ehituslahendused\",\"publisher\":{\"@id\":\"https:\\\/\\\/hutton.ee\\\/#organization\"},\"potentialAction\":[{\"@type\":\"SearchAction\",\"target\":{\"@type\":\"EntryPoint\",\"urlTemplate\":\"https:\\\/\\\/hutton.ee\\\/?s={search_term_string}\"},\"query-input\":{\"@type\":\"PropertyValueSpecification\",\"valueRequired\":true,\"valueName\":\"search_term_string\"}}],\"inLanguage\":\"en-US\"},{\"@type\":\"Organization\",\"@id\":\"https:\\\/\\\/hutton.ee\\\/#organization\",\"name\":\"Hutton - KATUS | SEIN | FASSAAD\",\"url\":\"https:\\\/\\\/hutton.ee\\\/\",\"logo\":{\"@type\":\"ImageObject\",\"inLanguage\":\"en-US\",\"@id\":\"https:\\\/\\\/hutton.ee\\\/#\\\/schema\\\/logo\\\/image\\\/\",\"url\":\"https:\\\/\\\/hutton.ee\\\/wp-content\\\/uploads\\\/2020\\\/07\\\/hutton-logo_uuendatud-01.png\",\"contentUrl\":\"https:\\\/\\\/hutton.ee\\\/wp-content\\\/uploads\\\/2020\\\/07\\\/hutton-logo_uuendatud-01.png\",\"width\":1064,\"height\":455,\"caption\":\"Hutton - KATUS | SEIN | FASSAAD\"},\"image\":{\"@id\":\"https:\\\/\\\/hutton.ee\\\/#\\\/schema\\\/logo\\\/image\\\/\"},\"sameAs\":[\"https:\\\/\\\/www.facebook.com\\\/huttoneesti\"]}]}<\/script>\n<!-- \/ Yoast SEO Premium plugin. -->","yoast_head_json":{"title":"Terrassiteip G Tape 50mm\/20m - Hutton","robots":{"index":"index","follow":"follow","max-snippet":"max-snippet:-1","max-image-preview":"max-image-preview:large","max-video-preview":"max-video-preview:-1"},"canonical":"https:\/\/hutton.ee\/toode\/terrassiteip-g-tape-50mm-20m\/","og_locale":"en_US","og_type":"article","og_title":"Terrassiteip G Tape 50mm\/20m","og_description":"Registreeru p\u00fcsikliendiks!","og_url":"https:\/\/hutton.ee\/toode\/terrassiteip-g-tape-50mm-20m\/","og_site_name":"Hutton","article_publisher":"https:\/\/www.facebook.com\/huttoneesti","article_modified_time":"2025-07-24T09:02:14+00:00","og_image":[{"width":500,"height":500,"url":"https:\/\/hutton.ee\/wp-content\/uploads\/2025\/01\/Terrassiteip-G-Tape.png","type":"image\/png"}],"twitter_card":"summary_large_image","twitter_misc":{"Est. reading time":"1 minute"},"schema":{"@context":"https:\/\/schema.org","@graph":[{"@type":"WebPage","@id":"https:\/\/hutton.ee\/toode\/terrassiteip-g-tape-50mm-20m\/","url":"https:\/\/hutton.ee\/toode\/terrassiteip-g-tape-50mm-20m\/","name":"Terrassiteip G Tape 50mm\/20m - Hutton","isPartOf":{"@id":"https:\/\/hutton.ee\/#website"},"primaryImageOfPage":{"@id":"https:\/\/hutton.ee\/toode\/terrassiteip-g-tape-50mm-20m\/#primaryimage"},"image":{"@id":"https:\/\/hutton.ee\/toode\/terrassiteip-g-tape-50mm-20m\/#primaryimage"},"thumbnailUrl":"https:\/\/hutton.ee\/wp-content\/uploads\/2025\/01\/Terrassiteip-G-Tape.png","datePublished":"2025-01-28T10:30:25+00:00","dateModified":"2025-07-24T09:02:14+00:00","breadcrumb":{"@id":"https:\/\/hutton.ee\/toode\/terrassiteip-g-tape-50mm-20m\/#breadcrumb"},"inLanguage":"en-US","potentialAction":[{"@type":"ReadAction","target":["https:\/\/hutton.ee\/toode\/terrassiteip-g-tape-50mm-20m\/"]}]},{"@type":"ImageObject","inLanguage":"en-US","@id":"https:\/\/hutton.ee\/toode\/terrassiteip-g-tape-50mm-20m\/#primaryimage","url":"https:\/\/hutton.ee\/wp-content\/uploads\/2025\/01\/Terrassiteip-G-Tape.png","contentUrl":"https:\/\/hutton.ee\/wp-content\/uploads\/2025\/01\/Terrassiteip-G-Tape.png","width":500,"height":500,"caption":"Terrassiteip G Tape"},{"@type":"BreadcrumbList","@id":"https:\/\/hutton.ee\/toode\/terrassiteip-g-tape-50mm-20m\/#breadcrumb","itemListElement":[{"@type":"ListItem","position":1,"name":"Avaleht","item":"https:\/\/hutton.ee\/"},{"@type":"ListItem","position":2,"name":"Shop","item":"https:\/\/hutton.ee\/en\/shop\/"},{"@type":"ListItem","position":3,"name":"Terrassiteip G Tape 50mm\/20m"}]},{"@type":"WebSite","@id":"https:\/\/hutton.ee\/#website","url":"https:\/\/hutton.ee\/","name":"Hutton","description":"Ajas kestvad ehituslahendused","publisher":{"@id":"https:\/\/hutton.ee\/#organization"},"potentialAction":[{"@type":"SearchAction","target":{"@type":"EntryPoint","urlTemplate":"https:\/\/hutton.ee\/?s={search_term_string}"},"query-input":{"@type":"PropertyValueSpecification","valueRequired":true,"valueName":"search_term_string"}}],"inLanguage":"en-US"},{"@type":"Organization","@id":"https:\/\/hutton.ee\/#organization","name":"Hutton - KATUS | SEIN | FASSAAD","url":"https:\/\/hutton.ee\/","logo":{"@type":"ImageObject","inLanguage":"en-US","@id":"https:\/\/hutton.ee\/#\/schema\/logo\/image\/","url":"https:\/\/hutton.ee\/wp-content\/uploads\/2020\/07\/hutton-logo_uuendatud-01.png","contentUrl":"https:\/\/hutton.ee\/wp-content\/uploads\/2020\/07\/hutton-logo_uuendatud-01.png","width":1064,"height":455,"caption":"Hutton - KATUS | SEIN | FASSAAD"},"image":{"@id":"https:\/\/hutton.ee\/#\/schema\/logo\/image\/"},"sameAs":["https:\/\/www.facebook.com\/huttoneesti"]}]}},"_links":{"self":[{"href":"https:\/\/hutton.ee\/en\/wp-json\/wp\/v2\/product\/26366","targetHints":{"allow":["GET"]}}],"collection":[{"href":"https:\/\/hutton.ee\/en\/wp-json\/wp\/v2\/product"}],"about":[{"href":"https:\/\/hutton.ee\/en\/wp-json\/wp\/v2\/types\/product"}],"wp:featuredmedia":[{"embeddable":true,"href":"https:\/\/hutton.ee\/en\/wp-json\/wp\/v2\/media\/26747"}],"wp:attachment":[{"href":"https:\/\/hutton.ee\/en\/wp-json\/wp\/v2\/media?parent=26366"}],"wp:term":[{"taxonomy":"product_brand","embeddable":true,"href":"https:\/\/hutton.ee\/en\/wp-json\/wp\/v2\/product_brand?post=26366"},{"taxonomy":"product_cat","embeddable":true,"href":"https:\/\/hutton.ee\/en\/wp-json\/wp\/v2\/product_cat?post=26366"},{"taxonomy":"product_tag","embeddable":true,"href":"https:\/\/hutton.ee\/en\/wp-json\/wp\/v2\/product_tag?post=26366"},{"taxonomy":"filtrisusteem","embeddable":true,"href":"https:\/\/hutton.ee\/en\/wp-json\/wp\/v2\/filtrisusteem?post=26366"},{"taxonomy":"kvaliteediklass","embeddable":true,"href":"https:\/\/hutton.ee\/en\/wp-json\/wp\/v2\/kvaliteediklass?post=26366"}],"curies":[{"name":"wp","href":"https:\/\/api.w.org\/{rel}","templated":true}]}}