{"id":26391,"date":"2025-01-28T11:07:13","date_gmt":"2025-01-28T11:07:13","guid":{"rendered":"https:\/\/hutton.ee\/?post_type=product&#038;p=26391"},"modified":"2025-12-12T08:29:27","modified_gmt":"2025-12-12T08:29:27","slug":"bubi-lf-primer-free-1kg","status":"publish","type":"product","link":"https:\/\/hutton.ee\/en\/toode\/bubi-lf-primer-free-1kg\/","title":{"rendered":"Bubi LF Primer Free 1kg"},"content":{"rendered":"<p data-start=\"30\" data-end=\"419\"><strong data-start=\"30\" data-end=\"44\">Kirjeldus:<\/strong><br data-start=\"44\" data-end=\"47\" \/>BUBI LF Bonding Primer on kvaliteetne, lahustivaba krunt, mis on m\u00f5eldud aluspinna ettevalmistamiseks, et parandada akr\u00fclaat-, but\u00fc\u00fcl- ja bituumen-kummist teipide nakkuvust. Sobib kasutamiseks k\u00f5igil imavatel, mineraalsetel pindadel nagu betoon, tsementkrohv, poorbetoon, tellis ja silikaattellis, mille pind on sile. Lisaks saab krunti kasutada ka pol\u00fcst\u00fcreenplaatidel.<\/p>\n<p data-start=\"421\" data-end=\"550\">BUBI LF Primer on isekleepuv ning vastupidav niiskusele ja soojusele, tagades kindla ja p\u00fcsiva tulemuse erinevates tingimustes.<\/p>\n<p data-start=\"621\" data-end=\"660\"><strong data-start=\"621\" data-end=\"640\">T\u00f6\u00f6temperatuur:<\/strong><br data-start=\"640\" data-end=\"643\" \/>-10 kuni +35 \u00b0C<\/p>\n<p data-start=\"662\" data-end=\"682\"><strong data-start=\"662\" data-end=\"680\">Kile omadused:<br \/>\n<\/strong>j\u00e4\u00e4b p\u00fcsivalt elastseks<\/p>\n<p data-start=\"712\" data-end=\"746\"><strong data-start=\"712\" data-end=\"728\">Kuivamisaeg:<\/strong><br data-start=\"728\" data-end=\"731\" \/>15\u201340 minutit<\/p>\n<p data-start=\"748\" data-end=\"776\"><strong data-start=\"748\" data-end=\"757\">Kulu:<\/strong><br data-start=\"757\" data-end=\"760\" \/>umbes 10 m\u00b2\/kg<\/p>\n<p data-start=\"778\" data-end=\"799\"><strong data-start=\"778\" data-end=\"789\">V\u00e4rvus:<\/strong><br data-start=\"789\" data-end=\"792\" \/>valge<\/p>\n<p data-start=\"801\" data-end=\"942\" data-is-last-node=\"\" data-is-only-node=\"\"><strong data-start=\"801\" data-end=\"821\">Kasutusvaldkond:<\/strong><br data-start=\"821\" data-end=\"824\" \/>Sobib ideaalselt aluspindade eelt\u00f6\u00f6tluseks enne teipide paigaldamist, tagades tugeva nakkumise ja kauakestva tulemuse.<\/p>\n<p><strong>Vajadusel k\u00fcsi n\u00f5u:<\/strong><\/p>\n<p><strong>Neeme<\/strong> <a href=\"tel:5098168\">+372 509 8168<\/a> | <a href=\"mailto:neeme@hutton.ee\">neeme@hutton.ee<\/a><\/p>\n","protected":false},"excerpt":{"rendered":"<p>Kirjeldus:BUBI LF Bonding Primer on kvaliteetne, lahustivaba krunt, mis on m\u00f5eldud aluspinna ettevalmistamiseks, et parandada akr\u00fclaat-, but\u00fc\u00fcl- ja bituumen-kummist teipide nakkuvust. Sobib kasutamiseks k\u00f5igil imavatel, mineraalsetel pindadel nagu betoon, tsementkrohv, poorbetoon, tellis ja silikaattellis, mille pind on sile. Lisaks saab krunti kasutada ka pol\u00fcst\u00fcreenplaatidel. BUBI LF Primer on isekleepuv ning vastupidav niiskusele ja soojusele, tagades [&hellip;]<\/p>\n","protected":false},"featured_media":26392,"template":"","meta":{"_gspb_post_css":"","_uf_show_specific_survey":0,"_uf_disable_surveys":false},"product_brand":[],"product_cat":[973],"product_tag":[],"filtrisusteem":[],"kvaliteediklass":[],"class_list":{"0":"post-26391","1":"product","2":"type-product","3":"status-publish","4":"has-post-thumbnail","6":"product_cat-maaramata","8":"first","9":"instock","10":"taxable","11":"shipping-taxable","12":"purchasable","13":"product-type-simple"},"yoast_head":"<!-- This site is optimized with the Yoast SEO Premium plugin v21.3 (Yoast SEO v27.5) - https:\/\/yoast.com\/product\/yoast-seo-premium-wordpress\/ -->\n<title>Bubi LF Primer Free 1kg - Hutton<\/title>\n<meta name=\"description\" content=\"BUBI LF Primer on lahustivaba krunt teipide nakkuvuse parandamiseks mineraalsetel pindadel. Sobib betoonile ja tellisele, t\u00f6\u00f6temperatuur \u221210 kuni +35 \u00b0C.\" \/>\n<meta name=\"robots\" content=\"index, follow, max-snippet:-1, max-image-preview:large, max-video-preview:-1\" \/>\n<link rel=\"canonical\" href=\"https:\/\/hutton.ee\/toode\/bubi-lf-primer-free-1kg\/\" \/>\n<meta property=\"og:locale\" content=\"en_US\" \/>\n<meta property=\"og:type\" content=\"article\" \/>\n<meta property=\"og:title\" content=\"Bubi LF Primer Free 1kg\" \/>\n<meta property=\"og:description\" content=\"BUBI LF Primer on lahustivaba krunt teipide nakkuvuse parandamiseks mineraalsetel pindadel. Sobib betoonile ja tellisele, t\u00f6\u00f6temperatuur \u221210 kuni +35 \u00b0C.\" \/>\n<meta property=\"og:url\" content=\"https:\/\/hutton.ee\/toode\/bubi-lf-primer-free-1kg\/\" \/>\n<meta property=\"og:site_name\" content=\"Hutton\" \/>\n<meta property=\"article:publisher\" content=\"https:\/\/www.facebook.com\/huttoneesti\" \/>\n<meta property=\"article:modified_time\" content=\"2025-12-12T08:29:27+00:00\" \/>\n<meta property=\"og:image\" content=\"https:\/\/hutton.ee\/wp-content\/uploads\/2025\/01\/1481759805874_bubilfprimer.jpg\" \/>\n\t<meta property=\"og:image:width\" content=\"800\" \/>\n\t<meta property=\"og:image:height\" content=\"534\" \/>\n\t<meta property=\"og:image:type\" content=\"image\/jpeg\" \/>\n<meta name=\"twitter:card\" content=\"summary_large_image\" \/>\n<meta name=\"twitter:label1\" content=\"Est. reading time\" \/>\n\t<meta name=\"twitter:data1\" content=\"1 minute\" \/>\n<script type=\"application\/ld+json\" class=\"yoast-schema-graph\">{\"@context\":\"https:\\\/\\\/schema.org\",\"@graph\":[{\"@type\":\"WebPage\",\"@id\":\"https:\\\/\\\/hutton.ee\\\/toode\\\/bubi-lf-primer-free-1kg\\\/\",\"url\":\"https:\\\/\\\/hutton.ee\\\/toode\\\/bubi-lf-primer-free-1kg\\\/\",\"name\":\"Bubi LF Primer Free 1kg - Hutton\",\"isPartOf\":{\"@id\":\"https:\\\/\\\/hutton.ee\\\/#website\"},\"primaryImageOfPage\":{\"@id\":\"https:\\\/\\\/hutton.ee\\\/toode\\\/bubi-lf-primer-free-1kg\\\/#primaryimage\"},\"image\":{\"@id\":\"https:\\\/\\\/hutton.ee\\\/toode\\\/bubi-lf-primer-free-1kg\\\/#primaryimage\"},\"thumbnailUrl\":\"https:\\\/\\\/hutton.ee\\\/wp-content\\\/uploads\\\/2025\\\/01\\\/1481759805874_bubilfprimer.jpg\",\"datePublished\":\"2025-01-28T11:07:13+00:00\",\"dateModified\":\"2025-12-12T08:29:27+00:00\",\"description\":\"BUBI LF Primer on lahustivaba krunt teipide nakkuvuse parandamiseks mineraalsetel pindadel. Sobib betoonile ja tellisele, t\u00f6\u00f6temperatuur \u221210 kuni +35 \u00b0C.\",\"breadcrumb\":{\"@id\":\"https:\\\/\\\/hutton.ee\\\/toode\\\/bubi-lf-primer-free-1kg\\\/#breadcrumb\"},\"inLanguage\":\"en-US\",\"potentialAction\":[{\"@type\":\"ReadAction\",\"target\":[\"https:\\\/\\\/hutton.ee\\\/toode\\\/bubi-lf-primer-free-1kg\\\/\"]}]},{\"@type\":\"ImageObject\",\"inLanguage\":\"en-US\",\"@id\":\"https:\\\/\\\/hutton.ee\\\/toode\\\/bubi-lf-primer-free-1kg\\\/#primaryimage\",\"url\":\"https:\\\/\\\/hutton.ee\\\/wp-content\\\/uploads\\\/2025\\\/01\\\/1481759805874_bubilfprimer.jpg\",\"contentUrl\":\"https:\\\/\\\/hutton.ee\\\/wp-content\\\/uploads\\\/2025\\\/01\\\/1481759805874_bubilfprimer.jpg\",\"width\":800,\"height\":534,\"caption\":\"Bubi LF Primer Free 1kg\"},{\"@type\":\"BreadcrumbList\",\"@id\":\"https:\\\/\\\/hutton.ee\\\/toode\\\/bubi-lf-primer-free-1kg\\\/#breadcrumb\",\"itemListElement\":[{\"@type\":\"ListItem\",\"position\":1,\"name\":\"Avaleht\",\"item\":\"https:\\\/\\\/hutton.ee\\\/\"},{\"@type\":\"ListItem\",\"position\":2,\"name\":\"Shop\",\"item\":\"https:\\\/\\\/hutton.ee\\\/en\\\/shop\\\/\"},{\"@type\":\"ListItem\",\"position\":3,\"name\":\"Bubi LF Primer Free 1kg\"}]},{\"@type\":\"WebSite\",\"@id\":\"https:\\\/\\\/hutton.ee\\\/#website\",\"url\":\"https:\\\/\\\/hutton.ee\\\/\",\"name\":\"Hutton\",\"description\":\"Ajas kestvad ehituslahendused\",\"publisher\":{\"@id\":\"https:\\\/\\\/hutton.ee\\\/#organization\"},\"potentialAction\":[{\"@type\":\"SearchAction\",\"target\":{\"@type\":\"EntryPoint\",\"urlTemplate\":\"https:\\\/\\\/hutton.ee\\\/?s={search_term_string}\"},\"query-input\":{\"@type\":\"PropertyValueSpecification\",\"valueRequired\":true,\"valueName\":\"search_term_string\"}}],\"inLanguage\":\"en-US\"},{\"@type\":\"Organization\",\"@id\":\"https:\\\/\\\/hutton.ee\\\/#organization\",\"name\":\"Hutton - KATUS | SEIN | FASSAAD\",\"url\":\"https:\\\/\\\/hutton.ee\\\/\",\"logo\":{\"@type\":\"ImageObject\",\"inLanguage\":\"en-US\",\"@id\":\"https:\\\/\\\/hutton.ee\\\/#\\\/schema\\\/logo\\\/image\\\/\",\"url\":\"https:\\\/\\\/hutton.ee\\\/wp-content\\\/uploads\\\/2020\\\/07\\\/hutton-logo_uuendatud-01.png\",\"contentUrl\":\"https:\\\/\\\/hutton.ee\\\/wp-content\\\/uploads\\\/2020\\\/07\\\/hutton-logo_uuendatud-01.png\",\"width\":1064,\"height\":455,\"caption\":\"Hutton - KATUS | SEIN | FASSAAD\"},\"image\":{\"@id\":\"https:\\\/\\\/hutton.ee\\\/#\\\/schema\\\/logo\\\/image\\\/\"},\"sameAs\":[\"https:\\\/\\\/www.facebook.com\\\/huttoneesti\"]}]}<\/script>\n<!-- \/ Yoast SEO Premium plugin. -->","yoast_head_json":{"title":"Bubi LF Primer Free 1kg - Hutton","description":"BUBI LF Primer on lahustivaba krunt teipide nakkuvuse parandamiseks mineraalsetel pindadel. Sobib betoonile ja tellisele, t\u00f6\u00f6temperatuur \u221210 kuni +35 \u00b0C.","robots":{"index":"index","follow":"follow","max-snippet":"max-snippet:-1","max-image-preview":"max-image-preview:large","max-video-preview":"max-video-preview:-1"},"canonical":"https:\/\/hutton.ee\/toode\/bubi-lf-primer-free-1kg\/","og_locale":"en_US","og_type":"article","og_title":"Bubi LF Primer Free 1kg","og_description":"BUBI LF Primer on lahustivaba krunt teipide nakkuvuse parandamiseks mineraalsetel pindadel. Sobib betoonile ja tellisele, t\u00f6\u00f6temperatuur \u221210 kuni +35 \u00b0C.","og_url":"https:\/\/hutton.ee\/toode\/bubi-lf-primer-free-1kg\/","og_site_name":"Hutton","article_publisher":"https:\/\/www.facebook.com\/huttoneesti","article_modified_time":"2025-12-12T08:29:27+00:00","og_image":[{"width":800,"height":534,"url":"https:\/\/hutton.ee\/wp-content\/uploads\/2025\/01\/1481759805874_bubilfprimer.jpg","type":"image\/jpeg"}],"twitter_card":"summary_large_image","twitter_misc":{"Est. reading time":"1 minute"},"schema":{"@context":"https:\/\/schema.org","@graph":[{"@type":"WebPage","@id":"https:\/\/hutton.ee\/toode\/bubi-lf-primer-free-1kg\/","url":"https:\/\/hutton.ee\/toode\/bubi-lf-primer-free-1kg\/","name":"Bubi LF Primer Free 1kg - Hutton","isPartOf":{"@id":"https:\/\/hutton.ee\/#website"},"primaryImageOfPage":{"@id":"https:\/\/hutton.ee\/toode\/bubi-lf-primer-free-1kg\/#primaryimage"},"image":{"@id":"https:\/\/hutton.ee\/toode\/bubi-lf-primer-free-1kg\/#primaryimage"},"thumbnailUrl":"https:\/\/hutton.ee\/wp-content\/uploads\/2025\/01\/1481759805874_bubilfprimer.jpg","datePublished":"2025-01-28T11:07:13+00:00","dateModified":"2025-12-12T08:29:27+00:00","description":"BUBI LF Primer on lahustivaba krunt teipide nakkuvuse parandamiseks mineraalsetel pindadel. Sobib betoonile ja tellisele, t\u00f6\u00f6temperatuur \u221210 kuni +35 \u00b0C.","breadcrumb":{"@id":"https:\/\/hutton.ee\/toode\/bubi-lf-primer-free-1kg\/#breadcrumb"},"inLanguage":"en-US","potentialAction":[{"@type":"ReadAction","target":["https:\/\/hutton.ee\/toode\/bubi-lf-primer-free-1kg\/"]}]},{"@type":"ImageObject","inLanguage":"en-US","@id":"https:\/\/hutton.ee\/toode\/bubi-lf-primer-free-1kg\/#primaryimage","url":"https:\/\/hutton.ee\/wp-content\/uploads\/2025\/01\/1481759805874_bubilfprimer.jpg","contentUrl":"https:\/\/hutton.ee\/wp-content\/uploads\/2025\/01\/1481759805874_bubilfprimer.jpg","width":800,"height":534,"caption":"Bubi LF Primer Free 1kg"},{"@type":"BreadcrumbList","@id":"https:\/\/hutton.ee\/toode\/bubi-lf-primer-free-1kg\/#breadcrumb","itemListElement":[{"@type":"ListItem","position":1,"name":"Avaleht","item":"https:\/\/hutton.ee\/"},{"@type":"ListItem","position":2,"name":"Shop","item":"https:\/\/hutton.ee\/en\/shop\/"},{"@type":"ListItem","position":3,"name":"Bubi LF Primer Free 1kg"}]},{"@type":"WebSite","@id":"https:\/\/hutton.ee\/#website","url":"https:\/\/hutton.ee\/","name":"Hutton","description":"Ajas kestvad ehituslahendused","publisher":{"@id":"https:\/\/hutton.ee\/#organization"},"potentialAction":[{"@type":"SearchAction","target":{"@type":"EntryPoint","urlTemplate":"https:\/\/hutton.ee\/?s={search_term_string}"},"query-input":{"@type":"PropertyValueSpecification","valueRequired":true,"valueName":"search_term_string"}}],"inLanguage":"en-US"},{"@type":"Organization","@id":"https:\/\/hutton.ee\/#organization","name":"Hutton - KATUS | SEIN | FASSAAD","url":"https:\/\/hutton.ee\/","logo":{"@type":"ImageObject","inLanguage":"en-US","@id":"https:\/\/hutton.ee\/#\/schema\/logo\/image\/","url":"https:\/\/hutton.ee\/wp-content\/uploads\/2020\/07\/hutton-logo_uuendatud-01.png","contentUrl":"https:\/\/hutton.ee\/wp-content\/uploads\/2020\/07\/hutton-logo_uuendatud-01.png","width":1064,"height":455,"caption":"Hutton - KATUS | SEIN | FASSAAD"},"image":{"@id":"https:\/\/hutton.ee\/#\/schema\/logo\/image\/"},"sameAs":["https:\/\/www.facebook.com\/huttoneesti"]}]}},"_links":{"self":[{"href":"https:\/\/hutton.ee\/en\/wp-json\/wp\/v2\/product\/26391","targetHints":{"allow":["GET"]}}],"collection":[{"href":"https:\/\/hutton.ee\/en\/wp-json\/wp\/v2\/product"}],"about":[{"href":"https:\/\/hutton.ee\/en\/wp-json\/wp\/v2\/types\/product"}],"wp:featuredmedia":[{"embeddable":true,"href":"https:\/\/hutton.ee\/en\/wp-json\/wp\/v2\/media\/26392"}],"wp:attachment":[{"href":"https:\/\/hutton.ee\/en\/wp-json\/wp\/v2\/media?parent=26391"}],"wp:term":[{"taxonomy":"product_brand","embeddable":true,"href":"https:\/\/hutton.ee\/en\/wp-json\/wp\/v2\/product_brand?post=26391"},{"taxonomy":"product_cat","embeddable":true,"href":"https:\/\/hutton.ee\/en\/wp-json\/wp\/v2\/product_cat?post=26391"},{"taxonomy":"product_tag","embeddable":true,"href":"https:\/\/hutton.ee\/en\/wp-json\/wp\/v2\/product_tag?post=26391"},{"taxonomy":"filtrisusteem","embeddable":true,"href":"https:\/\/hutton.ee\/en\/wp-json\/wp\/v2\/filtrisusteem?post=26391"},{"taxonomy":"kvaliteediklass","embeddable":true,"href":"https:\/\/hutton.ee\/en\/wp-json\/wp\/v2\/kvaliteediklass?post=26391"}],"curies":[{"name":"wp","href":"https:\/\/api.w.org\/{rel}","templated":true}]}}