{"id":26493,"date":"2025-01-28T13:43:34","date_gmt":"2025-01-28T13:43:34","guid":{"rendered":"https:\/\/hutton.ee\/?post_type=product&#038;p=26493"},"modified":"2026-03-19T11:40:37","modified_gmt":"2026-03-19T11:40:37","slug":"eps-50-graanul-200l","status":"publish","type":"product","link":"https:\/\/hutton.ee\/en\/toode\/eps-50-graanul-200l\/","title":{"rendered":"EPS 50 Graanul 200L"},"content":{"rendered":"<p>EPS graanulid on toodetud EPS plaatide \u00fcmbert\u00f6\u00f6tlemisel neid purustades ja need on mahukaaluga vahemikus 15kg\/m3 ning terasuurusega 3-8 mm.Turustame EPS graanuleid 200l kottides. Graanulite hind s\u00f5ltub mahukaalust \u2013 mida raskem graanul, seda kallim. Erisoovi korra palun helistada v\u00f5i kirjutada.<\/p>\n<p>Sobib kasutamiseks:<\/p>\n<ol>\n<li>p\u00f5randate soojustamisel paigaldatuna p\u00f5randalaagide vahele<\/li>\n<\/ol>\n<p>2) p\u00f5randate ja lagede soojustamisel paigaldatuna kandekonstruktsiooni alla<\/p>\n<p>3) v\u00e4lis- ja vaheseinte soojustamisel karkasskonstruktsioonides<\/p>\n<p>4) katus- ja vahelagede soojustamisel karkasskonstruktsioonides<\/p>\n<p>5) lamekatuste soojustamisel ja mitmekihiliste v\u00e4lisseinte soojustamisel.<\/p>\n<p>6) kott-toolide t\u00e4itmiseks<\/p>\n<p>Vahtpol\u00fcst\u00fcreen (vahtpol\u00fcst\u00fcrool) EPS (EXPANDED POLYSTYRENE ) on v\u00e4ikese tihedusega poorne soojusisolatsioonimaterjal, mis koosneb 98% ulatuses \u00f5hust. EPSi graanulitel on osaliselt avatud mikropoorid, kuhu vesi ei tungi, kuid veeauru liikumine neis toimub. Taoline mikropoorne homogeenne materjal tagab soojustatavale konstruktsioonile suurep\u00e4rased ehitusf\u00fc\u00fcsikalised ja mehaanilised omadused.<\/p>\n<p><strong>Vajadusel k\u00fcsi n\u00f5u:<br \/>\n<\/strong><\/p>\n<p><b>Eiko <\/b><a href=\"tel:5094950\">+372 509 4950<\/a> | <a href=\"mailto:regina@hutton.ee\">eiko@hutton.ee<\/a><\/p>\n","protected":false},"excerpt":{"rendered":"<p><span style=\"text-decoration: underline;\"><span style=\"color: #ff0000; font-size: 12pt; text-decoration: underline;\"><strong><a style=\"color: #ff0000; text-decoration: underline;\" href=\"https:\/\/hutton.ee\/minu-konto\/\" target=\"_blank\" rel=\"noopener\">Registreeru p\u00fcsikliendiks<\/a>!<\/strong><\/span><\/span><\/p>\n","protected":false},"featured_media":26735,"template":"","meta":{"_gspb_post_css":"","_uf_show_specific_survey":0,"_uf_disable_surveys":false},"product_brand":[],"product_cat":[1968],"product_tag":[1258],"filtrisusteem":[],"kvaliteediklass":[],"class_list":{"0":"post-26493","1":"product","2":"type-product","3":"status-publish","4":"has-post-thumbnail","6":"product_cat-thermowhite","7":"product_tag-ei_pakiautomaat","9":"first","10":"outofstock","11":"taxable","12":"shipping-taxable","13":"purchasable","14":"product-type-simple"},"yoast_head":"<!-- This site is optimized with the Yoast SEO Premium plugin v21.3 (Yoast SEO v27.3) - https:\/\/yoast.com\/product\/yoast-seo-premium-wordpress\/ -->\n<title>EPS 50 Graanul 200L - Hutton<\/title>\n<meta name=\"description\" content=\"EPS graanulid 3\u20138 mm on kerged soojustusgraanulid p\u00f5randate, seinte ja lagede soojustamiseks. Sobivad karkass- ja lamekatustele ning kott-toolide t\u00e4iteks.\" \/>\n<meta name=\"robots\" content=\"index, follow, max-snippet:-1, max-image-preview:large, max-video-preview:-1\" \/>\n<link rel=\"canonical\" href=\"https:\/\/hutton.ee\/toode\/eps-50-graanul-200l\/\" \/>\n<meta property=\"og:locale\" content=\"en_US\" \/>\n<meta property=\"og:type\" content=\"article\" \/>\n<meta property=\"og:title\" content=\"EPS 50 Graanul 200L\" \/>\n<meta property=\"og:description\" content=\"EPS graanulid 3\u20138 mm on kerged soojustusgraanulid p\u00f5randate, seinte ja lagede soojustamiseks. Sobivad karkass- ja lamekatustele ning kott-toolide t\u00e4iteks.\" \/>\n<meta property=\"og:url\" content=\"https:\/\/hutton.ee\/toode\/eps-50-graanul-200l\/\" \/>\n<meta property=\"og:site_name\" content=\"Hutton\" \/>\n<meta property=\"article:publisher\" content=\"https:\/\/www.facebook.com\/huttoneesti\" \/>\n<meta property=\"article:modified_time\" content=\"2026-03-19T11:40:37+00:00\" \/>\n<meta property=\"og:image\" content=\"https:\/\/hutton.ee\/wp-content\/uploads\/2024\/03\/EPS-50-Graanul.png\" \/>\n\t<meta property=\"og:image:width\" content=\"500\" \/>\n\t<meta property=\"og:image:height\" content=\"500\" \/>\n\t<meta property=\"og:image:type\" content=\"image\/png\" \/>\n<meta name=\"twitter:card\" content=\"summary_large_image\" \/>\n<meta name=\"twitter:label1\" content=\"Est. reading time\" \/>\n\t<meta name=\"twitter:data1\" content=\"1 minute\" \/>\n<script type=\"application\/ld+json\" class=\"yoast-schema-graph\">{\"@context\":\"https:\\\/\\\/schema.org\",\"@graph\":[{\"@type\":\"WebPage\",\"@id\":\"https:\\\/\\\/hutton.ee\\\/toode\\\/eps-50-graanul-200l\\\/\",\"url\":\"https:\\\/\\\/hutton.ee\\\/toode\\\/eps-50-graanul-200l\\\/\",\"name\":\"EPS 50 Graanul 200L - Hutton\",\"isPartOf\":{\"@id\":\"https:\\\/\\\/hutton.ee\\\/#website\"},\"primaryImageOfPage\":{\"@id\":\"https:\\\/\\\/hutton.ee\\\/toode\\\/eps-50-graanul-200l\\\/#primaryimage\"},\"image\":{\"@id\":\"https:\\\/\\\/hutton.ee\\\/toode\\\/eps-50-graanul-200l\\\/#primaryimage\"},\"thumbnailUrl\":\"https:\\\/\\\/hutton.ee\\\/wp-content\\\/uploads\\\/2024\\\/03\\\/EPS-50-Graanul.png\",\"datePublished\":\"2025-01-28T13:43:34+00:00\",\"dateModified\":\"2026-03-19T11:40:37+00:00\",\"description\":\"EPS graanulid 3\u20138 mm on kerged soojustusgraanulid p\u00f5randate, seinte ja lagede soojustamiseks. Sobivad karkass- ja lamekatustele ning kott-toolide t\u00e4iteks.\",\"breadcrumb\":{\"@id\":\"https:\\\/\\\/hutton.ee\\\/toode\\\/eps-50-graanul-200l\\\/#breadcrumb\"},\"inLanguage\":\"en-US\",\"potentialAction\":[{\"@type\":\"ReadAction\",\"target\":[\"https:\\\/\\\/hutton.ee\\\/toode\\\/eps-50-graanul-200l\\\/\"]}]},{\"@type\":\"ImageObject\",\"inLanguage\":\"en-US\",\"@id\":\"https:\\\/\\\/hutton.ee\\\/toode\\\/eps-50-graanul-200l\\\/#primaryimage\",\"url\":\"https:\\\/\\\/hutton.ee\\\/wp-content\\\/uploads\\\/2024\\\/03\\\/EPS-50-Graanul.png\",\"contentUrl\":\"https:\\\/\\\/hutton.ee\\\/wp-content\\\/uploads\\\/2024\\\/03\\\/EPS-50-Graanul.png\",\"width\":500,\"height\":500,\"caption\":\"EPS 50 Graanul\"},{\"@type\":\"BreadcrumbList\",\"@id\":\"https:\\\/\\\/hutton.ee\\\/toode\\\/eps-50-graanul-200l\\\/#breadcrumb\",\"itemListElement\":[{\"@type\":\"ListItem\",\"position\":1,\"name\":\"Avaleht\",\"item\":\"https:\\\/\\\/hutton.ee\\\/\"},{\"@type\":\"ListItem\",\"position\":2,\"name\":\"Shop\",\"item\":\"https:\\\/\\\/hutton.ee\\\/en\\\/shop\\\/\"},{\"@type\":\"ListItem\",\"position\":3,\"name\":\"EPS 50 Graanul 200L\"}]},{\"@type\":\"WebSite\",\"@id\":\"https:\\\/\\\/hutton.ee\\\/#website\",\"url\":\"https:\\\/\\\/hutton.ee\\\/\",\"name\":\"Hutton\",\"description\":\"Ajas kestvad ehituslahendused\",\"publisher\":{\"@id\":\"https:\\\/\\\/hutton.ee\\\/#organization\"},\"potentialAction\":[{\"@type\":\"SearchAction\",\"target\":{\"@type\":\"EntryPoint\",\"urlTemplate\":\"https:\\\/\\\/hutton.ee\\\/?s={search_term_string}\"},\"query-input\":{\"@type\":\"PropertyValueSpecification\",\"valueRequired\":true,\"valueName\":\"search_term_string\"}}],\"inLanguage\":\"en-US\"},{\"@type\":\"Organization\",\"@id\":\"https:\\\/\\\/hutton.ee\\\/#organization\",\"name\":\"Hutton - KATUS | SEIN | FASSAAD\",\"url\":\"https:\\\/\\\/hutton.ee\\\/\",\"logo\":{\"@type\":\"ImageObject\",\"inLanguage\":\"en-US\",\"@id\":\"https:\\\/\\\/hutton.ee\\\/#\\\/schema\\\/logo\\\/image\\\/\",\"url\":\"https:\\\/\\\/hutton.ee\\\/wp-content\\\/uploads\\\/2020\\\/07\\\/hutton-logo_uuendatud-01.png\",\"contentUrl\":\"https:\\\/\\\/hutton.ee\\\/wp-content\\\/uploads\\\/2020\\\/07\\\/hutton-logo_uuendatud-01.png\",\"width\":1064,\"height\":455,\"caption\":\"Hutton - KATUS | SEIN | FASSAAD\"},\"image\":{\"@id\":\"https:\\\/\\\/hutton.ee\\\/#\\\/schema\\\/logo\\\/image\\\/\"},\"sameAs\":[\"https:\\\/\\\/www.facebook.com\\\/huttoneesti\"]}]}<\/script>\n<!-- \/ Yoast SEO Premium plugin. -->","yoast_head_json":{"title":"EPS 50 Graanul 200L - Hutton","description":"EPS graanulid 3\u20138 mm on kerged soojustusgraanulid p\u00f5randate, seinte ja lagede soojustamiseks. Sobivad karkass- ja lamekatustele ning kott-toolide t\u00e4iteks.","robots":{"index":"index","follow":"follow","max-snippet":"max-snippet:-1","max-image-preview":"max-image-preview:large","max-video-preview":"max-video-preview:-1"},"canonical":"https:\/\/hutton.ee\/toode\/eps-50-graanul-200l\/","og_locale":"en_US","og_type":"article","og_title":"EPS 50 Graanul 200L","og_description":"EPS graanulid 3\u20138 mm on kerged soojustusgraanulid p\u00f5randate, seinte ja lagede soojustamiseks. Sobivad karkass- ja lamekatustele ning kott-toolide t\u00e4iteks.","og_url":"https:\/\/hutton.ee\/toode\/eps-50-graanul-200l\/","og_site_name":"Hutton","article_publisher":"https:\/\/www.facebook.com\/huttoneesti","article_modified_time":"2026-03-19T11:40:37+00:00","og_image":[{"width":500,"height":500,"url":"https:\/\/hutton.ee\/wp-content\/uploads\/2024\/03\/EPS-50-Graanul.png","type":"image\/png"}],"twitter_card":"summary_large_image","twitter_misc":{"Est. reading time":"1 minute"},"schema":{"@context":"https:\/\/schema.org","@graph":[{"@type":"WebPage","@id":"https:\/\/hutton.ee\/toode\/eps-50-graanul-200l\/","url":"https:\/\/hutton.ee\/toode\/eps-50-graanul-200l\/","name":"EPS 50 Graanul 200L - Hutton","isPartOf":{"@id":"https:\/\/hutton.ee\/#website"},"primaryImageOfPage":{"@id":"https:\/\/hutton.ee\/toode\/eps-50-graanul-200l\/#primaryimage"},"image":{"@id":"https:\/\/hutton.ee\/toode\/eps-50-graanul-200l\/#primaryimage"},"thumbnailUrl":"https:\/\/hutton.ee\/wp-content\/uploads\/2024\/03\/EPS-50-Graanul.png","datePublished":"2025-01-28T13:43:34+00:00","dateModified":"2026-03-19T11:40:37+00:00","description":"EPS graanulid 3\u20138 mm on kerged soojustusgraanulid p\u00f5randate, seinte ja lagede soojustamiseks. Sobivad karkass- ja lamekatustele ning kott-toolide t\u00e4iteks.","breadcrumb":{"@id":"https:\/\/hutton.ee\/toode\/eps-50-graanul-200l\/#breadcrumb"},"inLanguage":"en-US","potentialAction":[{"@type":"ReadAction","target":["https:\/\/hutton.ee\/toode\/eps-50-graanul-200l\/"]}]},{"@type":"ImageObject","inLanguage":"en-US","@id":"https:\/\/hutton.ee\/toode\/eps-50-graanul-200l\/#primaryimage","url":"https:\/\/hutton.ee\/wp-content\/uploads\/2024\/03\/EPS-50-Graanul.png","contentUrl":"https:\/\/hutton.ee\/wp-content\/uploads\/2024\/03\/EPS-50-Graanul.png","width":500,"height":500,"caption":"EPS 50 Graanul"},{"@type":"BreadcrumbList","@id":"https:\/\/hutton.ee\/toode\/eps-50-graanul-200l\/#breadcrumb","itemListElement":[{"@type":"ListItem","position":1,"name":"Avaleht","item":"https:\/\/hutton.ee\/"},{"@type":"ListItem","position":2,"name":"Shop","item":"https:\/\/hutton.ee\/en\/shop\/"},{"@type":"ListItem","position":3,"name":"EPS 50 Graanul 200L"}]},{"@type":"WebSite","@id":"https:\/\/hutton.ee\/#website","url":"https:\/\/hutton.ee\/","name":"Hutton","description":"Ajas kestvad ehituslahendused","publisher":{"@id":"https:\/\/hutton.ee\/#organization"},"potentialAction":[{"@type":"SearchAction","target":{"@type":"EntryPoint","urlTemplate":"https:\/\/hutton.ee\/?s={search_term_string}"},"query-input":{"@type":"PropertyValueSpecification","valueRequired":true,"valueName":"search_term_string"}}],"inLanguage":"en-US"},{"@type":"Organization","@id":"https:\/\/hutton.ee\/#organization","name":"Hutton - KATUS | SEIN | FASSAAD","url":"https:\/\/hutton.ee\/","logo":{"@type":"ImageObject","inLanguage":"en-US","@id":"https:\/\/hutton.ee\/#\/schema\/logo\/image\/","url":"https:\/\/hutton.ee\/wp-content\/uploads\/2020\/07\/hutton-logo_uuendatud-01.png","contentUrl":"https:\/\/hutton.ee\/wp-content\/uploads\/2020\/07\/hutton-logo_uuendatud-01.png","width":1064,"height":455,"caption":"Hutton - KATUS | SEIN | FASSAAD"},"image":{"@id":"https:\/\/hutton.ee\/#\/schema\/logo\/image\/"},"sameAs":["https:\/\/www.facebook.com\/huttoneesti"]}]}},"_links":{"self":[{"href":"https:\/\/hutton.ee\/en\/wp-json\/wp\/v2\/product\/26493","targetHints":{"allow":["GET"]}}],"collection":[{"href":"https:\/\/hutton.ee\/en\/wp-json\/wp\/v2\/product"}],"about":[{"href":"https:\/\/hutton.ee\/en\/wp-json\/wp\/v2\/types\/product"}],"wp:featuredmedia":[{"embeddable":true,"href":"https:\/\/hutton.ee\/en\/wp-json\/wp\/v2\/media\/26735"}],"wp:attachment":[{"href":"https:\/\/hutton.ee\/en\/wp-json\/wp\/v2\/media?parent=26493"}],"wp:term":[{"taxonomy":"product_brand","embeddable":true,"href":"https:\/\/hutton.ee\/en\/wp-json\/wp\/v2\/product_brand?post=26493"},{"taxonomy":"product_cat","embeddable":true,"href":"https:\/\/hutton.ee\/en\/wp-json\/wp\/v2\/product_cat?post=26493"},{"taxonomy":"product_tag","embeddable":true,"href":"https:\/\/hutton.ee\/en\/wp-json\/wp\/v2\/product_tag?post=26493"},{"taxonomy":"filtrisusteem","embeddable":true,"href":"https:\/\/hutton.ee\/en\/wp-json\/wp\/v2\/filtrisusteem?post=26493"},{"taxonomy":"kvaliteediklass","embeddable":true,"href":"https:\/\/hutton.ee\/en\/wp-json\/wp\/v2\/kvaliteediklass?post=26493"}],"curies":[{"name":"wp","href":"https:\/\/api.w.org\/{rel}","templated":true}]}}