{"id":26945,"date":"2025-02-11T07:04:53","date_gmt":"2025-02-11T07:04:53","guid":{"rendered":"https:\/\/hutton.ee\/?post_type=product&#038;p=26945"},"modified":"2026-03-17T08:28:12","modified_gmt":"2026-03-17T08:28:12","slug":"ehitusfuusika-materjalitehnoloogiad-tartu-koolitus-26-02-2025-4h","status":"publish","type":"product","link":"https:\/\/hutton.ee\/en\/toode\/ehitusfuusika-materjalitehnoloogiad-tartu-koolitus-26-02-2025-4h\/","title":{"rendered":"Ehitusf\u00fc\u00fcsika &#038; materjalitehnoloogiad: Tartu koolitus 26.02.2025 (4h)"},"content":{"rendered":"<p><strong>Ehituskoolitus: Ehitusf\u00fc\u00fcsika &amp; materjalitehnoloogiad<\/strong><\/p>\n<p>See koolitus annab p\u00f5hjaliku \u00fclevaate ehitusf\u00fc\u00fcsika p\u00f5him\u00f5tetest ja t\u00e4nap\u00e4evaste ehitusmaterjalide toimivusest. Osalejad saavad praktilisi teadmisi ja n\u00e4pun\u00e4iteid, mis aitavad v\u00e4ltida ehitusvigu ning tagada hoonete vastupidavus, energiat\u00f5husus ja pikaealisus. Koolitus on \u00fcles ehitatud teemade kaupa ning sisaldab nii teooriat kui ka reaalseid n\u00e4iteid elust enesest.<\/p>\n<p><strong>1. Niiskus<\/strong><\/p>\n<ul>\n<li>Niiskuse esinemise erinevad viisid ja olekud<\/li>\n<li>Niiskuse liikumise viisid<br \/>\n&#8211; difusioon<br \/>\n&#8211; konvektsioon<\/li>\n<li>Niiskusega seotud probleemid<\/li>\n<li>Niiskuse allikad hoonetes<\/li>\n<li>Absoluutne ja suhteline niiskus<\/li>\n<li>Niiskuslisa<\/li>\n<li>Kastepunkt<\/li>\n<li>Niiskus saunas ja selle m\u00f5ju tarinditele<\/li>\n<li>Soojuse liikumise erinevad viisid ning nende seos niiskusega<\/li>\n<\/ul>\n<p><strong>2. <a href=\"https:\/\/hutton.ee\/tootekategooria\/aluskatted\/\">Aluskatted<\/a><\/strong><\/p>\n<ul>\n<li>Aluskatte materjalide funktsioonid ja ehitusf\u00fc\u00fcsikaline roll<\/li>\n<li>Diffuussete membraanide koostisosad<\/li>\n<li>Membraanide valmistamise tehnoloogiad<\/li>\n<li>Aluskatete toimivus<\/li>\n<li>Tehniliste andmete leht<\/li>\n<li>Toimivusdeklaratsioon, CE<\/li>\n<li>Aluskatete v\u00f5rdlemine<\/li>\n<li>Aluskatted Eesti turul<\/li>\n<li>Aluskatete paigaldamine<\/li>\n<li>Aluskatete tihendamine<\/li>\n<li>Enamlevinud probleemid paigaldamisel<\/li>\n<li>Aluskatete m\u00fc\u00fcdid-linnalegendid<\/li>\n<li>Katuse tuulduvusega seotud ehitusf\u00fc\u00fcsika<\/li>\n<li>Erinevate aluskatete v\u00f5rdlev anal\u00fc\u00fcs<\/li>\n<\/ul>\n<p><strong>3. <a href=\"https:\/\/hutton.ee\/tootekategooria\/tuuletokked\/\">Tuulet\u00f5kked<\/a><\/strong><\/p>\n<ul>\n<li>Tuulet\u00f5kke materjalide funktsioonid<\/li>\n<li>Tehniliste andmete leht, toimivus-deklaratsioon, CE<\/li>\n<li>Tuulet\u00f5kkematerjalide tehnilised omadused, omaduste v\u00f5rdlemine<\/li>\n<li>Tuulet\u00f5kkematerjalid ja tuleohutusn\u00f5uded<\/li>\n<li>Tuulet\u00f5kkematerjalide UV kindlus<\/li>\n<li>Tuulet\u00f5kked Eestis vs Kesk-Euroopa vs P\u00f5hjamaad<\/li>\n<li>Tuulet\u00f5kete paigaldamine<\/li>\n<li>Tuulet\u00f5kete tihendamine<\/li>\n<li>Enamlevinud probleemid paigaldamisel<\/li>\n<li>Tuulet\u00f5kete m\u00fc\u00fcdid-linnalegendid-valearvamused<\/li>\n<li>Fassaadide tuulduvusega seotud ehitusf\u00fc\u00fcsika<\/li>\n<li>Erinevate tuulet\u00f5ketev\u00f5rdlev anal\u00fc\u00fcs<\/li>\n<\/ul>\n<p><strong>4. <a href=\"https:\/\/hutton.ee\/tootekategooria\/aurutokked\/\">Aurut\u00f5kked<\/a><\/strong><\/p>\n<ul>\n<li>Aurutt\u00f5kke materjalide funktsioonid ja toimivus<\/li>\n<li>Tehniliste andmete leht, toimivusdeklaratsioon, CE<\/li>\n<li>Aurut\u00f5kke materjalide tehnilised omadused, omaduste v\u00f5rdlemine<\/li>\n<li>Aurut\u00f5kked Eestis vs Kesk-Euroopa vs P\u00f5hjamaad<\/li>\n<li>Aurut\u00f5kked paigaldamine<\/li>\n<li>Aurut\u00f5kked \u00fclekatted ja \u00fclekatete tihendamine<\/li>\n<li>Aurut\u00f5kked l\u00e4biviigud ja l\u00e4biviikude tihendamine<\/li>\n<li>Enamlevinud probleemid paigaldamisel<\/li>\n<li>Aurut\u00f5kked m\u00fc\u00fcdid-linnalegendid-valearvamused<\/li>\n<li>Erinevate aurut\u00f5kke lahenduste eelised ja puuduse, v\u00f5rdlev anal\u00fc\u00fcs<\/li>\n<\/ul>\n<p><strong>5. <a href=\"https:\/\/hutton.ee\/tootekategooria\/ehitusteibid\/\">Ehitus<\/a>&#8211; ja <a href=\"https:\/\/hutton.ee\/tootekategooria\/aknateibid\/\">aknateibid<\/a><\/strong><\/p>\n<ul>\n<li>Teipide funktsioonid &amp; toimivus<\/li>\n<li>Teipide liimide valik<\/li>\n<li>&#8220;Sertifikaadid&#8221; ja standardid<\/li>\n<li>\u00d5igete teipide valimise kriteeriumid<\/li>\n<\/ul>\n<p><strong>6. <a href=\"https:\/\/hutton.ee\/tootekategooria\/soojustus\/\">Soojustus<\/a><\/strong><\/p>\n<ul>\n<li>Materjalide funktsioonid &amp; toimivus<\/li>\n<li>Materjalide tehnilised omadused &amp; v\u00f5rdlemine<\/li>\n<li>Paigaldamine &amp; tihendamine<\/li>\n<li>Enamlevinud probleemid paigaldamisel<\/li>\n<li>Materjalide m\u00fc\u00fcdid-linnalegendid<\/li>\n<li>Erinevate lahenduste eelised &amp; puudused<\/li>\n<\/ul>\n<p><strong>Kellele on koolitus ehitusf\u00fc\u00fcsika ja materjalitehnoloogiad suunatud:<br \/>\n<\/strong>Ehitajatele, projekteerijatele, arhitektidele, ehitusjuhtidele, ehitusej\u00e4relevalve inseneridele ning k\u00f5igile, kes soovivad t\u00e4iendada oma teadmisi ehitusf\u00fc\u00fcsikast ja materjalitehnoloogiast.<\/p>\n<p><strong>Registreerimine:<br \/>\n<\/strong>Vali sobiv koolituse aeg ja koht <a class=\"\" href=\"https:\/\/hutton.ee\/koolitused\/\" target=\"_new\" rel=\"noopener\" data-start=\"3070\" data-end=\"3128\">Huttoni koolituste lehelt<\/a> ning registreeru mugavalt e-poe kaudu. Kohtade arv on piiratud, seega tasub varakult kirja panna!<\/p>\n<p><strong>Koolituse tasu<\/strong> <strong>Hutton p\u00fcsikliendile<\/strong> 40 eur + KM.<br \/>\nRegistreeru p\u00fcsikliendiks: <a href=\"https:\/\/hutton.ee\/minu-konto\/\"><strong>Registreeru!<\/strong><\/a><\/p>\n<p>K\u00f5ikidele osalejatele v\u00e4ljastatakse <strong data-start=\"3394\" data-end=\"3407\">tunnistus<\/strong>!<\/p>\n<p class=\"moz-signature\">&#8212;<\/p>\n<p>Koolitaja:<br \/>\n<strong>Margus Laats<\/strong><br \/>\n<a href=\"tel:+3725011324\">+372 50 11 324<\/a><br \/>\n<a href=\"mailto:margus.laats@hutton.ee\">margus.laats@hutton.ee<\/a><\/p>\n<p>J\u00e4lgi meid ka Facebookis: <strong><a href=\"https:\/\/www.facebook.com\/huttoneesti\">Hutton Eesti\u00a0<\/a><\/strong><\/p>\n","protected":false},"excerpt":{"rendered":"<p>Ehituskoolitus &#8220;Energias\u00e4\u00e4stlik ehitamine ja materjalitehnoloogiad&#8221; annab praktilised teadmised hoonete energiat\u00f5hususe suurendamisest ja vastupidavate materjalide valikust. Koolitusel \u00f5pid kuidas v\u00e4ltida levinumaid probleeme niiskuse, aluskatte, tuulet\u00f5kke, aurut\u00f5kke ja soojustusmaterjalide valikul.<br \/>\nOsale ja vii oma j\u00e4rgmine projekt uuele tasemele! Kohtade arv on piiratud!<\/p>\n<p><strong>Koolitus toimub:<br \/>\n<\/strong>26. veebruar 2025<br \/>\nT\u00e4he 110, 50107, Tartu &#8211; Hutton<br \/>\nKell 12:00-16:00<\/p>\n<p><strong>Osalejatele tunnistused!<\/strong><\/p>\n<p><strong>Koolitus Hutton p\u00fcsikliendile<\/strong> 40 eur + KM.<br \/>\nRegistreeru kliendiks: <a href=\"https:\/\/hutton.ee\/minu-konto\/\"><strong>Registreeru!<\/strong><\/a><\/p>\n<p>T\u00e4psema info koolituse kohta leiad allpool \u2b07\ufe0f<\/p>\n<p>&nbsp;<\/p>\n","protected":false},"featured_media":26969,"template":"","meta":{"_gspb_post_css":"","_uf_show_specific_survey":0,"_uf_disable_surveys":false},"product_brand":[],"product_cat":[938],"product_tag":[],"filtrisusteem":[],"kvaliteediklass":[],"class_list":{"0":"post-26945","1":"product","2":"type-product","3":"status-publish","4":"has-post-thumbnail","6":"product_cat-koolitused","8":"first","9":"outofstock","10":"virtual","11":"taxable","12":"purchasable","13":"product-type-simple"},"yoast_head":"<!-- This site is optimized with the Yoast SEO Premium plugin v21.3 (Yoast SEO v27.3) - https:\/\/yoast.com\/product\/yoast-seo-premium-wordpress\/ -->\n<title>Ehitusf\u00fc\u00fcsika &amp; materjalitehnoloogiad: Tartu koolitus 26.02.2025 (4h) - Hutton<\/title>\n<meta name=\"description\" content=\"Koolitus \u201eEhitusf\u00fc\u00fcsika, energias\u00e4\u00e4stlik ehitamine ja materjalitehnoloogiad\u201c k\u00e4sitleb niiskust, aluskatteid, tuulet\u00f5kkeid, aurut\u00f5kkeid ja soojustust.\" \/>\n<meta name=\"robots\" content=\"index, follow, max-snippet:-1, max-image-preview:large, max-video-preview:-1\" \/>\n<link rel=\"canonical\" href=\"https:\/\/hutton.ee\/toode\/ehitusfuusika-materjalitehnoloogiad-tartu-koolitus-26-02-2025-4h\/\" \/>\n<meta property=\"og:locale\" content=\"en_US\" \/>\n<meta property=\"og:type\" content=\"article\" \/>\n<meta property=\"og:title\" content=\"Ehitusf\u00fc\u00fcsika &amp; materjalitehnoloogiad: Tartu koolitus 26.02.2025 (4h) - Hutton\" \/>\n<meta property=\"og:description\" content=\"Margus Laats koolitus: Energias\u00e4\u00e4stlik ehitamine. Ehitusf\u00fc\u00fcsika ja materjalitehnoloogiad. Ehitajatele, projekteerijatele, ehitusjuhtidele jt. Registreeri kohe &gt;\" \/>\n<meta property=\"og:url\" content=\"https:\/\/hutton.ee\/toode\/ehitusfuusika-materjalitehnoloogiad-tartu-koolitus-26-02-2025-4h\/\" \/>\n<meta property=\"og:site_name\" content=\"Hutton\" \/>\n<meta property=\"article:publisher\" content=\"https:\/\/www.facebook.com\/huttoneesti\" \/>\n<meta property=\"article:modified_time\" content=\"2026-03-17T08:28:12+00:00\" \/>\n<meta property=\"og:image\" content=\"https:\/\/hutton.ee\/wp-content\/uploads\/2025\/02\/Ehitusfuusika-1.png\" \/>\n\t<meta property=\"og:image:width\" content=\"500\" \/>\n\t<meta property=\"og:image:height\" content=\"500\" \/>\n\t<meta property=\"og:image:type\" content=\"image\/png\" \/>\n<meta name=\"twitter:card\" content=\"summary_large_image\" \/>\n<meta name=\"twitter:title\" content=\"Ehitusf\u00fc\u00fcsika &amp; materjalitehnoloogiad: Tartu koolitus 26.02.2025 (4h) - Hutton\" \/>\n<meta name=\"twitter:description\" content=\"Margus Laats koolitus: Energias\u00e4\u00e4stlik ehitamine. Ehitusf\u00fc\u00fcsika ja materjalitehnoloogiad. Ehitajatele, projekteerijatele, ehitusjuhtidele jt. Registreeri kohe &gt;\" \/>\n<meta name=\"twitter:label1\" content=\"Est. reading time\" \/>\n\t<meta name=\"twitter:data1\" content=\"3 minutes\" \/>\n<script type=\"application\/ld+json\" class=\"yoast-schema-graph\">{\"@context\":\"https:\\\/\\\/schema.org\",\"@graph\":[{\"@type\":\"WebPage\",\"@id\":\"https:\\\/\\\/hutton.ee\\\/toode\\\/ehitusfuusika-materjalitehnoloogiad-tartu-koolitus-26-02-2025-4h\\\/\",\"url\":\"https:\\\/\\\/hutton.ee\\\/toode\\\/ehitusfuusika-materjalitehnoloogiad-tartu-koolitus-26-02-2025-4h\\\/\",\"name\":\"Ehitusf\u00fc\u00fcsika & materjalitehnoloogiad: Tartu koolitus 26.02.2025 (4h) - Hutton\",\"isPartOf\":{\"@id\":\"https:\\\/\\\/hutton.ee\\\/#website\"},\"primaryImageOfPage\":{\"@id\":\"https:\\\/\\\/hutton.ee\\\/toode\\\/ehitusfuusika-materjalitehnoloogiad-tartu-koolitus-26-02-2025-4h\\\/#primaryimage\"},\"image\":{\"@id\":\"https:\\\/\\\/hutton.ee\\\/toode\\\/ehitusfuusika-materjalitehnoloogiad-tartu-koolitus-26-02-2025-4h\\\/#primaryimage\"},\"thumbnailUrl\":\"https:\\\/\\\/hutton.ee\\\/wp-content\\\/uploads\\\/2025\\\/02\\\/Ehitusfuusika-1.png\",\"datePublished\":\"2025-02-11T07:04:53+00:00\",\"dateModified\":\"2026-03-17T08:28:12+00:00\",\"description\":\"Koolitus \u201eEhitusf\u00fc\u00fcsika, energias\u00e4\u00e4stlik ehitamine ja materjalitehnoloogiad\u201c k\u00e4sitleb niiskust, aluskatteid, tuulet\u00f5kkeid, aurut\u00f5kkeid ja soojustust.\",\"breadcrumb\":{\"@id\":\"https:\\\/\\\/hutton.ee\\\/toode\\\/ehitusfuusika-materjalitehnoloogiad-tartu-koolitus-26-02-2025-4h\\\/#breadcrumb\"},\"inLanguage\":\"en-US\",\"potentialAction\":[{\"@type\":\"ReadAction\",\"target\":[\"https:\\\/\\\/hutton.ee\\\/toode\\\/ehitusfuusika-materjalitehnoloogiad-tartu-koolitus-26-02-2025-4h\\\/\"]}]},{\"@type\":\"ImageObject\",\"inLanguage\":\"en-US\",\"@id\":\"https:\\\/\\\/hutton.ee\\\/toode\\\/ehitusfuusika-materjalitehnoloogiad-tartu-koolitus-26-02-2025-4h\\\/#primaryimage\",\"url\":\"https:\\\/\\\/hutton.ee\\\/wp-content\\\/uploads\\\/2025\\\/02\\\/Ehitusfuusika-1.png\",\"contentUrl\":\"https:\\\/\\\/hutton.ee\\\/wp-content\\\/uploads\\\/2025\\\/02\\\/Ehitusfuusika-1.png\",\"width\":500,\"height\":500,\"caption\":\"Ehitusf\u00fc\u00fcsika & materjalitehnoloogiad\"},{\"@type\":\"BreadcrumbList\",\"@id\":\"https:\\\/\\\/hutton.ee\\\/toode\\\/ehitusfuusika-materjalitehnoloogiad-tartu-koolitus-26-02-2025-4h\\\/#breadcrumb\",\"itemListElement\":[{\"@type\":\"ListItem\",\"position\":1,\"name\":\"Avaleht\",\"item\":\"https:\\\/\\\/hutton.ee\\\/\"},{\"@type\":\"ListItem\",\"position\":2,\"name\":\"Shop\",\"item\":\"https:\\\/\\\/hutton.ee\\\/en\\\/shop\\\/\"},{\"@type\":\"ListItem\",\"position\":3,\"name\":\"Ehitusf\u00fc\u00fcsika &#038; materjalitehnoloogiad: Tartu koolitus 26.02.2025 (4h)\"}]},{\"@type\":\"WebSite\",\"@id\":\"https:\\\/\\\/hutton.ee\\\/#website\",\"url\":\"https:\\\/\\\/hutton.ee\\\/\",\"name\":\"Hutton\",\"description\":\"Ajas kestvad ehituslahendused\",\"publisher\":{\"@id\":\"https:\\\/\\\/hutton.ee\\\/#organization\"},\"potentialAction\":[{\"@type\":\"SearchAction\",\"target\":{\"@type\":\"EntryPoint\",\"urlTemplate\":\"https:\\\/\\\/hutton.ee\\\/?s={search_term_string}\"},\"query-input\":{\"@type\":\"PropertyValueSpecification\",\"valueRequired\":true,\"valueName\":\"search_term_string\"}}],\"inLanguage\":\"en-US\"},{\"@type\":\"Organization\",\"@id\":\"https:\\\/\\\/hutton.ee\\\/#organization\",\"name\":\"Hutton - KATUS | SEIN | FASSAAD\",\"url\":\"https:\\\/\\\/hutton.ee\\\/\",\"logo\":{\"@type\":\"ImageObject\",\"inLanguage\":\"en-US\",\"@id\":\"https:\\\/\\\/hutton.ee\\\/#\\\/schema\\\/logo\\\/image\\\/\",\"url\":\"https:\\\/\\\/hutton.ee\\\/wp-content\\\/uploads\\\/2020\\\/07\\\/hutton-logo_uuendatud-01.png\",\"contentUrl\":\"https:\\\/\\\/hutton.ee\\\/wp-content\\\/uploads\\\/2020\\\/07\\\/hutton-logo_uuendatud-01.png\",\"width\":1064,\"height\":455,\"caption\":\"Hutton - KATUS | SEIN | FASSAAD\"},\"image\":{\"@id\":\"https:\\\/\\\/hutton.ee\\\/#\\\/schema\\\/logo\\\/image\\\/\"},\"sameAs\":[\"https:\\\/\\\/www.facebook.com\\\/huttoneesti\"]}]}<\/script>\n<!-- \/ Yoast SEO Premium plugin. -->","yoast_head_json":{"title":"Ehitusf\u00fc\u00fcsika & materjalitehnoloogiad: Tartu koolitus 26.02.2025 (4h) - Hutton","description":"Koolitus \u201eEhitusf\u00fc\u00fcsika, energias\u00e4\u00e4stlik ehitamine ja materjalitehnoloogiad\u201c k\u00e4sitleb niiskust, aluskatteid, tuulet\u00f5kkeid, aurut\u00f5kkeid ja soojustust.","robots":{"index":"index","follow":"follow","max-snippet":"max-snippet:-1","max-image-preview":"max-image-preview:large","max-video-preview":"max-video-preview:-1"},"canonical":"https:\/\/hutton.ee\/toode\/ehitusfuusika-materjalitehnoloogiad-tartu-koolitus-26-02-2025-4h\/","og_locale":"en_US","og_type":"article","og_title":"Ehitusf\u00fc\u00fcsika & materjalitehnoloogiad: Tartu koolitus 26.02.2025 (4h) - Hutton","og_description":"Margus Laats koolitus: Energias\u00e4\u00e4stlik ehitamine. Ehitusf\u00fc\u00fcsika ja materjalitehnoloogiad. Ehitajatele, projekteerijatele, ehitusjuhtidele jt. Registreeri kohe >","og_url":"https:\/\/hutton.ee\/toode\/ehitusfuusika-materjalitehnoloogiad-tartu-koolitus-26-02-2025-4h\/","og_site_name":"Hutton","article_publisher":"https:\/\/www.facebook.com\/huttoneesti","article_modified_time":"2026-03-17T08:28:12+00:00","og_image":[{"width":500,"height":500,"url":"https:\/\/hutton.ee\/wp-content\/uploads\/2025\/02\/Ehitusfuusika-1.png","type":"image\/png"}],"twitter_card":"summary_large_image","twitter_title":"Ehitusf\u00fc\u00fcsika & materjalitehnoloogiad: Tartu koolitus 26.02.2025 (4h) - Hutton","twitter_description":"Margus Laats koolitus: Energias\u00e4\u00e4stlik ehitamine. Ehitusf\u00fc\u00fcsika ja materjalitehnoloogiad. Ehitajatele, projekteerijatele, ehitusjuhtidele jt. Registreeri kohe >","twitter_misc":{"Est. reading time":"3 minutes"},"schema":{"@context":"https:\/\/schema.org","@graph":[{"@type":"WebPage","@id":"https:\/\/hutton.ee\/toode\/ehitusfuusika-materjalitehnoloogiad-tartu-koolitus-26-02-2025-4h\/","url":"https:\/\/hutton.ee\/toode\/ehitusfuusika-materjalitehnoloogiad-tartu-koolitus-26-02-2025-4h\/","name":"Ehitusf\u00fc\u00fcsika & materjalitehnoloogiad: Tartu koolitus 26.02.2025 (4h) - Hutton","isPartOf":{"@id":"https:\/\/hutton.ee\/#website"},"primaryImageOfPage":{"@id":"https:\/\/hutton.ee\/toode\/ehitusfuusika-materjalitehnoloogiad-tartu-koolitus-26-02-2025-4h\/#primaryimage"},"image":{"@id":"https:\/\/hutton.ee\/toode\/ehitusfuusika-materjalitehnoloogiad-tartu-koolitus-26-02-2025-4h\/#primaryimage"},"thumbnailUrl":"https:\/\/hutton.ee\/wp-content\/uploads\/2025\/02\/Ehitusfuusika-1.png","datePublished":"2025-02-11T07:04:53+00:00","dateModified":"2026-03-17T08:28:12+00:00","description":"Koolitus \u201eEhitusf\u00fc\u00fcsika, energias\u00e4\u00e4stlik ehitamine ja materjalitehnoloogiad\u201c k\u00e4sitleb niiskust, aluskatteid, tuulet\u00f5kkeid, aurut\u00f5kkeid ja soojustust.","breadcrumb":{"@id":"https:\/\/hutton.ee\/toode\/ehitusfuusika-materjalitehnoloogiad-tartu-koolitus-26-02-2025-4h\/#breadcrumb"},"inLanguage":"en-US","potentialAction":[{"@type":"ReadAction","target":["https:\/\/hutton.ee\/toode\/ehitusfuusika-materjalitehnoloogiad-tartu-koolitus-26-02-2025-4h\/"]}]},{"@type":"ImageObject","inLanguage":"en-US","@id":"https:\/\/hutton.ee\/toode\/ehitusfuusika-materjalitehnoloogiad-tartu-koolitus-26-02-2025-4h\/#primaryimage","url":"https:\/\/hutton.ee\/wp-content\/uploads\/2025\/02\/Ehitusfuusika-1.png","contentUrl":"https:\/\/hutton.ee\/wp-content\/uploads\/2025\/02\/Ehitusfuusika-1.png","width":500,"height":500,"caption":"Ehitusf\u00fc\u00fcsika & materjalitehnoloogiad"},{"@type":"BreadcrumbList","@id":"https:\/\/hutton.ee\/toode\/ehitusfuusika-materjalitehnoloogiad-tartu-koolitus-26-02-2025-4h\/#breadcrumb","itemListElement":[{"@type":"ListItem","position":1,"name":"Avaleht","item":"https:\/\/hutton.ee\/"},{"@type":"ListItem","position":2,"name":"Shop","item":"https:\/\/hutton.ee\/en\/shop\/"},{"@type":"ListItem","position":3,"name":"Ehitusf\u00fc\u00fcsika &#038; materjalitehnoloogiad: Tartu koolitus 26.02.2025 (4h)"}]},{"@type":"WebSite","@id":"https:\/\/hutton.ee\/#website","url":"https:\/\/hutton.ee\/","name":"Hutton","description":"Ajas kestvad ehituslahendused","publisher":{"@id":"https:\/\/hutton.ee\/#organization"},"potentialAction":[{"@type":"SearchAction","target":{"@type":"EntryPoint","urlTemplate":"https:\/\/hutton.ee\/?s={search_term_string}"},"query-input":{"@type":"PropertyValueSpecification","valueRequired":true,"valueName":"search_term_string"}}],"inLanguage":"en-US"},{"@type":"Organization","@id":"https:\/\/hutton.ee\/#organization","name":"Hutton - KATUS | SEIN | FASSAAD","url":"https:\/\/hutton.ee\/","logo":{"@type":"ImageObject","inLanguage":"en-US","@id":"https:\/\/hutton.ee\/#\/schema\/logo\/image\/","url":"https:\/\/hutton.ee\/wp-content\/uploads\/2020\/07\/hutton-logo_uuendatud-01.png","contentUrl":"https:\/\/hutton.ee\/wp-content\/uploads\/2020\/07\/hutton-logo_uuendatud-01.png","width":1064,"height":455,"caption":"Hutton - KATUS | SEIN | FASSAAD"},"image":{"@id":"https:\/\/hutton.ee\/#\/schema\/logo\/image\/"},"sameAs":["https:\/\/www.facebook.com\/huttoneesti"]}]}},"_links":{"self":[{"href":"https:\/\/hutton.ee\/en\/wp-json\/wp\/v2\/product\/26945","targetHints":{"allow":["GET"]}}],"collection":[{"href":"https:\/\/hutton.ee\/en\/wp-json\/wp\/v2\/product"}],"about":[{"href":"https:\/\/hutton.ee\/en\/wp-json\/wp\/v2\/types\/product"}],"wp:featuredmedia":[{"embeddable":true,"href":"https:\/\/hutton.ee\/en\/wp-json\/wp\/v2\/media\/26969"}],"wp:attachment":[{"href":"https:\/\/hutton.ee\/en\/wp-json\/wp\/v2\/media?parent=26945"}],"wp:term":[{"taxonomy":"product_brand","embeddable":true,"href":"https:\/\/hutton.ee\/en\/wp-json\/wp\/v2\/product_brand?post=26945"},{"taxonomy":"product_cat","embeddable":true,"href":"https:\/\/hutton.ee\/en\/wp-json\/wp\/v2\/product_cat?post=26945"},{"taxonomy":"product_tag","embeddable":true,"href":"https:\/\/hutton.ee\/en\/wp-json\/wp\/v2\/product_tag?post=26945"},{"taxonomy":"filtrisusteem","embeddable":true,"href":"https:\/\/hutton.ee\/en\/wp-json\/wp\/v2\/filtrisusteem?post=26945"},{"taxonomy":"kvaliteediklass","embeddable":true,"href":"https:\/\/hutton.ee\/en\/wp-json\/wp\/v2\/kvaliteediklass?post=26945"}],"curies":[{"name":"wp","href":"https:\/\/api.w.org\/{rel}","templated":true}]}}