{"id":26961,"date":"2025-02-11T09:50:13","date_gmt":"2025-02-11T09:50:13","guid":{"rendered":"https:\/\/hutton.ee\/?post_type=product&#038;p=26961"},"modified":"2026-03-17T08:23:48","modified_gmt":"2026-03-17T08:23:48","slug":"porandad-ja-vahelaed-tartu-koolitus-04-03-2025-3h","status":"publish","type":"product","link":"https:\/\/hutton.ee\/en\/toode\/porandad-ja-vahelaed-tartu-koolitus-04-03-2025-3h\/","title":{"rendered":"P\u00f5randad ja vahelaed: Tartu koolitus 04.03.2025 (3h)"},"content":{"rendered":"<p><strong>Koolitus toimub:<br \/>\n<\/strong>04.03.2025<br \/>\nT\u00e4he 110, 50107, Tartu &#8211; Hutton<br \/>\nKell 13:00-16:00<\/p>\n<p><strong>Koolituse teemad:<\/strong><\/p>\n<p>1. Enamlevinud p\u00f5randa ja vahelae lahenduste l\u00fchi\u00fclevaade<\/p>\n<ul>\n<li>P\u00f5rand kui v\u00e4lispiirde tarind\n<ul>\n<li>p\u00f5rand pinnasel<\/li>\n<li>alt tuulduv p\u00f5rand<\/li>\n<li>viimase korruse lagi\/p\u00f6\u00f6ningu p\u00f5rand<\/li>\n<\/ul>\n<\/li>\n<li>P\u00f5rand kui vahelae tarindi osa\n<ul>\n<li>p\u00f5rand tarind vahelae peal<\/li>\n<\/ul>\n<\/li>\n<\/ul>\n<p>2. P\u00f5randa ja vahelae toimivuse komponendid<\/p>\n<ul>\n<li>konstruktiivne toimivs<\/li>\n<li>soojustehniline toimivus<\/li>\n<li>niiskustehniline toimivus<\/li>\n<li>akustiline toimivus<\/li>\n<li>\u00f5hut\u00f5kkeline toimivus<\/li>\n<li>&#8230;<\/li>\n<\/ul>\n<p>3. Soodsaim betoonvahelae teholoogia plastbau<\/p>\n<ul>\n<li>mis on plastbau ehitustehnoloogia<\/li>\n<li>kuidas plastbau tehnoloogiat kasutada saab<\/li>\n<li>mis eelised ja mis puudused plastbau tehnoloogial<\/li>\n<li>s\u00f5lmejoonised<\/li>\n<li>praktilised n\u00e4pun\u00e4ited targale ehitajale<\/li>\n<\/ul>\n<p>4. I-tala vahelae lahendused<\/p>\n<ul>\n<li>mis I-tala tooted on Eesti turu<\/li>\n<li>kuidas I-tala tehnoloogiat kasutada saab<\/li>\n<li>mis eelised ja mis puudused I-tala tehnoloogial<\/li>\n<li>I-tala s\u00f5lmejoonised<\/li>\n<li>praktilised n\u00e4pun\u00e4ited targale ehitajale<\/li>\n<\/ul>\n<p>5. <a href=\"https:\/\/hutton.ee\/tootekategooria\/thermowhite\/\">Thermowhite<\/a> &#8211; ennast t\u00f5estanud isolatsioonilahendus<\/p>\n<ul>\n<li><a href=\"https:\/\/hutton.ee\/mis-on-thermowhite-ja-miks-on-see-nii-eriline\/\">Mis on Thermowhite?<\/a><\/li>\n<li>kuidas Thermowhite tehnoloogiat kasutada saab<\/li>\n<li>mis eelised ja mis puudused Thermowhite tehnoloogial<\/li>\n<li>Thermowhite s\u00f5lmejoonised<\/li>\n<li>praktilised n\u00e4pun\u00e4ited targale ehitajale<\/li>\n<\/ul>\n<p>6. Kokkuv\u00f5te ja arutelud<\/p>\n<p><strong>Kellele on koolitus suunatud:<br \/>\n<\/strong>Ehitajatele, projekteerijatele, arhitektidele, ehitusjuhtidele, ehitusej\u00e4relevalve inseneridele ja k\u00f5igile neile, kellele antud teema huvi pakub.<\/p>\n<p><strong>Registreerimine:<br \/>\n<\/strong>Valige endale sobiv koolituse aeg ja koht <a href=\"https:\/\/hutton.ee\/koolitused\/\">https:\/\/hutton.ee\/koolitused\/<\/a> ning registreeruge e-poe kaudu. <strong>Kohtade arv on piiratud!<\/strong><\/p>\n<p><strong>Koolitus Hutton p\u00fcsikliendile<\/strong> 30 eur + KM.<br \/>\nRegistreeru p\u00fcsikliendiks: <a href=\"https:\/\/hutton.ee\/minu-konto\/\"><strong>Registreeru!<\/strong><\/a><\/p>\n<p>Osalejatele tunnistused!<\/p>\n<p class=\"moz-signature\">&#8212;<\/p>\n<p>Koolitaja:<br \/>\nMargus Laats<br \/>\n<a href=\"tel:5011324\">+372 50 11 324<\/a><br \/>\n<a href=\"mailto:margus.laats@hutton.ee\">margus.laats@hutton.ee<\/a><\/p>\n","protected":false},"excerpt":{"rendered":"<p><strong>Ehituskoolitus &#8220;P\u00f5randad ja vahelaed&#8221;<\/strong><\/p>\n<p>Ehituskoolitus &#8220;P\u00f5randad ja vahelaed&#8221; keskendub erinevatele p\u00f5randa ja vahelae lahendustele, sealhulgas nende toimivuse komponentidele, nagu konstruktiivne, soojustehniline, niiskustehniline, akustiline ja \u00f5hut\u00f5kkeline toimivus. Tutvustatakse ka erinevaid ehitustehnoloogiaid, sealhulgas plastbau, I-tala vahelae lahendusi ja Thermowhite isolatsioonitehnoloogiat.<\/p>\n<p><strong>Koolitus toimub:<br \/>\n<\/strong>04.03.2025<br \/>\nT\u00e4he 110, 50107, Tartu &#8211; Hutton<br \/>\nKell 13:00-16:00<\/p>\n<p><strong>Osalejatele tunnistused!<\/strong><\/p>\n<p><strong>Koolitus Hutton p\u00fcsikliendile<\/strong> 30 eur + KM.<br \/>\nRegistreeru p\u00fcsikliendiks: <a href=\"https:\/\/hutton.ee\/minu-konto\/\"><strong>Registreeru!<\/strong><\/a><\/p>\n","protected":false},"featured_media":26996,"template":"","meta":{"_gspb_post_css":"","_uf_show_specific_survey":0,"_uf_disable_surveys":false},"product_brand":[],"product_cat":[938],"product_tag":[],"filtrisusteem":[],"kvaliteediklass":[],"class_list":{"0":"post-26961","1":"product","2":"type-product","3":"status-publish","4":"has-post-thumbnail","6":"product_cat-koolitused","8":"first","9":"outofstock","10":"virtual","11":"taxable","12":"purchasable","13":"product-type-simple"},"yoast_head":"<!-- This site is optimized with the Yoast SEO Premium plugin v21.3 (Yoast SEO v27.5) - https:\/\/yoast.com\/product\/yoast-seo-premium-wordpress\/ -->\n<title>P\u00f5randad ja vahelaed: Tartu koolitus 04.03.2025 (3h) - Hutton<\/title>\n<meta name=\"description\" content=\"Margus Laats koolitus: &quot;Teipimine - Ehitusteibid ja teipimine.&quot; Koolitus on suunatud: Ehitajatele, projekteerijatele, ehitusjuhtidele jpt.\" \/>\n<meta name=\"robots\" content=\"index, follow, max-snippet:-1, max-image-preview:large, max-video-preview:-1\" \/>\n<link rel=\"canonical\" href=\"https:\/\/hutton.ee\/toode\/porandad-ja-vahelaed-tartu-koolitus-04-03-2025-3h\/\" \/>\n<meta property=\"og:locale\" content=\"en_US\" \/>\n<meta property=\"og:type\" content=\"article\" \/>\n<meta property=\"og:title\" content=\"P\u00f5randad ja vahelaed: Tartu koolitus 04.03.2025 (3h) - Hutton\" \/>\n<meta property=\"og:description\" content=\"Margus Laats koolitus: &quot;Teipimine - ehitusteibid ja aknateibid.&quot; Koolitus on suunatud: Ehitajatele, projekteerijatele, ehitusjuhtidele jpt. Registreeri kohe &gt;&gt;&gt;\" \/>\n<meta property=\"og:url\" content=\"https:\/\/hutton.ee\/toode\/porandad-ja-vahelaed-tartu-koolitus-04-03-2025-3h\/\" \/>\n<meta property=\"og:site_name\" content=\"Hutton\" \/>\n<meta property=\"article:publisher\" content=\"https:\/\/www.facebook.com\/huttoneesti\" \/>\n<meta property=\"article:modified_time\" content=\"2026-03-17T08:23:48+00:00\" \/>\n<meta property=\"og:image\" content=\"https:\/\/hutton.ee\/wp-content\/uploads\/2025\/02\/Porandad-ja-vahelagi.png\" \/>\n\t<meta property=\"og:image:width\" content=\"500\" \/>\n\t<meta property=\"og:image:height\" content=\"500\" \/>\n\t<meta property=\"og:image:type\" content=\"image\/png\" \/>\n<meta name=\"twitter:card\" content=\"summary_large_image\" \/>\n<meta name=\"twitter:title\" content=\"P\u00f5randad ja vahelaed: Tartu koolitus 04.03.2025 (3h) - Hutton\" \/>\n<meta name=\"twitter:description\" content=\"Margus Laats koolitus: &quot;Teipimine - ehitusteibid ja aknateibid.&quot; Koolitus on suunatud: Ehitajatele, projekteerijatele, ehitusjuhtidele jpt. Registreeri kohe &gt;&gt;&gt;\" \/>\n<meta name=\"twitter:label1\" content=\"Est. reading time\" \/>\n\t<meta name=\"twitter:data1\" content=\"2 minutes\" \/>\n<script type=\"application\/ld+json\" class=\"yoast-schema-graph\">{\"@context\":\"https:\\\/\\\/schema.org\",\"@graph\":[{\"@type\":\"WebPage\",\"@id\":\"https:\\\/\\\/hutton.ee\\\/toode\\\/porandad-ja-vahelaed-tartu-koolitus-04-03-2025-3h\\\/\",\"url\":\"https:\\\/\\\/hutton.ee\\\/toode\\\/porandad-ja-vahelaed-tartu-koolitus-04-03-2025-3h\\\/\",\"name\":\"P\u00f5randad ja vahelaed: Tartu koolitus 04.03.2025 (3h) - Hutton\",\"isPartOf\":{\"@id\":\"https:\\\/\\\/hutton.ee\\\/#website\"},\"primaryImageOfPage\":{\"@id\":\"https:\\\/\\\/hutton.ee\\\/toode\\\/porandad-ja-vahelaed-tartu-koolitus-04-03-2025-3h\\\/#primaryimage\"},\"image\":{\"@id\":\"https:\\\/\\\/hutton.ee\\\/toode\\\/porandad-ja-vahelaed-tartu-koolitus-04-03-2025-3h\\\/#primaryimage\"},\"thumbnailUrl\":\"https:\\\/\\\/hutton.ee\\\/wp-content\\\/uploads\\\/2025\\\/02\\\/Porandad-ja-vahelagi.png\",\"datePublished\":\"2025-02-11T09:50:13+00:00\",\"dateModified\":\"2026-03-17T08:23:48+00:00\",\"description\":\"Margus Laats koolitus: \\\"Teipimine - Ehitusteibid ja teipimine.\\\" Koolitus on suunatud: Ehitajatele, projekteerijatele, ehitusjuhtidele jpt.\",\"breadcrumb\":{\"@id\":\"https:\\\/\\\/hutton.ee\\\/toode\\\/porandad-ja-vahelaed-tartu-koolitus-04-03-2025-3h\\\/#breadcrumb\"},\"inLanguage\":\"en-US\",\"potentialAction\":[{\"@type\":\"ReadAction\",\"target\":[\"https:\\\/\\\/hutton.ee\\\/toode\\\/porandad-ja-vahelaed-tartu-koolitus-04-03-2025-3h\\\/\"]}]},{\"@type\":\"ImageObject\",\"inLanguage\":\"en-US\",\"@id\":\"https:\\\/\\\/hutton.ee\\\/toode\\\/porandad-ja-vahelaed-tartu-koolitus-04-03-2025-3h\\\/#primaryimage\",\"url\":\"https:\\\/\\\/hutton.ee\\\/wp-content\\\/uploads\\\/2025\\\/02\\\/Porandad-ja-vahelagi.png\",\"contentUrl\":\"https:\\\/\\\/hutton.ee\\\/wp-content\\\/uploads\\\/2025\\\/02\\\/Porandad-ja-vahelagi.png\",\"width\":500,\"height\":500,\"caption\":\"Ehituskoolitus: P\u00f5randad ja vahelagi\"},{\"@type\":\"BreadcrumbList\",\"@id\":\"https:\\\/\\\/hutton.ee\\\/toode\\\/porandad-ja-vahelaed-tartu-koolitus-04-03-2025-3h\\\/#breadcrumb\",\"itemListElement\":[{\"@type\":\"ListItem\",\"position\":1,\"name\":\"Avaleht\",\"item\":\"https:\\\/\\\/hutton.ee\\\/\"},{\"@type\":\"ListItem\",\"position\":2,\"name\":\"Shop\",\"item\":\"https:\\\/\\\/hutton.ee\\\/en\\\/shop\\\/\"},{\"@type\":\"ListItem\",\"position\":3,\"name\":\"P\u00f5randad ja vahelaed: Tartu koolitus 04.03.2025 (3h)\"}]},{\"@type\":\"WebSite\",\"@id\":\"https:\\\/\\\/hutton.ee\\\/#website\",\"url\":\"https:\\\/\\\/hutton.ee\\\/\",\"name\":\"Hutton\",\"description\":\"Ajas kestvad ehituslahendused\",\"publisher\":{\"@id\":\"https:\\\/\\\/hutton.ee\\\/#organization\"},\"potentialAction\":[{\"@type\":\"SearchAction\",\"target\":{\"@type\":\"EntryPoint\",\"urlTemplate\":\"https:\\\/\\\/hutton.ee\\\/?s={search_term_string}\"},\"query-input\":{\"@type\":\"PropertyValueSpecification\",\"valueRequired\":true,\"valueName\":\"search_term_string\"}}],\"inLanguage\":\"en-US\"},{\"@type\":\"Organization\",\"@id\":\"https:\\\/\\\/hutton.ee\\\/#organization\",\"name\":\"Hutton - KATUS | SEIN | FASSAAD\",\"url\":\"https:\\\/\\\/hutton.ee\\\/\",\"logo\":{\"@type\":\"ImageObject\",\"inLanguage\":\"en-US\",\"@id\":\"https:\\\/\\\/hutton.ee\\\/#\\\/schema\\\/logo\\\/image\\\/\",\"url\":\"https:\\\/\\\/hutton.ee\\\/wp-content\\\/uploads\\\/2020\\\/07\\\/hutton-logo_uuendatud-01.png\",\"contentUrl\":\"https:\\\/\\\/hutton.ee\\\/wp-content\\\/uploads\\\/2020\\\/07\\\/hutton-logo_uuendatud-01.png\",\"width\":1064,\"height\":455,\"caption\":\"Hutton - KATUS | SEIN | FASSAAD\"},\"image\":{\"@id\":\"https:\\\/\\\/hutton.ee\\\/#\\\/schema\\\/logo\\\/image\\\/\"},\"sameAs\":[\"https:\\\/\\\/www.facebook.com\\\/huttoneesti\"]}]}<\/script>\n<!-- \/ Yoast SEO Premium plugin. -->","yoast_head_json":{"title":"P\u00f5randad ja vahelaed: Tartu koolitus 04.03.2025 (3h) - Hutton","description":"Margus Laats koolitus: \"Teipimine - Ehitusteibid ja teipimine.\" Koolitus on suunatud: Ehitajatele, projekteerijatele, ehitusjuhtidele jpt.","robots":{"index":"index","follow":"follow","max-snippet":"max-snippet:-1","max-image-preview":"max-image-preview:large","max-video-preview":"max-video-preview:-1"},"canonical":"https:\/\/hutton.ee\/toode\/porandad-ja-vahelaed-tartu-koolitus-04-03-2025-3h\/","og_locale":"en_US","og_type":"article","og_title":"P\u00f5randad ja vahelaed: Tartu koolitus 04.03.2025 (3h) - Hutton","og_description":"Margus Laats koolitus: \"Teipimine - ehitusteibid ja aknateibid.\" Koolitus on suunatud: Ehitajatele, projekteerijatele, ehitusjuhtidele jpt. Registreeri kohe >>>","og_url":"https:\/\/hutton.ee\/toode\/porandad-ja-vahelaed-tartu-koolitus-04-03-2025-3h\/","og_site_name":"Hutton","article_publisher":"https:\/\/www.facebook.com\/huttoneesti","article_modified_time":"2026-03-17T08:23:48+00:00","og_image":[{"width":500,"height":500,"url":"https:\/\/hutton.ee\/wp-content\/uploads\/2025\/02\/Porandad-ja-vahelagi.png","type":"image\/png"}],"twitter_card":"summary_large_image","twitter_title":"P\u00f5randad ja vahelaed: Tartu koolitus 04.03.2025 (3h) - Hutton","twitter_description":"Margus Laats koolitus: \"Teipimine - ehitusteibid ja aknateibid.\" Koolitus on suunatud: Ehitajatele, projekteerijatele, ehitusjuhtidele jpt. Registreeri kohe >>>","twitter_misc":{"Est. reading time":"2 minutes"},"schema":{"@context":"https:\/\/schema.org","@graph":[{"@type":"WebPage","@id":"https:\/\/hutton.ee\/toode\/porandad-ja-vahelaed-tartu-koolitus-04-03-2025-3h\/","url":"https:\/\/hutton.ee\/toode\/porandad-ja-vahelaed-tartu-koolitus-04-03-2025-3h\/","name":"P\u00f5randad ja vahelaed: Tartu koolitus 04.03.2025 (3h) - Hutton","isPartOf":{"@id":"https:\/\/hutton.ee\/#website"},"primaryImageOfPage":{"@id":"https:\/\/hutton.ee\/toode\/porandad-ja-vahelaed-tartu-koolitus-04-03-2025-3h\/#primaryimage"},"image":{"@id":"https:\/\/hutton.ee\/toode\/porandad-ja-vahelaed-tartu-koolitus-04-03-2025-3h\/#primaryimage"},"thumbnailUrl":"https:\/\/hutton.ee\/wp-content\/uploads\/2025\/02\/Porandad-ja-vahelagi.png","datePublished":"2025-02-11T09:50:13+00:00","dateModified":"2026-03-17T08:23:48+00:00","description":"Margus Laats koolitus: \"Teipimine - Ehitusteibid ja teipimine.\" Koolitus on suunatud: Ehitajatele, projekteerijatele, ehitusjuhtidele jpt.","breadcrumb":{"@id":"https:\/\/hutton.ee\/toode\/porandad-ja-vahelaed-tartu-koolitus-04-03-2025-3h\/#breadcrumb"},"inLanguage":"en-US","potentialAction":[{"@type":"ReadAction","target":["https:\/\/hutton.ee\/toode\/porandad-ja-vahelaed-tartu-koolitus-04-03-2025-3h\/"]}]},{"@type":"ImageObject","inLanguage":"en-US","@id":"https:\/\/hutton.ee\/toode\/porandad-ja-vahelaed-tartu-koolitus-04-03-2025-3h\/#primaryimage","url":"https:\/\/hutton.ee\/wp-content\/uploads\/2025\/02\/Porandad-ja-vahelagi.png","contentUrl":"https:\/\/hutton.ee\/wp-content\/uploads\/2025\/02\/Porandad-ja-vahelagi.png","width":500,"height":500,"caption":"Ehituskoolitus: P\u00f5randad ja vahelagi"},{"@type":"BreadcrumbList","@id":"https:\/\/hutton.ee\/toode\/porandad-ja-vahelaed-tartu-koolitus-04-03-2025-3h\/#breadcrumb","itemListElement":[{"@type":"ListItem","position":1,"name":"Avaleht","item":"https:\/\/hutton.ee\/"},{"@type":"ListItem","position":2,"name":"Shop","item":"https:\/\/hutton.ee\/en\/shop\/"},{"@type":"ListItem","position":3,"name":"P\u00f5randad ja vahelaed: Tartu koolitus 04.03.2025 (3h)"}]},{"@type":"WebSite","@id":"https:\/\/hutton.ee\/#website","url":"https:\/\/hutton.ee\/","name":"Hutton","description":"Ajas kestvad ehituslahendused","publisher":{"@id":"https:\/\/hutton.ee\/#organization"},"potentialAction":[{"@type":"SearchAction","target":{"@type":"EntryPoint","urlTemplate":"https:\/\/hutton.ee\/?s={search_term_string}"},"query-input":{"@type":"PropertyValueSpecification","valueRequired":true,"valueName":"search_term_string"}}],"inLanguage":"en-US"},{"@type":"Organization","@id":"https:\/\/hutton.ee\/#organization","name":"Hutton - KATUS | SEIN | FASSAAD","url":"https:\/\/hutton.ee\/","logo":{"@type":"ImageObject","inLanguage":"en-US","@id":"https:\/\/hutton.ee\/#\/schema\/logo\/image\/","url":"https:\/\/hutton.ee\/wp-content\/uploads\/2020\/07\/hutton-logo_uuendatud-01.png","contentUrl":"https:\/\/hutton.ee\/wp-content\/uploads\/2020\/07\/hutton-logo_uuendatud-01.png","width":1064,"height":455,"caption":"Hutton - KATUS | SEIN | FASSAAD"},"image":{"@id":"https:\/\/hutton.ee\/#\/schema\/logo\/image\/"},"sameAs":["https:\/\/www.facebook.com\/huttoneesti"]}]}},"_links":{"self":[{"href":"https:\/\/hutton.ee\/en\/wp-json\/wp\/v2\/product\/26961","targetHints":{"allow":["GET"]}}],"collection":[{"href":"https:\/\/hutton.ee\/en\/wp-json\/wp\/v2\/product"}],"about":[{"href":"https:\/\/hutton.ee\/en\/wp-json\/wp\/v2\/types\/product"}],"wp:featuredmedia":[{"embeddable":true,"href":"https:\/\/hutton.ee\/en\/wp-json\/wp\/v2\/media\/26996"}],"wp:attachment":[{"href":"https:\/\/hutton.ee\/en\/wp-json\/wp\/v2\/media?parent=26961"}],"wp:term":[{"taxonomy":"product_brand","embeddable":true,"href":"https:\/\/hutton.ee\/en\/wp-json\/wp\/v2\/product_brand?post=26961"},{"taxonomy":"product_cat","embeddable":true,"href":"https:\/\/hutton.ee\/en\/wp-json\/wp\/v2\/product_cat?post=26961"},{"taxonomy":"product_tag","embeddable":true,"href":"https:\/\/hutton.ee\/en\/wp-json\/wp\/v2\/product_tag?post=26961"},{"taxonomy":"filtrisusteem","embeddable":true,"href":"https:\/\/hutton.ee\/en\/wp-json\/wp\/v2\/filtrisusteem?post=26961"},{"taxonomy":"kvaliteediklass","embeddable":true,"href":"https:\/\/hutton.ee\/en\/wp-json\/wp\/v2\/kvaliteediklass?post=26961"}],"curies":[{"name":"wp","href":"https:\/\/api.w.org\/{rel}","templated":true}]}}