{"id":27007,"date":"2025-02-14T10:35:27","date_gmt":"2025-02-14T10:35:27","guid":{"rendered":"https:\/\/hutton.ee\/?post_type=product&#038;p=27007"},"modified":"2026-03-17T08:02:48","modified_gmt":"2026-03-17T08:02:48","slug":"soojustusmaterjalid-2025-tartu-24-04-2025","status":"publish","type":"product","link":"https:\/\/hutton.ee\/en\/toode\/soojustusmaterjalid-2025-tartu-24-04-2025\/","title":{"rendered":"Soojustusmaterjalid 2025, Tartu 24.04.2025"},"content":{"rendered":"<p><strong>&#8220;Soojustusmaterjalid 2025&#8221; koolituskava<\/strong>:<\/p>\n<ol>\n<li><strong> Soojustusmaterjalid Euroopa ja Eesti turul (Insulation materjals in Eu and Estonian market) <\/strong><\/li>\n<\/ol>\n<p><strong>\u00a0\u00a0\u00a0\u00a0\u00a0\u00a0\u00a0\u00a0\u00a0\u00a0\u00a0 &#8211; 1 hour: lecturer Piret Pr\u00fcssel<\/strong><\/p>\n<ul>\n<li>Naftasaadustel p\u00f5hinevatest pol\u00fcmeeridest soojustused (EPS, XPS, PUR, PIR, PU)<\/li>\n<li>Mineraalsetest maavaradest valmistatud soojustused (<a href=\"https:\/\/hutton.ee\/tootekategooria\/soojustus\/kivivill-2\/\">kivivill<\/a>, <a href=\"https:\/\/hutton.ee\/tootekategooria\/soojustus\/klaasvill-soojustus\/\">klaasvill<\/a>, k\u00e4rg- ja vahtklaas, paisutatud savigraanuld, vermikuliit, r\u00e4buvill)<\/li>\n<li>Looduslikest ja orgaanilistest materjalidest soojustused (<a href=\"https:\/\/hutton.ee\/tootekategooria\/soojustus\/tselluvill-soojustus\/\">tselluvill<\/a>, puuvill, <a href=\"https:\/\/hutton.ee\/tootekategooria\/soojustus\/puitkiudsoojustus\/\">puitkiud villatooted<\/a>, kanepikiud tooted, kookuskiud, termoliit, turvas, pilliroog, kork, lambavill, p\u00f5hk)<\/li>\n<li>K\u00f5rg- ja nanotehnoloogilised soojustused (biopol\u00fcmeerid, nanokatted, puursed nanovahud, aerogeelid, vaakumpaneelid, tehnoloogilised vahud)<\/li>\n<\/ul>\n<ol start=\"2\">\n<li><strong> Soojustsuega seotud ehitusf\u00fc\u00fcsika (Building physics and insulation) <\/strong><\/li>\n<\/ol>\n<p><strong>\u00a0\u00a0\u00a0\u00a0\u00a0\u00a0\u00a0\u00a0\u00a0\u00a0\u00a0 &#8211; 1 hour: lecturer prof Targo Kalamees<\/strong><\/p>\n<ul>\n<li>v\u00e4lispiirdetarindi soojusl\u00e4bivus ja seda m\u00f5jutavad tegurid, terminoloogia ja soojuskadude arvutamise valemid<\/li>\n<li>soojustusmaterjalide omadused (Erisoojusjuhtivus, tihedus ja survetundlikkus, tuletundlikkus, veeimavus, heli isoleerimine, faasinihe<\/li>\n<li>soojuse levimise erinevad viisid, erinevate soojustusmaterjalide erinev v\u00f5ime takistada erineval viisil leviva soojuse kadusid<\/li>\n<li>materjalide niiskussisalduse m\u00f5ju soojuse isoleerimisele<\/li>\n<li>naturaalsete soojustusmaterjalide eriomadused ja millal neist k\u00f5ige enam kasu on oodata<\/li>\n<\/ul>\n<ol start=\"3\">\n<li><strong> Puitkiud soojustusmaterjalid ja tuulet\u00f5kked (Wood fiber products from <a href=\"https:\/\/huntonfiber.co.uk\/\">Hunton<\/a>) <\/strong><\/li>\n<\/ol>\n<p><strong>\u00a0\u00a0\u00a0\u00a0\u00a0\u00a0\u00a0\u00a0\u00a0\u00a0\u00a0 &#8211; 1 hour: lecturer Bj\u00f8rn Ole Volden <\/strong><\/p>\n<ul>\n<li><a href=\"https:\/\/hutton.ee\/tootekategooria\/soojustus\/puitkiudsoojustus\/\">puitkiududest soojustus<\/a> ja tuulet\u00f5kke materjalide valmistamise erinevad tehnoloogiad (m\u00e4rg tehnoloogia, kuivtehnoloogia, survetehnoloogia, jne)<\/li>\n<li><a href=\"https:\/\/hutton.ee\/toode\/puistevill-puitkiud-nativo-15kg\/\">puitkiud puistevill<\/a> omadused, toimivuse t\u00f5endamine, tehnilised karakteristikud, kasutuskohad ja v\u00f5imalikud probleemid kasutamisel<\/li>\n<li><a href=\"https:\/\/hutton.ee\/tootekategooria\/soojustus\/puitkiudsoojustus\/\">puitkiud plaatvillade<\/a> omadused, toimivuse t\u00f5endamine, tehnilised karakteristikud, kasutuskohad ja v\u00f5imalikud probleemid kasutamisel<\/li>\n<li><a href=\"https:\/\/hutton.ee\/tootekategooria\/tuuletokked\/tuuletokke-plaadid\/\">puitkiud tuulet\u00f5kke plaatide<\/a> omadused, tehnilised karakteristikud, toimivuse t\u00f5endamine, kasutuskohad ja v\u00f5imalikud probleemid kasutamisel<\/li>\n<li>puitkiud toodete CO2 jalaj\u00e4lg<\/li>\n<\/ul>\n<ol start=\"4\">\n<li><strong> Tselluloosi p\u00f5hised soojustustooted (Cellulose based insulation materjals <a href=\"https:\/\/ekovilla.com\/\">Ekovilla<\/a> Finland) <\/strong><\/li>\n<\/ol>\n<p><strong>\u00a0\u00a0\u00a0\u00a0\u00a0\u00a0\u00a0\u00a0\u00a0\u00a0\u00a0 &#8211; 1 hour: lecturer Akseli Romppainen <\/strong><\/p>\n<ul>\n<li>paberist ja papist tselluloosip\u00f5histe soojustusmaterjalide valmistamise erinevad tehnoloogiad (t\u00fckeldamine ja helbelised tooted, kiudude keerutamine ja kiulised tooted, jne)<\/li>\n<li>kuiv ja m\u00e4rgpuiste tehnoloogiate tutvustus ja kasutuskohad<\/li>\n<li>seinte- ja kaldlagede \u00f5\u00f5nsuste t\u00e4itmine puistevillaga, nn cavity blowing<\/li>\n<li>puistelise tselluvilla omadused, toimivuse t\u00f5endamine, tehnilised karakteristikud, kasutuskohad ja v\u00f5imalikud probleemid kasutamisel<\/li>\n<li>tselluvillast plaatvillade omadused, toimivuse t\u00f5endamine, tehnilised karakteristikud, kasutuskohad ja v\u00f5imalikud probleemid kasutamisel<\/li>\n<li>tselluloosist toodete CO2 jalaj\u00e4lg<\/li>\n<\/ul>\n<ol start=\"5\">\n<li><strong><a href=\"https:\/\/www.armacell.com\/en-GB\"> Armacell<\/a> | ArmaPET ECO <\/strong><\/li>\n<\/ol>\n<p><strong>\u00a0\u00a0\u00a0\u00a0\u00a0\u00a0\u00a0\u00a0\u00a0\u00a0\u00a0 &#8211; 1 hour: lecturer Stefan Reuterlov<\/strong><\/p>\n<ul>\n<li>PET pudelitest (polyethene terephthalate) isolatsioonitoodete tehnoloogia tutvusts ja v\u00f5imalused, tootmeks 100 % taask\u00e4ideldud PET (rPET) plastik<\/li>\n<li>Armapet j\u00e4igad soojusutustooted, omadused, toimivuse t\u00f5endamine, tehnilised karakteristikud, kasutuskohad ja v\u00f5imalikud probleemid kasutamisel<\/li>\n<li>Armapet toodete CO2 jalaj\u00e4lg<\/li>\n<\/ul>\n<ol start=\"6\">\n<li><strong> Sheep wool insulation <a href=\"https:\/\/www.isolena.com\/en\/\">Isolena <\/a><\/strong><\/li>\n<\/ol>\n<p><strong>\u00a0\u00a0\u00a0\u00a0\u00a0\u00a0\u00a0\u00a0\u00a0\u00a0\u00a0 &#8211; 1 hour: lecturer Paulo Canela<\/strong><\/p>\n<ul>\n<li>lambavillast soojustustoodete tootmise tehnoloogia<\/li>\n<li>lambavillast soojusutustooted, omadused, toimivuse t\u00f5endamine, tehnilised karakteristikud, kasutuskohad ja v\u00f5imalikud probleemid kasutamisel<\/li>\n<li>lambavillast toodete CO2 jalaj\u00e4lg<\/li>\n<\/ul>\n<p><strong>Koolitajad<\/strong>:<\/p>\n<p>1. Piret Pr\u00fcssel, k\u00f5rgharidus Tallinna tehnika\u00fclikool<\/p>\n<p>2. doktorikraadiga professor Targo Kalamees, k\u00f5rgharidus Tallinna tehnika\u00fclikool<\/p>\n<p>3. Bj\u00f8rn Ole Volden, Bachelor Export Marketing Norwegian School of Marketing, 27 years as export manager Hunton Fiber AS<\/p>\n<p>4. Akseli Romppainen, Bachelorof Engineering, Oulu University of Applied Sciences, Ecoup (Ekovilla) OY product manager<\/p>\n<p>5. Stefan Reuterlov, Naval Architecture and Composite materials at the Kungliga Tekniska H\u00f6gskolan (Royal Institute of Technology) Stockholm, Sweden<\/p>\n<p>6. Paulo Cesar Canela Torres, Instituto Tecnologico Nacional de Mexico Industrial engineer, Quality and production degreeIndustrial engineer, Quality and production degree<\/p>\n<p>&nbsp;<\/p>\n<p><strong>Kellele on koolitus Soojustusmaterjalid 2025 suunatud:<br \/>\n<\/strong>Ehitajatele, projekteerijatele, arhitektidele, ehitusjuhtidele, ehitusej\u00e4relevalve inseneridele ja k\u00f5igile neile, kellele antud teema huvi pakub.<\/p>\n<p><strong>Registreerimine:<\/strong>Valige endale sobiv koolituse aeg ja koht <a href=\"https:\/\/hutton.ee\/koolitused\/\">https:\/\/hutton.ee\/koolitused\/<\/a> ning registreeruge e-poe kaudu. <strong>Kohtade arv on piiratud!<\/strong><\/p>\n<p class=\"moz-signature\">&#8212;<\/p>\n<p>Koolitaja:<br \/>\nMargus Laats<br \/>\n<a href=\"tel:5011324\">+372 50 11 324<\/a><br \/>\n<a href=\"mailto:margus.laats@hutton.ee\">margus.laats@hutton.ee<\/a><\/p>\n","protected":false},"excerpt":{"rendered":"<p><span style=\"color: #ff0000;\"><strong>Koolitus annab Eesti Ehitusinseneride Liidu t\u00e4iendus\u00f5ppe punkte: 4,1 TP.<\/strong><\/span><\/p>\n<p><span style=\"color: #ff0000;\"><strong>Koolitusel on v\u00f5imalik osaleda veebi vahendusel. Olemas on ka j\u00e4relvaatamise v\u00f5imalus!<\/strong><\/span><\/p>\n<p>Ehituskoolitus &#8220;Soojustusmaterjalid 2025&#8221; keskendub uutele ja keskkonnas\u00f5bralikele soojustusmaterjalidele, mis aitavad parandada hoonete energiat\u00f5husust ning v\u00e4hendada keskkonnam\u00f5ju. Koolitus annab p\u00f5hjaliku \u00fclevaate kaasaegsetest soojustuslahendustest, mida ehitussektoris \u00fcha enam kasutatakse. Koolitus pakub \u00fclevaadet uusimatest lahendustest turul, k\u00e4sitledes puidukiudmaterjalide, tselluloossoojustuse, ArmaPET ECO ja lambavillase soojustuse keskkonnas\u00f5bralikkust ning nende eeliseid. Lisaks tutvustatakse ehitusf\u00fc\u00fcsika p\u00f5him\u00f5tteid, mis m\u00f5jutavad soojustusmaterjalide valikut ja paigaldamist. Arutletakse kuidas niiskus, soojusjuhtivus ja \u00f5hutihedus m\u00f5jutavad hoone soojustust ning kuidas v\u00e4ltida soojakadu ja kondensatsiooni tekkimist.<\/p>\n<p><strong>Tutvu innovaatiliste soojustuslahendustega enne teisi!<\/strong><\/p>\n<p><strong>Koolitus toimub:<br \/>\n<\/strong>24.04.2025<br \/>\nKell 09:00-16:00<br \/>\nRiia 22a-2, 51010 Tartu<\/p>\n<p><strong>Osalejatele tunnistused!<\/strong><\/p>\n<p><span style=\"color: #ff0000;\"><strong>Kasuta sooduskoodi: SOODUS20<\/strong><\/span><\/p>\n","protected":false},"featured_media":27108,"template":"","meta":{"_gspb_post_css":"","_uf_show_specific_survey":0,"_uf_disable_surveys":false},"product_brand":[],"product_cat":[938],"product_tag":[2876],"filtrisusteem":[],"kvaliteediklass":[],"class_list":{"0":"post-27007","1":"product","2":"type-product","3":"status-publish","4":"has-post-thumbnail","6":"product_cat-koolitused","7":"product_tag-ei_pusiklient","9":"first","10":"outofstock","11":"virtual","12":"taxable","13":"purchasable","14":"product-type-simple"},"yoast_head":"<!-- This site is optimized with the Yoast SEO Premium plugin v21.3 (Yoast SEO v27.5) - https:\/\/yoast.com\/product\/yoast-seo-premium-wordpress\/ -->\n<title>Soojustusmaterjalid 2025, Tartu 24.04.2025 - Hutton<\/title>\n<meta name=\"description\" content=\"Osale ehituskoolitusel &quot;Soojustusmaterjalid 2025&quot; ja tutvu uute keskkonnas\u00f5bralike soojustuslahendustega, mis parandavad hoonete energiat\u00f5husust.\" \/>\n<meta name=\"robots\" content=\"index, follow, max-snippet:-1, max-image-preview:large, max-video-preview:-1\" \/>\n<link rel=\"canonical\" href=\"https:\/\/hutton.ee\/toode\/soojustusmaterjalid-2025-tartu-24-04-2025\/\" \/>\n<meta property=\"og:locale\" content=\"en_US\" \/>\n<meta property=\"og:type\" content=\"article\" \/>\n<meta property=\"og:title\" content=\"Soojustusmaterjalid 2025, Tartu 24.04.2025 - Hutton\" \/>\n<meta property=\"og:description\" content=\"Margus Laats koolitus: Energias\u00e4\u00e4stlik ehitamine. Ehitusf\u00fc\u00fcsika ja materjalitehnoloogiad. Ehitajatele, projekteerijatele, ehitusjuhtidele jt. Registreeri kohe &gt;\" \/>\n<meta property=\"og:url\" content=\"https:\/\/hutton.ee\/toode\/soojustusmaterjalid-2025-tartu-24-04-2025\/\" \/>\n<meta property=\"og:site_name\" content=\"Hutton\" \/>\n<meta property=\"article:publisher\" content=\"https:\/\/www.facebook.com\/huttoneesti\" \/>\n<meta property=\"article:modified_time\" content=\"2026-03-17T08:02:48+00:00\" \/>\n<meta property=\"og:image\" content=\"https:\/\/hutton.ee\/wp-content\/uploads\/2025\/02\/aurutokked-4.png\" \/>\n\t<meta property=\"og:image:width\" content=\"500\" \/>\n\t<meta property=\"og:image:height\" content=\"500\" \/>\n\t<meta property=\"og:image:type\" content=\"image\/png\" \/>\n<meta name=\"twitter:card\" content=\"summary_large_image\" \/>\n<meta name=\"twitter:title\" content=\"Soojustusmaterjalid 2025, Tartu 24.04.2025 - Hutton\" \/>\n<meta name=\"twitter:description\" content=\"Margus Laats koolitus: Energias\u00e4\u00e4stlik ehitamine. Ehitusf\u00fc\u00fcsika ja materjalitehnoloogiad. Ehitajatele, projekteerijatele, ehitusjuhtidele jt. Registreeri kohe &gt;\" \/>\n<meta name=\"twitter:label1\" content=\"Est. reading time\" \/>\n\t<meta name=\"twitter:data1\" content=\"3 minutes\" \/>\n<script type=\"application\/ld+json\" class=\"yoast-schema-graph\">{\"@context\":\"https:\\\/\\\/schema.org\",\"@graph\":[{\"@type\":\"WebPage\",\"@id\":\"https:\\\/\\\/hutton.ee\\\/toode\\\/soojustusmaterjalid-2025-tartu-24-04-2025\\\/\",\"url\":\"https:\\\/\\\/hutton.ee\\\/toode\\\/soojustusmaterjalid-2025-tartu-24-04-2025\\\/\",\"name\":\"Soojustusmaterjalid 2025, Tartu 24.04.2025 - Hutton\",\"isPartOf\":{\"@id\":\"https:\\\/\\\/hutton.ee\\\/#website\"},\"primaryImageOfPage\":{\"@id\":\"https:\\\/\\\/hutton.ee\\\/toode\\\/soojustusmaterjalid-2025-tartu-24-04-2025\\\/#primaryimage\"},\"image\":{\"@id\":\"https:\\\/\\\/hutton.ee\\\/toode\\\/soojustusmaterjalid-2025-tartu-24-04-2025\\\/#primaryimage\"},\"thumbnailUrl\":\"https:\\\/\\\/hutton.ee\\\/wp-content\\\/uploads\\\/2025\\\/02\\\/aurutokked-4.png\",\"datePublished\":\"2025-02-14T10:35:27+00:00\",\"dateModified\":\"2026-03-17T08:02:48+00:00\",\"description\":\"Osale ehituskoolitusel \\\"Soojustusmaterjalid 2025\\\" ja tutvu uute keskkonnas\u00f5bralike soojustuslahendustega, mis parandavad hoonete energiat\u00f5husust.\",\"breadcrumb\":{\"@id\":\"https:\\\/\\\/hutton.ee\\\/toode\\\/soojustusmaterjalid-2025-tartu-24-04-2025\\\/#breadcrumb\"},\"inLanguage\":\"en-US\",\"potentialAction\":[{\"@type\":\"ReadAction\",\"target\":[\"https:\\\/\\\/hutton.ee\\\/toode\\\/soojustusmaterjalid-2025-tartu-24-04-2025\\\/\"]}]},{\"@type\":\"ImageObject\",\"inLanguage\":\"en-US\",\"@id\":\"https:\\\/\\\/hutton.ee\\\/toode\\\/soojustusmaterjalid-2025-tartu-24-04-2025\\\/#primaryimage\",\"url\":\"https:\\\/\\\/hutton.ee\\\/wp-content\\\/uploads\\\/2025\\\/02\\\/aurutokked-4.png\",\"contentUrl\":\"https:\\\/\\\/hutton.ee\\\/wp-content\\\/uploads\\\/2025\\\/02\\\/aurutokked-4.png\",\"width\":500,\"height\":500,\"caption\":\"Soojustusmaterjalid 2025\"},{\"@type\":\"BreadcrumbList\",\"@id\":\"https:\\\/\\\/hutton.ee\\\/toode\\\/soojustusmaterjalid-2025-tartu-24-04-2025\\\/#breadcrumb\",\"itemListElement\":[{\"@type\":\"ListItem\",\"position\":1,\"name\":\"Avaleht\",\"item\":\"https:\\\/\\\/hutton.ee\\\/\"},{\"@type\":\"ListItem\",\"position\":2,\"name\":\"Shop\",\"item\":\"https:\\\/\\\/hutton.ee\\\/en\\\/shop\\\/\"},{\"@type\":\"ListItem\",\"position\":3,\"name\":\"Soojustusmaterjalid 2025, Tartu 24.04.2025\"}]},{\"@type\":\"WebSite\",\"@id\":\"https:\\\/\\\/hutton.ee\\\/#website\",\"url\":\"https:\\\/\\\/hutton.ee\\\/\",\"name\":\"Hutton\",\"description\":\"Ajas kestvad ehituslahendused\",\"publisher\":{\"@id\":\"https:\\\/\\\/hutton.ee\\\/#organization\"},\"potentialAction\":[{\"@type\":\"SearchAction\",\"target\":{\"@type\":\"EntryPoint\",\"urlTemplate\":\"https:\\\/\\\/hutton.ee\\\/?s={search_term_string}\"},\"query-input\":{\"@type\":\"PropertyValueSpecification\",\"valueRequired\":true,\"valueName\":\"search_term_string\"}}],\"inLanguage\":\"en-US\"},{\"@type\":\"Organization\",\"@id\":\"https:\\\/\\\/hutton.ee\\\/#organization\",\"name\":\"Hutton - KATUS | SEIN | FASSAAD\",\"url\":\"https:\\\/\\\/hutton.ee\\\/\",\"logo\":{\"@type\":\"ImageObject\",\"inLanguage\":\"en-US\",\"@id\":\"https:\\\/\\\/hutton.ee\\\/#\\\/schema\\\/logo\\\/image\\\/\",\"url\":\"https:\\\/\\\/hutton.ee\\\/wp-content\\\/uploads\\\/2020\\\/07\\\/hutton-logo_uuendatud-01.png\",\"contentUrl\":\"https:\\\/\\\/hutton.ee\\\/wp-content\\\/uploads\\\/2020\\\/07\\\/hutton-logo_uuendatud-01.png\",\"width\":1064,\"height\":455,\"caption\":\"Hutton - KATUS | SEIN | FASSAAD\"},\"image\":{\"@id\":\"https:\\\/\\\/hutton.ee\\\/#\\\/schema\\\/logo\\\/image\\\/\"},\"sameAs\":[\"https:\\\/\\\/www.facebook.com\\\/huttoneesti\"]}]}<\/script>\n<!-- \/ Yoast SEO Premium plugin. -->","yoast_head_json":{"title":"Soojustusmaterjalid 2025, Tartu 24.04.2025 - Hutton","description":"Osale ehituskoolitusel \"Soojustusmaterjalid 2025\" ja tutvu uute keskkonnas\u00f5bralike soojustuslahendustega, mis parandavad hoonete energiat\u00f5husust.","robots":{"index":"index","follow":"follow","max-snippet":"max-snippet:-1","max-image-preview":"max-image-preview:large","max-video-preview":"max-video-preview:-1"},"canonical":"https:\/\/hutton.ee\/toode\/soojustusmaterjalid-2025-tartu-24-04-2025\/","og_locale":"en_US","og_type":"article","og_title":"Soojustusmaterjalid 2025, Tartu 24.04.2025 - Hutton","og_description":"Margus Laats koolitus: Energias\u00e4\u00e4stlik ehitamine. Ehitusf\u00fc\u00fcsika ja materjalitehnoloogiad. Ehitajatele, projekteerijatele, ehitusjuhtidele jt. Registreeri kohe >","og_url":"https:\/\/hutton.ee\/toode\/soojustusmaterjalid-2025-tartu-24-04-2025\/","og_site_name":"Hutton","article_publisher":"https:\/\/www.facebook.com\/huttoneesti","article_modified_time":"2026-03-17T08:02:48+00:00","og_image":[{"width":500,"height":500,"url":"https:\/\/hutton.ee\/wp-content\/uploads\/2025\/02\/aurutokked-4.png","type":"image\/png"}],"twitter_card":"summary_large_image","twitter_title":"Soojustusmaterjalid 2025, Tartu 24.04.2025 - Hutton","twitter_description":"Margus Laats koolitus: Energias\u00e4\u00e4stlik ehitamine. Ehitusf\u00fc\u00fcsika ja materjalitehnoloogiad. Ehitajatele, projekteerijatele, ehitusjuhtidele jt. Registreeri kohe >","twitter_misc":{"Est. reading time":"3 minutes"},"schema":{"@context":"https:\/\/schema.org","@graph":[{"@type":"WebPage","@id":"https:\/\/hutton.ee\/toode\/soojustusmaterjalid-2025-tartu-24-04-2025\/","url":"https:\/\/hutton.ee\/toode\/soojustusmaterjalid-2025-tartu-24-04-2025\/","name":"Soojustusmaterjalid 2025, Tartu 24.04.2025 - Hutton","isPartOf":{"@id":"https:\/\/hutton.ee\/#website"},"primaryImageOfPage":{"@id":"https:\/\/hutton.ee\/toode\/soojustusmaterjalid-2025-tartu-24-04-2025\/#primaryimage"},"image":{"@id":"https:\/\/hutton.ee\/toode\/soojustusmaterjalid-2025-tartu-24-04-2025\/#primaryimage"},"thumbnailUrl":"https:\/\/hutton.ee\/wp-content\/uploads\/2025\/02\/aurutokked-4.png","datePublished":"2025-02-14T10:35:27+00:00","dateModified":"2026-03-17T08:02:48+00:00","description":"Osale ehituskoolitusel \"Soojustusmaterjalid 2025\" ja tutvu uute keskkonnas\u00f5bralike soojustuslahendustega, mis parandavad hoonete energiat\u00f5husust.","breadcrumb":{"@id":"https:\/\/hutton.ee\/toode\/soojustusmaterjalid-2025-tartu-24-04-2025\/#breadcrumb"},"inLanguage":"en-US","potentialAction":[{"@type":"ReadAction","target":["https:\/\/hutton.ee\/toode\/soojustusmaterjalid-2025-tartu-24-04-2025\/"]}]},{"@type":"ImageObject","inLanguage":"en-US","@id":"https:\/\/hutton.ee\/toode\/soojustusmaterjalid-2025-tartu-24-04-2025\/#primaryimage","url":"https:\/\/hutton.ee\/wp-content\/uploads\/2025\/02\/aurutokked-4.png","contentUrl":"https:\/\/hutton.ee\/wp-content\/uploads\/2025\/02\/aurutokked-4.png","width":500,"height":500,"caption":"Soojustusmaterjalid 2025"},{"@type":"BreadcrumbList","@id":"https:\/\/hutton.ee\/toode\/soojustusmaterjalid-2025-tartu-24-04-2025\/#breadcrumb","itemListElement":[{"@type":"ListItem","position":1,"name":"Avaleht","item":"https:\/\/hutton.ee\/"},{"@type":"ListItem","position":2,"name":"Shop","item":"https:\/\/hutton.ee\/en\/shop\/"},{"@type":"ListItem","position":3,"name":"Soojustusmaterjalid 2025, Tartu 24.04.2025"}]},{"@type":"WebSite","@id":"https:\/\/hutton.ee\/#website","url":"https:\/\/hutton.ee\/","name":"Hutton","description":"Ajas kestvad ehituslahendused","publisher":{"@id":"https:\/\/hutton.ee\/#organization"},"potentialAction":[{"@type":"SearchAction","target":{"@type":"EntryPoint","urlTemplate":"https:\/\/hutton.ee\/?s={search_term_string}"},"query-input":{"@type":"PropertyValueSpecification","valueRequired":true,"valueName":"search_term_string"}}],"inLanguage":"en-US"},{"@type":"Organization","@id":"https:\/\/hutton.ee\/#organization","name":"Hutton - KATUS | SEIN | FASSAAD","url":"https:\/\/hutton.ee\/","logo":{"@type":"ImageObject","inLanguage":"en-US","@id":"https:\/\/hutton.ee\/#\/schema\/logo\/image\/","url":"https:\/\/hutton.ee\/wp-content\/uploads\/2020\/07\/hutton-logo_uuendatud-01.png","contentUrl":"https:\/\/hutton.ee\/wp-content\/uploads\/2020\/07\/hutton-logo_uuendatud-01.png","width":1064,"height":455,"caption":"Hutton - KATUS | SEIN | FASSAAD"},"image":{"@id":"https:\/\/hutton.ee\/#\/schema\/logo\/image\/"},"sameAs":["https:\/\/www.facebook.com\/huttoneesti"]}]}},"_links":{"self":[{"href":"https:\/\/hutton.ee\/en\/wp-json\/wp\/v2\/product\/27007","targetHints":{"allow":["GET"]}}],"collection":[{"href":"https:\/\/hutton.ee\/en\/wp-json\/wp\/v2\/product"}],"about":[{"href":"https:\/\/hutton.ee\/en\/wp-json\/wp\/v2\/types\/product"}],"wp:featuredmedia":[{"embeddable":true,"href":"https:\/\/hutton.ee\/en\/wp-json\/wp\/v2\/media\/27108"}],"wp:attachment":[{"href":"https:\/\/hutton.ee\/en\/wp-json\/wp\/v2\/media?parent=27007"}],"wp:term":[{"taxonomy":"product_brand","embeddable":true,"href":"https:\/\/hutton.ee\/en\/wp-json\/wp\/v2\/product_brand?post=27007"},{"taxonomy":"product_cat","embeddable":true,"href":"https:\/\/hutton.ee\/en\/wp-json\/wp\/v2\/product_cat?post=27007"},{"taxonomy":"product_tag","embeddable":true,"href":"https:\/\/hutton.ee\/en\/wp-json\/wp\/v2\/product_tag?post=27007"},{"taxonomy":"filtrisusteem","embeddable":true,"href":"https:\/\/hutton.ee\/en\/wp-json\/wp\/v2\/filtrisusteem?post=27007"},{"taxonomy":"kvaliteediklass","embeddable":true,"href":"https:\/\/hutton.ee\/en\/wp-json\/wp\/v2\/kvaliteediklass?post=27007"}],"curies":[{"name":"wp","href":"https:\/\/api.w.org\/{rel}","templated":true}]}}