{"id":27010,"date":"2025-02-14T11:11:34","date_gmt":"2025-02-14T11:11:34","guid":{"rendered":"https:\/\/hutton.ee\/?post_type=product&#038;p=27010"},"modified":"2026-03-17T11:37:13","modified_gmt":"2026-03-17T11:37:13","slug":"vundamendid-tallinn-koolitus-12-04-2025","status":"publish","type":"product","link":"https:\/\/hutton.ee\/en\/toode\/vundamendid-tallinn-koolitus-12-04-2025\/","title":{"rendered":"Vundamendid Tallinn koolitus 12.04.2025"},"content":{"rendered":"<p><strong>Koolituskava<\/strong>:<\/p>\n<p><strong>1. Pinnased, taldmiku alused<\/strong><\/p>\n<ul>\n<li>pinnase t\u00fc\u00fcbid ja kandev\u00f5ime<\/li>\n<li>liiv- ja killustikalused<\/li>\n<\/ul>\n<p><strong>2. Vundamendi toimivuse komponendid<\/strong><\/p>\n<ul>\n<li>konstruktiivne toimivs<\/li>\n<li>soojustehniline toimivus<\/li>\n<li>niiskustehniline toimivus<\/li>\n<\/ul>\n<p><strong>3. Taldmiku ehitamise erinevad lahendused<\/strong><\/p>\n<ul>\n<li>betoonlint<\/li>\n<li>FIBO taldmiku moodulid<\/li>\n<li>EPS A-moodulid<\/li>\n<\/ul>\n<p><strong>4. Vundamendi t\u00fc\u00fcbid<\/strong><\/p>\n<ul>\n<li>plaatvundament<\/li>\n<li>lintvundament<\/li>\n<li>postvundament<\/li>\n<\/ul>\n<p><strong>5. Soklilahendused<\/strong><\/p>\n<ul>\n<li>krohvutud + v\u00e4rvitud<\/li>\n<li>v\u00e4rvitud<\/li>\n<li>plaatkattega<\/li>\n<\/ul>\n<p><strong>6. Armeerimislahendused<\/strong><\/p>\n<ul>\n<li>terasarmatuur<\/li>\n<li>klaasfiiber armatuur<\/li>\n<li>armeritud betoon<\/li>\n<\/ul>\n<p><strong>7. ICF (Insulated Concret Forms) vundamendilahendused<\/strong><\/p>\n<ul>\n<li>Mis asi on ICF vundament? Mis eelised ja mis puudused on ICF vundamendil?<\/li>\n<li>ICF vundamendi s\u00f5lmejoonised<\/li>\n<li>praktilised n\u00e4pun\u00e4ited targale ehitajale<\/li>\n<\/ul>\n<p><strong>8. Vundamendi soojustamise lahendused<\/strong><\/p>\n<ul>\n<li>EPS ja XPS<\/li>\n<li>PIR ja PUR<\/li>\n<li>ArmaPET<\/li>\n<\/ul>\n<p><strong>9. Vundamendi h\u00fcdroisoleerimise lahendused<\/strong><\/p>\n<ul>\n<li>h\u00fcdroisoleerimise erinevad tehnoloogilised v\u00f5imalused<\/li>\n<li>membraan h\u00fcdroisolatsioonid sh k\u00fclmliimitavad membraanid<\/li>\n<li>h\u00fcdroisolatsiooni kaitsmine<\/li>\n<\/ul>\n<p><strong>10. Radoonit\u00f5kke lahendused<\/strong><\/p>\n<ul>\n<li>alt tuulduvad p\u00f5randada<\/li>\n<li>kile + torustik s\u00fcsteemid<\/li>\n<\/ul>\n<p><strong>11. Kokkuv\u00f5te ja arutelud<\/strong><\/p>\n<p><strong>Kellele on koolitus Vundamendid suunatud:<br \/>\n<\/strong>Ehitajatele, projekteerijatele, arhitektidele, ehitusjuhtidele, ehitusej\u00e4relevalve inseneridele ja k\u00f5igile neile, kellele antud teema huvi pakub.<\/p>\n<p><strong>Registreerimine:<br \/>\n<\/strong>Valige endale sobiv koolituse aeg ja koht <a href=\"https:\/\/hutton.ee\/koolitused\/\">https:\/\/hutton.ee\/koolitused\/<\/a> ning registreeruge e-poe kaudu. <strong>Kohtade arv on piiratud!<\/strong><\/p>\n<p><strong>Koolitus Hutton p\u00fcsikliendile<\/strong> 30 eur + KM.<br \/>\nRegistreeru p\u00fcsikliendiks: <a href=\"https:\/\/hutton.ee\/minu-konto\/\"><strong>Registreeru!<\/strong><\/a><\/p>\n<p class=\"moz-signature\">&#8212;<\/p>\n<p>Koolitaja:<br \/>\nMargus Laats<br \/>\n<a href=\"tel:5011324\">+372 50 11 324<\/a><br \/>\n<a href=\"mailto:margus.laats@hutton.ee\">margus.laats@hutton.ee<\/a><\/p>\n","protected":false},"excerpt":{"rendered":"<p><span style=\"font-size: 18pt; color: #ff0000;\"><strong>2026. a koolitusele saab registreerida <span style=\"text-decoration: underline;\"><a style=\"color: #ff0000; text-decoration: underline;\" href=\"https:\/\/hutton.ee\/toode\/vundamendid-tallinn-koolitus-11-04\/\">SIIT<\/a><\/span>!<\/strong><\/span><\/p>\n<p>&nbsp;<\/p>\n<p>Ehituskoolitus &#8220;<strong>Vundamendid<\/strong>&#8221; annab p\u00f5hjaliku \u00fclevaate vundamentide ehitamise ja projekteerimise olulisematest aspektidest, alates pinnase t\u00fc\u00fcpidest ja taldmiku aluste lahendustest kuni soojustuse, h\u00fcdroisolatsiooni ja radoonit\u00f5kete meetoditeni. Osalejad \u00f5pivad tundma erinevaid vundamendit\u00fc\u00fcpe, materjale ning kaasaegseid tehnoloogiaid, n\u00e4iteks ICF vundamendilahendus. Koolitus pakub nii teoreetilisi teadmisi kui ka praktilisi n\u00e4pun\u00e4iteid, aidates ehitajatel ja inseneridel teha teadlikke ja vastupidavaid konstruktiivseid otsuseid.<\/p>\n<p><strong>Koolitus toimub:<br \/>\n<\/strong>12.04.2025<br \/>\n11:00 &#8211; 14:00<br \/>\nEhitusmess &#8220;Eesti Ehitab 2025&#8221; &#8211; Eesti N\u00e4ituste messikeskus, Pirita tee 28, 12011 Tallinn<\/p>\n<p><strong>Osalejatele tunnistused!<\/strong><\/p>\n<p><strong>Koolitus Hutton p\u00fcsikliendile<\/strong> 30 eur + KM.<br \/>\nRegistreeru p\u00fcsikliendiks: <a href=\"https:\/\/hutton.ee\/minu-konto\/\"><strong>Registreeru!<\/strong><\/a><\/p>\n","protected":false},"featured_media":27648,"template":"","meta":{"_gspb_post_css":"","_uf_show_specific_survey":0,"_uf_disable_surveys":false},"product_brand":[],"product_cat":[938,2649],"product_tag":[2876],"filtrisusteem":[],"kvaliteediklass":[],"class_list":{"0":"post-27010","1":"product","2":"type-product","3":"status-publish","4":"has-post-thumbnail","6":"product_cat-koolitused","7":"product_cat-icf-ja-plastbau","8":"product_tag-ei_pusiklient","10":"first","11":"instock","12":"virtual","13":"taxable","14":"purchasable","15":"product-type-simple"},"yoast_head":"<!-- This site is optimized with the Yoast SEO Premium plugin v21.3 (Yoast SEO v27.3) - https:\/\/yoast.com\/product\/yoast-seo-premium-wordpress\/ -->\n<title>Vundamendid Tallinn koolitus 12.04.2025 - Hutton<\/title>\n<meta name=\"description\" content=\"Margus Laats ehituskoolitus: Vundamendid, Tartus. Sobilik ehitajatele, projekteerijatele, ehitusjuhtidele.. Registreeru kohe!\" \/>\n<meta name=\"robots\" content=\"index, follow, max-snippet:-1, max-image-preview:large, max-video-preview:-1\" \/>\n<link rel=\"canonical\" href=\"https:\/\/hutton.ee\/toode\/vundamendid-tallinn-koolitus-12-04-2025\/\" \/>\n<meta property=\"og:locale\" content=\"en_US\" \/>\n<meta property=\"og:type\" content=\"article\" \/>\n<meta property=\"og:title\" content=\"Vundamendid Tallinn koolitus 12.04.2025 - Hutton\" \/>\n<meta property=\"og:description\" content=\"Margus Laats koolitus: Energias\u00e4\u00e4stlik ehitamine. Ehitusf\u00fc\u00fcsika ja materjalitehnoloogiad. Ehitajatele, projekteerijatele, ehitusjuhtidele jt. Registreeri kohe &gt;\" \/>\n<meta property=\"og:url\" content=\"https:\/\/hutton.ee\/toode\/vundamendid-tallinn-koolitus-12-04-2025\/\" \/>\n<meta property=\"og:site_name\" content=\"Hutton\" \/>\n<meta property=\"article:publisher\" content=\"https:\/\/www.facebook.com\/huttoneesti\" \/>\n<meta property=\"article:modified_time\" content=\"2026-03-17T11:37:13+00:00\" \/>\n<meta property=\"og:image\" content=\"https:\/\/hutton.ee\/wp-content\/uploads\/2025\/02\/vundamendid-3.png\" \/>\n\t<meta property=\"og:image:width\" content=\"500\" \/>\n\t<meta property=\"og:image:height\" content=\"500\" \/>\n\t<meta property=\"og:image:type\" content=\"image\/png\" \/>\n<meta name=\"twitter:card\" content=\"summary_large_image\" \/>\n<meta name=\"twitter:title\" content=\"Vundamendid Tallinn koolitus 12.04.2025 - Hutton\" \/>\n<meta name=\"twitter:description\" content=\"Margus Laats koolitus: Energias\u00e4\u00e4stlik ehitamine. Ehitusf\u00fc\u00fcsika ja materjalitehnoloogiad. Ehitajatele, projekteerijatele, ehitusjuhtidele jt. Registreeri kohe &gt;\" \/>\n<meta name=\"twitter:label1\" content=\"Est. reading time\" \/>\n\t<meta name=\"twitter:data1\" content=\"2 minutes\" \/>\n<script type=\"application\/ld+json\" class=\"yoast-schema-graph\">{\"@context\":\"https:\\\/\\\/schema.org\",\"@graph\":[{\"@type\":\"WebPage\",\"@id\":\"https:\\\/\\\/hutton.ee\\\/toode\\\/vundamendid-tallinn-koolitus-12-04-2025\\\/\",\"url\":\"https:\\\/\\\/hutton.ee\\\/toode\\\/vundamendid-tallinn-koolitus-12-04-2025\\\/\",\"name\":\"Vundamendid Tallinn koolitus 12.04.2025 - Hutton\",\"isPartOf\":{\"@id\":\"https:\\\/\\\/hutton.ee\\\/#website\"},\"primaryImageOfPage\":{\"@id\":\"https:\\\/\\\/hutton.ee\\\/toode\\\/vundamendid-tallinn-koolitus-12-04-2025\\\/#primaryimage\"},\"image\":{\"@id\":\"https:\\\/\\\/hutton.ee\\\/toode\\\/vundamendid-tallinn-koolitus-12-04-2025\\\/#primaryimage\"},\"thumbnailUrl\":\"https:\\\/\\\/hutton.ee\\\/wp-content\\\/uploads\\\/2025\\\/02\\\/vundamendid-3.png\",\"datePublished\":\"2025-02-14T11:11:34+00:00\",\"dateModified\":\"2026-03-17T11:37:13+00:00\",\"description\":\"Margus Laats ehituskoolitus: Vundamendid, Tartus. Sobilik ehitajatele, projekteerijatele, ehitusjuhtidele.. Registreeru kohe!\",\"breadcrumb\":{\"@id\":\"https:\\\/\\\/hutton.ee\\\/toode\\\/vundamendid-tallinn-koolitus-12-04-2025\\\/#breadcrumb\"},\"inLanguage\":\"en-US\",\"potentialAction\":[{\"@type\":\"ReadAction\",\"target\":[\"https:\\\/\\\/hutton.ee\\\/toode\\\/vundamendid-tallinn-koolitus-12-04-2025\\\/\"]}]},{\"@type\":\"ImageObject\",\"inLanguage\":\"en-US\",\"@id\":\"https:\\\/\\\/hutton.ee\\\/toode\\\/vundamendid-tallinn-koolitus-12-04-2025\\\/#primaryimage\",\"url\":\"https:\\\/\\\/hutton.ee\\\/wp-content\\\/uploads\\\/2025\\\/02\\\/vundamendid-3.png\",\"contentUrl\":\"https:\\\/\\\/hutton.ee\\\/wp-content\\\/uploads\\\/2025\\\/02\\\/vundamendid-3.png\",\"width\":500,\"height\":500,\"caption\":\"Vundamendid ehituskoolitus, vundamendi ehitamine\"},{\"@type\":\"BreadcrumbList\",\"@id\":\"https:\\\/\\\/hutton.ee\\\/toode\\\/vundamendid-tallinn-koolitus-12-04-2025\\\/#breadcrumb\",\"itemListElement\":[{\"@type\":\"ListItem\",\"position\":1,\"name\":\"Avaleht\",\"item\":\"https:\\\/\\\/hutton.ee\\\/\"},{\"@type\":\"ListItem\",\"position\":2,\"name\":\"Shop\",\"item\":\"https:\\\/\\\/hutton.ee\\\/en\\\/shop\\\/\"},{\"@type\":\"ListItem\",\"position\":3,\"name\":\"Vundamendid Tallinn koolitus 12.04.2025\"}]},{\"@type\":\"WebSite\",\"@id\":\"https:\\\/\\\/hutton.ee\\\/#website\",\"url\":\"https:\\\/\\\/hutton.ee\\\/\",\"name\":\"Hutton\",\"description\":\"Ajas kestvad ehituslahendused\",\"publisher\":{\"@id\":\"https:\\\/\\\/hutton.ee\\\/#organization\"},\"potentialAction\":[{\"@type\":\"SearchAction\",\"target\":{\"@type\":\"EntryPoint\",\"urlTemplate\":\"https:\\\/\\\/hutton.ee\\\/?s={search_term_string}\"},\"query-input\":{\"@type\":\"PropertyValueSpecification\",\"valueRequired\":true,\"valueName\":\"search_term_string\"}}],\"inLanguage\":\"en-US\"},{\"@type\":\"Organization\",\"@id\":\"https:\\\/\\\/hutton.ee\\\/#organization\",\"name\":\"Hutton - KATUS | SEIN | FASSAAD\",\"url\":\"https:\\\/\\\/hutton.ee\\\/\",\"logo\":{\"@type\":\"ImageObject\",\"inLanguage\":\"en-US\",\"@id\":\"https:\\\/\\\/hutton.ee\\\/#\\\/schema\\\/logo\\\/image\\\/\",\"url\":\"https:\\\/\\\/hutton.ee\\\/wp-content\\\/uploads\\\/2020\\\/07\\\/hutton-logo_uuendatud-01.png\",\"contentUrl\":\"https:\\\/\\\/hutton.ee\\\/wp-content\\\/uploads\\\/2020\\\/07\\\/hutton-logo_uuendatud-01.png\",\"width\":1064,\"height\":455,\"caption\":\"Hutton - KATUS | SEIN | FASSAAD\"},\"image\":{\"@id\":\"https:\\\/\\\/hutton.ee\\\/#\\\/schema\\\/logo\\\/image\\\/\"},\"sameAs\":[\"https:\\\/\\\/www.facebook.com\\\/huttoneesti\"]}]}<\/script>\n<!-- \/ Yoast SEO Premium plugin. -->","yoast_head_json":{"title":"Vundamendid Tallinn koolitus 12.04.2025 - Hutton","description":"Margus Laats ehituskoolitus: Vundamendid, Tartus. Sobilik ehitajatele, projekteerijatele, ehitusjuhtidele.. Registreeru kohe!","robots":{"index":"index","follow":"follow","max-snippet":"max-snippet:-1","max-image-preview":"max-image-preview:large","max-video-preview":"max-video-preview:-1"},"canonical":"https:\/\/hutton.ee\/toode\/vundamendid-tallinn-koolitus-12-04-2025\/","og_locale":"en_US","og_type":"article","og_title":"Vundamendid Tallinn koolitus 12.04.2025 - Hutton","og_description":"Margus Laats koolitus: Energias\u00e4\u00e4stlik ehitamine. Ehitusf\u00fc\u00fcsika ja materjalitehnoloogiad. Ehitajatele, projekteerijatele, ehitusjuhtidele jt. Registreeri kohe >","og_url":"https:\/\/hutton.ee\/toode\/vundamendid-tallinn-koolitus-12-04-2025\/","og_site_name":"Hutton","article_publisher":"https:\/\/www.facebook.com\/huttoneesti","article_modified_time":"2026-03-17T11:37:13+00:00","og_image":[{"width":500,"height":500,"url":"https:\/\/hutton.ee\/wp-content\/uploads\/2025\/02\/vundamendid-3.png","type":"image\/png"}],"twitter_card":"summary_large_image","twitter_title":"Vundamendid Tallinn koolitus 12.04.2025 - Hutton","twitter_description":"Margus Laats koolitus: Energias\u00e4\u00e4stlik ehitamine. Ehitusf\u00fc\u00fcsika ja materjalitehnoloogiad. Ehitajatele, projekteerijatele, ehitusjuhtidele jt. Registreeri kohe >","twitter_misc":{"Est. reading time":"2 minutes"},"schema":{"@context":"https:\/\/schema.org","@graph":[{"@type":"WebPage","@id":"https:\/\/hutton.ee\/toode\/vundamendid-tallinn-koolitus-12-04-2025\/","url":"https:\/\/hutton.ee\/toode\/vundamendid-tallinn-koolitus-12-04-2025\/","name":"Vundamendid Tallinn koolitus 12.04.2025 - Hutton","isPartOf":{"@id":"https:\/\/hutton.ee\/#website"},"primaryImageOfPage":{"@id":"https:\/\/hutton.ee\/toode\/vundamendid-tallinn-koolitus-12-04-2025\/#primaryimage"},"image":{"@id":"https:\/\/hutton.ee\/toode\/vundamendid-tallinn-koolitus-12-04-2025\/#primaryimage"},"thumbnailUrl":"https:\/\/hutton.ee\/wp-content\/uploads\/2025\/02\/vundamendid-3.png","datePublished":"2025-02-14T11:11:34+00:00","dateModified":"2026-03-17T11:37:13+00:00","description":"Margus Laats ehituskoolitus: Vundamendid, Tartus. Sobilik ehitajatele, projekteerijatele, ehitusjuhtidele.. Registreeru kohe!","breadcrumb":{"@id":"https:\/\/hutton.ee\/toode\/vundamendid-tallinn-koolitus-12-04-2025\/#breadcrumb"},"inLanguage":"en-US","potentialAction":[{"@type":"ReadAction","target":["https:\/\/hutton.ee\/toode\/vundamendid-tallinn-koolitus-12-04-2025\/"]}]},{"@type":"ImageObject","inLanguage":"en-US","@id":"https:\/\/hutton.ee\/toode\/vundamendid-tallinn-koolitus-12-04-2025\/#primaryimage","url":"https:\/\/hutton.ee\/wp-content\/uploads\/2025\/02\/vundamendid-3.png","contentUrl":"https:\/\/hutton.ee\/wp-content\/uploads\/2025\/02\/vundamendid-3.png","width":500,"height":500,"caption":"Vundamendid ehituskoolitus, vundamendi ehitamine"},{"@type":"BreadcrumbList","@id":"https:\/\/hutton.ee\/toode\/vundamendid-tallinn-koolitus-12-04-2025\/#breadcrumb","itemListElement":[{"@type":"ListItem","position":1,"name":"Avaleht","item":"https:\/\/hutton.ee\/"},{"@type":"ListItem","position":2,"name":"Shop","item":"https:\/\/hutton.ee\/en\/shop\/"},{"@type":"ListItem","position":3,"name":"Vundamendid Tallinn koolitus 12.04.2025"}]},{"@type":"WebSite","@id":"https:\/\/hutton.ee\/#website","url":"https:\/\/hutton.ee\/","name":"Hutton","description":"Ajas kestvad ehituslahendused","publisher":{"@id":"https:\/\/hutton.ee\/#organization"},"potentialAction":[{"@type":"SearchAction","target":{"@type":"EntryPoint","urlTemplate":"https:\/\/hutton.ee\/?s={search_term_string}"},"query-input":{"@type":"PropertyValueSpecification","valueRequired":true,"valueName":"search_term_string"}}],"inLanguage":"en-US"},{"@type":"Organization","@id":"https:\/\/hutton.ee\/#organization","name":"Hutton - KATUS | SEIN | FASSAAD","url":"https:\/\/hutton.ee\/","logo":{"@type":"ImageObject","inLanguage":"en-US","@id":"https:\/\/hutton.ee\/#\/schema\/logo\/image\/","url":"https:\/\/hutton.ee\/wp-content\/uploads\/2020\/07\/hutton-logo_uuendatud-01.png","contentUrl":"https:\/\/hutton.ee\/wp-content\/uploads\/2020\/07\/hutton-logo_uuendatud-01.png","width":1064,"height":455,"caption":"Hutton - KATUS | SEIN | FASSAAD"},"image":{"@id":"https:\/\/hutton.ee\/#\/schema\/logo\/image\/"},"sameAs":["https:\/\/www.facebook.com\/huttoneesti"]}]}},"_links":{"self":[{"href":"https:\/\/hutton.ee\/en\/wp-json\/wp\/v2\/product\/27010","targetHints":{"allow":["GET"]}}],"collection":[{"href":"https:\/\/hutton.ee\/en\/wp-json\/wp\/v2\/product"}],"about":[{"href":"https:\/\/hutton.ee\/en\/wp-json\/wp\/v2\/types\/product"}],"wp:featuredmedia":[{"embeddable":true,"href":"https:\/\/hutton.ee\/en\/wp-json\/wp\/v2\/media\/27648"}],"wp:attachment":[{"href":"https:\/\/hutton.ee\/en\/wp-json\/wp\/v2\/media?parent=27010"}],"wp:term":[{"taxonomy":"product_brand","embeddable":true,"href":"https:\/\/hutton.ee\/en\/wp-json\/wp\/v2\/product_brand?post=27010"},{"taxonomy":"product_cat","embeddable":true,"href":"https:\/\/hutton.ee\/en\/wp-json\/wp\/v2\/product_cat?post=27010"},{"taxonomy":"product_tag","embeddable":true,"href":"https:\/\/hutton.ee\/en\/wp-json\/wp\/v2\/product_tag?post=27010"},{"taxonomy":"filtrisusteem","embeddable":true,"href":"https:\/\/hutton.ee\/en\/wp-json\/wp\/v2\/filtrisusteem?post=27010"},{"taxonomy":"kvaliteediklass","embeddable":true,"href":"https:\/\/hutton.ee\/en\/wp-json\/wp\/v2\/kvaliteediklass?post=27010"}],"curies":[{"name":"wp","href":"https:\/\/api.w.org\/{rel}","templated":true}]}}