{"id":27410,"date":"2025-03-14T11:51:36","date_gmt":"2025-03-14T11:51:36","guid":{"rendered":"https:\/\/hutton.ee\/?post_type=product&#038;p=27410"},"modified":"2025-12-12T10:15:15","modified_gmt":"2025-12-12T10:15:15","slug":"isoblow-smart-plus","status":"publish","type":"product","link":"https:\/\/hutton.ee\/en\/toode\/isoblow-smart-plus\/","title":{"rendered":"ISOblow SMART PLUS"},"content":{"rendered":"<div class=\"lg:col-start-2 lg:row-start-2 mt-5 lg:mt-0\">The ISOblow SMART PLUS is a very compact, light and ergonomically friendly blowing machine. It is used mainly in refurbishment for the insulation of pitched roofs, for loose blowing and for core insulation. Filling is supported by a practical shelf.<\/div>\n<div><\/div>\n<div>Is a very compact, light and ergonomically friendly blowing machine. It is used mainly in refurbishment for the insulation of pitched roofs, for loose blowing and for core insulation. 2 hard-wearing shredder shafts ensure the insulation material is well loosened and a powerful blower provides the necessary air output. A 5-chamber airlock is relatively large in proportion to the size of the machine. The airlock size and the 3\u201d outlet guarantee high performance. Standard operation of the ISOblow SMART PLUS is by radio remote controls with a cord. As an option the machine can also be operated by a 4-channel radio remote control. The air volume is regulated from the switch box. Material flow is controlled by an airlock slide-gate. Filling is supported by a practical shelf. On special request an optional inlet can be supplied for free-flo<\/div>\n<div><\/div>\n<div>Advantages<\/div>\n<div>\n<ul class=\"text-primary md:grid md:grid-cols-2 gap-x-4\">\n<li class=\"flex items-start py-1\"><span class=\"w-full text-gray-600\">large hopper with two shredder shafts<\/span><\/li>\n<li class=\"flex items-start py-1\"><span class=\"w-full text-gray-600\">extension is removable<\/span><\/li>\n<li class=\"flex items-start py-1\"><span class=\"w-full text-gray-600\">6-chamber air-lock with seals of Abrasion-resistant rubber. No pressure loss &#8211; Minimum wear<\/span><\/li>\n<li class=\"flex items-start py-1\"><span class=\"w-full text-gray-600\">backflow flaps protect the blower from blockage<\/span><\/li>\n<li class=\"flex items-start py-1\"><span class=\"w-full text-gray-600\">flow adjustable via slider<\/span><\/li>\n<li class=\"flex items-start py-1\"><span class=\"w-full text-gray-600\">lighting current is sufficient.<\/span><\/li>\n<li class=\"flex items-start py-1\"><span class=\"w-full text-gray-600\">extraction only conditionally possible (a special air intake cover with a 3&#8243; hose connection is required)<\/span><\/li>\n<li class=\"flex items-start py-1\"><span class=\"w-full text-gray-600\">easy to transport due to large pneumatic wheels<\/span><\/li>\n<\/ul>\n<\/div>\n<p><strong><a href=\"https:\/\/www.youtube.com\/watch?v=ni2gcIpTPNI&amp;embeds_widget_referrer=https%3A%2F%2Fwww.isocell.com%2Fen%2Fproduct%2Fisoblow-smart-plus&amp;embeds_referring_euri=https%3A%2F%2Fwww.isocell.com%2F&amp;embeds_referring_origin=https%3A%2F%2Fwww.isocell.com\">Tutvustusvideo<\/a><\/strong><\/p>\n","protected":false},"excerpt":{"rendered":"<p>The ISOblow SMART PLUS is a very compact, light and ergonomically friendly blowing machine. It is used mainly in refurbishment for the insulation of pitched roofs, for loose blowing and for core insulation. Filling is supported by a practical shelf. Is a very compact, light and ergonomically friendly blowing machine. It is used mainly in [&hellip;]<\/p>\n","protected":false},"featured_media":27417,"template":"","meta":{"_gspb_post_css":"","_uf_show_specific_survey":0,"_uf_disable_surveys":false},"product_brand":[],"product_cat":[968,2890],"product_tag":[1258,2876],"filtrisusteem":[],"kvaliteediklass":[],"class_list":{"0":"post-27410","1":"product","2":"type-product","3":"status-publish","4":"has-post-thumbnail","6":"product_cat-tooriistad","7":"product_cat-puistevilla-masinad","8":"product_tag-ei_pakiautomaat","9":"product_tag-ei_pusiklient","11":"first","12":"instock","13":"taxable","14":"shipping-taxable","15":"purchasable","16":"product-type-simple"},"yoast_head":"<!-- This site is optimized with the Yoast SEO Premium plugin v21.3 (Yoast SEO v27.3) - https:\/\/yoast.com\/product\/yoast-seo-premium-wordpress\/ -->\n<title>ISOblow SMART PLUS - Hutton<\/title>\n<meta name=\"description\" content=\"ISOblow SMART PLUS on kompaktne ja kerge puhumismasin katuste, puiste- ja s\u00fcstsoojustuse paigaldamiseks. Sobib renoveerimist\u00f6\u00f6deks, lihtne k\u00e4sitseda\" \/>\n<meta name=\"robots\" content=\"index, follow, max-snippet:-1, max-image-preview:large, max-video-preview:-1\" \/>\n<link rel=\"canonical\" href=\"https:\/\/hutton.ee\/toode\/isoblow-smart-plus\/\" \/>\n<meta property=\"og:locale\" content=\"en_US\" \/>\n<meta property=\"og:type\" content=\"article\" \/>\n<meta property=\"og:title\" content=\"ISOblow SMART PLUS\" \/>\n<meta property=\"og:description\" content=\"ISOblow SMART PLUS on kompaktne ja kerge puhumismasin katuste, puiste- ja s\u00fcstsoojustuse paigaldamiseks. Sobib renoveerimist\u00f6\u00f6deks, lihtne k\u00e4sitseda\" \/>\n<meta property=\"og:url\" content=\"https:\/\/hutton.ee\/toode\/isoblow-smart-plus\/\" \/>\n<meta property=\"og:site_name\" content=\"Hutton\" \/>\n<meta property=\"article:publisher\" content=\"https:\/\/www.facebook.com\/huttoneesti\" \/>\n<meta property=\"article:modified_time\" content=\"2025-12-12T10:15:15+00:00\" \/>\n<meta property=\"og:image\" content=\"https:\/\/hutton.ee\/wp-content\/uploads\/2025\/03\/isoblow-smart-plus-puistevilla-masin.png\" \/>\n\t<meta property=\"og:image:width\" content=\"500\" \/>\n\t<meta property=\"og:image:height\" content=\"500\" \/>\n\t<meta property=\"og:image:type\" content=\"image\/png\" \/>\n<meta name=\"twitter:card\" content=\"summary_large_image\" \/>\n<meta name=\"twitter:label1\" content=\"Est. reading time\" \/>\n\t<meta name=\"twitter:data1\" content=\"2 minutes\" \/>\n<script type=\"application\/ld+json\" class=\"yoast-schema-graph\">{\"@context\":\"https:\\\/\\\/schema.org\",\"@graph\":[{\"@type\":\"WebPage\",\"@id\":\"https:\\\/\\\/hutton.ee\\\/toode\\\/isoblow-smart-plus\\\/\",\"url\":\"https:\\\/\\\/hutton.ee\\\/toode\\\/isoblow-smart-plus\\\/\",\"name\":\"ISOblow SMART PLUS - Hutton\",\"isPartOf\":{\"@id\":\"https:\\\/\\\/hutton.ee\\\/#website\"},\"primaryImageOfPage\":{\"@id\":\"https:\\\/\\\/hutton.ee\\\/toode\\\/isoblow-smart-plus\\\/#primaryimage\"},\"image\":{\"@id\":\"https:\\\/\\\/hutton.ee\\\/toode\\\/isoblow-smart-plus\\\/#primaryimage\"},\"thumbnailUrl\":\"https:\\\/\\\/hutton.ee\\\/wp-content\\\/uploads\\\/2025\\\/03\\\/isoblow-smart-plus-puistevilla-masin.png\",\"datePublished\":\"2025-03-14T11:51:36+00:00\",\"dateModified\":\"2025-12-12T10:15:15+00:00\",\"description\":\"ISOblow SMART PLUS on kompaktne ja kerge puhumismasin katuste, puiste- ja s\u00fcstsoojustuse paigaldamiseks. Sobib renoveerimist\u00f6\u00f6deks, lihtne k\u00e4sitseda\",\"breadcrumb\":{\"@id\":\"https:\\\/\\\/hutton.ee\\\/toode\\\/isoblow-smart-plus\\\/#breadcrumb\"},\"inLanguage\":\"en-US\",\"potentialAction\":[{\"@type\":\"ReadAction\",\"target\":[\"https:\\\/\\\/hutton.ee\\\/toode\\\/isoblow-smart-plus\\\/\"]}]},{\"@type\":\"ImageObject\",\"inLanguage\":\"en-US\",\"@id\":\"https:\\\/\\\/hutton.ee\\\/toode\\\/isoblow-smart-plus\\\/#primaryimage\",\"url\":\"https:\\\/\\\/hutton.ee\\\/wp-content\\\/uploads\\\/2025\\\/03\\\/isoblow-smart-plus-puistevilla-masin.png\",\"contentUrl\":\"https:\\\/\\\/hutton.ee\\\/wp-content\\\/uploads\\\/2025\\\/03\\\/isoblow-smart-plus-puistevilla-masin.png\",\"width\":500,\"height\":500,\"caption\":\"isoblow smart plus puistevilla masin\"},{\"@type\":\"BreadcrumbList\",\"@id\":\"https:\\\/\\\/hutton.ee\\\/toode\\\/isoblow-smart-plus\\\/#breadcrumb\",\"itemListElement\":[{\"@type\":\"ListItem\",\"position\":1,\"name\":\"Avaleht\",\"item\":\"https:\\\/\\\/hutton.ee\\\/\"},{\"@type\":\"ListItem\",\"position\":2,\"name\":\"Shop\",\"item\":\"https:\\\/\\\/hutton.ee\\\/en\\\/shop\\\/\"},{\"@type\":\"ListItem\",\"position\":3,\"name\":\"ISOblow SMART PLUS\"}]},{\"@type\":\"WebSite\",\"@id\":\"https:\\\/\\\/hutton.ee\\\/#website\",\"url\":\"https:\\\/\\\/hutton.ee\\\/\",\"name\":\"Hutton\",\"description\":\"Ajas kestvad ehituslahendused\",\"publisher\":{\"@id\":\"https:\\\/\\\/hutton.ee\\\/#organization\"},\"potentialAction\":[{\"@type\":\"SearchAction\",\"target\":{\"@type\":\"EntryPoint\",\"urlTemplate\":\"https:\\\/\\\/hutton.ee\\\/?s={search_term_string}\"},\"query-input\":{\"@type\":\"PropertyValueSpecification\",\"valueRequired\":true,\"valueName\":\"search_term_string\"}}],\"inLanguage\":\"en-US\"},{\"@type\":\"Organization\",\"@id\":\"https:\\\/\\\/hutton.ee\\\/#organization\",\"name\":\"Hutton - KATUS | SEIN | FASSAAD\",\"url\":\"https:\\\/\\\/hutton.ee\\\/\",\"logo\":{\"@type\":\"ImageObject\",\"inLanguage\":\"en-US\",\"@id\":\"https:\\\/\\\/hutton.ee\\\/#\\\/schema\\\/logo\\\/image\\\/\",\"url\":\"https:\\\/\\\/hutton.ee\\\/wp-content\\\/uploads\\\/2020\\\/07\\\/hutton-logo_uuendatud-01.png\",\"contentUrl\":\"https:\\\/\\\/hutton.ee\\\/wp-content\\\/uploads\\\/2020\\\/07\\\/hutton-logo_uuendatud-01.png\",\"width\":1064,\"height\":455,\"caption\":\"Hutton - KATUS | SEIN | FASSAAD\"},\"image\":{\"@id\":\"https:\\\/\\\/hutton.ee\\\/#\\\/schema\\\/logo\\\/image\\\/\"},\"sameAs\":[\"https:\\\/\\\/www.facebook.com\\\/huttoneesti\"]}]}<\/script>\n<!-- \/ Yoast SEO Premium plugin. -->","yoast_head_json":{"title":"ISOblow SMART PLUS - Hutton","description":"ISOblow SMART PLUS on kompaktne ja kerge puhumismasin katuste, puiste- ja s\u00fcstsoojustuse paigaldamiseks. Sobib renoveerimist\u00f6\u00f6deks, lihtne k\u00e4sitseda","robots":{"index":"index","follow":"follow","max-snippet":"max-snippet:-1","max-image-preview":"max-image-preview:large","max-video-preview":"max-video-preview:-1"},"canonical":"https:\/\/hutton.ee\/toode\/isoblow-smart-plus\/","og_locale":"en_US","og_type":"article","og_title":"ISOblow SMART PLUS","og_description":"ISOblow SMART PLUS on kompaktne ja kerge puhumismasin katuste, puiste- ja s\u00fcstsoojustuse paigaldamiseks. Sobib renoveerimist\u00f6\u00f6deks, lihtne k\u00e4sitseda","og_url":"https:\/\/hutton.ee\/toode\/isoblow-smart-plus\/","og_site_name":"Hutton","article_publisher":"https:\/\/www.facebook.com\/huttoneesti","article_modified_time":"2025-12-12T10:15:15+00:00","og_image":[{"width":500,"height":500,"url":"https:\/\/hutton.ee\/wp-content\/uploads\/2025\/03\/isoblow-smart-plus-puistevilla-masin.png","type":"image\/png"}],"twitter_card":"summary_large_image","twitter_misc":{"Est. reading time":"2 minutes"},"schema":{"@context":"https:\/\/schema.org","@graph":[{"@type":"WebPage","@id":"https:\/\/hutton.ee\/toode\/isoblow-smart-plus\/","url":"https:\/\/hutton.ee\/toode\/isoblow-smart-plus\/","name":"ISOblow SMART PLUS - Hutton","isPartOf":{"@id":"https:\/\/hutton.ee\/#website"},"primaryImageOfPage":{"@id":"https:\/\/hutton.ee\/toode\/isoblow-smart-plus\/#primaryimage"},"image":{"@id":"https:\/\/hutton.ee\/toode\/isoblow-smart-plus\/#primaryimage"},"thumbnailUrl":"https:\/\/hutton.ee\/wp-content\/uploads\/2025\/03\/isoblow-smart-plus-puistevilla-masin.png","datePublished":"2025-03-14T11:51:36+00:00","dateModified":"2025-12-12T10:15:15+00:00","description":"ISOblow SMART PLUS on kompaktne ja kerge puhumismasin katuste, puiste- ja s\u00fcstsoojustuse paigaldamiseks. Sobib renoveerimist\u00f6\u00f6deks, lihtne k\u00e4sitseda","breadcrumb":{"@id":"https:\/\/hutton.ee\/toode\/isoblow-smart-plus\/#breadcrumb"},"inLanguage":"en-US","potentialAction":[{"@type":"ReadAction","target":["https:\/\/hutton.ee\/toode\/isoblow-smart-plus\/"]}]},{"@type":"ImageObject","inLanguage":"en-US","@id":"https:\/\/hutton.ee\/toode\/isoblow-smart-plus\/#primaryimage","url":"https:\/\/hutton.ee\/wp-content\/uploads\/2025\/03\/isoblow-smart-plus-puistevilla-masin.png","contentUrl":"https:\/\/hutton.ee\/wp-content\/uploads\/2025\/03\/isoblow-smart-plus-puistevilla-masin.png","width":500,"height":500,"caption":"isoblow smart plus puistevilla masin"},{"@type":"BreadcrumbList","@id":"https:\/\/hutton.ee\/toode\/isoblow-smart-plus\/#breadcrumb","itemListElement":[{"@type":"ListItem","position":1,"name":"Avaleht","item":"https:\/\/hutton.ee\/"},{"@type":"ListItem","position":2,"name":"Shop","item":"https:\/\/hutton.ee\/en\/shop\/"},{"@type":"ListItem","position":3,"name":"ISOblow SMART PLUS"}]},{"@type":"WebSite","@id":"https:\/\/hutton.ee\/#website","url":"https:\/\/hutton.ee\/","name":"Hutton","description":"Ajas kestvad ehituslahendused","publisher":{"@id":"https:\/\/hutton.ee\/#organization"},"potentialAction":[{"@type":"SearchAction","target":{"@type":"EntryPoint","urlTemplate":"https:\/\/hutton.ee\/?s={search_term_string}"},"query-input":{"@type":"PropertyValueSpecification","valueRequired":true,"valueName":"search_term_string"}}],"inLanguage":"en-US"},{"@type":"Organization","@id":"https:\/\/hutton.ee\/#organization","name":"Hutton - KATUS | SEIN | FASSAAD","url":"https:\/\/hutton.ee\/","logo":{"@type":"ImageObject","inLanguage":"en-US","@id":"https:\/\/hutton.ee\/#\/schema\/logo\/image\/","url":"https:\/\/hutton.ee\/wp-content\/uploads\/2020\/07\/hutton-logo_uuendatud-01.png","contentUrl":"https:\/\/hutton.ee\/wp-content\/uploads\/2020\/07\/hutton-logo_uuendatud-01.png","width":1064,"height":455,"caption":"Hutton - KATUS | SEIN | FASSAAD"},"image":{"@id":"https:\/\/hutton.ee\/#\/schema\/logo\/image\/"},"sameAs":["https:\/\/www.facebook.com\/huttoneesti"]}]}},"_links":{"self":[{"href":"https:\/\/hutton.ee\/en\/wp-json\/wp\/v2\/product\/27410","targetHints":{"allow":["GET"]}}],"collection":[{"href":"https:\/\/hutton.ee\/en\/wp-json\/wp\/v2\/product"}],"about":[{"href":"https:\/\/hutton.ee\/en\/wp-json\/wp\/v2\/types\/product"}],"wp:featuredmedia":[{"embeddable":true,"href":"https:\/\/hutton.ee\/en\/wp-json\/wp\/v2\/media\/27417"}],"wp:attachment":[{"href":"https:\/\/hutton.ee\/en\/wp-json\/wp\/v2\/media?parent=27410"}],"wp:term":[{"taxonomy":"product_brand","embeddable":true,"href":"https:\/\/hutton.ee\/en\/wp-json\/wp\/v2\/product_brand?post=27410"},{"taxonomy":"product_cat","embeddable":true,"href":"https:\/\/hutton.ee\/en\/wp-json\/wp\/v2\/product_cat?post=27410"},{"taxonomy":"product_tag","embeddable":true,"href":"https:\/\/hutton.ee\/en\/wp-json\/wp\/v2\/product_tag?post=27410"},{"taxonomy":"filtrisusteem","embeddable":true,"href":"https:\/\/hutton.ee\/en\/wp-json\/wp\/v2\/filtrisusteem?post=27410"},{"taxonomy":"kvaliteediklass","embeddable":true,"href":"https:\/\/hutton.ee\/en\/wp-json\/wp\/v2\/kvaliteediklass?post=27410"}],"curies":[{"name":"wp","href":"https:\/\/api.w.org\/{rel}","templated":true}]}}