{"id":27436,"date":"2025-03-14T12:25:30","date_gmt":"2025-03-14T12:25:30","guid":{"rendered":"https:\/\/hutton.ee\/?post_type=product&#038;p=27436"},"modified":"2025-12-12T10:19:14","modified_gmt":"2025-12-12T10:19:14","slug":"isoblow-standard-230","status":"publish","type":"product","link":"https:\/\/hutton.ee\/en\/toode\/isoblow-standard-230\/","title":{"rendered":"ISOblow STANDARD 230"},"content":{"rendered":"<div class=\"lg:col-start-2 lg:row-start-2 mt-5 lg:mt-0\">The ISOblow STANDARD is ideal for installation of wood fibre insulation. Short-fibre insulation demands a very high airflow volume. Three blowers integrated inside the machine ensure the required air-flow performance. Special features of the new blower generation are high airflow performance and durability.<\/div>\n<div><\/div>\n<div>The ISOblow Standard is a very powerful blowing machine for the processing of cellulose insulation as well as other approved loose and free-flowing insulation materials. The filling is carried out via a filling flap. The attachment can be removed for transport. Two shredder shafts in the lower area of the hopper ensure very good loosening of the cellulose. The ISOblow Standard is operated and the material and air volume controlled via the ISOCELL radio remote control. The amount of material is controlled by electronic material slides via radio remote control. This enables an even delivery rate even with small insulation thicknesses. Two pneumatic wheels and an optimal weight distribution allow an easy Transport. (one person is sufficient!)<\/div>\n<div><\/div>\n<div>Advantages<\/div>\n<div>\n<ul class=\"text-primary md:grid md:grid-cols-2 gap-x-4\">\n<li class=\"flex items-start py-1\"><span class=\"w-full text-gray-600\">large hopper with two shredder shafts<\/span><\/li>\n<li class=\"flex items-start py-1\"><span class=\"w-full text-gray-600\">easy loading via the filling flap<\/span><\/li>\n<li class=\"flex items-start py-1\"><span class=\"w-full text-gray-600\">attachment is removable<\/span><\/li>\n<li class=\"flex items-start py-1\"><span class=\"w-full text-gray-600\">6-chamber sluice with abrasion-resistant rubber sealing lips. No pressure loss \u2013 low wear<\/span><\/li>\n<li class=\"flex items-start py-1\"><span class=\"w-full text-gray-600\">non-return valves protect the blowers from backpressure<\/span><\/li>\n<li class=\"flex items-start py-1\"><span class=\"w-full text-gray-600\">easy operation via radio remote control<\/span><\/li>\n<li class=\"flex items-start py-1\"><span class=\"w-full text-gray-600\">material quantity adjustable: via radio remote control &#8211; electronic material pusher<\/span><\/li>\n<li class=\"flex items-start py-1\"><span class=\"w-full text-gray-600\">easy material and air volume control due to frequency converters<\/span><\/li>\n<li class=\"flex items-start py-1\"><span class=\"w-full text-gray-600\">air lock ventilation<\/span><\/li>\n<li class=\"flex items-start py-1\"><span class=\"w-full text-gray-600\">large pneumatic wheels easy to transport<\/span><\/li>\n<li class=\"flex items-start py-1\"><span class=\"w-full text-gray-600\">luminous flux 2x 230 V<\/span><\/li>\n<li class=\"flex items-start py-1\"><span class=\"w-full text-gray-600\">three blowers can be controlled individually<\/span><\/li>\n<li class=\"flex items-start py-1\"><span class=\"w-full text-gray-600\">extraction in combination with ISOCELL extraction drum possible<\/span><\/li>\n<li class=\"flex items-start py-1\"><span class=\"w-full text-gray-600\">an amplifier station can be connected to increase the air output<\/span><\/li>\n<\/ul>\n<\/div>\n","protected":false},"excerpt":{"rendered":"<p>The ISOblow STANDARD is ideal for installation of wood fibre insulation. Short-fibre insulation demands a very high airflow volume. Three blowers integrated inside the machine ensure the required air-flow performance. Special features of the new blower generation are high airflow performance and durability. The ISOblow Standard is a very powerful blowing machine for the processing [&hellip;]<\/p>\n","protected":false},"featured_media":27437,"template":"","meta":{"_gspb_post_css":"","_uf_show_specific_survey":0,"_uf_disable_surveys":false},"product_brand":[],"product_cat":[968,2890],"product_tag":[1258,2876],"filtrisusteem":[],"kvaliteediklass":[],"class_list":{"0":"post-27436","1":"product","2":"type-product","3":"status-publish","4":"has-post-thumbnail","6":"product_cat-tooriistad","7":"product_cat-puistevilla-masinad","8":"product_tag-ei_pakiautomaat","9":"product_tag-ei_pusiklient","11":"first","12":"instock","13":"taxable","14":"shipping-taxable","15":"purchasable","16":"product-type-simple"},"yoast_head":"<!-- This site is optimized with the Yoast SEO Premium plugin v21.3 (Yoast SEO v27.3) - https:\/\/yoast.com\/product\/yoast-seo-premium-wordpress\/ -->\n<title>ISOblow STANDARD 230 - Hutton<\/title>\n<meta name=\"description\" content=\"ISOblow STANDARD puhumismasin on suure \u00f5huv\u00f5imsusega seade tselluvilla ja puitkiudsoojustuse paigaldamiseks. Kolm puhurit, t\u00e4pne juhtimine\" \/>\n<meta name=\"robots\" content=\"index, follow, max-snippet:-1, max-image-preview:large, max-video-preview:-1\" \/>\n<link rel=\"canonical\" href=\"https:\/\/hutton.ee\/toode\/isoblow-standard-230\/\" \/>\n<meta property=\"og:locale\" content=\"en_US\" \/>\n<meta property=\"og:type\" content=\"article\" \/>\n<meta property=\"og:title\" content=\"ISOblow STANDARD 230\" \/>\n<meta property=\"og:description\" content=\"ISOblow STANDARD puhumismasin on suure \u00f5huv\u00f5imsusega seade tselluvilla ja puitkiudsoojustuse paigaldamiseks. Kolm puhurit, t\u00e4pne juhtimine\" \/>\n<meta property=\"og:url\" content=\"https:\/\/hutton.ee\/toode\/isoblow-standard-230\/\" \/>\n<meta property=\"og:site_name\" content=\"Hutton\" \/>\n<meta property=\"article:publisher\" content=\"https:\/\/www.facebook.com\/huttoneesti\" \/>\n<meta property=\"article:modified_time\" content=\"2025-12-12T10:19:14+00:00\" \/>\n<meta property=\"og:image\" content=\"https:\/\/hutton.ee\/wp-content\/uploads\/2025\/03\/ISOblow-STANDARD-230-puistevilla-masin.png\" \/>\n\t<meta property=\"og:image:width\" content=\"496\" \/>\n\t<meta property=\"og:image:height\" content=\"496\" \/>\n\t<meta property=\"og:image:type\" content=\"image\/png\" \/>\n<meta name=\"twitter:card\" content=\"summary_large_image\" \/>\n<meta name=\"twitter:label1\" content=\"Est. reading time\" \/>\n\t<meta name=\"twitter:data1\" content=\"2 minutes\" \/>\n<script type=\"application\/ld+json\" class=\"yoast-schema-graph\">{\"@context\":\"https:\\\/\\\/schema.org\",\"@graph\":[{\"@type\":\"WebPage\",\"@id\":\"https:\\\/\\\/hutton.ee\\\/toode\\\/isoblow-standard-230\\\/\",\"url\":\"https:\\\/\\\/hutton.ee\\\/toode\\\/isoblow-standard-230\\\/\",\"name\":\"ISOblow STANDARD 230 - Hutton\",\"isPartOf\":{\"@id\":\"https:\\\/\\\/hutton.ee\\\/#website\"},\"primaryImageOfPage\":{\"@id\":\"https:\\\/\\\/hutton.ee\\\/toode\\\/isoblow-standard-230\\\/#primaryimage\"},\"image\":{\"@id\":\"https:\\\/\\\/hutton.ee\\\/toode\\\/isoblow-standard-230\\\/#primaryimage\"},\"thumbnailUrl\":\"https:\\\/\\\/hutton.ee\\\/wp-content\\\/uploads\\\/2025\\\/03\\\/ISOblow-STANDARD-230-puistevilla-masin.png\",\"datePublished\":\"2025-03-14T12:25:30+00:00\",\"dateModified\":\"2025-12-12T10:19:14+00:00\",\"description\":\"ISOblow STANDARD puhumismasin on suure \u00f5huv\u00f5imsusega seade tselluvilla ja puitkiudsoojustuse paigaldamiseks. Kolm puhurit, t\u00e4pne juhtimine\",\"breadcrumb\":{\"@id\":\"https:\\\/\\\/hutton.ee\\\/toode\\\/isoblow-standard-230\\\/#breadcrumb\"},\"inLanguage\":\"en-US\",\"potentialAction\":[{\"@type\":\"ReadAction\",\"target\":[\"https:\\\/\\\/hutton.ee\\\/toode\\\/isoblow-standard-230\\\/\"]}]},{\"@type\":\"ImageObject\",\"inLanguage\":\"en-US\",\"@id\":\"https:\\\/\\\/hutton.ee\\\/toode\\\/isoblow-standard-230\\\/#primaryimage\",\"url\":\"https:\\\/\\\/hutton.ee\\\/wp-content\\\/uploads\\\/2025\\\/03\\\/ISOblow-STANDARD-230-puistevilla-masin.png\",\"contentUrl\":\"https:\\\/\\\/hutton.ee\\\/wp-content\\\/uploads\\\/2025\\\/03\\\/ISOblow-STANDARD-230-puistevilla-masin.png\",\"width\":496,\"height\":496,\"caption\":\"ISOblow STANDARD 230 puistevilla masin\"},{\"@type\":\"BreadcrumbList\",\"@id\":\"https:\\\/\\\/hutton.ee\\\/toode\\\/isoblow-standard-230\\\/#breadcrumb\",\"itemListElement\":[{\"@type\":\"ListItem\",\"position\":1,\"name\":\"Avaleht\",\"item\":\"https:\\\/\\\/hutton.ee\\\/\"},{\"@type\":\"ListItem\",\"position\":2,\"name\":\"Shop\",\"item\":\"https:\\\/\\\/hutton.ee\\\/en\\\/shop\\\/\"},{\"@type\":\"ListItem\",\"position\":3,\"name\":\"ISOblow STANDARD 230\"}]},{\"@type\":\"WebSite\",\"@id\":\"https:\\\/\\\/hutton.ee\\\/#website\",\"url\":\"https:\\\/\\\/hutton.ee\\\/\",\"name\":\"Hutton\",\"description\":\"Ajas kestvad ehituslahendused\",\"publisher\":{\"@id\":\"https:\\\/\\\/hutton.ee\\\/#organization\"},\"potentialAction\":[{\"@type\":\"SearchAction\",\"target\":{\"@type\":\"EntryPoint\",\"urlTemplate\":\"https:\\\/\\\/hutton.ee\\\/?s={search_term_string}\"},\"query-input\":{\"@type\":\"PropertyValueSpecification\",\"valueRequired\":true,\"valueName\":\"search_term_string\"}}],\"inLanguage\":\"en-US\"},{\"@type\":\"Organization\",\"@id\":\"https:\\\/\\\/hutton.ee\\\/#organization\",\"name\":\"Hutton - KATUS | SEIN | FASSAAD\",\"url\":\"https:\\\/\\\/hutton.ee\\\/\",\"logo\":{\"@type\":\"ImageObject\",\"inLanguage\":\"en-US\",\"@id\":\"https:\\\/\\\/hutton.ee\\\/#\\\/schema\\\/logo\\\/image\\\/\",\"url\":\"https:\\\/\\\/hutton.ee\\\/wp-content\\\/uploads\\\/2020\\\/07\\\/hutton-logo_uuendatud-01.png\",\"contentUrl\":\"https:\\\/\\\/hutton.ee\\\/wp-content\\\/uploads\\\/2020\\\/07\\\/hutton-logo_uuendatud-01.png\",\"width\":1064,\"height\":455,\"caption\":\"Hutton - KATUS | SEIN | FASSAAD\"},\"image\":{\"@id\":\"https:\\\/\\\/hutton.ee\\\/#\\\/schema\\\/logo\\\/image\\\/\"},\"sameAs\":[\"https:\\\/\\\/www.facebook.com\\\/huttoneesti\"]}]}<\/script>\n<!-- \/ Yoast SEO Premium plugin. -->","yoast_head_json":{"title":"ISOblow STANDARD 230 - Hutton","description":"ISOblow STANDARD puhumismasin on suure \u00f5huv\u00f5imsusega seade tselluvilla ja puitkiudsoojustuse paigaldamiseks. Kolm puhurit, t\u00e4pne juhtimine","robots":{"index":"index","follow":"follow","max-snippet":"max-snippet:-1","max-image-preview":"max-image-preview:large","max-video-preview":"max-video-preview:-1"},"canonical":"https:\/\/hutton.ee\/toode\/isoblow-standard-230\/","og_locale":"en_US","og_type":"article","og_title":"ISOblow STANDARD 230","og_description":"ISOblow STANDARD puhumismasin on suure \u00f5huv\u00f5imsusega seade tselluvilla ja puitkiudsoojustuse paigaldamiseks. Kolm puhurit, t\u00e4pne juhtimine","og_url":"https:\/\/hutton.ee\/toode\/isoblow-standard-230\/","og_site_name":"Hutton","article_publisher":"https:\/\/www.facebook.com\/huttoneesti","article_modified_time":"2025-12-12T10:19:14+00:00","og_image":[{"width":496,"height":496,"url":"https:\/\/hutton.ee\/wp-content\/uploads\/2025\/03\/ISOblow-STANDARD-230-puistevilla-masin.png","type":"image\/png"}],"twitter_card":"summary_large_image","twitter_misc":{"Est. reading time":"2 minutes"},"schema":{"@context":"https:\/\/schema.org","@graph":[{"@type":"WebPage","@id":"https:\/\/hutton.ee\/toode\/isoblow-standard-230\/","url":"https:\/\/hutton.ee\/toode\/isoblow-standard-230\/","name":"ISOblow STANDARD 230 - Hutton","isPartOf":{"@id":"https:\/\/hutton.ee\/#website"},"primaryImageOfPage":{"@id":"https:\/\/hutton.ee\/toode\/isoblow-standard-230\/#primaryimage"},"image":{"@id":"https:\/\/hutton.ee\/toode\/isoblow-standard-230\/#primaryimage"},"thumbnailUrl":"https:\/\/hutton.ee\/wp-content\/uploads\/2025\/03\/ISOblow-STANDARD-230-puistevilla-masin.png","datePublished":"2025-03-14T12:25:30+00:00","dateModified":"2025-12-12T10:19:14+00:00","description":"ISOblow STANDARD puhumismasin on suure \u00f5huv\u00f5imsusega seade tselluvilla ja puitkiudsoojustuse paigaldamiseks. Kolm puhurit, t\u00e4pne juhtimine","breadcrumb":{"@id":"https:\/\/hutton.ee\/toode\/isoblow-standard-230\/#breadcrumb"},"inLanguage":"en-US","potentialAction":[{"@type":"ReadAction","target":["https:\/\/hutton.ee\/toode\/isoblow-standard-230\/"]}]},{"@type":"ImageObject","inLanguage":"en-US","@id":"https:\/\/hutton.ee\/toode\/isoblow-standard-230\/#primaryimage","url":"https:\/\/hutton.ee\/wp-content\/uploads\/2025\/03\/ISOblow-STANDARD-230-puistevilla-masin.png","contentUrl":"https:\/\/hutton.ee\/wp-content\/uploads\/2025\/03\/ISOblow-STANDARD-230-puistevilla-masin.png","width":496,"height":496,"caption":"ISOblow STANDARD 230 puistevilla masin"},{"@type":"BreadcrumbList","@id":"https:\/\/hutton.ee\/toode\/isoblow-standard-230\/#breadcrumb","itemListElement":[{"@type":"ListItem","position":1,"name":"Avaleht","item":"https:\/\/hutton.ee\/"},{"@type":"ListItem","position":2,"name":"Shop","item":"https:\/\/hutton.ee\/en\/shop\/"},{"@type":"ListItem","position":3,"name":"ISOblow STANDARD 230"}]},{"@type":"WebSite","@id":"https:\/\/hutton.ee\/#website","url":"https:\/\/hutton.ee\/","name":"Hutton","description":"Ajas kestvad ehituslahendused","publisher":{"@id":"https:\/\/hutton.ee\/#organization"},"potentialAction":[{"@type":"SearchAction","target":{"@type":"EntryPoint","urlTemplate":"https:\/\/hutton.ee\/?s={search_term_string}"},"query-input":{"@type":"PropertyValueSpecification","valueRequired":true,"valueName":"search_term_string"}}],"inLanguage":"en-US"},{"@type":"Organization","@id":"https:\/\/hutton.ee\/#organization","name":"Hutton - KATUS | SEIN | FASSAAD","url":"https:\/\/hutton.ee\/","logo":{"@type":"ImageObject","inLanguage":"en-US","@id":"https:\/\/hutton.ee\/#\/schema\/logo\/image\/","url":"https:\/\/hutton.ee\/wp-content\/uploads\/2020\/07\/hutton-logo_uuendatud-01.png","contentUrl":"https:\/\/hutton.ee\/wp-content\/uploads\/2020\/07\/hutton-logo_uuendatud-01.png","width":1064,"height":455,"caption":"Hutton - KATUS | SEIN | FASSAAD"},"image":{"@id":"https:\/\/hutton.ee\/#\/schema\/logo\/image\/"},"sameAs":["https:\/\/www.facebook.com\/huttoneesti"]}]}},"_links":{"self":[{"href":"https:\/\/hutton.ee\/en\/wp-json\/wp\/v2\/product\/27436","targetHints":{"allow":["GET"]}}],"collection":[{"href":"https:\/\/hutton.ee\/en\/wp-json\/wp\/v2\/product"}],"about":[{"href":"https:\/\/hutton.ee\/en\/wp-json\/wp\/v2\/types\/product"}],"wp:featuredmedia":[{"embeddable":true,"href":"https:\/\/hutton.ee\/en\/wp-json\/wp\/v2\/media\/27437"}],"wp:attachment":[{"href":"https:\/\/hutton.ee\/en\/wp-json\/wp\/v2\/media?parent=27436"}],"wp:term":[{"taxonomy":"product_brand","embeddable":true,"href":"https:\/\/hutton.ee\/en\/wp-json\/wp\/v2\/product_brand?post=27436"},{"taxonomy":"product_cat","embeddable":true,"href":"https:\/\/hutton.ee\/en\/wp-json\/wp\/v2\/product_cat?post=27436"},{"taxonomy":"product_tag","embeddable":true,"href":"https:\/\/hutton.ee\/en\/wp-json\/wp\/v2\/product_tag?post=27436"},{"taxonomy":"filtrisusteem","embeddable":true,"href":"https:\/\/hutton.ee\/en\/wp-json\/wp\/v2\/filtrisusteem?post=27436"},{"taxonomy":"kvaliteediklass","embeddable":true,"href":"https:\/\/hutton.ee\/en\/wp-json\/wp\/v2\/kvaliteediklass?post=27436"}],"curies":[{"name":"wp","href":"https:\/\/api.w.org\/{rel}","templated":true}]}}