{"id":27443,"date":"2025-03-14T12:32:06","date_gmt":"2025-03-14T12:32:06","guid":{"rendered":"https:\/\/hutton.ee\/?post_type=product&#038;p=27443"},"modified":"2025-12-12T10:22:01","modified_gmt":"2025-12-12T10:22:01","slug":"isoblow-standard-plus","status":"publish","type":"product","link":"https:\/\/hutton.ee\/en\/toode\/isoblow-standard-plus\/","title":{"rendered":"ISOblow STANDARD PLUS"},"content":{"rendered":"<div class=\"lg:col-start-2 lg:row-start-2 mt-5 lg:mt-0\">The ISOblow STANDARD PLUS is an extremely high-performance blowing machine for the installation of cellulose insulation, soft wood fibre, glass wool, rock wool and other approved loose and free-flowing insulation materials. A unique feature for a machine of this size is the high air output, produced by a 6 kW turbine. Operation of the ISOblow STANDARD PLUS and control of material and air flow are via the ISOCELL radio remote control.<\/div>\n<div><\/div>\n<div>The ISOblow STANDARD PLUS is an extremely efficient Blow-in machine for processing cellulose insulation material, Soft wood fibre, glass and rock wool as well as other approved loose and free-flowing insulating materials. Unique for a machine of this size is the high air output generated by a 6 kW turbine. Two shredder shafts in the lower part of the hopper provide a very good loosening of the insulating material. Operation of the ISOblow STANDARD PLUS and the control system the amount of material and air is supplied via ISOCELL Radio remote control. In addition, the amount of material can be controlled via a Regulate the slider above the sluice (coarse setting).<\/div>\n<div><\/div>\n<div>Advantages<\/div>\n<div>\n<ul class=\"text-primary md:grid md:grid-cols-2 gap-x-4\">\n<li class=\"flex items-start py-1\"><span class=\"w-full text-gray-600\">large hopper with two Shredder shafts<\/span><\/li>\n<li class=\"flex items-start py-1\"><span class=\"w-full text-gray-600\">easy filling via the filling flap<\/span><\/li>\n<li class=\"flex items-start py-1\"><span class=\"w-full text-gray-600\">the attachement is removable<\/span><\/li>\n<li class=\"flex items-start py-1\"><span class=\"w-full text-gray-600\">easy folding of the machine facilitates maintenance and troubleshooting<\/span><\/li>\n<li class=\"flex items-start py-1\"><span class=\"w-full text-gray-600\">stable Shredder mechanism provides for best loosening<\/span><\/li>\n<li class=\"flex items-start py-1\"><span class=\"w-full text-gray-600\">6-chamber sluice with abrasion-resistant rubber sealing lips<\/span><\/li>\n<li class=\"flex items-start py-1\"><span class=\"w-full text-gray-600\">no pressure loss &#8211; low wear<\/span><\/li>\n<li class=\"flex items-start py-1\"><span class=\"w-full text-gray-600\">5-stage VTG turbine &#8211; thus very high air performance<\/span><\/li>\n<li class=\"flex items-start py-1\"><span class=\"w-full text-gray-600\">non-return valves protect the turbine from backwater<\/span><\/li>\n<li class=\"flex items-start py-1\"><span class=\"w-full text-gray-600\">easy operation via Radio remote control<\/span><\/li>\n<li class=\"flex items-start py-1\"><span class=\"w-full text-gray-600\">material quantity adjustable over: Material pusher and sluice speed (Radio)<\/span><\/li>\n<li class=\"flex items-start py-1\"><span class=\"w-full text-gray-600\">chopper speed adjustable at frequency inverters<\/span><\/li>\n<li class=\"flex items-start py-1\"><span class=\"w-full text-gray-600\">3 frequency inverters guarantee the highest degree of safety, flexibility and ease of use<\/span><\/li>\n<li class=\"flex items-start py-1\"><span class=\"w-full text-gray-600\">easy to transport thanks to large pneumatic wheels<\/span><\/li>\n<li class=\"flex items-start py-1\"><span class=\"w-full text-gray-600\">power current 400 V &#8211; constant high output<\/span><\/li>\n<li class=\"flex items-start py-1\"><span class=\"w-full text-gray-600\">extraction in combination with ISOCELL extraction drum possible<\/span><\/li>\n<li class=\"flex items-start py-1\"><span class=\"w-full text-gray-600\">possibility of connecting an amplifier station easy maintenance<\/span><\/li>\n<\/ul>\n<p><a href=\"https:\/\/www.youtube.com\/watch?v=GSlGBj38tGA&amp;embeds_widget_referrer=https%3A%2F%2Fwww.isocell.com%2Fen%2Fproduct%2Fisoblow-standard-plus&amp;embeds_referring_euri=https%3A%2F%2Fwww.isocell.com%2F&amp;embeds_referring_origin=https%3A%2F%2Fwww.isocell.com\">\u00d5petusvideo<\/a><\/p>\n<\/div>\n","protected":false},"excerpt":{"rendered":"<p>The ISOblow STANDARD PLUS is an extremely high-performance blowing machine for the installation of cellulose insulation, soft wood fibre, glass wool, rock wool and other approved loose and free-flowing insulation materials. A unique feature for a machine of this size is the high air output, produced by a 6 kW turbine. Operation of the ISOblow [&hellip;]<\/p>\n","protected":false},"featured_media":27448,"template":"","meta":{"_gspb_post_css":"","_uf_show_specific_survey":0,"_uf_disable_surveys":false},"product_brand":[],"product_cat":[968,2890],"product_tag":[1258,2876],"filtrisusteem":[],"kvaliteediklass":[],"class_list":{"0":"post-27443","1":"product","2":"type-product","3":"status-publish","4":"has-post-thumbnail","6":"product_cat-tooriistad","7":"product_cat-puistevilla-masinad","8":"product_tag-ei_pakiautomaat","9":"product_tag-ei_pusiklient","11":"first","12":"instock","13":"taxable","14":"shipping-taxable","15":"purchasable","16":"product-type-simple"},"yoast_head":"<!-- This site is optimized with the Yoast SEO Premium plugin v21.3 (Yoast SEO v27.3) - https:\/\/yoast.com\/product\/yoast-seo-premium-wordpress\/ -->\n<title>ISOblow STANDARD PLUS - Hutton<\/title>\n<meta name=\"description\" content=\"ISOblow STANDARD PLUS puhumismasin on v\u00e4ga suure j\u00f5udlusega seade tselluvilla, puitkiu, klaas- ja kivivilla paigaldamiseks. 6 kW turbiin, t\u00e4pne juhtimine\" \/>\n<meta name=\"robots\" content=\"index, follow, max-snippet:-1, max-image-preview:large, max-video-preview:-1\" \/>\n<link rel=\"canonical\" href=\"https:\/\/hutton.ee\/toode\/isoblow-standard-plus\/\" \/>\n<meta property=\"og:locale\" content=\"en_US\" \/>\n<meta property=\"og:type\" content=\"article\" \/>\n<meta property=\"og:title\" content=\"ISOblow STANDARD PLUS\" \/>\n<meta property=\"og:description\" content=\"ISOblow STANDARD PLUS puhumismasin on v\u00e4ga suure j\u00f5udlusega seade tselluvilla, puitkiu, klaas- ja kivivilla paigaldamiseks. 6 kW turbiin, t\u00e4pne juhtimine\" \/>\n<meta property=\"og:url\" content=\"https:\/\/hutton.ee\/toode\/isoblow-standard-plus\/\" \/>\n<meta property=\"og:site_name\" content=\"Hutton\" \/>\n<meta property=\"article:publisher\" content=\"https:\/\/www.facebook.com\/huttoneesti\" \/>\n<meta property=\"article:modified_time\" content=\"2025-12-12T10:22:01+00:00\" \/>\n<meta property=\"og:image\" content=\"https:\/\/hutton.ee\/wp-content\/uploads\/2025\/03\/ISOblow-STANDARD-PLUS-puistevilla-masin.png\" \/>\n\t<meta property=\"og:image:width\" content=\"496\" \/>\n\t<meta property=\"og:image:height\" content=\"496\" \/>\n\t<meta property=\"og:image:type\" content=\"image\/png\" \/>\n<meta name=\"twitter:card\" content=\"summary_large_image\" \/>\n<meta name=\"twitter:label1\" content=\"Est. reading time\" \/>\n\t<meta name=\"twitter:data1\" content=\"2 minutes\" \/>\n<script type=\"application\/ld+json\" class=\"yoast-schema-graph\">{\"@context\":\"https:\\\/\\\/schema.org\",\"@graph\":[{\"@type\":\"WebPage\",\"@id\":\"https:\\\/\\\/hutton.ee\\\/toode\\\/isoblow-standard-plus\\\/\",\"url\":\"https:\\\/\\\/hutton.ee\\\/toode\\\/isoblow-standard-plus\\\/\",\"name\":\"ISOblow STANDARD PLUS - Hutton\",\"isPartOf\":{\"@id\":\"https:\\\/\\\/hutton.ee\\\/#website\"},\"primaryImageOfPage\":{\"@id\":\"https:\\\/\\\/hutton.ee\\\/toode\\\/isoblow-standard-plus\\\/#primaryimage\"},\"image\":{\"@id\":\"https:\\\/\\\/hutton.ee\\\/toode\\\/isoblow-standard-plus\\\/#primaryimage\"},\"thumbnailUrl\":\"https:\\\/\\\/hutton.ee\\\/wp-content\\\/uploads\\\/2025\\\/03\\\/ISOblow-STANDARD-PLUS-puistevilla-masin.png\",\"datePublished\":\"2025-03-14T12:32:06+00:00\",\"dateModified\":\"2025-12-12T10:22:01+00:00\",\"description\":\"ISOblow STANDARD PLUS puhumismasin on v\u00e4ga suure j\u00f5udlusega seade tselluvilla, puitkiu, klaas- ja kivivilla paigaldamiseks. 6 kW turbiin, t\u00e4pne juhtimine\",\"breadcrumb\":{\"@id\":\"https:\\\/\\\/hutton.ee\\\/toode\\\/isoblow-standard-plus\\\/#breadcrumb\"},\"inLanguage\":\"en-US\",\"potentialAction\":[{\"@type\":\"ReadAction\",\"target\":[\"https:\\\/\\\/hutton.ee\\\/toode\\\/isoblow-standard-plus\\\/\"]}]},{\"@type\":\"ImageObject\",\"inLanguage\":\"en-US\",\"@id\":\"https:\\\/\\\/hutton.ee\\\/toode\\\/isoblow-standard-plus\\\/#primaryimage\",\"url\":\"https:\\\/\\\/hutton.ee\\\/wp-content\\\/uploads\\\/2025\\\/03\\\/ISOblow-STANDARD-PLUS-puistevilla-masin.png\",\"contentUrl\":\"https:\\\/\\\/hutton.ee\\\/wp-content\\\/uploads\\\/2025\\\/03\\\/ISOblow-STANDARD-PLUS-puistevilla-masin.png\",\"width\":496,\"height\":496,\"caption\":\"ISOblow STANDARD PLUS puistevilla masin\"},{\"@type\":\"BreadcrumbList\",\"@id\":\"https:\\\/\\\/hutton.ee\\\/toode\\\/isoblow-standard-plus\\\/#breadcrumb\",\"itemListElement\":[{\"@type\":\"ListItem\",\"position\":1,\"name\":\"Avaleht\",\"item\":\"https:\\\/\\\/hutton.ee\\\/\"},{\"@type\":\"ListItem\",\"position\":2,\"name\":\"Shop\",\"item\":\"https:\\\/\\\/hutton.ee\\\/en\\\/shop\\\/\"},{\"@type\":\"ListItem\",\"position\":3,\"name\":\"ISOblow STANDARD PLUS\"}]},{\"@type\":\"WebSite\",\"@id\":\"https:\\\/\\\/hutton.ee\\\/#website\",\"url\":\"https:\\\/\\\/hutton.ee\\\/\",\"name\":\"Hutton\",\"description\":\"Ajas kestvad ehituslahendused\",\"publisher\":{\"@id\":\"https:\\\/\\\/hutton.ee\\\/#organization\"},\"potentialAction\":[{\"@type\":\"SearchAction\",\"target\":{\"@type\":\"EntryPoint\",\"urlTemplate\":\"https:\\\/\\\/hutton.ee\\\/?s={search_term_string}\"},\"query-input\":{\"@type\":\"PropertyValueSpecification\",\"valueRequired\":true,\"valueName\":\"search_term_string\"}}],\"inLanguage\":\"en-US\"},{\"@type\":\"Organization\",\"@id\":\"https:\\\/\\\/hutton.ee\\\/#organization\",\"name\":\"Hutton - KATUS | SEIN | FASSAAD\",\"url\":\"https:\\\/\\\/hutton.ee\\\/\",\"logo\":{\"@type\":\"ImageObject\",\"inLanguage\":\"en-US\",\"@id\":\"https:\\\/\\\/hutton.ee\\\/#\\\/schema\\\/logo\\\/image\\\/\",\"url\":\"https:\\\/\\\/hutton.ee\\\/wp-content\\\/uploads\\\/2020\\\/07\\\/hutton-logo_uuendatud-01.png\",\"contentUrl\":\"https:\\\/\\\/hutton.ee\\\/wp-content\\\/uploads\\\/2020\\\/07\\\/hutton-logo_uuendatud-01.png\",\"width\":1064,\"height\":455,\"caption\":\"Hutton - KATUS | SEIN | FASSAAD\"},\"image\":{\"@id\":\"https:\\\/\\\/hutton.ee\\\/#\\\/schema\\\/logo\\\/image\\\/\"},\"sameAs\":[\"https:\\\/\\\/www.facebook.com\\\/huttoneesti\"]}]}<\/script>\n<!-- \/ Yoast SEO Premium plugin. -->","yoast_head_json":{"title":"ISOblow STANDARD PLUS - Hutton","description":"ISOblow STANDARD PLUS puhumismasin on v\u00e4ga suure j\u00f5udlusega seade tselluvilla, puitkiu, klaas- ja kivivilla paigaldamiseks. 6 kW turbiin, t\u00e4pne juhtimine","robots":{"index":"index","follow":"follow","max-snippet":"max-snippet:-1","max-image-preview":"max-image-preview:large","max-video-preview":"max-video-preview:-1"},"canonical":"https:\/\/hutton.ee\/toode\/isoblow-standard-plus\/","og_locale":"en_US","og_type":"article","og_title":"ISOblow STANDARD PLUS","og_description":"ISOblow STANDARD PLUS puhumismasin on v\u00e4ga suure j\u00f5udlusega seade tselluvilla, puitkiu, klaas- ja kivivilla paigaldamiseks. 6 kW turbiin, t\u00e4pne juhtimine","og_url":"https:\/\/hutton.ee\/toode\/isoblow-standard-plus\/","og_site_name":"Hutton","article_publisher":"https:\/\/www.facebook.com\/huttoneesti","article_modified_time":"2025-12-12T10:22:01+00:00","og_image":[{"width":496,"height":496,"url":"https:\/\/hutton.ee\/wp-content\/uploads\/2025\/03\/ISOblow-STANDARD-PLUS-puistevilla-masin.png","type":"image\/png"}],"twitter_card":"summary_large_image","twitter_misc":{"Est. reading time":"2 minutes"},"schema":{"@context":"https:\/\/schema.org","@graph":[{"@type":"WebPage","@id":"https:\/\/hutton.ee\/toode\/isoblow-standard-plus\/","url":"https:\/\/hutton.ee\/toode\/isoblow-standard-plus\/","name":"ISOblow STANDARD PLUS - Hutton","isPartOf":{"@id":"https:\/\/hutton.ee\/#website"},"primaryImageOfPage":{"@id":"https:\/\/hutton.ee\/toode\/isoblow-standard-plus\/#primaryimage"},"image":{"@id":"https:\/\/hutton.ee\/toode\/isoblow-standard-plus\/#primaryimage"},"thumbnailUrl":"https:\/\/hutton.ee\/wp-content\/uploads\/2025\/03\/ISOblow-STANDARD-PLUS-puistevilla-masin.png","datePublished":"2025-03-14T12:32:06+00:00","dateModified":"2025-12-12T10:22:01+00:00","description":"ISOblow STANDARD PLUS puhumismasin on v\u00e4ga suure j\u00f5udlusega seade tselluvilla, puitkiu, klaas- ja kivivilla paigaldamiseks. 6 kW turbiin, t\u00e4pne juhtimine","breadcrumb":{"@id":"https:\/\/hutton.ee\/toode\/isoblow-standard-plus\/#breadcrumb"},"inLanguage":"en-US","potentialAction":[{"@type":"ReadAction","target":["https:\/\/hutton.ee\/toode\/isoblow-standard-plus\/"]}]},{"@type":"ImageObject","inLanguage":"en-US","@id":"https:\/\/hutton.ee\/toode\/isoblow-standard-plus\/#primaryimage","url":"https:\/\/hutton.ee\/wp-content\/uploads\/2025\/03\/ISOblow-STANDARD-PLUS-puistevilla-masin.png","contentUrl":"https:\/\/hutton.ee\/wp-content\/uploads\/2025\/03\/ISOblow-STANDARD-PLUS-puistevilla-masin.png","width":496,"height":496,"caption":"ISOblow STANDARD PLUS puistevilla masin"},{"@type":"BreadcrumbList","@id":"https:\/\/hutton.ee\/toode\/isoblow-standard-plus\/#breadcrumb","itemListElement":[{"@type":"ListItem","position":1,"name":"Avaleht","item":"https:\/\/hutton.ee\/"},{"@type":"ListItem","position":2,"name":"Shop","item":"https:\/\/hutton.ee\/en\/shop\/"},{"@type":"ListItem","position":3,"name":"ISOblow STANDARD PLUS"}]},{"@type":"WebSite","@id":"https:\/\/hutton.ee\/#website","url":"https:\/\/hutton.ee\/","name":"Hutton","description":"Ajas kestvad ehituslahendused","publisher":{"@id":"https:\/\/hutton.ee\/#organization"},"potentialAction":[{"@type":"SearchAction","target":{"@type":"EntryPoint","urlTemplate":"https:\/\/hutton.ee\/?s={search_term_string}"},"query-input":{"@type":"PropertyValueSpecification","valueRequired":true,"valueName":"search_term_string"}}],"inLanguage":"en-US"},{"@type":"Organization","@id":"https:\/\/hutton.ee\/#organization","name":"Hutton - KATUS | SEIN | FASSAAD","url":"https:\/\/hutton.ee\/","logo":{"@type":"ImageObject","inLanguage":"en-US","@id":"https:\/\/hutton.ee\/#\/schema\/logo\/image\/","url":"https:\/\/hutton.ee\/wp-content\/uploads\/2020\/07\/hutton-logo_uuendatud-01.png","contentUrl":"https:\/\/hutton.ee\/wp-content\/uploads\/2020\/07\/hutton-logo_uuendatud-01.png","width":1064,"height":455,"caption":"Hutton - KATUS | SEIN | FASSAAD"},"image":{"@id":"https:\/\/hutton.ee\/#\/schema\/logo\/image\/"},"sameAs":["https:\/\/www.facebook.com\/huttoneesti"]}]}},"_links":{"self":[{"href":"https:\/\/hutton.ee\/en\/wp-json\/wp\/v2\/product\/27443","targetHints":{"allow":["GET"]}}],"collection":[{"href":"https:\/\/hutton.ee\/en\/wp-json\/wp\/v2\/product"}],"about":[{"href":"https:\/\/hutton.ee\/en\/wp-json\/wp\/v2\/types\/product"}],"wp:featuredmedia":[{"embeddable":true,"href":"https:\/\/hutton.ee\/en\/wp-json\/wp\/v2\/media\/27448"}],"wp:attachment":[{"href":"https:\/\/hutton.ee\/en\/wp-json\/wp\/v2\/media?parent=27443"}],"wp:term":[{"taxonomy":"product_brand","embeddable":true,"href":"https:\/\/hutton.ee\/en\/wp-json\/wp\/v2\/product_brand?post=27443"},{"taxonomy":"product_cat","embeddable":true,"href":"https:\/\/hutton.ee\/en\/wp-json\/wp\/v2\/product_cat?post=27443"},{"taxonomy":"product_tag","embeddable":true,"href":"https:\/\/hutton.ee\/en\/wp-json\/wp\/v2\/product_tag?post=27443"},{"taxonomy":"filtrisusteem","embeddable":true,"href":"https:\/\/hutton.ee\/en\/wp-json\/wp\/v2\/filtrisusteem?post=27443"},{"taxonomy":"kvaliteediklass","embeddable":true,"href":"https:\/\/hutton.ee\/en\/wp-json\/wp\/v2\/kvaliteediklass?post=27443"}],"curies":[{"name":"wp","href":"https:\/\/api.w.org\/{rel}","templated":true}]}}