{"id":27450,"date":"2025-03-14T12:45:07","date_gmt":"2025-03-14T12:45:07","guid":{"rendered":"https:\/\/hutton.ee\/?post_type=product&#038;p=27450"},"modified":"2025-12-12T10:14:35","modified_gmt":"2025-12-12T10:14:35","slug":"isoblow-profi-230","status":"publish","type":"product","link":"https:\/\/hutton.ee\/en\/toode\/isoblow-profi-230\/","title":{"rendered":"ISOblow PROFI 230"},"content":{"rendered":"<p>The ISOBlow PROFI 230 is an extremely high-performance blowing machine for the installation of cellulose insulation, soft wood fibre, glass wool and rock wool besides other aproved loose and free-flowing insulation material. Two high-power blowers ensures high air flow and high output pressure. The two blowers are supported by two extra blowers that can be switched on as required and are controlled via radio remote controls<\/p>\n<p>The ISOblow PROFI 230 is an extremely high-performance blowing machine for the installation of cellulose insulation, soft wood fibre, glass wool and rock wool besides other aproved loose and free-flowing insulation material. The insulation is loosened twice: first by the four large shredder shafts in the hopper and then via three small shredder shafts directly above the airlock. Two high-power blowers ensures high air flow and high output pressure. The two blowers are supported by two extra blowers that can be switched on as required and are controlled via radio remote controls. ISOblow PROFI 230 is operated, together with the material and air flow, via ISOCELL\u2019s radio remote control \u2013 practical and time-saving. In addition the material volume can also be regulated via a slide-gate above the airlock (rough setting). An ideal feature of ISOblow PROFI 230 are the many fine settings like rotation agitators, additional agitators or airlock. These settings are ideal for special application like acoustic spraying or working with wood fibre or mineral wool.<\/p>\n<p>Advantages<\/p>\n<ul class=\"text-primary md:grid md:grid-cols-2 gap-x-4\">\n<li class=\"flex items-start py-1\"><span class=\"w-full text-gray-600\">Large hopper with four shredder shafts<\/span><\/li>\n<li class=\"flex items-start py-1\"><span class=\"w-full text-gray-600\">The storage container is with lid for dust reduction<\/span><\/li>\n<li class=\"flex items-start py-1\"><span class=\"w-full text-gray-600\">Simple filling via loading flap<\/span><\/li>\n<li class=\"flex items-start py-1\"><span class=\"w-full text-gray-600\">Hopper is detachable<\/span><\/li>\n<li class=\"flex items-start py-1\"><span class=\"w-full text-gray-600\">5-chamber airlock with abrasion-resistant rubber seals. No loss of pressure \u2013 minimum wear-and-tear<\/span><\/li>\n<li class=\"flex items-start py-1\"><span class=\"w-full text-gray-600\">5-step VTG turbine \u2013 very high air input and low-noise<\/span><\/li>\n<li class=\"flex items-start py-1\"><span class=\"w-full text-gray-600\">Operation is easy via radio remote control<\/span><\/li>\n<li class=\"flex items-start py-1\"><span class=\"w-full text-gray-600\">Material quantity can be controlled via: electronic Material pusher and sluice speed (optional) by radiocontrol<\/span><\/li>\n<li class=\"flex items-start py-1\"><span class=\"w-full text-gray-600\">Shredder speed regulated on switchbox<\/span><\/li>\n<li class=\"flex items-start py-1\"><span class=\"w-full text-gray-600\">Ventilated airlock<\/span><\/li>\n<li class=\"flex items-start py-1\"><span class=\"w-full text-gray-600\">Can be transported with a manual pallet lift, can be lifted from all 4 sides<\/span><\/li>\n<li class=\"flex items-start py-1\"><span class=\"w-full text-gray-600\">2 x 230 V luminous flux &#8211; constant high output<\/span><\/li>\n<li class=\"flex items-start py-1\"><span class=\"w-full text-gray-600\">Suction possible in combination with ISOCELL suction bin<\/span><\/li>\n<li class=\"flex items-start py-1\"><span class=\"w-full text-gray-600\">Ease of maintenance due to ergonomically friendly design<\/span><\/li>\n<li class=\"flex items-start py-1\"><span class=\"w-full text-gray-600\">Securing rings for fastening machine<\/span><\/li>\n<\/ul>\n<p><a href=\"https:\/\/www.youtube.com\/watch?v=7txTG5rehsk&amp;embeds_widget_referrer=https%3A%2F%2Fwww.isocell.com%2Fen%2Fproduct%2Fisoblow-profi-230&amp;embeds_referring_euri=https%3A%2F%2Fwww.isocell.com%2F&amp;embeds_referring_origin=https%3A%2F%2Fwww.isocell.com\">\u00d5petusvideo<\/a><\/p>\n","protected":false},"excerpt":{"rendered":"<p>The ISOBlow PROFI 230 is an extremely high-performance blowing machine for the installation of cellulose insulation, soft wood fibre, glass wool and rock wool besides other aproved loose and free-flowing insulation material. Two high-power blowers ensures high air flow and high output pressure. The two blowers are supported by two extra blowers that can be [&hellip;]<\/p>\n","protected":false},"featured_media":27451,"template":"","meta":{"_gspb_post_css":"","_uf_show_specific_survey":0,"_uf_disable_surveys":false},"product_brand":[],"product_cat":[968,2890],"product_tag":[1258,2876],"filtrisusteem":[],"kvaliteediklass":[],"class_list":{"0":"post-27450","1":"product","2":"type-product","3":"status-publish","4":"has-post-thumbnail","6":"product_cat-tooriistad","7":"product_cat-puistevilla-masinad","8":"product_tag-ei_pakiautomaat","9":"product_tag-ei_pusiklient","11":"first","12":"instock","13":"taxable","14":"shipping-taxable","15":"purchasable","16":"product-type-simple"},"yoast_head":"<!-- This site is optimized with the Yoast SEO Premium plugin v21.3 (Yoast SEO v27.3) - https:\/\/yoast.com\/product\/yoast-seo-premium-wordpress\/ -->\n<title>ISOblow PROFI 230 - Hutton<\/title>\n<meta name=\"description\" content=\"ISOblow PROFI 230 on v\u00e4ga suure j\u00f5udlusega puhumismasin tselluvilla, puitkiu, klaas- ja kivivilla paigaldamiseks. T\u00e4pne juhtimine, suur v\u00f5imsus\" \/>\n<meta name=\"robots\" content=\"index, follow, max-snippet:-1, max-image-preview:large, max-video-preview:-1\" \/>\n<link rel=\"canonical\" href=\"https:\/\/hutton.ee\/toode\/isoblow-profi-230\/\" \/>\n<meta property=\"og:locale\" content=\"en_US\" \/>\n<meta property=\"og:type\" content=\"article\" \/>\n<meta property=\"og:title\" content=\"ISOblow PROFI 230\" \/>\n<meta property=\"og:description\" content=\"ISOblow PROFI 230 on v\u00e4ga suure j\u00f5udlusega puhumismasin tselluvilla, puitkiu, klaas- ja kivivilla paigaldamiseks. T\u00e4pne juhtimine, suur v\u00f5imsus\" \/>\n<meta property=\"og:url\" content=\"https:\/\/hutton.ee\/toode\/isoblow-profi-230\/\" \/>\n<meta property=\"og:site_name\" content=\"Hutton\" \/>\n<meta property=\"article:publisher\" content=\"https:\/\/www.facebook.com\/huttoneesti\" \/>\n<meta property=\"article:modified_time\" content=\"2025-12-12T10:14:35+00:00\" \/>\n<meta property=\"og:image\" content=\"https:\/\/hutton.ee\/wp-content\/uploads\/2025\/03\/ISOblow-PROFI-230-puistevilla-masin.png\" \/>\n\t<meta property=\"og:image:width\" content=\"496\" \/>\n\t<meta property=\"og:image:height\" content=\"496\" \/>\n\t<meta property=\"og:image:type\" content=\"image\/png\" \/>\n<meta name=\"twitter:card\" content=\"summary_large_image\" \/>\n<meta name=\"twitter:label1\" content=\"Est. reading time\" \/>\n\t<meta name=\"twitter:data1\" content=\"3 minutes\" \/>\n<script type=\"application\/ld+json\" class=\"yoast-schema-graph\">{\"@context\":\"https:\\\/\\\/schema.org\",\"@graph\":[{\"@type\":\"WebPage\",\"@id\":\"https:\\\/\\\/hutton.ee\\\/toode\\\/isoblow-profi-230\\\/\",\"url\":\"https:\\\/\\\/hutton.ee\\\/toode\\\/isoblow-profi-230\\\/\",\"name\":\"ISOblow PROFI 230 - Hutton\",\"isPartOf\":{\"@id\":\"https:\\\/\\\/hutton.ee\\\/#website\"},\"primaryImageOfPage\":{\"@id\":\"https:\\\/\\\/hutton.ee\\\/toode\\\/isoblow-profi-230\\\/#primaryimage\"},\"image\":{\"@id\":\"https:\\\/\\\/hutton.ee\\\/toode\\\/isoblow-profi-230\\\/#primaryimage\"},\"thumbnailUrl\":\"https:\\\/\\\/hutton.ee\\\/wp-content\\\/uploads\\\/2025\\\/03\\\/ISOblow-PROFI-230-puistevilla-masin.png\",\"datePublished\":\"2025-03-14T12:45:07+00:00\",\"dateModified\":\"2025-12-12T10:14:35+00:00\",\"description\":\"ISOblow PROFI 230 on v\u00e4ga suure j\u00f5udlusega puhumismasin tselluvilla, puitkiu, klaas- ja kivivilla paigaldamiseks. T\u00e4pne juhtimine, suur v\u00f5imsus\",\"breadcrumb\":{\"@id\":\"https:\\\/\\\/hutton.ee\\\/toode\\\/isoblow-profi-230\\\/#breadcrumb\"},\"inLanguage\":\"en-US\",\"potentialAction\":[{\"@type\":\"ReadAction\",\"target\":[\"https:\\\/\\\/hutton.ee\\\/toode\\\/isoblow-profi-230\\\/\"]}]},{\"@type\":\"ImageObject\",\"inLanguage\":\"en-US\",\"@id\":\"https:\\\/\\\/hutton.ee\\\/toode\\\/isoblow-profi-230\\\/#primaryimage\",\"url\":\"https:\\\/\\\/hutton.ee\\\/wp-content\\\/uploads\\\/2025\\\/03\\\/ISOblow-PROFI-230-puistevilla-masin.png\",\"contentUrl\":\"https:\\\/\\\/hutton.ee\\\/wp-content\\\/uploads\\\/2025\\\/03\\\/ISOblow-PROFI-230-puistevilla-masin.png\",\"width\":496,\"height\":496,\"caption\":\"ISOblow PROFI 230 puistevilla masin\"},{\"@type\":\"BreadcrumbList\",\"@id\":\"https:\\\/\\\/hutton.ee\\\/toode\\\/isoblow-profi-230\\\/#breadcrumb\",\"itemListElement\":[{\"@type\":\"ListItem\",\"position\":1,\"name\":\"Avaleht\",\"item\":\"https:\\\/\\\/hutton.ee\\\/\"},{\"@type\":\"ListItem\",\"position\":2,\"name\":\"Shop\",\"item\":\"https:\\\/\\\/hutton.ee\\\/en\\\/shop\\\/\"},{\"@type\":\"ListItem\",\"position\":3,\"name\":\"ISOblow PROFI 230\"}]},{\"@type\":\"WebSite\",\"@id\":\"https:\\\/\\\/hutton.ee\\\/#website\",\"url\":\"https:\\\/\\\/hutton.ee\\\/\",\"name\":\"Hutton\",\"description\":\"Ajas kestvad ehituslahendused\",\"publisher\":{\"@id\":\"https:\\\/\\\/hutton.ee\\\/#organization\"},\"potentialAction\":[{\"@type\":\"SearchAction\",\"target\":{\"@type\":\"EntryPoint\",\"urlTemplate\":\"https:\\\/\\\/hutton.ee\\\/?s={search_term_string}\"},\"query-input\":{\"@type\":\"PropertyValueSpecification\",\"valueRequired\":true,\"valueName\":\"search_term_string\"}}],\"inLanguage\":\"en-US\"},{\"@type\":\"Organization\",\"@id\":\"https:\\\/\\\/hutton.ee\\\/#organization\",\"name\":\"Hutton - KATUS | SEIN | FASSAAD\",\"url\":\"https:\\\/\\\/hutton.ee\\\/\",\"logo\":{\"@type\":\"ImageObject\",\"inLanguage\":\"en-US\",\"@id\":\"https:\\\/\\\/hutton.ee\\\/#\\\/schema\\\/logo\\\/image\\\/\",\"url\":\"https:\\\/\\\/hutton.ee\\\/wp-content\\\/uploads\\\/2020\\\/07\\\/hutton-logo_uuendatud-01.png\",\"contentUrl\":\"https:\\\/\\\/hutton.ee\\\/wp-content\\\/uploads\\\/2020\\\/07\\\/hutton-logo_uuendatud-01.png\",\"width\":1064,\"height\":455,\"caption\":\"Hutton - KATUS | SEIN | FASSAAD\"},\"image\":{\"@id\":\"https:\\\/\\\/hutton.ee\\\/#\\\/schema\\\/logo\\\/image\\\/\"},\"sameAs\":[\"https:\\\/\\\/www.facebook.com\\\/huttoneesti\"]}]}<\/script>\n<!-- \/ Yoast SEO Premium plugin. -->","yoast_head_json":{"title":"ISOblow PROFI 230 - Hutton","description":"ISOblow PROFI 230 on v\u00e4ga suure j\u00f5udlusega puhumismasin tselluvilla, puitkiu, klaas- ja kivivilla paigaldamiseks. T\u00e4pne juhtimine, suur v\u00f5imsus","robots":{"index":"index","follow":"follow","max-snippet":"max-snippet:-1","max-image-preview":"max-image-preview:large","max-video-preview":"max-video-preview:-1"},"canonical":"https:\/\/hutton.ee\/toode\/isoblow-profi-230\/","og_locale":"en_US","og_type":"article","og_title":"ISOblow PROFI 230","og_description":"ISOblow PROFI 230 on v\u00e4ga suure j\u00f5udlusega puhumismasin tselluvilla, puitkiu, klaas- ja kivivilla paigaldamiseks. T\u00e4pne juhtimine, suur v\u00f5imsus","og_url":"https:\/\/hutton.ee\/toode\/isoblow-profi-230\/","og_site_name":"Hutton","article_publisher":"https:\/\/www.facebook.com\/huttoneesti","article_modified_time":"2025-12-12T10:14:35+00:00","og_image":[{"width":496,"height":496,"url":"https:\/\/hutton.ee\/wp-content\/uploads\/2025\/03\/ISOblow-PROFI-230-puistevilla-masin.png","type":"image\/png"}],"twitter_card":"summary_large_image","twitter_misc":{"Est. reading time":"3 minutes"},"schema":{"@context":"https:\/\/schema.org","@graph":[{"@type":"WebPage","@id":"https:\/\/hutton.ee\/toode\/isoblow-profi-230\/","url":"https:\/\/hutton.ee\/toode\/isoblow-profi-230\/","name":"ISOblow PROFI 230 - Hutton","isPartOf":{"@id":"https:\/\/hutton.ee\/#website"},"primaryImageOfPage":{"@id":"https:\/\/hutton.ee\/toode\/isoblow-profi-230\/#primaryimage"},"image":{"@id":"https:\/\/hutton.ee\/toode\/isoblow-profi-230\/#primaryimage"},"thumbnailUrl":"https:\/\/hutton.ee\/wp-content\/uploads\/2025\/03\/ISOblow-PROFI-230-puistevilla-masin.png","datePublished":"2025-03-14T12:45:07+00:00","dateModified":"2025-12-12T10:14:35+00:00","description":"ISOblow PROFI 230 on v\u00e4ga suure j\u00f5udlusega puhumismasin tselluvilla, puitkiu, klaas- ja kivivilla paigaldamiseks. T\u00e4pne juhtimine, suur v\u00f5imsus","breadcrumb":{"@id":"https:\/\/hutton.ee\/toode\/isoblow-profi-230\/#breadcrumb"},"inLanguage":"en-US","potentialAction":[{"@type":"ReadAction","target":["https:\/\/hutton.ee\/toode\/isoblow-profi-230\/"]}]},{"@type":"ImageObject","inLanguage":"en-US","@id":"https:\/\/hutton.ee\/toode\/isoblow-profi-230\/#primaryimage","url":"https:\/\/hutton.ee\/wp-content\/uploads\/2025\/03\/ISOblow-PROFI-230-puistevilla-masin.png","contentUrl":"https:\/\/hutton.ee\/wp-content\/uploads\/2025\/03\/ISOblow-PROFI-230-puistevilla-masin.png","width":496,"height":496,"caption":"ISOblow PROFI 230 puistevilla masin"},{"@type":"BreadcrumbList","@id":"https:\/\/hutton.ee\/toode\/isoblow-profi-230\/#breadcrumb","itemListElement":[{"@type":"ListItem","position":1,"name":"Avaleht","item":"https:\/\/hutton.ee\/"},{"@type":"ListItem","position":2,"name":"Shop","item":"https:\/\/hutton.ee\/en\/shop\/"},{"@type":"ListItem","position":3,"name":"ISOblow PROFI 230"}]},{"@type":"WebSite","@id":"https:\/\/hutton.ee\/#website","url":"https:\/\/hutton.ee\/","name":"Hutton","description":"Ajas kestvad ehituslahendused","publisher":{"@id":"https:\/\/hutton.ee\/#organization"},"potentialAction":[{"@type":"SearchAction","target":{"@type":"EntryPoint","urlTemplate":"https:\/\/hutton.ee\/?s={search_term_string}"},"query-input":{"@type":"PropertyValueSpecification","valueRequired":true,"valueName":"search_term_string"}}],"inLanguage":"en-US"},{"@type":"Organization","@id":"https:\/\/hutton.ee\/#organization","name":"Hutton - KATUS | SEIN | FASSAAD","url":"https:\/\/hutton.ee\/","logo":{"@type":"ImageObject","inLanguage":"en-US","@id":"https:\/\/hutton.ee\/#\/schema\/logo\/image\/","url":"https:\/\/hutton.ee\/wp-content\/uploads\/2020\/07\/hutton-logo_uuendatud-01.png","contentUrl":"https:\/\/hutton.ee\/wp-content\/uploads\/2020\/07\/hutton-logo_uuendatud-01.png","width":1064,"height":455,"caption":"Hutton - KATUS | SEIN | FASSAAD"},"image":{"@id":"https:\/\/hutton.ee\/#\/schema\/logo\/image\/"},"sameAs":["https:\/\/www.facebook.com\/huttoneesti"]}]}},"_links":{"self":[{"href":"https:\/\/hutton.ee\/en\/wp-json\/wp\/v2\/product\/27450","targetHints":{"allow":["GET"]}}],"collection":[{"href":"https:\/\/hutton.ee\/en\/wp-json\/wp\/v2\/product"}],"about":[{"href":"https:\/\/hutton.ee\/en\/wp-json\/wp\/v2\/types\/product"}],"wp:featuredmedia":[{"embeddable":true,"href":"https:\/\/hutton.ee\/en\/wp-json\/wp\/v2\/media\/27451"}],"wp:attachment":[{"href":"https:\/\/hutton.ee\/en\/wp-json\/wp\/v2\/media?parent=27450"}],"wp:term":[{"taxonomy":"product_brand","embeddable":true,"href":"https:\/\/hutton.ee\/en\/wp-json\/wp\/v2\/product_brand?post=27450"},{"taxonomy":"product_cat","embeddable":true,"href":"https:\/\/hutton.ee\/en\/wp-json\/wp\/v2\/product_cat?post=27450"},{"taxonomy":"product_tag","embeddable":true,"href":"https:\/\/hutton.ee\/en\/wp-json\/wp\/v2\/product_tag?post=27450"},{"taxonomy":"filtrisusteem","embeddable":true,"href":"https:\/\/hutton.ee\/en\/wp-json\/wp\/v2\/filtrisusteem?post=27450"},{"taxonomy":"kvaliteediklass","embeddable":true,"href":"https:\/\/hutton.ee\/en\/wp-json\/wp\/v2\/kvaliteediklass?post=27450"}],"curies":[{"name":"wp","href":"https:\/\/api.w.org\/{rel}","templated":true}]}}