{"id":27473,"date":"2025-03-14T13:22:05","date_gmt":"2025-03-14T13:22:05","guid":{"rendered":"https:\/\/hutton.ee\/?post_type=product&#038;p=27473"},"modified":"2025-12-12T11:05:15","modified_gmt":"2025-12-12T11:05:15","slug":"krendl-475","status":"publish","type":"product","link":"https:\/\/hutton.ee\/en\/toode\/krendl-475\/","title":{"rendered":"Krendl 475"},"content":{"rendered":"<p>The Krendl 475 is an economical machine for the professional contractor or do-it-yourself rental market. Designed for low maintenance and high production, the 475 provides a large easy loading hopper while offering simple rugged performance.<\/p>\n<p>Features<\/p>\n<ul>\n<li>Lightweight machine<\/li>\n<li>User-friendly electric dashboard<\/li>\n<li>Clear acrylic safety guard allows for easy inspection<\/li>\n<li>Durable powder coat finish<\/li>\n<li>Large 14 amp\/2-stage blower<\/li>\n<li>Semi-pneumatic run flat treaded tires<\/li>\n<li>Built-in tool holder<\/li>\n<li>Convertible fold-down loading door<\/li>\n<li>Dual agitators<\/li>\n<li>Clear acrylic safety guard<\/li>\n<li>Electric dashboard with:\u00a0LED start and stop buttons, digital hourmeter\u00a0and\u00a0voltmeter, variable blower speed controls, and recessed power supply<\/li>\n<\/ul>\n<p>Specifications<\/p>\n<ul>\n<li>Weight: 355 lbs. (161 kg)<\/li>\n<li>Dimensions: 40.5\u201dW x 31.5\u201dD x 62\u201dH (103 cm\/80 cm\/157 cm)<\/li>\n<li>Airlock: 12\u201d x 10\u201d (30.5 cm x 25.4 cm) diameter, 3\u201d (7.6 cm) outlet<\/li>\n<li>Hopper capacity: 14 cu. ft.<\/li>\n<li>Power req. CE\/CSA\/CUL\/UL\n<ul>\n<li>Double input, 15\/15 amps each\/120 volt\/60 hz<\/li>\n<li>International single input, 16 amp\/230volt\/50hz<\/li>\n<\/ul>\n<\/li>\n<li>Blower\/size:\u00a014 amp\/2-stage (120 volt) blower system yields 140 CFM @ 3-1\/2 PSI<\/li>\n<\/ul>\n<p><a href=\"https:\/\/www.youtube.com\/watch?v=zXDhInOXPds\"><strong>Videotutvustus<\/strong><\/a><\/p>\n<p>&nbsp;<\/p>\n","protected":false},"excerpt":{"rendered":"<p><span style=\"color: #ff0000;\">K\u00fcsi hinnapakkumist &#8211; <span style=\"text-decoration: underline;\"><strong><a style=\"color: #ff0000; text-decoration: underline;\" href=\"https:\/\/hutton.ee\/kontakt\/\">kontakt<\/a><\/strong><\/span>!<\/span><\/p>\n","protected":false},"featured_media":27474,"template":"","meta":{"_gspb_post_css":"","_uf_show_specific_survey":0,"_uf_disable_surveys":false},"product_brand":[],"product_cat":[968,2890],"product_tag":[1258,2876],"filtrisusteem":[],"kvaliteediklass":[],"class_list":{"0":"post-27473","1":"product","2":"type-product","3":"status-publish","4":"has-post-thumbnail","6":"product_cat-tooriistad","7":"product_cat-puistevilla-masinad","8":"product_tag-ei_pakiautomaat","9":"product_tag-ei_pusiklient","11":"first","12":"instock","13":"taxable","14":"shipping-taxable","15":"product-type-simple"},"yoast_head":"<!-- This site is optimized with the Yoast SEO Premium plugin v21.3 (Yoast SEO v27.3) - https:\/\/yoast.com\/product\/yoast-seo-premium-wordpress\/ -->\n<title>Krendl 475 - Hutton<\/title>\n<meta name=\"description\" content=\"Krendl 475 puhumismasin on t\u00f6\u00f6kindel ja \u00f6konoomne seade tselluvilla ja klaasvilla paigaldamiseks. Sobib professionaalidele ja rendikasutuseks\" \/>\n<meta name=\"robots\" content=\"index, follow, max-snippet:-1, max-image-preview:large, max-video-preview:-1\" \/>\n<link rel=\"canonical\" href=\"https:\/\/hutton.ee\/toode\/krendl-475\/\" \/>\n<meta property=\"og:locale\" content=\"en_US\" \/>\n<meta property=\"og:type\" content=\"article\" \/>\n<meta property=\"og:title\" content=\"Krendl 475\" \/>\n<meta property=\"og:description\" content=\"Krendl 475 puhumismasin on t\u00f6\u00f6kindel ja \u00f6konoomne seade tselluvilla ja klaasvilla paigaldamiseks. Sobib professionaalidele ja rendikasutuseks\" \/>\n<meta property=\"og:url\" content=\"https:\/\/hutton.ee\/toode\/krendl-475\/\" \/>\n<meta property=\"og:site_name\" content=\"Hutton\" \/>\n<meta property=\"article:publisher\" content=\"https:\/\/www.facebook.com\/huttoneesti\" \/>\n<meta property=\"article:modified_time\" content=\"2025-12-12T11:05:15+00:00\" \/>\n<meta property=\"og:image\" content=\"https:\/\/hutton.ee\/wp-content\/uploads\/2025\/03\/Krendl-475-puistevilla-paigaldamise-maisn.png\" \/>\n\t<meta property=\"og:image:width\" content=\"500\" \/>\n\t<meta property=\"og:image:height\" content=\"500\" \/>\n\t<meta property=\"og:image:type\" content=\"image\/png\" \/>\n<meta name=\"twitter:card\" content=\"summary_large_image\" \/>\n<meta name=\"twitter:label1\" content=\"Est. reading time\" \/>\n\t<meta name=\"twitter:data1\" content=\"2 minutes\" \/>\n<script type=\"application\/ld+json\" class=\"yoast-schema-graph\">{\"@context\":\"https:\\\/\\\/schema.org\",\"@graph\":[{\"@type\":\"WebPage\",\"@id\":\"https:\\\/\\\/hutton.ee\\\/toode\\\/krendl-475\\\/\",\"url\":\"https:\\\/\\\/hutton.ee\\\/toode\\\/krendl-475\\\/\",\"name\":\"Krendl 475 - Hutton\",\"isPartOf\":{\"@id\":\"https:\\\/\\\/hutton.ee\\\/#website\"},\"primaryImageOfPage\":{\"@id\":\"https:\\\/\\\/hutton.ee\\\/toode\\\/krendl-475\\\/#primaryimage\"},\"image\":{\"@id\":\"https:\\\/\\\/hutton.ee\\\/toode\\\/krendl-475\\\/#primaryimage\"},\"thumbnailUrl\":\"https:\\\/\\\/hutton.ee\\\/wp-content\\\/uploads\\\/2025\\\/03\\\/Krendl-475-puistevilla-paigaldamise-maisn.png\",\"datePublished\":\"2025-03-14T13:22:05+00:00\",\"dateModified\":\"2025-12-12T11:05:15+00:00\",\"description\":\"Krendl 475 puhumismasin on t\u00f6\u00f6kindel ja \u00f6konoomne seade tselluvilla ja klaasvilla paigaldamiseks. Sobib professionaalidele ja rendikasutuseks\",\"breadcrumb\":{\"@id\":\"https:\\\/\\\/hutton.ee\\\/toode\\\/krendl-475\\\/#breadcrumb\"},\"inLanguage\":\"en-US\",\"potentialAction\":[{\"@type\":\"ReadAction\",\"target\":[\"https:\\\/\\\/hutton.ee\\\/toode\\\/krendl-475\\\/\"]}]},{\"@type\":\"ImageObject\",\"inLanguage\":\"en-US\",\"@id\":\"https:\\\/\\\/hutton.ee\\\/toode\\\/krendl-475\\\/#primaryimage\",\"url\":\"https:\\\/\\\/hutton.ee\\\/wp-content\\\/uploads\\\/2025\\\/03\\\/Krendl-475-puistevilla-paigaldamise-maisn.png\",\"contentUrl\":\"https:\\\/\\\/hutton.ee\\\/wp-content\\\/uploads\\\/2025\\\/03\\\/Krendl-475-puistevilla-paigaldamise-maisn.png\",\"width\":500,\"height\":500,\"caption\":\"Krendl 475 puistevilla paigaldamise maisn\"},{\"@type\":\"BreadcrumbList\",\"@id\":\"https:\\\/\\\/hutton.ee\\\/toode\\\/krendl-475\\\/#breadcrumb\",\"itemListElement\":[{\"@type\":\"ListItem\",\"position\":1,\"name\":\"Avaleht\",\"item\":\"https:\\\/\\\/hutton.ee\\\/\"},{\"@type\":\"ListItem\",\"position\":2,\"name\":\"Shop\",\"item\":\"https:\\\/\\\/hutton.ee\\\/en\\\/shop\\\/\"},{\"@type\":\"ListItem\",\"position\":3,\"name\":\"Krendl 475\"}]},{\"@type\":\"WebSite\",\"@id\":\"https:\\\/\\\/hutton.ee\\\/#website\",\"url\":\"https:\\\/\\\/hutton.ee\\\/\",\"name\":\"Hutton\",\"description\":\"Ajas kestvad ehituslahendused\",\"publisher\":{\"@id\":\"https:\\\/\\\/hutton.ee\\\/#organization\"},\"potentialAction\":[{\"@type\":\"SearchAction\",\"target\":{\"@type\":\"EntryPoint\",\"urlTemplate\":\"https:\\\/\\\/hutton.ee\\\/?s={search_term_string}\"},\"query-input\":{\"@type\":\"PropertyValueSpecification\",\"valueRequired\":true,\"valueName\":\"search_term_string\"}}],\"inLanguage\":\"en-US\"},{\"@type\":\"Organization\",\"@id\":\"https:\\\/\\\/hutton.ee\\\/#organization\",\"name\":\"Hutton - KATUS | SEIN | FASSAAD\",\"url\":\"https:\\\/\\\/hutton.ee\\\/\",\"logo\":{\"@type\":\"ImageObject\",\"inLanguage\":\"en-US\",\"@id\":\"https:\\\/\\\/hutton.ee\\\/#\\\/schema\\\/logo\\\/image\\\/\",\"url\":\"https:\\\/\\\/hutton.ee\\\/wp-content\\\/uploads\\\/2020\\\/07\\\/hutton-logo_uuendatud-01.png\",\"contentUrl\":\"https:\\\/\\\/hutton.ee\\\/wp-content\\\/uploads\\\/2020\\\/07\\\/hutton-logo_uuendatud-01.png\",\"width\":1064,\"height\":455,\"caption\":\"Hutton - KATUS | SEIN | FASSAAD\"},\"image\":{\"@id\":\"https:\\\/\\\/hutton.ee\\\/#\\\/schema\\\/logo\\\/image\\\/\"},\"sameAs\":[\"https:\\\/\\\/www.facebook.com\\\/huttoneesti\"]}]}<\/script>\n<!-- \/ Yoast SEO Premium plugin. -->","yoast_head_json":{"title":"Krendl 475 - Hutton","description":"Krendl 475 puhumismasin on t\u00f6\u00f6kindel ja \u00f6konoomne seade tselluvilla ja klaasvilla paigaldamiseks. Sobib professionaalidele ja rendikasutuseks","robots":{"index":"index","follow":"follow","max-snippet":"max-snippet:-1","max-image-preview":"max-image-preview:large","max-video-preview":"max-video-preview:-1"},"canonical":"https:\/\/hutton.ee\/toode\/krendl-475\/","og_locale":"en_US","og_type":"article","og_title":"Krendl 475","og_description":"Krendl 475 puhumismasin on t\u00f6\u00f6kindel ja \u00f6konoomne seade tselluvilla ja klaasvilla paigaldamiseks. Sobib professionaalidele ja rendikasutuseks","og_url":"https:\/\/hutton.ee\/toode\/krendl-475\/","og_site_name":"Hutton","article_publisher":"https:\/\/www.facebook.com\/huttoneesti","article_modified_time":"2025-12-12T11:05:15+00:00","og_image":[{"width":500,"height":500,"url":"https:\/\/hutton.ee\/wp-content\/uploads\/2025\/03\/Krendl-475-puistevilla-paigaldamise-maisn.png","type":"image\/png"}],"twitter_card":"summary_large_image","twitter_misc":{"Est. reading time":"2 minutes"},"schema":{"@context":"https:\/\/schema.org","@graph":[{"@type":"WebPage","@id":"https:\/\/hutton.ee\/toode\/krendl-475\/","url":"https:\/\/hutton.ee\/toode\/krendl-475\/","name":"Krendl 475 - Hutton","isPartOf":{"@id":"https:\/\/hutton.ee\/#website"},"primaryImageOfPage":{"@id":"https:\/\/hutton.ee\/toode\/krendl-475\/#primaryimage"},"image":{"@id":"https:\/\/hutton.ee\/toode\/krendl-475\/#primaryimage"},"thumbnailUrl":"https:\/\/hutton.ee\/wp-content\/uploads\/2025\/03\/Krendl-475-puistevilla-paigaldamise-maisn.png","datePublished":"2025-03-14T13:22:05+00:00","dateModified":"2025-12-12T11:05:15+00:00","description":"Krendl 475 puhumismasin on t\u00f6\u00f6kindel ja \u00f6konoomne seade tselluvilla ja klaasvilla paigaldamiseks. Sobib professionaalidele ja rendikasutuseks","breadcrumb":{"@id":"https:\/\/hutton.ee\/toode\/krendl-475\/#breadcrumb"},"inLanguage":"en-US","potentialAction":[{"@type":"ReadAction","target":["https:\/\/hutton.ee\/toode\/krendl-475\/"]}]},{"@type":"ImageObject","inLanguage":"en-US","@id":"https:\/\/hutton.ee\/toode\/krendl-475\/#primaryimage","url":"https:\/\/hutton.ee\/wp-content\/uploads\/2025\/03\/Krendl-475-puistevilla-paigaldamise-maisn.png","contentUrl":"https:\/\/hutton.ee\/wp-content\/uploads\/2025\/03\/Krendl-475-puistevilla-paigaldamise-maisn.png","width":500,"height":500,"caption":"Krendl 475 puistevilla paigaldamise maisn"},{"@type":"BreadcrumbList","@id":"https:\/\/hutton.ee\/toode\/krendl-475\/#breadcrumb","itemListElement":[{"@type":"ListItem","position":1,"name":"Avaleht","item":"https:\/\/hutton.ee\/"},{"@type":"ListItem","position":2,"name":"Shop","item":"https:\/\/hutton.ee\/en\/shop\/"},{"@type":"ListItem","position":3,"name":"Krendl 475"}]},{"@type":"WebSite","@id":"https:\/\/hutton.ee\/#website","url":"https:\/\/hutton.ee\/","name":"Hutton","description":"Ajas kestvad ehituslahendused","publisher":{"@id":"https:\/\/hutton.ee\/#organization"},"potentialAction":[{"@type":"SearchAction","target":{"@type":"EntryPoint","urlTemplate":"https:\/\/hutton.ee\/?s={search_term_string}"},"query-input":{"@type":"PropertyValueSpecification","valueRequired":true,"valueName":"search_term_string"}}],"inLanguage":"en-US"},{"@type":"Organization","@id":"https:\/\/hutton.ee\/#organization","name":"Hutton - KATUS | SEIN | FASSAAD","url":"https:\/\/hutton.ee\/","logo":{"@type":"ImageObject","inLanguage":"en-US","@id":"https:\/\/hutton.ee\/#\/schema\/logo\/image\/","url":"https:\/\/hutton.ee\/wp-content\/uploads\/2020\/07\/hutton-logo_uuendatud-01.png","contentUrl":"https:\/\/hutton.ee\/wp-content\/uploads\/2020\/07\/hutton-logo_uuendatud-01.png","width":1064,"height":455,"caption":"Hutton - KATUS | SEIN | FASSAAD"},"image":{"@id":"https:\/\/hutton.ee\/#\/schema\/logo\/image\/"},"sameAs":["https:\/\/www.facebook.com\/huttoneesti"]}]}},"_links":{"self":[{"href":"https:\/\/hutton.ee\/en\/wp-json\/wp\/v2\/product\/27473","targetHints":{"allow":["GET"]}}],"collection":[{"href":"https:\/\/hutton.ee\/en\/wp-json\/wp\/v2\/product"}],"about":[{"href":"https:\/\/hutton.ee\/en\/wp-json\/wp\/v2\/types\/product"}],"wp:featuredmedia":[{"embeddable":true,"href":"https:\/\/hutton.ee\/en\/wp-json\/wp\/v2\/media\/27474"}],"wp:attachment":[{"href":"https:\/\/hutton.ee\/en\/wp-json\/wp\/v2\/media?parent=27473"}],"wp:term":[{"taxonomy":"product_brand","embeddable":true,"href":"https:\/\/hutton.ee\/en\/wp-json\/wp\/v2\/product_brand?post=27473"},{"taxonomy":"product_cat","embeddable":true,"href":"https:\/\/hutton.ee\/en\/wp-json\/wp\/v2\/product_cat?post=27473"},{"taxonomy":"product_tag","embeddable":true,"href":"https:\/\/hutton.ee\/en\/wp-json\/wp\/v2\/product_tag?post=27473"},{"taxonomy":"filtrisusteem","embeddable":true,"href":"https:\/\/hutton.ee\/en\/wp-json\/wp\/v2\/filtrisusteem?post=27473"},{"taxonomy":"kvaliteediklass","embeddable":true,"href":"https:\/\/hutton.ee\/en\/wp-json\/wp\/v2\/kvaliteediklass?post=27473"}],"curies":[{"name":"wp","href":"https:\/\/api.w.org\/{rel}","templated":true}]}}