{"id":27523,"date":"2025-03-18T11:19:14","date_gmt":"2025-03-18T11:19:14","guid":{"rendered":"https:\/\/hutton.ee\/?post_type=product&#038;p=27523"},"modified":"2025-07-15T13:22:15","modified_gmt":"2025-07-15T13:22:15","slug":"ehitusvahud-ja-teipimine-tartu-16-04-2025","status":"publish","type":"product","link":"https:\/\/hutton.ee\/en\/toode\/ehitusvahud-ja-teipimine-tartu-16-04-2025\/","title":{"rendered":"Ehitusvahud ja teipimine, Tartu 16.04.2025"},"content":{"rendered":"<p><strong>&#8220;Ehitusvahud ja teipimine&#8221; koolituskava<\/strong>:<\/p>\n<p><strong>1. Teipimine &#8211; Margus Laats (Hutton tehniline konsultant)<\/strong><\/p>\n<ul>\n<li>Kuidas testida teipide kvaliteeti?<\/li>\n<li>Teipide funktsioonid ja toimivus: <a href=\"https:\/\/hutton.ee\/tootekategooria\/ehitusteibid\/aurutokke-teibid\/\">siseteip<\/a>, <a href=\"https:\/\/hutton.ee\/tootekategooria\/ehitusteibid\/tuuletokke-teibid\/\">v\u00e4listeip<\/a>, <a href=\"https:\/\/hutton.ee\/tootekategooria\/aknateibid\/\">aknateip<\/a>.<\/li>\n<li>Tehniliste andmete leht vs \u201csertifikaadid\u201d.<\/li>\n<li>Teipimine erinevates ilmastikuoludes.<\/li>\n<li>Milline on paigaldustingimuste m\u00f5ju teibi valikule?<\/li>\n<li>Kuidas valida \u00f5ige teip?<\/li>\n<li>Millised on suurimad vead teibi valimisel?<\/li>\n<li>Millised on enamlevinud vead teipide paigaldamisel?<\/li>\n<li>Kuidas teipe \u00f5igesti paigaldada?<\/li>\n<li>Milline on erinevate nakkepindade m\u00f5ju teibi nakke omadustele?<\/li>\n<\/ul>\n<p><strong>\u00a0 \u00a0Praktiline osa:<\/strong><\/p>\n<ul>\n<li>Teipide nakketestid erinevatel aluspidadel<\/li>\n<li>Teipide paigaldamise praktilised \u00fclesanded<\/li>\n<\/ul>\n<p><strong>2. Penosil ehitusvahud &#8211; Urmas Kullang (Penosil koolitaja)<\/strong><\/p>\n<ul>\n<li>Mis on <a href=\"https:\/\/hutton.ee\/tootekategooria\/ehituskeemia\/\">ehitusvahud<\/a>?<\/li>\n<li>Millised erinevad ehitusvahud on olemas?<\/li>\n<li>Milline on erinevate vahtude otstarve?<\/li>\n<li>Erinevate vahtude kasutamise tingimused.<\/li>\n<li>V\u00f5imalikud ohud vahtude kasutamisel ja kuidas neid v\u00e4ltida?<\/li>\n<li>Diisots\u00fcanaatide m\u00f5ju tervisele (peamiselt allergiad) ja kaitsevahendite kasutamine<\/li>\n<\/ul>\n<p>Koolitus vastab\u00a0<a href=\"https:\/\/environment.ec.europa.eu\/topics\/chemicals\/reach-regulation_en\" target=\"_blank\" rel=\"noreferrer noopener\">REACH<\/a>-m\u00e4\u00e4ruse ja\u00a0<a href=\"https:\/\/eur-lex.europa.eu\/legal-content\/ET\/TXT\/PDF\/?uri=CELEX:32006R1907\" target=\"_blank\" rel=\"noreferrer noopener\">EUROOPA PARLAMENDI JA N\u00d5UKOGU M\u00c4\u00c4RUS (E\u00dc) nr 1907\/2006 XVII<\/a>\u00a0n\u00f5uetele.<\/p>\n<p>Koolitus ei asenda ega muuda muid tervisekaitse- ja ohutusn\u00f5udeid, vaid t\u00e4iendab neid. Ehitajad peavad j\u00e4rgima mitmeid h\u00e4id tavasid, et tagada pol\u00fcuretaanide ohutu kasutamine:<\/p>\n<p><strong>Kellele on koolitus ehitusvahud ja teipimine suunatud:<br \/>\n<\/strong>Ehitajatele, projekteerijatele, arhitektidele, ehitusjuhtidele, ehitusej\u00e4relevalve inseneridele ja k\u00f5igile neile, kellele antud teema huvi pakub.<\/p>\n<p><strong>Registreerimine:<br \/>\n<\/strong>Valige endale sobiv koolituse aeg ja koht <a href=\"https:\/\/hutton.ee\/koolitused\/\">https:\/\/hutton.ee\/koolitused\/<\/a> ning registreeruge e-poe kaudu. <span style=\"color: #ff0000;\"><strong>J\u00e4\u00e4nud on 3 vaba kohta!<\/strong><\/span><\/p>\n<p class=\"moz-signature\">&#8212;<\/p>\n<p>Koolitaja:<br \/>\nMargus Laats<br \/>\n<a href=\"tel:5011324\">+372 50 11 324<\/a><br \/>\n<a href=\"mailto:margus.laats@hutton.ee\">margus.laats@hutton.ee<\/a><\/p>\n","protected":false},"excerpt":{"rendered":"<div class=\"html-div xdj266r x11i5rnm xat24cr x1mh8g0r xexx8yu x4uap5 x18d9i69 xkhd6sd x78zum5 x1eb86dx\">\n<div class=\"html-div xdj266r x11i5rnm xat24cr x1mh8g0r xexx8yu x4uap5 x18d9i69 xkhd6sd xeuugli x1vjfegm\">\n<div class=\"html-div xdj266r x11i5rnm xat24cr x1mh8g0r xexx8yu x4uap5 x18d9i69 xkhd6sd x78zum5 xh8yej3\" role=\"presentation\">\n<div class=\"x1cy8zhl x78zum5 xdt5ytf x193iq5w x1n2onr6 x1kxipp6\">\n<div class=\"x78zum5 xh8yej3\" role=\"none\">\n<div class=\"html-div xdj266r x11i5rnm xat24cr x1mh8g0r xexx8yu x4uap5 x18d9i69 xkhd6sd x6ikm8r x10wlt62\">\n<div class=\"html-div xdj266r x11i5rnm xat24cr x1mh8g0r x14ctfv x1okitfd x6ikm8r x10wlt62 xerhiuh x1pn3fxy x12xxe5f x1szedp3 x1n2onr6 x1vjfegm x1k4qllp x1mzt3pk x13faqbe x1xr0vuk x1jm4cbz x1lmq8lz xrrpcnn x1xtl47e x13fuv20 xu3j5b3 x1q0q8m5 x26u7qi x19livfd x2t687o x3p3xfz x5od304 xp5s12f x11ucwad xgtuqic x155c047\" role=\"presentation\">\n<div class=\"html-div xexx8yu x4uap5 x18d9i69 xkhd6sd x1gslohp x11i5rnm x12nagc x1mh8g0r x1yc453h x126k92a x18lvrbx\" dir=\"auto\">\n<p><span style=\"color: #ff0000;\"><strong>J\u00e4\u00e4nud on 3 vaba kohta!<\/strong><\/span><\/p>\n<p>Alates 24. augustist 2023. peavad k\u00f5ik isikud, kes kasutavad professionaalsel ning t\u00f6\u00f6stuslikul eesm\u00e4rgil pol\u00fcuretaanvahte, liime ja hermeetikuid, milles on monomeerse diisots\u00fcaniidi kogukonsentratsioon \u00fcle 0,1%, l\u00e4bima diisots\u00fcanaatide ohutu kasutamise-alase koolituse.<br \/>\n<strong>Koolitus annab vahtudega t\u00f6\u00f6tlemisel vajaliku ohutuskaardi!<br \/>\n<\/strong>Teipimise osas keskendume ehitusteipide, aknateipide ja teipimise paigaldusprotsesside \u00f5petamisele. Koolitusel selgitatakse teipide kvaliteedi hindamise standardeid (Sintef, DIN 4108-11) ning erinevaid tootekategooriaid ja nende funktsioone.<\/p>\n<\/div>\n<\/div>\n<\/div>\n<div class=\"html-div xdj266r x11i5rnm xat24cr x1mh8g0r xexx8yu x4uap5 x18d9i69 xkhd6sd x1h91t0o xkh2ocl x78zum5 xdt5ytf x13a6bvl x193iq5w x1iyjqo2 x1eb86dx\" role=\"presentation\">\n<div class=\"html-div xdj266r x11i5rnm xat24cr x1mh8g0r xexx8yu x4uap5 x18d9i69 xkhd6sd x1r8uery x1iyjqo2\" role=\"presentation\"><strong>Koolitus toimub:<\/strong><\/div>\n<\/div>\n<\/div>\n<\/div>\n<\/div>\n<\/div>\n<\/div>\n<p>16.04.2025<br \/>\nKell 12:00-16:00<br \/>\nT\u00e4he 110, Tartu<\/p>\n<p><strong>Osalejatele tunnistused!<\/strong><\/p>\n","protected":false},"featured_media":27265,"template":"","meta":{"_gspb_post_css":"","_uf_show_specific_survey":0,"_uf_disable_surveys":false},"product_brand":[],"product_cat":[938],"product_tag":[2876],"filtrisusteem":[],"kvaliteediklass":[2877],"class_list":{"0":"post-27523","1":"product","2":"type-product","3":"status-publish","4":"has-post-thumbnail","6":"product_cat-koolitused","7":"product_tag-ei_pusiklient","8":"kvaliteediklass-ei_","10":"first","11":"instock","12":"virtual","13":"taxable","14":"purchasable","15":"product-type-simple"},"yoast_head":"<!-- This site is optimized with the Yoast SEO Premium plugin v21.3 (Yoast SEO v27.3) - https:\/\/yoast.com\/product\/yoast-seo-premium-wordpress\/ -->\n<title>Ehitusvahud ja teipimine, Tartu 16.04.2025 - Hutton<\/title>\n<meta name=\"description\" content=\"Ehituskoolitus: Penosil ehitusvahud ja teipimine - Koolitus annab vahtudega t\u00f6\u00f6tlemise ohutuskaardi, mis on vajalik alates 2023. augustist.\" \/>\n<meta name=\"robots\" content=\"index, follow, max-snippet:-1, max-image-preview:large, max-video-preview:-1\" \/>\n<link rel=\"canonical\" href=\"https:\/\/hutton.ee\/toode\/ehitusvahud-ja-teipimine-tartu-16-04-2025\/\" \/>\n<meta property=\"og:locale\" content=\"en_US\" \/>\n<meta property=\"og:type\" content=\"article\" \/>\n<meta property=\"og:title\" content=\"Ehitusvahud ja teipimine, Tartu 16.04.2025 - Hutton\" \/>\n<meta property=\"og:description\" content=\"Margus Laats koolitus: Energias\u00e4\u00e4stlik ehitamine. Ehitusf\u00fc\u00fcsika ja materjalitehnoloogiad. Ehitajatele, projekteerijatele, ehitusjuhtidele jt. Registreeri kohe &gt;\" \/>\n<meta property=\"og:url\" content=\"https:\/\/hutton.ee\/toode\/ehitusvahud-ja-teipimine-tartu-16-04-2025\/\" \/>\n<meta property=\"og:site_name\" content=\"Hutton\" \/>\n<meta property=\"article:publisher\" content=\"https:\/\/www.facebook.com\/huttoneesti\" \/>\n<meta property=\"article:modified_time\" content=\"2025-07-15T13:22:15+00:00\" \/>\n<meta property=\"og:image\" content=\"https:\/\/hutton.ee\/wp-content\/uploads\/2025\/03\/koolitused-4.png\" \/>\n\t<meta property=\"og:image:width\" content=\"500\" \/>\n\t<meta property=\"og:image:height\" content=\"500\" \/>\n\t<meta property=\"og:image:type\" content=\"image\/png\" \/>\n<meta name=\"twitter:card\" content=\"summary_large_image\" \/>\n<meta name=\"twitter:title\" content=\"Ehitusvahud ja teipimine, Tartu 16.04.2025 - Hutton\" \/>\n<meta name=\"twitter:description\" content=\"Margus Laats koolitus: Energias\u00e4\u00e4stlik ehitamine. Ehitusf\u00fc\u00fcsika ja materjalitehnoloogiad. Ehitajatele, projekteerijatele, ehitusjuhtidele jt. Registreeri kohe &gt;\" \/>\n<meta name=\"twitter:label1\" content=\"Est. reading time\" \/>\n\t<meta name=\"twitter:data1\" content=\"2 minutes\" \/>\n<script type=\"application\/ld+json\" class=\"yoast-schema-graph\">{\"@context\":\"https:\\\/\\\/schema.org\",\"@graph\":[{\"@type\":\"WebPage\",\"@id\":\"https:\\\/\\\/hutton.ee\\\/toode\\\/ehitusvahud-ja-teipimine-tartu-16-04-2025\\\/\",\"url\":\"https:\\\/\\\/hutton.ee\\\/toode\\\/ehitusvahud-ja-teipimine-tartu-16-04-2025\\\/\",\"name\":\"Ehitusvahud ja teipimine, Tartu 16.04.2025 - Hutton\",\"isPartOf\":{\"@id\":\"https:\\\/\\\/hutton.ee\\\/#website\"},\"primaryImageOfPage\":{\"@id\":\"https:\\\/\\\/hutton.ee\\\/toode\\\/ehitusvahud-ja-teipimine-tartu-16-04-2025\\\/#primaryimage\"},\"image\":{\"@id\":\"https:\\\/\\\/hutton.ee\\\/toode\\\/ehitusvahud-ja-teipimine-tartu-16-04-2025\\\/#primaryimage\"},\"thumbnailUrl\":\"https:\\\/\\\/hutton.ee\\\/wp-content\\\/uploads\\\/2025\\\/03\\\/koolitused-4.png\",\"datePublished\":\"2025-03-18T11:19:14+00:00\",\"dateModified\":\"2025-07-15T13:22:15+00:00\",\"description\":\"Ehituskoolitus: Penosil ehitusvahud ja teipimine - Koolitus annab vahtudega t\u00f6\u00f6tlemise ohutuskaardi, mis on vajalik alates 2023. augustist.\",\"breadcrumb\":{\"@id\":\"https:\\\/\\\/hutton.ee\\\/toode\\\/ehitusvahud-ja-teipimine-tartu-16-04-2025\\\/#breadcrumb\"},\"inLanguage\":\"en-US\",\"potentialAction\":[{\"@type\":\"ReadAction\",\"target\":[\"https:\\\/\\\/hutton.ee\\\/toode\\\/ehitusvahud-ja-teipimine-tartu-16-04-2025\\\/\"]}]},{\"@type\":\"ImageObject\",\"inLanguage\":\"en-US\",\"@id\":\"https:\\\/\\\/hutton.ee\\\/toode\\\/ehitusvahud-ja-teipimine-tartu-16-04-2025\\\/#primaryimage\",\"url\":\"https:\\\/\\\/hutton.ee\\\/wp-content\\\/uploads\\\/2025\\\/03\\\/koolitused-4.png\",\"contentUrl\":\"https:\\\/\\\/hutton.ee\\\/wp-content\\\/uploads\\\/2025\\\/03\\\/koolitused-4.png\",\"width\":500,\"height\":500,\"caption\":\"Ehituskoolitus Penosil ehitusvahud ja teipimine\"},{\"@type\":\"BreadcrumbList\",\"@id\":\"https:\\\/\\\/hutton.ee\\\/toode\\\/ehitusvahud-ja-teipimine-tartu-16-04-2025\\\/#breadcrumb\",\"itemListElement\":[{\"@type\":\"ListItem\",\"position\":1,\"name\":\"Avaleht\",\"item\":\"https:\\\/\\\/hutton.ee\\\/\"},{\"@type\":\"ListItem\",\"position\":2,\"name\":\"Shop\",\"item\":\"https:\\\/\\\/hutton.ee\\\/en\\\/shop\\\/\"},{\"@type\":\"ListItem\",\"position\":3,\"name\":\"Ehitusvahud ja teipimine, Tartu 16.04.2025\"}]},{\"@type\":\"WebSite\",\"@id\":\"https:\\\/\\\/hutton.ee\\\/#website\",\"url\":\"https:\\\/\\\/hutton.ee\\\/\",\"name\":\"Hutton\",\"description\":\"Ajas kestvad ehituslahendused\",\"publisher\":{\"@id\":\"https:\\\/\\\/hutton.ee\\\/#organization\"},\"potentialAction\":[{\"@type\":\"SearchAction\",\"target\":{\"@type\":\"EntryPoint\",\"urlTemplate\":\"https:\\\/\\\/hutton.ee\\\/?s={search_term_string}\"},\"query-input\":{\"@type\":\"PropertyValueSpecification\",\"valueRequired\":true,\"valueName\":\"search_term_string\"}}],\"inLanguage\":\"en-US\"},{\"@type\":\"Organization\",\"@id\":\"https:\\\/\\\/hutton.ee\\\/#organization\",\"name\":\"Hutton - KATUS | SEIN | FASSAAD\",\"url\":\"https:\\\/\\\/hutton.ee\\\/\",\"logo\":{\"@type\":\"ImageObject\",\"inLanguage\":\"en-US\",\"@id\":\"https:\\\/\\\/hutton.ee\\\/#\\\/schema\\\/logo\\\/image\\\/\",\"url\":\"https:\\\/\\\/hutton.ee\\\/wp-content\\\/uploads\\\/2020\\\/07\\\/hutton-logo_uuendatud-01.png\",\"contentUrl\":\"https:\\\/\\\/hutton.ee\\\/wp-content\\\/uploads\\\/2020\\\/07\\\/hutton-logo_uuendatud-01.png\",\"width\":1064,\"height\":455,\"caption\":\"Hutton - KATUS | SEIN | FASSAAD\"},\"image\":{\"@id\":\"https:\\\/\\\/hutton.ee\\\/#\\\/schema\\\/logo\\\/image\\\/\"},\"sameAs\":[\"https:\\\/\\\/www.facebook.com\\\/huttoneesti\"]}]}<\/script>\n<!-- \/ Yoast SEO Premium plugin. -->","yoast_head_json":{"title":"Ehitusvahud ja teipimine, Tartu 16.04.2025 - Hutton","description":"Ehituskoolitus: Penosil ehitusvahud ja teipimine - Koolitus annab vahtudega t\u00f6\u00f6tlemise ohutuskaardi, mis on vajalik alates 2023. augustist.","robots":{"index":"index","follow":"follow","max-snippet":"max-snippet:-1","max-image-preview":"max-image-preview:large","max-video-preview":"max-video-preview:-1"},"canonical":"https:\/\/hutton.ee\/toode\/ehitusvahud-ja-teipimine-tartu-16-04-2025\/","og_locale":"en_US","og_type":"article","og_title":"Ehitusvahud ja teipimine, Tartu 16.04.2025 - Hutton","og_description":"Margus Laats koolitus: Energias\u00e4\u00e4stlik ehitamine. Ehitusf\u00fc\u00fcsika ja materjalitehnoloogiad. Ehitajatele, projekteerijatele, ehitusjuhtidele jt. Registreeri kohe >","og_url":"https:\/\/hutton.ee\/toode\/ehitusvahud-ja-teipimine-tartu-16-04-2025\/","og_site_name":"Hutton","article_publisher":"https:\/\/www.facebook.com\/huttoneesti","article_modified_time":"2025-07-15T13:22:15+00:00","og_image":[{"width":500,"height":500,"url":"https:\/\/hutton.ee\/wp-content\/uploads\/2025\/03\/koolitused-4.png","type":"image\/png"}],"twitter_card":"summary_large_image","twitter_title":"Ehitusvahud ja teipimine, Tartu 16.04.2025 - Hutton","twitter_description":"Margus Laats koolitus: Energias\u00e4\u00e4stlik ehitamine. Ehitusf\u00fc\u00fcsika ja materjalitehnoloogiad. Ehitajatele, projekteerijatele, ehitusjuhtidele jt. Registreeri kohe >","twitter_misc":{"Est. reading time":"2 minutes"},"schema":{"@context":"https:\/\/schema.org","@graph":[{"@type":"WebPage","@id":"https:\/\/hutton.ee\/toode\/ehitusvahud-ja-teipimine-tartu-16-04-2025\/","url":"https:\/\/hutton.ee\/toode\/ehitusvahud-ja-teipimine-tartu-16-04-2025\/","name":"Ehitusvahud ja teipimine, Tartu 16.04.2025 - Hutton","isPartOf":{"@id":"https:\/\/hutton.ee\/#website"},"primaryImageOfPage":{"@id":"https:\/\/hutton.ee\/toode\/ehitusvahud-ja-teipimine-tartu-16-04-2025\/#primaryimage"},"image":{"@id":"https:\/\/hutton.ee\/toode\/ehitusvahud-ja-teipimine-tartu-16-04-2025\/#primaryimage"},"thumbnailUrl":"https:\/\/hutton.ee\/wp-content\/uploads\/2025\/03\/koolitused-4.png","datePublished":"2025-03-18T11:19:14+00:00","dateModified":"2025-07-15T13:22:15+00:00","description":"Ehituskoolitus: Penosil ehitusvahud ja teipimine - Koolitus annab vahtudega t\u00f6\u00f6tlemise ohutuskaardi, mis on vajalik alates 2023. augustist.","breadcrumb":{"@id":"https:\/\/hutton.ee\/toode\/ehitusvahud-ja-teipimine-tartu-16-04-2025\/#breadcrumb"},"inLanguage":"en-US","potentialAction":[{"@type":"ReadAction","target":["https:\/\/hutton.ee\/toode\/ehitusvahud-ja-teipimine-tartu-16-04-2025\/"]}]},{"@type":"ImageObject","inLanguage":"en-US","@id":"https:\/\/hutton.ee\/toode\/ehitusvahud-ja-teipimine-tartu-16-04-2025\/#primaryimage","url":"https:\/\/hutton.ee\/wp-content\/uploads\/2025\/03\/koolitused-4.png","contentUrl":"https:\/\/hutton.ee\/wp-content\/uploads\/2025\/03\/koolitused-4.png","width":500,"height":500,"caption":"Ehituskoolitus Penosil ehitusvahud ja teipimine"},{"@type":"BreadcrumbList","@id":"https:\/\/hutton.ee\/toode\/ehitusvahud-ja-teipimine-tartu-16-04-2025\/#breadcrumb","itemListElement":[{"@type":"ListItem","position":1,"name":"Avaleht","item":"https:\/\/hutton.ee\/"},{"@type":"ListItem","position":2,"name":"Shop","item":"https:\/\/hutton.ee\/en\/shop\/"},{"@type":"ListItem","position":3,"name":"Ehitusvahud ja teipimine, Tartu 16.04.2025"}]},{"@type":"WebSite","@id":"https:\/\/hutton.ee\/#website","url":"https:\/\/hutton.ee\/","name":"Hutton","description":"Ajas kestvad ehituslahendused","publisher":{"@id":"https:\/\/hutton.ee\/#organization"},"potentialAction":[{"@type":"SearchAction","target":{"@type":"EntryPoint","urlTemplate":"https:\/\/hutton.ee\/?s={search_term_string}"},"query-input":{"@type":"PropertyValueSpecification","valueRequired":true,"valueName":"search_term_string"}}],"inLanguage":"en-US"},{"@type":"Organization","@id":"https:\/\/hutton.ee\/#organization","name":"Hutton - KATUS | SEIN | FASSAAD","url":"https:\/\/hutton.ee\/","logo":{"@type":"ImageObject","inLanguage":"en-US","@id":"https:\/\/hutton.ee\/#\/schema\/logo\/image\/","url":"https:\/\/hutton.ee\/wp-content\/uploads\/2020\/07\/hutton-logo_uuendatud-01.png","contentUrl":"https:\/\/hutton.ee\/wp-content\/uploads\/2020\/07\/hutton-logo_uuendatud-01.png","width":1064,"height":455,"caption":"Hutton - KATUS | SEIN | FASSAAD"},"image":{"@id":"https:\/\/hutton.ee\/#\/schema\/logo\/image\/"},"sameAs":["https:\/\/www.facebook.com\/huttoneesti"]}]}},"_links":{"self":[{"href":"https:\/\/hutton.ee\/en\/wp-json\/wp\/v2\/product\/27523","targetHints":{"allow":["GET"]}}],"collection":[{"href":"https:\/\/hutton.ee\/en\/wp-json\/wp\/v2\/product"}],"about":[{"href":"https:\/\/hutton.ee\/en\/wp-json\/wp\/v2\/types\/product"}],"wp:featuredmedia":[{"embeddable":true,"href":"https:\/\/hutton.ee\/en\/wp-json\/wp\/v2\/media\/27265"}],"wp:attachment":[{"href":"https:\/\/hutton.ee\/en\/wp-json\/wp\/v2\/media?parent=27523"}],"wp:term":[{"taxonomy":"product_brand","embeddable":true,"href":"https:\/\/hutton.ee\/en\/wp-json\/wp\/v2\/product_brand?post=27523"},{"taxonomy":"product_cat","embeddable":true,"href":"https:\/\/hutton.ee\/en\/wp-json\/wp\/v2\/product_cat?post=27523"},{"taxonomy":"product_tag","embeddable":true,"href":"https:\/\/hutton.ee\/en\/wp-json\/wp\/v2\/product_tag?post=27523"},{"taxonomy":"filtrisusteem","embeddable":true,"href":"https:\/\/hutton.ee\/en\/wp-json\/wp\/v2\/filtrisusteem?post=27523"},{"taxonomy":"kvaliteediklass","embeddable":true,"href":"https:\/\/hutton.ee\/en\/wp-json\/wp\/v2\/kvaliteediklass?post=27523"}],"curies":[{"name":"wp","href":"https:\/\/api.w.org\/{rel}","templated":true}]}}