{"id":27615,"date":"2025-03-21T12:32:45","date_gmt":"2025-03-21T12:32:45","guid":{"rendered":"https:\/\/hutton.ee\/?post_type=product&#038;p=27615"},"modified":"2025-12-15T11:32:44","modified_gmt":"2025-12-15T11:32:44","slug":"aurutoke-mdm-verso-top-120-wk-120g","status":"publish","type":"product","link":"https:\/\/hutton.ee\/en\/toode\/aurutoke-mdm-verso-top-120-wk-120g\/","title":{"rendered":"Aurut\u00f5ke mdm Verso TOP 120 WK, 120g"},"content":{"rendered":"<p>Aurut\u00f5ke Verso TOP 120 75m2 on soodsaim C2 kvaliteediga keskmise tugevusega aurut\u00f5kke membraan.<\/p>\n<p><b>Kasutuskohad:<\/b><\/p>\n<ul>\n<li>sobib kasutamiseks eluruumide seina auru- ja \u00f5hut\u00f5kkena.<\/li>\n<li>sobib kasutamiseks auru- ja \u00f5hut\u00f5kkena nii seina kui katuslae tarindites (nii kald- kui ka horisontaaltarindite sisek\u00fcljel)<\/li>\n<li>sobib kasutamiseks koos igat liiki soojustusmaterjalidega.<\/li>\n<\/ul>\n<p><b>Selle toote erilised v\u00e4\u00e4rtused:<\/b><\/p>\n<ul>\n<li>soodne hind ja hea kvaliteet.<\/li>\n<\/ul>\n<p><b>Toote p\u00f5hiomadused:<\/b><\/p>\n<ul>\n<li>aurut\u00f5kke membraan st. takistab veeauru difusiooni teel liikumist<\/li>\n<li>\u00f5hutihe ehk takistab \u00f5hu ja koos \u00f5huga liikuva veeauru konvektiivset liikumist<\/li>\n<li>keskmise rebenemistugevusega<\/li>\n<li>v\u00e4rvus hall, \u00fclekatte t\u00e4histusjoon punane.<\/li>\n<\/ul>\n<p><b>Tooteversioonid<\/b>:<\/p>\n<ul>\n<li>k\u00e4esolev tooteversioon aurut\u00f5ke Verso TOP 75m2 on ilma teibi\/liimiribadeta, laius 1,5 m, pikkus 50 jm, rulli pindala 75 m2<\/li>\n<li>toote kaal kilepakendis ca\u00a0 11 kg\/rull.<\/li>\n<\/ul>\n<p><strong>Loe lisaks:<\/strong><\/p>\n<p><a href=\"https:\/\/hutton.ee\/aurutoke\/\">Mis on aurut\u00f5ke?<\/a><br \/>\n<a href=\"https:\/\/hutton.ee\/aurutoke-kuidas-valida-sobiv-lahendus\/\">Aurut\u00f5ke \u2013 kuidas valida sobiv lahendus?<\/a><br \/>\n<a href=\"https:\/\/hutton.ee\/enamlevinud-vead-aurutokke-paigaldamisel\/\">Enamlevinud vead aurut\u00f5kke paigaldamisel<\/a><strong><br \/>\n<\/strong><\/p>\n<p><strong>Vajadusel k\u00fcsi n\u00f5u:<br \/>\n<\/strong><\/p>\n<p><strong>Regina<\/strong> <a href=\"tel:5076742\">+372 507 6742<\/a> | <a href=\"mailto:regina@hutton.ee\">regina@hutton.ee<\/a><br \/>\n<strong>Neeme<\/strong> <a href=\"tel:5098168\">+372 509 8168<\/a> | <a href=\"mailto:neeme@hutton.ee\">neeme@hutton.ee<\/a><\/p>\n","protected":false},"excerpt":{"rendered":"<p><span style=\"text-decoration: underline;\"><span style=\"color: #ff0000; font-size: 12pt; text-decoration: underline;\"><strong><a style=\"color: #ff0000; text-decoration: underline;\" href=\"https:\/\/hutton.ee\/minu-konto\/\" target=\"_blank\" rel=\"noopener\">Registreeru p\u00fcsikliendiks<\/a><\/strong><\/span><\/span><\/p>\n<p>M\u00fc\u00fcme ka m\u00b2 p\u00f5hiselt!<\/p>\n<p><strong>Kui soovid v\u00e4iksemat kogust kui 1 rull, siis saada oma tellimus soovitud kogusega <\/strong><a style=\"color: #3771c1;\" href=\"mailto:tellimus@hutton.ee\">tellimus@hutton.ee<\/a><\/p>\n","protected":false},"featured_media":26577,"template":"","meta":{"_gspb_post_css":"","_uf_show_specific_survey":0,"_uf_disable_surveys":false},"product_brand":[],"product_cat":[945,946],"product_tag":[2904,1258],"filtrisusteem":[2398,2327,2408,2348,2349,2377,2326,2341,2396,2365,2404,2416,2370,2418,2378],"kvaliteediklass":[],"class_list":{"0":"post-27615","1":"product","2":"type-product","3":"status-publish","4":"has-post-thumbnail","6":"product_cat-aurutokked","7":"product_cat-aurutokke-membraanid","8":"product_tag-4tk_block","9":"product_tag-ei_pakiautomaat","10":"filtrisusteem-15m","11":"filtrisusteem-120gm","12":"filtrisusteem-2-10","13":"filtrisusteem-c1","14":"filtrisusteem-c2","15":"filtrisusteem-f","16":"filtrisusteem-kaal-gm","17":"filtrisusteem-kvaliteediklass","18":"filtrisusteem-laius-rullis","19":"filtrisusteem-rebenemistugevus-klass","20":"filtrisusteem-sd-m","21":"filtrisusteem-tugev-150-249-n","22":"filtrisusteem-tuletundlikkus","23":"filtrisusteem-valge","24":"filtrisusteem-varvus","26":"first","27":"instock","28":"taxable","29":"shipping-taxable","30":"purchasable","31":"product-type-simple"},"yoast_head":"<!-- This site is optimized with the Yoast SEO Premium plugin v21.3 (Yoast SEO v27.3) - https:\/\/yoast.com\/product\/yoast-seo-premium-wordpress\/ -->\n<title>Aurut\u00f5ke mdm Verso TOP 120 WK, 120g - Hutton<\/title>\n<meta name=\"description\" content=\"Aurut\u00f5ke Verso TOP 75m2 on kasutamiseks aurut\u00f5kkena ja \u00f5hut\u00f5kkena seina tarindites, alt toestatuna ka katuslae tarindites. Huttoni e-poes.\" \/>\n<meta name=\"robots\" content=\"index, follow, max-snippet:-1, max-image-preview:large, max-video-preview:-1\" \/>\n<link rel=\"canonical\" href=\"https:\/\/hutton.ee\/toode\/aurutoke-mdm-verso-top-120-wk-120g\/\" \/>\n<meta property=\"og:locale\" content=\"en_US\" \/>\n<meta property=\"og:type\" content=\"article\" \/>\n<meta property=\"og:title\" content=\"Aurut\u00f5ke mdm Verso TOP 120 WK, 120g - Hutton\" \/>\n<meta property=\"og:description\" content=\"Aurut\u00f5ke Verso TOP on hingav aurut\u00f5kke membraan. Kasutamiseks aurut\u00f5kkena ja \u00f5hut\u00f5kkena seina tarindites, alt toestatuna ka katuslae tarindites. Huttoni e-poes.\" \/>\n<meta property=\"og:url\" content=\"https:\/\/hutton.ee\/toode\/aurutoke-mdm-verso-top-120-wk-120g\/\" \/>\n<meta property=\"og:site_name\" content=\"Hutton\" \/>\n<meta property=\"article:publisher\" content=\"https:\/\/www.facebook.com\/huttoneesti\" \/>\n<meta property=\"article:modified_time\" content=\"2025-12-15T11:32:44+00:00\" \/>\n<meta property=\"og:image\" content=\"https:\/\/hutton.ee\/wp-content\/uploads\/2021\/12\/Aurutoke-mdm-Verso-TOP-140-WK.png\" \/>\n\t<meta property=\"og:image:width\" content=\"500\" \/>\n\t<meta property=\"og:image:height\" content=\"500\" \/>\n\t<meta property=\"og:image:type\" content=\"image\/png\" \/>\n<meta name=\"twitter:card\" content=\"summary_large_image\" \/>\n<meta name=\"twitter:title\" content=\"Aurut\u00f5ke mdm Verso TOP 120 WK, 120g - Hutton\" \/>\n<meta name=\"twitter:description\" content=\"Aurut\u00f5ke Verso TOP on hingav aurut\u00f5kke membraan. Kasutamiseks aurut\u00f5kkena ja \u00f5hut\u00f5kkena seina tarindites, alt toestatuna ka katuslae tarindites. Huttoni e-poes.\" \/>\n<meta name=\"twitter:label1\" content=\"Est. reading time\" \/>\n\t<meta name=\"twitter:data1\" content=\"1 minute\" \/>\n<script type=\"application\/ld+json\" class=\"yoast-schema-graph\">{\"@context\":\"https:\\\/\\\/schema.org\",\"@graph\":[{\"@type\":\"WebPage\",\"@id\":\"https:\\\/\\\/hutton.ee\\\/toode\\\/aurutoke-mdm-verso-top-120-wk-120g\\\/\",\"url\":\"https:\\\/\\\/hutton.ee\\\/toode\\\/aurutoke-mdm-verso-top-120-wk-120g\\\/\",\"name\":\"Aurut\u00f5ke mdm Verso TOP 120 WK, 120g - Hutton\",\"isPartOf\":{\"@id\":\"https:\\\/\\\/hutton.ee\\\/#website\"},\"primaryImageOfPage\":{\"@id\":\"https:\\\/\\\/hutton.ee\\\/toode\\\/aurutoke-mdm-verso-top-120-wk-120g\\\/#primaryimage\"},\"image\":{\"@id\":\"https:\\\/\\\/hutton.ee\\\/toode\\\/aurutoke-mdm-verso-top-120-wk-120g\\\/#primaryimage\"},\"thumbnailUrl\":\"https:\\\/\\\/hutton.ee\\\/wp-content\\\/uploads\\\/2021\\\/12\\\/Aurutoke-mdm-Verso-TOP-140-WK.png\",\"datePublished\":\"2025-03-21T12:32:45+00:00\",\"dateModified\":\"2025-12-15T11:32:44+00:00\",\"description\":\"Aurut\u00f5ke Verso TOP 75m2 on kasutamiseks aurut\u00f5kkena ja \u00f5hut\u00f5kkena seina tarindites, alt toestatuna ka katuslae tarindites. Huttoni e-poes.\",\"breadcrumb\":{\"@id\":\"https:\\\/\\\/hutton.ee\\\/toode\\\/aurutoke-mdm-verso-top-120-wk-120g\\\/#breadcrumb\"},\"inLanguage\":\"en-US\",\"potentialAction\":[{\"@type\":\"ReadAction\",\"target\":[\"https:\\\/\\\/hutton.ee\\\/toode\\\/aurutoke-mdm-verso-top-120-wk-120g\\\/\"]}]},{\"@type\":\"ImageObject\",\"inLanguage\":\"en-US\",\"@id\":\"https:\\\/\\\/hutton.ee\\\/toode\\\/aurutoke-mdm-verso-top-120-wk-120g\\\/#primaryimage\",\"url\":\"https:\\\/\\\/hutton.ee\\\/wp-content\\\/uploads\\\/2021\\\/12\\\/Aurutoke-mdm-Verso-TOP-140-WK.png\",\"contentUrl\":\"https:\\\/\\\/hutton.ee\\\/wp-content\\\/uploads\\\/2021\\\/12\\\/Aurutoke-mdm-Verso-TOP-140-WK.png\",\"width\":500,\"height\":500,\"caption\":\"Aurut\u00f5ke mdm Verso TOP 140 WK\"},{\"@type\":\"BreadcrumbList\",\"@id\":\"https:\\\/\\\/hutton.ee\\\/toode\\\/aurutoke-mdm-verso-top-120-wk-120g\\\/#breadcrumb\",\"itemListElement\":[{\"@type\":\"ListItem\",\"position\":1,\"name\":\"Avaleht\",\"item\":\"https:\\\/\\\/hutton.ee\\\/\"},{\"@type\":\"ListItem\",\"position\":2,\"name\":\"Shop\",\"item\":\"https:\\\/\\\/hutton.ee\\\/en\\\/shop\\\/\"},{\"@type\":\"ListItem\",\"position\":3,\"name\":\"Aurut\u00f5ke mdm Verso TOP 120 WK, 120g\"}]},{\"@type\":\"WebSite\",\"@id\":\"https:\\\/\\\/hutton.ee\\\/#website\",\"url\":\"https:\\\/\\\/hutton.ee\\\/\",\"name\":\"Hutton\",\"description\":\"Ajas kestvad ehituslahendused\",\"publisher\":{\"@id\":\"https:\\\/\\\/hutton.ee\\\/#organization\"},\"potentialAction\":[{\"@type\":\"SearchAction\",\"target\":{\"@type\":\"EntryPoint\",\"urlTemplate\":\"https:\\\/\\\/hutton.ee\\\/?s={search_term_string}\"},\"query-input\":{\"@type\":\"PropertyValueSpecification\",\"valueRequired\":true,\"valueName\":\"search_term_string\"}}],\"inLanguage\":\"en-US\"},{\"@type\":\"Organization\",\"@id\":\"https:\\\/\\\/hutton.ee\\\/#organization\",\"name\":\"Hutton - KATUS | SEIN | FASSAAD\",\"url\":\"https:\\\/\\\/hutton.ee\\\/\",\"logo\":{\"@type\":\"ImageObject\",\"inLanguage\":\"en-US\",\"@id\":\"https:\\\/\\\/hutton.ee\\\/#\\\/schema\\\/logo\\\/image\\\/\",\"url\":\"https:\\\/\\\/hutton.ee\\\/wp-content\\\/uploads\\\/2020\\\/07\\\/hutton-logo_uuendatud-01.png\",\"contentUrl\":\"https:\\\/\\\/hutton.ee\\\/wp-content\\\/uploads\\\/2020\\\/07\\\/hutton-logo_uuendatud-01.png\",\"width\":1064,\"height\":455,\"caption\":\"Hutton - KATUS | SEIN | FASSAAD\"},\"image\":{\"@id\":\"https:\\\/\\\/hutton.ee\\\/#\\\/schema\\\/logo\\\/image\\\/\"},\"sameAs\":[\"https:\\\/\\\/www.facebook.com\\\/huttoneesti\"]}]}<\/script>\n<!-- \/ Yoast SEO Premium plugin. -->","yoast_head_json":{"title":"Aurut\u00f5ke mdm Verso TOP 120 WK, 120g - Hutton","description":"Aurut\u00f5ke Verso TOP 75m2 on kasutamiseks aurut\u00f5kkena ja \u00f5hut\u00f5kkena seina tarindites, alt toestatuna ka katuslae tarindites. Huttoni e-poes.","robots":{"index":"index","follow":"follow","max-snippet":"max-snippet:-1","max-image-preview":"max-image-preview:large","max-video-preview":"max-video-preview:-1"},"canonical":"https:\/\/hutton.ee\/toode\/aurutoke-mdm-verso-top-120-wk-120g\/","og_locale":"en_US","og_type":"article","og_title":"Aurut\u00f5ke mdm Verso TOP 120 WK, 120g - Hutton","og_description":"Aurut\u00f5ke Verso TOP on hingav aurut\u00f5kke membraan. Kasutamiseks aurut\u00f5kkena ja \u00f5hut\u00f5kkena seina tarindites, alt toestatuna ka katuslae tarindites. Huttoni e-poes.","og_url":"https:\/\/hutton.ee\/toode\/aurutoke-mdm-verso-top-120-wk-120g\/","og_site_name":"Hutton","article_publisher":"https:\/\/www.facebook.com\/huttoneesti","article_modified_time":"2025-12-15T11:32:44+00:00","og_image":[{"width":500,"height":500,"url":"https:\/\/hutton.ee\/wp-content\/uploads\/2021\/12\/Aurutoke-mdm-Verso-TOP-140-WK.png","type":"image\/png"}],"twitter_card":"summary_large_image","twitter_title":"Aurut\u00f5ke mdm Verso TOP 120 WK, 120g - Hutton","twitter_description":"Aurut\u00f5ke Verso TOP on hingav aurut\u00f5kke membraan. Kasutamiseks aurut\u00f5kkena ja \u00f5hut\u00f5kkena seina tarindites, alt toestatuna ka katuslae tarindites. Huttoni e-poes.","twitter_misc":{"Est. reading time":"1 minute"},"schema":{"@context":"https:\/\/schema.org","@graph":[{"@type":"WebPage","@id":"https:\/\/hutton.ee\/toode\/aurutoke-mdm-verso-top-120-wk-120g\/","url":"https:\/\/hutton.ee\/toode\/aurutoke-mdm-verso-top-120-wk-120g\/","name":"Aurut\u00f5ke mdm Verso TOP 120 WK, 120g - Hutton","isPartOf":{"@id":"https:\/\/hutton.ee\/#website"},"primaryImageOfPage":{"@id":"https:\/\/hutton.ee\/toode\/aurutoke-mdm-verso-top-120-wk-120g\/#primaryimage"},"image":{"@id":"https:\/\/hutton.ee\/toode\/aurutoke-mdm-verso-top-120-wk-120g\/#primaryimage"},"thumbnailUrl":"https:\/\/hutton.ee\/wp-content\/uploads\/2021\/12\/Aurutoke-mdm-Verso-TOP-140-WK.png","datePublished":"2025-03-21T12:32:45+00:00","dateModified":"2025-12-15T11:32:44+00:00","description":"Aurut\u00f5ke Verso TOP 75m2 on kasutamiseks aurut\u00f5kkena ja \u00f5hut\u00f5kkena seina tarindites, alt toestatuna ka katuslae tarindites. Huttoni e-poes.","breadcrumb":{"@id":"https:\/\/hutton.ee\/toode\/aurutoke-mdm-verso-top-120-wk-120g\/#breadcrumb"},"inLanguage":"en-US","potentialAction":[{"@type":"ReadAction","target":["https:\/\/hutton.ee\/toode\/aurutoke-mdm-verso-top-120-wk-120g\/"]}]},{"@type":"ImageObject","inLanguage":"en-US","@id":"https:\/\/hutton.ee\/toode\/aurutoke-mdm-verso-top-120-wk-120g\/#primaryimage","url":"https:\/\/hutton.ee\/wp-content\/uploads\/2021\/12\/Aurutoke-mdm-Verso-TOP-140-WK.png","contentUrl":"https:\/\/hutton.ee\/wp-content\/uploads\/2021\/12\/Aurutoke-mdm-Verso-TOP-140-WK.png","width":500,"height":500,"caption":"Aurut\u00f5ke mdm Verso TOP 140 WK"},{"@type":"BreadcrumbList","@id":"https:\/\/hutton.ee\/toode\/aurutoke-mdm-verso-top-120-wk-120g\/#breadcrumb","itemListElement":[{"@type":"ListItem","position":1,"name":"Avaleht","item":"https:\/\/hutton.ee\/"},{"@type":"ListItem","position":2,"name":"Shop","item":"https:\/\/hutton.ee\/en\/shop\/"},{"@type":"ListItem","position":3,"name":"Aurut\u00f5ke mdm Verso TOP 120 WK, 120g"}]},{"@type":"WebSite","@id":"https:\/\/hutton.ee\/#website","url":"https:\/\/hutton.ee\/","name":"Hutton","description":"Ajas kestvad ehituslahendused","publisher":{"@id":"https:\/\/hutton.ee\/#organization"},"potentialAction":[{"@type":"SearchAction","target":{"@type":"EntryPoint","urlTemplate":"https:\/\/hutton.ee\/?s={search_term_string}"},"query-input":{"@type":"PropertyValueSpecification","valueRequired":true,"valueName":"search_term_string"}}],"inLanguage":"en-US"},{"@type":"Organization","@id":"https:\/\/hutton.ee\/#organization","name":"Hutton - KATUS | SEIN | FASSAAD","url":"https:\/\/hutton.ee\/","logo":{"@type":"ImageObject","inLanguage":"en-US","@id":"https:\/\/hutton.ee\/#\/schema\/logo\/image\/","url":"https:\/\/hutton.ee\/wp-content\/uploads\/2020\/07\/hutton-logo_uuendatud-01.png","contentUrl":"https:\/\/hutton.ee\/wp-content\/uploads\/2020\/07\/hutton-logo_uuendatud-01.png","width":1064,"height":455,"caption":"Hutton - KATUS | SEIN | FASSAAD"},"image":{"@id":"https:\/\/hutton.ee\/#\/schema\/logo\/image\/"},"sameAs":["https:\/\/www.facebook.com\/huttoneesti"]}]}},"_links":{"self":[{"href":"https:\/\/hutton.ee\/en\/wp-json\/wp\/v2\/product\/27615","targetHints":{"allow":["GET"]}}],"collection":[{"href":"https:\/\/hutton.ee\/en\/wp-json\/wp\/v2\/product"}],"about":[{"href":"https:\/\/hutton.ee\/en\/wp-json\/wp\/v2\/types\/product"}],"wp:featuredmedia":[{"embeddable":true,"href":"https:\/\/hutton.ee\/en\/wp-json\/wp\/v2\/media\/26577"}],"wp:attachment":[{"href":"https:\/\/hutton.ee\/en\/wp-json\/wp\/v2\/media?parent=27615"}],"wp:term":[{"taxonomy":"product_brand","embeddable":true,"href":"https:\/\/hutton.ee\/en\/wp-json\/wp\/v2\/product_brand?post=27615"},{"taxonomy":"product_cat","embeddable":true,"href":"https:\/\/hutton.ee\/en\/wp-json\/wp\/v2\/product_cat?post=27615"},{"taxonomy":"product_tag","embeddable":true,"href":"https:\/\/hutton.ee\/en\/wp-json\/wp\/v2\/product_tag?post=27615"},{"taxonomy":"filtrisusteem","embeddable":true,"href":"https:\/\/hutton.ee\/en\/wp-json\/wp\/v2\/filtrisusteem?post=27615"},{"taxonomy":"kvaliteediklass","embeddable":true,"href":"https:\/\/hutton.ee\/en\/wp-json\/wp\/v2\/kvaliteediklass?post=27615"}],"curies":[{"name":"wp","href":"https:\/\/api.w.org\/{rel}","templated":true}]}}