{"id":28054,"date":"2025-04-30T08:36:42","date_gmt":"2025-04-30T08:36:42","guid":{"rendered":"https:\/\/hutton.ee\/?post_type=product&#038;p=28054"},"modified":"2025-07-25T08:47:50","modified_gmt":"2025-07-25T08:47:50","slug":"postiankur-fast-2k","status":"publish","type":"product","link":"https:\/\/hutton.ee\/en\/toode\/postiankur-fast-2k\/","title":{"rendered":"Postiankur Fast 2K"},"content":{"rendered":"<p class=\"\" data-start=\"130\" data-end=\"455\">Fast 2K on uuenduslik ja kiirelt kivistuv postit\u00e4ide, mis sobib suurep\u00e4raselt aiapostide, postkastide, dekoratiivvalgustite, spordipostide ja paljude muude mittekoormust kandvate postide paigaldamiseks. See kergekaaluline toode valatakse vedelal kujul auku, kus see paisub ja t\u00e4idab kindlalt t\u00fchimiku posti ja pinnase vahel.<\/p>\n<p class=\"\" data-start=\"457\" data-end=\"687\">\u00dcks kott (u 1,13 kg)\u00a0 asendab kuni 45 kg betooni ning sobib 4&#215;4 posti paigaldamiseks 20 cm laiusesse ja 90 cm s\u00fcgavusse auku. Ideaalne lahendus neile, kes soovivad s\u00e4\u00e4sta aega, vaeva.<\/p>\n<p class=\"\" data-start=\"689\" data-end=\"707\"><strong data-start=\"689\" data-end=\"707\">Toote eelised:<\/strong><\/p>\n<ul data-start=\"708\" data-end=\"1076\">\n<li class=\"\" data-start=\"708\" data-end=\"811\">\n<p class=\"\" data-start=\"710\" data-end=\"811\">\u00c4\u00e4rmiselt kiire: segamisaeg vaid 30 sekundit, kivistub 5 minutiga, ehitamiseks valmis 30 minutiga<\/p>\n<\/li>\n<li class=\"\" data-start=\"812\" data-end=\"870\">\n<p class=\"\" data-start=\"814\" data-end=\"870\">Mugav kasutada: ei vaja vett, t\u00f6\u00f6riistu ega segamist<\/p>\n<\/li>\n<li class=\"\" data-start=\"871\" data-end=\"938\">\n<p class=\"\" data-start=\"873\" data-end=\"938\">Universaalne: sobib puit-, metall-, vin\u00fc\u00fcl- ja plastpostidele<\/p>\n<\/li>\n<li class=\"\" data-start=\"939\" data-end=\"1017\">\n<p class=\"\" data-start=\"941\" data-end=\"1017\">Ilmastikukindel: veekindel p\u00e4rast kivistumist, toimib ka miinuskraadides<\/p>\n<\/li>\n<li class=\"\" data-start=\"1018\" data-end=\"1076\">\n<p class=\"\" data-start=\"1020\" data-end=\"1076\">Kerge ja kompaktne: lihtne transportida ja hoiustada<\/p>\n<\/li>\n<\/ul>\n<p class=\"\" data-start=\"1078\" data-end=\"1145\"><strong data-start=\"1078\" data-end=\"1145\">Kasutamiseks ainult mittekoormust kandvates konstruktsioonides.<\/strong><\/p>\n<p data-start=\"1078\" data-end=\"1145\"><strong>Postiankur Fast 2K kasutamise video &#8211; <a href=\"https:\/\/www.youtube.com\/watch?v=eSV41XysgKU\">LINK<\/a><\/strong><\/p>\n<p><strong>Vajadusel k\u00fcsi n\u00f5u:<\/strong><\/p>\n<p><strong>Neeme<\/strong> <a href=\"tel:5098168\">+372 509 8168<\/a> | <a href=\"mailto:neeme@hutton.ee\">neeme@hutton.ee<\/a><\/p>\n","protected":false},"excerpt":{"rendered":"<p data-start=\"49\" data-end=\"93\"><strong><a href=\"https:\/\/hutton.ee\/minu-konto\/\"><span style=\"color: #ff0000;\">Registreeru p\u00fcsikliendiks!<\/span><\/a><\/strong><\/p>\n<p class=\"\" data-start=\"49\" data-end=\"93\"><strong data-start=\"49\" data-end=\"93\">Postiankur Fast 2K\u2013 kiire ja t\u00f5hus alternatiiv betoonile, mille abil saad paigalda postid paari minutiga.<\/strong><\/p>\n<p data-start=\"49\" data-end=\"93\">See on uuenduslik ja kiirelt kivistuv postit\u00e4ide, mis sobib suurep\u00e4raselt aiapostide, postkastide, dekoratiivvalgustite, spordipostide ja paljude muude mittekoormust kandvate postide paigaldamiseks. See kergekaaluline toode valatakse vedelal kujul auku, kus see paisub ja t\u00e4idab kindlalt t\u00fchimiku posti ja pinnase vahel.<\/p>\n<p class=\"\" data-start=\"95\" data-end=\"244\">\n","protected":false},"featured_media":28055,"template":"","meta":{"_gspb_post_css":"","_uf_show_specific_survey":0,"_uf_disable_surveys":false},"product_brand":[],"product_cat":[964],"product_tag":[],"filtrisusteem":[],"kvaliteediklass":[],"class_list":{"0":"post-28054","1":"product","2":"type-product","3":"status-publish","4":"has-post-thumbnail","6":"product_cat-ehituskeemia","8":"first","9":"instock","10":"taxable","11":"shipping-taxable","12":"purchasable","13":"product-type-simple"},"yoast_head":"<!-- This site is optimized with the Yoast SEO Premium plugin v21.3 (Yoast SEO v27.3) - https:\/\/yoast.com\/product\/yoast-seo-premium-wordpress\/ -->\n<title>Postiankur Fast 2K - Hutton<\/title>\n<meta name=\"robots\" content=\"index, follow, max-snippet:-1, max-image-preview:large, max-video-preview:-1\" \/>\n<link rel=\"canonical\" href=\"https:\/\/hutton.ee\/toode\/postiankur-fast-2k\/\" \/>\n<meta property=\"og:locale\" content=\"en_US\" \/>\n<meta property=\"og:type\" content=\"article\" \/>\n<meta property=\"og:title\" content=\"Postiankur Fast 2K\" \/>\n<meta property=\"og:description\" content=\"Registreeru p\u00fcsikliendiks! Postiankur Fast 2K\u2013 kiire ja t\u00f5hus alternatiiv betoonile, mille abil saad paigalda postid paari minutiga. See on uuenduslik ja kiirelt kivistuv postit\u00e4ide, mis sobib suurep\u00e4raselt aiapostide, postkastide, dekoratiivvalgustite, spordipostide ja paljude muude mittekoormust kandvate postide paigaldamiseks. See kergekaaluline toode valatakse vedelal kujul auku, kus see paisub ja t\u00e4idab kindlalt t\u00fchimiku posti ja pinnase vahel.\" \/>\n<meta property=\"og:url\" content=\"https:\/\/hutton.ee\/toode\/postiankur-fast-2k\/\" \/>\n<meta property=\"og:site_name\" content=\"Hutton\" \/>\n<meta property=\"article:publisher\" content=\"https:\/\/www.facebook.com\/huttoneesti\" \/>\n<meta property=\"article:modified_time\" content=\"2025-07-25T08:47:50+00:00\" \/>\n<meta property=\"og:image\" content=\"https:\/\/hutton.ee\/wp-content\/uploads\/2025\/04\/postiankur.jpg\" \/>\n\t<meta property=\"og:image:width\" content=\"805\" \/>\n\t<meta property=\"og:image:height\" content=\"805\" \/>\n\t<meta property=\"og:image:type\" content=\"image\/jpeg\" \/>\n<meta name=\"twitter:card\" content=\"summary_large_image\" \/>\n<meta name=\"twitter:label1\" content=\"Est. reading time\" \/>\n\t<meta name=\"twitter:data1\" content=\"1 minute\" \/>\n<script type=\"application\/ld+json\" class=\"yoast-schema-graph\">{\"@context\":\"https:\\\/\\\/schema.org\",\"@graph\":[{\"@type\":\"WebPage\",\"@id\":\"https:\\\/\\\/hutton.ee\\\/toode\\\/postiankur-fast-2k\\\/\",\"url\":\"https:\\\/\\\/hutton.ee\\\/toode\\\/postiankur-fast-2k\\\/\",\"name\":\"Postiankur Fast 2K - Hutton\",\"isPartOf\":{\"@id\":\"https:\\\/\\\/hutton.ee\\\/#website\"},\"primaryImageOfPage\":{\"@id\":\"https:\\\/\\\/hutton.ee\\\/toode\\\/postiankur-fast-2k\\\/#primaryimage\"},\"image\":{\"@id\":\"https:\\\/\\\/hutton.ee\\\/toode\\\/postiankur-fast-2k\\\/#primaryimage\"},\"thumbnailUrl\":\"https:\\\/\\\/hutton.ee\\\/wp-content\\\/uploads\\\/2025\\\/04\\\/postiankur.jpg\",\"datePublished\":\"2025-04-30T08:36:42+00:00\",\"dateModified\":\"2025-07-25T08:47:50+00:00\",\"breadcrumb\":{\"@id\":\"https:\\\/\\\/hutton.ee\\\/toode\\\/postiankur-fast-2k\\\/#breadcrumb\"},\"inLanguage\":\"en-US\",\"potentialAction\":[{\"@type\":\"ReadAction\",\"target\":[\"https:\\\/\\\/hutton.ee\\\/toode\\\/postiankur-fast-2k\\\/\"]}]},{\"@type\":\"ImageObject\",\"inLanguage\":\"en-US\",\"@id\":\"https:\\\/\\\/hutton.ee\\\/toode\\\/postiankur-fast-2k\\\/#primaryimage\",\"url\":\"https:\\\/\\\/hutton.ee\\\/wp-content\\\/uploads\\\/2025\\\/04\\\/postiankur.jpg\",\"contentUrl\":\"https:\\\/\\\/hutton.ee\\\/wp-content\\\/uploads\\\/2025\\\/04\\\/postiankur.jpg\",\"width\":805,\"height\":805,\"caption\":\"Postiankur Fast 2K\"},{\"@type\":\"BreadcrumbList\",\"@id\":\"https:\\\/\\\/hutton.ee\\\/toode\\\/postiankur-fast-2k\\\/#breadcrumb\",\"itemListElement\":[{\"@type\":\"ListItem\",\"position\":1,\"name\":\"Avaleht\",\"item\":\"https:\\\/\\\/hutton.ee\\\/\"},{\"@type\":\"ListItem\",\"position\":2,\"name\":\"Shop\",\"item\":\"https:\\\/\\\/hutton.ee\\\/en\\\/shop\\\/\"},{\"@type\":\"ListItem\",\"position\":3,\"name\":\"Postiankur Fast 2K\"}]},{\"@type\":\"WebSite\",\"@id\":\"https:\\\/\\\/hutton.ee\\\/#website\",\"url\":\"https:\\\/\\\/hutton.ee\\\/\",\"name\":\"Hutton\",\"description\":\"Ajas kestvad ehituslahendused\",\"publisher\":{\"@id\":\"https:\\\/\\\/hutton.ee\\\/#organization\"},\"potentialAction\":[{\"@type\":\"SearchAction\",\"target\":{\"@type\":\"EntryPoint\",\"urlTemplate\":\"https:\\\/\\\/hutton.ee\\\/?s={search_term_string}\"},\"query-input\":{\"@type\":\"PropertyValueSpecification\",\"valueRequired\":true,\"valueName\":\"search_term_string\"}}],\"inLanguage\":\"en-US\"},{\"@type\":\"Organization\",\"@id\":\"https:\\\/\\\/hutton.ee\\\/#organization\",\"name\":\"Hutton - KATUS | SEIN | FASSAAD\",\"url\":\"https:\\\/\\\/hutton.ee\\\/\",\"logo\":{\"@type\":\"ImageObject\",\"inLanguage\":\"en-US\",\"@id\":\"https:\\\/\\\/hutton.ee\\\/#\\\/schema\\\/logo\\\/image\\\/\",\"url\":\"https:\\\/\\\/hutton.ee\\\/wp-content\\\/uploads\\\/2020\\\/07\\\/hutton-logo_uuendatud-01.png\",\"contentUrl\":\"https:\\\/\\\/hutton.ee\\\/wp-content\\\/uploads\\\/2020\\\/07\\\/hutton-logo_uuendatud-01.png\",\"width\":1064,\"height\":455,\"caption\":\"Hutton - KATUS | SEIN | FASSAAD\"},\"image\":{\"@id\":\"https:\\\/\\\/hutton.ee\\\/#\\\/schema\\\/logo\\\/image\\\/\"},\"sameAs\":[\"https:\\\/\\\/www.facebook.com\\\/huttoneesti\"]}]}<\/script>\n<!-- \/ Yoast SEO Premium plugin. -->","yoast_head_json":{"title":"Postiankur Fast 2K - Hutton","robots":{"index":"index","follow":"follow","max-snippet":"max-snippet:-1","max-image-preview":"max-image-preview:large","max-video-preview":"max-video-preview:-1"},"canonical":"https:\/\/hutton.ee\/toode\/postiankur-fast-2k\/","og_locale":"en_US","og_type":"article","og_title":"Postiankur Fast 2K","og_description":"Registreeru p\u00fcsikliendiks! Postiankur Fast 2K\u2013 kiire ja t\u00f5hus alternatiiv betoonile, mille abil saad paigalda postid paari minutiga. See on uuenduslik ja kiirelt kivistuv postit\u00e4ide, mis sobib suurep\u00e4raselt aiapostide, postkastide, dekoratiivvalgustite, spordipostide ja paljude muude mittekoormust kandvate postide paigaldamiseks. See kergekaaluline toode valatakse vedelal kujul auku, kus see paisub ja t\u00e4idab kindlalt t\u00fchimiku posti ja pinnase vahel.","og_url":"https:\/\/hutton.ee\/toode\/postiankur-fast-2k\/","og_site_name":"Hutton","article_publisher":"https:\/\/www.facebook.com\/huttoneesti","article_modified_time":"2025-07-25T08:47:50+00:00","og_image":[{"width":805,"height":805,"url":"https:\/\/hutton.ee\/wp-content\/uploads\/2025\/04\/postiankur.jpg","type":"image\/jpeg"}],"twitter_card":"summary_large_image","twitter_misc":{"Est. reading time":"1 minute"},"schema":{"@context":"https:\/\/schema.org","@graph":[{"@type":"WebPage","@id":"https:\/\/hutton.ee\/toode\/postiankur-fast-2k\/","url":"https:\/\/hutton.ee\/toode\/postiankur-fast-2k\/","name":"Postiankur Fast 2K - Hutton","isPartOf":{"@id":"https:\/\/hutton.ee\/#website"},"primaryImageOfPage":{"@id":"https:\/\/hutton.ee\/toode\/postiankur-fast-2k\/#primaryimage"},"image":{"@id":"https:\/\/hutton.ee\/toode\/postiankur-fast-2k\/#primaryimage"},"thumbnailUrl":"https:\/\/hutton.ee\/wp-content\/uploads\/2025\/04\/postiankur.jpg","datePublished":"2025-04-30T08:36:42+00:00","dateModified":"2025-07-25T08:47:50+00:00","breadcrumb":{"@id":"https:\/\/hutton.ee\/toode\/postiankur-fast-2k\/#breadcrumb"},"inLanguage":"en-US","potentialAction":[{"@type":"ReadAction","target":["https:\/\/hutton.ee\/toode\/postiankur-fast-2k\/"]}]},{"@type":"ImageObject","inLanguage":"en-US","@id":"https:\/\/hutton.ee\/toode\/postiankur-fast-2k\/#primaryimage","url":"https:\/\/hutton.ee\/wp-content\/uploads\/2025\/04\/postiankur.jpg","contentUrl":"https:\/\/hutton.ee\/wp-content\/uploads\/2025\/04\/postiankur.jpg","width":805,"height":805,"caption":"Postiankur Fast 2K"},{"@type":"BreadcrumbList","@id":"https:\/\/hutton.ee\/toode\/postiankur-fast-2k\/#breadcrumb","itemListElement":[{"@type":"ListItem","position":1,"name":"Avaleht","item":"https:\/\/hutton.ee\/"},{"@type":"ListItem","position":2,"name":"Shop","item":"https:\/\/hutton.ee\/en\/shop\/"},{"@type":"ListItem","position":3,"name":"Postiankur Fast 2K"}]},{"@type":"WebSite","@id":"https:\/\/hutton.ee\/#website","url":"https:\/\/hutton.ee\/","name":"Hutton","description":"Ajas kestvad ehituslahendused","publisher":{"@id":"https:\/\/hutton.ee\/#organization"},"potentialAction":[{"@type":"SearchAction","target":{"@type":"EntryPoint","urlTemplate":"https:\/\/hutton.ee\/?s={search_term_string}"},"query-input":{"@type":"PropertyValueSpecification","valueRequired":true,"valueName":"search_term_string"}}],"inLanguage":"en-US"},{"@type":"Organization","@id":"https:\/\/hutton.ee\/#organization","name":"Hutton - KATUS | SEIN | FASSAAD","url":"https:\/\/hutton.ee\/","logo":{"@type":"ImageObject","inLanguage":"en-US","@id":"https:\/\/hutton.ee\/#\/schema\/logo\/image\/","url":"https:\/\/hutton.ee\/wp-content\/uploads\/2020\/07\/hutton-logo_uuendatud-01.png","contentUrl":"https:\/\/hutton.ee\/wp-content\/uploads\/2020\/07\/hutton-logo_uuendatud-01.png","width":1064,"height":455,"caption":"Hutton - KATUS | SEIN | FASSAAD"},"image":{"@id":"https:\/\/hutton.ee\/#\/schema\/logo\/image\/"},"sameAs":["https:\/\/www.facebook.com\/huttoneesti"]}]}},"_links":{"self":[{"href":"https:\/\/hutton.ee\/en\/wp-json\/wp\/v2\/product\/28054","targetHints":{"allow":["GET"]}}],"collection":[{"href":"https:\/\/hutton.ee\/en\/wp-json\/wp\/v2\/product"}],"about":[{"href":"https:\/\/hutton.ee\/en\/wp-json\/wp\/v2\/types\/product"}],"wp:featuredmedia":[{"embeddable":true,"href":"https:\/\/hutton.ee\/en\/wp-json\/wp\/v2\/media\/28055"}],"wp:attachment":[{"href":"https:\/\/hutton.ee\/en\/wp-json\/wp\/v2\/media?parent=28054"}],"wp:term":[{"taxonomy":"product_brand","embeddable":true,"href":"https:\/\/hutton.ee\/en\/wp-json\/wp\/v2\/product_brand?post=28054"},{"taxonomy":"product_cat","embeddable":true,"href":"https:\/\/hutton.ee\/en\/wp-json\/wp\/v2\/product_cat?post=28054"},{"taxonomy":"product_tag","embeddable":true,"href":"https:\/\/hutton.ee\/en\/wp-json\/wp\/v2\/product_tag?post=28054"},{"taxonomy":"filtrisusteem","embeddable":true,"href":"https:\/\/hutton.ee\/en\/wp-json\/wp\/v2\/filtrisusteem?post=28054"},{"taxonomy":"kvaliteediklass","embeddable":true,"href":"https:\/\/hutton.ee\/en\/wp-json\/wp\/v2\/kvaliteediklass?post=28054"}],"curies":[{"name":"wp","href":"https:\/\/api.w.org\/{rel}","templated":true}]}}