{"id":28072,"date":"2025-04-30T08:55:07","date_gmt":"2025-04-30T08:55:07","guid":{"rendered":"https:\/\/hutton.ee\/?post_type=product&#038;p=28072"},"modified":"2025-12-12T08:25:05","modified_gmt":"2025-12-12T08:25:05","slug":"arhitekti-materjaliteadlikkuse-meistriklass-tallinn-21-05-25-veebis","status":"publish","type":"product","link":"https:\/\/hutton.ee\/en\/toode\/arhitekti-materjaliteadlikkuse-meistriklass-tallinn-21-05-25-veebis\/","title":{"rendered":"Arhitekti materjaliteadlikkuse meistriklass, 1. P\u00e4ev &#8211; Tallinn 21.05.25, VEEBIS"},"content":{"rendered":"<p><strong>Ehituskoolitus: Arhitekti materjaliteadlikkuse meistriklass<\/strong><\/p>\n<p><strong>1. Ringmajandatavad soojustusmaterjalid<\/strong><\/p>\n<ul>\n<li>Soojust isoleerivad materjalid. K\u00fctmine ja jahutamine.<\/li>\n<li>Hoone, tarindi, materjali &#8211; eluea ootus vs regulatsioonid vs tegelikkus.<\/li>\n<li>Sisendenergia. CO2 jalaj\u00e4lg.<\/li>\n<li>Soojustusmaterjalide olulised tehnilised omadused.<\/li>\n<li>Soojusjuhtivustegur \u03bb-v\u00e4\u00e4rtus<\/li>\n<li>Auru l\u00e4bilaskvus \u03bc-v\u00e4\u00e4rtus<\/li>\n<li>Tihedus kg\/m\u00b3<\/li>\n<li>Sorptsiooniv\u00f5ime<\/li>\n<li>Faasinihe<\/li>\n<li>Tulep\u00fcsivus<\/li>\n<li>Olemasolevad soojustusmaterjalid Eestis ja maailmas ja nende ringmajandatavus:<\/li>\n<li>Mineraalsetest maavaradest valmistatud soojustused (<strong>k\u00e4rg- ja vahtklaas<\/strong> vs <strong>vermikuliit, paisutatud savigraanul, r\u00e4buvill<\/strong> vs\u00a0<strong><a href=\"https:\/\/hutton.ee\/tootekategooria\/soojustus\/kivivill-2\/\">kivivill<\/a>, <a href=\"https:\/\/hutton.ee\/tootekategooria\/soojustus\/klaasvill-soojustus\/\">klaasvill<\/a><\/strong>)<\/li>\n<li>Naftasaadustel p\u00f5hinevatest pol\u00fcmeeridest soojustused (<strong>PET, EPS, XPS,<\/strong> vs <strong>PIR<\/strong>, <strong>PUR, PU<\/strong>)<\/li>\n<li>Looduslikest ja orgaanilistest materjalidest soojustused (<strong><a href=\"https:\/\/hutton.ee\/tootekategooria\/soojustus\/tselluvill-soojustus\/\">tselluvill<\/a>, puuvill, <a href=\"https:\/\/hutton.ee\/tootekategooria\/soojustus\/puitkiudsoojustus\/\">puitkiud villatooted<\/a>, kanepikiud tooted, kookuskiud, termoliit, turvas, pilliroog, kork, lambavill, p\u00f5hk<\/strong>)<\/li>\n<li>K\u00f5rg- ja nanotehnoloogilised soojustused (<strong>biopol\u00fcmeerid, nanokatted, poorsed nanovahud, \u00a0\u00a0\u00a0\u00a0\u00a0 aerogeelid, vaakumpaneelid, tehnoloogilised vahud<\/strong>)<\/li>\n<li>Kuidas valida ja mida eelistada kui soojustamist vajab: vundament, p\u00f5rand, vahelagi, p\u00f6\u00f6ning v\u00f5i katuslagi. Mis omadused ja omaduste kombinatsioonid annavad hea ja kuluefektiivse tulemi.<\/li>\n<li>Eestis enamlevinud soojustusmaterjalide v\u00f5rdlus(tabel).<\/li>\n<li>Kui arhitekt vajab abi, soojustusmaterjali valimisel siis ..<\/li>\n<\/ul>\n<p><strong>2. Titaantsink | Vask | Alumiinium (ettekande sisu osakaal vastavalt 70% | 15% | 15%)<\/strong><\/p>\n<ul>\n<li>Vask. Alumiinium &#8211; mis materjalid need on<\/li>\n<li>Erinevate materjali v\u00f5rdlus (tabel): omadused, hind, v\u00e4rvus ja selle muutused ajas, sisendenergia, CO2 jalaj\u00e4lg elukaare jooksul, ajas kestvus, ringmajandatavus<\/li>\n<li>Kuidas v\u00f5rrelda erinevaid katuse ja fassaadikatte materjale<\/li>\n<li>Piirangud kasutamisel ja erinevate ehitusmaterjalide kokkusobivus.<\/li>\n<li>Mida nendest materjalidest ehitiste tarbeks teha saab. Katuse. Fassaad. Vihmavees\u00fcsteem. Ornamendid. Siseviimistluselemendid.<\/li>\n<li>Katuse kate:\n<ul>\n<li>P\u00fcstvalts (double lock standing seam), topeltvalts vs \u00fchekordne, nn lamav valts<\/li>\n<li>Sindel<\/li>\n<li>N\u00e4iteks 100m pikkused \u00fches t\u00fckis paanid<\/li>\n<\/ul>\n<\/li>\n<li>Fassaadi kate:\n<ul>\n<li>P\u00fcstvalts (double lock standing seam), topeltvalts vs \u00fchekordne, nn lamav valts<\/li>\n<li>Sindel, Adeka<\/li>\n<li>Kassett, Interlock panel<\/li>\n<li>Flat Lock<\/li>\n<\/ul>\n<\/li>\n<li>Vihmavee s\u00fcsteemid:\n<ul>\n<li>Tehaseline standard toode<\/li>\n<li>Tehaseline eritellimustoode<\/li>\n<li>Plekksepa t\u00f6\u00f6na valminud vihmavee spsteem<\/li>\n<\/ul>\n<\/li>\n<li>Paigaldamine + paigaldajate koolitamine + objektide j\u00e4relevalve ja ehitusaegne n\u00f5ustamine<\/li>\n<li>Titaantsink objektid Eestis ja maailmas<\/li>\n<li>Kui arhitekt vajab abi katuse- v\u00f5i fassaadikatte valimisel, siis&#8230;<\/li>\n<\/ul>\n<p><strong>3. <\/strong><strong>\u00d5hku pidavate hoonete ehitusmaterjalid<\/strong><\/p>\n<ul>\n<li>Miks k\u00f6etavad hooned peavad olema \u00f5hku pidavad?<\/li>\n<li>L\u00e4hte\u00fclesanne: v\u00e4ike \u00f5hulekke arv &#8211; kui kauaks?<\/li>\n<li>Konstruktsioonitarindid vs isolatsioonitarindid<\/li>\n<li>V\u00e4lispiirde tarindi sisek\u00fclje auru- ja \u00f5hupidavuse materjalid ja nende valimine arhitekti poolt.<\/li>\n<li>V\u00e4lispiirde tarindi v\u00e4lisk\u00fclje tuule- ja \u00f5hupidavuse materjalid ja nende valimine arhitekti poolt.<\/li>\n<li>\u00d5hku pidavate tarindikihtide tihendamine<\/li>\n<li>Akende ja uste paigaldus ja tihendamine<\/li>\n<li>Kui arhitekt vajab abi hoone v\u00e4lispiirde tarindi kihtide materjalide valimisel, siis&#8230;<\/li>\n<\/ul>\n<p><strong>Kellele on koolitus Arhitekti materjaliteadlikkuse meistriklass suunatud:<br \/>\n<\/strong>Arhitektidele,\u00a0 projekteerijatele ja k\u00f5igile neile, kellele antud teema huvi pakub.<\/p>\n<p><strong>Registreerimine:<br \/>\n<\/strong>Valige endale sobiv koolituse aeg ja koht <a href=\"https:\/\/hutton.ee\/koolitused\/\">https:\/\/hutton.ee\/koolitused\/<\/a> ning registreeruge e-poe kaudu. <strong>Kohtade arv on piiratud!<\/strong><\/p>\n<p><strong>Veebis osaledes 30eur +km (kohapeal osaledes on koolitus TASUTA)<\/strong>.<br \/>\n<strong>Kohapeal osalemise koolitus: <a href=\"https:\/\/hutton.ee\/toode\/arhitekti-materjaliteadlikkuse-meistriklass-tallinn-21-05-25-tasuta\/\">LINK<\/a><\/strong><\/p>\n<p>Osalejatele tunnistused!<\/p>\n<p class=\"moz-signature\">&#8212;<\/p>\n<p>Koolitaja:<br \/>\nMargus Laats<br \/>\n<a href=\"tel:5011324\">+372 50 11 324<\/a><br \/>\n<a href=\"mailto:margus.laats@hutton.ee\">margus.laats@hutton.ee<\/a><\/p>\n","protected":false},"excerpt":{"rendered":"<p>Ehituskoolitusel <strong data-start=\"17\" data-end=\"66\">\u201eArhitekti materjaliteadlikkuse meistriklass\u201c<\/strong> keskendume sellele, millised soojustusmaterjalid toetavad energiat\u00f5husate, vastupidavate ja v\u00e4ikese keskkonnam\u00f5juga hoonete kavandamist. Uurime, mis on titaantsink ning milliseid arhitektuurseid ja tehnilisi v\u00f5imalusi see pakub katuste ja fassaadide puhul. Samuti k\u00e4sitleme, kuidas tagada hoone \u00f5hupidavus kompromisse tegemata arhitektuurse kvaliteedi osas. Koolitus on suunatud arhitektidele, kes soovivad teha teadlikke, keskkonnas\u00e4\u00e4stlikke ja l\u00e4bim\u00f5eldud materjalivalikuid. R\u00e4\u00e4gime ringmajandatavatest ja k\u00f5rgtehnoloogilistest soojustusmaterjalidest, v\u00f5rdleme metallkatteid ning jagame praktilisi teadmisi \u00f5hupidavate hoonete projekteerimisest.<\/p>\n<p><strong>Koolitus toimub:<br \/>\n<\/strong>21. mai 2025<br \/>\nTeams keskkond<br \/>\nKell 09:00-16:00<\/p>\n<p><strong>Veebis osaledes 30eur +km (kohapeal osaledes on koolitus TASUTA)<\/strong>.<br \/>\n<strong>Kohapeal osalemise koolitus<\/strong>: <a href=\"https:\/\/hutton.ee\/toode\/arhitekti-materjaliteadlikkuse-meistriklass-tallinn-21-05-25-tasuta\/\"><strong>LINK<\/strong><\/a><\/p>\n<p>T\u00e4psema info koolituse kohta leiad allpool \u2b07\ufe0f<\/p>\n<p>&nbsp;<\/p>\n","protected":false},"featured_media":28075,"template":"","meta":{"_gspb_post_css":"","_uf_show_specific_survey":0,"_uf_disable_surveys":false},"product_brand":[],"product_cat":[938],"product_tag":[2876],"filtrisusteem":[],"kvaliteediklass":[],"class_list":{"0":"post-28072","1":"product","2":"type-product","3":"status-publish","4":"has-post-thumbnail","6":"product_cat-koolitused","7":"product_tag-ei_pusiklient","9":"first","10":"outofstock","11":"virtual","12":"taxable","13":"purchasable","14":"product-type-simple"},"yoast_head":"<!-- This site is optimized with the Yoast SEO Premium plugin v21.3 (Yoast SEO v27.5) - https:\/\/yoast.com\/product\/yoast-seo-premium-wordpress\/ -->\n<title>Arhitekti materjaliteadlikkuse meistriklass, 1. P\u00e4ev - Tallinn 21.05.25, VEEBIS - Hutton<\/title>\n<meta name=\"description\" content=\"Ehituskoolitus \u201eArhitekti materjaliteadlikkuse meistriklass\u201c keskendub soojustusmaterjalidele, metallkatetele ja hoonete lahendustele arhitektidele.\" \/>\n<meta name=\"robots\" content=\"index, follow, max-snippet:-1, max-image-preview:large, max-video-preview:-1\" \/>\n<link rel=\"canonical\" href=\"https:\/\/hutton.ee\/toode\/arhitekti-materjaliteadlikkuse-meistriklass-tallinn-21-05-25-veebis\/\" \/>\n<meta property=\"og:locale\" content=\"en_US\" \/>\n<meta property=\"og:type\" content=\"article\" \/>\n<meta property=\"og:title\" content=\"Arhitekti materjaliteadlikkuse meistriklass, 1. P\u00e4ev - Tallinn 21.05.25, VEEBIS - Hutton\" \/>\n<meta property=\"og:description\" content=\"Margus Laats koolitus: Energias\u00e4\u00e4stlik ehitamine. Ehitusf\u00fc\u00fcsika ja materjalitehnoloogiad. Ehitajatele, projekteerijatele, ehitusjuhtidele jt. Registreeri kohe &gt;\" \/>\n<meta property=\"og:url\" content=\"https:\/\/hutton.ee\/toode\/arhitekti-materjaliteadlikkuse-meistriklass-tallinn-21-05-25-veebis\/\" \/>\n<meta property=\"og:site_name\" content=\"Hutton\" \/>\n<meta property=\"article:publisher\" content=\"https:\/\/www.facebook.com\/huttoneesti\" \/>\n<meta property=\"article:modified_time\" content=\"2025-12-12T08:25:05+00:00\" \/>\n<meta property=\"og:image\" content=\"https:\/\/hutton.ee\/wp-content\/uploads\/2025\/04\/14.png\" \/>\n\t<meta property=\"og:image:width\" content=\"1080\" \/>\n\t<meta property=\"og:image:height\" content=\"1080\" \/>\n\t<meta property=\"og:image:type\" content=\"image\/png\" \/>\n<meta name=\"twitter:card\" content=\"summary_large_image\" \/>\n<meta name=\"twitter:title\" content=\"Arhitekti materjaliteadlikkuse meistriklass, 1. P\u00e4ev - Tallinn 21.05.25, VEEBIS - Hutton\" \/>\n<meta name=\"twitter:description\" content=\"Margus Laats koolitus: Energias\u00e4\u00e4stlik ehitamine. Ehitusf\u00fc\u00fcsika ja materjalitehnoloogiad. Ehitajatele, projekteerijatele, ehitusjuhtidele jt. Registreeri kohe &gt;\" \/>\n<meta name=\"twitter:label1\" content=\"Est. reading time\" \/>\n\t<meta name=\"twitter:data1\" content=\"3 minutes\" \/>\n<script type=\"application\/ld+json\" class=\"yoast-schema-graph\">{\"@context\":\"https:\\\/\\\/schema.org\",\"@graph\":[{\"@type\":\"WebPage\",\"@id\":\"https:\\\/\\\/hutton.ee\\\/toode\\\/arhitekti-materjaliteadlikkuse-meistriklass-tallinn-21-05-25-veebis\\\/\",\"url\":\"https:\\\/\\\/hutton.ee\\\/toode\\\/arhitekti-materjaliteadlikkuse-meistriklass-tallinn-21-05-25-veebis\\\/\",\"name\":\"Arhitekti materjaliteadlikkuse meistriklass, 1. P\u00e4ev - Tallinn 21.05.25, VEEBIS - Hutton\",\"isPartOf\":{\"@id\":\"https:\\\/\\\/hutton.ee\\\/#website\"},\"primaryImageOfPage\":{\"@id\":\"https:\\\/\\\/hutton.ee\\\/toode\\\/arhitekti-materjaliteadlikkuse-meistriklass-tallinn-21-05-25-veebis\\\/#primaryimage\"},\"image\":{\"@id\":\"https:\\\/\\\/hutton.ee\\\/toode\\\/arhitekti-materjaliteadlikkuse-meistriklass-tallinn-21-05-25-veebis\\\/#primaryimage\"},\"thumbnailUrl\":\"https:\\\/\\\/hutton.ee\\\/wp-content\\\/uploads\\\/2025\\\/04\\\/14.png\",\"datePublished\":\"2025-04-30T08:55:07+00:00\",\"dateModified\":\"2025-12-12T08:25:05+00:00\",\"description\":\"Ehituskoolitus \u201eArhitekti materjaliteadlikkuse meistriklass\u201c keskendub soojustusmaterjalidele, metallkatetele ja hoonete lahendustele arhitektidele.\",\"breadcrumb\":{\"@id\":\"https:\\\/\\\/hutton.ee\\\/toode\\\/arhitekti-materjaliteadlikkuse-meistriklass-tallinn-21-05-25-veebis\\\/#breadcrumb\"},\"inLanguage\":\"en-US\",\"potentialAction\":[{\"@type\":\"ReadAction\",\"target\":[\"https:\\\/\\\/hutton.ee\\\/toode\\\/arhitekti-materjaliteadlikkuse-meistriklass-tallinn-21-05-25-veebis\\\/\"]}]},{\"@type\":\"ImageObject\",\"inLanguage\":\"en-US\",\"@id\":\"https:\\\/\\\/hutton.ee\\\/toode\\\/arhitekti-materjaliteadlikkuse-meistriklass-tallinn-21-05-25-veebis\\\/#primaryimage\",\"url\":\"https:\\\/\\\/hutton.ee\\\/wp-content\\\/uploads\\\/2025\\\/04\\\/14.png\",\"contentUrl\":\"https:\\\/\\\/hutton.ee\\\/wp-content\\\/uploads\\\/2025\\\/04\\\/14.png\",\"width\":1080,\"height\":1080,\"caption\":\"Ehituskoolitus arhitekti materjaliteaduse meistriklass, veebis\"},{\"@type\":\"BreadcrumbList\",\"@id\":\"https:\\\/\\\/hutton.ee\\\/toode\\\/arhitekti-materjaliteadlikkuse-meistriklass-tallinn-21-05-25-veebis\\\/#breadcrumb\",\"itemListElement\":[{\"@type\":\"ListItem\",\"position\":1,\"name\":\"Avaleht\",\"item\":\"https:\\\/\\\/hutton.ee\\\/\"},{\"@type\":\"ListItem\",\"position\":2,\"name\":\"Shop\",\"item\":\"https:\\\/\\\/hutton.ee\\\/en\\\/shop\\\/\"},{\"@type\":\"ListItem\",\"position\":3,\"name\":\"Arhitekti materjaliteadlikkuse meistriklass, 1. P\u00e4ev &#8211; Tallinn 21.05.25, VEEBIS\"}]},{\"@type\":\"WebSite\",\"@id\":\"https:\\\/\\\/hutton.ee\\\/#website\",\"url\":\"https:\\\/\\\/hutton.ee\\\/\",\"name\":\"Hutton\",\"description\":\"Ajas kestvad ehituslahendused\",\"publisher\":{\"@id\":\"https:\\\/\\\/hutton.ee\\\/#organization\"},\"potentialAction\":[{\"@type\":\"SearchAction\",\"target\":{\"@type\":\"EntryPoint\",\"urlTemplate\":\"https:\\\/\\\/hutton.ee\\\/?s={search_term_string}\"},\"query-input\":{\"@type\":\"PropertyValueSpecification\",\"valueRequired\":true,\"valueName\":\"search_term_string\"}}],\"inLanguage\":\"en-US\"},{\"@type\":\"Organization\",\"@id\":\"https:\\\/\\\/hutton.ee\\\/#organization\",\"name\":\"Hutton - KATUS | SEIN | FASSAAD\",\"url\":\"https:\\\/\\\/hutton.ee\\\/\",\"logo\":{\"@type\":\"ImageObject\",\"inLanguage\":\"en-US\",\"@id\":\"https:\\\/\\\/hutton.ee\\\/#\\\/schema\\\/logo\\\/image\\\/\",\"url\":\"https:\\\/\\\/hutton.ee\\\/wp-content\\\/uploads\\\/2020\\\/07\\\/hutton-logo_uuendatud-01.png\",\"contentUrl\":\"https:\\\/\\\/hutton.ee\\\/wp-content\\\/uploads\\\/2020\\\/07\\\/hutton-logo_uuendatud-01.png\",\"width\":1064,\"height\":455,\"caption\":\"Hutton - KATUS | SEIN | FASSAAD\"},\"image\":{\"@id\":\"https:\\\/\\\/hutton.ee\\\/#\\\/schema\\\/logo\\\/image\\\/\"},\"sameAs\":[\"https:\\\/\\\/www.facebook.com\\\/huttoneesti\"]}]}<\/script>\n<!-- \/ Yoast SEO Premium plugin. -->","yoast_head_json":{"title":"Arhitekti materjaliteadlikkuse meistriklass, 1. P\u00e4ev - Tallinn 21.05.25, VEEBIS - Hutton","description":"Ehituskoolitus \u201eArhitekti materjaliteadlikkuse meistriklass\u201c keskendub soojustusmaterjalidele, metallkatetele ja hoonete lahendustele arhitektidele.","robots":{"index":"index","follow":"follow","max-snippet":"max-snippet:-1","max-image-preview":"max-image-preview:large","max-video-preview":"max-video-preview:-1"},"canonical":"https:\/\/hutton.ee\/toode\/arhitekti-materjaliteadlikkuse-meistriklass-tallinn-21-05-25-veebis\/","og_locale":"en_US","og_type":"article","og_title":"Arhitekti materjaliteadlikkuse meistriklass, 1. P\u00e4ev - Tallinn 21.05.25, VEEBIS - Hutton","og_description":"Margus Laats koolitus: Energias\u00e4\u00e4stlik ehitamine. Ehitusf\u00fc\u00fcsika ja materjalitehnoloogiad. Ehitajatele, projekteerijatele, ehitusjuhtidele jt. Registreeri kohe >","og_url":"https:\/\/hutton.ee\/toode\/arhitekti-materjaliteadlikkuse-meistriklass-tallinn-21-05-25-veebis\/","og_site_name":"Hutton","article_publisher":"https:\/\/www.facebook.com\/huttoneesti","article_modified_time":"2025-12-12T08:25:05+00:00","og_image":[{"width":1080,"height":1080,"url":"https:\/\/hutton.ee\/wp-content\/uploads\/2025\/04\/14.png","type":"image\/png"}],"twitter_card":"summary_large_image","twitter_title":"Arhitekti materjaliteadlikkuse meistriklass, 1. P\u00e4ev - Tallinn 21.05.25, VEEBIS - Hutton","twitter_description":"Margus Laats koolitus: Energias\u00e4\u00e4stlik ehitamine. Ehitusf\u00fc\u00fcsika ja materjalitehnoloogiad. Ehitajatele, projekteerijatele, ehitusjuhtidele jt. Registreeri kohe >","twitter_misc":{"Est. reading time":"3 minutes"},"schema":{"@context":"https:\/\/schema.org","@graph":[{"@type":"WebPage","@id":"https:\/\/hutton.ee\/toode\/arhitekti-materjaliteadlikkuse-meistriklass-tallinn-21-05-25-veebis\/","url":"https:\/\/hutton.ee\/toode\/arhitekti-materjaliteadlikkuse-meistriklass-tallinn-21-05-25-veebis\/","name":"Arhitekti materjaliteadlikkuse meistriklass, 1. P\u00e4ev - Tallinn 21.05.25, VEEBIS - Hutton","isPartOf":{"@id":"https:\/\/hutton.ee\/#website"},"primaryImageOfPage":{"@id":"https:\/\/hutton.ee\/toode\/arhitekti-materjaliteadlikkuse-meistriklass-tallinn-21-05-25-veebis\/#primaryimage"},"image":{"@id":"https:\/\/hutton.ee\/toode\/arhitekti-materjaliteadlikkuse-meistriklass-tallinn-21-05-25-veebis\/#primaryimage"},"thumbnailUrl":"https:\/\/hutton.ee\/wp-content\/uploads\/2025\/04\/14.png","datePublished":"2025-04-30T08:55:07+00:00","dateModified":"2025-12-12T08:25:05+00:00","description":"Ehituskoolitus \u201eArhitekti materjaliteadlikkuse meistriklass\u201c keskendub soojustusmaterjalidele, metallkatetele ja hoonete lahendustele arhitektidele.","breadcrumb":{"@id":"https:\/\/hutton.ee\/toode\/arhitekti-materjaliteadlikkuse-meistriklass-tallinn-21-05-25-veebis\/#breadcrumb"},"inLanguage":"en-US","potentialAction":[{"@type":"ReadAction","target":["https:\/\/hutton.ee\/toode\/arhitekti-materjaliteadlikkuse-meistriklass-tallinn-21-05-25-veebis\/"]}]},{"@type":"ImageObject","inLanguage":"en-US","@id":"https:\/\/hutton.ee\/toode\/arhitekti-materjaliteadlikkuse-meistriklass-tallinn-21-05-25-veebis\/#primaryimage","url":"https:\/\/hutton.ee\/wp-content\/uploads\/2025\/04\/14.png","contentUrl":"https:\/\/hutton.ee\/wp-content\/uploads\/2025\/04\/14.png","width":1080,"height":1080,"caption":"Ehituskoolitus arhitekti materjaliteaduse meistriklass, veebis"},{"@type":"BreadcrumbList","@id":"https:\/\/hutton.ee\/toode\/arhitekti-materjaliteadlikkuse-meistriklass-tallinn-21-05-25-veebis\/#breadcrumb","itemListElement":[{"@type":"ListItem","position":1,"name":"Avaleht","item":"https:\/\/hutton.ee\/"},{"@type":"ListItem","position":2,"name":"Shop","item":"https:\/\/hutton.ee\/en\/shop\/"},{"@type":"ListItem","position":3,"name":"Arhitekti materjaliteadlikkuse meistriklass, 1. P\u00e4ev &#8211; Tallinn 21.05.25, VEEBIS"}]},{"@type":"WebSite","@id":"https:\/\/hutton.ee\/#website","url":"https:\/\/hutton.ee\/","name":"Hutton","description":"Ajas kestvad ehituslahendused","publisher":{"@id":"https:\/\/hutton.ee\/#organization"},"potentialAction":[{"@type":"SearchAction","target":{"@type":"EntryPoint","urlTemplate":"https:\/\/hutton.ee\/?s={search_term_string}"},"query-input":{"@type":"PropertyValueSpecification","valueRequired":true,"valueName":"search_term_string"}}],"inLanguage":"en-US"},{"@type":"Organization","@id":"https:\/\/hutton.ee\/#organization","name":"Hutton - KATUS | SEIN | FASSAAD","url":"https:\/\/hutton.ee\/","logo":{"@type":"ImageObject","inLanguage":"en-US","@id":"https:\/\/hutton.ee\/#\/schema\/logo\/image\/","url":"https:\/\/hutton.ee\/wp-content\/uploads\/2020\/07\/hutton-logo_uuendatud-01.png","contentUrl":"https:\/\/hutton.ee\/wp-content\/uploads\/2020\/07\/hutton-logo_uuendatud-01.png","width":1064,"height":455,"caption":"Hutton - KATUS | SEIN | FASSAAD"},"image":{"@id":"https:\/\/hutton.ee\/#\/schema\/logo\/image\/"},"sameAs":["https:\/\/www.facebook.com\/huttoneesti"]}]}},"_links":{"self":[{"href":"https:\/\/hutton.ee\/en\/wp-json\/wp\/v2\/product\/28072","targetHints":{"allow":["GET"]}}],"collection":[{"href":"https:\/\/hutton.ee\/en\/wp-json\/wp\/v2\/product"}],"about":[{"href":"https:\/\/hutton.ee\/en\/wp-json\/wp\/v2\/types\/product"}],"wp:featuredmedia":[{"embeddable":true,"href":"https:\/\/hutton.ee\/en\/wp-json\/wp\/v2\/media\/28075"}],"wp:attachment":[{"href":"https:\/\/hutton.ee\/en\/wp-json\/wp\/v2\/media?parent=28072"}],"wp:term":[{"taxonomy":"product_brand","embeddable":true,"href":"https:\/\/hutton.ee\/en\/wp-json\/wp\/v2\/product_brand?post=28072"},{"taxonomy":"product_cat","embeddable":true,"href":"https:\/\/hutton.ee\/en\/wp-json\/wp\/v2\/product_cat?post=28072"},{"taxonomy":"product_tag","embeddable":true,"href":"https:\/\/hutton.ee\/en\/wp-json\/wp\/v2\/product_tag?post=28072"},{"taxonomy":"filtrisusteem","embeddable":true,"href":"https:\/\/hutton.ee\/en\/wp-json\/wp\/v2\/filtrisusteem?post=28072"},{"taxonomy":"kvaliteediklass","embeddable":true,"href":"https:\/\/hutton.ee\/en\/wp-json\/wp\/v2\/kvaliteediklass?post=28072"}],"curies":[{"name":"wp","href":"https:\/\/api.w.org\/{rel}","templated":true}]}}