{"id":28158,"date":"2025-05-14T10:28:57","date_gmt":"2025-05-14T10:28:57","guid":{"rendered":"https:\/\/hutton.ee\/?post_type=product&#038;p=28158"},"modified":"2025-05-30T08:57:30","modified_gmt":"2025-05-30T08:57:30","slug":"puistevill-puitkiud-nativo-15kg","status":"publish","type":"product","link":"https:\/\/hutton.ee\/en\/toode\/puistevill-puitkiud-nativo-15kg\/","title":{"rendered":"Puistevill puitkiud Nativo 15kg"},"content":{"rendered":"<p data-start=\"83\" data-end=\"293\">Hunton Nativo\u00ae p\u00f5hineb peamiselt looduslikul puidukiul. Tootmises kasutatavad kuusepuu hakkepuidud p\u00e4rinevad Norra PEFC-sertifikaadiga metsadest. Isolatsiooniplaate saab kasutada seintes, p\u00f5randates ja lagedes.<\/p>\n<p data-start=\"295\" data-end=\"347\"><strong data-start=\"295\" data-end=\"347\">Miks valida Nativo puidukiust puisteisolatsioon:<\/strong><\/p>\n<ul data-start=\"349\" data-end=\"618\">\n<li data-start=\"349\" data-end=\"472\">\n<p data-start=\"351\" data-end=\"472\">Puidukiust isolatsioon p\u00f5hineb looduslikul ja taastuvatel toorainetel, mis seovad s\u00fcsinikku kogu toote eluts\u00fckli v\u00e4ltel<\/p>\n<\/li>\n<li data-start=\"473\" data-end=\"512\">\n<p data-start=\"475\" data-end=\"512\">Puidukiul on h\u00fcgroskoopsed omadused<\/p>\n<\/li>\n<li data-start=\"513\" data-end=\"569\">\n<p data-start=\"515\" data-end=\"569\">Puidukiust isolatsioonil on hea soojussalvestusv\u00f5ime<\/p>\n<\/li>\n<li data-start=\"570\" data-end=\"618\">\n<p data-start=\"572\" data-end=\"618\">Isolatsioonil on head heli neelavad omadused<\/p>\n<\/li>\n<\/ul>\n<p data-start=\"625\" data-end=\"995\"><strong data-start=\"625\" data-end=\"665\">Seob s\u00fcsinikku kogu eluts\u00fckli v\u00e4ltel<\/strong><br data-start=\"665\" data-end=\"668\" \/>Kuusepuu hakkepuit on meie k\u00f5ige olulisem tooraine \u2013 looduslik ja taastuv tooraine, mis p\u00e4rineb PEFC-sertifikaadiga metsandusest. Puud seovad s\u00fcsinikku ning vanade metsade kasutamine koos uute metsade istutamisega aitab pikendada seda s\u00fcsiniku sidumise ts\u00fcklit. Puidukiust isolatsioon seob s\u00fcsinikku kogu oma eluts\u00fckli jooksul.<\/p>\n<p data-start=\"997\" data-end=\"1169\"><strong data-start=\"997\" data-end=\"1023\">H\u00fcgroskoopsed omadused<\/strong><br data-start=\"1023\" data-end=\"1026\" \/>Nativo puidukiust isolatsioonil on h\u00fcgroskoopsed omadused \u2013 see t\u00e4hendab, et see imab ja eraldab niiskust vastavalt \u00f5hu suhtelisele niiskusele.<\/p>\n<p data-start=\"1171\" data-end=\"1418\"><strong data-start=\"1171\" data-end=\"1200\">Struktuuriline stabiilsus<\/strong><br data-start=\"1200\" data-end=\"1203\" \/>Puidukiust isolatsioon on m\u00f5\u00f5tmetelt stabiilne ega vaju kokku. Suur tihedus v\u00e4ldib \u00f5hutaskute teket ja vajumist. Puidukiudude loomulik v\u00f5ime v\u00e4hendada \u00f5hu liikumist isolatsioonis tagab hea tihenduse akende \u00fcmbruses.<\/p>\n<p data-start=\"1420\" data-end=\"1554\"><strong data-start=\"1420\" data-end=\"1451\">Head heli neelavad omadused<\/strong><br data-start=\"1451\" data-end=\"1454\" \/>Isolatsiooniplaatidel on suur tihedus, mis t\u00e4hendab, et need neelavad ja summutavad heli v\u00e4ga h\u00e4sti.<\/p>\n<p data-start=\"1556\" data-end=\"1637\"><strong data-start=\"1556\" data-end=\"1574\">Lambda v\u00e4\u00e4rtus<\/strong><br data-start=\"1574\" data-end=\"1577\" \/>Nativo puidukiust isolatsiooni lambda v\u00e4\u00e4rtus on 0,038 W\/mK.<\/p>\n<p data-start=\"1639\" data-end=\"1778\" data-is-last-node=\"\" data-is-only-node=\"\"><strong data-start=\"1639\" data-end=\"1673\">Lisatud looduslik tuleaeglusti<\/strong><br data-start=\"1673\" data-end=\"1676\" \/>Nativo puidukiust isolatsioonile on lisatud looduslik tuleaeglusti ja see vastab Euroklass E n\u00f5uetele.<\/p>\n","protected":false},"excerpt":{"rendered":"<p>Hunton Nativo\u00ae p\u00f5hineb peamiselt looduslikul puidukiul. Tootmises kasutatavad kuusepuu hakkepuidud p\u00e4rinevad Norra PEFC-sertifikaadiga metsadest. Isolatsiooniplaate saab kasutada seintes, p\u00f5randates ja lagedes. Miks valida Nativo puidukiust puisteisolatsioon: Puidukiust isolatsioon p\u00f5hineb looduslikul ja taastuvatel toorainetel, mis seovad s\u00fcsinikku kogu toote eluts\u00fckli v\u00e4ltel Puidukiul on h\u00fcgroskoopsed omadused Puidukiust isolatsioonil on hea soojussalvestusv\u00f5ime Isolatsioonil on head heli neelavad omadused [&hellip;]<\/p>\n","protected":false},"featured_media":28394,"template":"","meta":{"_gspb_post_css":"","_uf_show_specific_survey":0,"_uf_disable_surveys":false},"product_brand":[],"product_cat":[973],"product_tag":[],"filtrisusteem":[],"kvaliteediklass":[],"class_list":{"0":"post-28158","1":"product","2":"type-product","3":"status-publish","4":"has-post-thumbnail","6":"product_cat-maaramata","8":"first","9":"instock","10":"taxable","11":"shipping-taxable","12":"purchasable","13":"product-type-simple"},"yoast_head":"<!-- This site is optimized with the Yoast SEO Premium plugin v21.3 (Yoast SEO v27.5) - https:\/\/yoast.com\/product\/yoast-seo-premium-wordpress\/ -->\n<title>Puistevill puitkiud Nativo 15kg - Hutton<\/title>\n<meta name=\"robots\" content=\"index, follow, max-snippet:-1, max-image-preview:large, max-video-preview:-1\" \/>\n<link rel=\"canonical\" href=\"https:\/\/hutton.ee\/toode\/puistevill-puitkiud-nativo-15kg\/\" \/>\n<meta property=\"og:locale\" content=\"en_US\" \/>\n<meta property=\"og:type\" content=\"article\" \/>\n<meta property=\"og:title\" content=\"Puistevill puitkiud Nativo 15kg\" \/>\n<meta property=\"og:description\" content=\"Hunton Nativo\u00ae p\u00f5hineb peamiselt looduslikul puidukiul. Tootmises kasutatavad kuusepuu hakkepuidud p\u00e4rinevad Norra PEFC-sertifikaadiga metsadest. Isolatsiooniplaate saab kasutada seintes, p\u00f5randates ja lagedes. Miks valida Nativo puidukiust puisteisolatsioon: Puidukiust isolatsioon p\u00f5hineb looduslikul ja taastuvatel toorainetel, mis seovad s\u00fcsinikku kogu toote eluts\u00fckli v\u00e4ltel Puidukiul on h\u00fcgroskoopsed omadused Puidukiust isolatsioonil on hea soojussalvestusv\u00f5ime Isolatsioonil on head heli neelavad omadused [&hellip;]\" \/>\n<meta property=\"og:url\" content=\"https:\/\/hutton.ee\/toode\/puistevill-puitkiud-nativo-15kg\/\" \/>\n<meta property=\"og:site_name\" content=\"Hutton\" \/>\n<meta property=\"article:publisher\" content=\"https:\/\/www.facebook.com\/huttoneesti\" \/>\n<meta property=\"article:modified_time\" content=\"2025-05-30T08:57:30+00:00\" \/>\n<meta property=\"og:image\" content=\"https:\/\/hutton.ee\/wp-content\/uploads\/2025\/05\/hunton-nativo-puistevill-15-kg-pakk.jpg\" \/>\n\t<meta property=\"og:image:width\" content=\"800\" \/>\n\t<meta property=\"og:image:height\" content=\"800\" \/>\n\t<meta property=\"og:image:type\" content=\"image\/jpeg\" \/>\n<meta name=\"twitter:card\" content=\"summary_large_image\" \/>\n<meta name=\"twitter:label1\" content=\"Est. reading time\" \/>\n\t<meta name=\"twitter:data1\" content=\"2 minutes\" \/>\n<script type=\"application\/ld+json\" class=\"yoast-schema-graph\">{\"@context\":\"https:\\\/\\\/schema.org\",\"@graph\":[{\"@type\":\"WebPage\",\"@id\":\"https:\\\/\\\/hutton.ee\\\/toode\\\/puistevill-puitkiud-nativo-15kg\\\/\",\"url\":\"https:\\\/\\\/hutton.ee\\\/toode\\\/puistevill-puitkiud-nativo-15kg\\\/\",\"name\":\"Puistevill puitkiud Nativo 15kg - Hutton\",\"isPartOf\":{\"@id\":\"https:\\\/\\\/hutton.ee\\\/#website\"},\"primaryImageOfPage\":{\"@id\":\"https:\\\/\\\/hutton.ee\\\/toode\\\/puistevill-puitkiud-nativo-15kg\\\/#primaryimage\"},\"image\":{\"@id\":\"https:\\\/\\\/hutton.ee\\\/toode\\\/puistevill-puitkiud-nativo-15kg\\\/#primaryimage\"},\"thumbnailUrl\":\"https:\\\/\\\/hutton.ee\\\/wp-content\\\/uploads\\\/2025\\\/05\\\/hunton-nativo-puistevill-15-kg-pakk.jpg\",\"datePublished\":\"2025-05-14T10:28:57+00:00\",\"dateModified\":\"2025-05-30T08:57:30+00:00\",\"breadcrumb\":{\"@id\":\"https:\\\/\\\/hutton.ee\\\/toode\\\/puistevill-puitkiud-nativo-15kg\\\/#breadcrumb\"},\"inLanguage\":\"en-US\",\"potentialAction\":[{\"@type\":\"ReadAction\",\"target\":[\"https:\\\/\\\/hutton.ee\\\/toode\\\/puistevill-puitkiud-nativo-15kg\\\/\"]}]},{\"@type\":\"ImageObject\",\"inLanguage\":\"en-US\",\"@id\":\"https:\\\/\\\/hutton.ee\\\/toode\\\/puistevill-puitkiud-nativo-15kg\\\/#primaryimage\",\"url\":\"https:\\\/\\\/hutton.ee\\\/wp-content\\\/uploads\\\/2025\\\/05\\\/hunton-nativo-puistevill-15-kg-pakk.jpg\",\"contentUrl\":\"https:\\\/\\\/hutton.ee\\\/wp-content\\\/uploads\\\/2025\\\/05\\\/hunton-nativo-puistevill-15-kg-pakk.jpg\",\"width\":800,\"height\":800,\"caption\":\"Hunton Nativo puistevill 15kg\"},{\"@type\":\"BreadcrumbList\",\"@id\":\"https:\\\/\\\/hutton.ee\\\/toode\\\/puistevill-puitkiud-nativo-15kg\\\/#breadcrumb\",\"itemListElement\":[{\"@type\":\"ListItem\",\"position\":1,\"name\":\"Avaleht\",\"item\":\"https:\\\/\\\/hutton.ee\\\/\"},{\"@type\":\"ListItem\",\"position\":2,\"name\":\"Shop\",\"item\":\"https:\\\/\\\/hutton.ee\\\/en\\\/shop\\\/\"},{\"@type\":\"ListItem\",\"position\":3,\"name\":\"Puistevill puitkiud Nativo 15kg\"}]},{\"@type\":\"WebSite\",\"@id\":\"https:\\\/\\\/hutton.ee\\\/#website\",\"url\":\"https:\\\/\\\/hutton.ee\\\/\",\"name\":\"Hutton\",\"description\":\"Ajas kestvad ehituslahendused\",\"publisher\":{\"@id\":\"https:\\\/\\\/hutton.ee\\\/#organization\"},\"potentialAction\":[{\"@type\":\"SearchAction\",\"target\":{\"@type\":\"EntryPoint\",\"urlTemplate\":\"https:\\\/\\\/hutton.ee\\\/?s={search_term_string}\"},\"query-input\":{\"@type\":\"PropertyValueSpecification\",\"valueRequired\":true,\"valueName\":\"search_term_string\"}}],\"inLanguage\":\"en-US\"},{\"@type\":\"Organization\",\"@id\":\"https:\\\/\\\/hutton.ee\\\/#organization\",\"name\":\"Hutton - KATUS | SEIN | FASSAAD\",\"url\":\"https:\\\/\\\/hutton.ee\\\/\",\"logo\":{\"@type\":\"ImageObject\",\"inLanguage\":\"en-US\",\"@id\":\"https:\\\/\\\/hutton.ee\\\/#\\\/schema\\\/logo\\\/image\\\/\",\"url\":\"https:\\\/\\\/hutton.ee\\\/wp-content\\\/uploads\\\/2020\\\/07\\\/hutton-logo_uuendatud-01.png\",\"contentUrl\":\"https:\\\/\\\/hutton.ee\\\/wp-content\\\/uploads\\\/2020\\\/07\\\/hutton-logo_uuendatud-01.png\",\"width\":1064,\"height\":455,\"caption\":\"Hutton - KATUS | SEIN | FASSAAD\"},\"image\":{\"@id\":\"https:\\\/\\\/hutton.ee\\\/#\\\/schema\\\/logo\\\/image\\\/\"},\"sameAs\":[\"https:\\\/\\\/www.facebook.com\\\/huttoneesti\"]}]}<\/script>\n<!-- \/ Yoast SEO Premium plugin. -->","yoast_head_json":{"title":"Puistevill puitkiud Nativo 15kg - Hutton","robots":{"index":"index","follow":"follow","max-snippet":"max-snippet:-1","max-image-preview":"max-image-preview:large","max-video-preview":"max-video-preview:-1"},"canonical":"https:\/\/hutton.ee\/toode\/puistevill-puitkiud-nativo-15kg\/","og_locale":"en_US","og_type":"article","og_title":"Puistevill puitkiud Nativo 15kg","og_description":"Hunton Nativo\u00ae p\u00f5hineb peamiselt looduslikul puidukiul. Tootmises kasutatavad kuusepuu hakkepuidud p\u00e4rinevad Norra PEFC-sertifikaadiga metsadest. Isolatsiooniplaate saab kasutada seintes, p\u00f5randates ja lagedes. Miks valida Nativo puidukiust puisteisolatsioon: Puidukiust isolatsioon p\u00f5hineb looduslikul ja taastuvatel toorainetel, mis seovad s\u00fcsinikku kogu toote eluts\u00fckli v\u00e4ltel Puidukiul on h\u00fcgroskoopsed omadused Puidukiust isolatsioonil on hea soojussalvestusv\u00f5ime Isolatsioonil on head heli neelavad omadused [&hellip;]","og_url":"https:\/\/hutton.ee\/toode\/puistevill-puitkiud-nativo-15kg\/","og_site_name":"Hutton","article_publisher":"https:\/\/www.facebook.com\/huttoneesti","article_modified_time":"2025-05-30T08:57:30+00:00","og_image":[{"width":800,"height":800,"url":"https:\/\/hutton.ee\/wp-content\/uploads\/2025\/05\/hunton-nativo-puistevill-15-kg-pakk.jpg","type":"image\/jpeg"}],"twitter_card":"summary_large_image","twitter_misc":{"Est. reading time":"2 minutes"},"schema":{"@context":"https:\/\/schema.org","@graph":[{"@type":"WebPage","@id":"https:\/\/hutton.ee\/toode\/puistevill-puitkiud-nativo-15kg\/","url":"https:\/\/hutton.ee\/toode\/puistevill-puitkiud-nativo-15kg\/","name":"Puistevill puitkiud Nativo 15kg - Hutton","isPartOf":{"@id":"https:\/\/hutton.ee\/#website"},"primaryImageOfPage":{"@id":"https:\/\/hutton.ee\/toode\/puistevill-puitkiud-nativo-15kg\/#primaryimage"},"image":{"@id":"https:\/\/hutton.ee\/toode\/puistevill-puitkiud-nativo-15kg\/#primaryimage"},"thumbnailUrl":"https:\/\/hutton.ee\/wp-content\/uploads\/2025\/05\/hunton-nativo-puistevill-15-kg-pakk.jpg","datePublished":"2025-05-14T10:28:57+00:00","dateModified":"2025-05-30T08:57:30+00:00","breadcrumb":{"@id":"https:\/\/hutton.ee\/toode\/puistevill-puitkiud-nativo-15kg\/#breadcrumb"},"inLanguage":"en-US","potentialAction":[{"@type":"ReadAction","target":["https:\/\/hutton.ee\/toode\/puistevill-puitkiud-nativo-15kg\/"]}]},{"@type":"ImageObject","inLanguage":"en-US","@id":"https:\/\/hutton.ee\/toode\/puistevill-puitkiud-nativo-15kg\/#primaryimage","url":"https:\/\/hutton.ee\/wp-content\/uploads\/2025\/05\/hunton-nativo-puistevill-15-kg-pakk.jpg","contentUrl":"https:\/\/hutton.ee\/wp-content\/uploads\/2025\/05\/hunton-nativo-puistevill-15-kg-pakk.jpg","width":800,"height":800,"caption":"Hunton Nativo puistevill 15kg"},{"@type":"BreadcrumbList","@id":"https:\/\/hutton.ee\/toode\/puistevill-puitkiud-nativo-15kg\/#breadcrumb","itemListElement":[{"@type":"ListItem","position":1,"name":"Avaleht","item":"https:\/\/hutton.ee\/"},{"@type":"ListItem","position":2,"name":"Shop","item":"https:\/\/hutton.ee\/en\/shop\/"},{"@type":"ListItem","position":3,"name":"Puistevill puitkiud Nativo 15kg"}]},{"@type":"WebSite","@id":"https:\/\/hutton.ee\/#website","url":"https:\/\/hutton.ee\/","name":"Hutton","description":"Ajas kestvad ehituslahendused","publisher":{"@id":"https:\/\/hutton.ee\/#organization"},"potentialAction":[{"@type":"SearchAction","target":{"@type":"EntryPoint","urlTemplate":"https:\/\/hutton.ee\/?s={search_term_string}"},"query-input":{"@type":"PropertyValueSpecification","valueRequired":true,"valueName":"search_term_string"}}],"inLanguage":"en-US"},{"@type":"Organization","@id":"https:\/\/hutton.ee\/#organization","name":"Hutton - KATUS | SEIN | FASSAAD","url":"https:\/\/hutton.ee\/","logo":{"@type":"ImageObject","inLanguage":"en-US","@id":"https:\/\/hutton.ee\/#\/schema\/logo\/image\/","url":"https:\/\/hutton.ee\/wp-content\/uploads\/2020\/07\/hutton-logo_uuendatud-01.png","contentUrl":"https:\/\/hutton.ee\/wp-content\/uploads\/2020\/07\/hutton-logo_uuendatud-01.png","width":1064,"height":455,"caption":"Hutton - KATUS | SEIN | FASSAAD"},"image":{"@id":"https:\/\/hutton.ee\/#\/schema\/logo\/image\/"},"sameAs":["https:\/\/www.facebook.com\/huttoneesti"]}]}},"_links":{"self":[{"href":"https:\/\/hutton.ee\/en\/wp-json\/wp\/v2\/product\/28158","targetHints":{"allow":["GET"]}}],"collection":[{"href":"https:\/\/hutton.ee\/en\/wp-json\/wp\/v2\/product"}],"about":[{"href":"https:\/\/hutton.ee\/en\/wp-json\/wp\/v2\/types\/product"}],"wp:featuredmedia":[{"embeddable":true,"href":"https:\/\/hutton.ee\/en\/wp-json\/wp\/v2\/media\/28394"}],"wp:attachment":[{"href":"https:\/\/hutton.ee\/en\/wp-json\/wp\/v2\/media?parent=28158"}],"wp:term":[{"taxonomy":"product_brand","embeddable":true,"href":"https:\/\/hutton.ee\/en\/wp-json\/wp\/v2\/product_brand?post=28158"},{"taxonomy":"product_cat","embeddable":true,"href":"https:\/\/hutton.ee\/en\/wp-json\/wp\/v2\/product_cat?post=28158"},{"taxonomy":"product_tag","embeddable":true,"href":"https:\/\/hutton.ee\/en\/wp-json\/wp\/v2\/product_tag?post=28158"},{"taxonomy":"filtrisusteem","embeddable":true,"href":"https:\/\/hutton.ee\/en\/wp-json\/wp\/v2\/filtrisusteem?post=28158"},{"taxonomy":"kvaliteediklass","embeddable":true,"href":"https:\/\/hutton.ee\/en\/wp-json\/wp\/v2\/kvaliteediklass?post=28158"}],"curies":[{"name":"wp","href":"https:\/\/api.w.org\/{rel}","templated":true}]}}