{"id":28200,"date":"2025-05-14T11:13:25","date_gmt":"2025-05-14T11:13:25","guid":{"rendered":"https:\/\/hutton.ee\/?post_type=product&#038;p=28200"},"modified":"2026-01-08T07:58:54","modified_gmt":"2026-01-08T07:58:54","slug":"plaatvill-puitkiud-nativo-150x565x1220","status":"publish","type":"product","link":"https:\/\/hutton.ee\/en\/toode\/plaatvill-puitkiud-nativo-150x565x1220\/","title":{"rendered":"Plaatvill puitkiud Nativo 150x565x1220"},"content":{"rendered":"<p data-start=\"58\" data-end=\"262\"><strong data-start=\"58\" data-end=\"262\">Hunton Nativo\u00ae p\u00f5hineb peamiselt looduslikul puidukiul. Tootmises kasutatav kuusehakkepuit p\u00e4rineb PEFC-sertifikaadiga Norra metsadest. Isolatsiooniplaate saab kasutada seintes, p\u00f5randates ja lagedes.<\/strong><\/p>\n<h3 data-start=\"264\" data-end=\"318\">Miks valida Nativo puidukiust isolatsiooniplaadid:<\/h3>\n<ul data-start=\"319\" data-end=\"819\">\n<li data-start=\"319\" data-end=\"437\">\n<p data-start=\"321\" data-end=\"437\">Puidukiust isolatsioon p\u00f5hineb looduslikul ja taastuval toorainel, mis seob s\u00fcsinikku kogu toote eluts\u00fckli jooksul<\/p>\n<\/li>\n<li data-start=\"438\" data-end=\"517\">\n<p data-start=\"440\" data-end=\"517\">Isolatsiooniplaadid on struktuurselt stabiilsed ja takistavad konvektsiooni<\/p>\n<\/li>\n<li data-start=\"518\" data-end=\"557\">\n<p data-start=\"520\" data-end=\"557\">Puidukiul on h\u00fcgroskoopsed omadused<\/p>\n<\/li>\n<li data-start=\"558\" data-end=\"616\">\n<p data-start=\"560\" data-end=\"616\">Puidukiust isolatsioonil on hea soojuse salvestusv\u00f5ime<\/p>\n<\/li>\n<li data-start=\"617\" data-end=\"704\">\n<p data-start=\"619\" data-end=\"704\">Isolatsiooniplaatidel on suur tihedus, mist\u00f5ttu neil on head heli neelavad omadused<\/p>\n<\/li>\n<li data-start=\"705\" data-end=\"778\">\n<p data-start=\"707\" data-end=\"778\">Puidukiust isolatsiooni on mugav paigaldada ja see ei tekita s\u00fcgelust<\/p>\n<\/li>\n<li data-start=\"779\" data-end=\"819\">\n<p data-start=\"781\" data-end=\"819\">Tootel on SINTEF tehniline heakskiit<\/p>\n<\/li>\n<\/ul>\n<h3 data-start=\"826\" data-end=\"868\">Seob s\u00fcsinikku kogu eluts\u00fckli v\u00e4ltel<\/h3>\n<p data-start=\"869\" data-end=\"1188\">Kuusehakkepuit on meie k\u00f5ige olulisem tooraine \u2013 looduslik ja taastuv tooraine, mis p\u00e4rineb PEFC-sertifitseeritud metsandusest. Puud seovad s\u00fcsinikku ning vanade metsade kasutamine koos uute metsade istutamisega aitab pikendada s\u00fcsiniku sidumise ts\u00fcklit. Puidukiust isolatsioon seob s\u00fcsinikku kogu oma eluts\u00fckli v\u00e4ltel.<\/p>\n<h3 data-start=\"1190\" data-end=\"1218\">H\u00fcgroskoopsed omadused<\/h3>\n<p data-start=\"1219\" data-end=\"1396\">Nativo puidukiust isolatsioonil on head niiskusomadused. Puidukiul on h\u00fcgroskoopsed omadused, mis t\u00e4hendab, et see imab ja eraldab niiskust vastavalt \u00f5hu suhtelisele niiskusele.<\/p>\n<h3 data-start=\"1398\" data-end=\"1426\">Struktuurne stabiilsus<\/h3>\n<p data-start=\"1427\" data-end=\"1665\">Puidukiust isolatsioon on m\u00f5\u00f5tmetelt stabiilne ega vaju kokku. Suur tihedus ja j\u00e4ikus takistavad \u00f5hutaskute, vajumiste ja setete teket. Puidukiudude loomulik v\u00f5ime v\u00e4hendada \u00f5hu liikumist isolatsioonis tagab hea tihenduse akende \u00fcmbruses.<\/p>\n<h3 data-start=\"1667\" data-end=\"1700\">Head heli neelavad omadused<\/h3>\n<p data-start=\"1701\" data-end=\"1801\">Isolatsiooniplaatidel on suur tihedus, mis t\u00e4hendab, et need neelavad ja summutavad heli v\u00e4ga h\u00e4sti.<\/p>\n<h3 data-start=\"1803\" data-end=\"1826\">Isolatsiooniv\u00f5ime<\/h3>\n<p data-start=\"1827\" data-end=\"2101\">Nativo puidukiust isolatsiooniplaadi lambda v\u00e4\u00e4rtus on 0,038 W\/mK. Seinad ja laed ei pea tingimata muutuma paksemaks, kui kasutada Nativo isolatsiooni. N\u00e4iteks 250 mm puidukiust isolatsiooni seinas ja 300 mm laes vastab Tehnilistele N\u00f5uetele kehtestatud U-v\u00e4\u00e4rtuse n\u00f5uetele.<\/p>\n<h3 data-start=\"2103\" data-end=\"2148\">Isolatsioon on t\u00f6\u00f6deldud tuleaeglustiga<\/h3>\n<p data-start=\"2149\" data-end=\"2392\" data-is-last-node=\"\" data-is-only-node=\"\">Isolatsioon vastab Euroklass E-le ning on immutatud tuleaeglustiga, mis on ammooniumi soolade (ammooniumsulfaat\/ammooniumfosfaat) segu. See on keemiline \u00fchend, mida kasutatakse ka tulekustutites. Isolatsioon ei sisalda broomitud tuleaeglustit.<\/p>\n","protected":false},"excerpt":{"rendered":"<p><span style=\"color: #ff0000;\"><br \/>\n<span style=\"font-size: 12pt;\">Toote hind e-poes on m\u00e4rgitud pakihinnana (\u00fches pakis 2,07 m\u00b2)<\/span><br \/>\n<span style=\"font-size: 12pt;\">\u00dche ruutmeetri hind Hutton p\u00fcsikliendile: 15,40 \u20ac (tavahind: 22,00 \u20ac)\u00a0<\/span><\/span><\/p>\n","protected":false},"featured_media":28810,"template":"","meta":{"_gspb_post_css":"","_uf_show_specific_survey":0,"_uf_disable_surveys":false},"product_brand":[],"product_cat":[986,2291,2914],"product_tag":[2893,1258],"filtrisusteem":[],"kvaliteediklass":[],"class_list":{"0":"post-28200","1":"product","2":"type-product","3":"status-publish","4":"has-post-thumbnail","6":"product_cat-soojustus","7":"product_cat-puitkiudsoojustus","8":"product_cat-plaatvill","9":"product_tag-1tk_block","10":"product_tag-ei_pakiautomaat","12":"first","13":"outofstock","14":"taxable","15":"shipping-taxable","16":"purchasable","17":"product-type-simple"},"yoast_head":"<!-- This site is optimized with the Yoast SEO Premium plugin v21.3 (Yoast SEO v27.3) - https:\/\/yoast.com\/product\/yoast-seo-premium-wordpress\/ -->\n<title>Plaatvill puitkiud Nativo 150x565x1220 - Hutton<\/title>\n<meta name=\"robots\" content=\"index, follow, max-snippet:-1, max-image-preview:large, max-video-preview:-1\" \/>\n<link rel=\"canonical\" href=\"https:\/\/hutton.ee\/toode\/plaatvill-puitkiud-nativo-150x565x1220\/\" \/>\n<meta property=\"og:locale\" content=\"en_US\" \/>\n<meta property=\"og:type\" content=\"article\" \/>\n<meta property=\"og:title\" content=\"Plaatvill puitkiud Nativo 150x565x1220\" \/>\n<meta property=\"og:description\" content=\"Toote hind e-poes on m\u00e4rgitud pakihinnana (\u00fches pakis 2,07 m\u00b2) \u00dche ruutmeetri hind Hutton p\u00fcsikliendile: 15,40 \u20ac (tavahind: 22,00 \u20ac)\u00a0\" \/>\n<meta property=\"og:url\" content=\"https:\/\/hutton.ee\/toode\/plaatvill-puitkiud-nativo-150x565x1220\/\" \/>\n<meta property=\"og:site_name\" content=\"Hutton\" \/>\n<meta property=\"article:publisher\" content=\"https:\/\/www.facebook.com\/huttoneesti\" \/>\n<meta property=\"article:modified_time\" content=\"2026-01-08T07:58:54+00:00\" \/>\n<meta property=\"og:image\" content=\"https:\/\/hutton.ee\/wp-content\/uploads\/2025\/05\/hunton-nativo.png\" \/>\n\t<meta property=\"og:image:width\" content=\"1080\" \/>\n\t<meta property=\"og:image:height\" content=\"1080\" \/>\n\t<meta property=\"og:image:type\" content=\"image\/png\" \/>\n<meta name=\"twitter:card\" content=\"summary_large_image\" \/>\n<meta name=\"twitter:label1\" content=\"Est. reading time\" \/>\n\t<meta name=\"twitter:data1\" content=\"2 minutes\" \/>\n<script type=\"application\/ld+json\" class=\"yoast-schema-graph\">{\"@context\":\"https:\\\/\\\/schema.org\",\"@graph\":[{\"@type\":\"WebPage\",\"@id\":\"https:\\\/\\\/hutton.ee\\\/toode\\\/plaatvill-puitkiud-nativo-150x565x1220\\\/\",\"url\":\"https:\\\/\\\/hutton.ee\\\/toode\\\/plaatvill-puitkiud-nativo-150x565x1220\\\/\",\"name\":\"Plaatvill puitkiud Nativo 150x565x1220 - Hutton\",\"isPartOf\":{\"@id\":\"https:\\\/\\\/hutton.ee\\\/#website\"},\"primaryImageOfPage\":{\"@id\":\"https:\\\/\\\/hutton.ee\\\/toode\\\/plaatvill-puitkiud-nativo-150x565x1220\\\/#primaryimage\"},\"image\":{\"@id\":\"https:\\\/\\\/hutton.ee\\\/toode\\\/plaatvill-puitkiud-nativo-150x565x1220\\\/#primaryimage\"},\"thumbnailUrl\":\"https:\\\/\\\/hutton.ee\\\/wp-content\\\/uploads\\\/2025\\\/05\\\/hunton-nativo.png\",\"datePublished\":\"2025-05-14T11:13:25+00:00\",\"dateModified\":\"2026-01-08T07:58:54+00:00\",\"breadcrumb\":{\"@id\":\"https:\\\/\\\/hutton.ee\\\/toode\\\/plaatvill-puitkiud-nativo-150x565x1220\\\/#breadcrumb\"},\"inLanguage\":\"en-US\",\"potentialAction\":[{\"@type\":\"ReadAction\",\"target\":[\"https:\\\/\\\/hutton.ee\\\/toode\\\/plaatvill-puitkiud-nativo-150x565x1220\\\/\"]}]},{\"@type\":\"ImageObject\",\"inLanguage\":\"en-US\",\"@id\":\"https:\\\/\\\/hutton.ee\\\/toode\\\/plaatvill-puitkiud-nativo-150x565x1220\\\/#primaryimage\",\"url\":\"https:\\\/\\\/hutton.ee\\\/wp-content\\\/uploads\\\/2025\\\/05\\\/hunton-nativo.png\",\"contentUrl\":\"https:\\\/\\\/hutton.ee\\\/wp-content\\\/uploads\\\/2025\\\/05\\\/hunton-nativo.png\",\"width\":1080,\"height\":1080,\"caption\":\"Hunton Nativo Plaatvill\"},{\"@type\":\"BreadcrumbList\",\"@id\":\"https:\\\/\\\/hutton.ee\\\/toode\\\/plaatvill-puitkiud-nativo-150x565x1220\\\/#breadcrumb\",\"itemListElement\":[{\"@type\":\"ListItem\",\"position\":1,\"name\":\"Avaleht\",\"item\":\"https:\\\/\\\/hutton.ee\\\/\"},{\"@type\":\"ListItem\",\"position\":2,\"name\":\"Shop\",\"item\":\"https:\\\/\\\/hutton.ee\\\/en\\\/shop\\\/\"},{\"@type\":\"ListItem\",\"position\":3,\"name\":\"Plaatvill puitkiud Nativo 150x565x1220\"}]},{\"@type\":\"WebSite\",\"@id\":\"https:\\\/\\\/hutton.ee\\\/#website\",\"url\":\"https:\\\/\\\/hutton.ee\\\/\",\"name\":\"Hutton\",\"description\":\"Ajas kestvad ehituslahendused\",\"publisher\":{\"@id\":\"https:\\\/\\\/hutton.ee\\\/#organization\"},\"potentialAction\":[{\"@type\":\"SearchAction\",\"target\":{\"@type\":\"EntryPoint\",\"urlTemplate\":\"https:\\\/\\\/hutton.ee\\\/?s={search_term_string}\"},\"query-input\":{\"@type\":\"PropertyValueSpecification\",\"valueRequired\":true,\"valueName\":\"search_term_string\"}}],\"inLanguage\":\"en-US\"},{\"@type\":\"Organization\",\"@id\":\"https:\\\/\\\/hutton.ee\\\/#organization\",\"name\":\"Hutton - KATUS | SEIN | FASSAAD\",\"url\":\"https:\\\/\\\/hutton.ee\\\/\",\"logo\":{\"@type\":\"ImageObject\",\"inLanguage\":\"en-US\",\"@id\":\"https:\\\/\\\/hutton.ee\\\/#\\\/schema\\\/logo\\\/image\\\/\",\"url\":\"https:\\\/\\\/hutton.ee\\\/wp-content\\\/uploads\\\/2020\\\/07\\\/hutton-logo_uuendatud-01.png\",\"contentUrl\":\"https:\\\/\\\/hutton.ee\\\/wp-content\\\/uploads\\\/2020\\\/07\\\/hutton-logo_uuendatud-01.png\",\"width\":1064,\"height\":455,\"caption\":\"Hutton - KATUS | SEIN | FASSAAD\"},\"image\":{\"@id\":\"https:\\\/\\\/hutton.ee\\\/#\\\/schema\\\/logo\\\/image\\\/\"},\"sameAs\":[\"https:\\\/\\\/www.facebook.com\\\/huttoneesti\"]}]}<\/script>\n<!-- \/ Yoast SEO Premium plugin. -->","yoast_head_json":{"title":"Plaatvill puitkiud Nativo 150x565x1220 - Hutton","robots":{"index":"index","follow":"follow","max-snippet":"max-snippet:-1","max-image-preview":"max-image-preview:large","max-video-preview":"max-video-preview:-1"},"canonical":"https:\/\/hutton.ee\/toode\/plaatvill-puitkiud-nativo-150x565x1220\/","og_locale":"en_US","og_type":"article","og_title":"Plaatvill puitkiud Nativo 150x565x1220","og_description":"Toote hind e-poes on m\u00e4rgitud pakihinnana (\u00fches pakis 2,07 m\u00b2) \u00dche ruutmeetri hind Hutton p\u00fcsikliendile: 15,40 \u20ac (tavahind: 22,00 \u20ac)\u00a0","og_url":"https:\/\/hutton.ee\/toode\/plaatvill-puitkiud-nativo-150x565x1220\/","og_site_name":"Hutton","article_publisher":"https:\/\/www.facebook.com\/huttoneesti","article_modified_time":"2026-01-08T07:58:54+00:00","og_image":[{"width":1080,"height":1080,"url":"https:\/\/hutton.ee\/wp-content\/uploads\/2025\/05\/hunton-nativo.png","type":"image\/png"}],"twitter_card":"summary_large_image","twitter_misc":{"Est. reading time":"2 minutes"},"schema":{"@context":"https:\/\/schema.org","@graph":[{"@type":"WebPage","@id":"https:\/\/hutton.ee\/toode\/plaatvill-puitkiud-nativo-150x565x1220\/","url":"https:\/\/hutton.ee\/toode\/plaatvill-puitkiud-nativo-150x565x1220\/","name":"Plaatvill puitkiud Nativo 150x565x1220 - Hutton","isPartOf":{"@id":"https:\/\/hutton.ee\/#website"},"primaryImageOfPage":{"@id":"https:\/\/hutton.ee\/toode\/plaatvill-puitkiud-nativo-150x565x1220\/#primaryimage"},"image":{"@id":"https:\/\/hutton.ee\/toode\/plaatvill-puitkiud-nativo-150x565x1220\/#primaryimage"},"thumbnailUrl":"https:\/\/hutton.ee\/wp-content\/uploads\/2025\/05\/hunton-nativo.png","datePublished":"2025-05-14T11:13:25+00:00","dateModified":"2026-01-08T07:58:54+00:00","breadcrumb":{"@id":"https:\/\/hutton.ee\/toode\/plaatvill-puitkiud-nativo-150x565x1220\/#breadcrumb"},"inLanguage":"en-US","potentialAction":[{"@type":"ReadAction","target":["https:\/\/hutton.ee\/toode\/plaatvill-puitkiud-nativo-150x565x1220\/"]}]},{"@type":"ImageObject","inLanguage":"en-US","@id":"https:\/\/hutton.ee\/toode\/plaatvill-puitkiud-nativo-150x565x1220\/#primaryimage","url":"https:\/\/hutton.ee\/wp-content\/uploads\/2025\/05\/hunton-nativo.png","contentUrl":"https:\/\/hutton.ee\/wp-content\/uploads\/2025\/05\/hunton-nativo.png","width":1080,"height":1080,"caption":"Hunton Nativo Plaatvill"},{"@type":"BreadcrumbList","@id":"https:\/\/hutton.ee\/toode\/plaatvill-puitkiud-nativo-150x565x1220\/#breadcrumb","itemListElement":[{"@type":"ListItem","position":1,"name":"Avaleht","item":"https:\/\/hutton.ee\/"},{"@type":"ListItem","position":2,"name":"Shop","item":"https:\/\/hutton.ee\/en\/shop\/"},{"@type":"ListItem","position":3,"name":"Plaatvill puitkiud Nativo 150x565x1220"}]},{"@type":"WebSite","@id":"https:\/\/hutton.ee\/#website","url":"https:\/\/hutton.ee\/","name":"Hutton","description":"Ajas kestvad ehituslahendused","publisher":{"@id":"https:\/\/hutton.ee\/#organization"},"potentialAction":[{"@type":"SearchAction","target":{"@type":"EntryPoint","urlTemplate":"https:\/\/hutton.ee\/?s={search_term_string}"},"query-input":{"@type":"PropertyValueSpecification","valueRequired":true,"valueName":"search_term_string"}}],"inLanguage":"en-US"},{"@type":"Organization","@id":"https:\/\/hutton.ee\/#organization","name":"Hutton - KATUS | SEIN | FASSAAD","url":"https:\/\/hutton.ee\/","logo":{"@type":"ImageObject","inLanguage":"en-US","@id":"https:\/\/hutton.ee\/#\/schema\/logo\/image\/","url":"https:\/\/hutton.ee\/wp-content\/uploads\/2020\/07\/hutton-logo_uuendatud-01.png","contentUrl":"https:\/\/hutton.ee\/wp-content\/uploads\/2020\/07\/hutton-logo_uuendatud-01.png","width":1064,"height":455,"caption":"Hutton - KATUS | SEIN | FASSAAD"},"image":{"@id":"https:\/\/hutton.ee\/#\/schema\/logo\/image\/"},"sameAs":["https:\/\/www.facebook.com\/huttoneesti"]}]}},"_links":{"self":[{"href":"https:\/\/hutton.ee\/en\/wp-json\/wp\/v2\/product\/28200","targetHints":{"allow":["GET"]}}],"collection":[{"href":"https:\/\/hutton.ee\/en\/wp-json\/wp\/v2\/product"}],"about":[{"href":"https:\/\/hutton.ee\/en\/wp-json\/wp\/v2\/types\/product"}],"wp:featuredmedia":[{"embeddable":true,"href":"https:\/\/hutton.ee\/en\/wp-json\/wp\/v2\/media\/28810"}],"wp:attachment":[{"href":"https:\/\/hutton.ee\/en\/wp-json\/wp\/v2\/media?parent=28200"}],"wp:term":[{"taxonomy":"product_brand","embeddable":true,"href":"https:\/\/hutton.ee\/en\/wp-json\/wp\/v2\/product_brand?post=28200"},{"taxonomy":"product_cat","embeddable":true,"href":"https:\/\/hutton.ee\/en\/wp-json\/wp\/v2\/product_cat?post=28200"},{"taxonomy":"product_tag","embeddable":true,"href":"https:\/\/hutton.ee\/en\/wp-json\/wp\/v2\/product_tag?post=28200"},{"taxonomy":"filtrisusteem","embeddable":true,"href":"https:\/\/hutton.ee\/en\/wp-json\/wp\/v2\/filtrisusteem?post=28200"},{"taxonomy":"kvaliteediklass","embeddable":true,"href":"https:\/\/hutton.ee\/en\/wp-json\/wp\/v2\/kvaliteediklass?post=28200"}],"curies":[{"name":"wp","href":"https:\/\/api.w.org\/{rel}","templated":true}]}}