{"id":28202,"date":"2025-05-14T12:03:47","date_gmt":"2025-05-14T12:03:47","guid":{"rendered":"https:\/\/hutton.ee\/?post_type=product&#038;p=28202"},"modified":"2025-07-24T07:46:00","modified_gmt":"2025-07-24T07:46:00","slug":"tuuletokke-plaat-windproof-12x1200x2700-324m%c2%b2","status":"publish","type":"product","link":"https:\/\/hutton.ee\/en\/toode\/tuuletokke-plaat-windproof-12x1200x2700-324m%c2%b2\/","title":{"rendered":"Tuulet\u00f5kke plaat WindProof 12x1200x2700, 3,24m\u00b2"},"content":{"rendered":"<p data-start=\"34\" data-end=\"152\"><strong data-start=\"34\" data-end=\"152\">Hunton Windproof Bitroc on turu juhtiv tuulet\u00f5kkematerjal, mis kaitseb kodusid niiskuse, t\u00f5mbetuule ja k\u00fclma eest.<\/strong><\/p>\n<h3 data-start=\"154\" data-end=\"194\">Miks valida Hunton Windproof Bitroc?<\/h3>\n<ul data-start=\"196\" data-end=\"752\">\n<li data-start=\"196\" data-end=\"265\">\n<p data-start=\"198\" data-end=\"265\">Hunton Windproof on olnud turu juhtiv tuulet\u00f5ke juba \u00fcle 50 aasta<\/p>\n<\/li>\n<li data-start=\"266\" data-end=\"283\">\n<p data-start=\"268\" data-end=\"283\"><strong data-start=\"268\" data-end=\"281\">Tuulet\u00f5ke<\/strong><\/p>\n<\/li>\n<li data-start=\"284\" data-end=\"341\">\n<p data-start=\"286\" data-end=\"341\">Puidukiul p\u00f5hinev tuulet\u00f5ke h\u00fcgroskoopsete omadustega<\/p>\n<\/li>\n<li data-start=\"342\" data-end=\"364\">\n<p data-start=\"344\" data-end=\"364\"><strong data-start=\"344\" data-end=\"362\">Sd-v\u00e4\u00e4rtus 0,2<\/strong><\/p>\n<\/li>\n<li data-start=\"365\" data-end=\"399\">\n<p data-start=\"367\" data-end=\"399\">Lihtne k\u00e4sitseda ja paigaldada<\/p>\n<\/li>\n<li data-start=\"400\" data-end=\"465\">\n<p data-start=\"402\" data-end=\"465\">V\u00e4hendab k\u00fclmasildu ja omab suurep\u00e4raseid isolatsiooniomadusi<\/p>\n<\/li>\n<li data-start=\"466\" data-end=\"567\">\n<p data-start=\"468\" data-end=\"567\">Tagab hea tuulestabiliseerimise \u2013 nii hea, et kaldteipi (tuuletugevdusteipi) pole tavaliselt vaja<\/p>\n<\/li>\n<li data-start=\"568\" data-end=\"665\">\n<p data-start=\"570\" data-end=\"665\">Hunton Windproof Bitrocil on SINTEFi Norra tehniline heakskiit ning see vastab ehitusn\u00f5uetele<\/p>\n<\/li>\n<li data-start=\"666\" data-end=\"707\">\n<p data-start=\"668\" data-end=\"707\">Valmistatud taastuvatest toorainetest<\/p>\n<\/li>\n<li data-start=\"708\" data-end=\"752\">\n<p data-start=\"710\" data-end=\"752\"><strong data-start=\"710\" data-end=\"750\">Hunton Windproof on turvaline valik!<\/strong><\/p>\n<\/li>\n<\/ul>\n<p data-start=\"754\" data-end=\"925\">Hunton Windproof on Norra turul eelistatuim tuulet\u00f5ke ja selge turuliider. Alates 1970ndatest on Hunton m\u00fc\u00fcnud P\u00f5hjamaade turule 250 miljonit ruutmeetrit tuulet\u00f5kkeplaate.<\/p>\n<h3 data-start=\"932\" data-end=\"955\">Tehniline heakskiit<\/h3>\n<p data-start=\"957\" data-end=\"1220\">Hunton Windproof on j\u00e4releproovitud kvaliteettoode, millel on <strong data-start=\"1019\" data-end=\"1050\">SINTEFi tehniline heakskiit<\/strong> (Norra ehitusuuringute instituut). Meie tuulet\u00f5ke on loodud j\u00e4rgima hoone kogu eluts\u00fcklit. Hunton Windproof sobib nii vanadele hoonetele kui ka kaasaegsetele ehitistele.<\/p>\n<p data-start=\"1222\" data-end=\"1272\"><strong data-start=\"1222\" data-end=\"1272\">SINTEFi tehniline heakskiit \u2013 Hunton Windproof<\/strong><\/p>\n<h3 data-start=\"1279\" data-end=\"1291\">Keskkond<\/h3>\n<p data-start=\"1293\" data-end=\"1394\">Hunton Windproof on valmistatud hakkepuidust, mis p\u00e4rineb <strong data-start=\"1351\" data-end=\"1393\">PEFC\u2122 sertifitseeritud Norra metsadest<\/strong>.<\/p>\n<h3 data-start=\"1401\" data-end=\"1418\">Imab niiskust<\/h3>\n<p data-start=\"1420\" data-end=\"1555\">Hunton Windproofil on h\u00fcgroskoopsed omadused \u2013 see t\u00e4hendab, et materjal imab ja eraldab niiskust vastavalt \u00f5hu suhtelisele niiskusele.<\/p>\n<h3 data-start=\"1562\" data-end=\"1585\">V\u00e4hendab k\u00fclmasildu<\/h3>\n<p data-start=\"1587\" data-end=\"1977\">K\u00f5igis seintes esineb piirkondi, kus soojusisolatsioon on kehvem \u2013 n\u00e4iteks prusside kohal. <strong data-start=\"1678\" data-end=\"1718\">Hunton Windproof v\u00e4hendab k\u00fclmasildu<\/strong> t\u00e4nu oma t\u00e4iendavatele isolatsiooniomadustele.<br data-start=\"1765\" data-end=\"1768\" \/>12 mm Windproof vastab peaaegu 10 mm tavalisele mineraalvillale, mis v\u00e4hendab U-v\u00e4\u00e4rtust <strong data-start=\"1857\" data-end=\"1871\">0,01 W\/m\u00b2K<\/strong> v\u00f5rra. See teeb passiivmaja v\u00f5i madala energiatarbega hoonete seinaehituse n\u00f5uetele vastavuse lihtsamaks.<\/p>\n<h3 data-start=\"1984\" data-end=\"2018\">Kaldteipi pole tavaliselt vaja<\/h3>\n<p data-start=\"2020\" data-end=\"2251\" data-is-last-node=\"\" data-is-only-node=\"\">Hunton Windproof tagab v\u00e4ga hea tuulestabiliseerimise \u2013 nii hea, et <strong data-start=\"2088\" data-end=\"2122\">kaldteipi pole tavaliselt vaja<\/strong>. See lihtsustab ehitusprotsessi ja muudab paigalduse kiiremaks.<br data-start=\"2186\" data-end=\"2189\" \/>Meie tuuletakistuse n\u00e4itajad on kirjas tehnilises heakskiidus.<\/p>\n","protected":false},"excerpt":{"rendered":"<p><span style=\"text-decoration: underline;\"><span style=\"color: #ff0000; font-size: 12pt; text-decoration: underline;\"><strong><a style=\"color: #ff0000; text-decoration: underline;\" href=\"https:\/\/hutton.ee\/minu-konto\/\" target=\"_blank\" rel=\"noopener\">Registreeru p\u00fcsikliendiks<\/a>!<\/strong><\/span><\/span><\/p>\n","protected":false},"featured_media":28203,"template":"","meta":{"_gspb_post_css":"","_uf_show_specific_survey":0,"_uf_disable_surveys":false},"product_brand":[],"product_cat":[950,2623],"product_tag":[2893,1258],"filtrisusteem":[],"kvaliteediklass":[],"class_list":{"0":"post-28202","1":"product","2":"type-product","3":"status-publish","4":"has-post-thumbnail","6":"product_cat-tuuletokked","7":"product_cat-tuuletokke-plaadid","8":"product_tag-1tk_block","9":"product_tag-ei_pakiautomaat","11":"first","12":"instock","13":"taxable","14":"shipping-taxable","15":"purchasable","16":"product-type-simple"},"yoast_head":"<!-- This site is optimized with the Yoast SEO Premium plugin v21.3 (Yoast SEO v27.3) - https:\/\/yoast.com\/product\/yoast-seo-premium-wordpress\/ -->\n<title>Tuulet\u00f5kke plaat WindProof 12x1200x2700, 3,24m\u00b2 - Hutton<\/title>\n<meta name=\"robots\" content=\"index, follow, max-snippet:-1, max-image-preview:large, max-video-preview:-1\" \/>\n<link rel=\"canonical\" href=\"https:\/\/hutton.ee\/toode\/tuuletokke-plaat-windproof-12x1200x2700-324m\u00b2\/\" \/>\n<meta property=\"og:locale\" content=\"en_US\" \/>\n<meta property=\"og:type\" content=\"article\" \/>\n<meta property=\"og:title\" content=\"Tuulet\u00f5kke plaat WindProof 12x1200x2700, 3,24m\u00b2\" \/>\n<meta property=\"og:description\" content=\"Registreeru p\u00fcsikliendiks!\" \/>\n<meta property=\"og:url\" content=\"https:\/\/hutton.ee\/toode\/tuuletokke-plaat-windproof-12x1200x2700-324m\u00b2\/\" \/>\n<meta property=\"og:site_name\" content=\"Hutton\" \/>\n<meta property=\"article:publisher\" content=\"https:\/\/www.facebook.com\/huttoneesti\" \/>\n<meta property=\"article:modified_time\" content=\"2025-07-24T07:46:00+00:00\" \/>\n<meta name=\"twitter:card\" content=\"summary_large_image\" \/>\n<meta name=\"twitter:label1\" content=\"Est. reading time\" \/>\n\t<meta name=\"twitter:data1\" content=\"2 minutes\" \/>\n<script type=\"application\/ld+json\" class=\"yoast-schema-graph\">{\"@context\":\"https:\\\/\\\/schema.org\",\"@graph\":[{\"@type\":\"WebPage\",\"@id\":\"https:\\\/\\\/hutton.ee\\\/toode\\\/tuuletokke-plaat-windproof-12x1200x2700-324m%c2%b2\\\/\",\"url\":\"https:\\\/\\\/hutton.ee\\\/toode\\\/tuuletokke-plaat-windproof-12x1200x2700-324m%c2%b2\\\/\",\"name\":\"Tuulet\u00f5kke plaat WindProof 12x1200x2700, 3,24m\u00b2 - Hutton\",\"isPartOf\":{\"@id\":\"https:\\\/\\\/hutton.ee\\\/#website\"},\"primaryImageOfPage\":{\"@id\":\"https:\\\/\\\/hutton.ee\\\/toode\\\/tuuletokke-plaat-windproof-12x1200x2700-324m%c2%b2\\\/#primaryimage\"},\"image\":{\"@id\":\"https:\\\/\\\/hutton.ee\\\/toode\\\/tuuletokke-plaat-windproof-12x1200x2700-324m%c2%b2\\\/#primaryimage\"},\"thumbnailUrl\":\"https:\\\/\\\/hutton.ee\\\/wp-content\\\/uploads\\\/2025\\\/05\\\/Hunton-Vindtett-1.avif\",\"datePublished\":\"2025-05-14T12:03:47+00:00\",\"dateModified\":\"2025-07-24T07:46:00+00:00\",\"breadcrumb\":{\"@id\":\"https:\\\/\\\/hutton.ee\\\/toode\\\/tuuletokke-plaat-windproof-12x1200x2700-324m%c2%b2\\\/#breadcrumb\"},\"inLanguage\":\"en-US\",\"potentialAction\":[{\"@type\":\"ReadAction\",\"target\":[\"https:\\\/\\\/hutton.ee\\\/toode\\\/tuuletokke-plaat-windproof-12x1200x2700-324m%c2%b2\\\/\"]}]},{\"@type\":\"ImageObject\",\"inLanguage\":\"en-US\",\"@id\":\"https:\\\/\\\/hutton.ee\\\/toode\\\/tuuletokke-plaat-windproof-12x1200x2700-324m%c2%b2\\\/#primaryimage\",\"url\":\"https:\\\/\\\/hutton.ee\\\/wp-content\\\/uploads\\\/2025\\\/05\\\/Hunton-Vindtett-1.avif\",\"contentUrl\":\"https:\\\/\\\/hutton.ee\\\/wp-content\\\/uploads\\\/2025\\\/05\\\/Hunton-Vindtett-1.avif\",\"width\":1024,\"height\":683,\"caption\":\"Hunton tuulet\u00f5kkeplaat\"},{\"@type\":\"BreadcrumbList\",\"@id\":\"https:\\\/\\\/hutton.ee\\\/toode\\\/tuuletokke-plaat-windproof-12x1200x2700-324m%c2%b2\\\/#breadcrumb\",\"itemListElement\":[{\"@type\":\"ListItem\",\"position\":1,\"name\":\"Avaleht\",\"item\":\"https:\\\/\\\/hutton.ee\\\/\"},{\"@type\":\"ListItem\",\"position\":2,\"name\":\"Shop\",\"item\":\"https:\\\/\\\/hutton.ee\\\/en\\\/shop\\\/\"},{\"@type\":\"ListItem\",\"position\":3,\"name\":\"Tuulet\u00f5kke plaat WindProof 12x1200x2700, 3,24m\u00b2\"}]},{\"@type\":\"WebSite\",\"@id\":\"https:\\\/\\\/hutton.ee\\\/#website\",\"url\":\"https:\\\/\\\/hutton.ee\\\/\",\"name\":\"Hutton\",\"description\":\"Ajas kestvad ehituslahendused\",\"publisher\":{\"@id\":\"https:\\\/\\\/hutton.ee\\\/#organization\"},\"potentialAction\":[{\"@type\":\"SearchAction\",\"target\":{\"@type\":\"EntryPoint\",\"urlTemplate\":\"https:\\\/\\\/hutton.ee\\\/?s={search_term_string}\"},\"query-input\":{\"@type\":\"PropertyValueSpecification\",\"valueRequired\":true,\"valueName\":\"search_term_string\"}}],\"inLanguage\":\"en-US\"},{\"@type\":\"Organization\",\"@id\":\"https:\\\/\\\/hutton.ee\\\/#organization\",\"name\":\"Hutton - KATUS | SEIN | FASSAAD\",\"url\":\"https:\\\/\\\/hutton.ee\\\/\",\"logo\":{\"@type\":\"ImageObject\",\"inLanguage\":\"en-US\",\"@id\":\"https:\\\/\\\/hutton.ee\\\/#\\\/schema\\\/logo\\\/image\\\/\",\"url\":\"https:\\\/\\\/hutton.ee\\\/wp-content\\\/uploads\\\/2020\\\/07\\\/hutton-logo_uuendatud-01.png\",\"contentUrl\":\"https:\\\/\\\/hutton.ee\\\/wp-content\\\/uploads\\\/2020\\\/07\\\/hutton-logo_uuendatud-01.png\",\"width\":1064,\"height\":455,\"caption\":\"Hutton - KATUS | SEIN | FASSAAD\"},\"image\":{\"@id\":\"https:\\\/\\\/hutton.ee\\\/#\\\/schema\\\/logo\\\/image\\\/\"},\"sameAs\":[\"https:\\\/\\\/www.facebook.com\\\/huttoneesti\"]}]}<\/script>\n<!-- \/ Yoast SEO Premium plugin. -->","yoast_head_json":{"title":"Tuulet\u00f5kke plaat WindProof 12x1200x2700, 3,24m\u00b2 - Hutton","robots":{"index":"index","follow":"follow","max-snippet":"max-snippet:-1","max-image-preview":"max-image-preview:large","max-video-preview":"max-video-preview:-1"},"canonical":"https:\/\/hutton.ee\/toode\/tuuletokke-plaat-windproof-12x1200x2700-324m\u00b2\/","og_locale":"en_US","og_type":"article","og_title":"Tuulet\u00f5kke plaat WindProof 12x1200x2700, 3,24m\u00b2","og_description":"Registreeru p\u00fcsikliendiks!","og_url":"https:\/\/hutton.ee\/toode\/tuuletokke-plaat-windproof-12x1200x2700-324m\u00b2\/","og_site_name":"Hutton","article_publisher":"https:\/\/www.facebook.com\/huttoneesti","article_modified_time":"2025-07-24T07:46:00+00:00","twitter_card":"summary_large_image","twitter_misc":{"Est. reading time":"2 minutes"},"schema":{"@context":"https:\/\/schema.org","@graph":[{"@type":"WebPage","@id":"https:\/\/hutton.ee\/toode\/tuuletokke-plaat-windproof-12x1200x2700-324m%c2%b2\/","url":"https:\/\/hutton.ee\/toode\/tuuletokke-plaat-windproof-12x1200x2700-324m%c2%b2\/","name":"Tuulet\u00f5kke plaat WindProof 12x1200x2700, 3,24m\u00b2 - Hutton","isPartOf":{"@id":"https:\/\/hutton.ee\/#website"},"primaryImageOfPage":{"@id":"https:\/\/hutton.ee\/toode\/tuuletokke-plaat-windproof-12x1200x2700-324m%c2%b2\/#primaryimage"},"image":{"@id":"https:\/\/hutton.ee\/toode\/tuuletokke-plaat-windproof-12x1200x2700-324m%c2%b2\/#primaryimage"},"thumbnailUrl":"https:\/\/hutton.ee\/wp-content\/uploads\/2025\/05\/Hunton-Vindtett-1.avif","datePublished":"2025-05-14T12:03:47+00:00","dateModified":"2025-07-24T07:46:00+00:00","breadcrumb":{"@id":"https:\/\/hutton.ee\/toode\/tuuletokke-plaat-windproof-12x1200x2700-324m%c2%b2\/#breadcrumb"},"inLanguage":"en-US","potentialAction":[{"@type":"ReadAction","target":["https:\/\/hutton.ee\/toode\/tuuletokke-plaat-windproof-12x1200x2700-324m%c2%b2\/"]}]},{"@type":"ImageObject","inLanguage":"en-US","@id":"https:\/\/hutton.ee\/toode\/tuuletokke-plaat-windproof-12x1200x2700-324m%c2%b2\/#primaryimage","url":"https:\/\/hutton.ee\/wp-content\/uploads\/2025\/05\/Hunton-Vindtett-1.avif","contentUrl":"https:\/\/hutton.ee\/wp-content\/uploads\/2025\/05\/Hunton-Vindtett-1.avif","width":1024,"height":683,"caption":"Hunton tuulet\u00f5kkeplaat"},{"@type":"BreadcrumbList","@id":"https:\/\/hutton.ee\/toode\/tuuletokke-plaat-windproof-12x1200x2700-324m%c2%b2\/#breadcrumb","itemListElement":[{"@type":"ListItem","position":1,"name":"Avaleht","item":"https:\/\/hutton.ee\/"},{"@type":"ListItem","position":2,"name":"Shop","item":"https:\/\/hutton.ee\/en\/shop\/"},{"@type":"ListItem","position":3,"name":"Tuulet\u00f5kke plaat WindProof 12x1200x2700, 3,24m\u00b2"}]},{"@type":"WebSite","@id":"https:\/\/hutton.ee\/#website","url":"https:\/\/hutton.ee\/","name":"Hutton","description":"Ajas kestvad ehituslahendused","publisher":{"@id":"https:\/\/hutton.ee\/#organization"},"potentialAction":[{"@type":"SearchAction","target":{"@type":"EntryPoint","urlTemplate":"https:\/\/hutton.ee\/?s={search_term_string}"},"query-input":{"@type":"PropertyValueSpecification","valueRequired":true,"valueName":"search_term_string"}}],"inLanguage":"en-US"},{"@type":"Organization","@id":"https:\/\/hutton.ee\/#organization","name":"Hutton - KATUS | SEIN | FASSAAD","url":"https:\/\/hutton.ee\/","logo":{"@type":"ImageObject","inLanguage":"en-US","@id":"https:\/\/hutton.ee\/#\/schema\/logo\/image\/","url":"https:\/\/hutton.ee\/wp-content\/uploads\/2020\/07\/hutton-logo_uuendatud-01.png","contentUrl":"https:\/\/hutton.ee\/wp-content\/uploads\/2020\/07\/hutton-logo_uuendatud-01.png","width":1064,"height":455,"caption":"Hutton - KATUS | SEIN | FASSAAD"},"image":{"@id":"https:\/\/hutton.ee\/#\/schema\/logo\/image\/"},"sameAs":["https:\/\/www.facebook.com\/huttoneesti"]}]}},"_links":{"self":[{"href":"https:\/\/hutton.ee\/en\/wp-json\/wp\/v2\/product\/28202","targetHints":{"allow":["GET"]}}],"collection":[{"href":"https:\/\/hutton.ee\/en\/wp-json\/wp\/v2\/product"}],"about":[{"href":"https:\/\/hutton.ee\/en\/wp-json\/wp\/v2\/types\/product"}],"wp:featuredmedia":[{"embeddable":true,"href":"https:\/\/hutton.ee\/en\/wp-json\/wp\/v2\/media\/28203"}],"wp:attachment":[{"href":"https:\/\/hutton.ee\/en\/wp-json\/wp\/v2\/media?parent=28202"}],"wp:term":[{"taxonomy":"product_brand","embeddable":true,"href":"https:\/\/hutton.ee\/en\/wp-json\/wp\/v2\/product_brand?post=28202"},{"taxonomy":"product_cat","embeddable":true,"href":"https:\/\/hutton.ee\/en\/wp-json\/wp\/v2\/product_cat?post=28202"},{"taxonomy":"product_tag","embeddable":true,"href":"https:\/\/hutton.ee\/en\/wp-json\/wp\/v2\/product_tag?post=28202"},{"taxonomy":"filtrisusteem","embeddable":true,"href":"https:\/\/hutton.ee\/en\/wp-json\/wp\/v2\/filtrisusteem?post=28202"},{"taxonomy":"kvaliteediklass","embeddable":true,"href":"https:\/\/hutton.ee\/en\/wp-json\/wp\/v2\/kvaliteediklass?post=28202"}],"curies":[{"name":"wp","href":"https:\/\/api.w.org\/{rel}","templated":true}]}}