{"id":28243,"date":"2025-05-14T12:40:11","date_gmt":"2025-05-14T12:40:11","guid":{"rendered":"https:\/\/hutton.ee\/?post_type=product&#038;p=28243"},"modified":"2025-06-17T11:02:47","modified_gmt":"2025-06-17T11:02:47","slug":"armapet-eco50-100mm-1008mm-2448mm-2468m%c2%b2","status":"publish","type":"product","link":"https:\/\/hutton.ee\/en\/toode\/armapet-eco50-100mm-1008mm-2448mm-2468m%c2%b2\/","title":{"rendered":"ArmaPET ECO50 100mm\/1008mm\/2448mm 2,468m\u00b2"},"content":{"rendered":"<p data-start=\"76\" data-end=\"344\"><strong data-start=\"76\" data-end=\"88\">ARMACELL<\/strong><br data-start=\"88\" data-end=\"91\" \/>Armacell keskendub tehnos\u00fcsteemide isolatsioonimaterjalidele, k\u00f5rge j\u00f5udlusega vahtmaterjalidele akustiliste ja kergete konstruktsioonide jaoks, taaskasutatud PET-toodetele, uue p\u00f5lvkonna aerogeel-tehnoloogiale ning passiivsetele tulekaitses\u00fcsteemidele.<\/p>\n<p data-start=\"346\" data-end=\"863\"><strong data-start=\"346\" data-end=\"375\">ArmaPET ECO 50 isolatsioon<\/strong> ei keskendu \u00fcksnes tooteomadustele, vaid toetab ka energiat\u00f5husat ja kestlikku ehitamist, parandades samal ajal hoone mugavust ja ohutust.<br data-start=\"514\" data-end=\"517\" \/>Energias\u00e4\u00e4stlikud komposiit-sandwich-konstruktsioonid on t\u00f5hus viis energia s\u00e4\u00e4stmiseks ja CO\u2082 heitkoguste v\u00e4hendamiseks. Armacell j\u00e4rgib k\u00f5rge j\u00f5udlusega isolatsioonimaterjalide kasvavat n\u00f5udlust ning pakub <strong data-start=\"725\" data-end=\"740\">ArmaPET Eco<\/strong> vahts\u00fcdamikku, mis \u00fchendab optimaalselt mehaanilise tugevuse, mitmek\u00fclgsuse, kestlikkuse ja pikaajalise isolatsiooniv\u00f5ime.<\/p>\n<ul data-start=\"865\" data-end=\"1308\">\n<li data-start=\"865\" data-end=\"923\">\n<p data-start=\"867\" data-end=\"923\">Usaldusv\u00e4\u00e4rne isolatsiooniv\u00f5ime kogu kasutusea jooksul<\/p>\n<\/li>\n<li data-start=\"924\" data-end=\"988\">\n<p data-start=\"926\" data-end=\"988\">100% taaskasutatud materjal toetab t\u00f6\u00f6stuse keskkonnan\u00f5udeid<\/p>\n<\/li>\n<li data-start=\"989\" data-end=\"1042\">\n<p data-start=\"991\" data-end=\"1042\">T\u00e4ielikult taaskasutatavad vahupaneelid ja j\u00e4\u00e4gid<\/p>\n<\/li>\n<li data-start=\"1043\" data-end=\"1115\">\n<p data-start=\"1045\" data-end=\"1115\">Kaitseb niiskuse, n\u00e4riliste ja putukate p\u00f5hjustatud kahjustuste eest<\/p>\n<\/li>\n<li data-start=\"1116\" data-end=\"1175\">\n<p data-start=\"1118\" data-end=\"1175\">Tugev materjal v\u00f5imaldab kiiret ja lihtsat paigaldamist<\/p>\n<\/li>\n<li data-start=\"1176\" data-end=\"1243\">\n<p data-start=\"1178\" data-end=\"1243\">Paksus kuni 200 mm ja paindlikud m\u00f5\u00f5dud lihtsustavad kasutamist<\/p>\n<\/li>\n<li data-start=\"1244\" data-end=\"1308\">\n<p data-start=\"1246\" data-end=\"1308\">V\u00e4ga hea \u00fchilduvus nii orgaaniliste kui mineraalsete liimidega<\/p>\n<\/li>\n<\/ul>\n","protected":false},"excerpt":{"rendered":"<p>ARMACELLArmacell keskendub tehnos\u00fcsteemide isolatsioonimaterjalidele, k\u00f5rge j\u00f5udlusega vahtmaterjalidele akustiliste ja kergete konstruktsioonide jaoks, taaskasutatud PET-toodetele, uue p\u00f5lvkonna aerogeel-tehnoloogiale ning passiivsetele tulekaitses\u00fcsteemidele. ArmaPET ECO 50 isolatsioon ei keskendu \u00fcksnes tooteomadustele, vaid toetab ka energiat\u00f5husat ja kestlikku ehitamist, parandades samal ajal hoone mugavust ja ohutust.Energias\u00e4\u00e4stlikud komposiit-sandwich-konstruktsioonid on t\u00f5hus viis energia s\u00e4\u00e4stmiseks ja CO\u2082 heitkoguste v\u00e4hendamiseks. Armacell j\u00e4rgib k\u00f5rge [&hellip;]<\/p>\n","protected":false},"featured_media":28237,"template":"","meta":{"_gspb_post_css":"","_uf_show_specific_survey":0,"_uf_disable_surveys":false},"product_brand":[],"product_cat":[986],"product_tag":[2893,1258],"filtrisusteem":[],"kvaliteediklass":[],"class_list":{"0":"post-28243","1":"product","2":"type-product","3":"status-publish","4":"has-post-thumbnail","6":"product_cat-soojustus","7":"product_tag-1tk_block","8":"product_tag-ei_pakiautomaat","10":"first","11":"instock","12":"taxable","13":"shipping-taxable","14":"purchasable","15":"product-type-simple"},"yoast_head":"<!-- This site is optimized with the Yoast SEO Premium plugin v21.3 (Yoast SEO v27.3) - https:\/\/yoast.com\/product\/yoast-seo-premium-wordpress\/ -->\n<title>ArmaPET ECO50 100mm\/1008mm\/2448mm 2,468m\u00b2 - Hutton<\/title>\n<meta name=\"robots\" content=\"index, follow, max-snippet:-1, max-image-preview:large, max-video-preview:-1\" \/>\n<link rel=\"canonical\" href=\"https:\/\/hutton.ee\/toode\/armapet-eco50-100mm-1008mm-2448mm-2468m\u00b2\/\" \/>\n<meta property=\"og:locale\" content=\"en_US\" \/>\n<meta property=\"og:type\" content=\"article\" \/>\n<meta property=\"og:title\" content=\"ArmaPET ECO50 100mm\/1008mm\/2448mm 2,468m\u00b2\" \/>\n<meta property=\"og:description\" content=\"ARMACELLArmacell keskendub tehnos\u00fcsteemide isolatsioonimaterjalidele, k\u00f5rge j\u00f5udlusega vahtmaterjalidele akustiliste ja kergete konstruktsioonide jaoks, taaskasutatud PET-toodetele, uue p\u00f5lvkonna aerogeel-tehnoloogiale ning passiivsetele tulekaitses\u00fcsteemidele. ArmaPET ECO 50 isolatsioon ei keskendu \u00fcksnes tooteomadustele, vaid toetab ka energiat\u00f5husat ja kestlikku ehitamist, parandades samal ajal hoone mugavust ja ohutust.Energias\u00e4\u00e4stlikud komposiit-sandwich-konstruktsioonid on t\u00f5hus viis energia s\u00e4\u00e4stmiseks ja CO\u2082 heitkoguste v\u00e4hendamiseks. Armacell j\u00e4rgib k\u00f5rge [&hellip;]\" \/>\n<meta property=\"og:url\" content=\"https:\/\/hutton.ee\/toode\/armapet-eco50-100mm-1008mm-2448mm-2468m\u00b2\/\" \/>\n<meta property=\"og:site_name\" content=\"Hutton\" \/>\n<meta property=\"article:publisher\" content=\"https:\/\/www.facebook.com\/huttoneesti\" \/>\n<meta property=\"article:modified_time\" content=\"2025-06-17T11:02:47+00:00\" \/>\n<meta property=\"og:image\" content=\"https:\/\/hutton.ee\/wp-content\/uploads\/2025\/05\/armacell-armapet-struct.png\" \/>\n\t<meta property=\"og:image:width\" content=\"290\" \/>\n\t<meta property=\"og:image:height\" content=\"190\" \/>\n\t<meta property=\"og:image:type\" content=\"image\/png\" \/>\n<meta name=\"twitter:card\" content=\"summary_large_image\" \/>\n<meta name=\"twitter:label1\" content=\"Est. reading time\" \/>\n\t<meta name=\"twitter:data1\" content=\"1 minute\" \/>\n<script type=\"application\/ld+json\" class=\"yoast-schema-graph\">{\"@context\":\"https:\\\/\\\/schema.org\",\"@graph\":[{\"@type\":\"WebPage\",\"@id\":\"https:\\\/\\\/hutton.ee\\\/toode\\\/armapet-eco50-100mm-1008mm-2448mm-2468m%c2%b2\\\/\",\"url\":\"https:\\\/\\\/hutton.ee\\\/toode\\\/armapet-eco50-100mm-1008mm-2448mm-2468m%c2%b2\\\/\",\"name\":\"ArmaPET ECO50 100mm\\\/1008mm\\\/2448mm 2,468m\u00b2 - Hutton\",\"isPartOf\":{\"@id\":\"https:\\\/\\\/hutton.ee\\\/#website\"},\"primaryImageOfPage\":{\"@id\":\"https:\\\/\\\/hutton.ee\\\/toode\\\/armapet-eco50-100mm-1008mm-2448mm-2468m%c2%b2\\\/#primaryimage\"},\"image\":{\"@id\":\"https:\\\/\\\/hutton.ee\\\/toode\\\/armapet-eco50-100mm-1008mm-2448mm-2468m%c2%b2\\\/#primaryimage\"},\"thumbnailUrl\":\"https:\\\/\\\/hutton.ee\\\/wp-content\\\/uploads\\\/2025\\\/05\\\/armacell-armapet-struct.png\",\"datePublished\":\"2025-05-14T12:40:11+00:00\",\"dateModified\":\"2025-06-17T11:02:47+00:00\",\"breadcrumb\":{\"@id\":\"https:\\\/\\\/hutton.ee\\\/toode\\\/armapet-eco50-100mm-1008mm-2448mm-2468m%c2%b2\\\/#breadcrumb\"},\"inLanguage\":\"en-US\",\"potentialAction\":[{\"@type\":\"ReadAction\",\"target\":[\"https:\\\/\\\/hutton.ee\\\/toode\\\/armapet-eco50-100mm-1008mm-2448mm-2468m%c2%b2\\\/\"]}]},{\"@type\":\"ImageObject\",\"inLanguage\":\"en-US\",\"@id\":\"https:\\\/\\\/hutton.ee\\\/toode\\\/armapet-eco50-100mm-1008mm-2448mm-2468m%c2%b2\\\/#primaryimage\",\"url\":\"https:\\\/\\\/hutton.ee\\\/wp-content\\\/uploads\\\/2025\\\/05\\\/armacell-armapet-struct.png\",\"contentUrl\":\"https:\\\/\\\/hutton.ee\\\/wp-content\\\/uploads\\\/2025\\\/05\\\/armacell-armapet-struct.png\",\"width\":290,\"height\":190,\"caption\":\"ArmaPET ECO50\"},{\"@type\":\"BreadcrumbList\",\"@id\":\"https:\\\/\\\/hutton.ee\\\/toode\\\/armapet-eco50-100mm-1008mm-2448mm-2468m%c2%b2\\\/#breadcrumb\",\"itemListElement\":[{\"@type\":\"ListItem\",\"position\":1,\"name\":\"Avaleht\",\"item\":\"https:\\\/\\\/hutton.ee\\\/\"},{\"@type\":\"ListItem\",\"position\":2,\"name\":\"Shop\",\"item\":\"https:\\\/\\\/hutton.ee\\\/en\\\/shop\\\/\"},{\"@type\":\"ListItem\",\"position\":3,\"name\":\"ArmaPET ECO50 100mm\\\/1008mm\\\/2448mm 2,468m\u00b2\"}]},{\"@type\":\"WebSite\",\"@id\":\"https:\\\/\\\/hutton.ee\\\/#website\",\"url\":\"https:\\\/\\\/hutton.ee\\\/\",\"name\":\"Hutton\",\"description\":\"Ajas kestvad ehituslahendused\",\"publisher\":{\"@id\":\"https:\\\/\\\/hutton.ee\\\/#organization\"},\"potentialAction\":[{\"@type\":\"SearchAction\",\"target\":{\"@type\":\"EntryPoint\",\"urlTemplate\":\"https:\\\/\\\/hutton.ee\\\/?s={search_term_string}\"},\"query-input\":{\"@type\":\"PropertyValueSpecification\",\"valueRequired\":true,\"valueName\":\"search_term_string\"}}],\"inLanguage\":\"en-US\"},{\"@type\":\"Organization\",\"@id\":\"https:\\\/\\\/hutton.ee\\\/#organization\",\"name\":\"Hutton - KATUS | SEIN | FASSAAD\",\"url\":\"https:\\\/\\\/hutton.ee\\\/\",\"logo\":{\"@type\":\"ImageObject\",\"inLanguage\":\"en-US\",\"@id\":\"https:\\\/\\\/hutton.ee\\\/#\\\/schema\\\/logo\\\/image\\\/\",\"url\":\"https:\\\/\\\/hutton.ee\\\/wp-content\\\/uploads\\\/2020\\\/07\\\/hutton-logo_uuendatud-01.png\",\"contentUrl\":\"https:\\\/\\\/hutton.ee\\\/wp-content\\\/uploads\\\/2020\\\/07\\\/hutton-logo_uuendatud-01.png\",\"width\":1064,\"height\":455,\"caption\":\"Hutton - KATUS | SEIN | FASSAAD\"},\"image\":{\"@id\":\"https:\\\/\\\/hutton.ee\\\/#\\\/schema\\\/logo\\\/image\\\/\"},\"sameAs\":[\"https:\\\/\\\/www.facebook.com\\\/huttoneesti\"]}]}<\/script>\n<!-- \/ Yoast SEO Premium plugin. -->","yoast_head_json":{"title":"ArmaPET ECO50 100mm\/1008mm\/2448mm 2,468m\u00b2 - Hutton","robots":{"index":"index","follow":"follow","max-snippet":"max-snippet:-1","max-image-preview":"max-image-preview:large","max-video-preview":"max-video-preview:-1"},"canonical":"https:\/\/hutton.ee\/toode\/armapet-eco50-100mm-1008mm-2448mm-2468m\u00b2\/","og_locale":"en_US","og_type":"article","og_title":"ArmaPET ECO50 100mm\/1008mm\/2448mm 2,468m\u00b2","og_description":"ARMACELLArmacell keskendub tehnos\u00fcsteemide isolatsioonimaterjalidele, k\u00f5rge j\u00f5udlusega vahtmaterjalidele akustiliste ja kergete konstruktsioonide jaoks, taaskasutatud PET-toodetele, uue p\u00f5lvkonna aerogeel-tehnoloogiale ning passiivsetele tulekaitses\u00fcsteemidele. ArmaPET ECO 50 isolatsioon ei keskendu \u00fcksnes tooteomadustele, vaid toetab ka energiat\u00f5husat ja kestlikku ehitamist, parandades samal ajal hoone mugavust ja ohutust.Energias\u00e4\u00e4stlikud komposiit-sandwich-konstruktsioonid on t\u00f5hus viis energia s\u00e4\u00e4stmiseks ja CO\u2082 heitkoguste v\u00e4hendamiseks. Armacell j\u00e4rgib k\u00f5rge [&hellip;]","og_url":"https:\/\/hutton.ee\/toode\/armapet-eco50-100mm-1008mm-2448mm-2468m\u00b2\/","og_site_name":"Hutton","article_publisher":"https:\/\/www.facebook.com\/huttoneesti","article_modified_time":"2025-06-17T11:02:47+00:00","og_image":[{"width":290,"height":190,"url":"https:\/\/hutton.ee\/wp-content\/uploads\/2025\/05\/armacell-armapet-struct.png","type":"image\/png"}],"twitter_card":"summary_large_image","twitter_misc":{"Est. reading time":"1 minute"},"schema":{"@context":"https:\/\/schema.org","@graph":[{"@type":"WebPage","@id":"https:\/\/hutton.ee\/toode\/armapet-eco50-100mm-1008mm-2448mm-2468m%c2%b2\/","url":"https:\/\/hutton.ee\/toode\/armapet-eco50-100mm-1008mm-2448mm-2468m%c2%b2\/","name":"ArmaPET ECO50 100mm\/1008mm\/2448mm 2,468m\u00b2 - Hutton","isPartOf":{"@id":"https:\/\/hutton.ee\/#website"},"primaryImageOfPage":{"@id":"https:\/\/hutton.ee\/toode\/armapet-eco50-100mm-1008mm-2448mm-2468m%c2%b2\/#primaryimage"},"image":{"@id":"https:\/\/hutton.ee\/toode\/armapet-eco50-100mm-1008mm-2448mm-2468m%c2%b2\/#primaryimage"},"thumbnailUrl":"https:\/\/hutton.ee\/wp-content\/uploads\/2025\/05\/armacell-armapet-struct.png","datePublished":"2025-05-14T12:40:11+00:00","dateModified":"2025-06-17T11:02:47+00:00","breadcrumb":{"@id":"https:\/\/hutton.ee\/toode\/armapet-eco50-100mm-1008mm-2448mm-2468m%c2%b2\/#breadcrumb"},"inLanguage":"en-US","potentialAction":[{"@type":"ReadAction","target":["https:\/\/hutton.ee\/toode\/armapet-eco50-100mm-1008mm-2448mm-2468m%c2%b2\/"]}]},{"@type":"ImageObject","inLanguage":"en-US","@id":"https:\/\/hutton.ee\/toode\/armapet-eco50-100mm-1008mm-2448mm-2468m%c2%b2\/#primaryimage","url":"https:\/\/hutton.ee\/wp-content\/uploads\/2025\/05\/armacell-armapet-struct.png","contentUrl":"https:\/\/hutton.ee\/wp-content\/uploads\/2025\/05\/armacell-armapet-struct.png","width":290,"height":190,"caption":"ArmaPET ECO50"},{"@type":"BreadcrumbList","@id":"https:\/\/hutton.ee\/toode\/armapet-eco50-100mm-1008mm-2448mm-2468m%c2%b2\/#breadcrumb","itemListElement":[{"@type":"ListItem","position":1,"name":"Avaleht","item":"https:\/\/hutton.ee\/"},{"@type":"ListItem","position":2,"name":"Shop","item":"https:\/\/hutton.ee\/en\/shop\/"},{"@type":"ListItem","position":3,"name":"ArmaPET ECO50 100mm\/1008mm\/2448mm 2,468m\u00b2"}]},{"@type":"WebSite","@id":"https:\/\/hutton.ee\/#website","url":"https:\/\/hutton.ee\/","name":"Hutton","description":"Ajas kestvad ehituslahendused","publisher":{"@id":"https:\/\/hutton.ee\/#organization"},"potentialAction":[{"@type":"SearchAction","target":{"@type":"EntryPoint","urlTemplate":"https:\/\/hutton.ee\/?s={search_term_string}"},"query-input":{"@type":"PropertyValueSpecification","valueRequired":true,"valueName":"search_term_string"}}],"inLanguage":"en-US"},{"@type":"Organization","@id":"https:\/\/hutton.ee\/#organization","name":"Hutton - KATUS | SEIN | FASSAAD","url":"https:\/\/hutton.ee\/","logo":{"@type":"ImageObject","inLanguage":"en-US","@id":"https:\/\/hutton.ee\/#\/schema\/logo\/image\/","url":"https:\/\/hutton.ee\/wp-content\/uploads\/2020\/07\/hutton-logo_uuendatud-01.png","contentUrl":"https:\/\/hutton.ee\/wp-content\/uploads\/2020\/07\/hutton-logo_uuendatud-01.png","width":1064,"height":455,"caption":"Hutton - KATUS | SEIN | FASSAAD"},"image":{"@id":"https:\/\/hutton.ee\/#\/schema\/logo\/image\/"},"sameAs":["https:\/\/www.facebook.com\/huttoneesti"]}]}},"_links":{"self":[{"href":"https:\/\/hutton.ee\/en\/wp-json\/wp\/v2\/product\/28243","targetHints":{"allow":["GET"]}}],"collection":[{"href":"https:\/\/hutton.ee\/en\/wp-json\/wp\/v2\/product"}],"about":[{"href":"https:\/\/hutton.ee\/en\/wp-json\/wp\/v2\/types\/product"}],"wp:featuredmedia":[{"embeddable":true,"href":"https:\/\/hutton.ee\/en\/wp-json\/wp\/v2\/media\/28237"}],"wp:attachment":[{"href":"https:\/\/hutton.ee\/en\/wp-json\/wp\/v2\/media?parent=28243"}],"wp:term":[{"taxonomy":"product_brand","embeddable":true,"href":"https:\/\/hutton.ee\/en\/wp-json\/wp\/v2\/product_brand?post=28243"},{"taxonomy":"product_cat","embeddable":true,"href":"https:\/\/hutton.ee\/en\/wp-json\/wp\/v2\/product_cat?post=28243"},{"taxonomy":"product_tag","embeddable":true,"href":"https:\/\/hutton.ee\/en\/wp-json\/wp\/v2\/product_tag?post=28243"},{"taxonomy":"filtrisusteem","embeddable":true,"href":"https:\/\/hutton.ee\/en\/wp-json\/wp\/v2\/filtrisusteem?post=28243"},{"taxonomy":"kvaliteediklass","embeddable":true,"href":"https:\/\/hutton.ee\/en\/wp-json\/wp\/v2\/kvaliteediklass?post=28243"}],"curies":[{"name":"wp","href":"https:\/\/api.w.org\/{rel}","templated":true}]}}