{"id":28445,"date":"2025-06-04T11:57:44","date_gmt":"2025-06-04T11:57:44","guid":{"rendered":"https:\/\/hutton.ee\/?post_type=product&#038;p=28445"},"modified":"2025-07-29T07:15:47","modified_gmt":"2025-07-29T07:15:47","slug":"universaalne-klammerdaja-rl53-6-14mm","status":"publish","type":"product","link":"https:\/\/hutton.ee\/en\/toode\/universaalne-klammerdaja-rl53-6-14mm\/","title":{"rendered":"Universaalne klammerdaja RL53, 6-14mm"},"content":{"rendered":"<p data-start=\"64\" data-end=\"99\"><strong data-start=\"64\" data-end=\"76\">Omadused<\/strong><br data-start=\"76\" data-end=\"79\" \/>Kergklammerdaja RL53<\/p>\n<ul data-start=\"101\" data-end=\"538\">\n<li data-start=\"101\" data-end=\"175\">\n<p data-start=\"103\" data-end=\"175\">Klambriarvu vaateaken v\u00f5imaldab kiiresti kontrollida klambrite kogust.<\/p>\n<\/li>\n<li data-start=\"176\" data-end=\"255\">\n<p data-start=\"178\" data-end=\"255\">Alumine kassett koos lukustusega tagab kiire ja lihtsa klambrite laadimise.<\/p>\n<\/li>\n<li data-start=\"256\" data-end=\"321\">\n<p data-start=\"258\" data-end=\"321\">Lame vedru pikendab t\u00f6\u00f6riista eluiga ja v\u00e4hendab tagasil\u00f6\u00f6ki.<\/p>\n<\/li>\n<li data-start=\"322\" data-end=\"377\">\n<p data-start=\"324\" data-end=\"377\">Kokkuvolditav k\u00e4epide teeb transportimise mugavaks.<\/p>\n<\/li>\n<li data-start=\"378\" data-end=\"447\">\n<p data-start=\"380\" data-end=\"447\">&#8220;Proovi mind&#8221; pakend v\u00f5imaldab tutvuda funktsioonidega enne ostu.<\/p>\n<\/li>\n<li data-start=\"448\" data-end=\"538\">\n<p data-start=\"450\" data-end=\"538\">Kaheastmeline l\u00f6\u00f6gij\u00f5u reguleerimine v\u00f5imaldab kohandada tugevust vastavalt materjalile.<\/p>\n<\/li>\n<\/ul>\n<p data-start=\"540\" data-end=\"564\"><strong data-start=\"540\" data-end=\"562\">Sobivad aluspinnad<\/strong><\/p>\n<ul data-start=\"565\" data-end=\"685\">\n<li data-start=\"565\" data-end=\"583\">\n<p data-start=\"567\" data-end=\"583\">Puitmaterjalid<\/p>\n<\/li>\n<li data-start=\"584\" data-end=\"594\">\n<p data-start=\"586\" data-end=\"594\">Vineer<\/p>\n<\/li>\n<li data-start=\"595\" data-end=\"629\">\n<p data-start=\"597\" data-end=\"629\">OSB (orienteeritud laastplaat)<\/p>\n<\/li>\n<li data-start=\"630\" data-end=\"648\">\n<p data-start=\"632\" data-end=\"648\">Puitlaastplaat<\/p>\n<\/li>\n<li data-start=\"649\" data-end=\"664\">\n<p data-start=\"651\" data-end=\"664\">PVC-profiil<\/p>\n<\/li>\n<li data-start=\"665\" data-end=\"676\">\n<p data-start=\"667\" data-end=\"676\">Kartong<\/p>\n<\/li>\n<li data-start=\"677\" data-end=\"685\">\n<p data-start=\"679\" data-end=\"685\">Kangas<\/p>\n<\/li>\n<\/ul>\n<p><strong>Vajadusel k\u00fcsi n\u00f5u:<\/strong><\/p>\n<p><strong>Neeme<\/strong> <a href=\"tel:5098168\">+372 509 8168<\/a> | <a href=\"mailto:neeme@hutton.ee\">neeme@hutton.ee<\/a><\/p>\n","protected":false},"excerpt":{"rendered":"<p><span style=\"text-decoration: underline;\"><span style=\"color: #ff0000; font-size: 12pt; text-decoration: underline;\"><strong><a style=\"color: #ff0000; text-decoration: underline;\" href=\"https:\/\/hutton.ee\/minu-konto\/\" target=\"_blank\" rel=\"noopener\">Registreeru p\u00fcsikliendiks<\/a>!<\/strong><\/span><\/span><\/p>\n","protected":false},"featured_media":28453,"template":"","meta":{"_gspb_post_css":"","_uf_show_specific_survey":0,"_uf_disable_surveys":false},"product_brand":[],"product_cat":[1992,2910],"product_tag":[],"filtrisusteem":[],"kvaliteediklass":[],"class_list":{"0":"post-28445","1":"product","2":"type-product","3":"status-publish","4":"has-post-thumbnail","6":"product_cat-kinnitusvahendid","7":"product_cat-klambrid-klammerdajad","9":"first","10":"instock","11":"taxable","12":"shipping-taxable","13":"purchasable","14":"product-type-simple"},"yoast_head":"<!-- This site is optimized with the Yoast SEO Premium plugin v21.3 (Yoast SEO v27.5) - https:\/\/yoast.com\/product\/yoast-seo-premium-wordpress\/ -->\n<title>Universaalne klammerdaja RL53, 6-14mm - Hutton<\/title>\n<meta name=\"robots\" content=\"index, follow, max-snippet:-1, max-image-preview:large, max-video-preview:-1\" \/>\n<link rel=\"canonical\" href=\"https:\/\/hutton.ee\/toode\/universaalne-klammerdaja-rl53-6-14mm\/\" \/>\n<meta property=\"og:locale\" content=\"en_US\" \/>\n<meta property=\"og:type\" content=\"article\" \/>\n<meta property=\"og:title\" content=\"Universaalne klammerdaja RL53, 6-14mm\" \/>\n<meta property=\"og:description\" content=\"Registreeru p\u00fcsikliendiks!\" \/>\n<meta property=\"og:url\" content=\"https:\/\/hutton.ee\/toode\/universaalne-klammerdaja-rl53-6-14mm\/\" \/>\n<meta property=\"og:site_name\" content=\"Hutton\" \/>\n<meta property=\"article:publisher\" content=\"https:\/\/www.facebook.com\/huttoneesti\" \/>\n<meta property=\"article:modified_time\" content=\"2025-07-29T07:15:47+00:00\" \/>\n<meta property=\"og:image\" content=\"https:\/\/hutton.ee\/wp-content\/uploads\/2025\/06\/RL53-klamber-7.png\" \/>\n\t<meta property=\"og:image:width\" content=\"300\" \/>\n\t<meta property=\"og:image:height\" content=\"300\" \/>\n\t<meta property=\"og:image:type\" content=\"image\/png\" \/>\n<meta name=\"twitter:card\" content=\"summary_large_image\" \/>\n<meta name=\"twitter:label1\" content=\"Est. reading time\" \/>\n\t<meta name=\"twitter:data1\" content=\"1 minute\" \/>\n<script type=\"application\/ld+json\" class=\"yoast-schema-graph\">{\"@context\":\"https:\\\/\\\/schema.org\",\"@graph\":[{\"@type\":\"WebPage\",\"@id\":\"https:\\\/\\\/hutton.ee\\\/toode\\\/universaalne-klammerdaja-rl53-6-14mm\\\/\",\"url\":\"https:\\\/\\\/hutton.ee\\\/toode\\\/universaalne-klammerdaja-rl53-6-14mm\\\/\",\"name\":\"Universaalne klammerdaja RL53, 6-14mm - Hutton\",\"isPartOf\":{\"@id\":\"https:\\\/\\\/hutton.ee\\\/#website\"},\"primaryImageOfPage\":{\"@id\":\"https:\\\/\\\/hutton.ee\\\/toode\\\/universaalne-klammerdaja-rl53-6-14mm\\\/#primaryimage\"},\"image\":{\"@id\":\"https:\\\/\\\/hutton.ee\\\/toode\\\/universaalne-klammerdaja-rl53-6-14mm\\\/#primaryimage\"},\"thumbnailUrl\":\"https:\\\/\\\/hutton.ee\\\/wp-content\\\/uploads\\\/2025\\\/06\\\/RL53-klamber-7.png\",\"datePublished\":\"2025-06-04T11:57:44+00:00\",\"dateModified\":\"2025-07-29T07:15:47+00:00\",\"breadcrumb\":{\"@id\":\"https:\\\/\\\/hutton.ee\\\/toode\\\/universaalne-klammerdaja-rl53-6-14mm\\\/#breadcrumb\"},\"inLanguage\":\"en-US\",\"potentialAction\":[{\"@type\":\"ReadAction\",\"target\":[\"https:\\\/\\\/hutton.ee\\\/toode\\\/universaalne-klammerdaja-rl53-6-14mm\\\/\"]}]},{\"@type\":\"ImageObject\",\"inLanguage\":\"en-US\",\"@id\":\"https:\\\/\\\/hutton.ee\\\/toode\\\/universaalne-klammerdaja-rl53-6-14mm\\\/#primaryimage\",\"url\":\"https:\\\/\\\/hutton.ee\\\/wp-content\\\/uploads\\\/2025\\\/06\\\/RL53-klamber-7.png\",\"contentUrl\":\"https:\\\/\\\/hutton.ee\\\/wp-content\\\/uploads\\\/2025\\\/06\\\/RL53-klamber-7.png\",\"width\":300,\"height\":300,\"caption\":\"Universaalne klammerdaja NO53, 6-14mm\"},{\"@type\":\"BreadcrumbList\",\"@id\":\"https:\\\/\\\/hutton.ee\\\/toode\\\/universaalne-klammerdaja-rl53-6-14mm\\\/#breadcrumb\",\"itemListElement\":[{\"@type\":\"ListItem\",\"position\":1,\"name\":\"Avaleht\",\"item\":\"https:\\\/\\\/hutton.ee\\\/\"},{\"@type\":\"ListItem\",\"position\":2,\"name\":\"Shop\",\"item\":\"https:\\\/\\\/hutton.ee\\\/en\\\/shop\\\/\"},{\"@type\":\"ListItem\",\"position\":3,\"name\":\"Universaalne klammerdaja RL53, 6-14mm\"}]},{\"@type\":\"WebSite\",\"@id\":\"https:\\\/\\\/hutton.ee\\\/#website\",\"url\":\"https:\\\/\\\/hutton.ee\\\/\",\"name\":\"Hutton\",\"description\":\"Ajas kestvad ehituslahendused\",\"publisher\":{\"@id\":\"https:\\\/\\\/hutton.ee\\\/#organization\"},\"potentialAction\":[{\"@type\":\"SearchAction\",\"target\":{\"@type\":\"EntryPoint\",\"urlTemplate\":\"https:\\\/\\\/hutton.ee\\\/?s={search_term_string}\"},\"query-input\":{\"@type\":\"PropertyValueSpecification\",\"valueRequired\":true,\"valueName\":\"search_term_string\"}}],\"inLanguage\":\"en-US\"},{\"@type\":\"Organization\",\"@id\":\"https:\\\/\\\/hutton.ee\\\/#organization\",\"name\":\"Hutton - KATUS | SEIN | FASSAAD\",\"url\":\"https:\\\/\\\/hutton.ee\\\/\",\"logo\":{\"@type\":\"ImageObject\",\"inLanguage\":\"en-US\",\"@id\":\"https:\\\/\\\/hutton.ee\\\/#\\\/schema\\\/logo\\\/image\\\/\",\"url\":\"https:\\\/\\\/hutton.ee\\\/wp-content\\\/uploads\\\/2020\\\/07\\\/hutton-logo_uuendatud-01.png\",\"contentUrl\":\"https:\\\/\\\/hutton.ee\\\/wp-content\\\/uploads\\\/2020\\\/07\\\/hutton-logo_uuendatud-01.png\",\"width\":1064,\"height\":455,\"caption\":\"Hutton - KATUS | SEIN | FASSAAD\"},\"image\":{\"@id\":\"https:\\\/\\\/hutton.ee\\\/#\\\/schema\\\/logo\\\/image\\\/\"},\"sameAs\":[\"https:\\\/\\\/www.facebook.com\\\/huttoneesti\"]}]}<\/script>\n<!-- \/ Yoast SEO Premium plugin. -->","yoast_head_json":{"title":"Universaalne klammerdaja RL53, 6-14mm - Hutton","robots":{"index":"index","follow":"follow","max-snippet":"max-snippet:-1","max-image-preview":"max-image-preview:large","max-video-preview":"max-video-preview:-1"},"canonical":"https:\/\/hutton.ee\/toode\/universaalne-klammerdaja-rl53-6-14mm\/","og_locale":"en_US","og_type":"article","og_title":"Universaalne klammerdaja RL53, 6-14mm","og_description":"Registreeru p\u00fcsikliendiks!","og_url":"https:\/\/hutton.ee\/toode\/universaalne-klammerdaja-rl53-6-14mm\/","og_site_name":"Hutton","article_publisher":"https:\/\/www.facebook.com\/huttoneesti","article_modified_time":"2025-07-29T07:15:47+00:00","og_image":[{"width":300,"height":300,"url":"https:\/\/hutton.ee\/wp-content\/uploads\/2025\/06\/RL53-klamber-7.png","type":"image\/png"}],"twitter_card":"summary_large_image","twitter_misc":{"Est. reading time":"1 minute"},"schema":{"@context":"https:\/\/schema.org","@graph":[{"@type":"WebPage","@id":"https:\/\/hutton.ee\/toode\/universaalne-klammerdaja-rl53-6-14mm\/","url":"https:\/\/hutton.ee\/toode\/universaalne-klammerdaja-rl53-6-14mm\/","name":"Universaalne klammerdaja RL53, 6-14mm - Hutton","isPartOf":{"@id":"https:\/\/hutton.ee\/#website"},"primaryImageOfPage":{"@id":"https:\/\/hutton.ee\/toode\/universaalne-klammerdaja-rl53-6-14mm\/#primaryimage"},"image":{"@id":"https:\/\/hutton.ee\/toode\/universaalne-klammerdaja-rl53-6-14mm\/#primaryimage"},"thumbnailUrl":"https:\/\/hutton.ee\/wp-content\/uploads\/2025\/06\/RL53-klamber-7.png","datePublished":"2025-06-04T11:57:44+00:00","dateModified":"2025-07-29T07:15:47+00:00","breadcrumb":{"@id":"https:\/\/hutton.ee\/toode\/universaalne-klammerdaja-rl53-6-14mm\/#breadcrumb"},"inLanguage":"en-US","potentialAction":[{"@type":"ReadAction","target":["https:\/\/hutton.ee\/toode\/universaalne-klammerdaja-rl53-6-14mm\/"]}]},{"@type":"ImageObject","inLanguage":"en-US","@id":"https:\/\/hutton.ee\/toode\/universaalne-klammerdaja-rl53-6-14mm\/#primaryimage","url":"https:\/\/hutton.ee\/wp-content\/uploads\/2025\/06\/RL53-klamber-7.png","contentUrl":"https:\/\/hutton.ee\/wp-content\/uploads\/2025\/06\/RL53-klamber-7.png","width":300,"height":300,"caption":"Universaalne klammerdaja NO53, 6-14mm"},{"@type":"BreadcrumbList","@id":"https:\/\/hutton.ee\/toode\/universaalne-klammerdaja-rl53-6-14mm\/#breadcrumb","itemListElement":[{"@type":"ListItem","position":1,"name":"Avaleht","item":"https:\/\/hutton.ee\/"},{"@type":"ListItem","position":2,"name":"Shop","item":"https:\/\/hutton.ee\/en\/shop\/"},{"@type":"ListItem","position":3,"name":"Universaalne klammerdaja RL53, 6-14mm"}]},{"@type":"WebSite","@id":"https:\/\/hutton.ee\/#website","url":"https:\/\/hutton.ee\/","name":"Hutton","description":"Ajas kestvad ehituslahendused","publisher":{"@id":"https:\/\/hutton.ee\/#organization"},"potentialAction":[{"@type":"SearchAction","target":{"@type":"EntryPoint","urlTemplate":"https:\/\/hutton.ee\/?s={search_term_string}"},"query-input":{"@type":"PropertyValueSpecification","valueRequired":true,"valueName":"search_term_string"}}],"inLanguage":"en-US"},{"@type":"Organization","@id":"https:\/\/hutton.ee\/#organization","name":"Hutton - KATUS | SEIN | FASSAAD","url":"https:\/\/hutton.ee\/","logo":{"@type":"ImageObject","inLanguage":"en-US","@id":"https:\/\/hutton.ee\/#\/schema\/logo\/image\/","url":"https:\/\/hutton.ee\/wp-content\/uploads\/2020\/07\/hutton-logo_uuendatud-01.png","contentUrl":"https:\/\/hutton.ee\/wp-content\/uploads\/2020\/07\/hutton-logo_uuendatud-01.png","width":1064,"height":455,"caption":"Hutton - KATUS | SEIN | FASSAAD"},"image":{"@id":"https:\/\/hutton.ee\/#\/schema\/logo\/image\/"},"sameAs":["https:\/\/www.facebook.com\/huttoneesti"]}]}},"_links":{"self":[{"href":"https:\/\/hutton.ee\/en\/wp-json\/wp\/v2\/product\/28445","targetHints":{"allow":["GET"]}}],"collection":[{"href":"https:\/\/hutton.ee\/en\/wp-json\/wp\/v2\/product"}],"about":[{"href":"https:\/\/hutton.ee\/en\/wp-json\/wp\/v2\/types\/product"}],"wp:featuredmedia":[{"embeddable":true,"href":"https:\/\/hutton.ee\/en\/wp-json\/wp\/v2\/media\/28453"}],"wp:attachment":[{"href":"https:\/\/hutton.ee\/en\/wp-json\/wp\/v2\/media?parent=28445"}],"wp:term":[{"taxonomy":"product_brand","embeddable":true,"href":"https:\/\/hutton.ee\/en\/wp-json\/wp\/v2\/product_brand?post=28445"},{"taxonomy":"product_cat","embeddable":true,"href":"https:\/\/hutton.ee\/en\/wp-json\/wp\/v2\/product_cat?post=28445"},{"taxonomy":"product_tag","embeddable":true,"href":"https:\/\/hutton.ee\/en\/wp-json\/wp\/v2\/product_tag?post=28445"},{"taxonomy":"filtrisusteem","embeddable":true,"href":"https:\/\/hutton.ee\/en\/wp-json\/wp\/v2\/filtrisusteem?post=28445"},{"taxonomy":"kvaliteediklass","embeddable":true,"href":"https:\/\/hutton.ee\/en\/wp-json\/wp\/v2\/kvaliteediklass?post=28445"}],"curies":[{"name":"wp","href":"https:\/\/api.w.org\/{rel}","templated":true}]}}