{"id":28461,"date":"2025-06-04T12:17:42","date_gmt":"2025-06-04T12:17:42","guid":{"rendered":"https:\/\/hutton.ee\/?post_type=product&#038;p=28461"},"modified":"2025-07-29T07:13:56","modified_gmt":"2025-07-29T07:13:56","slug":"kerge-metallist-klammerdaja-professional-rl140-6-10mm","status":"publish","type":"product","link":"https:\/\/hutton.ee\/en\/toode\/kerge-metallist-klammerdaja-professional-rl140-6-10mm\/","title":{"rendered":"Kerge metallist klammerdaja; Professional, RL140; 6-10mm"},"content":{"rendered":"<p data-start=\"64\" data-end=\"130\"><strong data-start=\"64\" data-end=\"76\">Omadused<\/strong><br data-start=\"76\" data-end=\"79\" \/>RL140 metallist klammerdaja, klambrivahemik 6\u201310 mm<\/p>\n<ul data-start=\"132\" data-end=\"650\">\n<li data-start=\"132\" data-end=\"186\">\n<p data-start=\"134\" data-end=\"186\">Tugev terasest korpus tagab suurema l\u00f6\u00f6gikindluse.<\/p>\n<\/li>\n<li data-start=\"187\" data-end=\"273\">\n<p data-start=\"189\" data-end=\"273\">Kahekomponentne libisemisvastane k\u00e4epide parandab kasutusmugavust ja t\u00f6\u00f6viljakust.<\/p>\n<\/li>\n<li data-start=\"274\" data-end=\"361\">\n<p data-start=\"276\" data-end=\"361\">Klambriarvu vaateaken v\u00f5imaldab kiiresti kontrollida, kui palju klambreid on alles.<\/p>\n<\/li>\n<li data-start=\"362\" data-end=\"440\">\n<p data-start=\"364\" data-end=\"440\">Alumine kassett lukustiga v\u00f5imaldab klambrite kiiret ja lihtsat laadimist.<\/p>\n<\/li>\n<li data-start=\"441\" data-end=\"506\">\n<p data-start=\"443\" data-end=\"506\">Lame vedru v\u00e4hendab tagasil\u00f6\u00f6ki ja pikendab t\u00f6\u00f6riista eluiga.<\/p>\n<\/li>\n<li data-start=\"507\" data-end=\"562\">\n<p data-start=\"509\" data-end=\"562\">Kokkuvolditav k\u00e4epide teeb transportimise mugavaks.<\/p>\n<\/li>\n<li data-start=\"563\" data-end=\"650\">\n<p data-start=\"565\" data-end=\"650\">\u201eProovi mind\u201d pakend v\u00f5imaldab kasutajal t\u00f6\u00f6riista funktsioonidega tutvuda enne ostu.<\/p>\n<\/li>\n<\/ul>\n<p data-start=\"652\" data-end=\"676\"><strong data-start=\"652\" data-end=\"674\">Sobivad aluspinnad<\/strong><\/p>\n<ul data-start=\"677\" data-end=\"791\">\n<li data-start=\"677\" data-end=\"690\">\n<p data-start=\"679\" data-end=\"690\">Kipsplaat<\/p>\n<\/li>\n<li data-start=\"691\" data-end=\"709\">\n<p data-start=\"693\" data-end=\"709\">Puitlaastplaat<\/p>\n<\/li>\n<li data-start=\"710\" data-end=\"718\">\n<p data-start=\"712\" data-end=\"718\">Puit<\/p>\n<\/li>\n<li data-start=\"719\" data-end=\"737\">\n<p data-start=\"721\" data-end=\"737\">Puitmaterjalid<\/p>\n<\/li>\n<li data-start=\"738\" data-end=\"772\">\n<p data-start=\"740\" data-end=\"772\">OSB (orienteeritud laastplaat)<\/p>\n<\/li>\n<li data-start=\"773\" data-end=\"791\">\n<p data-start=\"775\" data-end=\"791\">Eksootiline puit<\/p>\n<\/li>\n<\/ul>\n<p><strong>Vajadusel k\u00fcsi n\u00f5u:<\/strong><\/p>\n<p><strong>Neeme<\/strong> <a href=\"tel:5098168\">+372 509 8168<\/a> | <a href=\"mailto:neeme@hutton.ee\">neeme@hutton.ee<\/a><\/p>\n","protected":false},"excerpt":{"rendered":"<p><span style=\"text-decoration: underline;\"><span style=\"color: #ff0000; font-size: 12pt; text-decoration: underline;\"><strong><a style=\"color: #ff0000; text-decoration: underline;\" href=\"https:\/\/hutton.ee\/minu-konto\/\" target=\"_blank\" rel=\"noopener\">Registreeru p\u00fcsikliendiks<\/a>!<\/strong><\/span><\/span><\/p>\n","protected":false},"featured_media":28462,"template":"","meta":{"_gspb_post_css":"","_uf_show_specific_survey":0,"_uf_disable_surveys":false},"product_brand":[],"product_cat":[1992,2910],"product_tag":[],"filtrisusteem":[],"kvaliteediklass":[],"class_list":{"0":"post-28461","1":"product","2":"type-product","3":"status-publish","4":"has-post-thumbnail","6":"product_cat-kinnitusvahendid","7":"product_cat-klambrid-klammerdajad","9":"first","10":"instock","11":"taxable","12":"shipping-taxable","13":"purchasable","14":"product-type-simple"},"yoast_head":"<!-- This site is optimized with the Yoast SEO Premium plugin v21.3 (Yoast SEO v27.5) - https:\/\/yoast.com\/product\/yoast-seo-premium-wordpress\/ -->\n<title>Kerge metallist klammerdaja; Professional, RL140; 6-10mm - Hutton<\/title>\n<meta name=\"robots\" content=\"index, follow, max-snippet:-1, max-image-preview:large, max-video-preview:-1\" \/>\n<link rel=\"canonical\" href=\"https:\/\/hutton.ee\/toode\/kerge-metallist-klammerdaja-professional-rl140-6-10mm\/\" \/>\n<meta property=\"og:locale\" content=\"en_US\" \/>\n<meta property=\"og:type\" content=\"article\" \/>\n<meta property=\"og:title\" content=\"Kerge metallist klammerdaja; Professional, RL140; 6-10mm\" \/>\n<meta property=\"og:description\" content=\"Registreeru p\u00fcsikliendiks!\" \/>\n<meta property=\"og:url\" content=\"https:\/\/hutton.ee\/toode\/kerge-metallist-klammerdaja-professional-rl140-6-10mm\/\" \/>\n<meta property=\"og:site_name\" content=\"Hutton\" \/>\n<meta property=\"article:publisher\" content=\"https:\/\/www.facebook.com\/huttoneesti\" \/>\n<meta property=\"article:modified_time\" content=\"2025-07-29T07:13:56+00:00\" \/>\n<meta property=\"og:image\" content=\"https:\/\/hutton.ee\/wp-content\/uploads\/2025\/06\/RL53-klamber-9.png\" \/>\n\t<meta property=\"og:image:width\" content=\"300\" \/>\n\t<meta property=\"og:image:height\" content=\"300\" \/>\n\t<meta property=\"og:image:type\" content=\"image\/png\" \/>\n<meta name=\"twitter:card\" content=\"summary_large_image\" \/>\n<meta name=\"twitter:label1\" content=\"Est. reading time\" \/>\n\t<meta name=\"twitter:data1\" content=\"1 minute\" \/>\n<script type=\"application\/ld+json\" class=\"yoast-schema-graph\">{\"@context\":\"https:\\\/\\\/schema.org\",\"@graph\":[{\"@type\":\"WebPage\",\"@id\":\"https:\\\/\\\/hutton.ee\\\/toode\\\/kerge-metallist-klammerdaja-professional-rl140-6-10mm\\\/\",\"url\":\"https:\\\/\\\/hutton.ee\\\/toode\\\/kerge-metallist-klammerdaja-professional-rl140-6-10mm\\\/\",\"name\":\"Kerge metallist klammerdaja; Professional, RL140; 6-10mm - Hutton\",\"isPartOf\":{\"@id\":\"https:\\\/\\\/hutton.ee\\\/#website\"},\"primaryImageOfPage\":{\"@id\":\"https:\\\/\\\/hutton.ee\\\/toode\\\/kerge-metallist-klammerdaja-professional-rl140-6-10mm\\\/#primaryimage\"},\"image\":{\"@id\":\"https:\\\/\\\/hutton.ee\\\/toode\\\/kerge-metallist-klammerdaja-professional-rl140-6-10mm\\\/#primaryimage\"},\"thumbnailUrl\":\"https:\\\/\\\/hutton.ee\\\/wp-content\\\/uploads\\\/2025\\\/06\\\/RL53-klamber-9.png\",\"datePublished\":\"2025-06-04T12:17:42+00:00\",\"dateModified\":\"2025-07-29T07:13:56+00:00\",\"breadcrumb\":{\"@id\":\"https:\\\/\\\/hutton.ee\\\/toode\\\/kerge-metallist-klammerdaja-professional-rl140-6-10mm\\\/#breadcrumb\"},\"inLanguage\":\"en-US\",\"potentialAction\":[{\"@type\":\"ReadAction\",\"target\":[\"https:\\\/\\\/hutton.ee\\\/toode\\\/kerge-metallist-klammerdaja-professional-rl140-6-10mm\\\/\"]}]},{\"@type\":\"ImageObject\",\"inLanguage\":\"en-US\",\"@id\":\"https:\\\/\\\/hutton.ee\\\/toode\\\/kerge-metallist-klammerdaja-professional-rl140-6-10mm\\\/#primaryimage\",\"url\":\"https:\\\/\\\/hutton.ee\\\/wp-content\\\/uploads\\\/2025\\\/06\\\/RL53-klamber-9.png\",\"contentUrl\":\"https:\\\/\\\/hutton.ee\\\/wp-content\\\/uploads\\\/2025\\\/06\\\/RL53-klamber-9.png\",\"width\":300,\"height\":300,\"caption\":\"Kerge metallist klammerdaja; Professional, RL140; 6-10mm\"},{\"@type\":\"BreadcrumbList\",\"@id\":\"https:\\\/\\\/hutton.ee\\\/toode\\\/kerge-metallist-klammerdaja-professional-rl140-6-10mm\\\/#breadcrumb\",\"itemListElement\":[{\"@type\":\"ListItem\",\"position\":1,\"name\":\"Avaleht\",\"item\":\"https:\\\/\\\/hutton.ee\\\/\"},{\"@type\":\"ListItem\",\"position\":2,\"name\":\"Shop\",\"item\":\"https:\\\/\\\/hutton.ee\\\/en\\\/shop\\\/\"},{\"@type\":\"ListItem\",\"position\":3,\"name\":\"Kerge metallist klammerdaja; Professional, RL140; 6-10mm\"}]},{\"@type\":\"WebSite\",\"@id\":\"https:\\\/\\\/hutton.ee\\\/#website\",\"url\":\"https:\\\/\\\/hutton.ee\\\/\",\"name\":\"Hutton\",\"description\":\"Ajas kestvad ehituslahendused\",\"publisher\":{\"@id\":\"https:\\\/\\\/hutton.ee\\\/#organization\"},\"potentialAction\":[{\"@type\":\"SearchAction\",\"target\":{\"@type\":\"EntryPoint\",\"urlTemplate\":\"https:\\\/\\\/hutton.ee\\\/?s={search_term_string}\"},\"query-input\":{\"@type\":\"PropertyValueSpecification\",\"valueRequired\":true,\"valueName\":\"search_term_string\"}}],\"inLanguage\":\"en-US\"},{\"@type\":\"Organization\",\"@id\":\"https:\\\/\\\/hutton.ee\\\/#organization\",\"name\":\"Hutton - KATUS | SEIN | FASSAAD\",\"url\":\"https:\\\/\\\/hutton.ee\\\/\",\"logo\":{\"@type\":\"ImageObject\",\"inLanguage\":\"en-US\",\"@id\":\"https:\\\/\\\/hutton.ee\\\/#\\\/schema\\\/logo\\\/image\\\/\",\"url\":\"https:\\\/\\\/hutton.ee\\\/wp-content\\\/uploads\\\/2020\\\/07\\\/hutton-logo_uuendatud-01.png\",\"contentUrl\":\"https:\\\/\\\/hutton.ee\\\/wp-content\\\/uploads\\\/2020\\\/07\\\/hutton-logo_uuendatud-01.png\",\"width\":1064,\"height\":455,\"caption\":\"Hutton - KATUS | SEIN | FASSAAD\"},\"image\":{\"@id\":\"https:\\\/\\\/hutton.ee\\\/#\\\/schema\\\/logo\\\/image\\\/\"},\"sameAs\":[\"https:\\\/\\\/www.facebook.com\\\/huttoneesti\"]}]}<\/script>\n<!-- \/ Yoast SEO Premium plugin. -->","yoast_head_json":{"title":"Kerge metallist klammerdaja; Professional, RL140; 6-10mm - Hutton","robots":{"index":"index","follow":"follow","max-snippet":"max-snippet:-1","max-image-preview":"max-image-preview:large","max-video-preview":"max-video-preview:-1"},"canonical":"https:\/\/hutton.ee\/toode\/kerge-metallist-klammerdaja-professional-rl140-6-10mm\/","og_locale":"en_US","og_type":"article","og_title":"Kerge metallist klammerdaja; Professional, RL140; 6-10mm","og_description":"Registreeru p\u00fcsikliendiks!","og_url":"https:\/\/hutton.ee\/toode\/kerge-metallist-klammerdaja-professional-rl140-6-10mm\/","og_site_name":"Hutton","article_publisher":"https:\/\/www.facebook.com\/huttoneesti","article_modified_time":"2025-07-29T07:13:56+00:00","og_image":[{"width":300,"height":300,"url":"https:\/\/hutton.ee\/wp-content\/uploads\/2025\/06\/RL53-klamber-9.png","type":"image\/png"}],"twitter_card":"summary_large_image","twitter_misc":{"Est. reading time":"1 minute"},"schema":{"@context":"https:\/\/schema.org","@graph":[{"@type":"WebPage","@id":"https:\/\/hutton.ee\/toode\/kerge-metallist-klammerdaja-professional-rl140-6-10mm\/","url":"https:\/\/hutton.ee\/toode\/kerge-metallist-klammerdaja-professional-rl140-6-10mm\/","name":"Kerge metallist klammerdaja; Professional, RL140; 6-10mm - Hutton","isPartOf":{"@id":"https:\/\/hutton.ee\/#website"},"primaryImageOfPage":{"@id":"https:\/\/hutton.ee\/toode\/kerge-metallist-klammerdaja-professional-rl140-6-10mm\/#primaryimage"},"image":{"@id":"https:\/\/hutton.ee\/toode\/kerge-metallist-klammerdaja-professional-rl140-6-10mm\/#primaryimage"},"thumbnailUrl":"https:\/\/hutton.ee\/wp-content\/uploads\/2025\/06\/RL53-klamber-9.png","datePublished":"2025-06-04T12:17:42+00:00","dateModified":"2025-07-29T07:13:56+00:00","breadcrumb":{"@id":"https:\/\/hutton.ee\/toode\/kerge-metallist-klammerdaja-professional-rl140-6-10mm\/#breadcrumb"},"inLanguage":"en-US","potentialAction":[{"@type":"ReadAction","target":["https:\/\/hutton.ee\/toode\/kerge-metallist-klammerdaja-professional-rl140-6-10mm\/"]}]},{"@type":"ImageObject","inLanguage":"en-US","@id":"https:\/\/hutton.ee\/toode\/kerge-metallist-klammerdaja-professional-rl140-6-10mm\/#primaryimage","url":"https:\/\/hutton.ee\/wp-content\/uploads\/2025\/06\/RL53-klamber-9.png","contentUrl":"https:\/\/hutton.ee\/wp-content\/uploads\/2025\/06\/RL53-klamber-9.png","width":300,"height":300,"caption":"Kerge metallist klammerdaja; Professional, RL140; 6-10mm"},{"@type":"BreadcrumbList","@id":"https:\/\/hutton.ee\/toode\/kerge-metallist-klammerdaja-professional-rl140-6-10mm\/#breadcrumb","itemListElement":[{"@type":"ListItem","position":1,"name":"Avaleht","item":"https:\/\/hutton.ee\/"},{"@type":"ListItem","position":2,"name":"Shop","item":"https:\/\/hutton.ee\/en\/shop\/"},{"@type":"ListItem","position":3,"name":"Kerge metallist klammerdaja; Professional, RL140; 6-10mm"}]},{"@type":"WebSite","@id":"https:\/\/hutton.ee\/#website","url":"https:\/\/hutton.ee\/","name":"Hutton","description":"Ajas kestvad ehituslahendused","publisher":{"@id":"https:\/\/hutton.ee\/#organization"},"potentialAction":[{"@type":"SearchAction","target":{"@type":"EntryPoint","urlTemplate":"https:\/\/hutton.ee\/?s={search_term_string}"},"query-input":{"@type":"PropertyValueSpecification","valueRequired":true,"valueName":"search_term_string"}}],"inLanguage":"en-US"},{"@type":"Organization","@id":"https:\/\/hutton.ee\/#organization","name":"Hutton - KATUS | SEIN | FASSAAD","url":"https:\/\/hutton.ee\/","logo":{"@type":"ImageObject","inLanguage":"en-US","@id":"https:\/\/hutton.ee\/#\/schema\/logo\/image\/","url":"https:\/\/hutton.ee\/wp-content\/uploads\/2020\/07\/hutton-logo_uuendatud-01.png","contentUrl":"https:\/\/hutton.ee\/wp-content\/uploads\/2020\/07\/hutton-logo_uuendatud-01.png","width":1064,"height":455,"caption":"Hutton - KATUS | SEIN | FASSAAD"},"image":{"@id":"https:\/\/hutton.ee\/#\/schema\/logo\/image\/"},"sameAs":["https:\/\/www.facebook.com\/huttoneesti"]}]}},"_links":{"self":[{"href":"https:\/\/hutton.ee\/en\/wp-json\/wp\/v2\/product\/28461","targetHints":{"allow":["GET"]}}],"collection":[{"href":"https:\/\/hutton.ee\/en\/wp-json\/wp\/v2\/product"}],"about":[{"href":"https:\/\/hutton.ee\/en\/wp-json\/wp\/v2\/types\/product"}],"wp:featuredmedia":[{"embeddable":true,"href":"https:\/\/hutton.ee\/en\/wp-json\/wp\/v2\/media\/28462"}],"wp:attachment":[{"href":"https:\/\/hutton.ee\/en\/wp-json\/wp\/v2\/media?parent=28461"}],"wp:term":[{"taxonomy":"product_brand","embeddable":true,"href":"https:\/\/hutton.ee\/en\/wp-json\/wp\/v2\/product_brand?post=28461"},{"taxonomy":"product_cat","embeddable":true,"href":"https:\/\/hutton.ee\/en\/wp-json\/wp\/v2\/product_cat?post=28461"},{"taxonomy":"product_tag","embeddable":true,"href":"https:\/\/hutton.ee\/en\/wp-json\/wp\/v2\/product_tag?post=28461"},{"taxonomy":"filtrisusteem","embeddable":true,"href":"https:\/\/hutton.ee\/en\/wp-json\/wp\/v2\/filtrisusteem?post=28461"},{"taxonomy":"kvaliteediklass","embeddable":true,"href":"https:\/\/hutton.ee\/en\/wp-json\/wp\/v2\/kvaliteediklass?post=28461"}],"curies":[{"name":"wp","href":"https:\/\/api.w.org\/{rel}","templated":true}]}}