{"id":28499,"date":"2025-06-04T13:35:03","date_gmt":"2025-06-04T13:35:03","guid":{"rendered":"https:\/\/hutton.ee\/?post_type=product&#038;p=28499"},"modified":"2025-07-30T10:48:24","modified_gmt":"2025-07-30T10:48:24","slug":"multifunktsionaalne-klammerdaja-koigile-klambritele-6-14mm","status":"publish","type":"product","link":"https:\/\/hutton.ee\/en\/toode\/multifunktsionaalne-klammerdaja-koigile-klambritele-6-14mm\/","title":{"rendered":"Multifunktsionaalne klammerdaja k\u00f5igile klambritele 6-14mm"},"content":{"rendered":"<p data-start=\"63\" data-end=\"132\"><strong data-start=\"63\" data-end=\"75\">Omadused<\/strong><br data-start=\"75\" data-end=\"78\" \/>Metallist k\u00e4siklammerdaja 6in1, klambrivahemik 4\u201314 mm<\/p>\n<ul>\n<li data-start=\"136\" data-end=\"213\">\u201eProovi mind\u201d pakend v\u00f5imaldab tutvuda t\u00f6\u00f6riista funktsioonidega enne ostu.<\/li>\n<li data-start=\"216\" data-end=\"300\">Kahekomponentne libisemisvastane k\u00e4epide parandab kasutusmugavust ja t\u00f6\u00f6viljakust.<\/li>\n<li data-start=\"303\" data-end=\"388\">Klambriarvu vaateaken v\u00f5imaldab kiiresti kontrollida, kui palju klambreid on alles.<\/li>\n<li data-start=\"391\" data-end=\"454\">Lame vedru v\u00e4hendab tagasil\u00f6\u00f6ki ja pikendab t\u00f6\u00f6riista eluiga.<\/li>\n<li data-start=\"457\" data-end=\"512\">Kokkuvolditav k\u00e4epide muudab transportimise lihtsaks.<\/li>\n<li data-start=\"515\" data-end=\"621\">Kaheastmeline l\u00f6\u00f6gij\u00f5u reguleerimine v\u00f5imaldab t\u00e4pselt m\u00e4\u00e4rata klambri s\u00fcgavust erinevates materjalides.<\/li>\n<li data-start=\"624\" data-end=\"679\">Kompaktne alumiiniumkorpus tagab suure l\u00f6\u00f6gikindluse.<\/li>\n<li data-start=\"682\" data-end=\"756\">Alumine kassett lukustiga v\u00f5imaldab klambrite kiiret ja mugavat laadimist.<\/li>\n<\/ul>\n<p data-start=\"827\" data-end=\"851\"><strong data-start=\"827\" data-end=\"849\">Sobivad aluspinnad<\/strong><\/p>\n<ul>\n<li data-start=\"854\" data-end=\"870\">Puitlaastplaat<\/li>\n<li data-start=\"873\" data-end=\"889\">Eksootiline puit<\/li>\n<\/ul>\n<p><strong>Vajadusel k\u00fcsi n\u00f5u:<\/strong><\/p>\n<p><strong>Neeme<\/strong> <a href=\"tel:5098168\">+372 509 8168<\/a> | <a href=\"mailto:neeme@hutton.ee\">neeme@hutton.ee<\/a><\/p>\n","protected":false},"excerpt":{"rendered":"<p><span style=\"text-decoration: underline;\"><span style=\"color: #ff0000; font-size: 12pt; text-decoration: underline;\"><strong><a style=\"color: #ff0000; text-decoration: underline;\" href=\"https:\/\/hutton.ee\/minu-konto\/\" target=\"_blank\" rel=\"noopener\">Registreeru p\u00fcsikliendiks<\/a>!<\/strong><\/span><\/span><\/p>\n","protected":false},"featured_media":28504,"template":"","meta":{"_gspb_post_css":"","_uf_show_specific_survey":0,"_uf_disable_surveys":false},"product_brand":[],"product_cat":[1992,2910],"product_tag":[],"filtrisusteem":[],"kvaliteediklass":[],"class_list":{"0":"post-28499","1":"product","2":"type-product","3":"status-publish","4":"has-post-thumbnail","6":"product_cat-kinnitusvahendid","7":"product_cat-klambrid-klammerdajad","9":"first","10":"instock","11":"taxable","12":"shipping-taxable","13":"purchasable","14":"product-type-simple"},"yoast_head":"<!-- This site is optimized with the Yoast SEO Premium plugin v21.3 (Yoast SEO v27.3) - https:\/\/yoast.com\/product\/yoast-seo-premium-wordpress\/ -->\n<title>Multifunktsionaalne klammerdaja k\u00f5igile klambritele 6-14mm - Hutton<\/title>\n<meta name=\"robots\" content=\"index, follow, max-snippet:-1, max-image-preview:large, max-video-preview:-1\" \/>\n<link rel=\"canonical\" href=\"https:\/\/hutton.ee\/toode\/multifunktsionaalne-klammerdaja-koigile-klambritele-6-14mm\/\" \/>\n<meta property=\"og:locale\" content=\"en_US\" \/>\n<meta property=\"og:type\" content=\"article\" \/>\n<meta property=\"og:title\" content=\"Multifunktsionaalne klammerdaja k\u00f5igile klambritele 6-14mm\" \/>\n<meta property=\"og:description\" content=\"Registreeru p\u00fcsikliendiks!\" \/>\n<meta property=\"og:url\" content=\"https:\/\/hutton.ee\/toode\/multifunktsionaalne-klammerdaja-koigile-klambritele-6-14mm\/\" \/>\n<meta property=\"og:site_name\" content=\"Hutton\" \/>\n<meta property=\"article:publisher\" content=\"https:\/\/www.facebook.com\/huttoneesti\" \/>\n<meta property=\"article:modified_time\" content=\"2025-07-30T10:48:24+00:00\" \/>\n<meta property=\"og:image\" content=\"https:\/\/hutton.ee\/wp-content\/uploads\/2025\/06\/RL53-klamber-15.png\" \/>\n\t<meta property=\"og:image:width\" content=\"300\" \/>\n\t<meta property=\"og:image:height\" content=\"300\" \/>\n\t<meta property=\"og:image:type\" content=\"image\/png\" \/>\n<meta name=\"twitter:card\" content=\"summary_large_image\" \/>\n<meta name=\"twitter:label1\" content=\"Est. reading time\" \/>\n\t<meta name=\"twitter:data1\" content=\"1 minute\" \/>\n<script type=\"application\/ld+json\" class=\"yoast-schema-graph\">{\"@context\":\"https:\\\/\\\/schema.org\",\"@graph\":[{\"@type\":\"WebPage\",\"@id\":\"https:\\\/\\\/hutton.ee\\\/toode\\\/multifunktsionaalne-klammerdaja-koigile-klambritele-6-14mm\\\/\",\"url\":\"https:\\\/\\\/hutton.ee\\\/toode\\\/multifunktsionaalne-klammerdaja-koigile-klambritele-6-14mm\\\/\",\"name\":\"Multifunktsionaalne klammerdaja k\u00f5igile klambritele 6-14mm - Hutton\",\"isPartOf\":{\"@id\":\"https:\\\/\\\/hutton.ee\\\/#website\"},\"primaryImageOfPage\":{\"@id\":\"https:\\\/\\\/hutton.ee\\\/toode\\\/multifunktsionaalne-klammerdaja-koigile-klambritele-6-14mm\\\/#primaryimage\"},\"image\":{\"@id\":\"https:\\\/\\\/hutton.ee\\\/toode\\\/multifunktsionaalne-klammerdaja-koigile-klambritele-6-14mm\\\/#primaryimage\"},\"thumbnailUrl\":\"https:\\\/\\\/hutton.ee\\\/wp-content\\\/uploads\\\/2025\\\/06\\\/RL53-klamber-15.png\",\"datePublished\":\"2025-06-04T13:35:03+00:00\",\"dateModified\":\"2025-07-30T10:48:24+00:00\",\"breadcrumb\":{\"@id\":\"https:\\\/\\\/hutton.ee\\\/toode\\\/multifunktsionaalne-klammerdaja-koigile-klambritele-6-14mm\\\/#breadcrumb\"},\"inLanguage\":\"en-US\",\"potentialAction\":[{\"@type\":\"ReadAction\",\"target\":[\"https:\\\/\\\/hutton.ee\\\/toode\\\/multifunktsionaalne-klammerdaja-koigile-klambritele-6-14mm\\\/\"]}]},{\"@type\":\"ImageObject\",\"inLanguage\":\"en-US\",\"@id\":\"https:\\\/\\\/hutton.ee\\\/toode\\\/multifunktsionaalne-klammerdaja-koigile-klambritele-6-14mm\\\/#primaryimage\",\"url\":\"https:\\\/\\\/hutton.ee\\\/wp-content\\\/uploads\\\/2025\\\/06\\\/RL53-klamber-15.png\",\"contentUrl\":\"https:\\\/\\\/hutton.ee\\\/wp-content\\\/uploads\\\/2025\\\/06\\\/RL53-klamber-15.png\",\"width\":300,\"height\":300,\"caption\":\"Multifunktsionaalne klammerdaja k\u00f5igile klambritele 6-14mm\"},{\"@type\":\"BreadcrumbList\",\"@id\":\"https:\\\/\\\/hutton.ee\\\/toode\\\/multifunktsionaalne-klammerdaja-koigile-klambritele-6-14mm\\\/#breadcrumb\",\"itemListElement\":[{\"@type\":\"ListItem\",\"position\":1,\"name\":\"Avaleht\",\"item\":\"https:\\\/\\\/hutton.ee\\\/\"},{\"@type\":\"ListItem\",\"position\":2,\"name\":\"Shop\",\"item\":\"https:\\\/\\\/hutton.ee\\\/en\\\/shop\\\/\"},{\"@type\":\"ListItem\",\"position\":3,\"name\":\"Multifunktsionaalne klammerdaja k\u00f5igile klambritele 6-14mm\"}]},{\"@type\":\"WebSite\",\"@id\":\"https:\\\/\\\/hutton.ee\\\/#website\",\"url\":\"https:\\\/\\\/hutton.ee\\\/\",\"name\":\"Hutton\",\"description\":\"Ajas kestvad ehituslahendused\",\"publisher\":{\"@id\":\"https:\\\/\\\/hutton.ee\\\/#organization\"},\"potentialAction\":[{\"@type\":\"SearchAction\",\"target\":{\"@type\":\"EntryPoint\",\"urlTemplate\":\"https:\\\/\\\/hutton.ee\\\/?s={search_term_string}\"},\"query-input\":{\"@type\":\"PropertyValueSpecification\",\"valueRequired\":true,\"valueName\":\"search_term_string\"}}],\"inLanguage\":\"en-US\"},{\"@type\":\"Organization\",\"@id\":\"https:\\\/\\\/hutton.ee\\\/#organization\",\"name\":\"Hutton - KATUS | SEIN | FASSAAD\",\"url\":\"https:\\\/\\\/hutton.ee\\\/\",\"logo\":{\"@type\":\"ImageObject\",\"inLanguage\":\"en-US\",\"@id\":\"https:\\\/\\\/hutton.ee\\\/#\\\/schema\\\/logo\\\/image\\\/\",\"url\":\"https:\\\/\\\/hutton.ee\\\/wp-content\\\/uploads\\\/2020\\\/07\\\/hutton-logo_uuendatud-01.png\",\"contentUrl\":\"https:\\\/\\\/hutton.ee\\\/wp-content\\\/uploads\\\/2020\\\/07\\\/hutton-logo_uuendatud-01.png\",\"width\":1064,\"height\":455,\"caption\":\"Hutton - KATUS | SEIN | FASSAAD\"},\"image\":{\"@id\":\"https:\\\/\\\/hutton.ee\\\/#\\\/schema\\\/logo\\\/image\\\/\"},\"sameAs\":[\"https:\\\/\\\/www.facebook.com\\\/huttoneesti\"]}]}<\/script>\n<!-- \/ Yoast SEO Premium plugin. -->","yoast_head_json":{"title":"Multifunktsionaalne klammerdaja k\u00f5igile klambritele 6-14mm - Hutton","robots":{"index":"index","follow":"follow","max-snippet":"max-snippet:-1","max-image-preview":"max-image-preview:large","max-video-preview":"max-video-preview:-1"},"canonical":"https:\/\/hutton.ee\/toode\/multifunktsionaalne-klammerdaja-koigile-klambritele-6-14mm\/","og_locale":"en_US","og_type":"article","og_title":"Multifunktsionaalne klammerdaja k\u00f5igile klambritele 6-14mm","og_description":"Registreeru p\u00fcsikliendiks!","og_url":"https:\/\/hutton.ee\/toode\/multifunktsionaalne-klammerdaja-koigile-klambritele-6-14mm\/","og_site_name":"Hutton","article_publisher":"https:\/\/www.facebook.com\/huttoneesti","article_modified_time":"2025-07-30T10:48:24+00:00","og_image":[{"width":300,"height":300,"url":"https:\/\/hutton.ee\/wp-content\/uploads\/2025\/06\/RL53-klamber-15.png","type":"image\/png"}],"twitter_card":"summary_large_image","twitter_misc":{"Est. reading time":"1 minute"},"schema":{"@context":"https:\/\/schema.org","@graph":[{"@type":"WebPage","@id":"https:\/\/hutton.ee\/toode\/multifunktsionaalne-klammerdaja-koigile-klambritele-6-14mm\/","url":"https:\/\/hutton.ee\/toode\/multifunktsionaalne-klammerdaja-koigile-klambritele-6-14mm\/","name":"Multifunktsionaalne klammerdaja k\u00f5igile klambritele 6-14mm - Hutton","isPartOf":{"@id":"https:\/\/hutton.ee\/#website"},"primaryImageOfPage":{"@id":"https:\/\/hutton.ee\/toode\/multifunktsionaalne-klammerdaja-koigile-klambritele-6-14mm\/#primaryimage"},"image":{"@id":"https:\/\/hutton.ee\/toode\/multifunktsionaalne-klammerdaja-koigile-klambritele-6-14mm\/#primaryimage"},"thumbnailUrl":"https:\/\/hutton.ee\/wp-content\/uploads\/2025\/06\/RL53-klamber-15.png","datePublished":"2025-06-04T13:35:03+00:00","dateModified":"2025-07-30T10:48:24+00:00","breadcrumb":{"@id":"https:\/\/hutton.ee\/toode\/multifunktsionaalne-klammerdaja-koigile-klambritele-6-14mm\/#breadcrumb"},"inLanguage":"en-US","potentialAction":[{"@type":"ReadAction","target":["https:\/\/hutton.ee\/toode\/multifunktsionaalne-klammerdaja-koigile-klambritele-6-14mm\/"]}]},{"@type":"ImageObject","inLanguage":"en-US","@id":"https:\/\/hutton.ee\/toode\/multifunktsionaalne-klammerdaja-koigile-klambritele-6-14mm\/#primaryimage","url":"https:\/\/hutton.ee\/wp-content\/uploads\/2025\/06\/RL53-klamber-15.png","contentUrl":"https:\/\/hutton.ee\/wp-content\/uploads\/2025\/06\/RL53-klamber-15.png","width":300,"height":300,"caption":"Multifunktsionaalne klammerdaja k\u00f5igile klambritele 6-14mm"},{"@type":"BreadcrumbList","@id":"https:\/\/hutton.ee\/toode\/multifunktsionaalne-klammerdaja-koigile-klambritele-6-14mm\/#breadcrumb","itemListElement":[{"@type":"ListItem","position":1,"name":"Avaleht","item":"https:\/\/hutton.ee\/"},{"@type":"ListItem","position":2,"name":"Shop","item":"https:\/\/hutton.ee\/en\/shop\/"},{"@type":"ListItem","position":3,"name":"Multifunktsionaalne klammerdaja k\u00f5igile klambritele 6-14mm"}]},{"@type":"WebSite","@id":"https:\/\/hutton.ee\/#website","url":"https:\/\/hutton.ee\/","name":"Hutton","description":"Ajas kestvad ehituslahendused","publisher":{"@id":"https:\/\/hutton.ee\/#organization"},"potentialAction":[{"@type":"SearchAction","target":{"@type":"EntryPoint","urlTemplate":"https:\/\/hutton.ee\/?s={search_term_string}"},"query-input":{"@type":"PropertyValueSpecification","valueRequired":true,"valueName":"search_term_string"}}],"inLanguage":"en-US"},{"@type":"Organization","@id":"https:\/\/hutton.ee\/#organization","name":"Hutton - KATUS | SEIN | FASSAAD","url":"https:\/\/hutton.ee\/","logo":{"@type":"ImageObject","inLanguage":"en-US","@id":"https:\/\/hutton.ee\/#\/schema\/logo\/image\/","url":"https:\/\/hutton.ee\/wp-content\/uploads\/2020\/07\/hutton-logo_uuendatud-01.png","contentUrl":"https:\/\/hutton.ee\/wp-content\/uploads\/2020\/07\/hutton-logo_uuendatud-01.png","width":1064,"height":455,"caption":"Hutton - KATUS | SEIN | FASSAAD"},"image":{"@id":"https:\/\/hutton.ee\/#\/schema\/logo\/image\/"},"sameAs":["https:\/\/www.facebook.com\/huttoneesti"]}]}},"_links":{"self":[{"href":"https:\/\/hutton.ee\/en\/wp-json\/wp\/v2\/product\/28499","targetHints":{"allow":["GET"]}}],"collection":[{"href":"https:\/\/hutton.ee\/en\/wp-json\/wp\/v2\/product"}],"about":[{"href":"https:\/\/hutton.ee\/en\/wp-json\/wp\/v2\/types\/product"}],"wp:featuredmedia":[{"embeddable":true,"href":"https:\/\/hutton.ee\/en\/wp-json\/wp\/v2\/media\/28504"}],"wp:attachment":[{"href":"https:\/\/hutton.ee\/en\/wp-json\/wp\/v2\/media?parent=28499"}],"wp:term":[{"taxonomy":"product_brand","embeddable":true,"href":"https:\/\/hutton.ee\/en\/wp-json\/wp\/v2\/product_brand?post=28499"},{"taxonomy":"product_cat","embeddable":true,"href":"https:\/\/hutton.ee\/en\/wp-json\/wp\/v2\/product_cat?post=28499"},{"taxonomy":"product_tag","embeddable":true,"href":"https:\/\/hutton.ee\/en\/wp-json\/wp\/v2\/product_tag?post=28499"},{"taxonomy":"filtrisusteem","embeddable":true,"href":"https:\/\/hutton.ee\/en\/wp-json\/wp\/v2\/filtrisusteem?post=28499"},{"taxonomy":"kvaliteediklass","embeddable":true,"href":"https:\/\/hutton.ee\/en\/wp-json\/wp\/v2\/kvaliteediklass?post=28499"}],"curies":[{"name":"wp","href":"https:\/\/api.w.org\/{rel}","templated":true}]}}