{"id":28509,"date":"2025-06-04T13:41:54","date_gmt":"2025-06-04T13:41:54","guid":{"rendered":"https:\/\/hutton.ee\/?post_type=product&#038;p=28509"},"modified":"2025-12-12T08:18:54","modified_gmt":"2025-12-12T08:18:54","slug":"alumiinium-klammerdaja-valjatomme-naelad","status":"publish","type":"product","link":"https:\/\/hutton.ee\/en\/toode\/alumiinium-klammerdaja-valjatomme-naelad\/","title":{"rendered":"Alumiinium klammerdaja \/v\u00e4ljat\u00f5mme (naelad)"},"content":{"rendered":"<p data-start=\"54\" data-end=\"134\"><strong data-start=\"54\" data-end=\"66\">Omadused<\/strong><br data-start=\"66\" data-end=\"69\" \/>K\u00e4siklammerdaja RL53, alumiiniumist, 3in1, klambrivahemik 6\u201314 mm<\/p>\n<ul data-start=\"136\" data-end=\"861\">\n<li data-start=\"136\" data-end=\"220\">\n<p data-start=\"138\" data-end=\"220\">Kahekomponentne libisemisvastane k\u00e4epide suurendab mugavust ja t\u00f6\u00f6 efektiivsust.<\/p>\n<\/li>\n<li data-start=\"221\" data-end=\"307\">\n<p data-start=\"223\" data-end=\"307\">Lai kasutusv\u00f5imalus: sobib 6\u201314 mm klambritele, 14 mm naeltele ja 14 mm tappidele.<\/p>\n<\/li>\n<li data-start=\"308\" data-end=\"387\">\n<p data-start=\"310\" data-end=\"387\">Klambriarvu vaateaken v\u00f5imaldab kiiresti kontrollida allesj\u00e4\u00e4nud klambreid.<\/p>\n<\/li>\n<li data-start=\"388\" data-end=\"433\">\n<p data-start=\"390\" data-end=\"433\">Kerge, kuid l\u00f6\u00f6gikindel alumiiniumkorpus.<\/p>\n<\/li>\n<li data-start=\"434\" data-end=\"512\">\n<p data-start=\"436\" data-end=\"512\">Alumine kassett lukustiga v\u00f5imaldab klambrite kiiret ja mugavat laadimist.<\/p>\n<\/li>\n<li data-start=\"513\" data-end=\"578\">\n<p data-start=\"515\" data-end=\"578\">Lame vedru v\u00e4hendab tagasil\u00f6\u00f6ki ja pikendab t\u00f6\u00f6riista eluiga.<\/p>\n<\/li>\n<li data-start=\"579\" data-end=\"634\">\n<p data-start=\"581\" data-end=\"634\">Kokkuvolditav k\u00e4epide teeb transportimise lihtsaks.<\/p>\n<\/li>\n<li data-start=\"635\" data-end=\"714\">\n<p data-start=\"637\" data-end=\"714\">\u201eProovi mind\u201d pakend v\u00f5imaldab tutvuda t\u00f6\u00f6riista funktsioonidega enne ostu.<\/p>\n<\/li>\n<li data-start=\"715\" data-end=\"770\">\n<p data-start=\"717\" data-end=\"770\">P\u00e4\u00e4stiku l\u00fcliti v\u00f5imaldab klammerdamist p\u00e4\u00e4stikuga.<\/p>\n<\/li>\n<li data-start=\"771\" data-end=\"861\">\n<p data-start=\"773\" data-end=\"861\">Kaheastmeline l\u00f6\u00f6gij\u00f5u reguleerimine v\u00f5imaldab kohandada s\u00fcgavust vastavalt materjalile.<\/p>\n<\/li>\n<\/ul>\n<p>&nbsp;<\/p>\n<p data-start=\"932\" data-end=\"956\"><strong data-start=\"932\" data-end=\"954\">Sobivad aluspinnad<\/strong><\/p>\n<ul data-start=\"957\" data-end=\"1077\">\n<li data-start=\"957\" data-end=\"975\">\n<p data-start=\"959\" data-end=\"975\">Puitmaterjalid<\/p>\n<\/li>\n<li data-start=\"976\" data-end=\"986\">\n<p data-start=\"978\" data-end=\"986\">Vineer<\/p>\n<\/li>\n<li data-start=\"987\" data-end=\"1021\">\n<p data-start=\"989\" data-end=\"1021\">OSB (orienteeritud laastplaat)<\/p>\n<\/li>\n<li data-start=\"1022\" data-end=\"1040\">\n<p data-start=\"1024\" data-end=\"1040\">Puitlaastplaat<\/p>\n<\/li>\n<li data-start=\"1041\" data-end=\"1056\">\n<p data-start=\"1043\" data-end=\"1056\">PVC-profiil<\/p>\n<\/li>\n<li data-start=\"1057\" data-end=\"1068\">\n<p data-start=\"1059\" data-end=\"1068\">Kartong<\/p>\n<\/li>\n<li data-start=\"1069\" data-end=\"1077\">\n<p data-start=\"1071\" data-end=\"1077\">Kangas<\/p>\n<\/li>\n<\/ul>\n","protected":false},"excerpt":{"rendered":"<p>OmadusedK\u00e4siklammerdaja RL53, alumiiniumist, 3in1, klambrivahemik 6\u201314 mm Kahekomponentne libisemisvastane k\u00e4epide suurendab mugavust ja t\u00f6\u00f6 efektiivsust. Lai kasutusv\u00f5imalus: sobib 6\u201314 mm klambritele, 14 mm naeltele ja 14 mm tappidele. Klambriarvu vaateaken v\u00f5imaldab kiiresti kontrollida allesj\u00e4\u00e4nud klambreid. Kerge, kuid l\u00f6\u00f6gikindel alumiiniumkorpus. Alumine kassett lukustiga v\u00f5imaldab klambrite kiiret ja mugavat laadimist. Lame vedru v\u00e4hendab tagasil\u00f6\u00f6ki ja pikendab t\u00f6\u00f6riista [&hellip;]<\/p>\n","protected":false},"featured_media":28510,"template":"","meta":{"_gspb_post_css":"","_uf_show_specific_survey":0,"_uf_disable_surveys":false},"product_brand":[],"product_cat":[973],"product_tag":[],"filtrisusteem":[],"kvaliteediklass":[],"class_list":{"0":"post-28509","1":"product","2":"type-product","3":"status-publish","4":"has-post-thumbnail","6":"product_cat-maaramata","8":"first","9":"instock","10":"taxable","11":"shipping-taxable","12":"purchasable","13":"product-type-simple"},"yoast_head":"<!-- This site is optimized with the Yoast SEO Premium plugin v21.3 (Yoast SEO v27.3) - https:\/\/yoast.com\/product\/yoast-seo-premium-wordpress\/ -->\n<title>Alumiinium klammerdaja \/v\u00e4ljat\u00f5mme (naelad) - Hutton<\/title>\n<meta name=\"description\" content=\"K\u00e4siklammerdaja RL53 3in1 alumiiniumkorpusega sobib 6\u201314 mm klambritele, naeltele ja tappidele. Reguleeritav l\u00f6\u00f6gij\u00f5ud, mugav k\u00e4epide ja kiire laadimine.\" \/>\n<meta name=\"robots\" content=\"index, follow, max-snippet:-1, max-image-preview:large, max-video-preview:-1\" \/>\n<link rel=\"canonical\" href=\"https:\/\/hutton.ee\/toode\/alumiinium-klammerdaja-valjatomme-naelad\/\" \/>\n<meta property=\"og:locale\" content=\"en_US\" \/>\n<meta property=\"og:type\" content=\"article\" \/>\n<meta property=\"og:title\" content=\"Alumiinium klammerdaja \/v\u00e4ljat\u00f5mme (naelad)\" \/>\n<meta property=\"og:description\" content=\"K\u00e4siklammerdaja RL53 3in1 alumiiniumkorpusega sobib 6\u201314 mm klambritele, naeltele ja tappidele. Reguleeritav l\u00f6\u00f6gij\u00f5ud, mugav k\u00e4epide ja kiire laadimine.\" \/>\n<meta property=\"og:url\" content=\"https:\/\/hutton.ee\/toode\/alumiinium-klammerdaja-valjatomme-naelad\/\" \/>\n<meta property=\"og:site_name\" content=\"Hutton\" \/>\n<meta property=\"article:publisher\" content=\"https:\/\/www.facebook.com\/huttoneesti\" \/>\n<meta property=\"article:modified_time\" content=\"2025-12-12T08:18:54+00:00\" \/>\n<meta property=\"og:image\" content=\"https:\/\/hutton.ee\/wp-content\/uploads\/2025\/06\/RL53-klamber-16.png\" \/>\n\t<meta property=\"og:image:width\" content=\"300\" \/>\n\t<meta property=\"og:image:height\" content=\"300\" \/>\n\t<meta property=\"og:image:type\" content=\"image\/png\" \/>\n<meta name=\"twitter:card\" content=\"summary_large_image\" \/>\n<meta name=\"twitter:label1\" content=\"Est. reading time\" \/>\n\t<meta name=\"twitter:data1\" content=\"1 minute\" \/>\n<script type=\"application\/ld+json\" class=\"yoast-schema-graph\">{\"@context\":\"https:\\\/\\\/schema.org\",\"@graph\":[{\"@type\":\"WebPage\",\"@id\":\"https:\\\/\\\/hutton.ee\\\/toode\\\/alumiinium-klammerdaja-valjatomme-naelad\\\/\",\"url\":\"https:\\\/\\\/hutton.ee\\\/toode\\\/alumiinium-klammerdaja-valjatomme-naelad\\\/\",\"name\":\"Alumiinium klammerdaja \\\/v\u00e4ljat\u00f5mme (naelad) - Hutton\",\"isPartOf\":{\"@id\":\"https:\\\/\\\/hutton.ee\\\/#website\"},\"primaryImageOfPage\":{\"@id\":\"https:\\\/\\\/hutton.ee\\\/toode\\\/alumiinium-klammerdaja-valjatomme-naelad\\\/#primaryimage\"},\"image\":{\"@id\":\"https:\\\/\\\/hutton.ee\\\/toode\\\/alumiinium-klammerdaja-valjatomme-naelad\\\/#primaryimage\"},\"thumbnailUrl\":\"https:\\\/\\\/hutton.ee\\\/wp-content\\\/uploads\\\/2025\\\/06\\\/RL53-klamber-16.png\",\"datePublished\":\"2025-06-04T13:41:54+00:00\",\"dateModified\":\"2025-12-12T08:18:54+00:00\",\"description\":\"K\u00e4siklammerdaja RL53 3in1 alumiiniumkorpusega sobib 6\u201314 mm klambritele, naeltele ja tappidele. Reguleeritav l\u00f6\u00f6gij\u00f5ud, mugav k\u00e4epide ja kiire laadimine.\",\"breadcrumb\":{\"@id\":\"https:\\\/\\\/hutton.ee\\\/toode\\\/alumiinium-klammerdaja-valjatomme-naelad\\\/#breadcrumb\"},\"inLanguage\":\"en-US\",\"potentialAction\":[{\"@type\":\"ReadAction\",\"target\":[\"https:\\\/\\\/hutton.ee\\\/toode\\\/alumiinium-klammerdaja-valjatomme-naelad\\\/\"]}]},{\"@type\":\"ImageObject\",\"inLanguage\":\"en-US\",\"@id\":\"https:\\\/\\\/hutton.ee\\\/toode\\\/alumiinium-klammerdaja-valjatomme-naelad\\\/#primaryimage\",\"url\":\"https:\\\/\\\/hutton.ee\\\/wp-content\\\/uploads\\\/2025\\\/06\\\/RL53-klamber-16.png\",\"contentUrl\":\"https:\\\/\\\/hutton.ee\\\/wp-content\\\/uploads\\\/2025\\\/06\\\/RL53-klamber-16.png\",\"width\":300,\"height\":300,\"caption\":\"Alumiinium klammerdaja \\\/v\u00e4ljat\u00f5mme (naelad)\"},{\"@type\":\"BreadcrumbList\",\"@id\":\"https:\\\/\\\/hutton.ee\\\/toode\\\/alumiinium-klammerdaja-valjatomme-naelad\\\/#breadcrumb\",\"itemListElement\":[{\"@type\":\"ListItem\",\"position\":1,\"name\":\"Avaleht\",\"item\":\"https:\\\/\\\/hutton.ee\\\/\"},{\"@type\":\"ListItem\",\"position\":2,\"name\":\"Shop\",\"item\":\"https:\\\/\\\/hutton.ee\\\/en\\\/shop\\\/\"},{\"@type\":\"ListItem\",\"position\":3,\"name\":\"Alumiinium klammerdaja \\\/v\u00e4ljat\u00f5mme (naelad)\"}]},{\"@type\":\"WebSite\",\"@id\":\"https:\\\/\\\/hutton.ee\\\/#website\",\"url\":\"https:\\\/\\\/hutton.ee\\\/\",\"name\":\"Hutton\",\"description\":\"Ajas kestvad ehituslahendused\",\"publisher\":{\"@id\":\"https:\\\/\\\/hutton.ee\\\/#organization\"},\"potentialAction\":[{\"@type\":\"SearchAction\",\"target\":{\"@type\":\"EntryPoint\",\"urlTemplate\":\"https:\\\/\\\/hutton.ee\\\/?s={search_term_string}\"},\"query-input\":{\"@type\":\"PropertyValueSpecification\",\"valueRequired\":true,\"valueName\":\"search_term_string\"}}],\"inLanguage\":\"en-US\"},{\"@type\":\"Organization\",\"@id\":\"https:\\\/\\\/hutton.ee\\\/#organization\",\"name\":\"Hutton - KATUS | SEIN | FASSAAD\",\"url\":\"https:\\\/\\\/hutton.ee\\\/\",\"logo\":{\"@type\":\"ImageObject\",\"inLanguage\":\"en-US\",\"@id\":\"https:\\\/\\\/hutton.ee\\\/#\\\/schema\\\/logo\\\/image\\\/\",\"url\":\"https:\\\/\\\/hutton.ee\\\/wp-content\\\/uploads\\\/2020\\\/07\\\/hutton-logo_uuendatud-01.png\",\"contentUrl\":\"https:\\\/\\\/hutton.ee\\\/wp-content\\\/uploads\\\/2020\\\/07\\\/hutton-logo_uuendatud-01.png\",\"width\":1064,\"height\":455,\"caption\":\"Hutton - KATUS | SEIN | FASSAAD\"},\"image\":{\"@id\":\"https:\\\/\\\/hutton.ee\\\/#\\\/schema\\\/logo\\\/image\\\/\"},\"sameAs\":[\"https:\\\/\\\/www.facebook.com\\\/huttoneesti\"]}]}<\/script>\n<!-- \/ Yoast SEO Premium plugin. -->","yoast_head_json":{"title":"Alumiinium klammerdaja \/v\u00e4ljat\u00f5mme (naelad) - Hutton","description":"K\u00e4siklammerdaja RL53 3in1 alumiiniumkorpusega sobib 6\u201314 mm klambritele, naeltele ja tappidele. Reguleeritav l\u00f6\u00f6gij\u00f5ud, mugav k\u00e4epide ja kiire laadimine.","robots":{"index":"index","follow":"follow","max-snippet":"max-snippet:-1","max-image-preview":"max-image-preview:large","max-video-preview":"max-video-preview:-1"},"canonical":"https:\/\/hutton.ee\/toode\/alumiinium-klammerdaja-valjatomme-naelad\/","og_locale":"en_US","og_type":"article","og_title":"Alumiinium klammerdaja \/v\u00e4ljat\u00f5mme (naelad)","og_description":"K\u00e4siklammerdaja RL53 3in1 alumiiniumkorpusega sobib 6\u201314 mm klambritele, naeltele ja tappidele. Reguleeritav l\u00f6\u00f6gij\u00f5ud, mugav k\u00e4epide ja kiire laadimine.","og_url":"https:\/\/hutton.ee\/toode\/alumiinium-klammerdaja-valjatomme-naelad\/","og_site_name":"Hutton","article_publisher":"https:\/\/www.facebook.com\/huttoneesti","article_modified_time":"2025-12-12T08:18:54+00:00","og_image":[{"width":300,"height":300,"url":"https:\/\/hutton.ee\/wp-content\/uploads\/2025\/06\/RL53-klamber-16.png","type":"image\/png"}],"twitter_card":"summary_large_image","twitter_misc":{"Est. reading time":"1 minute"},"schema":{"@context":"https:\/\/schema.org","@graph":[{"@type":"WebPage","@id":"https:\/\/hutton.ee\/toode\/alumiinium-klammerdaja-valjatomme-naelad\/","url":"https:\/\/hutton.ee\/toode\/alumiinium-klammerdaja-valjatomme-naelad\/","name":"Alumiinium klammerdaja \/v\u00e4ljat\u00f5mme (naelad) - Hutton","isPartOf":{"@id":"https:\/\/hutton.ee\/#website"},"primaryImageOfPage":{"@id":"https:\/\/hutton.ee\/toode\/alumiinium-klammerdaja-valjatomme-naelad\/#primaryimage"},"image":{"@id":"https:\/\/hutton.ee\/toode\/alumiinium-klammerdaja-valjatomme-naelad\/#primaryimage"},"thumbnailUrl":"https:\/\/hutton.ee\/wp-content\/uploads\/2025\/06\/RL53-klamber-16.png","datePublished":"2025-06-04T13:41:54+00:00","dateModified":"2025-12-12T08:18:54+00:00","description":"K\u00e4siklammerdaja RL53 3in1 alumiiniumkorpusega sobib 6\u201314 mm klambritele, naeltele ja tappidele. Reguleeritav l\u00f6\u00f6gij\u00f5ud, mugav k\u00e4epide ja kiire laadimine.","breadcrumb":{"@id":"https:\/\/hutton.ee\/toode\/alumiinium-klammerdaja-valjatomme-naelad\/#breadcrumb"},"inLanguage":"en-US","potentialAction":[{"@type":"ReadAction","target":["https:\/\/hutton.ee\/toode\/alumiinium-klammerdaja-valjatomme-naelad\/"]}]},{"@type":"ImageObject","inLanguage":"en-US","@id":"https:\/\/hutton.ee\/toode\/alumiinium-klammerdaja-valjatomme-naelad\/#primaryimage","url":"https:\/\/hutton.ee\/wp-content\/uploads\/2025\/06\/RL53-klamber-16.png","contentUrl":"https:\/\/hutton.ee\/wp-content\/uploads\/2025\/06\/RL53-klamber-16.png","width":300,"height":300,"caption":"Alumiinium klammerdaja \/v\u00e4ljat\u00f5mme (naelad)"},{"@type":"BreadcrumbList","@id":"https:\/\/hutton.ee\/toode\/alumiinium-klammerdaja-valjatomme-naelad\/#breadcrumb","itemListElement":[{"@type":"ListItem","position":1,"name":"Avaleht","item":"https:\/\/hutton.ee\/"},{"@type":"ListItem","position":2,"name":"Shop","item":"https:\/\/hutton.ee\/en\/shop\/"},{"@type":"ListItem","position":3,"name":"Alumiinium klammerdaja \/v\u00e4ljat\u00f5mme (naelad)"}]},{"@type":"WebSite","@id":"https:\/\/hutton.ee\/#website","url":"https:\/\/hutton.ee\/","name":"Hutton","description":"Ajas kestvad ehituslahendused","publisher":{"@id":"https:\/\/hutton.ee\/#organization"},"potentialAction":[{"@type":"SearchAction","target":{"@type":"EntryPoint","urlTemplate":"https:\/\/hutton.ee\/?s={search_term_string}"},"query-input":{"@type":"PropertyValueSpecification","valueRequired":true,"valueName":"search_term_string"}}],"inLanguage":"en-US"},{"@type":"Organization","@id":"https:\/\/hutton.ee\/#organization","name":"Hutton - KATUS | SEIN | FASSAAD","url":"https:\/\/hutton.ee\/","logo":{"@type":"ImageObject","inLanguage":"en-US","@id":"https:\/\/hutton.ee\/#\/schema\/logo\/image\/","url":"https:\/\/hutton.ee\/wp-content\/uploads\/2020\/07\/hutton-logo_uuendatud-01.png","contentUrl":"https:\/\/hutton.ee\/wp-content\/uploads\/2020\/07\/hutton-logo_uuendatud-01.png","width":1064,"height":455,"caption":"Hutton - KATUS | SEIN | FASSAAD"},"image":{"@id":"https:\/\/hutton.ee\/#\/schema\/logo\/image\/"},"sameAs":["https:\/\/www.facebook.com\/huttoneesti"]}]}},"_links":{"self":[{"href":"https:\/\/hutton.ee\/en\/wp-json\/wp\/v2\/product\/28509","targetHints":{"allow":["GET"]}}],"collection":[{"href":"https:\/\/hutton.ee\/en\/wp-json\/wp\/v2\/product"}],"about":[{"href":"https:\/\/hutton.ee\/en\/wp-json\/wp\/v2\/types\/product"}],"wp:featuredmedia":[{"embeddable":true,"href":"https:\/\/hutton.ee\/en\/wp-json\/wp\/v2\/media\/28510"}],"wp:attachment":[{"href":"https:\/\/hutton.ee\/en\/wp-json\/wp\/v2\/media?parent=28509"}],"wp:term":[{"taxonomy":"product_brand","embeddable":true,"href":"https:\/\/hutton.ee\/en\/wp-json\/wp\/v2\/product_brand?post=28509"},{"taxonomy":"product_cat","embeddable":true,"href":"https:\/\/hutton.ee\/en\/wp-json\/wp\/v2\/product_cat?post=28509"},{"taxonomy":"product_tag","embeddable":true,"href":"https:\/\/hutton.ee\/en\/wp-json\/wp\/v2\/product_tag?post=28509"},{"taxonomy":"filtrisusteem","embeddable":true,"href":"https:\/\/hutton.ee\/en\/wp-json\/wp\/v2\/filtrisusteem?post=28509"},{"taxonomy":"kvaliteediklass","embeddable":true,"href":"https:\/\/hutton.ee\/en\/wp-json\/wp\/v2\/kvaliteediklass?post=28509"}],"curies":[{"name":"wp","href":"https:\/\/api.w.org\/{rel}","templated":true}]}}