{"id":28527,"date":"2025-06-05T06:26:32","date_gmt":"2025-06-05T06:26:32","guid":{"rendered":"https:\/\/hutton.ee\/?post_type=product&#038;p=28527"},"modified":"2025-07-24T12:05:06","modified_gmt":"2025-07-24T12:05:06","slug":"sds-puur-telliselekarg-8x310mm","status":"publish","type":"product","link":"https:\/\/hutton.ee\/en\/toode\/sds-puur-telliselekarg-8x310mm\/","title":{"rendered":"SDS-puur Tellisele(k\u00e4rg)  8x310mm"},"content":{"rendered":"<p data-start=\"54\" data-end=\"133\"><strong data-start=\"54\" data-end=\"66\">Omadused<\/strong><br data-start=\"66\" data-end=\"69\" \/>Puurotsad l\u00f6\u00f6givabaks puurimiseks keraamilistesse materjalidesse<\/p>\n<ul data-start=\"135\" data-end=\"799\">\n<li data-start=\"135\" data-end=\"188\">\n<p data-start=\"137\" data-end=\"188\">Pikad puurid v\u00f5imaldavad puurida l\u00e4bi soojustuse.<\/p>\n<\/li>\n<li data-start=\"189\" data-end=\"318\">\n<p data-start=\"191\" data-end=\"318\">\u00c4\u00e4rmiselt k\u00f5rge kvaliteet, silindrilisus ja puuraukude t\u00e4pne joondatus \u2013 kinnitatud rahvusvahelise SicherSafe sertifikaadiga.<\/p>\n<\/li>\n<li data-start=\"319\" data-end=\"370\">\n<p data-start=\"321\" data-end=\"370\">L\u00f6\u00f6givaba puurimine \u2013 materjali l\u00f5ikamise teel.<\/p>\n<\/li>\n<li data-start=\"371\" data-end=\"458\">\n<p data-start=\"373\" data-end=\"458\">Teras vastab spetsifikatsioonile 34CrNiMo6 \u2013 tagab suure tugevuse ja vastupidavuse.<\/p>\n<\/li>\n<li data-start=\"459\" data-end=\"526\">\n<p data-start=\"461\" data-end=\"526\">T\u00e4psed ja sirged augud ilma keraamilisi telliseid kahjustamata.<\/p>\n<\/li>\n<li data-start=\"527\" data-end=\"619\">\n<p data-start=\"529\" data-end=\"619\">120\u00b0 otsanurk v\u00f5imaldab kiiret puurimist keraamilistes materjalides ilma neid l\u00f5hkumata.<\/p>\n<\/li>\n<li data-start=\"620\" data-end=\"703\">\n<p data-start=\"622\" data-end=\"703\">L\u00fchem spiraal v\u00f5imaldab tolmu t\u00f5husat eemaldamist keraamiliste plokkide vahelt.<\/p>\n<\/li>\n<li data-start=\"704\" data-end=\"799\">\n<p data-start=\"706\" data-end=\"799\">Termot\u00f6\u00f6deldud \u2013 terase k\u00f5vadus kuni 52 HRC, mis tagab optimaalse kulumiskindluse t\u00f6\u00f6 k\u00e4igus.<\/p>\n<\/li>\n<\/ul>\n<p data-start=\"941\" data-end=\"965\"><strong data-start=\"941\" data-end=\"963\">Sobivad aluspinnad<\/strong><\/p>\n<ul data-start=\"966\" data-end=\"1022\">\n<li data-start=\"966\" data-end=\"980\">\n<p data-start=\"968\" data-end=\"980\">Poorbetoon<\/p>\n<\/li>\n<li data-start=\"981\" data-end=\"996\">\n<p data-start=\"983\" data-end=\"996\">\u00d5\u00f5nestellis<\/p>\n<\/li>\n<li data-start=\"997\" data-end=\"1022\">\n<p data-start=\"999\" data-end=\"1022\">Keraamiline \u00f5\u00f5nestellis<\/p>\n<\/li>\n<\/ul>\n<p><strong>Vajadusel k\u00fcsi n\u00f5u:<\/strong><\/p>\n<p><strong>Neeme<\/strong> <a href=\"tel:5098168\">+372 509 8168<\/a> | <a href=\"mailto:neeme@hutton.ee\">neeme@hutton.ee<\/a><\/p>\n","protected":false},"excerpt":{"rendered":"<p><span style=\"text-decoration: underline;\"><span style=\"color: #ff0000; font-size: 12pt; text-decoration: underline;\"><strong><a style=\"color: #ff0000; text-decoration: underline;\" href=\"https:\/\/hutton.ee\/minu-konto\/\" target=\"_blank\" rel=\"noopener\">Registreeru p\u00fcsikliendiks<\/a>!<\/strong><\/span><\/span><\/p>\n","protected":false},"featured_media":28525,"template":"","meta":{"_gspb_post_css":"","_uf_show_specific_survey":0,"_uf_disable_surveys":false},"product_brand":[],"product_cat":[1992,2911],"product_tag":[],"filtrisusteem":[],"kvaliteediklass":[],"class_list":{"0":"post-28527","1":"product","2":"type-product","3":"status-publish","4":"has-post-thumbnail","6":"product_cat-kinnitusvahendid","7":"product_cat-puurid","9":"first","10":"instock","11":"taxable","12":"shipping-taxable","13":"purchasable","14":"product-type-simple"},"yoast_head":"<!-- This site is optimized with the Yoast SEO Premium plugin v21.3 (Yoast SEO v27.5) - https:\/\/yoast.com\/product\/yoast-seo-premium-wordpress\/ -->\n<title>SDS-puur Tellisele(k\u00e4rg) 8x310mm - Hutton<\/title>\n<meta name=\"robots\" content=\"index, follow, max-snippet:-1, max-image-preview:large, max-video-preview:-1\" \/>\n<link rel=\"canonical\" href=\"https:\/\/hutton.ee\/toode\/sds-puur-telliselekarg-8x310mm\/\" \/>\n<meta property=\"og:locale\" content=\"en_US\" \/>\n<meta property=\"og:type\" content=\"article\" \/>\n<meta property=\"og:title\" content=\"SDS-puur Tellisele(k\u00e4rg) 8x310mm\" \/>\n<meta property=\"og:description\" content=\"Registreeru p\u00fcsikliendiks!\" \/>\n<meta property=\"og:url\" content=\"https:\/\/hutton.ee\/toode\/sds-puur-telliselekarg-8x310mm\/\" \/>\n<meta property=\"og:site_name\" content=\"Hutton\" \/>\n<meta property=\"article:publisher\" content=\"https:\/\/www.facebook.com\/huttoneesti\" \/>\n<meta property=\"article:modified_time\" content=\"2025-07-24T12:05:06+00:00\" \/>\n<meta property=\"og:image\" content=\"https:\/\/hutton.ee\/wp-content\/uploads\/2025\/06\/RL53-klamber-18.png\" \/>\n\t<meta property=\"og:image:width\" content=\"300\" \/>\n\t<meta property=\"og:image:height\" content=\"300\" \/>\n\t<meta property=\"og:image:type\" content=\"image\/png\" \/>\n<meta name=\"twitter:card\" content=\"summary_large_image\" \/>\n<meta name=\"twitter:label1\" content=\"Est. reading time\" \/>\n\t<meta name=\"twitter:data1\" content=\"1 minute\" \/>\n<script type=\"application\/ld+json\" class=\"yoast-schema-graph\">{\"@context\":\"https:\\\/\\\/schema.org\",\"@graph\":[{\"@type\":\"WebPage\",\"@id\":\"https:\\\/\\\/hutton.ee\\\/toode\\\/sds-puur-telliselekarg-8x310mm\\\/\",\"url\":\"https:\\\/\\\/hutton.ee\\\/toode\\\/sds-puur-telliselekarg-8x310mm\\\/\",\"name\":\"SDS-puur Tellisele(k\u00e4rg) 8x310mm - Hutton\",\"isPartOf\":{\"@id\":\"https:\\\/\\\/hutton.ee\\\/#website\"},\"primaryImageOfPage\":{\"@id\":\"https:\\\/\\\/hutton.ee\\\/toode\\\/sds-puur-telliselekarg-8x310mm\\\/#primaryimage\"},\"image\":{\"@id\":\"https:\\\/\\\/hutton.ee\\\/toode\\\/sds-puur-telliselekarg-8x310mm\\\/#primaryimage\"},\"thumbnailUrl\":\"https:\\\/\\\/hutton.ee\\\/wp-content\\\/uploads\\\/2025\\\/06\\\/RL53-klamber-18.png\",\"datePublished\":\"2025-06-05T06:26:32+00:00\",\"dateModified\":\"2025-07-24T12:05:06+00:00\",\"breadcrumb\":{\"@id\":\"https:\\\/\\\/hutton.ee\\\/toode\\\/sds-puur-telliselekarg-8x310mm\\\/#breadcrumb\"},\"inLanguage\":\"en-US\",\"potentialAction\":[{\"@type\":\"ReadAction\",\"target\":[\"https:\\\/\\\/hutton.ee\\\/toode\\\/sds-puur-telliselekarg-8x310mm\\\/\"]}]},{\"@type\":\"ImageObject\",\"inLanguage\":\"en-US\",\"@id\":\"https:\\\/\\\/hutton.ee\\\/toode\\\/sds-puur-telliselekarg-8x310mm\\\/#primaryimage\",\"url\":\"https:\\\/\\\/hutton.ee\\\/wp-content\\\/uploads\\\/2025\\\/06\\\/RL53-klamber-18.png\",\"contentUrl\":\"https:\\\/\\\/hutton.ee\\\/wp-content\\\/uploads\\\/2025\\\/06\\\/RL53-klamber-18.png\",\"width\":300,\"height\":300,\"caption\":\"SDS-puur Tellisele(k\u00e4rg) 8x260mm\"},{\"@type\":\"BreadcrumbList\",\"@id\":\"https:\\\/\\\/hutton.ee\\\/toode\\\/sds-puur-telliselekarg-8x310mm\\\/#breadcrumb\",\"itemListElement\":[{\"@type\":\"ListItem\",\"position\":1,\"name\":\"Avaleht\",\"item\":\"https:\\\/\\\/hutton.ee\\\/\"},{\"@type\":\"ListItem\",\"position\":2,\"name\":\"Shop\",\"item\":\"https:\\\/\\\/hutton.ee\\\/en\\\/shop\\\/\"},{\"@type\":\"ListItem\",\"position\":3,\"name\":\"SDS-puur Tellisele(k\u00e4rg) 8x310mm\"}]},{\"@type\":\"WebSite\",\"@id\":\"https:\\\/\\\/hutton.ee\\\/#website\",\"url\":\"https:\\\/\\\/hutton.ee\\\/\",\"name\":\"Hutton\",\"description\":\"Ajas kestvad ehituslahendused\",\"publisher\":{\"@id\":\"https:\\\/\\\/hutton.ee\\\/#organization\"},\"potentialAction\":[{\"@type\":\"SearchAction\",\"target\":{\"@type\":\"EntryPoint\",\"urlTemplate\":\"https:\\\/\\\/hutton.ee\\\/?s={search_term_string}\"},\"query-input\":{\"@type\":\"PropertyValueSpecification\",\"valueRequired\":true,\"valueName\":\"search_term_string\"}}],\"inLanguage\":\"en-US\"},{\"@type\":\"Organization\",\"@id\":\"https:\\\/\\\/hutton.ee\\\/#organization\",\"name\":\"Hutton - KATUS | SEIN | FASSAAD\",\"url\":\"https:\\\/\\\/hutton.ee\\\/\",\"logo\":{\"@type\":\"ImageObject\",\"inLanguage\":\"en-US\",\"@id\":\"https:\\\/\\\/hutton.ee\\\/#\\\/schema\\\/logo\\\/image\\\/\",\"url\":\"https:\\\/\\\/hutton.ee\\\/wp-content\\\/uploads\\\/2020\\\/07\\\/hutton-logo_uuendatud-01.png\",\"contentUrl\":\"https:\\\/\\\/hutton.ee\\\/wp-content\\\/uploads\\\/2020\\\/07\\\/hutton-logo_uuendatud-01.png\",\"width\":1064,\"height\":455,\"caption\":\"Hutton - KATUS | SEIN | FASSAAD\"},\"image\":{\"@id\":\"https:\\\/\\\/hutton.ee\\\/#\\\/schema\\\/logo\\\/image\\\/\"},\"sameAs\":[\"https:\\\/\\\/www.facebook.com\\\/huttoneesti\"]}]}<\/script>\n<!-- \/ Yoast SEO Premium plugin. -->","yoast_head_json":{"title":"SDS-puur Tellisele(k\u00e4rg) 8x310mm - Hutton","robots":{"index":"index","follow":"follow","max-snippet":"max-snippet:-1","max-image-preview":"max-image-preview:large","max-video-preview":"max-video-preview:-1"},"canonical":"https:\/\/hutton.ee\/toode\/sds-puur-telliselekarg-8x310mm\/","og_locale":"en_US","og_type":"article","og_title":"SDS-puur Tellisele(k\u00e4rg) 8x310mm","og_description":"Registreeru p\u00fcsikliendiks!","og_url":"https:\/\/hutton.ee\/toode\/sds-puur-telliselekarg-8x310mm\/","og_site_name":"Hutton","article_publisher":"https:\/\/www.facebook.com\/huttoneesti","article_modified_time":"2025-07-24T12:05:06+00:00","og_image":[{"width":300,"height":300,"url":"https:\/\/hutton.ee\/wp-content\/uploads\/2025\/06\/RL53-klamber-18.png","type":"image\/png"}],"twitter_card":"summary_large_image","twitter_misc":{"Est. reading time":"1 minute"},"schema":{"@context":"https:\/\/schema.org","@graph":[{"@type":"WebPage","@id":"https:\/\/hutton.ee\/toode\/sds-puur-telliselekarg-8x310mm\/","url":"https:\/\/hutton.ee\/toode\/sds-puur-telliselekarg-8x310mm\/","name":"SDS-puur Tellisele(k\u00e4rg) 8x310mm - Hutton","isPartOf":{"@id":"https:\/\/hutton.ee\/#website"},"primaryImageOfPage":{"@id":"https:\/\/hutton.ee\/toode\/sds-puur-telliselekarg-8x310mm\/#primaryimage"},"image":{"@id":"https:\/\/hutton.ee\/toode\/sds-puur-telliselekarg-8x310mm\/#primaryimage"},"thumbnailUrl":"https:\/\/hutton.ee\/wp-content\/uploads\/2025\/06\/RL53-klamber-18.png","datePublished":"2025-06-05T06:26:32+00:00","dateModified":"2025-07-24T12:05:06+00:00","breadcrumb":{"@id":"https:\/\/hutton.ee\/toode\/sds-puur-telliselekarg-8x310mm\/#breadcrumb"},"inLanguage":"en-US","potentialAction":[{"@type":"ReadAction","target":["https:\/\/hutton.ee\/toode\/sds-puur-telliselekarg-8x310mm\/"]}]},{"@type":"ImageObject","inLanguage":"en-US","@id":"https:\/\/hutton.ee\/toode\/sds-puur-telliselekarg-8x310mm\/#primaryimage","url":"https:\/\/hutton.ee\/wp-content\/uploads\/2025\/06\/RL53-klamber-18.png","contentUrl":"https:\/\/hutton.ee\/wp-content\/uploads\/2025\/06\/RL53-klamber-18.png","width":300,"height":300,"caption":"SDS-puur Tellisele(k\u00e4rg) 8x260mm"},{"@type":"BreadcrumbList","@id":"https:\/\/hutton.ee\/toode\/sds-puur-telliselekarg-8x310mm\/#breadcrumb","itemListElement":[{"@type":"ListItem","position":1,"name":"Avaleht","item":"https:\/\/hutton.ee\/"},{"@type":"ListItem","position":2,"name":"Shop","item":"https:\/\/hutton.ee\/en\/shop\/"},{"@type":"ListItem","position":3,"name":"SDS-puur Tellisele(k\u00e4rg) 8x310mm"}]},{"@type":"WebSite","@id":"https:\/\/hutton.ee\/#website","url":"https:\/\/hutton.ee\/","name":"Hutton","description":"Ajas kestvad ehituslahendused","publisher":{"@id":"https:\/\/hutton.ee\/#organization"},"potentialAction":[{"@type":"SearchAction","target":{"@type":"EntryPoint","urlTemplate":"https:\/\/hutton.ee\/?s={search_term_string}"},"query-input":{"@type":"PropertyValueSpecification","valueRequired":true,"valueName":"search_term_string"}}],"inLanguage":"en-US"},{"@type":"Organization","@id":"https:\/\/hutton.ee\/#organization","name":"Hutton - KATUS | SEIN | FASSAAD","url":"https:\/\/hutton.ee\/","logo":{"@type":"ImageObject","inLanguage":"en-US","@id":"https:\/\/hutton.ee\/#\/schema\/logo\/image\/","url":"https:\/\/hutton.ee\/wp-content\/uploads\/2020\/07\/hutton-logo_uuendatud-01.png","contentUrl":"https:\/\/hutton.ee\/wp-content\/uploads\/2020\/07\/hutton-logo_uuendatud-01.png","width":1064,"height":455,"caption":"Hutton - KATUS | SEIN | FASSAAD"},"image":{"@id":"https:\/\/hutton.ee\/#\/schema\/logo\/image\/"},"sameAs":["https:\/\/www.facebook.com\/huttoneesti"]}]}},"_links":{"self":[{"href":"https:\/\/hutton.ee\/en\/wp-json\/wp\/v2\/product\/28527","targetHints":{"allow":["GET"]}}],"collection":[{"href":"https:\/\/hutton.ee\/en\/wp-json\/wp\/v2\/product"}],"about":[{"href":"https:\/\/hutton.ee\/en\/wp-json\/wp\/v2\/types\/product"}],"wp:featuredmedia":[{"embeddable":true,"href":"https:\/\/hutton.ee\/en\/wp-json\/wp\/v2\/media\/28525"}],"wp:attachment":[{"href":"https:\/\/hutton.ee\/en\/wp-json\/wp\/v2\/media?parent=28527"}],"wp:term":[{"taxonomy":"product_brand","embeddable":true,"href":"https:\/\/hutton.ee\/en\/wp-json\/wp\/v2\/product_brand?post=28527"},{"taxonomy":"product_cat","embeddable":true,"href":"https:\/\/hutton.ee\/en\/wp-json\/wp\/v2\/product_cat?post=28527"},{"taxonomy":"product_tag","embeddable":true,"href":"https:\/\/hutton.ee\/en\/wp-json\/wp\/v2\/product_tag?post=28527"},{"taxonomy":"filtrisusteem","embeddable":true,"href":"https:\/\/hutton.ee\/en\/wp-json\/wp\/v2\/filtrisusteem?post=28527"},{"taxonomy":"kvaliteediklass","embeddable":true,"href":"https:\/\/hutton.ee\/en\/wp-json\/wp\/v2\/kvaliteediklass?post=28527"}],"curies":[{"name":"wp","href":"https:\/\/api.w.org\/{rel}","templated":true}]}}