{"id":28672,"date":"2025-06-13T06:14:56","date_gmt":"2025-06-13T06:14:56","guid":{"rendered":"https:\/\/hutton.ee\/?post_type=product&#038;p=28672"},"modified":"2025-12-12T14:16:14","modified_gmt":"2025-12-12T14:16:14","slug":"penosil-all-purpose-gunfoam-172-mitmeotstarbeline-pustolivaht-ehitustoodeks","status":"publish","type":"product","link":"https:\/\/hutton.ee\/en\/toode\/penosil-all-purpose-gunfoam-172-mitmeotstarbeline-pustolivaht-ehitustoodeks\/","title":{"rendered":"Penosil All Purpose Gunfoam 172 &#8211; mitmeotstarbeline p\u00fcstolivaht ehitust\u00f6\u00f6deks"},"content":{"rendered":"<p>PENOSIL All Purpose Gunfoam 172 on p\u00fcstolivaht professionaalseks kasutamiseks enamikeks ehituslikeks tihendus- ja t\u00e4itmist\u00f6\u00f6deks.\u00a0Suure v\u00e4ljatulekuga mitmeotstarbeline \u00fchekomponentne ehitusvaht sobib \u00fcldisteks tihendus-, isolatsiooni- ja t\u00e4itmist\u00f6\u00f6deks. Toimib h\u00e4sti ka k\u00f5rgemal temperatuuril (kuni +40 \u00b0C). Tagab survetundlike vuukide \u00f5hu- ja helikindla tihendamise. Iga ostetud All Purpose Gunfoam 172&#8217;ga toetate Eesti Maadlusliitu ning annate hoogu laste ja noorte maadluskarj\u00e4\u00e4rile.<\/p>\n<p><strong>V\u00e4\u00e4rtused<\/strong><\/p>\n<ul>\n<li>V\u00e4ike tardumissurve<\/li>\n<li>Suurep\u00e4rased isoleerivad omadused<\/li>\n<li>Toimib h\u00e4sti ka k\u00f5rgel temperatuuril (kuni +40 \u00b0C)<\/li>\n<li>Suur v\u00e4ljatulek<\/li>\n<li>M\u00f5\u00f5dukas j\u00e4relpaisumine<\/li>\n<li>Suurep\u00e4rased soojus- ja heliisolatsiooniomadused<\/li>\n<\/ul>\n<p><strong>Kasutusalad<\/strong><\/p>\n<ul>\n<li>Akna- ja uksevuukide tihendamine ja t\u00e4itmine<\/li>\n<li>Avauste, vuukide, t\u00fchimike ja l\u00e4biviikude (nt kaablite ja torude l\u00e4biviigud) t\u00e4itmine ja isoleerimine.<\/li>\n<li>\u00dchendusvuukide tihendamine.<\/li>\n<li>Soojus- ja heliisolatsiooni parandamine.<\/li>\n<li>K\u00fclmasildade m\u00f5ju v\u00e4hendamine<\/li>\n<\/ul>\n<p><strong>Nakkuvus<\/strong><\/p>\n<ul>\n<li>Puit<\/li>\n<li>Betoon<\/li>\n<li>Kivi<\/li>\n<li>Tellised<\/li>\n<li>K\u00f5ik metallid<\/li>\n<li>Kipsplaadid<\/li>\n<li>EPS<\/li>\n<li>Katusekivid<\/li>\n<li>PVC<\/li>\n<\/ul>\n<p><strong>N\u00e4pun\u00e4ited<\/strong><\/p>\n<ul>\n<li>\u00d5hutemperatuur kasutamisel: +5 \u00b0C kuni +40 \u00b0C.<\/li>\n<li>Kaitske k\u00fclgnevaid pindu paberi, kile v\u00f5i muu sobiva materjaliga.<\/li>\n<li>Kuna ehitusmaterjale on v\u00e4ga erinevaid, soovitame enne toote kasutamist katsetada alati selle sobivust.<\/li>\n<li>Madalal temperatuuril t\u00f6\u00f6tades tuleb vahuballoon eelsoojendada toatemperatuurini (umbes 20 \u00b0C).<\/li>\n<li>T\u00f6\u00f6riistade ja pindade puhastamiseks tardumata vahust kasutage puhastusvahendit Penosil Foam Cleaner.<\/li>\n<li>K\u00e4te ja r\u00f5ivaste puhastamiseks tardumata vahust kasutage puhastuslappe Penosil Cleaning Wipes.<\/li>\n<li>Vahueemaldi Penosil Foam Remover pehmendab tardunud vahtu ja aitab selle h\u00f5lpsamalt eemaldada.<\/li>\n<\/ul>\n<p><strong>Kitsendused<\/strong><\/p>\n<ul>\n<li>Ei nakku pol\u00fcet\u00fcleenist (PE), PTFE-st (Teflon\u00ae) ega silikoonist pindadele.<\/li>\n<li>\u00c4rge kasutage temperatuuril alla +5 \u00b0C.<\/li>\n<li>Tardunud vahu kaitsmiseks UV-kiirguse eest tuleb see katta sobiva materjaliga.<\/li>\n<li>\u00c4rge katke enne, kui vaht on t\u00e4ielikult tardunud.<\/li>\n<\/ul>\n<p><strong>Vajadusel k\u00fcsi n\u00f5u:<\/strong><\/p>\n<p><strong>Neeme<\/strong> <a href=\"tel:5098168\">+372 509 8168<\/a> | <a href=\"mailto:neeme@hutton.ee\">neeme@hutton.ee<\/a><\/p>\n","protected":false},"excerpt":{"rendered":"<p><strong><a href=\"https:\/\/hutton.ee\/minu-konto\/\"><span style=\"color: #ff0000;\">Registreeru p\u00fcsikliendiks!<\/span><\/a><\/strong><\/p>\n","protected":false},"featured_media":28715,"template":"","meta":{"_gspb_post_css":"","_uf_show_specific_survey":0,"_uf_disable_surveys":false},"product_brand":[],"product_cat":[964,967],"product_tag":[2908],"filtrisusteem":[2570],"kvaliteediklass":[],"class_list":{"0":"post-28672","1":"product","2":"type-product","3":"status-publish","4":"has-post-thumbnail","6":"product_cat-ehituskeemia","7":"product_cat-montaazivahud","8":"product_tag-13tk","9":"filtrisusteem-160-3","11":"first","12":"instock","13":"taxable","14":"shipping-taxable","15":"purchasable","16":"product-type-simple"},"yoast_head":"<!-- This site is optimized with the Yoast SEO Premium plugin v21.3 (Yoast SEO v27.3) - https:\/\/yoast.com\/product\/yoast-seo-premium-wordpress\/ -->\n<title>Penosil All Purpose Gunfoam 172 - mitmeotstarbeline p\u00fcstolivaht ehitust\u00f6\u00f6deks - Hutton<\/title>\n<meta name=\"description\" content=\"PENOSIL All Purpose Gunfoam 172 on professionaalne p\u00fcstolivaht tihendus- ja t\u00e4itmist\u00f6\u00f6deks. Suur v\u00e4ljatulek, hea soojus- ja heliisolatsioon\" \/>\n<meta name=\"robots\" content=\"index, follow, max-snippet:-1, max-image-preview:large, max-video-preview:-1\" \/>\n<link rel=\"canonical\" href=\"https:\/\/hutton.ee\/toode\/penosil-all-purpose-gunfoam-172-mitmeotstarbeline-pustolivaht-ehitustoodeks\/\" \/>\n<meta property=\"og:locale\" content=\"en_US\" \/>\n<meta property=\"og:type\" content=\"article\" \/>\n<meta property=\"og:title\" content=\"Penosil All Purpose Gunfoam 172 - mitmeotstarbeline p\u00fcstolivaht ehitust\u00f6\u00f6deks\" \/>\n<meta property=\"og:description\" content=\"PENOSIL All Purpose Gunfoam 172 on professionaalne p\u00fcstolivaht tihendus- ja t\u00e4itmist\u00f6\u00f6deks. Suur v\u00e4ljatulek, hea soojus- ja heliisolatsioon\" \/>\n<meta property=\"og:url\" content=\"https:\/\/hutton.ee\/toode\/penosil-all-purpose-gunfoam-172-mitmeotstarbeline-pustolivaht-ehitustoodeks\/\" \/>\n<meta property=\"og:site_name\" content=\"Hutton\" \/>\n<meta property=\"article:publisher\" content=\"https:\/\/www.facebook.com\/huttoneesti\" \/>\n<meta property=\"article:modified_time\" content=\"2025-12-12T14:16:14+00:00\" \/>\n<meta property=\"og:image\" content=\"https:\/\/hutton.ee\/wp-content\/uploads\/2025\/06\/117003.jpg\" \/>\n\t<meta property=\"og:image:width\" content=\"709\" \/>\n\t<meta property=\"og:image:height\" content=\"709\" \/>\n\t<meta property=\"og:image:type\" content=\"image\/jpeg\" \/>\n<meta name=\"twitter:card\" content=\"summary_large_image\" \/>\n<meta name=\"twitter:label1\" content=\"Est. reading time\" \/>\n\t<meta name=\"twitter:data1\" content=\"2 minutes\" \/>\n<script type=\"application\/ld+json\" class=\"yoast-schema-graph\">{\"@context\":\"https:\\\/\\\/schema.org\",\"@graph\":[{\"@type\":\"WebPage\",\"@id\":\"https:\\\/\\\/hutton.ee\\\/toode\\\/penosil-all-purpose-gunfoam-172-mitmeotstarbeline-pustolivaht-ehitustoodeks\\\/\",\"url\":\"https:\\\/\\\/hutton.ee\\\/toode\\\/penosil-all-purpose-gunfoam-172-mitmeotstarbeline-pustolivaht-ehitustoodeks\\\/\",\"name\":\"Penosil All Purpose Gunfoam 172 - mitmeotstarbeline p\u00fcstolivaht ehitust\u00f6\u00f6deks - Hutton\",\"isPartOf\":{\"@id\":\"https:\\\/\\\/hutton.ee\\\/#website\"},\"primaryImageOfPage\":{\"@id\":\"https:\\\/\\\/hutton.ee\\\/toode\\\/penosil-all-purpose-gunfoam-172-mitmeotstarbeline-pustolivaht-ehitustoodeks\\\/#primaryimage\"},\"image\":{\"@id\":\"https:\\\/\\\/hutton.ee\\\/toode\\\/penosil-all-purpose-gunfoam-172-mitmeotstarbeline-pustolivaht-ehitustoodeks\\\/#primaryimage\"},\"thumbnailUrl\":\"https:\\\/\\\/hutton.ee\\\/wp-content\\\/uploads\\\/2025\\\/06\\\/117003.jpg\",\"datePublished\":\"2025-06-13T06:14:56+00:00\",\"dateModified\":\"2025-12-12T14:16:14+00:00\",\"description\":\"PENOSIL All Purpose Gunfoam 172 on professionaalne p\u00fcstolivaht tihendus- ja t\u00e4itmist\u00f6\u00f6deks. Suur v\u00e4ljatulek, hea soojus- ja heliisolatsioon\",\"breadcrumb\":{\"@id\":\"https:\\\/\\\/hutton.ee\\\/toode\\\/penosil-all-purpose-gunfoam-172-mitmeotstarbeline-pustolivaht-ehitustoodeks\\\/#breadcrumb\"},\"inLanguage\":\"en-US\",\"potentialAction\":[{\"@type\":\"ReadAction\",\"target\":[\"https:\\\/\\\/hutton.ee\\\/toode\\\/penosil-all-purpose-gunfoam-172-mitmeotstarbeline-pustolivaht-ehitustoodeks\\\/\"]}]},{\"@type\":\"ImageObject\",\"inLanguage\":\"en-US\",\"@id\":\"https:\\\/\\\/hutton.ee\\\/toode\\\/penosil-all-purpose-gunfoam-172-mitmeotstarbeline-pustolivaht-ehitustoodeks\\\/#primaryimage\",\"url\":\"https:\\\/\\\/hutton.ee\\\/wp-content\\\/uploads\\\/2025\\\/06\\\/117003.jpg\",\"contentUrl\":\"https:\\\/\\\/hutton.ee\\\/wp-content\\\/uploads\\\/2025\\\/06\\\/117003.jpg\",\"width\":709,\"height\":709,\"caption\":\"Penosil All Purpose Gunfoam 172\"},{\"@type\":\"BreadcrumbList\",\"@id\":\"https:\\\/\\\/hutton.ee\\\/toode\\\/penosil-all-purpose-gunfoam-172-mitmeotstarbeline-pustolivaht-ehitustoodeks\\\/#breadcrumb\",\"itemListElement\":[{\"@type\":\"ListItem\",\"position\":1,\"name\":\"Avaleht\",\"item\":\"https:\\\/\\\/hutton.ee\\\/\"},{\"@type\":\"ListItem\",\"position\":2,\"name\":\"Shop\",\"item\":\"https:\\\/\\\/hutton.ee\\\/en\\\/shop\\\/\"},{\"@type\":\"ListItem\",\"position\":3,\"name\":\"Penosil All Purpose Gunfoam 172 &#8211; mitmeotstarbeline p\u00fcstolivaht ehitust\u00f6\u00f6deks\"}]},{\"@type\":\"WebSite\",\"@id\":\"https:\\\/\\\/hutton.ee\\\/#website\",\"url\":\"https:\\\/\\\/hutton.ee\\\/\",\"name\":\"Hutton\",\"description\":\"Ajas kestvad ehituslahendused\",\"publisher\":{\"@id\":\"https:\\\/\\\/hutton.ee\\\/#organization\"},\"potentialAction\":[{\"@type\":\"SearchAction\",\"target\":{\"@type\":\"EntryPoint\",\"urlTemplate\":\"https:\\\/\\\/hutton.ee\\\/?s={search_term_string}\"},\"query-input\":{\"@type\":\"PropertyValueSpecification\",\"valueRequired\":true,\"valueName\":\"search_term_string\"}}],\"inLanguage\":\"en-US\"},{\"@type\":\"Organization\",\"@id\":\"https:\\\/\\\/hutton.ee\\\/#organization\",\"name\":\"Hutton - KATUS | SEIN | FASSAAD\",\"url\":\"https:\\\/\\\/hutton.ee\\\/\",\"logo\":{\"@type\":\"ImageObject\",\"inLanguage\":\"en-US\",\"@id\":\"https:\\\/\\\/hutton.ee\\\/#\\\/schema\\\/logo\\\/image\\\/\",\"url\":\"https:\\\/\\\/hutton.ee\\\/wp-content\\\/uploads\\\/2020\\\/07\\\/hutton-logo_uuendatud-01.png\",\"contentUrl\":\"https:\\\/\\\/hutton.ee\\\/wp-content\\\/uploads\\\/2020\\\/07\\\/hutton-logo_uuendatud-01.png\",\"width\":1064,\"height\":455,\"caption\":\"Hutton - KATUS | SEIN | FASSAAD\"},\"image\":{\"@id\":\"https:\\\/\\\/hutton.ee\\\/#\\\/schema\\\/logo\\\/image\\\/\"},\"sameAs\":[\"https:\\\/\\\/www.facebook.com\\\/huttoneesti\"]}]}<\/script>\n<!-- \/ Yoast SEO Premium plugin. -->","yoast_head_json":{"title":"Penosil All Purpose Gunfoam 172 - mitmeotstarbeline p\u00fcstolivaht ehitust\u00f6\u00f6deks - Hutton","description":"PENOSIL All Purpose Gunfoam 172 on professionaalne p\u00fcstolivaht tihendus- ja t\u00e4itmist\u00f6\u00f6deks. Suur v\u00e4ljatulek, hea soojus- ja heliisolatsioon","robots":{"index":"index","follow":"follow","max-snippet":"max-snippet:-1","max-image-preview":"max-image-preview:large","max-video-preview":"max-video-preview:-1"},"canonical":"https:\/\/hutton.ee\/toode\/penosil-all-purpose-gunfoam-172-mitmeotstarbeline-pustolivaht-ehitustoodeks\/","og_locale":"en_US","og_type":"article","og_title":"Penosil All Purpose Gunfoam 172 - mitmeotstarbeline p\u00fcstolivaht ehitust\u00f6\u00f6deks","og_description":"PENOSIL All Purpose Gunfoam 172 on professionaalne p\u00fcstolivaht tihendus- ja t\u00e4itmist\u00f6\u00f6deks. Suur v\u00e4ljatulek, hea soojus- ja heliisolatsioon","og_url":"https:\/\/hutton.ee\/toode\/penosil-all-purpose-gunfoam-172-mitmeotstarbeline-pustolivaht-ehitustoodeks\/","og_site_name":"Hutton","article_publisher":"https:\/\/www.facebook.com\/huttoneesti","article_modified_time":"2025-12-12T14:16:14+00:00","og_image":[{"width":709,"height":709,"url":"https:\/\/hutton.ee\/wp-content\/uploads\/2025\/06\/117003.jpg","type":"image\/jpeg"}],"twitter_card":"summary_large_image","twitter_misc":{"Est. reading time":"2 minutes"},"schema":{"@context":"https:\/\/schema.org","@graph":[{"@type":"WebPage","@id":"https:\/\/hutton.ee\/toode\/penosil-all-purpose-gunfoam-172-mitmeotstarbeline-pustolivaht-ehitustoodeks\/","url":"https:\/\/hutton.ee\/toode\/penosil-all-purpose-gunfoam-172-mitmeotstarbeline-pustolivaht-ehitustoodeks\/","name":"Penosil All Purpose Gunfoam 172 - mitmeotstarbeline p\u00fcstolivaht ehitust\u00f6\u00f6deks - Hutton","isPartOf":{"@id":"https:\/\/hutton.ee\/#website"},"primaryImageOfPage":{"@id":"https:\/\/hutton.ee\/toode\/penosil-all-purpose-gunfoam-172-mitmeotstarbeline-pustolivaht-ehitustoodeks\/#primaryimage"},"image":{"@id":"https:\/\/hutton.ee\/toode\/penosil-all-purpose-gunfoam-172-mitmeotstarbeline-pustolivaht-ehitustoodeks\/#primaryimage"},"thumbnailUrl":"https:\/\/hutton.ee\/wp-content\/uploads\/2025\/06\/117003.jpg","datePublished":"2025-06-13T06:14:56+00:00","dateModified":"2025-12-12T14:16:14+00:00","description":"PENOSIL All Purpose Gunfoam 172 on professionaalne p\u00fcstolivaht tihendus- ja t\u00e4itmist\u00f6\u00f6deks. Suur v\u00e4ljatulek, hea soojus- ja heliisolatsioon","breadcrumb":{"@id":"https:\/\/hutton.ee\/toode\/penosil-all-purpose-gunfoam-172-mitmeotstarbeline-pustolivaht-ehitustoodeks\/#breadcrumb"},"inLanguage":"en-US","potentialAction":[{"@type":"ReadAction","target":["https:\/\/hutton.ee\/toode\/penosil-all-purpose-gunfoam-172-mitmeotstarbeline-pustolivaht-ehitustoodeks\/"]}]},{"@type":"ImageObject","inLanguage":"en-US","@id":"https:\/\/hutton.ee\/toode\/penosil-all-purpose-gunfoam-172-mitmeotstarbeline-pustolivaht-ehitustoodeks\/#primaryimage","url":"https:\/\/hutton.ee\/wp-content\/uploads\/2025\/06\/117003.jpg","contentUrl":"https:\/\/hutton.ee\/wp-content\/uploads\/2025\/06\/117003.jpg","width":709,"height":709,"caption":"Penosil All Purpose Gunfoam 172"},{"@type":"BreadcrumbList","@id":"https:\/\/hutton.ee\/toode\/penosil-all-purpose-gunfoam-172-mitmeotstarbeline-pustolivaht-ehitustoodeks\/#breadcrumb","itemListElement":[{"@type":"ListItem","position":1,"name":"Avaleht","item":"https:\/\/hutton.ee\/"},{"@type":"ListItem","position":2,"name":"Shop","item":"https:\/\/hutton.ee\/en\/shop\/"},{"@type":"ListItem","position":3,"name":"Penosil All Purpose Gunfoam 172 &#8211; mitmeotstarbeline p\u00fcstolivaht ehitust\u00f6\u00f6deks"}]},{"@type":"WebSite","@id":"https:\/\/hutton.ee\/#website","url":"https:\/\/hutton.ee\/","name":"Hutton","description":"Ajas kestvad ehituslahendused","publisher":{"@id":"https:\/\/hutton.ee\/#organization"},"potentialAction":[{"@type":"SearchAction","target":{"@type":"EntryPoint","urlTemplate":"https:\/\/hutton.ee\/?s={search_term_string}"},"query-input":{"@type":"PropertyValueSpecification","valueRequired":true,"valueName":"search_term_string"}}],"inLanguage":"en-US"},{"@type":"Organization","@id":"https:\/\/hutton.ee\/#organization","name":"Hutton - KATUS | SEIN | FASSAAD","url":"https:\/\/hutton.ee\/","logo":{"@type":"ImageObject","inLanguage":"en-US","@id":"https:\/\/hutton.ee\/#\/schema\/logo\/image\/","url":"https:\/\/hutton.ee\/wp-content\/uploads\/2020\/07\/hutton-logo_uuendatud-01.png","contentUrl":"https:\/\/hutton.ee\/wp-content\/uploads\/2020\/07\/hutton-logo_uuendatud-01.png","width":1064,"height":455,"caption":"Hutton - KATUS | SEIN | FASSAAD"},"image":{"@id":"https:\/\/hutton.ee\/#\/schema\/logo\/image\/"},"sameAs":["https:\/\/www.facebook.com\/huttoneesti"]}]}},"_links":{"self":[{"href":"https:\/\/hutton.ee\/en\/wp-json\/wp\/v2\/product\/28672","targetHints":{"allow":["GET"]}}],"collection":[{"href":"https:\/\/hutton.ee\/en\/wp-json\/wp\/v2\/product"}],"about":[{"href":"https:\/\/hutton.ee\/en\/wp-json\/wp\/v2\/types\/product"}],"wp:featuredmedia":[{"embeddable":true,"href":"https:\/\/hutton.ee\/en\/wp-json\/wp\/v2\/media\/28715"}],"wp:attachment":[{"href":"https:\/\/hutton.ee\/en\/wp-json\/wp\/v2\/media?parent=28672"}],"wp:term":[{"taxonomy":"product_brand","embeddable":true,"href":"https:\/\/hutton.ee\/en\/wp-json\/wp\/v2\/product_brand?post=28672"},{"taxonomy":"product_cat","embeddable":true,"href":"https:\/\/hutton.ee\/en\/wp-json\/wp\/v2\/product_cat?post=28672"},{"taxonomy":"product_tag","embeddable":true,"href":"https:\/\/hutton.ee\/en\/wp-json\/wp\/v2\/product_tag?post=28672"},{"taxonomy":"filtrisusteem","embeddable":true,"href":"https:\/\/hutton.ee\/en\/wp-json\/wp\/v2\/filtrisusteem?post=28672"},{"taxonomy":"kvaliteediklass","embeddable":true,"href":"https:\/\/hutton.ee\/en\/wp-json\/wp\/v2\/kvaliteediklass?post=28672"}],"curies":[{"name":"wp","href":"https:\/\/api.w.org\/{rel}","templated":true}]}}