{"id":28768,"date":"2025-06-26T10:29:11","date_gmt":"2025-06-26T10:29:11","guid":{"rendered":"https:\/\/hutton.ee\/?post_type=product&#038;p=28768"},"modified":"2025-07-25T08:30:06","modified_gmt":"2025-07-25T08:30:06","slug":"thermowhite-valmis-toode-wd-70","status":"publish","type":"product","link":"https:\/\/hutton.ee\/en\/toode\/thermowhite-valmis-toode-wd-70\/","title":{"rendered":"ThermoWhite valmis toode WD 70"},"content":{"rendered":"<h4 data-start=\"82\" data-end=\"215\"><strong data-start=\"82\" data-end=\"215\">ThermoWhite \u2013 termiline ja l\u00f6\u00f6gikindel isolatsioon ja tasandussegu valmis tootena mugavaks kasutamiseks!<\/strong><\/h4>\n<p data-start=\"217\" data-end=\"308\">Sobib suurep\u00e4raselt ka p\u00f6\u00f6ningute v\u00f5i sarikate vaheliseks tasandamiseks v\u00f5i isolatsiooniks.<\/p>\n<p data-start=\"310\" data-end=\"357\"><strong data-start=\"310\" data-end=\"357\">ThermoWhite valmis toodet on lihtne paigaldada:<\/strong><\/p>\n<p data-start=\"359\" data-end=\"518\">ThermoWhite WD tooted on pakendatud 200-liitristesse kottidesse. Need on eelnevalt segatud, kasutusvalmis ja v\u00e4ga lihtsasti paigaldatavad. Kalla ThermoWhite isolatsioonit\u00e4ide 200-liitrisest kotist sundsegistisse. Seej\u00e4rel lisa vett (10-11L) ja sega segu kaks minutit. Valmis! Kandke valmis segu soovitud pinnale, laotage ja tihendage sobiva t\u00f6\u00f6riistaga. Pind on katmiseks valmis juba 12 tunni p\u00e4rast.<\/p>\n<h4 data-start=\"3050\" data-end=\"3069\">Paigaldusjuhend<\/h4>\n<p data-start=\"3071\" data-end=\"3260\"><strong data-start=\"3071\" data-end=\"3083\">1. samm:<\/strong><br data-start=\"3083\" data-end=\"3086\" \/>Too objektile sundsegisti (v\u00e4hemalt 200-liitrine), vesi ja ThermoWhite valmis toode. \u00c4ra unusta ka tihendamiseks sobivaid t\u00f6\u00f6riistu (suur alumiiniumist labidas v\u00f5i v\u00f5rkpind)!<\/p>\n<p data-start=\"3262\" data-end=\"3457\"><strong data-start=\"3262\" data-end=\"3274\">2. samm:<\/strong><br data-start=\"3274\" data-end=\"3277\" \/>Kalla ThermoWhite valmis toode sundsegistisse ja lisa sobiv kogus vett vastavalt kasutusjuhendile:<br data-start=\"3375\" data-end=\"3378\" \/>\u2013 100-liitrine kott: 4\u20135 liitrit vett<br data-start=\"3415\" data-end=\"3418\" \/>\u2013 200-liitrine kott: 10\u201311 liitrit vett<\/p>\n<p data-start=\"3459\" data-end=\"3696\"><strong data-start=\"3459\" data-end=\"3471\">3. samm:<\/strong><br data-start=\"3471\" data-end=\"3474\" \/>Sega ThermoWhite valmis toode vee lisamise j\u00e4rel p\u00f5hjalikult kaks minutit. Seej\u00e4rel kanna segu soovitud pinnale ja TIHENDA! Pind on katmiseks valmis juba 12 tunni m\u00f6\u00f6dudes. \u00c4ra paigalda, kui v\u00e4listemperatuur on alla +5 \u00b0C.<\/p>\n<p>&nbsp;<\/p>\n<h4 data-start=\"1201\" data-end=\"1249\">Kuidas toimib ThermoWhite soojusisolatsioon?<\/h4>\n<p data-start=\"1251\" data-end=\"1457\">Moodustub m\u00f5\u00f5tmetelt stabiilne, suletud isolatsioonikiht, mis pakub paremat soojusisolatsiooni ja l\u00f6\u00f6gim\u00fcra v\u00e4hendamist v\u00f5rreldes teiste s\u00fcsteemidega. Lisaks on sellel v\u00e4iksem vajumine ja suurem kandev\u00f5ime.<\/p>\n<p data-start=\"1459\" data-end=\"1588\">ThermoWhite\u00ae s\u00fcsteemi testitud kvaliteet on tagatud spetsiaalselt arendatud sideaine ja kasutatud kvaliteetsete EPS graanulitega.<\/p>\n<h4 data-start=\"1595\" data-end=\"1690\">ThermoWhite valmis toode \u2013 soojus- ja helikindel isolatsioon \u2013 energias\u00e4\u00e4stlik ja kulut\u00f5hus<\/h4>\n<p data-start=\"1692\" data-end=\"1880\">ThermoWhite valmis toode muudab EPS plaatide aegan\u00f5udva l\u00f5ikamise \u00fcleliigseks. T\u00e4nu patenditud, vuukideta ja ajas\u00e4\u00e4stlikule tasandus- ja isolatsioonit\u00e4itele on t\u00f6\u00f6 kiirem ja tulemus parem.<\/p>\n<h4 data-start=\"2116\" data-end=\"2209\">ThermoWhite soojusisolatsiooni eelised seisnevad selle kvaliteedis ja paigalduslihtsuses:<\/h4>\n<ul>\n<li data-start=\"2213\" data-end=\"2263\">Parim soojusisolatsioon ja l\u00f6\u00f6gim\u00fcra v\u00e4hendamine<\/li>\n<li data-start=\"2266\" data-end=\"2303\">V\u00e4ike veesisaldus = kiire kuivamine<\/li>\n<li data-start=\"2306\" data-end=\"2354\">Vuukideta paigaldus = parem isolatsiooniomadus<\/li>\n<li data-start=\"2357\" data-end=\"2429\">Sobib renoveerimiseks, taastamiseks, basseinit\u00e4iteks, p\u00f6\u00f6ningutele jms<\/li>\n<li data-start=\"2432\" data-end=\"2469\">CE-sertifikaat ja Euroopa heakskiit<\/li>\n<li data-start=\"2472\" data-end=\"2508\">Kasutusvalmis juba 12 tunni p\u00e4rast<\/li>\n<li data-start=\"2511\" data-end=\"2570\">J\u00e4tkusuutlik \u2013 taaskasutatav, mitte ohtlik j\u00e4\u00e4tmematerjal<\/li>\n<li data-start=\"2573\" data-end=\"2620\">Lihtne t\u00f6\u00f6delda, laialdased kasutusv\u00f5imalused<\/li>\n<li data-start=\"2623\" data-end=\"2691\">Ideaalne v\u00e4iksematele ehitusobjektidele \u2013 sest on eelnevalt segatud!<\/li>\n<\/ul>\n<h4 data-start=\"2698\" data-end=\"2740\">Erinevused v\u00f5rreldes teiste toodetega:<\/h4>\n<p data-start=\"2742\" data-end=\"3043\">ThermoWhite WD tooted on testitud soojus- ja l\u00f6\u00f6gikindla isolatsioonina ning neil on CE-sertifikaat (vt sertifikaate). V\u00f5rreldes pol\u00fcst\u00fcreenbetoonist (tsement, liim jms) tasandussegudega, on ThermoWhite\u2019l parem soojusjuhtivus, l\u00fchem kuivamisaeg ning \u2013 s\u00f5ltuvalt paigaldusest \u2013 kiirem katmise v\u00f5imalus.<\/p>\n<p><strong>Vajadusel k\u00fcsi n\u00f5u:<br \/>\n<\/strong><\/p>\n<p><b>Eiko <\/b><a href=\"tel:5094950\">+372 509 4950<\/a> | <a href=\"mailto:regina@hutton.ee\">eiko@hutton.ee<\/a><\/p>\n<p data-start=\"3459\" data-end=\"3696\">\n","protected":false},"excerpt":{"rendered":"<p><span style=\"text-decoration: underline;\"><span style=\"color: #ff0000; font-size: 12pt; text-decoration: underline;\"><strong><a style=\"color: #ff0000; text-decoration: underline;\" href=\"https:\/\/hutton.ee\/minu-konto\/\" target=\"_blank\" rel=\"noopener\">Registreeru p\u00fcsikliendiks<\/a>!<\/strong><\/span><\/span><\/p>\n<p>ThermoWhite valmis toode WD 70 on termiline ja l\u00f6\u00f6gikindel isolatsioon ja tasandussegu, mida on mugav ja lihtne kasutada.\u00a0Sobib suurep\u00e4raselt ka p\u00f6\u00f6ningute v\u00f5i sarikate vaheliseks tasandamiseks v\u00f5i isolatsiooniks.<\/p>\n<p>ThermoWhite valmis toodet on lihtne paigaldada:\u00a0ThermoWhite WD tooted on pakendatud 200-liitristesse kottidesse. Need on eelnevalt segatud, kasutusvalmis ja v\u00e4ga lihtsasti paigaldatavad.<br \/>\nKalla ThermoWhite isolatsioonit\u00e4ide 200-liitrisest kotist sundsegistisse. Seej\u00e4rel lisa vett (9-10L) ja sega segu kaks minutit. Valmis!<\/p>\n<p>Kandke valmis segu soovitud pinnale, laotage ja tihendage sobiva t\u00f6\u00f6riistaga. Pind on katmiseks valmis juba 12 tunni p\u00e4rast.<\/p>\n","protected":false},"featured_media":28769,"template":"","meta":{"_gspb_post_css":"","_uf_show_specific_survey":0,"_uf_disable_surveys":false},"product_brand":[],"product_cat":[1968],"product_tag":[2893,1258],"filtrisusteem":[],"kvaliteediklass":[],"class_list":{"0":"post-28768","1":"product","2":"type-product","3":"status-publish","4":"has-post-thumbnail","6":"product_cat-thermowhite","7":"product_tag-1tk_block","8":"product_tag-ei_pakiautomaat","10":"first","11":"instock","12":"taxable","13":"shipping-taxable","14":"purchasable","15":"product-type-simple"},"yoast_head":"<!-- This site is optimized with the Yoast SEO Premium plugin v21.3 (Yoast SEO v27.3) - https:\/\/yoast.com\/product\/yoast-seo-premium-wordpress\/ -->\n<title>ThermoWhite valmis toode WD 70 - Hutton<\/title>\n<meta name=\"robots\" content=\"index, follow, max-snippet:-1, max-image-preview:large, max-video-preview:-1\" \/>\n<link rel=\"canonical\" href=\"https:\/\/hutton.ee\/toode\/thermowhite-valmis-toode-wd-70\/\" \/>\n<meta property=\"og:locale\" content=\"en_US\" \/>\n<meta property=\"og:type\" content=\"article\" \/>\n<meta property=\"og:title\" content=\"ThermoWhite valmis toode WD 70\" \/>\n<meta property=\"og:description\" content=\"Registreeru p\u00fcsikliendiks!  ThermoWhite valmis toode WD 70 on termiline ja l\u00f6\u00f6gikindel isolatsioon ja tasandussegu, mida on mugav ja lihtne kasutada.\u00a0Sobib suurep\u00e4raselt ka p\u00f6\u00f6ningute v\u00f5i sarikate vaheliseks tasandamiseks v\u00f5i isolatsiooniks.  ThermoWhite valmis toodet on lihtne paigaldada:\u00a0ThermoWhite WD tooted on pakendatud 200-liitristesse kottidesse. Need on eelnevalt segatud, kasutusvalmis ja v\u00e4ga lihtsasti paigaldatavad. Kalla ThermoWhite isolatsioonit\u00e4ide 200-liitrisest kotist sundsegistisse. Seej\u00e4rel lisa vett (9-10L) ja sega segu kaks minutit. Valmis!  Kandke valmis segu soovitud pinnale, laotage ja tihendage sobiva t\u00f6\u00f6riistaga. Pind on katmiseks valmis juba 12 tunni p\u00e4rast.\" \/>\n<meta property=\"og:url\" content=\"https:\/\/hutton.ee\/toode\/thermowhite-valmis-toode-wd-70\/\" \/>\n<meta property=\"og:site_name\" content=\"Hutton\" \/>\n<meta property=\"article:publisher\" content=\"https:\/\/www.facebook.com\/huttoneesti\" \/>\n<meta property=\"article:modified_time\" content=\"2025-07-25T08:30:06+00:00\" \/>\n<meta property=\"og:image\" content=\"https:\/\/hutton.ee\/wp-content\/uploads\/2025\/06\/ThermoWhite-valmis-toode-WD-70-1.png\" \/>\n\t<meta property=\"og:image:width\" content=\"1080\" \/>\n\t<meta property=\"og:image:height\" content=\"1080\" \/>\n\t<meta property=\"og:image:type\" content=\"image\/png\" \/>\n<meta name=\"twitter:card\" content=\"summary_large_image\" \/>\n<meta name=\"twitter:label1\" content=\"Est. reading time\" \/>\n\t<meta name=\"twitter:data1\" content=\"3 minutes\" \/>\n<script type=\"application\/ld+json\" class=\"yoast-schema-graph\">{\"@context\":\"https:\\\/\\\/schema.org\",\"@graph\":[{\"@type\":\"WebPage\",\"@id\":\"https:\\\/\\\/hutton.ee\\\/toode\\\/thermowhite-valmis-toode-wd-70\\\/\",\"url\":\"https:\\\/\\\/hutton.ee\\\/toode\\\/thermowhite-valmis-toode-wd-70\\\/\",\"name\":\"ThermoWhite valmis toode WD 70 - Hutton\",\"isPartOf\":{\"@id\":\"https:\\\/\\\/hutton.ee\\\/#website\"},\"primaryImageOfPage\":{\"@id\":\"https:\\\/\\\/hutton.ee\\\/toode\\\/thermowhite-valmis-toode-wd-70\\\/#primaryimage\"},\"image\":{\"@id\":\"https:\\\/\\\/hutton.ee\\\/toode\\\/thermowhite-valmis-toode-wd-70\\\/#primaryimage\"},\"thumbnailUrl\":\"https:\\\/\\\/hutton.ee\\\/wp-content\\\/uploads\\\/2025\\\/06\\\/ThermoWhite-valmis-toode-WD-70-1.png\",\"datePublished\":\"2025-06-26T10:29:11+00:00\",\"dateModified\":\"2025-07-25T08:30:06+00:00\",\"breadcrumb\":{\"@id\":\"https:\\\/\\\/hutton.ee\\\/toode\\\/thermowhite-valmis-toode-wd-70\\\/#breadcrumb\"},\"inLanguage\":\"en-US\",\"potentialAction\":[{\"@type\":\"ReadAction\",\"target\":[\"https:\\\/\\\/hutton.ee\\\/toode\\\/thermowhite-valmis-toode-wd-70\\\/\"]}]},{\"@type\":\"ImageObject\",\"inLanguage\":\"en-US\",\"@id\":\"https:\\\/\\\/hutton.ee\\\/toode\\\/thermowhite-valmis-toode-wd-70\\\/#primaryimage\",\"url\":\"https:\\\/\\\/hutton.ee\\\/wp-content\\\/uploads\\\/2025\\\/06\\\/ThermoWhite-valmis-toode-WD-70-1.png\",\"contentUrl\":\"https:\\\/\\\/hutton.ee\\\/wp-content\\\/uploads\\\/2025\\\/06\\\/ThermoWhite-valmis-toode-WD-70-1.png\",\"width\":1080,\"height\":1080,\"caption\":\"ThermoWhite valmis toode WD 70\"},{\"@type\":\"BreadcrumbList\",\"@id\":\"https:\\\/\\\/hutton.ee\\\/toode\\\/thermowhite-valmis-toode-wd-70\\\/#breadcrumb\",\"itemListElement\":[{\"@type\":\"ListItem\",\"position\":1,\"name\":\"Avaleht\",\"item\":\"https:\\\/\\\/hutton.ee\\\/\"},{\"@type\":\"ListItem\",\"position\":2,\"name\":\"Shop\",\"item\":\"https:\\\/\\\/hutton.ee\\\/en\\\/shop\\\/\"},{\"@type\":\"ListItem\",\"position\":3,\"name\":\"ThermoWhite valmis toode WD 70\"}]},{\"@type\":\"WebSite\",\"@id\":\"https:\\\/\\\/hutton.ee\\\/#website\",\"url\":\"https:\\\/\\\/hutton.ee\\\/\",\"name\":\"Hutton\",\"description\":\"Ajas kestvad ehituslahendused\",\"publisher\":{\"@id\":\"https:\\\/\\\/hutton.ee\\\/#organization\"},\"potentialAction\":[{\"@type\":\"SearchAction\",\"target\":{\"@type\":\"EntryPoint\",\"urlTemplate\":\"https:\\\/\\\/hutton.ee\\\/?s={search_term_string}\"},\"query-input\":{\"@type\":\"PropertyValueSpecification\",\"valueRequired\":true,\"valueName\":\"search_term_string\"}}],\"inLanguage\":\"en-US\"},{\"@type\":\"Organization\",\"@id\":\"https:\\\/\\\/hutton.ee\\\/#organization\",\"name\":\"Hutton - KATUS | SEIN | FASSAAD\",\"url\":\"https:\\\/\\\/hutton.ee\\\/\",\"logo\":{\"@type\":\"ImageObject\",\"inLanguage\":\"en-US\",\"@id\":\"https:\\\/\\\/hutton.ee\\\/#\\\/schema\\\/logo\\\/image\\\/\",\"url\":\"https:\\\/\\\/hutton.ee\\\/wp-content\\\/uploads\\\/2020\\\/07\\\/hutton-logo_uuendatud-01.png\",\"contentUrl\":\"https:\\\/\\\/hutton.ee\\\/wp-content\\\/uploads\\\/2020\\\/07\\\/hutton-logo_uuendatud-01.png\",\"width\":1064,\"height\":455,\"caption\":\"Hutton - KATUS | SEIN | FASSAAD\"},\"image\":{\"@id\":\"https:\\\/\\\/hutton.ee\\\/#\\\/schema\\\/logo\\\/image\\\/\"},\"sameAs\":[\"https:\\\/\\\/www.facebook.com\\\/huttoneesti\"]}]}<\/script>\n<!-- \/ Yoast SEO Premium plugin. -->","yoast_head_json":{"title":"ThermoWhite valmis toode WD 70 - Hutton","robots":{"index":"index","follow":"follow","max-snippet":"max-snippet:-1","max-image-preview":"max-image-preview:large","max-video-preview":"max-video-preview:-1"},"canonical":"https:\/\/hutton.ee\/toode\/thermowhite-valmis-toode-wd-70\/","og_locale":"en_US","og_type":"article","og_title":"ThermoWhite valmis toode WD 70","og_description":"Registreeru p\u00fcsikliendiks!  ThermoWhite valmis toode WD 70 on termiline ja l\u00f6\u00f6gikindel isolatsioon ja tasandussegu, mida on mugav ja lihtne kasutada.\u00a0Sobib suurep\u00e4raselt ka p\u00f6\u00f6ningute v\u00f5i sarikate vaheliseks tasandamiseks v\u00f5i isolatsiooniks.  ThermoWhite valmis toodet on lihtne paigaldada:\u00a0ThermoWhite WD tooted on pakendatud 200-liitristesse kottidesse. Need on eelnevalt segatud, kasutusvalmis ja v\u00e4ga lihtsasti paigaldatavad. Kalla ThermoWhite isolatsioonit\u00e4ide 200-liitrisest kotist sundsegistisse. Seej\u00e4rel lisa vett (9-10L) ja sega segu kaks minutit. Valmis!  Kandke valmis segu soovitud pinnale, laotage ja tihendage sobiva t\u00f6\u00f6riistaga. Pind on katmiseks valmis juba 12 tunni p\u00e4rast.","og_url":"https:\/\/hutton.ee\/toode\/thermowhite-valmis-toode-wd-70\/","og_site_name":"Hutton","article_publisher":"https:\/\/www.facebook.com\/huttoneesti","article_modified_time":"2025-07-25T08:30:06+00:00","og_image":[{"width":1080,"height":1080,"url":"https:\/\/hutton.ee\/wp-content\/uploads\/2025\/06\/ThermoWhite-valmis-toode-WD-70-1.png","type":"image\/png"}],"twitter_card":"summary_large_image","twitter_misc":{"Est. reading time":"3 minutes"},"schema":{"@context":"https:\/\/schema.org","@graph":[{"@type":"WebPage","@id":"https:\/\/hutton.ee\/toode\/thermowhite-valmis-toode-wd-70\/","url":"https:\/\/hutton.ee\/toode\/thermowhite-valmis-toode-wd-70\/","name":"ThermoWhite valmis toode WD 70 - Hutton","isPartOf":{"@id":"https:\/\/hutton.ee\/#website"},"primaryImageOfPage":{"@id":"https:\/\/hutton.ee\/toode\/thermowhite-valmis-toode-wd-70\/#primaryimage"},"image":{"@id":"https:\/\/hutton.ee\/toode\/thermowhite-valmis-toode-wd-70\/#primaryimage"},"thumbnailUrl":"https:\/\/hutton.ee\/wp-content\/uploads\/2025\/06\/ThermoWhite-valmis-toode-WD-70-1.png","datePublished":"2025-06-26T10:29:11+00:00","dateModified":"2025-07-25T08:30:06+00:00","breadcrumb":{"@id":"https:\/\/hutton.ee\/toode\/thermowhite-valmis-toode-wd-70\/#breadcrumb"},"inLanguage":"en-US","potentialAction":[{"@type":"ReadAction","target":["https:\/\/hutton.ee\/toode\/thermowhite-valmis-toode-wd-70\/"]}]},{"@type":"ImageObject","inLanguage":"en-US","@id":"https:\/\/hutton.ee\/toode\/thermowhite-valmis-toode-wd-70\/#primaryimage","url":"https:\/\/hutton.ee\/wp-content\/uploads\/2025\/06\/ThermoWhite-valmis-toode-WD-70-1.png","contentUrl":"https:\/\/hutton.ee\/wp-content\/uploads\/2025\/06\/ThermoWhite-valmis-toode-WD-70-1.png","width":1080,"height":1080,"caption":"ThermoWhite valmis toode WD 70"},{"@type":"BreadcrumbList","@id":"https:\/\/hutton.ee\/toode\/thermowhite-valmis-toode-wd-70\/#breadcrumb","itemListElement":[{"@type":"ListItem","position":1,"name":"Avaleht","item":"https:\/\/hutton.ee\/"},{"@type":"ListItem","position":2,"name":"Shop","item":"https:\/\/hutton.ee\/en\/shop\/"},{"@type":"ListItem","position":3,"name":"ThermoWhite valmis toode WD 70"}]},{"@type":"WebSite","@id":"https:\/\/hutton.ee\/#website","url":"https:\/\/hutton.ee\/","name":"Hutton","description":"Ajas kestvad ehituslahendused","publisher":{"@id":"https:\/\/hutton.ee\/#organization"},"potentialAction":[{"@type":"SearchAction","target":{"@type":"EntryPoint","urlTemplate":"https:\/\/hutton.ee\/?s={search_term_string}"},"query-input":{"@type":"PropertyValueSpecification","valueRequired":true,"valueName":"search_term_string"}}],"inLanguage":"en-US"},{"@type":"Organization","@id":"https:\/\/hutton.ee\/#organization","name":"Hutton - KATUS | SEIN | FASSAAD","url":"https:\/\/hutton.ee\/","logo":{"@type":"ImageObject","inLanguage":"en-US","@id":"https:\/\/hutton.ee\/#\/schema\/logo\/image\/","url":"https:\/\/hutton.ee\/wp-content\/uploads\/2020\/07\/hutton-logo_uuendatud-01.png","contentUrl":"https:\/\/hutton.ee\/wp-content\/uploads\/2020\/07\/hutton-logo_uuendatud-01.png","width":1064,"height":455,"caption":"Hutton - KATUS | SEIN | FASSAAD"},"image":{"@id":"https:\/\/hutton.ee\/#\/schema\/logo\/image\/"},"sameAs":["https:\/\/www.facebook.com\/huttoneesti"]}]}},"_links":{"self":[{"href":"https:\/\/hutton.ee\/en\/wp-json\/wp\/v2\/product\/28768","targetHints":{"allow":["GET"]}}],"collection":[{"href":"https:\/\/hutton.ee\/en\/wp-json\/wp\/v2\/product"}],"about":[{"href":"https:\/\/hutton.ee\/en\/wp-json\/wp\/v2\/types\/product"}],"wp:featuredmedia":[{"embeddable":true,"href":"https:\/\/hutton.ee\/en\/wp-json\/wp\/v2\/media\/28769"}],"wp:attachment":[{"href":"https:\/\/hutton.ee\/en\/wp-json\/wp\/v2\/media?parent=28768"}],"wp:term":[{"taxonomy":"product_brand","embeddable":true,"href":"https:\/\/hutton.ee\/en\/wp-json\/wp\/v2\/product_brand?post=28768"},{"taxonomy":"product_cat","embeddable":true,"href":"https:\/\/hutton.ee\/en\/wp-json\/wp\/v2\/product_cat?post=28768"},{"taxonomy":"product_tag","embeddable":true,"href":"https:\/\/hutton.ee\/en\/wp-json\/wp\/v2\/product_tag?post=28768"},{"taxonomy":"filtrisusteem","embeddable":true,"href":"https:\/\/hutton.ee\/en\/wp-json\/wp\/v2\/filtrisusteem?post=28768"},{"taxonomy":"kvaliteediklass","embeddable":true,"href":"https:\/\/hutton.ee\/en\/wp-json\/wp\/v2\/kvaliteediklass?post=28768"}],"curies":[{"name":"wp","href":"https:\/\/api.w.org\/{rel}","templated":true}]}}