{"id":29241,"date":"2025-08-21T12:39:08","date_gmt":"2025-08-21T12:39:08","guid":{"rendered":"https:\/\/hutton.ee\/?post_type=product&#038;p=29241"},"modified":"2025-12-12T14:47:35","modified_gmt":"2025-12-12T14:47:35","slug":"titaantsink-pigmento-blue-0-7-600mm-5-04-kg-m%c2%b2-with-film","status":"publish","type":"product","link":"https:\/\/hutton.ee\/en\/toode\/titaantsink-pigmento-blue-0-7-600mm-5-04-kg-m%c2%b2-with-film\/","title":{"rendered":"Titaantsink PIGMENTO blue 0.7, 600mm, 5.04 kg\/m\u00b2"},"content":{"rendered":"<p data-start=\"36\" data-end=\"203\">Titaantsink PIGMENTO blue 0.7, 600mm, 5.04 kg\/m\u00b2<\/p>\n<p data-start=\"36\" data-end=\"203\">Tsingi elegantselt halli tooni on ammu hinnatud. Kuid 2000. aastatel saabus aeg v\u00e4rvide jaoks! <strong data-start=\"131\" data-end=\"143\">PIGMENTO<\/strong> tootesari loodi 2005. aastal ning t\u00e4iendati 2012. aastal.<\/p>\n<p data-start=\"205\" data-end=\"614\"><strong data-start=\"205\" data-end=\"217\">PIGMENTO<\/strong> koosneb rulltsingist, mis on legeeritud vase ja titaaniga ning vastab Euroopa standardile EN 988. Selle pinnale tehakse eelvanandamise t\u00f6\u00f6tlus, millele kantakse l\u00e4bipaistev krunt ja seej\u00e4rel v\u00e4rviline kate. <strong data-start=\"425\" data-end=\"437\">PIGMENTO<\/strong> eelvanandamise t\u00f6\u00f6tlus on sama, mida kasutatakse ka <strong data-start=\"490\" data-end=\"505\">QUARTZ-ZINC<\/strong> puhul. <strong data-start=\"513\" data-end=\"526\">PIGMENTO\u00ae<\/strong> v\u00e4rvid \u00fchendavad peenelt <strong data-start=\"552\" data-end=\"568\">QUARTZ-ZINC\u00ae<\/strong> loodusliku tekstuuri ja iriseeruvad toonid.<\/p>\n<p data-start=\"616\" data-end=\"953\">See v\u00f5imaldab arhitektidel luua v\u00e4rvilisi ja innovaatilisi lahendusi laienenud mineraalsetes toonides. <strong data-start=\"719\" data-end=\"731\">PIGMENTO<\/strong> kasutab kaasaegset pigmenttehnoloogiat ja toob esile eelvanandatud tsingi loodusliku struktuuri. Tulemuseks on revolutsiooniline uus v\u00e4limus, mis sobitub teiste v\u00e4rviliste materjalidega ja peegeldab \u00fcmbritsevat valgust.<\/p>\n<p data-start=\"955\" data-end=\"1245\"><strong data-start=\"955\" data-end=\"967\">PIGMENTO<\/strong> sari ei ole v\u00e4rvitud pind, mist\u00f5ttu on selle v\u00e4rv hooldusvaba, nagu k\u00f5ik <strong data-start=\"1041\" data-end=\"1051\">VMZINC<\/strong> lahendused. Pinna v\u00e4rv luuakse mineraalpigmentide lisamisega vastupidavale kaitsekihile, mille tulemuseks on kaunilt orgaanilised punased, rohelised, sinised ja pruunid eelvanandatud tsingid.<\/p>\n<p data-start=\"1247\" data-end=\"1439\"><strong data-start=\"1247\" data-end=\"1259\">PIGMENTO<\/strong> peensus ja s\u00fcgavus on \u00fcletamatu v\u00f5rreldes \u00fchegi teise ehitusmaterjaliga. Eelvanandatud tsingi tekstuur paistab v\u00e4rvi alt l\u00e4bi samamoodi, nagu puidus\u00fc\u00fc j\u00e4\u00e4b n\u00e4htavale lakkimisel.<\/p>\n","protected":false},"excerpt":{"rendered":"<p><span style=\"color: #800000;\"><strong>Tootel m\u00e4rgitud hind on m\u00b2 hind!<\/strong><\/span><\/p>\n","protected":false},"featured_media":29248,"template":"","meta":{"_gspb_post_css":"","_uf_show_specific_survey":0,"_uf_disable_surveys":false},"product_brand":[],"product_cat":[1989],"product_tag":[],"filtrisusteem":[],"kvaliteediklass":[],"class_list":{"0":"post-29241","1":"product","2":"type-product","3":"status-publish","4":"has-post-thumbnail","6":"product_cat-katusekatted","8":"first","9":"instock","10":"taxable","11":"shipping-taxable","12":"purchasable","13":"product-type-simple"},"yoast_head":"<!-- This site is optimized with the Yoast SEO Premium plugin v21.3 (Yoast SEO v27.3) - https:\/\/yoast.com\/product\/yoast-seo-premium-wordpress\/ -->\n<title>Titaantsink PIGMENTO blue 0.7, 600mm, 5.04 kg\/m\u00b2 - Hutton<\/title>\n<meta name=\"description\" content=\"Titaantsink PIGMENTO blue 0.7 mm on eelvanandatud ja mineraalpigmentidega viimistletud tsink, mis pakub s\u00fcgavat sinakat tooni ning vastupidavat lahendust.\" \/>\n<meta name=\"robots\" content=\"index, follow, max-snippet:-1, max-image-preview:large, max-video-preview:-1\" \/>\n<link rel=\"canonical\" href=\"https:\/\/hutton.ee\/toode\/titaantsink-pigmento-blue-0-7-600mm-5-04-kg-m\u00b2-with-film\/\" \/>\n<meta property=\"og:locale\" content=\"en_US\" \/>\n<meta property=\"og:type\" content=\"article\" \/>\n<meta property=\"og:title\" content=\"Titaantsink PIGMENTO blue 0.7, 600mm, 5.04 kg\/m\u00b2\" \/>\n<meta property=\"og:description\" content=\"Titaantsink PIGMENTO blue 0.7 mm on eelvanandatud ja mineraalpigmentidega viimistletud tsink, mis pakub s\u00fcgavat sinakat tooni ning vastupidavat lahendust.\" \/>\n<meta property=\"og:url\" content=\"https:\/\/hutton.ee\/toode\/titaantsink-pigmento-blue-0-7-600mm-5-04-kg-m\u00b2-with-film\/\" \/>\n<meta property=\"og:site_name\" content=\"Hutton\" \/>\n<meta property=\"article:publisher\" content=\"https:\/\/www.facebook.com\/huttoneesti\" \/>\n<meta property=\"article:modified_time\" content=\"2025-12-12T14:47:35+00:00\" \/>\n<meta property=\"og:image\" content=\"https:\/\/hutton.ee\/wp-content\/uploads\/2025\/08\/14.png\" \/>\n\t<meta property=\"og:image:width\" content=\"200\" \/>\n\t<meta property=\"og:image:height\" content=\"200\" \/>\n\t<meta property=\"og:image:type\" content=\"image\/png\" \/>\n<meta name=\"twitter:card\" content=\"summary_large_image\" \/>\n<meta name=\"twitter:label1\" content=\"Est. reading time\" \/>\n\t<meta name=\"twitter:data1\" content=\"2 minutes\" \/>\n<script type=\"application\/ld+json\" class=\"yoast-schema-graph\">{\"@context\":\"https:\\\/\\\/schema.org\",\"@graph\":[{\"@type\":\"WebPage\",\"@id\":\"https:\\\/\\\/hutton.ee\\\/toode\\\/titaantsink-pigmento-blue-0-7-600mm-5-04-kg-m%c2%b2-with-film\\\/\",\"url\":\"https:\\\/\\\/hutton.ee\\\/toode\\\/titaantsink-pigmento-blue-0-7-600mm-5-04-kg-m%c2%b2-with-film\\\/\",\"name\":\"Titaantsink PIGMENTO blue 0.7, 600mm, 5.04 kg\\\/m\u00b2 - Hutton\",\"isPartOf\":{\"@id\":\"https:\\\/\\\/hutton.ee\\\/#website\"},\"primaryImageOfPage\":{\"@id\":\"https:\\\/\\\/hutton.ee\\\/toode\\\/titaantsink-pigmento-blue-0-7-600mm-5-04-kg-m%c2%b2-with-film\\\/#primaryimage\"},\"image\":{\"@id\":\"https:\\\/\\\/hutton.ee\\\/toode\\\/titaantsink-pigmento-blue-0-7-600mm-5-04-kg-m%c2%b2-with-film\\\/#primaryimage\"},\"thumbnailUrl\":\"https:\\\/\\\/hutton.ee\\\/wp-content\\\/uploads\\\/2025\\\/08\\\/14.png\",\"datePublished\":\"2025-08-21T12:39:08+00:00\",\"dateModified\":\"2025-12-12T14:47:35+00:00\",\"description\":\"Titaantsink PIGMENTO blue 0.7 mm on eelvanandatud ja mineraalpigmentidega viimistletud tsink, mis pakub s\u00fcgavat sinakat tooni ning vastupidavat lahendust.\",\"breadcrumb\":{\"@id\":\"https:\\\/\\\/hutton.ee\\\/toode\\\/titaantsink-pigmento-blue-0-7-600mm-5-04-kg-m%c2%b2-with-film\\\/#breadcrumb\"},\"inLanguage\":\"en-US\",\"potentialAction\":[{\"@type\":\"ReadAction\",\"target\":[\"https:\\\/\\\/hutton.ee\\\/toode\\\/titaantsink-pigmento-blue-0-7-600mm-5-04-kg-m%c2%b2-with-film\\\/\"]}]},{\"@type\":\"ImageObject\",\"inLanguage\":\"en-US\",\"@id\":\"https:\\\/\\\/hutton.ee\\\/toode\\\/titaantsink-pigmento-blue-0-7-600mm-5-04-kg-m%c2%b2-with-film\\\/#primaryimage\",\"url\":\"https:\\\/\\\/hutton.ee\\\/wp-content\\\/uploads\\\/2025\\\/08\\\/14.png\",\"contentUrl\":\"https:\\\/\\\/hutton.ee\\\/wp-content\\\/uploads\\\/2025\\\/08\\\/14.png\",\"width\":200,\"height\":200,\"caption\":\"Titaantsink PIGMENTO blue\"},{\"@type\":\"BreadcrumbList\",\"@id\":\"https:\\\/\\\/hutton.ee\\\/toode\\\/titaantsink-pigmento-blue-0-7-600mm-5-04-kg-m%c2%b2-with-film\\\/#breadcrumb\",\"itemListElement\":[{\"@type\":\"ListItem\",\"position\":1,\"name\":\"Avaleht\",\"item\":\"https:\\\/\\\/hutton.ee\\\/\"},{\"@type\":\"ListItem\",\"position\":2,\"name\":\"Shop\",\"item\":\"https:\\\/\\\/hutton.ee\\\/en\\\/shop\\\/\"},{\"@type\":\"ListItem\",\"position\":3,\"name\":\"Titaantsink PIGMENTO blue 0.7, 600mm, 5.04 kg\\\/m\u00b2\"}]},{\"@type\":\"WebSite\",\"@id\":\"https:\\\/\\\/hutton.ee\\\/#website\",\"url\":\"https:\\\/\\\/hutton.ee\\\/\",\"name\":\"Hutton\",\"description\":\"Ajas kestvad ehituslahendused\",\"publisher\":{\"@id\":\"https:\\\/\\\/hutton.ee\\\/#organization\"},\"potentialAction\":[{\"@type\":\"SearchAction\",\"target\":{\"@type\":\"EntryPoint\",\"urlTemplate\":\"https:\\\/\\\/hutton.ee\\\/?s={search_term_string}\"},\"query-input\":{\"@type\":\"PropertyValueSpecification\",\"valueRequired\":true,\"valueName\":\"search_term_string\"}}],\"inLanguage\":\"en-US\"},{\"@type\":\"Organization\",\"@id\":\"https:\\\/\\\/hutton.ee\\\/#organization\",\"name\":\"Hutton - KATUS | SEIN | FASSAAD\",\"url\":\"https:\\\/\\\/hutton.ee\\\/\",\"logo\":{\"@type\":\"ImageObject\",\"inLanguage\":\"en-US\",\"@id\":\"https:\\\/\\\/hutton.ee\\\/#\\\/schema\\\/logo\\\/image\\\/\",\"url\":\"https:\\\/\\\/hutton.ee\\\/wp-content\\\/uploads\\\/2020\\\/07\\\/hutton-logo_uuendatud-01.png\",\"contentUrl\":\"https:\\\/\\\/hutton.ee\\\/wp-content\\\/uploads\\\/2020\\\/07\\\/hutton-logo_uuendatud-01.png\",\"width\":1064,\"height\":455,\"caption\":\"Hutton - KATUS | SEIN | FASSAAD\"},\"image\":{\"@id\":\"https:\\\/\\\/hutton.ee\\\/#\\\/schema\\\/logo\\\/image\\\/\"},\"sameAs\":[\"https:\\\/\\\/www.facebook.com\\\/huttoneesti\"]}]}<\/script>\n<!-- \/ Yoast SEO Premium plugin. -->","yoast_head_json":{"title":"Titaantsink PIGMENTO blue 0.7, 600mm, 5.04 kg\/m\u00b2 - Hutton","description":"Titaantsink PIGMENTO blue 0.7 mm on eelvanandatud ja mineraalpigmentidega viimistletud tsink, mis pakub s\u00fcgavat sinakat tooni ning vastupidavat lahendust.","robots":{"index":"index","follow":"follow","max-snippet":"max-snippet:-1","max-image-preview":"max-image-preview:large","max-video-preview":"max-video-preview:-1"},"canonical":"https:\/\/hutton.ee\/toode\/titaantsink-pigmento-blue-0-7-600mm-5-04-kg-m\u00b2-with-film\/","og_locale":"en_US","og_type":"article","og_title":"Titaantsink PIGMENTO blue 0.7, 600mm, 5.04 kg\/m\u00b2","og_description":"Titaantsink PIGMENTO blue 0.7 mm on eelvanandatud ja mineraalpigmentidega viimistletud tsink, mis pakub s\u00fcgavat sinakat tooni ning vastupidavat lahendust.","og_url":"https:\/\/hutton.ee\/toode\/titaantsink-pigmento-blue-0-7-600mm-5-04-kg-m\u00b2-with-film\/","og_site_name":"Hutton","article_publisher":"https:\/\/www.facebook.com\/huttoneesti","article_modified_time":"2025-12-12T14:47:35+00:00","og_image":[{"width":200,"height":200,"url":"https:\/\/hutton.ee\/wp-content\/uploads\/2025\/08\/14.png","type":"image\/png"}],"twitter_card":"summary_large_image","twitter_misc":{"Est. reading time":"2 minutes"},"schema":{"@context":"https:\/\/schema.org","@graph":[{"@type":"WebPage","@id":"https:\/\/hutton.ee\/toode\/titaantsink-pigmento-blue-0-7-600mm-5-04-kg-m%c2%b2-with-film\/","url":"https:\/\/hutton.ee\/toode\/titaantsink-pigmento-blue-0-7-600mm-5-04-kg-m%c2%b2-with-film\/","name":"Titaantsink PIGMENTO blue 0.7, 600mm, 5.04 kg\/m\u00b2 - Hutton","isPartOf":{"@id":"https:\/\/hutton.ee\/#website"},"primaryImageOfPage":{"@id":"https:\/\/hutton.ee\/toode\/titaantsink-pigmento-blue-0-7-600mm-5-04-kg-m%c2%b2-with-film\/#primaryimage"},"image":{"@id":"https:\/\/hutton.ee\/toode\/titaantsink-pigmento-blue-0-7-600mm-5-04-kg-m%c2%b2-with-film\/#primaryimage"},"thumbnailUrl":"https:\/\/hutton.ee\/wp-content\/uploads\/2025\/08\/14.png","datePublished":"2025-08-21T12:39:08+00:00","dateModified":"2025-12-12T14:47:35+00:00","description":"Titaantsink PIGMENTO blue 0.7 mm on eelvanandatud ja mineraalpigmentidega viimistletud tsink, mis pakub s\u00fcgavat sinakat tooni ning vastupidavat lahendust.","breadcrumb":{"@id":"https:\/\/hutton.ee\/toode\/titaantsink-pigmento-blue-0-7-600mm-5-04-kg-m%c2%b2-with-film\/#breadcrumb"},"inLanguage":"en-US","potentialAction":[{"@type":"ReadAction","target":["https:\/\/hutton.ee\/toode\/titaantsink-pigmento-blue-0-7-600mm-5-04-kg-m%c2%b2-with-film\/"]}]},{"@type":"ImageObject","inLanguage":"en-US","@id":"https:\/\/hutton.ee\/toode\/titaantsink-pigmento-blue-0-7-600mm-5-04-kg-m%c2%b2-with-film\/#primaryimage","url":"https:\/\/hutton.ee\/wp-content\/uploads\/2025\/08\/14.png","contentUrl":"https:\/\/hutton.ee\/wp-content\/uploads\/2025\/08\/14.png","width":200,"height":200,"caption":"Titaantsink PIGMENTO blue"},{"@type":"BreadcrumbList","@id":"https:\/\/hutton.ee\/toode\/titaantsink-pigmento-blue-0-7-600mm-5-04-kg-m%c2%b2-with-film\/#breadcrumb","itemListElement":[{"@type":"ListItem","position":1,"name":"Avaleht","item":"https:\/\/hutton.ee\/"},{"@type":"ListItem","position":2,"name":"Shop","item":"https:\/\/hutton.ee\/en\/shop\/"},{"@type":"ListItem","position":3,"name":"Titaantsink PIGMENTO blue 0.7, 600mm, 5.04 kg\/m\u00b2"}]},{"@type":"WebSite","@id":"https:\/\/hutton.ee\/#website","url":"https:\/\/hutton.ee\/","name":"Hutton","description":"Ajas kestvad ehituslahendused","publisher":{"@id":"https:\/\/hutton.ee\/#organization"},"potentialAction":[{"@type":"SearchAction","target":{"@type":"EntryPoint","urlTemplate":"https:\/\/hutton.ee\/?s={search_term_string}"},"query-input":{"@type":"PropertyValueSpecification","valueRequired":true,"valueName":"search_term_string"}}],"inLanguage":"en-US"},{"@type":"Organization","@id":"https:\/\/hutton.ee\/#organization","name":"Hutton - KATUS | SEIN | FASSAAD","url":"https:\/\/hutton.ee\/","logo":{"@type":"ImageObject","inLanguage":"en-US","@id":"https:\/\/hutton.ee\/#\/schema\/logo\/image\/","url":"https:\/\/hutton.ee\/wp-content\/uploads\/2020\/07\/hutton-logo_uuendatud-01.png","contentUrl":"https:\/\/hutton.ee\/wp-content\/uploads\/2020\/07\/hutton-logo_uuendatud-01.png","width":1064,"height":455,"caption":"Hutton - KATUS | SEIN | FASSAAD"},"image":{"@id":"https:\/\/hutton.ee\/#\/schema\/logo\/image\/"},"sameAs":["https:\/\/www.facebook.com\/huttoneesti"]}]}},"_links":{"self":[{"href":"https:\/\/hutton.ee\/en\/wp-json\/wp\/v2\/product\/29241","targetHints":{"allow":["GET"]}}],"collection":[{"href":"https:\/\/hutton.ee\/en\/wp-json\/wp\/v2\/product"}],"about":[{"href":"https:\/\/hutton.ee\/en\/wp-json\/wp\/v2\/types\/product"}],"wp:featuredmedia":[{"embeddable":true,"href":"https:\/\/hutton.ee\/en\/wp-json\/wp\/v2\/media\/29248"}],"wp:attachment":[{"href":"https:\/\/hutton.ee\/en\/wp-json\/wp\/v2\/media?parent=29241"}],"wp:term":[{"taxonomy":"product_brand","embeddable":true,"href":"https:\/\/hutton.ee\/en\/wp-json\/wp\/v2\/product_brand?post=29241"},{"taxonomy":"product_cat","embeddable":true,"href":"https:\/\/hutton.ee\/en\/wp-json\/wp\/v2\/product_cat?post=29241"},{"taxonomy":"product_tag","embeddable":true,"href":"https:\/\/hutton.ee\/en\/wp-json\/wp\/v2\/product_tag?post=29241"},{"taxonomy":"filtrisusteem","embeddable":true,"href":"https:\/\/hutton.ee\/en\/wp-json\/wp\/v2\/filtrisusteem?post=29241"},{"taxonomy":"kvaliteediklass","embeddable":true,"href":"https:\/\/hutton.ee\/en\/wp-json\/wp\/v2\/kvaliteediklass?post=29241"}],"curies":[{"name":"wp","href":"https:\/\/api.w.org\/{rel}","templated":true}]}}