{"id":29250,"date":"2025-08-21T12:46:32","date_gmt":"2025-08-21T12:46:32","guid":{"rendered":"https:\/\/hutton.ee\/?post_type=product&#038;p=29250"},"modified":"2025-12-12T14:49:40","modified_gmt":"2025-12-12T14:49:40","slug":"titaantsink-pigmento-green-0-7-500mm-5-04-kg-m%c2%b2","status":"publish","type":"product","link":"https:\/\/hutton.ee\/en\/toode\/titaantsink-pigmento-green-0-7-500mm-5-04-kg-m%c2%b2\/","title":{"rendered":"Titaantsink PIGMENTO green 0.7, 500mm, 5.04 kg\/m\u00b2"},"content":{"rendered":"<p data-start=\"41\" data-end=\"204\">Titaantsink PIGMENTO green 0.7, 500mm, 5.04 kg\/m\u00b2<\/p>\n<p data-start=\"41\" data-end=\"204\">Tsingi elegantselt halli tooni on alati hinnatud. Kuid 2000. aastatel saabus aeg v\u00e4rvide jaoks! <strong data-start=\"137\" data-end=\"149\">PIGMENTO<\/strong> sari loodi 2005. aastal ning t\u00e4iendati 2012. aastal.<\/p>\n<p data-start=\"206\" data-end=\"610\"><strong data-start=\"206\" data-end=\"218\">PIGMENTO<\/strong> koosneb rulltsingist, mis on legeeritud vase ja titaaniga ning vastab Euroopa standardile EN 988. Selle pinnale tehakse eelvanandamise t\u00f6\u00f6tlus, millele kantakse l\u00e4bipaistev krunt ja seej\u00e4rel v\u00e4rvikiht. <strong data-start=\"421\" data-end=\"433\">PIGMENTO<\/strong> eelvanandamise t\u00f6\u00f6tlus on sama, mida kasutatakse ka <strong data-start=\"486\" data-end=\"501\">QUARTZ-ZINC<\/strong> puhul. <strong data-start=\"509\" data-end=\"522\">PIGMENTO\u00ae<\/strong> toonid \u00fchendavad peenelt <strong data-start=\"548\" data-end=\"564\">QUARTZ-ZINC\u00ae<\/strong> loodusliku tekstuuri ja iriseeruvad v\u00e4rvid.<\/p>\n<p data-start=\"612\" data-end=\"951\">See annab arhitektidele v\u00f5imaluse luua v\u00e4rvilisi ja innovaatilisi lahendusi laia mineraaltoonide paletiga. <strong data-start=\"719\" data-end=\"731\">PIGMENTO<\/strong> kasutab kaasaegset pigmenttehnoloogiat ning toob esile eelvanandatud tsingi loomuliku struktuuri. Tulemuseks on revolutsiooniline uus ilme, mis sobitub teiste v\u00e4rviliste materjalidega ja peegeldab \u00fcmbritsevat valgust.<\/p>\n<p data-start=\"953\" data-end=\"1248\"><strong data-start=\"953\" data-end=\"965\">PIGMENTO<\/strong> sari ei ole v\u00e4rvitud viimistlus, mist\u00f5ttu on pind hooldusvaba nagu k\u00f5ik <strong data-start=\"1038\" data-end=\"1048\">VMZINC<\/strong> lahendused. Pinna v\u00e4rv luuakse mineraalpigmentide lisamisega vastupidavale kaitsekihile, mille tulemusena s\u00fcnnivad kaunilt orgaanilised punased, rohelised, sinised ja pruunid eelvanandatud tsingid.<\/p>\n<p data-start=\"1250\" data-end=\"1442\"><strong data-start=\"1250\" data-end=\"1262\">PIGMENTO<\/strong> peenus ja s\u00fcgavus on \u00fcletamatu v\u00f5rreldes mis tahes teise ehitusmaterjaliga. Eelvanandatud tsingi tekstuur j\u00e4\u00e4b v\u00e4rvi alt n\u00e4htavale samamoodi, nagu puidus\u00fc\u00fc on n\u00e4ha lakikihi alt.<\/p>\n","protected":false},"excerpt":{"rendered":"<p><span style=\"color: #800000;\"><strong>Tootel m\u00e4rgitud hind on m\u00b2 hind!<\/strong><\/span><\/p>\n","protected":false},"featured_media":29251,"template":"","meta":{"_gspb_post_css":"","_uf_show_specific_survey":0,"_uf_disable_surveys":false},"product_brand":[],"product_cat":[1989],"product_tag":[],"filtrisusteem":[],"kvaliteediklass":[],"class_list":{"0":"post-29250","1":"product","2":"type-product","3":"status-publish","4":"has-post-thumbnail","6":"product_cat-katusekatted","8":"first","9":"instock","10":"taxable","11":"shipping-taxable","12":"purchasable","13":"product-type-simple"},"yoast_head":"<!-- This site is optimized with the Yoast SEO Premium plugin v21.3 (Yoast SEO v27.3) - https:\/\/yoast.com\/product\/yoast-seo-premium-wordpress\/ -->\n<title>Titaantsink PIGMENTO green 0.7, 500mm, 5.04 kg\/m\u00b2 - Hutton<\/title>\n<meta name=\"description\" content=\"Titaantsink PIGMENTO green 0.7 mm on eelvanandatud ja mineraalpigmentidega viimistletud tsink, mis pakub s\u00fcgavat rohelist tooni ning vastupidavat lahendust\" \/>\n<meta name=\"robots\" content=\"index, follow, max-snippet:-1, max-image-preview:large, max-video-preview:-1\" \/>\n<link rel=\"canonical\" href=\"https:\/\/hutton.ee\/toode\/titaantsink-pigmento-green-0-7-500mm-5-04-kg-m\u00b2\/\" \/>\n<meta property=\"og:locale\" content=\"en_US\" \/>\n<meta property=\"og:type\" content=\"article\" \/>\n<meta property=\"og:title\" content=\"Titaantsink PIGMENTO green 0.7, 500mm, 5.04 kg\/m\u00b2\" \/>\n<meta property=\"og:description\" content=\"Titaantsink PIGMENTO green 0.7 mm on eelvanandatud ja mineraalpigmentidega viimistletud tsink, mis pakub s\u00fcgavat rohelist tooni ning vastupidavat lahendust\" \/>\n<meta property=\"og:url\" content=\"https:\/\/hutton.ee\/toode\/titaantsink-pigmento-green-0-7-500mm-5-04-kg-m\u00b2\/\" \/>\n<meta property=\"og:site_name\" content=\"Hutton\" \/>\n<meta property=\"article:publisher\" content=\"https:\/\/www.facebook.com\/huttoneesti\" \/>\n<meta property=\"article:modified_time\" content=\"2025-12-12T14:49:40+00:00\" \/>\n<meta property=\"og:image\" content=\"https:\/\/hutton.ee\/wp-content\/uploads\/2025\/08\/15.png\" \/>\n\t<meta property=\"og:image:width\" content=\"200\" \/>\n\t<meta property=\"og:image:height\" content=\"200\" \/>\n\t<meta property=\"og:image:type\" content=\"image\/png\" \/>\n<meta name=\"twitter:card\" content=\"summary_large_image\" \/>\n<meta name=\"twitter:label1\" content=\"Est. reading time\" \/>\n\t<meta name=\"twitter:data1\" content=\"2 minutes\" \/>\n<script type=\"application\/ld+json\" class=\"yoast-schema-graph\">{\"@context\":\"https:\\\/\\\/schema.org\",\"@graph\":[{\"@type\":\"WebPage\",\"@id\":\"https:\\\/\\\/hutton.ee\\\/toode\\\/titaantsink-pigmento-green-0-7-500mm-5-04-kg-m%c2%b2\\\/\",\"url\":\"https:\\\/\\\/hutton.ee\\\/toode\\\/titaantsink-pigmento-green-0-7-500mm-5-04-kg-m%c2%b2\\\/\",\"name\":\"Titaantsink PIGMENTO green 0.7, 500mm, 5.04 kg\\\/m\u00b2 - Hutton\",\"isPartOf\":{\"@id\":\"https:\\\/\\\/hutton.ee\\\/#website\"},\"primaryImageOfPage\":{\"@id\":\"https:\\\/\\\/hutton.ee\\\/toode\\\/titaantsink-pigmento-green-0-7-500mm-5-04-kg-m%c2%b2\\\/#primaryimage\"},\"image\":{\"@id\":\"https:\\\/\\\/hutton.ee\\\/toode\\\/titaantsink-pigmento-green-0-7-500mm-5-04-kg-m%c2%b2\\\/#primaryimage\"},\"thumbnailUrl\":\"https:\\\/\\\/hutton.ee\\\/wp-content\\\/uploads\\\/2025\\\/08\\\/15.png\",\"datePublished\":\"2025-08-21T12:46:32+00:00\",\"dateModified\":\"2025-12-12T14:49:40+00:00\",\"description\":\"Titaantsink PIGMENTO green 0.7 mm on eelvanandatud ja mineraalpigmentidega viimistletud tsink, mis pakub s\u00fcgavat rohelist tooni ning vastupidavat lahendust\",\"breadcrumb\":{\"@id\":\"https:\\\/\\\/hutton.ee\\\/toode\\\/titaantsink-pigmento-green-0-7-500mm-5-04-kg-m%c2%b2\\\/#breadcrumb\"},\"inLanguage\":\"en-US\",\"potentialAction\":[{\"@type\":\"ReadAction\",\"target\":[\"https:\\\/\\\/hutton.ee\\\/toode\\\/titaantsink-pigmento-green-0-7-500mm-5-04-kg-m%c2%b2\\\/\"]}]},{\"@type\":\"ImageObject\",\"inLanguage\":\"en-US\",\"@id\":\"https:\\\/\\\/hutton.ee\\\/toode\\\/titaantsink-pigmento-green-0-7-500mm-5-04-kg-m%c2%b2\\\/#primaryimage\",\"url\":\"https:\\\/\\\/hutton.ee\\\/wp-content\\\/uploads\\\/2025\\\/08\\\/15.png\",\"contentUrl\":\"https:\\\/\\\/hutton.ee\\\/wp-content\\\/uploads\\\/2025\\\/08\\\/15.png\",\"width\":200,\"height\":200,\"caption\":\"titaantsink natural zinc\"},{\"@type\":\"BreadcrumbList\",\"@id\":\"https:\\\/\\\/hutton.ee\\\/toode\\\/titaantsink-pigmento-green-0-7-500mm-5-04-kg-m%c2%b2\\\/#breadcrumb\",\"itemListElement\":[{\"@type\":\"ListItem\",\"position\":1,\"name\":\"Avaleht\",\"item\":\"https:\\\/\\\/hutton.ee\\\/\"},{\"@type\":\"ListItem\",\"position\":2,\"name\":\"Shop\",\"item\":\"https:\\\/\\\/hutton.ee\\\/en\\\/shop\\\/\"},{\"@type\":\"ListItem\",\"position\":3,\"name\":\"Titaantsink PIGMENTO green 0.7, 500mm, 5.04 kg\\\/m\u00b2\"}]},{\"@type\":\"WebSite\",\"@id\":\"https:\\\/\\\/hutton.ee\\\/#website\",\"url\":\"https:\\\/\\\/hutton.ee\\\/\",\"name\":\"Hutton\",\"description\":\"Ajas kestvad ehituslahendused\",\"publisher\":{\"@id\":\"https:\\\/\\\/hutton.ee\\\/#organization\"},\"potentialAction\":[{\"@type\":\"SearchAction\",\"target\":{\"@type\":\"EntryPoint\",\"urlTemplate\":\"https:\\\/\\\/hutton.ee\\\/?s={search_term_string}\"},\"query-input\":{\"@type\":\"PropertyValueSpecification\",\"valueRequired\":true,\"valueName\":\"search_term_string\"}}],\"inLanguage\":\"en-US\"},{\"@type\":\"Organization\",\"@id\":\"https:\\\/\\\/hutton.ee\\\/#organization\",\"name\":\"Hutton - KATUS | SEIN | FASSAAD\",\"url\":\"https:\\\/\\\/hutton.ee\\\/\",\"logo\":{\"@type\":\"ImageObject\",\"inLanguage\":\"en-US\",\"@id\":\"https:\\\/\\\/hutton.ee\\\/#\\\/schema\\\/logo\\\/image\\\/\",\"url\":\"https:\\\/\\\/hutton.ee\\\/wp-content\\\/uploads\\\/2020\\\/07\\\/hutton-logo_uuendatud-01.png\",\"contentUrl\":\"https:\\\/\\\/hutton.ee\\\/wp-content\\\/uploads\\\/2020\\\/07\\\/hutton-logo_uuendatud-01.png\",\"width\":1064,\"height\":455,\"caption\":\"Hutton - KATUS | SEIN | FASSAAD\"},\"image\":{\"@id\":\"https:\\\/\\\/hutton.ee\\\/#\\\/schema\\\/logo\\\/image\\\/\"},\"sameAs\":[\"https:\\\/\\\/www.facebook.com\\\/huttoneesti\"]}]}<\/script>\n<!-- \/ Yoast SEO Premium plugin. -->","yoast_head_json":{"title":"Titaantsink PIGMENTO green 0.7, 500mm, 5.04 kg\/m\u00b2 - Hutton","description":"Titaantsink PIGMENTO green 0.7 mm on eelvanandatud ja mineraalpigmentidega viimistletud tsink, mis pakub s\u00fcgavat rohelist tooni ning vastupidavat lahendust","robots":{"index":"index","follow":"follow","max-snippet":"max-snippet:-1","max-image-preview":"max-image-preview:large","max-video-preview":"max-video-preview:-1"},"canonical":"https:\/\/hutton.ee\/toode\/titaantsink-pigmento-green-0-7-500mm-5-04-kg-m\u00b2\/","og_locale":"en_US","og_type":"article","og_title":"Titaantsink PIGMENTO green 0.7, 500mm, 5.04 kg\/m\u00b2","og_description":"Titaantsink PIGMENTO green 0.7 mm on eelvanandatud ja mineraalpigmentidega viimistletud tsink, mis pakub s\u00fcgavat rohelist tooni ning vastupidavat lahendust","og_url":"https:\/\/hutton.ee\/toode\/titaantsink-pigmento-green-0-7-500mm-5-04-kg-m\u00b2\/","og_site_name":"Hutton","article_publisher":"https:\/\/www.facebook.com\/huttoneesti","article_modified_time":"2025-12-12T14:49:40+00:00","og_image":[{"width":200,"height":200,"url":"https:\/\/hutton.ee\/wp-content\/uploads\/2025\/08\/15.png","type":"image\/png"}],"twitter_card":"summary_large_image","twitter_misc":{"Est. reading time":"2 minutes"},"schema":{"@context":"https:\/\/schema.org","@graph":[{"@type":"WebPage","@id":"https:\/\/hutton.ee\/toode\/titaantsink-pigmento-green-0-7-500mm-5-04-kg-m%c2%b2\/","url":"https:\/\/hutton.ee\/toode\/titaantsink-pigmento-green-0-7-500mm-5-04-kg-m%c2%b2\/","name":"Titaantsink PIGMENTO green 0.7, 500mm, 5.04 kg\/m\u00b2 - Hutton","isPartOf":{"@id":"https:\/\/hutton.ee\/#website"},"primaryImageOfPage":{"@id":"https:\/\/hutton.ee\/toode\/titaantsink-pigmento-green-0-7-500mm-5-04-kg-m%c2%b2\/#primaryimage"},"image":{"@id":"https:\/\/hutton.ee\/toode\/titaantsink-pigmento-green-0-7-500mm-5-04-kg-m%c2%b2\/#primaryimage"},"thumbnailUrl":"https:\/\/hutton.ee\/wp-content\/uploads\/2025\/08\/15.png","datePublished":"2025-08-21T12:46:32+00:00","dateModified":"2025-12-12T14:49:40+00:00","description":"Titaantsink PIGMENTO green 0.7 mm on eelvanandatud ja mineraalpigmentidega viimistletud tsink, mis pakub s\u00fcgavat rohelist tooni ning vastupidavat lahendust","breadcrumb":{"@id":"https:\/\/hutton.ee\/toode\/titaantsink-pigmento-green-0-7-500mm-5-04-kg-m%c2%b2\/#breadcrumb"},"inLanguage":"en-US","potentialAction":[{"@type":"ReadAction","target":["https:\/\/hutton.ee\/toode\/titaantsink-pigmento-green-0-7-500mm-5-04-kg-m%c2%b2\/"]}]},{"@type":"ImageObject","inLanguage":"en-US","@id":"https:\/\/hutton.ee\/toode\/titaantsink-pigmento-green-0-7-500mm-5-04-kg-m%c2%b2\/#primaryimage","url":"https:\/\/hutton.ee\/wp-content\/uploads\/2025\/08\/15.png","contentUrl":"https:\/\/hutton.ee\/wp-content\/uploads\/2025\/08\/15.png","width":200,"height":200,"caption":"titaantsink natural zinc"},{"@type":"BreadcrumbList","@id":"https:\/\/hutton.ee\/toode\/titaantsink-pigmento-green-0-7-500mm-5-04-kg-m%c2%b2\/#breadcrumb","itemListElement":[{"@type":"ListItem","position":1,"name":"Avaleht","item":"https:\/\/hutton.ee\/"},{"@type":"ListItem","position":2,"name":"Shop","item":"https:\/\/hutton.ee\/en\/shop\/"},{"@type":"ListItem","position":3,"name":"Titaantsink PIGMENTO green 0.7, 500mm, 5.04 kg\/m\u00b2"}]},{"@type":"WebSite","@id":"https:\/\/hutton.ee\/#website","url":"https:\/\/hutton.ee\/","name":"Hutton","description":"Ajas kestvad ehituslahendused","publisher":{"@id":"https:\/\/hutton.ee\/#organization"},"potentialAction":[{"@type":"SearchAction","target":{"@type":"EntryPoint","urlTemplate":"https:\/\/hutton.ee\/?s={search_term_string}"},"query-input":{"@type":"PropertyValueSpecification","valueRequired":true,"valueName":"search_term_string"}}],"inLanguage":"en-US"},{"@type":"Organization","@id":"https:\/\/hutton.ee\/#organization","name":"Hutton - KATUS | SEIN | FASSAAD","url":"https:\/\/hutton.ee\/","logo":{"@type":"ImageObject","inLanguage":"en-US","@id":"https:\/\/hutton.ee\/#\/schema\/logo\/image\/","url":"https:\/\/hutton.ee\/wp-content\/uploads\/2020\/07\/hutton-logo_uuendatud-01.png","contentUrl":"https:\/\/hutton.ee\/wp-content\/uploads\/2020\/07\/hutton-logo_uuendatud-01.png","width":1064,"height":455,"caption":"Hutton - KATUS | SEIN | FASSAAD"},"image":{"@id":"https:\/\/hutton.ee\/#\/schema\/logo\/image\/"},"sameAs":["https:\/\/www.facebook.com\/huttoneesti"]}]}},"_links":{"self":[{"href":"https:\/\/hutton.ee\/en\/wp-json\/wp\/v2\/product\/29250","targetHints":{"allow":["GET"]}}],"collection":[{"href":"https:\/\/hutton.ee\/en\/wp-json\/wp\/v2\/product"}],"about":[{"href":"https:\/\/hutton.ee\/en\/wp-json\/wp\/v2\/types\/product"}],"wp:featuredmedia":[{"embeddable":true,"href":"https:\/\/hutton.ee\/en\/wp-json\/wp\/v2\/media\/29251"}],"wp:attachment":[{"href":"https:\/\/hutton.ee\/en\/wp-json\/wp\/v2\/media?parent=29250"}],"wp:term":[{"taxonomy":"product_brand","embeddable":true,"href":"https:\/\/hutton.ee\/en\/wp-json\/wp\/v2\/product_brand?post=29250"},{"taxonomy":"product_cat","embeddable":true,"href":"https:\/\/hutton.ee\/en\/wp-json\/wp\/v2\/product_cat?post=29250"},{"taxonomy":"product_tag","embeddable":true,"href":"https:\/\/hutton.ee\/en\/wp-json\/wp\/v2\/product_tag?post=29250"},{"taxonomy":"filtrisusteem","embeddable":true,"href":"https:\/\/hutton.ee\/en\/wp-json\/wp\/v2\/filtrisusteem?post=29250"},{"taxonomy":"kvaliteediklass","embeddable":true,"href":"https:\/\/hutton.ee\/en\/wp-json\/wp\/v2\/kvaliteediklass?post=29250"}],"curies":[{"name":"wp","href":"https:\/\/api.w.org\/{rel}","templated":true}]}}