{"id":29285,"date":"2025-08-25T09:06:44","date_gmt":"2025-08-25T09:06:44","guid":{"rendered":"https:\/\/hutton.ee\/?post_type=product&#038;p=29285"},"modified":"2025-08-25T13:04:52","modified_gmt":"2025-08-25T13:04:52","slug":"strub-oil-bottle-1-liiter","status":"publish","type":"product","link":"https:\/\/hutton.ee\/en\/toode\/strub-oil-bottle-1-liiter\/","title":{"rendered":"Strub oil bottle, 1 liiter"},"content":{"rendered":"<p>Strub oil bottle, 1 liiter<\/p>\n<p data-start=\"35\" data-end=\"196\">Sobib k\u00e4sitsemisest ja t\u00f6\u00f6riistadest tekkinud j\u00e4lgede puhastamiseks.<br data-start=\"119\" data-end=\"122\" \/>Eriti sobilik patineeritud tsingi puhastamiseks p\u00e4rast t\u00f6\u00f6de l\u00f5petamist.<\/p>\n<p data-start=\"198\" data-end=\"469\"><strong data-start=\"198\" data-end=\"217\">VMZINC STRUB-OL<\/strong> on \u00f5li, mis on v\u00e4lja t\u00f6\u00f6tatud metallide v\u00e4ikeste ebapuhtuste eemaldamiseks ja loodusliku patineerumise soodustamiseks. STRUB-OL aitab eemaldada ka kerget korrosiooni ja plekke pinnalt. Kanna STRUB-OL pinnale ja p\u00fchi seej\u00e4rel pehme lapi v\u00f5i paberiga.<\/p>\n","protected":false},"excerpt":{"rendered":"<p>Strub oil bottle, 1 liiter Sobib k\u00e4sitsemisest ja t\u00f6\u00f6riistadest tekkinud j\u00e4lgede puhastamiseks.Eriti sobilik patineeritud tsingi puhastamiseks p\u00e4rast t\u00f6\u00f6de l\u00f5petamist. VMZINC STRUB-OL on \u00f5li, mis on v\u00e4lja t\u00f6\u00f6tatud metallide v\u00e4ikeste ebapuhtuste eemaldamiseks ja loodusliku patineerumise soodustamiseks. STRUB-OL aitab eemaldada ka kerget korrosiooni ja plekke pinnalt. Kanna STRUB-OL pinnale ja p\u00fchi seej\u00e4rel pehme lapi v\u00f5i paberiga.<\/p>\n","protected":false},"featured_media":29286,"template":"","meta":{"_gspb_post_css":"","_uf_show_specific_survey":0,"_uf_disable_surveys":false},"product_brand":[],"product_cat":[964,1989],"product_tag":[],"filtrisusteem":[],"kvaliteediklass":[],"class_list":{"0":"post-29285","1":"product","2":"type-product","3":"status-publish","4":"has-post-thumbnail","6":"product_cat-ehituskeemia","7":"product_cat-katusekatted","9":"first","10":"instock","11":"taxable","12":"shipping-taxable","13":"purchasable","14":"product-type-simple"},"yoast_head":"<!-- This site is optimized with the Yoast SEO Premium plugin v21.3 (Yoast SEO v27.3) - https:\/\/yoast.com\/product\/yoast-seo-premium-wordpress\/ -->\n<title>Strub oil bottle, 1 liiter - Hutton<\/title>\n<meta name=\"robots\" content=\"index, follow, max-snippet:-1, max-image-preview:large, max-video-preview:-1\" \/>\n<link rel=\"canonical\" href=\"https:\/\/hutton.ee\/toode\/strub-oil-bottle-1-liiter\/\" \/>\n<meta property=\"og:locale\" content=\"en_US\" \/>\n<meta property=\"og:type\" content=\"article\" \/>\n<meta property=\"og:title\" content=\"Strub oil bottle, 1 liiter\" \/>\n<meta property=\"og:description\" content=\"Strub oil bottle, 1 liiter Sobib k\u00e4sitsemisest ja t\u00f6\u00f6riistadest tekkinud j\u00e4lgede puhastamiseks.Eriti sobilik patineeritud tsingi puhastamiseks p\u00e4rast t\u00f6\u00f6de l\u00f5petamist. VMZINC STRUB-OL on \u00f5li, mis on v\u00e4lja t\u00f6\u00f6tatud metallide v\u00e4ikeste ebapuhtuste eemaldamiseks ja loodusliku patineerumise soodustamiseks. STRUB-OL aitab eemaldada ka kerget korrosiooni ja plekke pinnalt. Kanna STRUB-OL pinnale ja p\u00fchi seej\u00e4rel pehme lapi v\u00f5i paberiga.\" \/>\n<meta property=\"og:url\" content=\"https:\/\/hutton.ee\/toode\/strub-oil-bottle-1-liiter\/\" \/>\n<meta property=\"og:site_name\" content=\"Hutton\" \/>\n<meta property=\"article:publisher\" content=\"https:\/\/www.facebook.com\/huttoneesti\" \/>\n<meta property=\"article:modified_time\" content=\"2025-08-25T13:04:52+00:00\" \/>\n<meta property=\"og:image\" content=\"https:\/\/hutton.ee\/wp-content\/uploads\/2025\/08\/Strub-oil-bottle-1-liiter.png\" \/>\n\t<meta property=\"og:image:width\" content=\"1080\" \/>\n\t<meta property=\"og:image:height\" content=\"1080\" \/>\n\t<meta property=\"og:image:type\" content=\"image\/png\" \/>\n<meta name=\"twitter:card\" content=\"summary_large_image\" \/>\n<meta name=\"twitter:label1\" content=\"Est. reading time\" \/>\n\t<meta name=\"twitter:data1\" content=\"1 minute\" \/>\n<script type=\"application\/ld+json\" class=\"yoast-schema-graph\">{\"@context\":\"https:\\\/\\\/schema.org\",\"@graph\":[{\"@type\":\"WebPage\",\"@id\":\"https:\\\/\\\/hutton.ee\\\/toode\\\/strub-oil-bottle-1-liiter\\\/\",\"url\":\"https:\\\/\\\/hutton.ee\\\/toode\\\/strub-oil-bottle-1-liiter\\\/\",\"name\":\"Strub oil bottle, 1 liiter - Hutton\",\"isPartOf\":{\"@id\":\"https:\\\/\\\/hutton.ee\\\/#website\"},\"primaryImageOfPage\":{\"@id\":\"https:\\\/\\\/hutton.ee\\\/toode\\\/strub-oil-bottle-1-liiter\\\/#primaryimage\"},\"image\":{\"@id\":\"https:\\\/\\\/hutton.ee\\\/toode\\\/strub-oil-bottle-1-liiter\\\/#primaryimage\"},\"thumbnailUrl\":\"https:\\\/\\\/hutton.ee\\\/wp-content\\\/uploads\\\/2025\\\/08\\\/Strub-oil-bottle-1-liiter.png\",\"datePublished\":\"2025-08-25T09:06:44+00:00\",\"dateModified\":\"2025-08-25T13:04:52+00:00\",\"breadcrumb\":{\"@id\":\"https:\\\/\\\/hutton.ee\\\/toode\\\/strub-oil-bottle-1-liiter\\\/#breadcrumb\"},\"inLanguage\":\"en-US\",\"potentialAction\":[{\"@type\":\"ReadAction\",\"target\":[\"https:\\\/\\\/hutton.ee\\\/toode\\\/strub-oil-bottle-1-liiter\\\/\"]}]},{\"@type\":\"ImageObject\",\"inLanguage\":\"en-US\",\"@id\":\"https:\\\/\\\/hutton.ee\\\/toode\\\/strub-oil-bottle-1-liiter\\\/#primaryimage\",\"url\":\"https:\\\/\\\/hutton.ee\\\/wp-content\\\/uploads\\\/2025\\\/08\\\/Strub-oil-bottle-1-liiter.png\",\"contentUrl\":\"https:\\\/\\\/hutton.ee\\\/wp-content\\\/uploads\\\/2025\\\/08\\\/Strub-oil-bottle-1-liiter.png\",\"width\":1080,\"height\":1080,\"caption\":\"Strub oil bottle, 1 liiter\"},{\"@type\":\"BreadcrumbList\",\"@id\":\"https:\\\/\\\/hutton.ee\\\/toode\\\/strub-oil-bottle-1-liiter\\\/#breadcrumb\",\"itemListElement\":[{\"@type\":\"ListItem\",\"position\":1,\"name\":\"Avaleht\",\"item\":\"https:\\\/\\\/hutton.ee\\\/\"},{\"@type\":\"ListItem\",\"position\":2,\"name\":\"Shop\",\"item\":\"https:\\\/\\\/hutton.ee\\\/en\\\/shop\\\/\"},{\"@type\":\"ListItem\",\"position\":3,\"name\":\"Strub oil bottle, 1 liiter\"}]},{\"@type\":\"WebSite\",\"@id\":\"https:\\\/\\\/hutton.ee\\\/#website\",\"url\":\"https:\\\/\\\/hutton.ee\\\/\",\"name\":\"Hutton\",\"description\":\"Ajas kestvad ehituslahendused\",\"publisher\":{\"@id\":\"https:\\\/\\\/hutton.ee\\\/#organization\"},\"potentialAction\":[{\"@type\":\"SearchAction\",\"target\":{\"@type\":\"EntryPoint\",\"urlTemplate\":\"https:\\\/\\\/hutton.ee\\\/?s={search_term_string}\"},\"query-input\":{\"@type\":\"PropertyValueSpecification\",\"valueRequired\":true,\"valueName\":\"search_term_string\"}}],\"inLanguage\":\"en-US\"},{\"@type\":\"Organization\",\"@id\":\"https:\\\/\\\/hutton.ee\\\/#organization\",\"name\":\"Hutton - KATUS | SEIN | FASSAAD\",\"url\":\"https:\\\/\\\/hutton.ee\\\/\",\"logo\":{\"@type\":\"ImageObject\",\"inLanguage\":\"en-US\",\"@id\":\"https:\\\/\\\/hutton.ee\\\/#\\\/schema\\\/logo\\\/image\\\/\",\"url\":\"https:\\\/\\\/hutton.ee\\\/wp-content\\\/uploads\\\/2020\\\/07\\\/hutton-logo_uuendatud-01.png\",\"contentUrl\":\"https:\\\/\\\/hutton.ee\\\/wp-content\\\/uploads\\\/2020\\\/07\\\/hutton-logo_uuendatud-01.png\",\"width\":1064,\"height\":455,\"caption\":\"Hutton - KATUS | SEIN | FASSAAD\"},\"image\":{\"@id\":\"https:\\\/\\\/hutton.ee\\\/#\\\/schema\\\/logo\\\/image\\\/\"},\"sameAs\":[\"https:\\\/\\\/www.facebook.com\\\/huttoneesti\"]}]}<\/script>\n<!-- \/ Yoast SEO Premium plugin. -->","yoast_head_json":{"title":"Strub oil bottle, 1 liiter - Hutton","robots":{"index":"index","follow":"follow","max-snippet":"max-snippet:-1","max-image-preview":"max-image-preview:large","max-video-preview":"max-video-preview:-1"},"canonical":"https:\/\/hutton.ee\/toode\/strub-oil-bottle-1-liiter\/","og_locale":"en_US","og_type":"article","og_title":"Strub oil bottle, 1 liiter","og_description":"Strub oil bottle, 1 liiter Sobib k\u00e4sitsemisest ja t\u00f6\u00f6riistadest tekkinud j\u00e4lgede puhastamiseks.Eriti sobilik patineeritud tsingi puhastamiseks p\u00e4rast t\u00f6\u00f6de l\u00f5petamist. VMZINC STRUB-OL on \u00f5li, mis on v\u00e4lja t\u00f6\u00f6tatud metallide v\u00e4ikeste ebapuhtuste eemaldamiseks ja loodusliku patineerumise soodustamiseks. STRUB-OL aitab eemaldada ka kerget korrosiooni ja plekke pinnalt. Kanna STRUB-OL pinnale ja p\u00fchi seej\u00e4rel pehme lapi v\u00f5i paberiga.","og_url":"https:\/\/hutton.ee\/toode\/strub-oil-bottle-1-liiter\/","og_site_name":"Hutton","article_publisher":"https:\/\/www.facebook.com\/huttoneesti","article_modified_time":"2025-08-25T13:04:52+00:00","og_image":[{"width":1080,"height":1080,"url":"https:\/\/hutton.ee\/wp-content\/uploads\/2025\/08\/Strub-oil-bottle-1-liiter.png","type":"image\/png"}],"twitter_card":"summary_large_image","twitter_misc":{"Est. reading time":"1 minute"},"schema":{"@context":"https:\/\/schema.org","@graph":[{"@type":"WebPage","@id":"https:\/\/hutton.ee\/toode\/strub-oil-bottle-1-liiter\/","url":"https:\/\/hutton.ee\/toode\/strub-oil-bottle-1-liiter\/","name":"Strub oil bottle, 1 liiter - Hutton","isPartOf":{"@id":"https:\/\/hutton.ee\/#website"},"primaryImageOfPage":{"@id":"https:\/\/hutton.ee\/toode\/strub-oil-bottle-1-liiter\/#primaryimage"},"image":{"@id":"https:\/\/hutton.ee\/toode\/strub-oil-bottle-1-liiter\/#primaryimage"},"thumbnailUrl":"https:\/\/hutton.ee\/wp-content\/uploads\/2025\/08\/Strub-oil-bottle-1-liiter.png","datePublished":"2025-08-25T09:06:44+00:00","dateModified":"2025-08-25T13:04:52+00:00","breadcrumb":{"@id":"https:\/\/hutton.ee\/toode\/strub-oil-bottle-1-liiter\/#breadcrumb"},"inLanguage":"en-US","potentialAction":[{"@type":"ReadAction","target":["https:\/\/hutton.ee\/toode\/strub-oil-bottle-1-liiter\/"]}]},{"@type":"ImageObject","inLanguage":"en-US","@id":"https:\/\/hutton.ee\/toode\/strub-oil-bottle-1-liiter\/#primaryimage","url":"https:\/\/hutton.ee\/wp-content\/uploads\/2025\/08\/Strub-oil-bottle-1-liiter.png","contentUrl":"https:\/\/hutton.ee\/wp-content\/uploads\/2025\/08\/Strub-oil-bottle-1-liiter.png","width":1080,"height":1080,"caption":"Strub oil bottle, 1 liiter"},{"@type":"BreadcrumbList","@id":"https:\/\/hutton.ee\/toode\/strub-oil-bottle-1-liiter\/#breadcrumb","itemListElement":[{"@type":"ListItem","position":1,"name":"Avaleht","item":"https:\/\/hutton.ee\/"},{"@type":"ListItem","position":2,"name":"Shop","item":"https:\/\/hutton.ee\/en\/shop\/"},{"@type":"ListItem","position":3,"name":"Strub oil bottle, 1 liiter"}]},{"@type":"WebSite","@id":"https:\/\/hutton.ee\/#website","url":"https:\/\/hutton.ee\/","name":"Hutton","description":"Ajas kestvad ehituslahendused","publisher":{"@id":"https:\/\/hutton.ee\/#organization"},"potentialAction":[{"@type":"SearchAction","target":{"@type":"EntryPoint","urlTemplate":"https:\/\/hutton.ee\/?s={search_term_string}"},"query-input":{"@type":"PropertyValueSpecification","valueRequired":true,"valueName":"search_term_string"}}],"inLanguage":"en-US"},{"@type":"Organization","@id":"https:\/\/hutton.ee\/#organization","name":"Hutton - KATUS | SEIN | FASSAAD","url":"https:\/\/hutton.ee\/","logo":{"@type":"ImageObject","inLanguage":"en-US","@id":"https:\/\/hutton.ee\/#\/schema\/logo\/image\/","url":"https:\/\/hutton.ee\/wp-content\/uploads\/2020\/07\/hutton-logo_uuendatud-01.png","contentUrl":"https:\/\/hutton.ee\/wp-content\/uploads\/2020\/07\/hutton-logo_uuendatud-01.png","width":1064,"height":455,"caption":"Hutton - KATUS | SEIN | FASSAAD"},"image":{"@id":"https:\/\/hutton.ee\/#\/schema\/logo\/image\/"},"sameAs":["https:\/\/www.facebook.com\/huttoneesti"]}]}},"_links":{"self":[{"href":"https:\/\/hutton.ee\/en\/wp-json\/wp\/v2\/product\/29285","targetHints":{"allow":["GET"]}}],"collection":[{"href":"https:\/\/hutton.ee\/en\/wp-json\/wp\/v2\/product"}],"about":[{"href":"https:\/\/hutton.ee\/en\/wp-json\/wp\/v2\/types\/product"}],"wp:featuredmedia":[{"embeddable":true,"href":"https:\/\/hutton.ee\/en\/wp-json\/wp\/v2\/media\/29286"}],"wp:attachment":[{"href":"https:\/\/hutton.ee\/en\/wp-json\/wp\/v2\/media?parent=29285"}],"wp:term":[{"taxonomy":"product_brand","embeddable":true,"href":"https:\/\/hutton.ee\/en\/wp-json\/wp\/v2\/product_brand?post=29285"},{"taxonomy":"product_cat","embeddable":true,"href":"https:\/\/hutton.ee\/en\/wp-json\/wp\/v2\/product_cat?post=29285"},{"taxonomy":"product_tag","embeddable":true,"href":"https:\/\/hutton.ee\/en\/wp-json\/wp\/v2\/product_tag?post=29285"},{"taxonomy":"filtrisusteem","embeddable":true,"href":"https:\/\/hutton.ee\/en\/wp-json\/wp\/v2\/filtrisusteem?post=29285"},{"taxonomy":"kvaliteediklass","embeddable":true,"href":"https:\/\/hutton.ee\/en\/wp-json\/wp\/v2\/kvaliteediklass?post=29285"}],"curies":[{"name":"wp","href":"https:\/\/api.w.org\/{rel}","templated":true}]}}