{"id":29294,"date":"2025-08-25T12:21:30","date_gmt":"2025-08-25T12:21:30","guid":{"rendered":"https:\/\/hutton.ee\/?post_type=product&#038;p=29294"},"modified":"2025-08-25T13:03:15","modified_gmt":"2025-08-25T13:03:15","slug":"natural-zinc-perforated-sheet","status":"publish","type":"product","link":"https:\/\/hutton.ee\/en\/toode\/natural-zinc-perforated-sheet\/","title":{"rendered":"NATURAL ZINC, perforated sheet"},"content":{"rendered":"<p data-start=\"41\" data-end=\"204\">NATURAL ZINC, perforated sheet<\/p>\n<p data-start=\"53\" data-end=\"310\">Tsingi kasutus areneb ja kohandub pidevalt arhitektuursete trendidega, eriti seoses sisemugavuse ja energias\u00e4\u00e4stu n\u00f5uetega.<br data-start=\"176\" data-end=\"179\" \/>Looduslikult l\u00e4bipaistmatu materjalina saab tsinki t\u00e4nu perforeerimisele muuta v\u00f5rkudeks, pitsiks v\u00f5i looriks hoone v\u00e4liskestale.<\/p>\n<p data-start=\"312\" data-end=\"482\">Rulltsingi konstruktsioonilahenduste spetsialistina pakub <strong data-start=\"370\" data-end=\"380\">VMZINC<\/strong> laia valikut perforeeringuid, s\u00f5ltuvalt soovitud esteetilisest tulemusest ja l\u00e4bipaistvuse astmest.<\/p>\n<p data-start=\"484\" data-end=\"660\">Perforeerimine on uus viis hoonete individualiseerimiseks. Hoone fassaad saab justkui v\u00f5rkkatte, mille valguse ja varjude m\u00e4ng paneb materjali elama ja muudab selle tajumist.<\/p>\n<p data-start=\"662\" data-end=\"841\">P\u00e4evasel ajal annab <strong data-start=\"682\" data-end=\"693\">VMZINC\u00ae<\/strong> perforeeritud tsink hoonele kerguse ja d\u00fcnaamika. \u00d6\u00f6sel see kaob, paljastades hoone valgustatud s\u00fcdame v\u00f5i elavdades v\u00e4lisvoodrit taustvalgusega.<\/p>\n<p data-start=\"843\" data-end=\"1121\">Tsingi isepuhastuv omadus tagab loodusliku patineerumise. L\u00f5ikeservadel ei ole korrosiooniohtu. Tsingi olemuslikud omadused teevad sellest ideaalse materjali perforeeritud fassaadis\u00fcsteemidele. Seet\u00f5ttu on nii disaini esteetiline v\u00e4\u00e4rtus kui ka selle pikaealisus kindlustatud.<\/p>\n","protected":false},"excerpt":{"rendered":"<p>NATURAL ZINC, perforated sheet Tsingi kasutus areneb ja kohandub pidevalt arhitektuursete trendidega, eriti seoses sisemugavuse ja energias\u00e4\u00e4stu n\u00f5uetega.Looduslikult l\u00e4bipaistmatu materjalina saab tsinki t\u00e4nu perforeerimisele muuta v\u00f5rkudeks, pitsiks v\u00f5i looriks hoone v\u00e4liskestale. Rulltsingi konstruktsioonilahenduste spetsialistina pakub VMZINC laia valikut perforeeringuid, s\u00f5ltuvalt soovitud esteetilisest tulemusest ja l\u00e4bipaistvuse astmest. Perforeerimine on uus viis hoonete individualiseerimiseks. Hoone fassaad saab [&hellip;]<\/p>\n","protected":false},"featured_media":29297,"template":"","meta":{"_gspb_post_css":"","_uf_show_specific_survey":0,"_uf_disable_surveys":false},"product_brand":[],"product_cat":[1989],"product_tag":[],"filtrisusteem":[],"kvaliteediklass":[],"class_list":{"0":"post-29294","1":"product","2":"type-product","3":"status-publish","4":"has-post-thumbnail","6":"product_cat-katusekatted","8":"first","9":"instock","10":"taxable","11":"shipping-taxable","12":"product-type-simple"},"yoast_head":"<!-- This site is optimized with the Yoast SEO Premium plugin v21.3 (Yoast SEO v27.3) - https:\/\/yoast.com\/product\/yoast-seo-premium-wordpress\/ -->\n<title>NATURAL ZINC, perforated sheet - Hutton<\/title>\n<meta name=\"robots\" content=\"index, follow, max-snippet:-1, max-image-preview:large, max-video-preview:-1\" \/>\n<link rel=\"canonical\" href=\"https:\/\/hutton.ee\/toode\/natural-zinc-perforated-sheet\/\" \/>\n<meta property=\"og:locale\" content=\"en_US\" \/>\n<meta property=\"og:type\" content=\"article\" \/>\n<meta property=\"og:title\" content=\"NATURAL ZINC, perforated sheet\" \/>\n<meta property=\"og:description\" content=\"NATURAL ZINC, perforated sheet Tsingi kasutus areneb ja kohandub pidevalt arhitektuursete trendidega, eriti seoses sisemugavuse ja energias\u00e4\u00e4stu n\u00f5uetega.Looduslikult l\u00e4bipaistmatu materjalina saab tsinki t\u00e4nu perforeerimisele muuta v\u00f5rkudeks, pitsiks v\u00f5i looriks hoone v\u00e4liskestale. Rulltsingi konstruktsioonilahenduste spetsialistina pakub VMZINC laia valikut perforeeringuid, s\u00f5ltuvalt soovitud esteetilisest tulemusest ja l\u00e4bipaistvuse astmest. Perforeerimine on uus viis hoonete individualiseerimiseks. Hoone fassaad saab [&hellip;]\" \/>\n<meta property=\"og:url\" content=\"https:\/\/hutton.ee\/toode\/natural-zinc-perforated-sheet\/\" \/>\n<meta property=\"og:site_name\" content=\"Hutton\" \/>\n<meta property=\"article:publisher\" content=\"https:\/\/www.facebook.com\/huttoneesti\" \/>\n<meta property=\"article:modified_time\" content=\"2025-08-25T13:03:15+00:00\" \/>\n<meta property=\"og:image\" content=\"https:\/\/hutton.ee\/wp-content\/uploads\/2025\/08\/Perforated-Natural-Zinc-Sheet_-1.png\" \/>\n\t<meta property=\"og:image:width\" content=\"200\" \/>\n\t<meta property=\"og:image:height\" content=\"200\" \/>\n\t<meta property=\"og:image:type\" content=\"image\/png\" \/>\n<meta name=\"twitter:card\" content=\"summary_large_image\" \/>\n<meta name=\"twitter:label1\" content=\"Est. reading time\" \/>\n\t<meta name=\"twitter:data1\" content=\"1 minute\" \/>\n<script type=\"application\/ld+json\" class=\"yoast-schema-graph\">{\"@context\":\"https:\\\/\\\/schema.org\",\"@graph\":[{\"@type\":\"WebPage\",\"@id\":\"https:\\\/\\\/hutton.ee\\\/toode\\\/natural-zinc-perforated-sheet\\\/\",\"url\":\"https:\\\/\\\/hutton.ee\\\/toode\\\/natural-zinc-perforated-sheet\\\/\",\"name\":\"NATURAL ZINC, perforated sheet - Hutton\",\"isPartOf\":{\"@id\":\"https:\\\/\\\/hutton.ee\\\/#website\"},\"primaryImageOfPage\":{\"@id\":\"https:\\\/\\\/hutton.ee\\\/toode\\\/natural-zinc-perforated-sheet\\\/#primaryimage\"},\"image\":{\"@id\":\"https:\\\/\\\/hutton.ee\\\/toode\\\/natural-zinc-perforated-sheet\\\/#primaryimage\"},\"thumbnailUrl\":\"https:\\\/\\\/hutton.ee\\\/wp-content\\\/uploads\\\/2025\\\/08\\\/Perforated-Natural-Zinc-Sheet_-1.png\",\"datePublished\":\"2025-08-25T12:21:30+00:00\",\"dateModified\":\"2025-08-25T13:03:15+00:00\",\"breadcrumb\":{\"@id\":\"https:\\\/\\\/hutton.ee\\\/toode\\\/natural-zinc-perforated-sheet\\\/#breadcrumb\"},\"inLanguage\":\"en-US\",\"potentialAction\":[{\"@type\":\"ReadAction\",\"target\":[\"https:\\\/\\\/hutton.ee\\\/toode\\\/natural-zinc-perforated-sheet\\\/\"]}]},{\"@type\":\"ImageObject\",\"inLanguage\":\"en-US\",\"@id\":\"https:\\\/\\\/hutton.ee\\\/toode\\\/natural-zinc-perforated-sheet\\\/#primaryimage\",\"url\":\"https:\\\/\\\/hutton.ee\\\/wp-content\\\/uploads\\\/2025\\\/08\\\/Perforated-Natural-Zinc-Sheet_-1.png\",\"contentUrl\":\"https:\\\/\\\/hutton.ee\\\/wp-content\\\/uploads\\\/2025\\\/08\\\/Perforated-Natural-Zinc-Sheet_-1.png\",\"width\":200,\"height\":200,\"caption\":\"Perforated Natural Zinc\"},{\"@type\":\"BreadcrumbList\",\"@id\":\"https:\\\/\\\/hutton.ee\\\/toode\\\/natural-zinc-perforated-sheet\\\/#breadcrumb\",\"itemListElement\":[{\"@type\":\"ListItem\",\"position\":1,\"name\":\"Avaleht\",\"item\":\"https:\\\/\\\/hutton.ee\\\/\"},{\"@type\":\"ListItem\",\"position\":2,\"name\":\"Shop\",\"item\":\"https:\\\/\\\/hutton.ee\\\/en\\\/shop\\\/\"},{\"@type\":\"ListItem\",\"position\":3,\"name\":\"NATURAL ZINC, perforated sheet\"}]},{\"@type\":\"WebSite\",\"@id\":\"https:\\\/\\\/hutton.ee\\\/#website\",\"url\":\"https:\\\/\\\/hutton.ee\\\/\",\"name\":\"Hutton\",\"description\":\"Ajas kestvad ehituslahendused\",\"publisher\":{\"@id\":\"https:\\\/\\\/hutton.ee\\\/#organization\"},\"potentialAction\":[{\"@type\":\"SearchAction\",\"target\":{\"@type\":\"EntryPoint\",\"urlTemplate\":\"https:\\\/\\\/hutton.ee\\\/?s={search_term_string}\"},\"query-input\":{\"@type\":\"PropertyValueSpecification\",\"valueRequired\":true,\"valueName\":\"search_term_string\"}}],\"inLanguage\":\"en-US\"},{\"@type\":\"Organization\",\"@id\":\"https:\\\/\\\/hutton.ee\\\/#organization\",\"name\":\"Hutton - KATUS | SEIN | FASSAAD\",\"url\":\"https:\\\/\\\/hutton.ee\\\/\",\"logo\":{\"@type\":\"ImageObject\",\"inLanguage\":\"en-US\",\"@id\":\"https:\\\/\\\/hutton.ee\\\/#\\\/schema\\\/logo\\\/image\\\/\",\"url\":\"https:\\\/\\\/hutton.ee\\\/wp-content\\\/uploads\\\/2020\\\/07\\\/hutton-logo_uuendatud-01.png\",\"contentUrl\":\"https:\\\/\\\/hutton.ee\\\/wp-content\\\/uploads\\\/2020\\\/07\\\/hutton-logo_uuendatud-01.png\",\"width\":1064,\"height\":455,\"caption\":\"Hutton - KATUS | SEIN | FASSAAD\"},\"image\":{\"@id\":\"https:\\\/\\\/hutton.ee\\\/#\\\/schema\\\/logo\\\/image\\\/\"},\"sameAs\":[\"https:\\\/\\\/www.facebook.com\\\/huttoneesti\"]}]}<\/script>\n<!-- \/ Yoast SEO Premium plugin. -->","yoast_head_json":{"title":"NATURAL ZINC, perforated sheet - Hutton","robots":{"index":"index","follow":"follow","max-snippet":"max-snippet:-1","max-image-preview":"max-image-preview:large","max-video-preview":"max-video-preview:-1"},"canonical":"https:\/\/hutton.ee\/toode\/natural-zinc-perforated-sheet\/","og_locale":"en_US","og_type":"article","og_title":"NATURAL ZINC, perforated sheet","og_description":"NATURAL ZINC, perforated sheet Tsingi kasutus areneb ja kohandub pidevalt arhitektuursete trendidega, eriti seoses sisemugavuse ja energias\u00e4\u00e4stu n\u00f5uetega.Looduslikult l\u00e4bipaistmatu materjalina saab tsinki t\u00e4nu perforeerimisele muuta v\u00f5rkudeks, pitsiks v\u00f5i looriks hoone v\u00e4liskestale. Rulltsingi konstruktsioonilahenduste spetsialistina pakub VMZINC laia valikut perforeeringuid, s\u00f5ltuvalt soovitud esteetilisest tulemusest ja l\u00e4bipaistvuse astmest. Perforeerimine on uus viis hoonete individualiseerimiseks. Hoone fassaad saab [&hellip;]","og_url":"https:\/\/hutton.ee\/toode\/natural-zinc-perforated-sheet\/","og_site_name":"Hutton","article_publisher":"https:\/\/www.facebook.com\/huttoneesti","article_modified_time":"2025-08-25T13:03:15+00:00","og_image":[{"width":200,"height":200,"url":"https:\/\/hutton.ee\/wp-content\/uploads\/2025\/08\/Perforated-Natural-Zinc-Sheet_-1.png","type":"image\/png"}],"twitter_card":"summary_large_image","twitter_misc":{"Est. reading time":"1 minute"},"schema":{"@context":"https:\/\/schema.org","@graph":[{"@type":"WebPage","@id":"https:\/\/hutton.ee\/toode\/natural-zinc-perforated-sheet\/","url":"https:\/\/hutton.ee\/toode\/natural-zinc-perforated-sheet\/","name":"NATURAL ZINC, perforated sheet - Hutton","isPartOf":{"@id":"https:\/\/hutton.ee\/#website"},"primaryImageOfPage":{"@id":"https:\/\/hutton.ee\/toode\/natural-zinc-perforated-sheet\/#primaryimage"},"image":{"@id":"https:\/\/hutton.ee\/toode\/natural-zinc-perforated-sheet\/#primaryimage"},"thumbnailUrl":"https:\/\/hutton.ee\/wp-content\/uploads\/2025\/08\/Perforated-Natural-Zinc-Sheet_-1.png","datePublished":"2025-08-25T12:21:30+00:00","dateModified":"2025-08-25T13:03:15+00:00","breadcrumb":{"@id":"https:\/\/hutton.ee\/toode\/natural-zinc-perforated-sheet\/#breadcrumb"},"inLanguage":"en-US","potentialAction":[{"@type":"ReadAction","target":["https:\/\/hutton.ee\/toode\/natural-zinc-perforated-sheet\/"]}]},{"@type":"ImageObject","inLanguage":"en-US","@id":"https:\/\/hutton.ee\/toode\/natural-zinc-perforated-sheet\/#primaryimage","url":"https:\/\/hutton.ee\/wp-content\/uploads\/2025\/08\/Perforated-Natural-Zinc-Sheet_-1.png","contentUrl":"https:\/\/hutton.ee\/wp-content\/uploads\/2025\/08\/Perforated-Natural-Zinc-Sheet_-1.png","width":200,"height":200,"caption":"Perforated Natural Zinc"},{"@type":"BreadcrumbList","@id":"https:\/\/hutton.ee\/toode\/natural-zinc-perforated-sheet\/#breadcrumb","itemListElement":[{"@type":"ListItem","position":1,"name":"Avaleht","item":"https:\/\/hutton.ee\/"},{"@type":"ListItem","position":2,"name":"Shop","item":"https:\/\/hutton.ee\/en\/shop\/"},{"@type":"ListItem","position":3,"name":"NATURAL ZINC, perforated sheet"}]},{"@type":"WebSite","@id":"https:\/\/hutton.ee\/#website","url":"https:\/\/hutton.ee\/","name":"Hutton","description":"Ajas kestvad ehituslahendused","publisher":{"@id":"https:\/\/hutton.ee\/#organization"},"potentialAction":[{"@type":"SearchAction","target":{"@type":"EntryPoint","urlTemplate":"https:\/\/hutton.ee\/?s={search_term_string}"},"query-input":{"@type":"PropertyValueSpecification","valueRequired":true,"valueName":"search_term_string"}}],"inLanguage":"en-US"},{"@type":"Organization","@id":"https:\/\/hutton.ee\/#organization","name":"Hutton - KATUS | SEIN | FASSAAD","url":"https:\/\/hutton.ee\/","logo":{"@type":"ImageObject","inLanguage":"en-US","@id":"https:\/\/hutton.ee\/#\/schema\/logo\/image\/","url":"https:\/\/hutton.ee\/wp-content\/uploads\/2020\/07\/hutton-logo_uuendatud-01.png","contentUrl":"https:\/\/hutton.ee\/wp-content\/uploads\/2020\/07\/hutton-logo_uuendatud-01.png","width":1064,"height":455,"caption":"Hutton - KATUS | SEIN | FASSAAD"},"image":{"@id":"https:\/\/hutton.ee\/#\/schema\/logo\/image\/"},"sameAs":["https:\/\/www.facebook.com\/huttoneesti"]}]}},"_links":{"self":[{"href":"https:\/\/hutton.ee\/en\/wp-json\/wp\/v2\/product\/29294","targetHints":{"allow":["GET"]}}],"collection":[{"href":"https:\/\/hutton.ee\/en\/wp-json\/wp\/v2\/product"}],"about":[{"href":"https:\/\/hutton.ee\/en\/wp-json\/wp\/v2\/types\/product"}],"wp:featuredmedia":[{"embeddable":true,"href":"https:\/\/hutton.ee\/en\/wp-json\/wp\/v2\/media\/29297"}],"wp:attachment":[{"href":"https:\/\/hutton.ee\/en\/wp-json\/wp\/v2\/media?parent=29294"}],"wp:term":[{"taxonomy":"product_brand","embeddable":true,"href":"https:\/\/hutton.ee\/en\/wp-json\/wp\/v2\/product_brand?post=29294"},{"taxonomy":"product_cat","embeddable":true,"href":"https:\/\/hutton.ee\/en\/wp-json\/wp\/v2\/product_cat?post=29294"},{"taxonomy":"product_tag","embeddable":true,"href":"https:\/\/hutton.ee\/en\/wp-json\/wp\/v2\/product_tag?post=29294"},{"taxonomy":"filtrisusteem","embeddable":true,"href":"https:\/\/hutton.ee\/en\/wp-json\/wp\/v2\/filtrisusteem?post=29294"},{"taxonomy":"kvaliteediklass","embeddable":true,"href":"https:\/\/hutton.ee\/en\/wp-json\/wp\/v2\/kvaliteediklass?post=29294"}],"curies":[{"name":"wp","href":"https:\/\/api.w.org\/{rel}","templated":true}]}}