{"id":29343,"date":"2025-09-05T10:27:38","date_gmt":"2025-09-05T10:27:38","guid":{"rendered":"https:\/\/hutton.ee\/?post_type=product&#038;p=29343"},"modified":"2025-12-12T14:25:34","modified_gmt":"2025-12-12T14:25:34","slug":"teip-tacoblack-uv-60mm-40m","status":"publish","type":"product","link":"https:\/\/hutton.ee\/en\/toode\/teip-tacoblack-uv-60mm-40m\/","title":{"rendered":"Teip TacoBlack UV 60mm\/40m"},"content":{"rendered":"<p data-start=\"53\" data-end=\"187\"><strong data-start=\"53\" data-end=\"71\">Tootekirjeldus<\/strong><br data-start=\"71\" data-end=\"74\" \/>Paindlik, UV-kindel ja tugeva nakkega premium-toode tuulekindlate ja vihmakindlate liidete jaoks.<\/p>\n<p data-start=\"511\" data-end=\"555\"><strong data-start=\"511\" data-end=\"545\">Vabas ilmaoludes vastupidavus:<\/strong> 24 kuud<\/p>\n<p data-start=\"557\" data-end=\"571\"><strong data-start=\"557\" data-end=\"569\">Omadused<\/strong><\/p>\n<ul data-start=\"572\" data-end=\"923\">\n<li data-start=\"572\" data-end=\"638\">\n<p data-start=\"574\" data-end=\"638\">Pikaajaline liimivus \u00fclekatetes, liitekohtades ja l\u00e4biviikudes<\/p>\n<\/li>\n<li data-start=\"639\" data-end=\"722\">\n<p data-start=\"641\" data-end=\"722\">\u00dchelt poolt erakordselt tugeva nakkuvusega, toimib ka madalatel temperatuuridel<\/p>\n<\/li>\n<li data-start=\"723\" data-end=\"761\">\n<p data-start=\"725\" data-end=\"761\">Niidiv\u00f5rk kaitseb \u00fclevenimise eest<\/p>\n<\/li>\n<li data-start=\"762\" data-end=\"810\">\n<p data-start=\"764\" data-end=\"810\">Paindlik kandematerjal talub ehitusliikumisi<\/p>\n<\/li>\n<li data-start=\"811\" data-end=\"842\">\n<p data-start=\"813\" data-end=\"842\">UV- ja vananemiskindel<\/p>\n<\/li>\n<li data-start=\"843\" data-end=\"923\">\n<p data-start=\"845\" data-end=\"923\">T\u00e4iesti m\u00e4rkamatud fassaadikatte liited, ka avatud varjupiludega lahendustes<\/p>\n<\/li>\n<\/ul>\n","protected":false},"excerpt":{"rendered":"<p>TootekirjeldusPaindlik, UV-kindel ja tugeva nakkega premium-toode tuulekindlate ja vihmakindlate liidete jaoks. Vabas ilmaoludes vastupidavus: 24 kuud Omadused Pikaajaline liimivus \u00fclekatetes, liitekohtades ja l\u00e4biviikudes \u00dchelt poolt erakordselt tugeva nakkuvusega, toimib ka madalatel temperatuuridel Niidiv\u00f5rk kaitseb \u00fclevenimise eest Paindlik kandematerjal talub ehitusliikumisi UV- ja vananemiskindel T\u00e4iesti m\u00e4rkamatud fassaadikatte liited, ka avatud varjupiludega lahendustes<\/p>\n","protected":false},"featured_media":29346,"template":"","meta":{"_gspb_post_css":"","_uf_show_specific_survey":0,"_uf_disable_surveys":false},"product_brand":[],"product_cat":[954,956],"product_tag":[],"filtrisusteem":[],"kvaliteediklass":[],"class_list":{"0":"post-29343","1":"product","2":"type-product","3":"status-publish","4":"has-post-thumbnail","6":"product_cat-ehitusteibid","7":"product_cat-tuuletokke-teibid","9":"first","10":"outofstock","11":"taxable","12":"shipping-taxable","13":"purchasable","14":"product-type-simple"},"yoast_head":"<!-- This site is optimized with the Yoast SEO Premium plugin v21.3 (Yoast SEO v27.3) - https:\/\/yoast.com\/product\/yoast-seo-premium-wordpress\/ -->\n<title>Teip TacoBlack UV 60mm\/40m - Hutton<\/title>\n<meta name=\"description\" content=\"UV-kindel ja tugeva nakkega teip tuule- ja vihmakindlate liidete jaoks. Sobib \u00fclekatetele ja l\u00e4biviikudele, vastupidav ka avatud fassaadilahendustes.\" \/>\n<meta name=\"robots\" content=\"index, follow, max-snippet:-1, max-image-preview:large, max-video-preview:-1\" \/>\n<link rel=\"canonical\" href=\"https:\/\/hutton.ee\/toode\/teip-tacoblack-uv-60mm-40m\/\" \/>\n<meta property=\"og:locale\" content=\"en_US\" \/>\n<meta property=\"og:type\" content=\"article\" \/>\n<meta property=\"og:title\" content=\"Teip TacoBlack UV 60mm\/40m\" \/>\n<meta property=\"og:description\" content=\"UV-kindel ja tugeva nakkega teip tuule- ja vihmakindlate liidete jaoks. Sobib \u00fclekatetele ja l\u00e4biviikudele, vastupidav ka avatud fassaadilahendustes.\" \/>\n<meta property=\"og:url\" content=\"https:\/\/hutton.ee\/toode\/teip-tacoblack-uv-60mm-40m\/\" \/>\n<meta property=\"og:site_name\" content=\"Hutton\" \/>\n<meta property=\"article:publisher\" content=\"https:\/\/www.facebook.com\/huttoneesti\" \/>\n<meta property=\"article:modified_time\" content=\"2025-12-12T14:25:34+00:00\" \/>\n<meta property=\"og:image\" content=\"https:\/\/hutton.ee\/wp-content\/uploads\/2025\/09\/514060b_tacoblack_uv_web.jpg\" \/>\n\t<meta property=\"og:image:width\" content=\"497\" \/>\n\t<meta property=\"og:image:height\" content=\"497\" \/>\n\t<meta property=\"og:image:type\" content=\"image\/jpeg\" \/>\n<meta name=\"twitter:card\" content=\"summary_large_image\" \/>\n<meta name=\"twitter:label1\" content=\"Est. reading time\" \/>\n\t<meta name=\"twitter:data1\" content=\"1 minute\" \/>\n<script type=\"application\/ld+json\" class=\"yoast-schema-graph\">{\"@context\":\"https:\\\/\\\/schema.org\",\"@graph\":[{\"@type\":\"WebPage\",\"@id\":\"https:\\\/\\\/hutton.ee\\\/toode\\\/teip-tacoblack-uv-60mm-40m\\\/\",\"url\":\"https:\\\/\\\/hutton.ee\\\/toode\\\/teip-tacoblack-uv-60mm-40m\\\/\",\"name\":\"Teip TacoBlack UV 60mm\\\/40m - Hutton\",\"isPartOf\":{\"@id\":\"https:\\\/\\\/hutton.ee\\\/#website\"},\"primaryImageOfPage\":{\"@id\":\"https:\\\/\\\/hutton.ee\\\/toode\\\/teip-tacoblack-uv-60mm-40m\\\/#primaryimage\"},\"image\":{\"@id\":\"https:\\\/\\\/hutton.ee\\\/toode\\\/teip-tacoblack-uv-60mm-40m\\\/#primaryimage\"},\"thumbnailUrl\":\"https:\\\/\\\/hutton.ee\\\/wp-content\\\/uploads\\\/2025\\\/09\\\/514060b_tacoblack_uv_web.jpg\",\"datePublished\":\"2025-09-05T10:27:38+00:00\",\"dateModified\":\"2025-12-12T14:25:34+00:00\",\"description\":\"UV-kindel ja tugeva nakkega teip tuule- ja vihmakindlate liidete jaoks. Sobib \u00fclekatetele ja l\u00e4biviikudele, vastupidav ka avatud fassaadilahendustes.\",\"breadcrumb\":{\"@id\":\"https:\\\/\\\/hutton.ee\\\/toode\\\/teip-tacoblack-uv-60mm-40m\\\/#breadcrumb\"},\"inLanguage\":\"en-US\",\"potentialAction\":[{\"@type\":\"ReadAction\",\"target\":[\"https:\\\/\\\/hutton.ee\\\/toode\\\/teip-tacoblack-uv-60mm-40m\\\/\"]}]},{\"@type\":\"ImageObject\",\"inLanguage\":\"en-US\",\"@id\":\"https:\\\/\\\/hutton.ee\\\/toode\\\/teip-tacoblack-uv-60mm-40m\\\/#primaryimage\",\"url\":\"https:\\\/\\\/hutton.ee\\\/wp-content\\\/uploads\\\/2025\\\/09\\\/514060b_tacoblack_uv_web.jpg\",\"contentUrl\":\"https:\\\/\\\/hutton.ee\\\/wp-content\\\/uploads\\\/2025\\\/09\\\/514060b_tacoblack_uv_web.jpg\",\"width\":497,\"height\":497,\"caption\":\"Teip TacoBlack UV 60mm\\\/40m\"},{\"@type\":\"BreadcrumbList\",\"@id\":\"https:\\\/\\\/hutton.ee\\\/toode\\\/teip-tacoblack-uv-60mm-40m\\\/#breadcrumb\",\"itemListElement\":[{\"@type\":\"ListItem\",\"position\":1,\"name\":\"Avaleht\",\"item\":\"https:\\\/\\\/hutton.ee\\\/\"},{\"@type\":\"ListItem\",\"position\":2,\"name\":\"Shop\",\"item\":\"https:\\\/\\\/hutton.ee\\\/en\\\/shop\\\/\"},{\"@type\":\"ListItem\",\"position\":3,\"name\":\"Teip TacoBlack UV 60mm\\\/40m\"}]},{\"@type\":\"WebSite\",\"@id\":\"https:\\\/\\\/hutton.ee\\\/#website\",\"url\":\"https:\\\/\\\/hutton.ee\\\/\",\"name\":\"Hutton\",\"description\":\"Ajas kestvad ehituslahendused\",\"publisher\":{\"@id\":\"https:\\\/\\\/hutton.ee\\\/#organization\"},\"potentialAction\":[{\"@type\":\"SearchAction\",\"target\":{\"@type\":\"EntryPoint\",\"urlTemplate\":\"https:\\\/\\\/hutton.ee\\\/?s={search_term_string}\"},\"query-input\":{\"@type\":\"PropertyValueSpecification\",\"valueRequired\":true,\"valueName\":\"search_term_string\"}}],\"inLanguage\":\"en-US\"},{\"@type\":\"Organization\",\"@id\":\"https:\\\/\\\/hutton.ee\\\/#organization\",\"name\":\"Hutton - KATUS | SEIN | FASSAAD\",\"url\":\"https:\\\/\\\/hutton.ee\\\/\",\"logo\":{\"@type\":\"ImageObject\",\"inLanguage\":\"en-US\",\"@id\":\"https:\\\/\\\/hutton.ee\\\/#\\\/schema\\\/logo\\\/image\\\/\",\"url\":\"https:\\\/\\\/hutton.ee\\\/wp-content\\\/uploads\\\/2020\\\/07\\\/hutton-logo_uuendatud-01.png\",\"contentUrl\":\"https:\\\/\\\/hutton.ee\\\/wp-content\\\/uploads\\\/2020\\\/07\\\/hutton-logo_uuendatud-01.png\",\"width\":1064,\"height\":455,\"caption\":\"Hutton - KATUS | SEIN | FASSAAD\"},\"image\":{\"@id\":\"https:\\\/\\\/hutton.ee\\\/#\\\/schema\\\/logo\\\/image\\\/\"},\"sameAs\":[\"https:\\\/\\\/www.facebook.com\\\/huttoneesti\"]}]}<\/script>\n<!-- \/ Yoast SEO Premium plugin. -->","yoast_head_json":{"title":"Teip TacoBlack UV 60mm\/40m - Hutton","description":"UV-kindel ja tugeva nakkega teip tuule- ja vihmakindlate liidete jaoks. Sobib \u00fclekatetele ja l\u00e4biviikudele, vastupidav ka avatud fassaadilahendustes.","robots":{"index":"index","follow":"follow","max-snippet":"max-snippet:-1","max-image-preview":"max-image-preview:large","max-video-preview":"max-video-preview:-1"},"canonical":"https:\/\/hutton.ee\/toode\/teip-tacoblack-uv-60mm-40m\/","og_locale":"en_US","og_type":"article","og_title":"Teip TacoBlack UV 60mm\/40m","og_description":"UV-kindel ja tugeva nakkega teip tuule- ja vihmakindlate liidete jaoks. Sobib \u00fclekatetele ja l\u00e4biviikudele, vastupidav ka avatud fassaadilahendustes.","og_url":"https:\/\/hutton.ee\/toode\/teip-tacoblack-uv-60mm-40m\/","og_site_name":"Hutton","article_publisher":"https:\/\/www.facebook.com\/huttoneesti","article_modified_time":"2025-12-12T14:25:34+00:00","og_image":[{"width":497,"height":497,"url":"https:\/\/hutton.ee\/wp-content\/uploads\/2025\/09\/514060b_tacoblack_uv_web.jpg","type":"image\/jpeg"}],"twitter_card":"summary_large_image","twitter_misc":{"Est. reading time":"1 minute"},"schema":{"@context":"https:\/\/schema.org","@graph":[{"@type":"WebPage","@id":"https:\/\/hutton.ee\/toode\/teip-tacoblack-uv-60mm-40m\/","url":"https:\/\/hutton.ee\/toode\/teip-tacoblack-uv-60mm-40m\/","name":"Teip TacoBlack UV 60mm\/40m - Hutton","isPartOf":{"@id":"https:\/\/hutton.ee\/#website"},"primaryImageOfPage":{"@id":"https:\/\/hutton.ee\/toode\/teip-tacoblack-uv-60mm-40m\/#primaryimage"},"image":{"@id":"https:\/\/hutton.ee\/toode\/teip-tacoblack-uv-60mm-40m\/#primaryimage"},"thumbnailUrl":"https:\/\/hutton.ee\/wp-content\/uploads\/2025\/09\/514060b_tacoblack_uv_web.jpg","datePublished":"2025-09-05T10:27:38+00:00","dateModified":"2025-12-12T14:25:34+00:00","description":"UV-kindel ja tugeva nakkega teip tuule- ja vihmakindlate liidete jaoks. Sobib \u00fclekatetele ja l\u00e4biviikudele, vastupidav ka avatud fassaadilahendustes.","breadcrumb":{"@id":"https:\/\/hutton.ee\/toode\/teip-tacoblack-uv-60mm-40m\/#breadcrumb"},"inLanguage":"en-US","potentialAction":[{"@type":"ReadAction","target":["https:\/\/hutton.ee\/toode\/teip-tacoblack-uv-60mm-40m\/"]}]},{"@type":"ImageObject","inLanguage":"en-US","@id":"https:\/\/hutton.ee\/toode\/teip-tacoblack-uv-60mm-40m\/#primaryimage","url":"https:\/\/hutton.ee\/wp-content\/uploads\/2025\/09\/514060b_tacoblack_uv_web.jpg","contentUrl":"https:\/\/hutton.ee\/wp-content\/uploads\/2025\/09\/514060b_tacoblack_uv_web.jpg","width":497,"height":497,"caption":"Teip TacoBlack UV 60mm\/40m"},{"@type":"BreadcrumbList","@id":"https:\/\/hutton.ee\/toode\/teip-tacoblack-uv-60mm-40m\/#breadcrumb","itemListElement":[{"@type":"ListItem","position":1,"name":"Avaleht","item":"https:\/\/hutton.ee\/"},{"@type":"ListItem","position":2,"name":"Shop","item":"https:\/\/hutton.ee\/en\/shop\/"},{"@type":"ListItem","position":3,"name":"Teip TacoBlack UV 60mm\/40m"}]},{"@type":"WebSite","@id":"https:\/\/hutton.ee\/#website","url":"https:\/\/hutton.ee\/","name":"Hutton","description":"Ajas kestvad ehituslahendused","publisher":{"@id":"https:\/\/hutton.ee\/#organization"},"potentialAction":[{"@type":"SearchAction","target":{"@type":"EntryPoint","urlTemplate":"https:\/\/hutton.ee\/?s={search_term_string}"},"query-input":{"@type":"PropertyValueSpecification","valueRequired":true,"valueName":"search_term_string"}}],"inLanguage":"en-US"},{"@type":"Organization","@id":"https:\/\/hutton.ee\/#organization","name":"Hutton - KATUS | SEIN | FASSAAD","url":"https:\/\/hutton.ee\/","logo":{"@type":"ImageObject","inLanguage":"en-US","@id":"https:\/\/hutton.ee\/#\/schema\/logo\/image\/","url":"https:\/\/hutton.ee\/wp-content\/uploads\/2020\/07\/hutton-logo_uuendatud-01.png","contentUrl":"https:\/\/hutton.ee\/wp-content\/uploads\/2020\/07\/hutton-logo_uuendatud-01.png","width":1064,"height":455,"caption":"Hutton - KATUS | SEIN | FASSAAD"},"image":{"@id":"https:\/\/hutton.ee\/#\/schema\/logo\/image\/"},"sameAs":["https:\/\/www.facebook.com\/huttoneesti"]}]}},"_links":{"self":[{"href":"https:\/\/hutton.ee\/en\/wp-json\/wp\/v2\/product\/29343","targetHints":{"allow":["GET"]}}],"collection":[{"href":"https:\/\/hutton.ee\/en\/wp-json\/wp\/v2\/product"}],"about":[{"href":"https:\/\/hutton.ee\/en\/wp-json\/wp\/v2\/types\/product"}],"wp:featuredmedia":[{"embeddable":true,"href":"https:\/\/hutton.ee\/en\/wp-json\/wp\/v2\/media\/29346"}],"wp:attachment":[{"href":"https:\/\/hutton.ee\/en\/wp-json\/wp\/v2\/media?parent=29343"}],"wp:term":[{"taxonomy":"product_brand","embeddable":true,"href":"https:\/\/hutton.ee\/en\/wp-json\/wp\/v2\/product_brand?post=29343"},{"taxonomy":"product_cat","embeddable":true,"href":"https:\/\/hutton.ee\/en\/wp-json\/wp\/v2\/product_cat?post=29343"},{"taxonomy":"product_tag","embeddable":true,"href":"https:\/\/hutton.ee\/en\/wp-json\/wp\/v2\/product_tag?post=29343"},{"taxonomy":"filtrisusteem","embeddable":true,"href":"https:\/\/hutton.ee\/en\/wp-json\/wp\/v2\/filtrisusteem?post=29343"},{"taxonomy":"kvaliteediklass","embeddable":true,"href":"https:\/\/hutton.ee\/en\/wp-json\/wp\/v2\/kvaliteediklass?post=29343"}],"curies":[{"name":"wp","href":"https:\/\/api.w.org\/{rel}","templated":true}]}}