{"id":29348,"date":"2025-09-05T10:36:04","date_gmt":"2025-09-05T10:36:04","guid":{"rendered":"https:\/\/hutton.ee\/?post_type=product&#038;p=29348"},"modified":"2025-12-12T14:29:44","modified_gmt":"2025-12-12T14:29:44","slug":"teip-tacoflex-in-50mm-25m","status":"publish","type":"product","link":"https:\/\/hutton.ee\/en\/toode\/teip-tacoflex-in-50mm-25m\/","title":{"rendered":"Teip TacoFlex IN 50mm\/25m"},"content":{"rendered":"<p data-start=\"48\" data-end=\"178\"><strong data-start=\"48\" data-end=\"66\">Tootekirjeldus<\/strong><br data-start=\"66\" data-end=\"69\" \/>Tugeva nakkega, k\u00f5ikide l\u00e4biviikude ja \u00fclekatete \u00f5hutihedaks liimimiseks.<\/p>\n<p data-start=\"180\" data-end=\"389\">T\u00e4nu painduvale kandematerjalile sobib ideaalselt l\u00e4biviikude tihendamiseks, n\u00e4iteks ventilatsioonitorud, kaablid, aknad v\u00f5i sarikad. Samuti v\u00e4ga hea valik katusekatete \u00fclekatete ja liitekohtade liimimiseks.<\/p>\n<p data-start=\"422\" data-end=\"436\"><strong data-start=\"422\" data-end=\"434\">Omadused<\/strong><\/p>\n<ul data-start=\"437\" data-end=\"878\">\n<li data-start=\"437\" data-end=\"489\">\n<p data-start=\"439\" data-end=\"489\">Sobib kasutamiseks nii sise- kui v\u00e4litingimustes<\/p>\n<\/li>\n<li data-start=\"490\" data-end=\"553\">\n<p data-start=\"492\" data-end=\"553\">Maksimaalne liimkihi paksus, \u00fchelt poolt tugeva nakkuvusega<\/p>\n<\/li>\n<li data-start=\"554\" data-end=\"592\">\n<p data-start=\"556\" data-end=\"592\">Niidiv\u00f5rk kaitseb \u00fclevenimise eest<\/p>\n<\/li>\n<li data-start=\"593\" data-end=\"641\">\n<p data-start=\"595\" data-end=\"641\">Paindlik kandematerjal talub ehitusliikumisi<\/p>\n<\/li>\n<li data-start=\"642\" data-end=\"661\">\n<p data-start=\"644\" data-end=\"661\">Vananemiskindel<\/p>\n<\/li>\n<li data-start=\"662\" data-end=\"687\">\n<p data-start=\"664\" data-end=\"687\">Kondensatsioonikindel<\/p>\n<\/li>\n<li data-start=\"688\" data-end=\"729\">\n<p data-start=\"690\" data-end=\"729\">Paigaldustemperatuur: -10 kuni +30 \u00b0C<\/p>\n<\/li>\n<li data-start=\"730\" data-end=\"756\">\n<p data-start=\"732\" data-end=\"756\">Tulek\u00e4itumine: klass E<\/p>\n<\/li>\n<li data-start=\"757\" data-end=\"831\">\n<p data-start=\"759\" data-end=\"831\">\u00d5hutihe liimimine vastavalt GEG, DIN 4108-7, DIN 4108-11, \u00d6NORM B 2340<\/p>\n<\/li>\n<\/ul>\n","protected":false},"excerpt":{"rendered":"<p>TootekirjeldusTugeva nakkega, k\u00f5ikide l\u00e4biviikude ja \u00fclekatete \u00f5hutihedaks liimimiseks. T\u00e4nu painduvale kandematerjalile sobib ideaalselt l\u00e4biviikude tihendamiseks, n\u00e4iteks ventilatsioonitorud, kaablid, aknad v\u00f5i sarikad. Samuti v\u00e4ga hea valik katusekatete \u00fclekatete ja liitekohtade liimimiseks. Omadused Sobib kasutamiseks nii sise- kui v\u00e4litingimustes Maksimaalne liimkihi paksus, \u00fchelt poolt tugeva nakkuvusega Niidiv\u00f5rk kaitseb \u00fclevenimise eest Paindlik kandematerjal talub ehitusliikumisi Vananemiskindel Kondensatsioonikindel Paigaldustemperatuur: [&hellip;]<\/p>\n","protected":false},"featured_media":29349,"template":"","meta":{"_gspb_post_css":"","_uf_show_specific_survey":0,"_uf_disable_surveys":false},"product_brand":[],"product_cat":[954,955],"product_tag":[],"filtrisusteem":[],"kvaliteediklass":[],"class_list":{"0":"post-29348","1":"product","2":"type-product","3":"status-publish","4":"has-post-thumbnail","6":"product_cat-ehitusteibid","7":"product_cat-aurutokke-teibid","9":"first","10":"instock","11":"taxable","12":"shipping-taxable","13":"purchasable","14":"product-type-simple"},"yoast_head":"<!-- This site is optimized with the Yoast SEO Premium plugin v21.3 (Yoast SEO v27.3) - https:\/\/yoast.com\/product\/yoast-seo-premium-wordpress\/ -->\n<title>Teip TacoFlex IN 50mm\/25m - Hutton<\/title>\n<meta name=\"description\" content=\"Tugeva nakkega l\u00e4biviigu- ja \u00fclekateteip \u00f5hutihedaks liimimiseks sise- ja v\u00e4listingimustes. Sobib torudele, kaablitele, akendele ja katuse liitekohtadele.\" \/>\n<meta name=\"robots\" content=\"index, follow, max-snippet:-1, max-image-preview:large, max-video-preview:-1\" \/>\n<link rel=\"canonical\" href=\"https:\/\/hutton.ee\/toode\/teip-tacoflex-in-50mm-25m\/\" \/>\n<meta property=\"og:locale\" content=\"en_US\" \/>\n<meta property=\"og:type\" content=\"article\" \/>\n<meta property=\"og:title\" content=\"Teip TacoFlex IN 50mm\/25m\" \/>\n<meta property=\"og:description\" content=\"Tugeva nakkega l\u00e4biviigu- ja \u00fclekateteip \u00f5hutihedaks liimimiseks sise- ja v\u00e4listingimustes. Sobib torudele, kaablitele, akendele ja katuse liitekohtadele.\" \/>\n<meta property=\"og:url\" content=\"https:\/\/hutton.ee\/toode\/teip-tacoflex-in-50mm-25m\/\" \/>\n<meta property=\"og:site_name\" content=\"Hutton\" \/>\n<meta property=\"article:publisher\" content=\"https:\/\/www.facebook.com\/huttoneesti\" \/>\n<meta property=\"article:modified_time\" content=\"2025-12-12T14:29:44+00:00\" \/>\n<meta property=\"og:image\" content=\"https:\/\/hutton.ee\/wp-content\/uploads\/2025\/09\/532550_tacoflex_web.jpg\" \/>\n\t<meta property=\"og:image:width\" content=\"497\" \/>\n\t<meta property=\"og:image:height\" content=\"497\" \/>\n\t<meta property=\"og:image:type\" content=\"image\/jpeg\" \/>\n<meta name=\"twitter:card\" content=\"summary_large_image\" \/>\n<meta name=\"twitter:label1\" content=\"Est. reading time\" \/>\n\t<meta name=\"twitter:data1\" content=\"1 minute\" \/>\n<script type=\"application\/ld+json\" class=\"yoast-schema-graph\">{\"@context\":\"https:\\\/\\\/schema.org\",\"@graph\":[{\"@type\":\"WebPage\",\"@id\":\"https:\\\/\\\/hutton.ee\\\/toode\\\/teip-tacoflex-in-50mm-25m\\\/\",\"url\":\"https:\\\/\\\/hutton.ee\\\/toode\\\/teip-tacoflex-in-50mm-25m\\\/\",\"name\":\"Teip TacoFlex IN 50mm\\\/25m - Hutton\",\"isPartOf\":{\"@id\":\"https:\\\/\\\/hutton.ee\\\/#website\"},\"primaryImageOfPage\":{\"@id\":\"https:\\\/\\\/hutton.ee\\\/toode\\\/teip-tacoflex-in-50mm-25m\\\/#primaryimage\"},\"image\":{\"@id\":\"https:\\\/\\\/hutton.ee\\\/toode\\\/teip-tacoflex-in-50mm-25m\\\/#primaryimage\"},\"thumbnailUrl\":\"https:\\\/\\\/hutton.ee\\\/wp-content\\\/uploads\\\/2025\\\/09\\\/532550_tacoflex_web.jpg\",\"datePublished\":\"2025-09-05T10:36:04+00:00\",\"dateModified\":\"2025-12-12T14:29:44+00:00\",\"description\":\"Tugeva nakkega l\u00e4biviigu- ja \u00fclekateteip \u00f5hutihedaks liimimiseks sise- ja v\u00e4listingimustes. Sobib torudele, kaablitele, akendele ja katuse liitekohtadele.\",\"breadcrumb\":{\"@id\":\"https:\\\/\\\/hutton.ee\\\/toode\\\/teip-tacoflex-in-50mm-25m\\\/#breadcrumb\"},\"inLanguage\":\"en-US\",\"potentialAction\":[{\"@type\":\"ReadAction\",\"target\":[\"https:\\\/\\\/hutton.ee\\\/toode\\\/teip-tacoflex-in-50mm-25m\\\/\"]}]},{\"@type\":\"ImageObject\",\"inLanguage\":\"en-US\",\"@id\":\"https:\\\/\\\/hutton.ee\\\/toode\\\/teip-tacoflex-in-50mm-25m\\\/#primaryimage\",\"url\":\"https:\\\/\\\/hutton.ee\\\/wp-content\\\/uploads\\\/2025\\\/09\\\/532550_tacoflex_web.jpg\",\"contentUrl\":\"https:\\\/\\\/hutton.ee\\\/wp-content\\\/uploads\\\/2025\\\/09\\\/532550_tacoflex_web.jpg\",\"width\":497,\"height\":497,\"caption\":\"Siseteip \\\/ aurut\u00f5kketeip Tacoflex\"},{\"@type\":\"BreadcrumbList\",\"@id\":\"https:\\\/\\\/hutton.ee\\\/toode\\\/teip-tacoflex-in-50mm-25m\\\/#breadcrumb\",\"itemListElement\":[{\"@type\":\"ListItem\",\"position\":1,\"name\":\"Avaleht\",\"item\":\"https:\\\/\\\/hutton.ee\\\/\"},{\"@type\":\"ListItem\",\"position\":2,\"name\":\"Shop\",\"item\":\"https:\\\/\\\/hutton.ee\\\/en\\\/shop\\\/\"},{\"@type\":\"ListItem\",\"position\":3,\"name\":\"Teip TacoFlex IN 50mm\\\/25m\"}]},{\"@type\":\"WebSite\",\"@id\":\"https:\\\/\\\/hutton.ee\\\/#website\",\"url\":\"https:\\\/\\\/hutton.ee\\\/\",\"name\":\"Hutton\",\"description\":\"Ajas kestvad ehituslahendused\",\"publisher\":{\"@id\":\"https:\\\/\\\/hutton.ee\\\/#organization\"},\"potentialAction\":[{\"@type\":\"SearchAction\",\"target\":{\"@type\":\"EntryPoint\",\"urlTemplate\":\"https:\\\/\\\/hutton.ee\\\/?s={search_term_string}\"},\"query-input\":{\"@type\":\"PropertyValueSpecification\",\"valueRequired\":true,\"valueName\":\"search_term_string\"}}],\"inLanguage\":\"en-US\"},{\"@type\":\"Organization\",\"@id\":\"https:\\\/\\\/hutton.ee\\\/#organization\",\"name\":\"Hutton - KATUS | SEIN | FASSAAD\",\"url\":\"https:\\\/\\\/hutton.ee\\\/\",\"logo\":{\"@type\":\"ImageObject\",\"inLanguage\":\"en-US\",\"@id\":\"https:\\\/\\\/hutton.ee\\\/#\\\/schema\\\/logo\\\/image\\\/\",\"url\":\"https:\\\/\\\/hutton.ee\\\/wp-content\\\/uploads\\\/2020\\\/07\\\/hutton-logo_uuendatud-01.png\",\"contentUrl\":\"https:\\\/\\\/hutton.ee\\\/wp-content\\\/uploads\\\/2020\\\/07\\\/hutton-logo_uuendatud-01.png\",\"width\":1064,\"height\":455,\"caption\":\"Hutton - KATUS | SEIN | FASSAAD\"},\"image\":{\"@id\":\"https:\\\/\\\/hutton.ee\\\/#\\\/schema\\\/logo\\\/image\\\/\"},\"sameAs\":[\"https:\\\/\\\/www.facebook.com\\\/huttoneesti\"]}]}<\/script>\n<!-- \/ Yoast SEO Premium plugin. -->","yoast_head_json":{"title":"Teip TacoFlex IN 50mm\/25m - Hutton","description":"Tugeva nakkega l\u00e4biviigu- ja \u00fclekateteip \u00f5hutihedaks liimimiseks sise- ja v\u00e4listingimustes. Sobib torudele, kaablitele, akendele ja katuse liitekohtadele.","robots":{"index":"index","follow":"follow","max-snippet":"max-snippet:-1","max-image-preview":"max-image-preview:large","max-video-preview":"max-video-preview:-1"},"canonical":"https:\/\/hutton.ee\/toode\/teip-tacoflex-in-50mm-25m\/","og_locale":"en_US","og_type":"article","og_title":"Teip TacoFlex IN 50mm\/25m","og_description":"Tugeva nakkega l\u00e4biviigu- ja \u00fclekateteip \u00f5hutihedaks liimimiseks sise- ja v\u00e4listingimustes. Sobib torudele, kaablitele, akendele ja katuse liitekohtadele.","og_url":"https:\/\/hutton.ee\/toode\/teip-tacoflex-in-50mm-25m\/","og_site_name":"Hutton","article_publisher":"https:\/\/www.facebook.com\/huttoneesti","article_modified_time":"2025-12-12T14:29:44+00:00","og_image":[{"width":497,"height":497,"url":"https:\/\/hutton.ee\/wp-content\/uploads\/2025\/09\/532550_tacoflex_web.jpg","type":"image\/jpeg"}],"twitter_card":"summary_large_image","twitter_misc":{"Est. reading time":"1 minute"},"schema":{"@context":"https:\/\/schema.org","@graph":[{"@type":"WebPage","@id":"https:\/\/hutton.ee\/toode\/teip-tacoflex-in-50mm-25m\/","url":"https:\/\/hutton.ee\/toode\/teip-tacoflex-in-50mm-25m\/","name":"Teip TacoFlex IN 50mm\/25m - Hutton","isPartOf":{"@id":"https:\/\/hutton.ee\/#website"},"primaryImageOfPage":{"@id":"https:\/\/hutton.ee\/toode\/teip-tacoflex-in-50mm-25m\/#primaryimage"},"image":{"@id":"https:\/\/hutton.ee\/toode\/teip-tacoflex-in-50mm-25m\/#primaryimage"},"thumbnailUrl":"https:\/\/hutton.ee\/wp-content\/uploads\/2025\/09\/532550_tacoflex_web.jpg","datePublished":"2025-09-05T10:36:04+00:00","dateModified":"2025-12-12T14:29:44+00:00","description":"Tugeva nakkega l\u00e4biviigu- ja \u00fclekateteip \u00f5hutihedaks liimimiseks sise- ja v\u00e4listingimustes. Sobib torudele, kaablitele, akendele ja katuse liitekohtadele.","breadcrumb":{"@id":"https:\/\/hutton.ee\/toode\/teip-tacoflex-in-50mm-25m\/#breadcrumb"},"inLanguage":"en-US","potentialAction":[{"@type":"ReadAction","target":["https:\/\/hutton.ee\/toode\/teip-tacoflex-in-50mm-25m\/"]}]},{"@type":"ImageObject","inLanguage":"en-US","@id":"https:\/\/hutton.ee\/toode\/teip-tacoflex-in-50mm-25m\/#primaryimage","url":"https:\/\/hutton.ee\/wp-content\/uploads\/2025\/09\/532550_tacoflex_web.jpg","contentUrl":"https:\/\/hutton.ee\/wp-content\/uploads\/2025\/09\/532550_tacoflex_web.jpg","width":497,"height":497,"caption":"Siseteip \/ aurut\u00f5kketeip Tacoflex"},{"@type":"BreadcrumbList","@id":"https:\/\/hutton.ee\/toode\/teip-tacoflex-in-50mm-25m\/#breadcrumb","itemListElement":[{"@type":"ListItem","position":1,"name":"Avaleht","item":"https:\/\/hutton.ee\/"},{"@type":"ListItem","position":2,"name":"Shop","item":"https:\/\/hutton.ee\/en\/shop\/"},{"@type":"ListItem","position":3,"name":"Teip TacoFlex IN 50mm\/25m"}]},{"@type":"WebSite","@id":"https:\/\/hutton.ee\/#website","url":"https:\/\/hutton.ee\/","name":"Hutton","description":"Ajas kestvad ehituslahendused","publisher":{"@id":"https:\/\/hutton.ee\/#organization"},"potentialAction":[{"@type":"SearchAction","target":{"@type":"EntryPoint","urlTemplate":"https:\/\/hutton.ee\/?s={search_term_string}"},"query-input":{"@type":"PropertyValueSpecification","valueRequired":true,"valueName":"search_term_string"}}],"inLanguage":"en-US"},{"@type":"Organization","@id":"https:\/\/hutton.ee\/#organization","name":"Hutton - KATUS | SEIN | FASSAAD","url":"https:\/\/hutton.ee\/","logo":{"@type":"ImageObject","inLanguage":"en-US","@id":"https:\/\/hutton.ee\/#\/schema\/logo\/image\/","url":"https:\/\/hutton.ee\/wp-content\/uploads\/2020\/07\/hutton-logo_uuendatud-01.png","contentUrl":"https:\/\/hutton.ee\/wp-content\/uploads\/2020\/07\/hutton-logo_uuendatud-01.png","width":1064,"height":455,"caption":"Hutton - KATUS | SEIN | FASSAAD"},"image":{"@id":"https:\/\/hutton.ee\/#\/schema\/logo\/image\/"},"sameAs":["https:\/\/www.facebook.com\/huttoneesti"]}]}},"_links":{"self":[{"href":"https:\/\/hutton.ee\/en\/wp-json\/wp\/v2\/product\/29348","targetHints":{"allow":["GET"]}}],"collection":[{"href":"https:\/\/hutton.ee\/en\/wp-json\/wp\/v2\/product"}],"about":[{"href":"https:\/\/hutton.ee\/en\/wp-json\/wp\/v2\/types\/product"}],"wp:featuredmedia":[{"embeddable":true,"href":"https:\/\/hutton.ee\/en\/wp-json\/wp\/v2\/media\/29349"}],"wp:attachment":[{"href":"https:\/\/hutton.ee\/en\/wp-json\/wp\/v2\/media?parent=29348"}],"wp:term":[{"taxonomy":"product_brand","embeddable":true,"href":"https:\/\/hutton.ee\/en\/wp-json\/wp\/v2\/product_brand?post=29348"},{"taxonomy":"product_cat","embeddable":true,"href":"https:\/\/hutton.ee\/en\/wp-json\/wp\/v2\/product_cat?post=29348"},{"taxonomy":"product_tag","embeddable":true,"href":"https:\/\/hutton.ee\/en\/wp-json\/wp\/v2\/product_tag?post=29348"},{"taxonomy":"filtrisusteem","embeddable":true,"href":"https:\/\/hutton.ee\/en\/wp-json\/wp\/v2\/filtrisusteem?post=29348"},{"taxonomy":"kvaliteediklass","embeddable":true,"href":"https:\/\/hutton.ee\/en\/wp-json\/wp\/v2\/kvaliteediklass?post=29348"}],"curies":[{"name":"wp","href":"https:\/\/api.w.org\/{rel}","templated":true}]}}