{"id":29370,"date":"2025-09-05T10:45:32","date_gmt":"2025-09-05T10:45:32","guid":{"rendered":"https:\/\/hutton.ee\/?post_type=product&#038;p=29370"},"modified":"2025-12-12T14:30:45","modified_gmt":"2025-12-12T14:30:45","slug":"teip-tacoflex-100mm-25m-5050","status":"publish","type":"product","link":"https:\/\/hutton.ee\/en\/toode\/teip-tacoflex-100mm-25m-5050\/","title":{"rendered":"Teip TacoFlex 100mm\/25m 50|50"},"content":{"rendered":"<p data-start=\"102\" data-end=\"261\"><strong data-start=\"102\" data-end=\"120\">Tootekirjeldus<\/strong><br data-start=\"120\" data-end=\"123\" \/>Sobib suurep\u00e4raselt sokli-, nurga- ja katuseakna \u00fchenduste tihendamiseks.<\/p>\n<p data-start=\"263\" data-end=\"523\">Kahe poole samm-sammuline kinnitamine tagab t\u00e4psed ja p\u00fcsivalt \u00f5hutihedad \u00fchendused katuseakende, nurkade, seinapaneelide, talade v\u00f5i katusekonstruktsioonide detailide juures.<\/p>\n<p data-start=\"556\" data-end=\"570\"><strong data-start=\"556\" data-end=\"568\">Omadused<\/strong><\/p>\n<ul data-start=\"571\" data-end=\"1059\">\n<li data-start=\"571\" data-end=\"675\">\n<p data-start=\"573\" data-end=\"675\">T\u00e4iuslikud nurgaliited ilma \u00f5\u00f5nsusteta t\u00e4nu keskelt l\u00f5hestatud kaitsepaberile eelvolditavale lindile<\/p>\n<\/li>\n<li data-start=\"676\" data-end=\"734\">\n<p data-start=\"678\" data-end=\"734\">Maksimaalne liimikogus, \u00fchelt poolt tugeva nakkuvusega<\/p>\n<\/li>\n<li data-start=\"735\" data-end=\"773\">\n<p data-start=\"737\" data-end=\"773\">Niidiv\u00f5rk kaitseb \u00fclevenimise eest<\/p>\n<\/li>\n<li data-start=\"774\" data-end=\"822\">\n<p data-start=\"776\" data-end=\"822\">Paindlik kandematerjal talub ehitusliikumisi<\/p>\n<\/li>\n<li data-start=\"823\" data-end=\"842\">\n<p data-start=\"825\" data-end=\"842\">Vananemiskindel<\/p>\n<\/li>\n<li data-start=\"843\" data-end=\"868\">\n<p data-start=\"845\" data-end=\"868\">Kondensatsioonikindel<\/p>\n<\/li>\n<li data-start=\"869\" data-end=\"910\">\n<p data-start=\"871\" data-end=\"910\">Paigaldustemperatuur: -10 kuni +30 \u00b0C<\/p>\n<\/li>\n<li data-start=\"911\" data-end=\"937\">\n<p data-start=\"913\" data-end=\"937\">Tulek\u00e4itumine: klass E<\/p>\n<\/li>\n<li data-start=\"938\" data-end=\"1012\">\n<p data-start=\"940\" data-end=\"1012\">\u00d5hutihe liimimine vastavalt GEG, DIN 4108-7, DIN 4108-11, \u00d6NORM B 2340<\/p>\n<\/li>\n<li data-start=\"1013\" data-end=\"1059\">\n<p data-start=\"1015\" data-end=\"1059\">Vabas ilmaoludes vastupidavus: kuni 6 kuud<\/p>\n<\/li>\n<\/ul>\n","protected":false},"excerpt":{"rendered":"<p>TootekirjeldusSobib suurep\u00e4raselt sokli-, nurga- ja katuseakna \u00fchenduste tihendamiseks. Kahe poole samm-sammuline kinnitamine tagab t\u00e4psed ja p\u00fcsivalt \u00f5hutihedad \u00fchendused katuseakende, nurkade, seinapaneelide, talade v\u00f5i katusekonstruktsioonide detailide juures. Omadused T\u00e4iuslikud nurgaliited ilma \u00f5\u00f5nsusteta t\u00e4nu keskelt l\u00f5hestatud kaitsepaberile eelvolditavale lindile Maksimaalne liimikogus, \u00fchelt poolt tugeva nakkuvusega Niidiv\u00f5rk kaitseb \u00fclevenimise eest Paindlik kandematerjal talub ehitusliikumisi Vananemiskindel Kondensatsioonikindel Paigaldustemperatuur: -10 [&hellip;]<\/p>\n","protected":false},"featured_media":29364,"template":"","meta":{"_gspb_post_css":"","_uf_show_specific_survey":0,"_uf_disable_surveys":false},"product_brand":[],"product_cat":[954,955,2625],"product_tag":[],"filtrisusteem":[],"kvaliteediklass":[],"class_list":{"0":"post-29370","1":"product","2":"type-product","3":"status-publish","4":"has-post-thumbnail","6":"product_cat-ehitusteibid","7":"product_cat-aurutokke-teibid","8":"product_cat-nurgateibid","10":"first","11":"instock","12":"taxable","13":"shipping-taxable","14":"purchasable","15":"product-type-simple"},"yoast_head":"<!-- This site is optimized with the Yoast SEO Premium plugin v21.3 (Yoast SEO v27.5) - https:\/\/yoast.com\/product\/yoast-seo-premium-wordpress\/ -->\n<title>Teip TacoFlex 100mm\/25m 50|50 - Hutton<\/title>\n<meta name=\"description\" content=\"Tugeva nakkega l\u00e4biviigu- ja \u00fclekateteip \u00f5hutihedaks liimimiseks sise- ja v\u00e4listingimustes. Sobib torudele, kaablitele, akendele ja katuse liitekohtadele.\" \/>\n<meta name=\"robots\" content=\"index, follow, max-snippet:-1, max-image-preview:large, max-video-preview:-1\" \/>\n<link rel=\"canonical\" href=\"https:\/\/hutton.ee\/toode\/teip-tacoflex-100mm-25m-5050\/\" \/>\n<meta property=\"og:locale\" content=\"en_US\" \/>\n<meta property=\"og:type\" content=\"article\" \/>\n<meta property=\"og:title\" content=\"Teip TacoFlex 100mm\/25m 50|50\" \/>\n<meta property=\"og:description\" content=\"Tugeva nakkega l\u00e4biviigu- ja \u00fclekateteip \u00f5hutihedaks liimimiseks sise- ja v\u00e4listingimustes. Sobib torudele, kaablitele, akendele ja katuse liitekohtadele.\" \/>\n<meta property=\"og:url\" content=\"https:\/\/hutton.ee\/toode\/teip-tacoflex-100mm-25m-5050\/\" \/>\n<meta property=\"og:site_name\" content=\"Hutton\" \/>\n<meta property=\"article:publisher\" content=\"https:\/\/www.facebook.com\/huttoneesti\" \/>\n<meta property=\"article:modified_time\" content=\"2025-12-12T14:30:45+00:00\" \/>\n<meta property=\"og:image\" content=\"https:\/\/hutton.ee\/wp-content\/uploads\/2025\/09\/532560s_tacoflex_ecke_geschlitzt.jpg\" \/>\n\t<meta property=\"og:image:width\" content=\"1000\" \/>\n\t<meta property=\"og:image:height\" content=\"1000\" \/>\n\t<meta property=\"og:image:type\" content=\"image\/jpeg\" \/>\n<meta name=\"twitter:card\" content=\"summary_large_image\" \/>\n<meta name=\"twitter:label1\" content=\"Est. reading time\" \/>\n\t<meta name=\"twitter:data1\" content=\"1 minute\" \/>\n<script type=\"application\/ld+json\" class=\"yoast-schema-graph\">{\"@context\":\"https:\\\/\\\/schema.org\",\"@graph\":[{\"@type\":\"WebPage\",\"@id\":\"https:\\\/\\\/hutton.ee\\\/toode\\\/teip-tacoflex-100mm-25m-5050\\\/\",\"url\":\"https:\\\/\\\/hutton.ee\\\/toode\\\/teip-tacoflex-100mm-25m-5050\\\/\",\"name\":\"Teip TacoFlex 100mm\\\/25m 50|50 - Hutton\",\"isPartOf\":{\"@id\":\"https:\\\/\\\/hutton.ee\\\/#website\"},\"primaryImageOfPage\":{\"@id\":\"https:\\\/\\\/hutton.ee\\\/toode\\\/teip-tacoflex-100mm-25m-5050\\\/#primaryimage\"},\"image\":{\"@id\":\"https:\\\/\\\/hutton.ee\\\/toode\\\/teip-tacoflex-100mm-25m-5050\\\/#primaryimage\"},\"thumbnailUrl\":\"https:\\\/\\\/hutton.ee\\\/wp-content\\\/uploads\\\/2025\\\/09\\\/532560s_tacoflex_ecke_geschlitzt.jpg\",\"datePublished\":\"2025-09-05T10:45:32+00:00\",\"dateModified\":\"2025-12-12T14:30:45+00:00\",\"description\":\"Tugeva nakkega l\u00e4biviigu- ja \u00fclekateteip \u00f5hutihedaks liimimiseks sise- ja v\u00e4listingimustes. Sobib torudele, kaablitele, akendele ja katuse liitekohtadele.\",\"breadcrumb\":{\"@id\":\"https:\\\/\\\/hutton.ee\\\/toode\\\/teip-tacoflex-100mm-25m-5050\\\/#breadcrumb\"},\"inLanguage\":\"en-US\",\"potentialAction\":[{\"@type\":\"ReadAction\",\"target\":[\"https:\\\/\\\/hutton.ee\\\/toode\\\/teip-tacoflex-100mm-25m-5050\\\/\"]}]},{\"@type\":\"ImageObject\",\"inLanguage\":\"en-US\",\"@id\":\"https:\\\/\\\/hutton.ee\\\/toode\\\/teip-tacoflex-100mm-25m-5050\\\/#primaryimage\",\"url\":\"https:\\\/\\\/hutton.ee\\\/wp-content\\\/uploads\\\/2025\\\/09\\\/532560s_tacoflex_ecke_geschlitzt.jpg\",\"contentUrl\":\"https:\\\/\\\/hutton.ee\\\/wp-content\\\/uploads\\\/2025\\\/09\\\/532560s_tacoflex_ecke_geschlitzt.jpg\",\"width\":1000,\"height\":1000,\"caption\":\"Siseteip \\\/ aurut\u00f5kketeip TacoFlex 60mm 30-30 tootefoto\"},{\"@type\":\"BreadcrumbList\",\"@id\":\"https:\\\/\\\/hutton.ee\\\/toode\\\/teip-tacoflex-100mm-25m-5050\\\/#breadcrumb\",\"itemListElement\":[{\"@type\":\"ListItem\",\"position\":1,\"name\":\"Avaleht\",\"item\":\"https:\\\/\\\/hutton.ee\\\/\"},{\"@type\":\"ListItem\",\"position\":2,\"name\":\"Shop\",\"item\":\"https:\\\/\\\/hutton.ee\\\/en\\\/shop\\\/\"},{\"@type\":\"ListItem\",\"position\":3,\"name\":\"Teip TacoFlex 100mm\\\/25m 50|50\"}]},{\"@type\":\"WebSite\",\"@id\":\"https:\\\/\\\/hutton.ee\\\/#website\",\"url\":\"https:\\\/\\\/hutton.ee\\\/\",\"name\":\"Hutton\",\"description\":\"Ajas kestvad ehituslahendused\",\"publisher\":{\"@id\":\"https:\\\/\\\/hutton.ee\\\/#organization\"},\"potentialAction\":[{\"@type\":\"SearchAction\",\"target\":{\"@type\":\"EntryPoint\",\"urlTemplate\":\"https:\\\/\\\/hutton.ee\\\/?s={search_term_string}\"},\"query-input\":{\"@type\":\"PropertyValueSpecification\",\"valueRequired\":true,\"valueName\":\"search_term_string\"}}],\"inLanguage\":\"en-US\"},{\"@type\":\"Organization\",\"@id\":\"https:\\\/\\\/hutton.ee\\\/#organization\",\"name\":\"Hutton - KATUS | SEIN | FASSAAD\",\"url\":\"https:\\\/\\\/hutton.ee\\\/\",\"logo\":{\"@type\":\"ImageObject\",\"inLanguage\":\"en-US\",\"@id\":\"https:\\\/\\\/hutton.ee\\\/#\\\/schema\\\/logo\\\/image\\\/\",\"url\":\"https:\\\/\\\/hutton.ee\\\/wp-content\\\/uploads\\\/2020\\\/07\\\/hutton-logo_uuendatud-01.png\",\"contentUrl\":\"https:\\\/\\\/hutton.ee\\\/wp-content\\\/uploads\\\/2020\\\/07\\\/hutton-logo_uuendatud-01.png\",\"width\":1064,\"height\":455,\"caption\":\"Hutton - KATUS | SEIN | FASSAAD\"},\"image\":{\"@id\":\"https:\\\/\\\/hutton.ee\\\/#\\\/schema\\\/logo\\\/image\\\/\"},\"sameAs\":[\"https:\\\/\\\/www.facebook.com\\\/huttoneesti\"]}]}<\/script>\n<!-- \/ Yoast SEO Premium plugin. -->","yoast_head_json":{"title":"Teip TacoFlex 100mm\/25m 50|50 - Hutton","description":"Tugeva nakkega l\u00e4biviigu- ja \u00fclekateteip \u00f5hutihedaks liimimiseks sise- ja v\u00e4listingimustes. Sobib torudele, kaablitele, akendele ja katuse liitekohtadele.","robots":{"index":"index","follow":"follow","max-snippet":"max-snippet:-1","max-image-preview":"max-image-preview:large","max-video-preview":"max-video-preview:-1"},"canonical":"https:\/\/hutton.ee\/toode\/teip-tacoflex-100mm-25m-5050\/","og_locale":"en_US","og_type":"article","og_title":"Teip TacoFlex 100mm\/25m 50|50","og_description":"Tugeva nakkega l\u00e4biviigu- ja \u00fclekateteip \u00f5hutihedaks liimimiseks sise- ja v\u00e4listingimustes. Sobib torudele, kaablitele, akendele ja katuse liitekohtadele.","og_url":"https:\/\/hutton.ee\/toode\/teip-tacoflex-100mm-25m-5050\/","og_site_name":"Hutton","article_publisher":"https:\/\/www.facebook.com\/huttoneesti","article_modified_time":"2025-12-12T14:30:45+00:00","og_image":[{"width":1000,"height":1000,"url":"https:\/\/hutton.ee\/wp-content\/uploads\/2025\/09\/532560s_tacoflex_ecke_geschlitzt.jpg","type":"image\/jpeg"}],"twitter_card":"summary_large_image","twitter_misc":{"Est. reading time":"1 minute"},"schema":{"@context":"https:\/\/schema.org","@graph":[{"@type":"WebPage","@id":"https:\/\/hutton.ee\/toode\/teip-tacoflex-100mm-25m-5050\/","url":"https:\/\/hutton.ee\/toode\/teip-tacoflex-100mm-25m-5050\/","name":"Teip TacoFlex 100mm\/25m 50|50 - Hutton","isPartOf":{"@id":"https:\/\/hutton.ee\/#website"},"primaryImageOfPage":{"@id":"https:\/\/hutton.ee\/toode\/teip-tacoflex-100mm-25m-5050\/#primaryimage"},"image":{"@id":"https:\/\/hutton.ee\/toode\/teip-tacoflex-100mm-25m-5050\/#primaryimage"},"thumbnailUrl":"https:\/\/hutton.ee\/wp-content\/uploads\/2025\/09\/532560s_tacoflex_ecke_geschlitzt.jpg","datePublished":"2025-09-05T10:45:32+00:00","dateModified":"2025-12-12T14:30:45+00:00","description":"Tugeva nakkega l\u00e4biviigu- ja \u00fclekateteip \u00f5hutihedaks liimimiseks sise- ja v\u00e4listingimustes. Sobib torudele, kaablitele, akendele ja katuse liitekohtadele.","breadcrumb":{"@id":"https:\/\/hutton.ee\/toode\/teip-tacoflex-100mm-25m-5050\/#breadcrumb"},"inLanguage":"en-US","potentialAction":[{"@type":"ReadAction","target":["https:\/\/hutton.ee\/toode\/teip-tacoflex-100mm-25m-5050\/"]}]},{"@type":"ImageObject","inLanguage":"en-US","@id":"https:\/\/hutton.ee\/toode\/teip-tacoflex-100mm-25m-5050\/#primaryimage","url":"https:\/\/hutton.ee\/wp-content\/uploads\/2025\/09\/532560s_tacoflex_ecke_geschlitzt.jpg","contentUrl":"https:\/\/hutton.ee\/wp-content\/uploads\/2025\/09\/532560s_tacoflex_ecke_geschlitzt.jpg","width":1000,"height":1000,"caption":"Siseteip \/ aurut\u00f5kketeip TacoFlex 60mm 30-30 tootefoto"},{"@type":"BreadcrumbList","@id":"https:\/\/hutton.ee\/toode\/teip-tacoflex-100mm-25m-5050\/#breadcrumb","itemListElement":[{"@type":"ListItem","position":1,"name":"Avaleht","item":"https:\/\/hutton.ee\/"},{"@type":"ListItem","position":2,"name":"Shop","item":"https:\/\/hutton.ee\/en\/shop\/"},{"@type":"ListItem","position":3,"name":"Teip TacoFlex 100mm\/25m 50|50"}]},{"@type":"WebSite","@id":"https:\/\/hutton.ee\/#website","url":"https:\/\/hutton.ee\/","name":"Hutton","description":"Ajas kestvad ehituslahendused","publisher":{"@id":"https:\/\/hutton.ee\/#organization"},"potentialAction":[{"@type":"SearchAction","target":{"@type":"EntryPoint","urlTemplate":"https:\/\/hutton.ee\/?s={search_term_string}"},"query-input":{"@type":"PropertyValueSpecification","valueRequired":true,"valueName":"search_term_string"}}],"inLanguage":"en-US"},{"@type":"Organization","@id":"https:\/\/hutton.ee\/#organization","name":"Hutton - KATUS | SEIN | FASSAAD","url":"https:\/\/hutton.ee\/","logo":{"@type":"ImageObject","inLanguage":"en-US","@id":"https:\/\/hutton.ee\/#\/schema\/logo\/image\/","url":"https:\/\/hutton.ee\/wp-content\/uploads\/2020\/07\/hutton-logo_uuendatud-01.png","contentUrl":"https:\/\/hutton.ee\/wp-content\/uploads\/2020\/07\/hutton-logo_uuendatud-01.png","width":1064,"height":455,"caption":"Hutton - KATUS | SEIN | FASSAAD"},"image":{"@id":"https:\/\/hutton.ee\/#\/schema\/logo\/image\/"},"sameAs":["https:\/\/www.facebook.com\/huttoneesti"]}]}},"_links":{"self":[{"href":"https:\/\/hutton.ee\/en\/wp-json\/wp\/v2\/product\/29370","targetHints":{"allow":["GET"]}}],"collection":[{"href":"https:\/\/hutton.ee\/en\/wp-json\/wp\/v2\/product"}],"about":[{"href":"https:\/\/hutton.ee\/en\/wp-json\/wp\/v2\/types\/product"}],"wp:featuredmedia":[{"embeddable":true,"href":"https:\/\/hutton.ee\/en\/wp-json\/wp\/v2\/media\/29364"}],"wp:attachment":[{"href":"https:\/\/hutton.ee\/en\/wp-json\/wp\/v2\/media?parent=29370"}],"wp:term":[{"taxonomy":"product_brand","embeddable":true,"href":"https:\/\/hutton.ee\/en\/wp-json\/wp\/v2\/product_brand?post=29370"},{"taxonomy":"product_cat","embeddable":true,"href":"https:\/\/hutton.ee\/en\/wp-json\/wp\/v2\/product_cat?post=29370"},{"taxonomy":"product_tag","embeddable":true,"href":"https:\/\/hutton.ee\/en\/wp-json\/wp\/v2\/product_tag?post=29370"},{"taxonomy":"filtrisusteem","embeddable":true,"href":"https:\/\/hutton.ee\/en\/wp-json\/wp\/v2\/filtrisusteem?post=29370"},{"taxonomy":"kvaliteediklass","embeddable":true,"href":"https:\/\/hutton.ee\/en\/wp-json\/wp\/v2\/kvaliteediklass?post=29370"}],"curies":[{"name":"wp","href":"https:\/\/api.w.org\/{rel}","templated":true}]}}