{"id":29378,"date":"2025-09-05T11:59:40","date_gmt":"2025-09-05T11:59:40","guid":{"rendered":"https:\/\/hutton.ee\/?post_type=product&#038;p=29378"},"modified":"2025-09-05T12:07:21","modified_gmt":"2025-09-05T12:07:21","slug":"teip-tacoflex-one-50mm-25m-neutral","status":"publish","type":"product","link":"https:\/\/hutton.ee\/en\/toode\/teip-tacoflex-one-50mm-25m-neutral\/","title":{"rendered":"Teip TacoFlex One 50mm\/25m, neutral"},"content":{"rendered":"<p data-start=\"172\" data-end=\"422\">Tugeva nakkega spetsiaalne teip, mida saab k\u00e4sitsi lihtsalt ja sirgjooneliselt rebida. Sobib suurep\u00e4raselt \u00fclekatete ja l\u00e4biviikude tihendamiseks. Ideaalne \u00f5hutihedaks liimimiseks siseruumides ning vihmakindlaks liimimiseks v\u00e4litingimustes.<\/p>\n<p data-start=\"455\" data-end=\"469\"><strong data-start=\"455\" data-end=\"467\">Omadused<\/strong><\/p>\n<ul data-start=\"470\" data-end=\"881\">\n<li data-start=\"470\" data-end=\"505\">\n<p data-start=\"472\" data-end=\"505\">K\u00e4sitsi sirgjooneliselt rebitav<\/p>\n<\/li>\n<li data-start=\"506\" data-end=\"529\">\u00dchelt poolt tugeva nakkuvusega, toimib ka madalatel temperatuuridel<\/li>\n<li data-start=\"602\" data-end=\"640\">\n<p data-start=\"604\" data-end=\"640\">Niidiv\u00f5rk kaitseb \u00fclevenimise eest<\/p>\n<\/li>\n<li data-start=\"641\" data-end=\"660\">\n<p data-start=\"643\" data-end=\"660\">Vananemiskindel<\/p>\n<\/li>\n<li data-start=\"661\" data-end=\"686\">\n<p data-start=\"663\" data-end=\"686\">Kondensatsioonikindel<\/p>\n<\/li>\n<li data-start=\"687\" data-end=\"731\">\n<p data-start=\"689\" data-end=\"731\">Paigaldustemperatuur: -10 \u00b0C kuni +30 \u00b0C<\/p>\n<\/li>\n<li data-start=\"732\" data-end=\"758\">\n<p data-start=\"734\" data-end=\"758\">Tulek\u00e4itumine: klass E<\/p>\n<\/li>\n<li data-start=\"759\" data-end=\"833\">\n<p data-start=\"761\" data-end=\"833\">\u00d5hutihe liimimine vastavalt GEG, DIN 4108-7, DIN 4108-11, \u00d6NORM B 2340<\/p>\n<\/li>\n<li data-start=\"834\" data-end=\"881\">\n<p data-start=\"836\" data-end=\"881\">Vabas ilmaoludes vastupidavus: kuni 12 kuud<\/p>\n<\/li>\n<\/ul>\n","protected":false},"excerpt":{"rendered":"<p>Tugeva nakkega spetsiaalne teip, mida saab k\u00e4sitsi lihtsalt ja sirgjooneliselt rebida. Sobib suurep\u00e4raselt \u00fclekatete ja l\u00e4biviikude tihendamiseks. Ideaalne \u00f5hutihedaks liimimiseks siseruumides ning vihmakindlaks liimimiseks v\u00e4litingimustes. Omadused K\u00e4sitsi sirgjooneliselt rebitav \u00dchelt poolt tugeva nakkuvusega, toimib ka madalatel temperatuuridel Niidiv\u00f5rk kaitseb \u00fclevenimise eest Vananemiskindel Kondensatsioonikindel Paigaldustemperatuur: -10 \u00b0C kuni +30 \u00b0C Tulek\u00e4itumine: klass E \u00d5hutihe liimimine vastavalt [&hellip;]<\/p>\n","protected":false},"featured_media":29379,"template":"","meta":{"_gspb_post_css":"","_uf_show_specific_survey":0,"_uf_disable_surveys":false},"product_brand":[],"product_cat":[954,955],"product_tag":[],"filtrisusteem":[],"kvaliteediklass":[],"class_list":{"0":"post-29378","1":"product","2":"type-product","3":"status-publish","4":"has-post-thumbnail","6":"product_cat-ehitusteibid","7":"product_cat-aurutokke-teibid","9":"first","10":"instock","11":"taxable","12":"shipping-taxable","13":"purchasable","14":"product-type-simple"},"yoast_head":"<!-- This site is optimized with the Yoast SEO Premium plugin v21.3 (Yoast SEO v27.5) - https:\/\/yoast.com\/product\/yoast-seo-premium-wordpress\/ -->\n<title>Teip TacoFlex One 50mm\/25m, neutral - Hutton<\/title>\n<meta name=\"robots\" content=\"index, follow, max-snippet:-1, max-image-preview:large, max-video-preview:-1\" \/>\n<link rel=\"canonical\" href=\"https:\/\/hutton.ee\/toode\/teip-tacoflex-one-50mm-25m-neutral\/\" \/>\n<meta property=\"og:locale\" content=\"en_US\" \/>\n<meta property=\"og:type\" content=\"article\" \/>\n<meta property=\"og:title\" content=\"Teip TacoFlex One 50mm\/25m, neutral\" \/>\n<meta property=\"og:description\" content=\"Tugeva nakkega spetsiaalne teip, mida saab k\u00e4sitsi lihtsalt ja sirgjooneliselt rebida. Sobib suurep\u00e4raselt \u00fclekatete ja l\u00e4biviikude tihendamiseks. Ideaalne \u00f5hutihedaks liimimiseks siseruumides ning vihmakindlaks liimimiseks v\u00e4litingimustes. Omadused K\u00e4sitsi sirgjooneliselt rebitav \u00dchelt poolt tugeva nakkuvusega, toimib ka madalatel temperatuuridel Niidiv\u00f5rk kaitseb \u00fclevenimise eest Vananemiskindel Kondensatsioonikindel Paigaldustemperatuur: -10 \u00b0C kuni +30 \u00b0C Tulek\u00e4itumine: klass E \u00d5hutihe liimimine vastavalt [&hellip;]\" \/>\n<meta property=\"og:url\" content=\"https:\/\/hutton.ee\/toode\/teip-tacoflex-one-50mm-25m-neutral\/\" \/>\n<meta property=\"og:site_name\" content=\"Hutton\" \/>\n<meta property=\"article:publisher\" content=\"https:\/\/www.facebook.com\/huttoneesti\" \/>\n<meta property=\"article:modified_time\" content=\"2025-09-05T12:07:21+00:00\" \/>\n<meta property=\"og:image\" content=\"https:\/\/hutton.ee\/wp-content\/uploads\/2025\/09\/ECO5050W-Eco-Friendly-White-Paper-Packing-Tape-Roll-50mm-x-50m.jpg\" \/>\n\t<meta property=\"og:image:width\" content=\"1000\" \/>\n\t<meta property=\"og:image:height\" content=\"1000\" \/>\n\t<meta property=\"og:image:type\" content=\"image\/jpeg\" \/>\n<meta name=\"twitter:card\" content=\"summary_large_image\" \/>\n<meta name=\"twitter:label1\" content=\"Est. reading time\" \/>\n\t<meta name=\"twitter:data1\" content=\"1 minute\" \/>\n<script type=\"application\/ld+json\" class=\"yoast-schema-graph\">{\"@context\":\"https:\\\/\\\/schema.org\",\"@graph\":[{\"@type\":\"WebPage\",\"@id\":\"https:\\\/\\\/hutton.ee\\\/toode\\\/teip-tacoflex-one-50mm-25m-neutral\\\/\",\"url\":\"https:\\\/\\\/hutton.ee\\\/toode\\\/teip-tacoflex-one-50mm-25m-neutral\\\/\",\"name\":\"Teip TacoFlex One 50mm\\\/25m, neutral - Hutton\",\"isPartOf\":{\"@id\":\"https:\\\/\\\/hutton.ee\\\/#website\"},\"primaryImageOfPage\":{\"@id\":\"https:\\\/\\\/hutton.ee\\\/toode\\\/teip-tacoflex-one-50mm-25m-neutral\\\/#primaryimage\"},\"image\":{\"@id\":\"https:\\\/\\\/hutton.ee\\\/toode\\\/teip-tacoflex-one-50mm-25m-neutral\\\/#primaryimage\"},\"thumbnailUrl\":\"https:\\\/\\\/hutton.ee\\\/wp-content\\\/uploads\\\/2025\\\/09\\\/ECO5050W-Eco-Friendly-White-Paper-Packing-Tape-Roll-50mm-x-50m.jpg\",\"datePublished\":\"2025-09-05T11:59:40+00:00\",\"dateModified\":\"2025-09-05T12:07:21+00:00\",\"breadcrumb\":{\"@id\":\"https:\\\/\\\/hutton.ee\\\/toode\\\/teip-tacoflex-one-50mm-25m-neutral\\\/#breadcrumb\"},\"inLanguage\":\"en-US\",\"potentialAction\":[{\"@type\":\"ReadAction\",\"target\":[\"https:\\\/\\\/hutton.ee\\\/toode\\\/teip-tacoflex-one-50mm-25m-neutral\\\/\"]}]},{\"@type\":\"ImageObject\",\"inLanguage\":\"en-US\",\"@id\":\"https:\\\/\\\/hutton.ee\\\/toode\\\/teip-tacoflex-one-50mm-25m-neutral\\\/#primaryimage\",\"url\":\"https:\\\/\\\/hutton.ee\\\/wp-content\\\/uploads\\\/2025\\\/09\\\/ECO5050W-Eco-Friendly-White-Paper-Packing-Tape-Roll-50mm-x-50m.jpg\",\"contentUrl\":\"https:\\\/\\\/hutton.ee\\\/wp-content\\\/uploads\\\/2025\\\/09\\\/ECO5050W-Eco-Friendly-White-Paper-Packing-Tape-Roll-50mm-x-50m.jpg\",\"width\":1000,\"height\":1000,\"caption\":\"Teip TacoFlex One 50mm\\\/25m, neutral\"},{\"@type\":\"BreadcrumbList\",\"@id\":\"https:\\\/\\\/hutton.ee\\\/toode\\\/teip-tacoflex-one-50mm-25m-neutral\\\/#breadcrumb\",\"itemListElement\":[{\"@type\":\"ListItem\",\"position\":1,\"name\":\"Avaleht\",\"item\":\"https:\\\/\\\/hutton.ee\\\/\"},{\"@type\":\"ListItem\",\"position\":2,\"name\":\"Shop\",\"item\":\"https:\\\/\\\/hutton.ee\\\/en\\\/shop\\\/\"},{\"@type\":\"ListItem\",\"position\":3,\"name\":\"Teip TacoFlex One 50mm\\\/25m, neutral\"}]},{\"@type\":\"WebSite\",\"@id\":\"https:\\\/\\\/hutton.ee\\\/#website\",\"url\":\"https:\\\/\\\/hutton.ee\\\/\",\"name\":\"Hutton\",\"description\":\"Ajas kestvad ehituslahendused\",\"publisher\":{\"@id\":\"https:\\\/\\\/hutton.ee\\\/#organization\"},\"potentialAction\":[{\"@type\":\"SearchAction\",\"target\":{\"@type\":\"EntryPoint\",\"urlTemplate\":\"https:\\\/\\\/hutton.ee\\\/?s={search_term_string}\"},\"query-input\":{\"@type\":\"PropertyValueSpecification\",\"valueRequired\":true,\"valueName\":\"search_term_string\"}}],\"inLanguage\":\"en-US\"},{\"@type\":\"Organization\",\"@id\":\"https:\\\/\\\/hutton.ee\\\/#organization\",\"name\":\"Hutton - KATUS | SEIN | FASSAAD\",\"url\":\"https:\\\/\\\/hutton.ee\\\/\",\"logo\":{\"@type\":\"ImageObject\",\"inLanguage\":\"en-US\",\"@id\":\"https:\\\/\\\/hutton.ee\\\/#\\\/schema\\\/logo\\\/image\\\/\",\"url\":\"https:\\\/\\\/hutton.ee\\\/wp-content\\\/uploads\\\/2020\\\/07\\\/hutton-logo_uuendatud-01.png\",\"contentUrl\":\"https:\\\/\\\/hutton.ee\\\/wp-content\\\/uploads\\\/2020\\\/07\\\/hutton-logo_uuendatud-01.png\",\"width\":1064,\"height\":455,\"caption\":\"Hutton - KATUS | SEIN | FASSAAD\"},\"image\":{\"@id\":\"https:\\\/\\\/hutton.ee\\\/#\\\/schema\\\/logo\\\/image\\\/\"},\"sameAs\":[\"https:\\\/\\\/www.facebook.com\\\/huttoneesti\"]}]}<\/script>\n<!-- \/ Yoast SEO Premium plugin. -->","yoast_head_json":{"title":"Teip TacoFlex One 50mm\/25m, neutral - Hutton","robots":{"index":"index","follow":"follow","max-snippet":"max-snippet:-1","max-image-preview":"max-image-preview:large","max-video-preview":"max-video-preview:-1"},"canonical":"https:\/\/hutton.ee\/toode\/teip-tacoflex-one-50mm-25m-neutral\/","og_locale":"en_US","og_type":"article","og_title":"Teip TacoFlex One 50mm\/25m, neutral","og_description":"Tugeva nakkega spetsiaalne teip, mida saab k\u00e4sitsi lihtsalt ja sirgjooneliselt rebida. Sobib suurep\u00e4raselt \u00fclekatete ja l\u00e4biviikude tihendamiseks. Ideaalne \u00f5hutihedaks liimimiseks siseruumides ning vihmakindlaks liimimiseks v\u00e4litingimustes. Omadused K\u00e4sitsi sirgjooneliselt rebitav \u00dchelt poolt tugeva nakkuvusega, toimib ka madalatel temperatuuridel Niidiv\u00f5rk kaitseb \u00fclevenimise eest Vananemiskindel Kondensatsioonikindel Paigaldustemperatuur: -10 \u00b0C kuni +30 \u00b0C Tulek\u00e4itumine: klass E \u00d5hutihe liimimine vastavalt [&hellip;]","og_url":"https:\/\/hutton.ee\/toode\/teip-tacoflex-one-50mm-25m-neutral\/","og_site_name":"Hutton","article_publisher":"https:\/\/www.facebook.com\/huttoneesti","article_modified_time":"2025-09-05T12:07:21+00:00","og_image":[{"width":1000,"height":1000,"url":"https:\/\/hutton.ee\/wp-content\/uploads\/2025\/09\/ECO5050W-Eco-Friendly-White-Paper-Packing-Tape-Roll-50mm-x-50m.jpg","type":"image\/jpeg"}],"twitter_card":"summary_large_image","twitter_misc":{"Est. reading time":"1 minute"},"schema":{"@context":"https:\/\/schema.org","@graph":[{"@type":"WebPage","@id":"https:\/\/hutton.ee\/toode\/teip-tacoflex-one-50mm-25m-neutral\/","url":"https:\/\/hutton.ee\/toode\/teip-tacoflex-one-50mm-25m-neutral\/","name":"Teip TacoFlex One 50mm\/25m, neutral - Hutton","isPartOf":{"@id":"https:\/\/hutton.ee\/#website"},"primaryImageOfPage":{"@id":"https:\/\/hutton.ee\/toode\/teip-tacoflex-one-50mm-25m-neutral\/#primaryimage"},"image":{"@id":"https:\/\/hutton.ee\/toode\/teip-tacoflex-one-50mm-25m-neutral\/#primaryimage"},"thumbnailUrl":"https:\/\/hutton.ee\/wp-content\/uploads\/2025\/09\/ECO5050W-Eco-Friendly-White-Paper-Packing-Tape-Roll-50mm-x-50m.jpg","datePublished":"2025-09-05T11:59:40+00:00","dateModified":"2025-09-05T12:07:21+00:00","breadcrumb":{"@id":"https:\/\/hutton.ee\/toode\/teip-tacoflex-one-50mm-25m-neutral\/#breadcrumb"},"inLanguage":"en-US","potentialAction":[{"@type":"ReadAction","target":["https:\/\/hutton.ee\/toode\/teip-tacoflex-one-50mm-25m-neutral\/"]}]},{"@type":"ImageObject","inLanguage":"en-US","@id":"https:\/\/hutton.ee\/toode\/teip-tacoflex-one-50mm-25m-neutral\/#primaryimage","url":"https:\/\/hutton.ee\/wp-content\/uploads\/2025\/09\/ECO5050W-Eco-Friendly-White-Paper-Packing-Tape-Roll-50mm-x-50m.jpg","contentUrl":"https:\/\/hutton.ee\/wp-content\/uploads\/2025\/09\/ECO5050W-Eco-Friendly-White-Paper-Packing-Tape-Roll-50mm-x-50m.jpg","width":1000,"height":1000,"caption":"Teip TacoFlex One 50mm\/25m, neutral"},{"@type":"BreadcrumbList","@id":"https:\/\/hutton.ee\/toode\/teip-tacoflex-one-50mm-25m-neutral\/#breadcrumb","itemListElement":[{"@type":"ListItem","position":1,"name":"Avaleht","item":"https:\/\/hutton.ee\/"},{"@type":"ListItem","position":2,"name":"Shop","item":"https:\/\/hutton.ee\/en\/shop\/"},{"@type":"ListItem","position":3,"name":"Teip TacoFlex One 50mm\/25m, neutral"}]},{"@type":"WebSite","@id":"https:\/\/hutton.ee\/#website","url":"https:\/\/hutton.ee\/","name":"Hutton","description":"Ajas kestvad ehituslahendused","publisher":{"@id":"https:\/\/hutton.ee\/#organization"},"potentialAction":[{"@type":"SearchAction","target":{"@type":"EntryPoint","urlTemplate":"https:\/\/hutton.ee\/?s={search_term_string}"},"query-input":{"@type":"PropertyValueSpecification","valueRequired":true,"valueName":"search_term_string"}}],"inLanguage":"en-US"},{"@type":"Organization","@id":"https:\/\/hutton.ee\/#organization","name":"Hutton - KATUS | SEIN | FASSAAD","url":"https:\/\/hutton.ee\/","logo":{"@type":"ImageObject","inLanguage":"en-US","@id":"https:\/\/hutton.ee\/#\/schema\/logo\/image\/","url":"https:\/\/hutton.ee\/wp-content\/uploads\/2020\/07\/hutton-logo_uuendatud-01.png","contentUrl":"https:\/\/hutton.ee\/wp-content\/uploads\/2020\/07\/hutton-logo_uuendatud-01.png","width":1064,"height":455,"caption":"Hutton - KATUS | SEIN | FASSAAD"},"image":{"@id":"https:\/\/hutton.ee\/#\/schema\/logo\/image\/"},"sameAs":["https:\/\/www.facebook.com\/huttoneesti"]}]}},"_links":{"self":[{"href":"https:\/\/hutton.ee\/en\/wp-json\/wp\/v2\/product\/29378","targetHints":{"allow":["GET"]}}],"collection":[{"href":"https:\/\/hutton.ee\/en\/wp-json\/wp\/v2\/product"}],"about":[{"href":"https:\/\/hutton.ee\/en\/wp-json\/wp\/v2\/types\/product"}],"wp:featuredmedia":[{"embeddable":true,"href":"https:\/\/hutton.ee\/en\/wp-json\/wp\/v2\/media\/29379"}],"wp:attachment":[{"href":"https:\/\/hutton.ee\/en\/wp-json\/wp\/v2\/media?parent=29378"}],"wp:term":[{"taxonomy":"product_brand","embeddable":true,"href":"https:\/\/hutton.ee\/en\/wp-json\/wp\/v2\/product_brand?post=29378"},{"taxonomy":"product_cat","embeddable":true,"href":"https:\/\/hutton.ee\/en\/wp-json\/wp\/v2\/product_cat?post=29378"},{"taxonomy":"product_tag","embeddable":true,"href":"https:\/\/hutton.ee\/en\/wp-json\/wp\/v2\/product_tag?post=29378"},{"taxonomy":"filtrisusteem","embeddable":true,"href":"https:\/\/hutton.ee\/en\/wp-json\/wp\/v2\/filtrisusteem?post=29378"},{"taxonomy":"kvaliteediklass","embeddable":true,"href":"https:\/\/hutton.ee\/en\/wp-json\/wp\/v2\/kvaliteediklass?post=29378"}],"curies":[{"name":"wp","href":"https:\/\/api.w.org\/{rel}","templated":true}]}}