{"id":29381,"date":"2025-09-05T12:41:20","date_gmt":"2025-09-05T12:41:20","guid":{"rendered":"https:\/\/hutton.ee\/?post_type=product&#038;p=29381"},"modified":"2025-09-05T12:58:06","modified_gmt":"2025-09-05T12:58:06","slug":"plaaster-tacoflex-50mmx50mm-2tk","status":"publish","type":"product","link":"https:\/\/hutton.ee\/en\/toode\/plaaster-tacoflex-50mmx50mm-2tk\/","title":{"rendered":"Plaaster TacoFlex 50mm x 50mm, 2tk"},"content":{"rendered":"<p data-start=\"48\" data-end=\"129\"><strong data-start=\"48\" data-end=\"66\">Tootekirjeldus<\/strong><br data-start=\"66\" data-end=\"69\" \/>Eelvalmistatud plaastrid kvaliteetsest teibist.<\/p>\n<p data-start=\"131\" data-end=\"342\">M\u00f5eldud aurut\u00f5kete ja katusealuste paigaldamisel tekkivate klambrikohtade \u00fclimalt kiireks ja \u00f5hutihedaks sulgemiseks. Ei ole vaja vaevarikast kattepaberi eemaldamist ega aegan\u00f5udvat sobivate t\u00fckkide l\u00f5ikamist.<\/p>\n<p data-start=\"377\" data-end=\"391\"><strong data-start=\"377\" data-end=\"389\">Omadused<\/strong><\/p>\n<ul data-start=\"392\" data-end=\"593\">\n<li data-start=\"392\" data-end=\"462\">\n<p data-start=\"394\" data-end=\"462\">\u00d5hutihe klambrikohtade sulgemine vastavalt standardile DIN 4108-11<\/p>\n<\/li>\n<li data-start=\"463\" data-end=\"491\">\n<p data-start=\"465\" data-end=\"491\">Kiire ja lihtne kasutada<\/p>\n<\/li>\n<li data-start=\"492\" data-end=\"546\">\n<p data-start=\"494\" data-end=\"546\">Maksimaalne liimikogus, \u00fchelt poolt tugeva nakkega<\/p>\n<\/li>\n<li data-start=\"547\" data-end=\"566\">\n<p data-start=\"549\" data-end=\"566\">Vananemiskindel<\/p>\n<\/li>\n<\/ul>\n<p>Antud toodet m\u00fc\u00fcme 2 tki\u00a0 ehk 2 plaastri kaupa.<\/p>\n","protected":false},"excerpt":{"rendered":"<p>TootekirjeldusEelvalmistatud plaastrid kvaliteetsest teibist. M\u00f5eldud aurut\u00f5kete ja katusealuste paigaldamisel tekkivate klambrikohtade \u00fclimalt kiireks ja \u00f5hutihedaks sulgemiseks. Ei ole vaja vaevarikast kattepaberi eemaldamist ega aegan\u00f5udvat sobivate t\u00fckkide l\u00f5ikamist. Omadused \u00d5hutihe klambrikohtade sulgemine vastavalt standardile DIN 4108-11 Kiire ja lihtne kasutada Maksimaalne liimikogus, \u00fchelt poolt tugeva nakkega Vananemiskindel Antud toodet m\u00fc\u00fcme 2 tki\u00a0 ehk 2 plaastri kaupa.<\/p>\n","protected":false},"featured_media":29382,"template":"","meta":{"_gspb_post_css":"","_uf_show_specific_survey":0,"_uf_disable_surveys":false},"product_brand":[],"product_cat":[973],"product_tag":[],"filtrisusteem":[],"kvaliteediklass":[],"class_list":{"0":"post-29381","1":"product","2":"type-product","3":"status-publish","4":"has-post-thumbnail","6":"product_cat-maaramata","8":"first","9":"instock","10":"taxable","11":"shipping-taxable","12":"purchasable","13":"product-type-simple"},"yoast_head":"<!-- This site is optimized with the Yoast SEO Premium plugin v21.3 (Yoast SEO v27.5) - https:\/\/yoast.com\/product\/yoast-seo-premium-wordpress\/ -->\n<title>Plaaster TacoFlex 50mm x 50mm, 2tk - Hutton<\/title>\n<meta name=\"robots\" content=\"index, follow, max-snippet:-1, max-image-preview:large, max-video-preview:-1\" \/>\n<link rel=\"canonical\" href=\"https:\/\/hutton.ee\/toode\/plaaster-tacoflex-50mmx50mm-2tk\/\" \/>\n<meta property=\"og:locale\" content=\"en_US\" \/>\n<meta property=\"og:type\" content=\"article\" \/>\n<meta property=\"og:title\" content=\"Plaaster TacoFlex 50mm x 50mm, 2tk\" \/>\n<meta property=\"og:description\" content=\"TootekirjeldusEelvalmistatud plaastrid kvaliteetsest teibist. M\u00f5eldud aurut\u00f5kete ja katusealuste paigaldamisel tekkivate klambrikohtade \u00fclimalt kiireks ja \u00f5hutihedaks sulgemiseks. Ei ole vaja vaevarikast kattepaberi eemaldamist ega aegan\u00f5udvat sobivate t\u00fckkide l\u00f5ikamist. Omadused \u00d5hutihe klambrikohtade sulgemine vastavalt standardile DIN 4108-11 Kiire ja lihtne kasutada Maksimaalne liimikogus, \u00fchelt poolt tugeva nakkega Vananemiskindel Antud toodet m\u00fc\u00fcme 2 tki\u00a0 ehk 2 plaastri kaupa.\" \/>\n<meta property=\"og:url\" content=\"https:\/\/hutton.ee\/toode\/plaaster-tacoflex-50mmx50mm-2tk\/\" \/>\n<meta property=\"og:site_name\" content=\"Hutton\" \/>\n<meta property=\"article:publisher\" content=\"https:\/\/www.facebook.com\/huttoneesti\" \/>\n<meta property=\"article:modified_time\" content=\"2025-09-05T12:58:06+00:00\" \/>\n<meta property=\"og:image\" content=\"https:\/\/hutton.ee\/wp-content\/uploads\/2025\/09\/530505_tacoflex_tackerpflaster_web.jpg\" \/>\n\t<meta property=\"og:image:width\" content=\"497\" \/>\n\t<meta property=\"og:image:height\" content=\"497\" \/>\n\t<meta property=\"og:image:type\" content=\"image\/jpeg\" \/>\n<meta name=\"twitter:card\" content=\"summary_large_image\" \/>\n<meta name=\"twitter:label1\" content=\"Est. reading time\" \/>\n\t<meta name=\"twitter:data1\" content=\"1 minute\" \/>\n<script type=\"application\/ld+json\" class=\"yoast-schema-graph\">{\"@context\":\"https:\\\/\\\/schema.org\",\"@graph\":[{\"@type\":\"WebPage\",\"@id\":\"https:\\\/\\\/hutton.ee\\\/toode\\\/plaaster-tacoflex-50mmx50mm-2tk\\\/\",\"url\":\"https:\\\/\\\/hutton.ee\\\/toode\\\/plaaster-tacoflex-50mmx50mm-2tk\\\/\",\"name\":\"Plaaster TacoFlex 50mm x 50mm, 2tk - Hutton\",\"isPartOf\":{\"@id\":\"https:\\\/\\\/hutton.ee\\\/#website\"},\"primaryImageOfPage\":{\"@id\":\"https:\\\/\\\/hutton.ee\\\/toode\\\/plaaster-tacoflex-50mmx50mm-2tk\\\/#primaryimage\"},\"image\":{\"@id\":\"https:\\\/\\\/hutton.ee\\\/toode\\\/plaaster-tacoflex-50mmx50mm-2tk\\\/#primaryimage\"},\"thumbnailUrl\":\"https:\\\/\\\/hutton.ee\\\/wp-content\\\/uploads\\\/2025\\\/09\\\/530505_tacoflex_tackerpflaster_web.jpg\",\"datePublished\":\"2025-09-05T12:41:20+00:00\",\"dateModified\":\"2025-09-05T12:58:06+00:00\",\"breadcrumb\":{\"@id\":\"https:\\\/\\\/hutton.ee\\\/toode\\\/plaaster-tacoflex-50mmx50mm-2tk\\\/#breadcrumb\"},\"inLanguage\":\"en-US\",\"potentialAction\":[{\"@type\":\"ReadAction\",\"target\":[\"https:\\\/\\\/hutton.ee\\\/toode\\\/plaaster-tacoflex-50mmx50mm-2tk\\\/\"]}]},{\"@type\":\"ImageObject\",\"inLanguage\":\"en-US\",\"@id\":\"https:\\\/\\\/hutton.ee\\\/toode\\\/plaaster-tacoflex-50mmx50mm-2tk\\\/#primaryimage\",\"url\":\"https:\\\/\\\/hutton.ee\\\/wp-content\\\/uploads\\\/2025\\\/09\\\/530505_tacoflex_tackerpflaster_web.jpg\",\"contentUrl\":\"https:\\\/\\\/hutton.ee\\\/wp-content\\\/uploads\\\/2025\\\/09\\\/530505_tacoflex_tackerpflaster_web.jpg\",\"width\":497,\"height\":497,\"caption\":\"Plaaster TacoFlex 50mmx50mm tootefoto\"},{\"@type\":\"BreadcrumbList\",\"@id\":\"https:\\\/\\\/hutton.ee\\\/toode\\\/plaaster-tacoflex-50mmx50mm-2tk\\\/#breadcrumb\",\"itemListElement\":[{\"@type\":\"ListItem\",\"position\":1,\"name\":\"Avaleht\",\"item\":\"https:\\\/\\\/hutton.ee\\\/\"},{\"@type\":\"ListItem\",\"position\":2,\"name\":\"Shop\",\"item\":\"https:\\\/\\\/hutton.ee\\\/en\\\/shop\\\/\"},{\"@type\":\"ListItem\",\"position\":3,\"name\":\"Plaaster TacoFlex 50mm x 50mm, 2tk\"}]},{\"@type\":\"WebSite\",\"@id\":\"https:\\\/\\\/hutton.ee\\\/#website\",\"url\":\"https:\\\/\\\/hutton.ee\\\/\",\"name\":\"Hutton\",\"description\":\"Ajas kestvad ehituslahendused\",\"publisher\":{\"@id\":\"https:\\\/\\\/hutton.ee\\\/#organization\"},\"potentialAction\":[{\"@type\":\"SearchAction\",\"target\":{\"@type\":\"EntryPoint\",\"urlTemplate\":\"https:\\\/\\\/hutton.ee\\\/?s={search_term_string}\"},\"query-input\":{\"@type\":\"PropertyValueSpecification\",\"valueRequired\":true,\"valueName\":\"search_term_string\"}}],\"inLanguage\":\"en-US\"},{\"@type\":\"Organization\",\"@id\":\"https:\\\/\\\/hutton.ee\\\/#organization\",\"name\":\"Hutton - KATUS | SEIN | FASSAAD\",\"url\":\"https:\\\/\\\/hutton.ee\\\/\",\"logo\":{\"@type\":\"ImageObject\",\"inLanguage\":\"en-US\",\"@id\":\"https:\\\/\\\/hutton.ee\\\/#\\\/schema\\\/logo\\\/image\\\/\",\"url\":\"https:\\\/\\\/hutton.ee\\\/wp-content\\\/uploads\\\/2020\\\/07\\\/hutton-logo_uuendatud-01.png\",\"contentUrl\":\"https:\\\/\\\/hutton.ee\\\/wp-content\\\/uploads\\\/2020\\\/07\\\/hutton-logo_uuendatud-01.png\",\"width\":1064,\"height\":455,\"caption\":\"Hutton - KATUS | SEIN | FASSAAD\"},\"image\":{\"@id\":\"https:\\\/\\\/hutton.ee\\\/#\\\/schema\\\/logo\\\/image\\\/\"},\"sameAs\":[\"https:\\\/\\\/www.facebook.com\\\/huttoneesti\"]}]}<\/script>\n<!-- \/ Yoast SEO Premium plugin. -->","yoast_head_json":{"title":"Plaaster TacoFlex 50mm x 50mm, 2tk - Hutton","robots":{"index":"index","follow":"follow","max-snippet":"max-snippet:-1","max-image-preview":"max-image-preview:large","max-video-preview":"max-video-preview:-1"},"canonical":"https:\/\/hutton.ee\/toode\/plaaster-tacoflex-50mmx50mm-2tk\/","og_locale":"en_US","og_type":"article","og_title":"Plaaster TacoFlex 50mm x 50mm, 2tk","og_description":"TootekirjeldusEelvalmistatud plaastrid kvaliteetsest teibist. M\u00f5eldud aurut\u00f5kete ja katusealuste paigaldamisel tekkivate klambrikohtade \u00fclimalt kiireks ja \u00f5hutihedaks sulgemiseks. Ei ole vaja vaevarikast kattepaberi eemaldamist ega aegan\u00f5udvat sobivate t\u00fckkide l\u00f5ikamist. Omadused \u00d5hutihe klambrikohtade sulgemine vastavalt standardile DIN 4108-11 Kiire ja lihtne kasutada Maksimaalne liimikogus, \u00fchelt poolt tugeva nakkega Vananemiskindel Antud toodet m\u00fc\u00fcme 2 tki\u00a0 ehk 2 plaastri kaupa.","og_url":"https:\/\/hutton.ee\/toode\/plaaster-tacoflex-50mmx50mm-2tk\/","og_site_name":"Hutton","article_publisher":"https:\/\/www.facebook.com\/huttoneesti","article_modified_time":"2025-09-05T12:58:06+00:00","og_image":[{"width":497,"height":497,"url":"https:\/\/hutton.ee\/wp-content\/uploads\/2025\/09\/530505_tacoflex_tackerpflaster_web.jpg","type":"image\/jpeg"}],"twitter_card":"summary_large_image","twitter_misc":{"Est. reading time":"1 minute"},"schema":{"@context":"https:\/\/schema.org","@graph":[{"@type":"WebPage","@id":"https:\/\/hutton.ee\/toode\/plaaster-tacoflex-50mmx50mm-2tk\/","url":"https:\/\/hutton.ee\/toode\/plaaster-tacoflex-50mmx50mm-2tk\/","name":"Plaaster TacoFlex 50mm x 50mm, 2tk - Hutton","isPartOf":{"@id":"https:\/\/hutton.ee\/#website"},"primaryImageOfPage":{"@id":"https:\/\/hutton.ee\/toode\/plaaster-tacoflex-50mmx50mm-2tk\/#primaryimage"},"image":{"@id":"https:\/\/hutton.ee\/toode\/plaaster-tacoflex-50mmx50mm-2tk\/#primaryimage"},"thumbnailUrl":"https:\/\/hutton.ee\/wp-content\/uploads\/2025\/09\/530505_tacoflex_tackerpflaster_web.jpg","datePublished":"2025-09-05T12:41:20+00:00","dateModified":"2025-09-05T12:58:06+00:00","breadcrumb":{"@id":"https:\/\/hutton.ee\/toode\/plaaster-tacoflex-50mmx50mm-2tk\/#breadcrumb"},"inLanguage":"en-US","potentialAction":[{"@type":"ReadAction","target":["https:\/\/hutton.ee\/toode\/plaaster-tacoflex-50mmx50mm-2tk\/"]}]},{"@type":"ImageObject","inLanguage":"en-US","@id":"https:\/\/hutton.ee\/toode\/plaaster-tacoflex-50mmx50mm-2tk\/#primaryimage","url":"https:\/\/hutton.ee\/wp-content\/uploads\/2025\/09\/530505_tacoflex_tackerpflaster_web.jpg","contentUrl":"https:\/\/hutton.ee\/wp-content\/uploads\/2025\/09\/530505_tacoflex_tackerpflaster_web.jpg","width":497,"height":497,"caption":"Plaaster TacoFlex 50mmx50mm tootefoto"},{"@type":"BreadcrumbList","@id":"https:\/\/hutton.ee\/toode\/plaaster-tacoflex-50mmx50mm-2tk\/#breadcrumb","itemListElement":[{"@type":"ListItem","position":1,"name":"Avaleht","item":"https:\/\/hutton.ee\/"},{"@type":"ListItem","position":2,"name":"Shop","item":"https:\/\/hutton.ee\/en\/shop\/"},{"@type":"ListItem","position":3,"name":"Plaaster TacoFlex 50mm x 50mm, 2tk"}]},{"@type":"WebSite","@id":"https:\/\/hutton.ee\/#website","url":"https:\/\/hutton.ee\/","name":"Hutton","description":"Ajas kestvad ehituslahendused","publisher":{"@id":"https:\/\/hutton.ee\/#organization"},"potentialAction":[{"@type":"SearchAction","target":{"@type":"EntryPoint","urlTemplate":"https:\/\/hutton.ee\/?s={search_term_string}"},"query-input":{"@type":"PropertyValueSpecification","valueRequired":true,"valueName":"search_term_string"}}],"inLanguage":"en-US"},{"@type":"Organization","@id":"https:\/\/hutton.ee\/#organization","name":"Hutton - KATUS | SEIN | FASSAAD","url":"https:\/\/hutton.ee\/","logo":{"@type":"ImageObject","inLanguage":"en-US","@id":"https:\/\/hutton.ee\/#\/schema\/logo\/image\/","url":"https:\/\/hutton.ee\/wp-content\/uploads\/2020\/07\/hutton-logo_uuendatud-01.png","contentUrl":"https:\/\/hutton.ee\/wp-content\/uploads\/2020\/07\/hutton-logo_uuendatud-01.png","width":1064,"height":455,"caption":"Hutton - KATUS | SEIN | FASSAAD"},"image":{"@id":"https:\/\/hutton.ee\/#\/schema\/logo\/image\/"},"sameAs":["https:\/\/www.facebook.com\/huttoneesti"]}]}},"_links":{"self":[{"href":"https:\/\/hutton.ee\/en\/wp-json\/wp\/v2\/product\/29381","targetHints":{"allow":["GET"]}}],"collection":[{"href":"https:\/\/hutton.ee\/en\/wp-json\/wp\/v2\/product"}],"about":[{"href":"https:\/\/hutton.ee\/en\/wp-json\/wp\/v2\/types\/product"}],"wp:featuredmedia":[{"embeddable":true,"href":"https:\/\/hutton.ee\/en\/wp-json\/wp\/v2\/media\/29382"}],"wp:attachment":[{"href":"https:\/\/hutton.ee\/en\/wp-json\/wp\/v2\/media?parent=29381"}],"wp:term":[{"taxonomy":"product_brand","embeddable":true,"href":"https:\/\/hutton.ee\/en\/wp-json\/wp\/v2\/product_brand?post=29381"},{"taxonomy":"product_cat","embeddable":true,"href":"https:\/\/hutton.ee\/en\/wp-json\/wp\/v2\/product_cat?post=29381"},{"taxonomy":"product_tag","embeddable":true,"href":"https:\/\/hutton.ee\/en\/wp-json\/wp\/v2\/product_tag?post=29381"},{"taxonomy":"filtrisusteem","embeddable":true,"href":"https:\/\/hutton.ee\/en\/wp-json\/wp\/v2\/filtrisusteem?post=29381"},{"taxonomy":"kvaliteediklass","embeddable":true,"href":"https:\/\/hutton.ee\/en\/wp-json\/wp\/v2\/kvaliteediklass?post=29381"}],"curies":[{"name":"wp","href":"https:\/\/api.w.org\/{rel}","templated":true}]}}