{"id":29425,"date":"2025-09-16T06:49:11","date_gmt":"2025-09-16T06:49:11","guid":{"rendered":"https:\/\/hutton.ee\/?post_type=product&#038;p=29425"},"modified":"2025-12-12T08:03:02","modified_gmt":"2025-12-12T08:03:02","slug":"aknateip-hanno-duo-easy-ws-100mm-25m-240g","status":"publish","type":"product","link":"https:\/\/hutton.ee\/en\/toode\/aknateip-hanno-duo-easy-ws-100mm-25m-240g\/","title":{"rendered":"Aknateip HANNO DUO Easy WS 100mm\/25m, 240g"},"content":{"rendered":"<p><strong>Aknateip HANNO DUO Easy WS 100mm\/25m, 240g<\/strong><\/p>\n<p><strong>Tootekirjeldus<\/strong><\/p>\n<p>Hanno\u00ae DUO Easy 240 aknateip on neljakihiline teip, mis omab muutuva v\u00e4\u00e4rtusega sd-diffusioonitakistust (Vario teip). Tugeva nakkev\u00f5imega v\u00f5imaldab v\u00e4ga lihtsat ja t\u00e4ielikult varjatud (kinnitusteta) paigaldust. Teipi saab krohvida ja v\u00e4rvida.<\/p>\n<p><strong>Toote omadused<\/strong><\/p>\n<ul>\n<li>ift-sertifikaat, RAL-sertifikaat<\/li>\n<li>Niiskuse suhtes muutuva sd-v\u00e4\u00e4rtusega<\/li>\n<li>Sobib universaalselt nii renoveerimiseks kui ka uusehituseks<\/li>\n<li>V\u00e4ga k\u00f5rge nakkuvus<\/li>\n<li>T\u00f6\u00f6deldav ka madalatel temperatuuridel<\/li>\n<li>V\u00f5imalik krohvida ja \u00fcle v\u00e4rvida<\/li>\n<li>Veniv ja elastne<\/li>\n<li>Vario teip (sobib nii sisse kui v\u00e4lja)<\/li>\n<\/ul>\n<p><strong>Paigaldamine<\/strong><\/p>\n<p>Enne paigaldamist tuleb veenduda, et pinnal ei oleks naket takistavat kihti (nt niiskus, rasv, mustus), mis takistaks teibi kleepumist. Aluspind peab olema piisavalt kandev ja tagama sobiva nakkepinna. Tugevalt imavate pindade v\u00f5i k\u00fclmade niiskete pindade korral v\u00f5ib kasutada pihustatavat krunti.<\/p>\n<p>Hanno\u00ae DUO Easy 240 aknateipi saab kasutada ka madalatel temperatuuridel kuni \u201310 \u00b0C. T\u00e4ielik nakkuvus saavutatakse p\u00e4rast temperatuuri t\u00f5usu \u00fcle 0 \u00b0C. Hanno\u00ae DUO Easy WS 240 lisariba saab kasutada alates +5 \u00b0C juures. Madalad temperatuurid v\u00f5ivad v\u00e4hendada nakkuvust ja pikendada t\u00f6\u00f6tlusaega. Soovitame teipi enne paigaldamist eelsoojendada temperatuurini +15\u2026+25 \u00b0C.<\/p>\n<p>Paigaldamisel l\u00f5ika teip soovitud pikkusesse, j\u00e4ttes u 5 cm varu. Eemalda kattekile ja suru kinnitusriba hoolikalt akna tagak\u00fcljele. Korda seda k\u00f5igil akna k\u00fclgedel, nii sise- kui ka v\u00e4lisvuukides. Seej\u00e4rel aseta aknaelement paika, eemalda \u00fclej\u00e4\u00e4nud kaitsekile, kleebi teip m\u00fc\u00fcritisele ja suru kogu ulatuses tugevalt kinni. M\u00fc\u00fcritisele kinnitamiseks ei ole vaja t\u00e4iendavat liimi.<\/p>\n<p><strong>\u00d5petusvideo: <a href=\"https:\/\/www.youtube.com\/watch?v=hMzTjGcGY2M\">kuidas paigaldada Hanno DUO Easy teipi?<\/a><\/strong><\/p>\n<p>&nbsp;<\/p>\n<p><strong>Vajadusel k\u00fcsi n\u00f5u:<\/strong><\/p>\n<p><strong>Neeme<\/strong>:\u00a0<a href=\"tel:5098168\">+372 509 8168<\/a>\u00a0|\u00a0<a href=\"mailto:neeme@hutton.ee\">neeme@hutton.ee<\/a><br \/>\n<strong>Regina<\/strong>:\u00a0<a href=\"tel:5076742\">+372 507 6742<\/a>\u00a0|\u00a0<a href=\"mailto:regina@hutton.ee\">regina@hutton.ee<\/a><\/p>\n","protected":false},"excerpt":{"rendered":"<p>Aknateip HANNO DUO Easy WS 100mm\/25m, 240g Tootekirjeldus Hanno\u00ae DUO Easy 240 aknateip on neljakihiline teip, mis omab muutuva v\u00e4\u00e4rtusega sd-diffusioonitakistust (Vario teip). Tugeva nakkev\u00f5imega v\u00f5imaldab v\u00e4ga lihtsat ja t\u00e4ielikult varjatud (kinnitusteta) paigaldust. Teipi saab krohvida ja v\u00e4rvida. Toote omadused ift-sertifikaat, RAL-sertifikaat Niiskuse suhtes muutuva sd-v\u00e4\u00e4rtusega Sobib universaalselt nii renoveerimiseks kui ka uusehituseks V\u00e4ga k\u00f5rge [&hellip;]<\/p>\n","protected":false},"featured_media":29444,"template":"","meta":{"_gspb_post_css":"","_uf_show_specific_survey":0,"_uf_disable_surveys":false},"product_brand":[],"product_cat":[953,958,960],"product_tag":[],"filtrisusteem":[],"kvaliteediklass":[],"class_list":{"0":"post-29425","1":"product","2":"type-product","3":"status-publish","4":"has-post-thumbnail","6":"product_cat-aknateibid","7":"product_cat-aknateibid-sise","8":"product_cat-aknateibid-valis","10":"first","11":"instock","12":"taxable","13":"shipping-taxable","14":"purchasable","15":"product-type-simple"},"yoast_head":"<!-- This site is optimized with the Yoast SEO Premium plugin v21.3 (Yoast SEO v27.3) - https:\/\/yoast.com\/product\/yoast-seo-premium-wordpress\/ -->\n<title>Aknateip HANNO DUO Easy WS 100mm\/25m, 240g - Hutton<\/title>\n<meta name=\"description\" content=\"Aknateip HANNO DUO Easy WS 100mm\/25m on vario aknateip muutuva sd-v\u00e4\u00e4rtusega. V\u00e4ga hea nakkega, krohvitav ja v\u00e4rvitav lahendus sise- ja v\u00e4lisvuukidele.\" \/>\n<meta name=\"robots\" content=\"index, follow, max-snippet:-1, max-image-preview:large, max-video-preview:-1\" \/>\n<link rel=\"canonical\" href=\"https:\/\/hutton.ee\/toode\/aknateip-hanno-duo-easy-ws-100mm-25m-240g\/\" \/>\n<meta property=\"og:locale\" content=\"en_US\" \/>\n<meta property=\"og:type\" content=\"article\" \/>\n<meta property=\"og:title\" content=\"Aknateip HANNO DUO Easy WS 100mm\/25m, 240g\" \/>\n<meta property=\"og:description\" content=\"Aknateip HANNO DUO Easy WS 100mm\/25m on vario aknateip muutuva sd-v\u00e4\u00e4rtusega. V\u00e4ga hea nakkega, krohvitav ja v\u00e4rvitav lahendus sise- ja v\u00e4lisvuukidele.\" \/>\n<meta property=\"og:url\" content=\"https:\/\/hutton.ee\/toode\/aknateip-hanno-duo-easy-ws-100mm-25m-240g\/\" \/>\n<meta property=\"og:site_name\" content=\"Hutton\" \/>\n<meta property=\"article:publisher\" content=\"https:\/\/www.facebook.com\/huttoneesti\" \/>\n<meta property=\"article:modified_time\" content=\"2025-12-12T08:03:02+00:00\" \/>\n<meta property=\"og:image\" content=\"https:\/\/hutton.ee\/wp-content\/uploads\/2025\/09\/Aknateip-Hanno-Duo-Easy-75-100.png\" \/>\n\t<meta property=\"og:image:width\" content=\"960\" \/>\n\t<meta property=\"og:image:height\" content=\"815\" \/>\n\t<meta property=\"og:image:type\" content=\"image\/png\" \/>\n<meta name=\"twitter:card\" content=\"summary_large_image\" \/>\n<meta name=\"twitter:label1\" content=\"Est. reading time\" \/>\n\t<meta name=\"twitter:data1\" content=\"2 minutes\" \/>\n<script type=\"application\/ld+json\" class=\"yoast-schema-graph\">{\"@context\":\"https:\\\/\\\/schema.org\",\"@graph\":[{\"@type\":\"WebPage\",\"@id\":\"https:\\\/\\\/hutton.ee\\\/toode\\\/aknateip-hanno-duo-easy-ws-100mm-25m-240g\\\/\",\"url\":\"https:\\\/\\\/hutton.ee\\\/toode\\\/aknateip-hanno-duo-easy-ws-100mm-25m-240g\\\/\",\"name\":\"Aknateip HANNO DUO Easy WS 100mm\\\/25m, 240g - Hutton\",\"isPartOf\":{\"@id\":\"https:\\\/\\\/hutton.ee\\\/#website\"},\"primaryImageOfPage\":{\"@id\":\"https:\\\/\\\/hutton.ee\\\/toode\\\/aknateip-hanno-duo-easy-ws-100mm-25m-240g\\\/#primaryimage\"},\"image\":{\"@id\":\"https:\\\/\\\/hutton.ee\\\/toode\\\/aknateip-hanno-duo-easy-ws-100mm-25m-240g\\\/#primaryimage\"},\"thumbnailUrl\":\"https:\\\/\\\/hutton.ee\\\/wp-content\\\/uploads\\\/2025\\\/09\\\/Aknateip-Hanno-Duo-Easy-75-100.png\",\"datePublished\":\"2025-09-16T06:49:11+00:00\",\"dateModified\":\"2025-12-12T08:03:02+00:00\",\"description\":\"Aknateip HANNO DUO Easy WS 100mm\\\/25m on vario aknateip muutuva sd-v\u00e4\u00e4rtusega. V\u00e4ga hea nakkega, krohvitav ja v\u00e4rvitav lahendus sise- ja v\u00e4lisvuukidele.\",\"breadcrumb\":{\"@id\":\"https:\\\/\\\/hutton.ee\\\/toode\\\/aknateip-hanno-duo-easy-ws-100mm-25m-240g\\\/#breadcrumb\"},\"inLanguage\":\"en-US\",\"potentialAction\":[{\"@type\":\"ReadAction\",\"target\":[\"https:\\\/\\\/hutton.ee\\\/toode\\\/aknateip-hanno-duo-easy-ws-100mm-25m-240g\\\/\"]}]},{\"@type\":\"ImageObject\",\"inLanguage\":\"en-US\",\"@id\":\"https:\\\/\\\/hutton.ee\\\/toode\\\/aknateip-hanno-duo-easy-ws-100mm-25m-240g\\\/#primaryimage\",\"url\":\"https:\\\/\\\/hutton.ee\\\/wp-content\\\/uploads\\\/2025\\\/09\\\/Aknateip-Hanno-Duo-Easy-75-100.png\",\"contentUrl\":\"https:\\\/\\\/hutton.ee\\\/wp-content\\\/uploads\\\/2025\\\/09\\\/Aknateip-Hanno-Duo-Easy-75-100.png\",\"width\":960,\"height\":815,\"caption\":\"Hanno DUO Easy ES ja Hanno DUO Easy WS aknateibid \u2013 t\u00f6\u00f6kindlad ja paigaldusmugavad lahendused \u00f5hupidavate ja niiskust reguleerivate aknaliidete jaoks. M\u00f5lemad sobivad kasutamiseks nii sise- kui v\u00e4lisvuukides, renoveerimistel ja uusehitustel.\"},{\"@type\":\"BreadcrumbList\",\"@id\":\"https:\\\/\\\/hutton.ee\\\/toode\\\/aknateip-hanno-duo-easy-ws-100mm-25m-240g\\\/#breadcrumb\",\"itemListElement\":[{\"@type\":\"ListItem\",\"position\":1,\"name\":\"Avaleht\",\"item\":\"https:\\\/\\\/hutton.ee\\\/\"},{\"@type\":\"ListItem\",\"position\":2,\"name\":\"Shop\",\"item\":\"https:\\\/\\\/hutton.ee\\\/en\\\/shop\\\/\"},{\"@type\":\"ListItem\",\"position\":3,\"name\":\"Aknateip HANNO DUO Easy WS 100mm\\\/25m, 240g\"}]},{\"@type\":\"WebSite\",\"@id\":\"https:\\\/\\\/hutton.ee\\\/#website\",\"url\":\"https:\\\/\\\/hutton.ee\\\/\",\"name\":\"Hutton\",\"description\":\"Ajas kestvad ehituslahendused\",\"publisher\":{\"@id\":\"https:\\\/\\\/hutton.ee\\\/#organization\"},\"potentialAction\":[{\"@type\":\"SearchAction\",\"target\":{\"@type\":\"EntryPoint\",\"urlTemplate\":\"https:\\\/\\\/hutton.ee\\\/?s={search_term_string}\"},\"query-input\":{\"@type\":\"PropertyValueSpecification\",\"valueRequired\":true,\"valueName\":\"search_term_string\"}}],\"inLanguage\":\"en-US\"},{\"@type\":\"Organization\",\"@id\":\"https:\\\/\\\/hutton.ee\\\/#organization\",\"name\":\"Hutton - KATUS | SEIN | FASSAAD\",\"url\":\"https:\\\/\\\/hutton.ee\\\/\",\"logo\":{\"@type\":\"ImageObject\",\"inLanguage\":\"en-US\",\"@id\":\"https:\\\/\\\/hutton.ee\\\/#\\\/schema\\\/logo\\\/image\\\/\",\"url\":\"https:\\\/\\\/hutton.ee\\\/wp-content\\\/uploads\\\/2020\\\/07\\\/hutton-logo_uuendatud-01.png\",\"contentUrl\":\"https:\\\/\\\/hutton.ee\\\/wp-content\\\/uploads\\\/2020\\\/07\\\/hutton-logo_uuendatud-01.png\",\"width\":1064,\"height\":455,\"caption\":\"Hutton - KATUS | SEIN | FASSAAD\"},\"image\":{\"@id\":\"https:\\\/\\\/hutton.ee\\\/#\\\/schema\\\/logo\\\/image\\\/\"},\"sameAs\":[\"https:\\\/\\\/www.facebook.com\\\/huttoneesti\"]}]}<\/script>\n<!-- \/ Yoast SEO Premium plugin. -->","yoast_head_json":{"title":"Aknateip HANNO DUO Easy WS 100mm\/25m, 240g - Hutton","description":"Aknateip HANNO DUO Easy WS 100mm\/25m on vario aknateip muutuva sd-v\u00e4\u00e4rtusega. V\u00e4ga hea nakkega, krohvitav ja v\u00e4rvitav lahendus sise- ja v\u00e4lisvuukidele.","robots":{"index":"index","follow":"follow","max-snippet":"max-snippet:-1","max-image-preview":"max-image-preview:large","max-video-preview":"max-video-preview:-1"},"canonical":"https:\/\/hutton.ee\/toode\/aknateip-hanno-duo-easy-ws-100mm-25m-240g\/","og_locale":"en_US","og_type":"article","og_title":"Aknateip HANNO DUO Easy WS 100mm\/25m, 240g","og_description":"Aknateip HANNO DUO Easy WS 100mm\/25m on vario aknateip muutuva sd-v\u00e4\u00e4rtusega. V\u00e4ga hea nakkega, krohvitav ja v\u00e4rvitav lahendus sise- ja v\u00e4lisvuukidele.","og_url":"https:\/\/hutton.ee\/toode\/aknateip-hanno-duo-easy-ws-100mm-25m-240g\/","og_site_name":"Hutton","article_publisher":"https:\/\/www.facebook.com\/huttoneesti","article_modified_time":"2025-12-12T08:03:02+00:00","og_image":[{"width":960,"height":815,"url":"https:\/\/hutton.ee\/wp-content\/uploads\/2025\/09\/Aknateip-Hanno-Duo-Easy-75-100.png","type":"image\/png"}],"twitter_card":"summary_large_image","twitter_misc":{"Est. reading time":"2 minutes"},"schema":{"@context":"https:\/\/schema.org","@graph":[{"@type":"WebPage","@id":"https:\/\/hutton.ee\/toode\/aknateip-hanno-duo-easy-ws-100mm-25m-240g\/","url":"https:\/\/hutton.ee\/toode\/aknateip-hanno-duo-easy-ws-100mm-25m-240g\/","name":"Aknateip HANNO DUO Easy WS 100mm\/25m, 240g - Hutton","isPartOf":{"@id":"https:\/\/hutton.ee\/#website"},"primaryImageOfPage":{"@id":"https:\/\/hutton.ee\/toode\/aknateip-hanno-duo-easy-ws-100mm-25m-240g\/#primaryimage"},"image":{"@id":"https:\/\/hutton.ee\/toode\/aknateip-hanno-duo-easy-ws-100mm-25m-240g\/#primaryimage"},"thumbnailUrl":"https:\/\/hutton.ee\/wp-content\/uploads\/2025\/09\/Aknateip-Hanno-Duo-Easy-75-100.png","datePublished":"2025-09-16T06:49:11+00:00","dateModified":"2025-12-12T08:03:02+00:00","description":"Aknateip HANNO DUO Easy WS 100mm\/25m on vario aknateip muutuva sd-v\u00e4\u00e4rtusega. V\u00e4ga hea nakkega, krohvitav ja v\u00e4rvitav lahendus sise- ja v\u00e4lisvuukidele.","breadcrumb":{"@id":"https:\/\/hutton.ee\/toode\/aknateip-hanno-duo-easy-ws-100mm-25m-240g\/#breadcrumb"},"inLanguage":"en-US","potentialAction":[{"@type":"ReadAction","target":["https:\/\/hutton.ee\/toode\/aknateip-hanno-duo-easy-ws-100mm-25m-240g\/"]}]},{"@type":"ImageObject","inLanguage":"en-US","@id":"https:\/\/hutton.ee\/toode\/aknateip-hanno-duo-easy-ws-100mm-25m-240g\/#primaryimage","url":"https:\/\/hutton.ee\/wp-content\/uploads\/2025\/09\/Aknateip-Hanno-Duo-Easy-75-100.png","contentUrl":"https:\/\/hutton.ee\/wp-content\/uploads\/2025\/09\/Aknateip-Hanno-Duo-Easy-75-100.png","width":960,"height":815,"caption":"Hanno DUO Easy ES ja Hanno DUO Easy WS aknateibid \u2013 t\u00f6\u00f6kindlad ja paigaldusmugavad lahendused \u00f5hupidavate ja niiskust reguleerivate aknaliidete jaoks. M\u00f5lemad sobivad kasutamiseks nii sise- kui v\u00e4lisvuukides, renoveerimistel ja uusehitustel."},{"@type":"BreadcrumbList","@id":"https:\/\/hutton.ee\/toode\/aknateip-hanno-duo-easy-ws-100mm-25m-240g\/#breadcrumb","itemListElement":[{"@type":"ListItem","position":1,"name":"Avaleht","item":"https:\/\/hutton.ee\/"},{"@type":"ListItem","position":2,"name":"Shop","item":"https:\/\/hutton.ee\/en\/shop\/"},{"@type":"ListItem","position":3,"name":"Aknateip HANNO DUO Easy WS 100mm\/25m, 240g"}]},{"@type":"WebSite","@id":"https:\/\/hutton.ee\/#website","url":"https:\/\/hutton.ee\/","name":"Hutton","description":"Ajas kestvad ehituslahendused","publisher":{"@id":"https:\/\/hutton.ee\/#organization"},"potentialAction":[{"@type":"SearchAction","target":{"@type":"EntryPoint","urlTemplate":"https:\/\/hutton.ee\/?s={search_term_string}"},"query-input":{"@type":"PropertyValueSpecification","valueRequired":true,"valueName":"search_term_string"}}],"inLanguage":"en-US"},{"@type":"Organization","@id":"https:\/\/hutton.ee\/#organization","name":"Hutton - KATUS | SEIN | FASSAAD","url":"https:\/\/hutton.ee\/","logo":{"@type":"ImageObject","inLanguage":"en-US","@id":"https:\/\/hutton.ee\/#\/schema\/logo\/image\/","url":"https:\/\/hutton.ee\/wp-content\/uploads\/2020\/07\/hutton-logo_uuendatud-01.png","contentUrl":"https:\/\/hutton.ee\/wp-content\/uploads\/2020\/07\/hutton-logo_uuendatud-01.png","width":1064,"height":455,"caption":"Hutton - KATUS | SEIN | FASSAAD"},"image":{"@id":"https:\/\/hutton.ee\/#\/schema\/logo\/image\/"},"sameAs":["https:\/\/www.facebook.com\/huttoneesti"]}]}},"_links":{"self":[{"href":"https:\/\/hutton.ee\/en\/wp-json\/wp\/v2\/product\/29425","targetHints":{"allow":["GET"]}}],"collection":[{"href":"https:\/\/hutton.ee\/en\/wp-json\/wp\/v2\/product"}],"about":[{"href":"https:\/\/hutton.ee\/en\/wp-json\/wp\/v2\/types\/product"}],"wp:featuredmedia":[{"embeddable":true,"href":"https:\/\/hutton.ee\/en\/wp-json\/wp\/v2\/media\/29444"}],"wp:attachment":[{"href":"https:\/\/hutton.ee\/en\/wp-json\/wp\/v2\/media?parent=29425"}],"wp:term":[{"taxonomy":"product_brand","embeddable":true,"href":"https:\/\/hutton.ee\/en\/wp-json\/wp\/v2\/product_brand?post=29425"},{"taxonomy":"product_cat","embeddable":true,"href":"https:\/\/hutton.ee\/en\/wp-json\/wp\/v2\/product_cat?post=29425"},{"taxonomy":"product_tag","embeddable":true,"href":"https:\/\/hutton.ee\/en\/wp-json\/wp\/v2\/product_tag?post=29425"},{"taxonomy":"filtrisusteem","embeddable":true,"href":"https:\/\/hutton.ee\/en\/wp-json\/wp\/v2\/filtrisusteem?post=29425"},{"taxonomy":"kvaliteediklass","embeddable":true,"href":"https:\/\/hutton.ee\/en\/wp-json\/wp\/v2\/kvaliteediklass?post=29425"}],"curies":[{"name":"wp","href":"https:\/\/api.w.org\/{rel}","templated":true}]}}