{"id":29594,"date":"2025-10-17T11:43:18","date_gmt":"2025-10-17T11:43:18","guid":{"rendered":"https:\/\/hutton.ee\/?post_type=product&#038;p=29594"},"modified":"2025-12-12T10:08:31","modified_gmt":"2025-12-12T10:08:31","slug":"isepaisuv-tihend-hannoband-hbd-10mm-2-5mm-12m","status":"publish","type":"product","link":"https:\/\/hutton.ee\/en\/toode\/isepaisuv-tihend-hannoband-hbd-10mm-2-5mm-12m\/","title":{"rendered":"Isepaisuv tihend Hannoband HBD 10mm\/2-5mm, 12m"},"content":{"rendered":"<p>Isepaisuv tihend Hannoband HBD on liite tihendamiseks m\u00f5eldud teip, mis on valmistatud elastsetest pol\u00fcuretaanvahust ja immutatud akr\u00fclaadidispersiooniga.<\/p>\n<p><strong>Tooteomadused<\/strong><\/p>\n<ul>\n<li>Vastab pingutusgrupile BG2 \u2013 DIN 18542<\/li>\n<li>Vihmapidav kuni 600 Pa (DIN EN 1027)<\/li>\n<li>Sobib kasutamiseks ka soojusisolatsiooni teibina<\/li>\n<\/ul>\n<p><strong>Kasutusvaldkonnad<\/strong><\/p>\n<ul>\n<li>Aknaehitus<\/li>\n<li>Fassaaditehnika<\/li>\n<li>Siseviimistlus<\/li>\n<li>Kaldekatuste ja lamekatuste \u00fchendused<\/li>\n<li>\u00dchendusvuugid, mis peavad olema vihmakindlad<\/li>\n<li>Soojusisolatsiooni tihendamine<\/li>\n<li>Betoonkonstruktsioonid<\/li>\n<li>Monteeritavad hooned<\/li>\n<li>Ehitusosade lahti sidumine (dekoupleerimine)<\/li>\n<li>Katuseaknad<\/li>\n<li>Katusekivi tihendused<\/li>\n<li>Harja-, r\u00e4\u00e4sta- ja katuseviilude lahendused<\/li>\n<\/ul>\n","protected":false},"excerpt":{"rendered":"<p>Isepaisuv tihend Hannoband HBD on liite tihendamiseks m\u00f5eldud teip, mis on valmistatud elastsetest pol\u00fcuretaanvahust ja immutatud akr\u00fclaadidispersiooniga. Tooteomadused Vastab pingutusgrupile BG2 \u2013 DIN 18542 Vihmapidav kuni 600 Pa (DIN EN 1027) Sobib kasutamiseks ka soojusisolatsiooni teibina Kasutusvaldkonnad Aknaehitus Fassaaditehnika Siseviimistlus Kaldekatuste ja lamekatuste \u00fchendused \u00dchendusvuugid, mis peavad olema vihmakindlad Soojusisolatsiooni tihendamine Betoonkonstruktsioonid Monteeritavad hooned Ehitusosade [&hellip;]<\/p>\n","protected":false},"featured_media":29597,"template":"","meta":{"_gspb_post_css":"","_uf_show_specific_survey":0,"_uf_disable_surveys":false},"product_brand":[],"product_cat":[2930,962],"product_tag":[],"filtrisusteem":[],"kvaliteediklass":[],"class_list":{"0":"post-29594","1":"product","2":"type-product","3":"status-publish","4":"has-post-thumbnail","6":"product_cat-isepaisuvad-tihendid","7":"product_cat-tihendid","9":"first","10":"instock","11":"taxable","12":"shipping-taxable","13":"purchasable","14":"product-type-simple"},"yoast_head":"<!-- This site is optimized with the Yoast SEO Premium plugin v21.3 (Yoast SEO v27.3) - https:\/\/yoast.com\/product\/yoast-seo-premium-wordpress\/ -->\n<title>Isepaisuv tihend Hannoband HBD 10mm\/2-5mm, 12m - Hutton<\/title>\n<meta name=\"description\" content=\"Isepaisuv tihend Hannoband HBD on elastne liiteteip akna- ja ehitusvuukide tihendamiseks. BG2 klass, vihmapidav kuni 600 Pa..\" \/>\n<meta name=\"robots\" content=\"index, follow, max-snippet:-1, max-image-preview:large, max-video-preview:-1\" \/>\n<link rel=\"canonical\" href=\"https:\/\/hutton.ee\/toode\/isepaisuv-tihend-hannoband-hbd-10mm-2-5mm-12m\/\" \/>\n<meta property=\"og:locale\" content=\"en_US\" \/>\n<meta property=\"og:type\" content=\"article\" \/>\n<meta property=\"og:title\" content=\"Isepaisuv tihend Hannoband HBD 10mm\/2-5mm, 12m\" \/>\n<meta property=\"og:description\" content=\"Isepaisuv tihend Hannoband HBD on elastne liiteteip akna- ja ehitusvuukide tihendamiseks. BG2 klass, vihmapidav kuni 600 Pa..\" \/>\n<meta property=\"og:url\" content=\"https:\/\/hutton.ee\/toode\/isepaisuv-tihend-hannoband-hbd-10mm-2-5mm-12m\/\" \/>\n<meta property=\"og:site_name\" content=\"Hutton\" \/>\n<meta property=\"article:publisher\" content=\"https:\/\/www.facebook.com\/huttoneesti\" \/>\n<meta property=\"article:modified_time\" content=\"2025-12-12T10:08:31+00:00\" \/>\n<meta property=\"og:image\" content=\"https:\/\/hutton.ee\/wp-content\/uploads\/2025\/10\/hannoband-hbd.jpg\" \/>\n\t<meta property=\"og:image:width\" content=\"482\" \/>\n\t<meta property=\"og:image:height\" content=\"425\" \/>\n\t<meta property=\"og:image:type\" content=\"image\/jpeg\" \/>\n<meta name=\"twitter:card\" content=\"summary_large_image\" \/>\n<meta name=\"twitter:label1\" content=\"Est. reading time\" \/>\n\t<meta name=\"twitter:data1\" content=\"1 minute\" \/>\n<script type=\"application\/ld+json\" class=\"yoast-schema-graph\">{\"@context\":\"https:\\\/\\\/schema.org\",\"@graph\":[{\"@type\":\"WebPage\",\"@id\":\"https:\\\/\\\/hutton.ee\\\/toode\\\/isepaisuv-tihend-hannoband-hbd-10mm-2-5mm-12m\\\/\",\"url\":\"https:\\\/\\\/hutton.ee\\\/toode\\\/isepaisuv-tihend-hannoband-hbd-10mm-2-5mm-12m\\\/\",\"name\":\"Isepaisuv tihend Hannoband HBD 10mm\\\/2-5mm, 12m - Hutton\",\"isPartOf\":{\"@id\":\"https:\\\/\\\/hutton.ee\\\/#website\"},\"primaryImageOfPage\":{\"@id\":\"https:\\\/\\\/hutton.ee\\\/toode\\\/isepaisuv-tihend-hannoband-hbd-10mm-2-5mm-12m\\\/#primaryimage\"},\"image\":{\"@id\":\"https:\\\/\\\/hutton.ee\\\/toode\\\/isepaisuv-tihend-hannoband-hbd-10mm-2-5mm-12m\\\/#primaryimage\"},\"thumbnailUrl\":\"https:\\\/\\\/hutton.ee\\\/wp-content\\\/uploads\\\/2025\\\/10\\\/hannoband-hbd.jpg\",\"datePublished\":\"2025-10-17T11:43:18+00:00\",\"dateModified\":\"2025-12-12T10:08:31+00:00\",\"description\":\"Isepaisuv tihend Hannoband HBD on elastne liiteteip akna- ja ehitusvuukide tihendamiseks. BG2 klass, vihmapidav kuni 600 Pa..\",\"breadcrumb\":{\"@id\":\"https:\\\/\\\/hutton.ee\\\/toode\\\/isepaisuv-tihend-hannoband-hbd-10mm-2-5mm-12m\\\/#breadcrumb\"},\"inLanguage\":\"en-US\",\"potentialAction\":[{\"@type\":\"ReadAction\",\"target\":[\"https:\\\/\\\/hutton.ee\\\/toode\\\/isepaisuv-tihend-hannoband-hbd-10mm-2-5mm-12m\\\/\"]}]},{\"@type\":\"ImageObject\",\"inLanguage\":\"en-US\",\"@id\":\"https:\\\/\\\/hutton.ee\\\/toode\\\/isepaisuv-tihend-hannoband-hbd-10mm-2-5mm-12m\\\/#primaryimage\",\"url\":\"https:\\\/\\\/hutton.ee\\\/wp-content\\\/uploads\\\/2025\\\/10\\\/hannoband-hbd.jpg\",\"contentUrl\":\"https:\\\/\\\/hutton.ee\\\/wp-content\\\/uploads\\\/2025\\\/10\\\/hannoband-hbd.jpg\",\"width\":482,\"height\":425,\"caption\":\"Isepaisuv tihend Hannoband HBD\"},{\"@type\":\"BreadcrumbList\",\"@id\":\"https:\\\/\\\/hutton.ee\\\/toode\\\/isepaisuv-tihend-hannoband-hbd-10mm-2-5mm-12m\\\/#breadcrumb\",\"itemListElement\":[{\"@type\":\"ListItem\",\"position\":1,\"name\":\"Avaleht\",\"item\":\"https:\\\/\\\/hutton.ee\\\/\"},{\"@type\":\"ListItem\",\"position\":2,\"name\":\"Shop\",\"item\":\"https:\\\/\\\/hutton.ee\\\/en\\\/shop\\\/\"},{\"@type\":\"ListItem\",\"position\":3,\"name\":\"Isepaisuv tihend Hannoband HBD 10mm\\\/2-5mm, 12m\"}]},{\"@type\":\"WebSite\",\"@id\":\"https:\\\/\\\/hutton.ee\\\/#website\",\"url\":\"https:\\\/\\\/hutton.ee\\\/\",\"name\":\"Hutton\",\"description\":\"Ajas kestvad ehituslahendused\",\"publisher\":{\"@id\":\"https:\\\/\\\/hutton.ee\\\/#organization\"},\"potentialAction\":[{\"@type\":\"SearchAction\",\"target\":{\"@type\":\"EntryPoint\",\"urlTemplate\":\"https:\\\/\\\/hutton.ee\\\/?s={search_term_string}\"},\"query-input\":{\"@type\":\"PropertyValueSpecification\",\"valueRequired\":true,\"valueName\":\"search_term_string\"}}],\"inLanguage\":\"en-US\"},{\"@type\":\"Organization\",\"@id\":\"https:\\\/\\\/hutton.ee\\\/#organization\",\"name\":\"Hutton - KATUS | SEIN | FASSAAD\",\"url\":\"https:\\\/\\\/hutton.ee\\\/\",\"logo\":{\"@type\":\"ImageObject\",\"inLanguage\":\"en-US\",\"@id\":\"https:\\\/\\\/hutton.ee\\\/#\\\/schema\\\/logo\\\/image\\\/\",\"url\":\"https:\\\/\\\/hutton.ee\\\/wp-content\\\/uploads\\\/2020\\\/07\\\/hutton-logo_uuendatud-01.png\",\"contentUrl\":\"https:\\\/\\\/hutton.ee\\\/wp-content\\\/uploads\\\/2020\\\/07\\\/hutton-logo_uuendatud-01.png\",\"width\":1064,\"height\":455,\"caption\":\"Hutton - KATUS | SEIN | FASSAAD\"},\"image\":{\"@id\":\"https:\\\/\\\/hutton.ee\\\/#\\\/schema\\\/logo\\\/image\\\/\"},\"sameAs\":[\"https:\\\/\\\/www.facebook.com\\\/huttoneesti\"]}]}<\/script>\n<!-- \/ Yoast SEO Premium plugin. -->","yoast_head_json":{"title":"Isepaisuv tihend Hannoband HBD 10mm\/2-5mm, 12m - Hutton","description":"Isepaisuv tihend Hannoband HBD on elastne liiteteip akna- ja ehitusvuukide tihendamiseks. BG2 klass, vihmapidav kuni 600 Pa..","robots":{"index":"index","follow":"follow","max-snippet":"max-snippet:-1","max-image-preview":"max-image-preview:large","max-video-preview":"max-video-preview:-1"},"canonical":"https:\/\/hutton.ee\/toode\/isepaisuv-tihend-hannoband-hbd-10mm-2-5mm-12m\/","og_locale":"en_US","og_type":"article","og_title":"Isepaisuv tihend Hannoband HBD 10mm\/2-5mm, 12m","og_description":"Isepaisuv tihend Hannoband HBD on elastne liiteteip akna- ja ehitusvuukide tihendamiseks. BG2 klass, vihmapidav kuni 600 Pa..","og_url":"https:\/\/hutton.ee\/toode\/isepaisuv-tihend-hannoband-hbd-10mm-2-5mm-12m\/","og_site_name":"Hutton","article_publisher":"https:\/\/www.facebook.com\/huttoneesti","article_modified_time":"2025-12-12T10:08:31+00:00","og_image":[{"width":482,"height":425,"url":"https:\/\/hutton.ee\/wp-content\/uploads\/2025\/10\/hannoband-hbd.jpg","type":"image\/jpeg"}],"twitter_card":"summary_large_image","twitter_misc":{"Est. reading time":"1 minute"},"schema":{"@context":"https:\/\/schema.org","@graph":[{"@type":"WebPage","@id":"https:\/\/hutton.ee\/toode\/isepaisuv-tihend-hannoband-hbd-10mm-2-5mm-12m\/","url":"https:\/\/hutton.ee\/toode\/isepaisuv-tihend-hannoband-hbd-10mm-2-5mm-12m\/","name":"Isepaisuv tihend Hannoband HBD 10mm\/2-5mm, 12m - Hutton","isPartOf":{"@id":"https:\/\/hutton.ee\/#website"},"primaryImageOfPage":{"@id":"https:\/\/hutton.ee\/toode\/isepaisuv-tihend-hannoband-hbd-10mm-2-5mm-12m\/#primaryimage"},"image":{"@id":"https:\/\/hutton.ee\/toode\/isepaisuv-tihend-hannoband-hbd-10mm-2-5mm-12m\/#primaryimage"},"thumbnailUrl":"https:\/\/hutton.ee\/wp-content\/uploads\/2025\/10\/hannoband-hbd.jpg","datePublished":"2025-10-17T11:43:18+00:00","dateModified":"2025-12-12T10:08:31+00:00","description":"Isepaisuv tihend Hannoband HBD on elastne liiteteip akna- ja ehitusvuukide tihendamiseks. BG2 klass, vihmapidav kuni 600 Pa..","breadcrumb":{"@id":"https:\/\/hutton.ee\/toode\/isepaisuv-tihend-hannoband-hbd-10mm-2-5mm-12m\/#breadcrumb"},"inLanguage":"en-US","potentialAction":[{"@type":"ReadAction","target":["https:\/\/hutton.ee\/toode\/isepaisuv-tihend-hannoband-hbd-10mm-2-5mm-12m\/"]}]},{"@type":"ImageObject","inLanguage":"en-US","@id":"https:\/\/hutton.ee\/toode\/isepaisuv-tihend-hannoband-hbd-10mm-2-5mm-12m\/#primaryimage","url":"https:\/\/hutton.ee\/wp-content\/uploads\/2025\/10\/hannoband-hbd.jpg","contentUrl":"https:\/\/hutton.ee\/wp-content\/uploads\/2025\/10\/hannoband-hbd.jpg","width":482,"height":425,"caption":"Isepaisuv tihend Hannoband HBD"},{"@type":"BreadcrumbList","@id":"https:\/\/hutton.ee\/toode\/isepaisuv-tihend-hannoband-hbd-10mm-2-5mm-12m\/#breadcrumb","itemListElement":[{"@type":"ListItem","position":1,"name":"Avaleht","item":"https:\/\/hutton.ee\/"},{"@type":"ListItem","position":2,"name":"Shop","item":"https:\/\/hutton.ee\/en\/shop\/"},{"@type":"ListItem","position":3,"name":"Isepaisuv tihend Hannoband HBD 10mm\/2-5mm, 12m"}]},{"@type":"WebSite","@id":"https:\/\/hutton.ee\/#website","url":"https:\/\/hutton.ee\/","name":"Hutton","description":"Ajas kestvad ehituslahendused","publisher":{"@id":"https:\/\/hutton.ee\/#organization"},"potentialAction":[{"@type":"SearchAction","target":{"@type":"EntryPoint","urlTemplate":"https:\/\/hutton.ee\/?s={search_term_string}"},"query-input":{"@type":"PropertyValueSpecification","valueRequired":true,"valueName":"search_term_string"}}],"inLanguage":"en-US"},{"@type":"Organization","@id":"https:\/\/hutton.ee\/#organization","name":"Hutton - KATUS | SEIN | FASSAAD","url":"https:\/\/hutton.ee\/","logo":{"@type":"ImageObject","inLanguage":"en-US","@id":"https:\/\/hutton.ee\/#\/schema\/logo\/image\/","url":"https:\/\/hutton.ee\/wp-content\/uploads\/2020\/07\/hutton-logo_uuendatud-01.png","contentUrl":"https:\/\/hutton.ee\/wp-content\/uploads\/2020\/07\/hutton-logo_uuendatud-01.png","width":1064,"height":455,"caption":"Hutton - KATUS | SEIN | FASSAAD"},"image":{"@id":"https:\/\/hutton.ee\/#\/schema\/logo\/image\/"},"sameAs":["https:\/\/www.facebook.com\/huttoneesti"]}]}},"_links":{"self":[{"href":"https:\/\/hutton.ee\/en\/wp-json\/wp\/v2\/product\/29594","targetHints":{"allow":["GET"]}}],"collection":[{"href":"https:\/\/hutton.ee\/en\/wp-json\/wp\/v2\/product"}],"about":[{"href":"https:\/\/hutton.ee\/en\/wp-json\/wp\/v2\/types\/product"}],"wp:featuredmedia":[{"embeddable":true,"href":"https:\/\/hutton.ee\/en\/wp-json\/wp\/v2\/media\/29597"}],"wp:attachment":[{"href":"https:\/\/hutton.ee\/en\/wp-json\/wp\/v2\/media?parent=29594"}],"wp:term":[{"taxonomy":"product_brand","embeddable":true,"href":"https:\/\/hutton.ee\/en\/wp-json\/wp\/v2\/product_brand?post=29594"},{"taxonomy":"product_cat","embeddable":true,"href":"https:\/\/hutton.ee\/en\/wp-json\/wp\/v2\/product_cat?post=29594"},{"taxonomy":"product_tag","embeddable":true,"href":"https:\/\/hutton.ee\/en\/wp-json\/wp\/v2\/product_tag?post=29594"},{"taxonomy":"filtrisusteem","embeddable":true,"href":"https:\/\/hutton.ee\/en\/wp-json\/wp\/v2\/filtrisusteem?post=29594"},{"taxonomy":"kvaliteediklass","embeddable":true,"href":"https:\/\/hutton.ee\/en\/wp-json\/wp\/v2\/kvaliteediklass?post=29594"}],"curies":[{"name":"wp","href":"https:\/\/api.w.org\/{rel}","templated":true}]}}