{"id":29603,"date":"2025-10-17T12:03:42","date_gmt":"2025-10-17T12:03:42","guid":{"rendered":"https:\/\/hutton.ee\/?post_type=product&#038;p=29603"},"modified":"2025-12-12T09:34:09","modified_gmt":"2025-12-12T09:34:09","slug":"isepaisuv-tihend-hannoband-bg1-10mm-3-7mm-75m","status":"publish","type":"product","link":"https:\/\/hutton.ee\/en\/toode\/isepaisuv-tihend-hannoband-bg1-10mm-3-7mm-75m\/","title":{"rendered":"Isepaisuv tihend Hannoband BG1 10mm\/3-7mm, 7,5m"},"content":{"rendered":"<p>Hannoband\u00ae-BG1 on elastset pol\u00fcuretaanvahust valmistatud liite tihendusteip, mis on immutatud akr\u00fclaadidispersiooniga. Versioon BG1-M sisaldab lisaks sisemist membraani, mis parandab tihenduse vihma- ja \u00f5hupidavust.<\/p>\n<p>Tegemist on Hanno\u00ae 3-tasandilise tihenduss\u00fcsteemi komponendiga, mis tagab pikaajalise ja energiat\u00f5husa liidete kaitse.<\/p>\n<p><strong>Tooteomadused<\/strong><\/p>\n<ul>\n<li>Sertifitseeritud: ift, MPA, RAL, CE<\/li>\n<li>Vastab pingutusgrupile BG1 \u2013 DIN 18542:2020<\/li>\n<li>Osa Hanno\u00ae-3E tihenduss\u00fcsteemist, millel on 15-aastane funktsionaalne garantii (s\u00fcsteemis kasutamisel)<\/li>\n<li>V\u00e4ga madala emissioonitasemega (EMICODE\u00ae EC1Plus)<\/li>\n<li>V\u00e4line kvaliteedikontroll: MPA, ift ja Kiwa N.V.<\/li>\n<\/ul>\n<p><strong>Kasutusvaldkonnad<\/strong><\/p>\n<ul>\n<li>Aknaehitus<\/li>\n<li>Puitkarkass- ja puitmajade ehitus<\/li>\n<li>Monteeritavad hooned<\/li>\n<li>Kivim\u00fc\u00fcrist konstruktsioonid<\/li>\n<li>Poolpalkhooned<\/li>\n<li>Betoonkonstruktsioonid<\/li>\n<\/ul>\n","protected":false},"excerpt":{"rendered":"<p><span style=\"text-decoration: underline;\"><span style=\"color: #ff0000; font-size: 12pt; text-decoration: underline;\"><strong><a style=\"color: #ff0000; text-decoration: underline;\" href=\"https:\/\/hutton.ee\/minu-konto\/\" target=\"_blank\" rel=\"noopener\">Registreeru p\u00fcsikliendiks<\/a><\/strong><\/span><\/span><\/p>\n","protected":false},"featured_media":29608,"template":"","meta":{"_gspb_post_css":"","_uf_show_specific_survey":0,"_uf_disable_surveys":false},"product_brand":[],"product_cat":[2930,962],"product_tag":[],"filtrisusteem":[],"kvaliteediklass":[],"class_list":{"0":"post-29603","1":"product","2":"type-product","3":"status-publish","4":"has-post-thumbnail","6":"product_cat-isepaisuvad-tihendid","7":"product_cat-tihendid","9":"first","10":"instock","11":"taxable","12":"shipping-taxable","13":"purchasable","14":"product-type-simple"},"yoast_head":"<!-- This site is optimized with the Yoast SEO Premium plugin v21.3 (Yoast SEO v27.3) - https:\/\/yoast.com\/product\/yoast-seo-premium-wordpress\/ -->\n<title>Isepaisuv tihend Hannoband BG1 10mm\/3-7mm, 7,5m - Hutton<\/title>\n<meta name=\"description\" content=\"Hannoband\u00ae BG1-M on elastne liite tihendusteip akna- ja ehitusliidete tihendamiseks. vihma- ja \u00f5hupidav, sertifitseeritud, sobib energiat\u00f5husaks ehituseks.\" \/>\n<meta name=\"robots\" content=\"index, follow, max-snippet:-1, max-image-preview:large, max-video-preview:-1\" \/>\n<link rel=\"canonical\" href=\"https:\/\/hutton.ee\/toode\/isepaisuv-tihend-hannoband-bg1-10mm-3-7mm-75m\/\" \/>\n<meta property=\"og:locale\" content=\"en_US\" \/>\n<meta property=\"og:type\" content=\"article\" \/>\n<meta property=\"og:title\" content=\"Isepaisuv tihend Hannoband BG1 10mm\/3-7mm, 7,5m\" \/>\n<meta property=\"og:description\" content=\"Hannoband\u00ae BG1-M on elastne liite tihendusteip akna- ja ehitusliidete tihendamiseks. vihma- ja \u00f5hupidav, sertifitseeritud, sobib energiat\u00f5husaks ehituseks.\" \/>\n<meta property=\"og:url\" content=\"https:\/\/hutton.ee\/toode\/isepaisuv-tihend-hannoband-bg1-10mm-3-7mm-75m\/\" \/>\n<meta property=\"og:site_name\" content=\"Hutton\" \/>\n<meta property=\"article:publisher\" content=\"https:\/\/www.facebook.com\/huttoneesti\" \/>\n<meta property=\"article:modified_time\" content=\"2025-12-12T09:34:09+00:00\" \/>\n<meta property=\"og:image\" content=\"https:\/\/hutton.ee\/wp-content\/uploads\/2025\/10\/Isepaisuv-tihend-Hannoband-BG1-1.png\" \/>\n\t<meta property=\"og:image:width\" content=\"300\" \/>\n\t<meta property=\"og:image:height\" content=\"300\" \/>\n\t<meta property=\"og:image:type\" content=\"image\/png\" \/>\n<meta name=\"twitter:card\" content=\"summary_large_image\" \/>\n<meta name=\"twitter:label1\" content=\"Est. reading time\" \/>\n\t<meta name=\"twitter:data1\" content=\"1 minute\" \/>\n<script type=\"application\/ld+json\" class=\"yoast-schema-graph\">{\"@context\":\"https:\\\/\\\/schema.org\",\"@graph\":[{\"@type\":\"WebPage\",\"@id\":\"https:\\\/\\\/hutton.ee\\\/toode\\\/isepaisuv-tihend-hannoband-bg1-10mm-3-7mm-75m\\\/\",\"url\":\"https:\\\/\\\/hutton.ee\\\/toode\\\/isepaisuv-tihend-hannoband-bg1-10mm-3-7mm-75m\\\/\",\"name\":\"Isepaisuv tihend Hannoband BG1 10mm\\\/3-7mm, 7,5m - Hutton\",\"isPartOf\":{\"@id\":\"https:\\\/\\\/hutton.ee\\\/#website\"},\"primaryImageOfPage\":{\"@id\":\"https:\\\/\\\/hutton.ee\\\/toode\\\/isepaisuv-tihend-hannoband-bg1-10mm-3-7mm-75m\\\/#primaryimage\"},\"image\":{\"@id\":\"https:\\\/\\\/hutton.ee\\\/toode\\\/isepaisuv-tihend-hannoband-bg1-10mm-3-7mm-75m\\\/#primaryimage\"},\"thumbnailUrl\":\"https:\\\/\\\/hutton.ee\\\/wp-content\\\/uploads\\\/2025\\\/10\\\/Isepaisuv-tihend-Hannoband-BG1-1.png\",\"datePublished\":\"2025-10-17T12:03:42+00:00\",\"dateModified\":\"2025-12-12T09:34:09+00:00\",\"description\":\"Hannoband\u00ae BG1-M on elastne liite tihendusteip akna- ja ehitusliidete tihendamiseks. vihma- ja \u00f5hupidav, sertifitseeritud, sobib energiat\u00f5husaks ehituseks.\",\"breadcrumb\":{\"@id\":\"https:\\\/\\\/hutton.ee\\\/toode\\\/isepaisuv-tihend-hannoband-bg1-10mm-3-7mm-75m\\\/#breadcrumb\"},\"inLanguage\":\"en-US\",\"potentialAction\":[{\"@type\":\"ReadAction\",\"target\":[\"https:\\\/\\\/hutton.ee\\\/toode\\\/isepaisuv-tihend-hannoband-bg1-10mm-3-7mm-75m\\\/\"]}]},{\"@type\":\"ImageObject\",\"inLanguage\":\"en-US\",\"@id\":\"https:\\\/\\\/hutton.ee\\\/toode\\\/isepaisuv-tihend-hannoband-bg1-10mm-3-7mm-75m\\\/#primaryimage\",\"url\":\"https:\\\/\\\/hutton.ee\\\/wp-content\\\/uploads\\\/2025\\\/10\\\/Isepaisuv-tihend-Hannoband-BG1-1.png\",\"contentUrl\":\"https:\\\/\\\/hutton.ee\\\/wp-content\\\/uploads\\\/2025\\\/10\\\/Isepaisuv-tihend-Hannoband-BG1-1.png\",\"width\":300,\"height\":300,\"caption\":\"Isepaisuv tihend Hannoband BG1\"},{\"@type\":\"BreadcrumbList\",\"@id\":\"https:\\\/\\\/hutton.ee\\\/toode\\\/isepaisuv-tihend-hannoband-bg1-10mm-3-7mm-75m\\\/#breadcrumb\",\"itemListElement\":[{\"@type\":\"ListItem\",\"position\":1,\"name\":\"Avaleht\",\"item\":\"https:\\\/\\\/hutton.ee\\\/\"},{\"@type\":\"ListItem\",\"position\":2,\"name\":\"Shop\",\"item\":\"https:\\\/\\\/hutton.ee\\\/en\\\/shop\\\/\"},{\"@type\":\"ListItem\",\"position\":3,\"name\":\"Isepaisuv tihend Hannoband BG1 10mm\\\/3-7mm, 7,5m\"}]},{\"@type\":\"WebSite\",\"@id\":\"https:\\\/\\\/hutton.ee\\\/#website\",\"url\":\"https:\\\/\\\/hutton.ee\\\/\",\"name\":\"Hutton\",\"description\":\"Ajas kestvad ehituslahendused\",\"publisher\":{\"@id\":\"https:\\\/\\\/hutton.ee\\\/#organization\"},\"potentialAction\":[{\"@type\":\"SearchAction\",\"target\":{\"@type\":\"EntryPoint\",\"urlTemplate\":\"https:\\\/\\\/hutton.ee\\\/?s={search_term_string}\"},\"query-input\":{\"@type\":\"PropertyValueSpecification\",\"valueRequired\":true,\"valueName\":\"search_term_string\"}}],\"inLanguage\":\"en-US\"},{\"@type\":\"Organization\",\"@id\":\"https:\\\/\\\/hutton.ee\\\/#organization\",\"name\":\"Hutton - KATUS | SEIN | FASSAAD\",\"url\":\"https:\\\/\\\/hutton.ee\\\/\",\"logo\":{\"@type\":\"ImageObject\",\"inLanguage\":\"en-US\",\"@id\":\"https:\\\/\\\/hutton.ee\\\/#\\\/schema\\\/logo\\\/image\\\/\",\"url\":\"https:\\\/\\\/hutton.ee\\\/wp-content\\\/uploads\\\/2020\\\/07\\\/hutton-logo_uuendatud-01.png\",\"contentUrl\":\"https:\\\/\\\/hutton.ee\\\/wp-content\\\/uploads\\\/2020\\\/07\\\/hutton-logo_uuendatud-01.png\",\"width\":1064,\"height\":455,\"caption\":\"Hutton - KATUS | SEIN | FASSAAD\"},\"image\":{\"@id\":\"https:\\\/\\\/hutton.ee\\\/#\\\/schema\\\/logo\\\/image\\\/\"},\"sameAs\":[\"https:\\\/\\\/www.facebook.com\\\/huttoneesti\"]}]}<\/script>\n<!-- \/ Yoast SEO Premium plugin. -->","yoast_head_json":{"title":"Isepaisuv tihend Hannoband BG1 10mm\/3-7mm, 7,5m - Hutton","description":"Hannoband\u00ae BG1-M on elastne liite tihendusteip akna- ja ehitusliidete tihendamiseks. vihma- ja \u00f5hupidav, sertifitseeritud, sobib energiat\u00f5husaks ehituseks.","robots":{"index":"index","follow":"follow","max-snippet":"max-snippet:-1","max-image-preview":"max-image-preview:large","max-video-preview":"max-video-preview:-1"},"canonical":"https:\/\/hutton.ee\/toode\/isepaisuv-tihend-hannoband-bg1-10mm-3-7mm-75m\/","og_locale":"en_US","og_type":"article","og_title":"Isepaisuv tihend Hannoband BG1 10mm\/3-7mm, 7,5m","og_description":"Hannoband\u00ae BG1-M on elastne liite tihendusteip akna- ja ehitusliidete tihendamiseks. vihma- ja \u00f5hupidav, sertifitseeritud, sobib energiat\u00f5husaks ehituseks.","og_url":"https:\/\/hutton.ee\/toode\/isepaisuv-tihend-hannoband-bg1-10mm-3-7mm-75m\/","og_site_name":"Hutton","article_publisher":"https:\/\/www.facebook.com\/huttoneesti","article_modified_time":"2025-12-12T09:34:09+00:00","og_image":[{"width":300,"height":300,"url":"https:\/\/hutton.ee\/wp-content\/uploads\/2025\/10\/Isepaisuv-tihend-Hannoband-BG1-1.png","type":"image\/png"}],"twitter_card":"summary_large_image","twitter_misc":{"Est. reading time":"1 minute"},"schema":{"@context":"https:\/\/schema.org","@graph":[{"@type":"WebPage","@id":"https:\/\/hutton.ee\/toode\/isepaisuv-tihend-hannoband-bg1-10mm-3-7mm-75m\/","url":"https:\/\/hutton.ee\/toode\/isepaisuv-tihend-hannoband-bg1-10mm-3-7mm-75m\/","name":"Isepaisuv tihend Hannoband BG1 10mm\/3-7mm, 7,5m - Hutton","isPartOf":{"@id":"https:\/\/hutton.ee\/#website"},"primaryImageOfPage":{"@id":"https:\/\/hutton.ee\/toode\/isepaisuv-tihend-hannoband-bg1-10mm-3-7mm-75m\/#primaryimage"},"image":{"@id":"https:\/\/hutton.ee\/toode\/isepaisuv-tihend-hannoband-bg1-10mm-3-7mm-75m\/#primaryimage"},"thumbnailUrl":"https:\/\/hutton.ee\/wp-content\/uploads\/2025\/10\/Isepaisuv-tihend-Hannoband-BG1-1.png","datePublished":"2025-10-17T12:03:42+00:00","dateModified":"2025-12-12T09:34:09+00:00","description":"Hannoband\u00ae BG1-M on elastne liite tihendusteip akna- ja ehitusliidete tihendamiseks. vihma- ja \u00f5hupidav, sertifitseeritud, sobib energiat\u00f5husaks ehituseks.","breadcrumb":{"@id":"https:\/\/hutton.ee\/toode\/isepaisuv-tihend-hannoband-bg1-10mm-3-7mm-75m\/#breadcrumb"},"inLanguage":"en-US","potentialAction":[{"@type":"ReadAction","target":["https:\/\/hutton.ee\/toode\/isepaisuv-tihend-hannoband-bg1-10mm-3-7mm-75m\/"]}]},{"@type":"ImageObject","inLanguage":"en-US","@id":"https:\/\/hutton.ee\/toode\/isepaisuv-tihend-hannoband-bg1-10mm-3-7mm-75m\/#primaryimage","url":"https:\/\/hutton.ee\/wp-content\/uploads\/2025\/10\/Isepaisuv-tihend-Hannoband-BG1-1.png","contentUrl":"https:\/\/hutton.ee\/wp-content\/uploads\/2025\/10\/Isepaisuv-tihend-Hannoband-BG1-1.png","width":300,"height":300,"caption":"Isepaisuv tihend Hannoband BG1"},{"@type":"BreadcrumbList","@id":"https:\/\/hutton.ee\/toode\/isepaisuv-tihend-hannoband-bg1-10mm-3-7mm-75m\/#breadcrumb","itemListElement":[{"@type":"ListItem","position":1,"name":"Avaleht","item":"https:\/\/hutton.ee\/"},{"@type":"ListItem","position":2,"name":"Shop","item":"https:\/\/hutton.ee\/en\/shop\/"},{"@type":"ListItem","position":3,"name":"Isepaisuv tihend Hannoband BG1 10mm\/3-7mm, 7,5m"}]},{"@type":"WebSite","@id":"https:\/\/hutton.ee\/#website","url":"https:\/\/hutton.ee\/","name":"Hutton","description":"Ajas kestvad ehituslahendused","publisher":{"@id":"https:\/\/hutton.ee\/#organization"},"potentialAction":[{"@type":"SearchAction","target":{"@type":"EntryPoint","urlTemplate":"https:\/\/hutton.ee\/?s={search_term_string}"},"query-input":{"@type":"PropertyValueSpecification","valueRequired":true,"valueName":"search_term_string"}}],"inLanguage":"en-US"},{"@type":"Organization","@id":"https:\/\/hutton.ee\/#organization","name":"Hutton - KATUS | SEIN | FASSAAD","url":"https:\/\/hutton.ee\/","logo":{"@type":"ImageObject","inLanguage":"en-US","@id":"https:\/\/hutton.ee\/#\/schema\/logo\/image\/","url":"https:\/\/hutton.ee\/wp-content\/uploads\/2020\/07\/hutton-logo_uuendatud-01.png","contentUrl":"https:\/\/hutton.ee\/wp-content\/uploads\/2020\/07\/hutton-logo_uuendatud-01.png","width":1064,"height":455,"caption":"Hutton - KATUS | SEIN | FASSAAD"},"image":{"@id":"https:\/\/hutton.ee\/#\/schema\/logo\/image\/"},"sameAs":["https:\/\/www.facebook.com\/huttoneesti"]}]}},"_links":{"self":[{"href":"https:\/\/hutton.ee\/en\/wp-json\/wp\/v2\/product\/29603","targetHints":{"allow":["GET"]}}],"collection":[{"href":"https:\/\/hutton.ee\/en\/wp-json\/wp\/v2\/product"}],"about":[{"href":"https:\/\/hutton.ee\/en\/wp-json\/wp\/v2\/types\/product"}],"wp:featuredmedia":[{"embeddable":true,"href":"https:\/\/hutton.ee\/en\/wp-json\/wp\/v2\/media\/29608"}],"wp:attachment":[{"href":"https:\/\/hutton.ee\/en\/wp-json\/wp\/v2\/media?parent=29603"}],"wp:term":[{"taxonomy":"product_brand","embeddable":true,"href":"https:\/\/hutton.ee\/en\/wp-json\/wp\/v2\/product_brand?post=29603"},{"taxonomy":"product_cat","embeddable":true,"href":"https:\/\/hutton.ee\/en\/wp-json\/wp\/v2\/product_cat?post=29603"},{"taxonomy":"product_tag","embeddable":true,"href":"https:\/\/hutton.ee\/en\/wp-json\/wp\/v2\/product_tag?post=29603"},{"taxonomy":"filtrisusteem","embeddable":true,"href":"https:\/\/hutton.ee\/en\/wp-json\/wp\/v2\/filtrisusteem?post=29603"},{"taxonomy":"kvaliteediklass","embeddable":true,"href":"https:\/\/hutton.ee\/en\/wp-json\/wp\/v2\/kvaliteediklass?post=29603"}],"curies":[{"name":"wp","href":"https:\/\/api.w.org\/{rel}","templated":true}]}}