{"id":29729,"date":"2025-11-28T10:45:26","date_gmt":"2025-11-28T10:45:26","guid":{"rendered":"https:\/\/hutton.ee\/?post_type=product&#038;p=29729"},"modified":"2025-12-12T14:52:08","modified_gmt":"2025-12-12T14:52:08","slug":"tuuletoke-isocell-omega-g20-sk2-185g","status":"publish","type":"product","link":"https:\/\/hutton.ee\/en\/toode\/tuuletoke-isocell-omega-g20-sk2-185g\/","title":{"rendered":"Tuulet\u00f5ke Isocell Omega G20 SK2, 185g"},"content":{"rendered":"<p data-start=\"240\" data-end=\"585\">Tuulet\u00f5ke Isocell Omega G20 SK2, 185g on permanentselt UV kindel tuulet\u00f5kke membraan, mis sobib kasutamiseks kuni 35 mm vahedega laudise v\u00f5i muu katte all. Kahe integreeritud akr\u00fclaatliimiribaga TPU-kattega fassaadikangas tagab pika kasutusea, v\u00e4ga hea t\u00f6\u00f6kindlusega ka avatud vuukidega konstruktsioonides.<\/p>\n<p data-start=\"587\" data-end=\"755\">Spetsiaalne UV-stabiliseeritud kate v\u00f5imaldab kasutada toodet kuni 50% avade suhtega fassaadidel.<\/p>\n<p><strong>Peamised eelised<\/strong><\/p>\n<ul>\n<li>UV-kindlus \u2013 talub UV-kiirgust katmata kuni 12 kuud<\/li>\n<li>Lubatud kuni 35 mm avatud vuugid<\/li>\n<li>Kahepoolne SK2 teip lihtsaks ja kindlaks paigaldamiseks<\/li>\n<li>Tuleklass B-s1, d0<\/li>\n<li>Veekindel W1 klass<\/li>\n<li>TPU kvaliteetne kate tagab suure kuuma- ja k\u00fclmakindluse (-30 kuni +80 \u00b0C)<\/li>\n<\/ul>\n","protected":false},"excerpt":{"rendered":"<p>Tuulet\u00f5ke Isocell Omega G20 SK2, 185g on permanentselt UV kindel tuulet\u00f5kke membraan, mis sobib kasutamiseks kuni 35 mm vahedega laudise v\u00f5i muu katte all. Kahe integreeritud akr\u00fclaatliimiribaga TPU-kattega fassaadikangas tagab pika kasutusea, v\u00e4ga hea t\u00f6\u00f6kindlusega ka avatud vuukidega konstruktsioonides. Spetsiaalne UV-stabiliseeritud kate v\u00f5imaldab kasutada toodet kuni 50% avade suhtega fassaadidel. Peamised eelised UV-kindlus \u2013 talub [&hellip;]<\/p>\n","protected":false},"featured_media":29730,"template":"","meta":{"_gspb_post_css":"","_uf_show_specific_survey":0,"_uf_disable_surveys":false},"product_brand":[],"product_cat":[941,950],"product_tag":[],"filtrisusteem":[],"kvaliteediklass":[],"class_list":{"0":"post-29729","1":"product","2":"type-product","3":"status-publish","4":"has-post-thumbnail","6":"product_cat-aluskatted","7":"product_cat-tuuletokked","9":"first","10":"instock","11":"taxable","12":"shipping-taxable","13":"purchasable","14":"product-type-simple"},"yoast_head":"<!-- This site is optimized with the Yoast SEO Premium plugin v21.3 (Yoast SEO v27.3) - https:\/\/yoast.com\/product\/yoast-seo-premium-wordpress\/ -->\n<title>Tuulet\u00f5ke Isocell Omega G20 SK2, 185g - Hutton<\/title>\n<meta name=\"description\" content=\"Isocell Omega G20 SK2 on UV-kindel tuulet\u00f5kkemembraan avatud vuukidega fassaadidele. Kahe integreeritud teibiribaga, veekindel W1 ja tuleklass B-s1,d0.\" \/>\n<meta name=\"robots\" content=\"index, follow, max-snippet:-1, max-image-preview:large, max-video-preview:-1\" \/>\n<link rel=\"canonical\" href=\"https:\/\/hutton.ee\/toode\/tuuletoke-isocell-omega-g20-sk2-185g\/\" \/>\n<meta property=\"og:locale\" content=\"en_US\" \/>\n<meta property=\"og:type\" content=\"article\" \/>\n<meta property=\"og:title\" content=\"Tuulet\u00f5ke Isocell Omega G20 SK2, 185g\" \/>\n<meta property=\"og:description\" content=\"Isocell Omega G20 SK2 on UV-kindel tuulet\u00f5kkemembraan avatud vuukidega fassaadidele. Kahe integreeritud teibiribaga, veekindel W1 ja tuleklass B-s1,d0.\" \/>\n<meta property=\"og:url\" content=\"https:\/\/hutton.ee\/toode\/tuuletoke-isocell-omega-g20-sk2-185g\/\" \/>\n<meta property=\"og:site_name\" content=\"Hutton\" \/>\n<meta property=\"article:publisher\" content=\"https:\/\/www.facebook.com\/huttoneesti\" \/>\n<meta property=\"article:modified_time\" content=\"2025-12-12T14:52:08+00:00\" \/>\n<meta property=\"og:image\" content=\"https:\/\/hutton.ee\/wp-content\/uploads\/2025\/11\/csm_MA_OM_G20_SK_CA_PROPIC_Fassadenbahn_4c9bb19e25.webp\" \/>\n\t<meta property=\"og:image:width\" content=\"1200\" \/>\n\t<meta property=\"og:image:height\" content=\"802\" \/>\n\t<meta property=\"og:image:type\" content=\"image\/webp\" \/>\n<meta name=\"twitter:card\" content=\"summary_large_image\" \/>\n<meta name=\"twitter:label1\" content=\"Est. reading time\" \/>\n\t<meta name=\"twitter:data1\" content=\"1 minute\" \/>\n<script type=\"application\/ld+json\" class=\"yoast-schema-graph\">{\"@context\":\"https:\\\/\\\/schema.org\",\"@graph\":[{\"@type\":\"WebPage\",\"@id\":\"https:\\\/\\\/hutton.ee\\\/toode\\\/tuuletoke-isocell-omega-g20-sk2-185g\\\/\",\"url\":\"https:\\\/\\\/hutton.ee\\\/toode\\\/tuuletoke-isocell-omega-g20-sk2-185g\\\/\",\"name\":\"Tuulet\u00f5ke Isocell Omega G20 SK2, 185g - Hutton\",\"isPartOf\":{\"@id\":\"https:\\\/\\\/hutton.ee\\\/#website\"},\"primaryImageOfPage\":{\"@id\":\"https:\\\/\\\/hutton.ee\\\/toode\\\/tuuletoke-isocell-omega-g20-sk2-185g\\\/#primaryimage\"},\"image\":{\"@id\":\"https:\\\/\\\/hutton.ee\\\/toode\\\/tuuletoke-isocell-omega-g20-sk2-185g\\\/#primaryimage\"},\"thumbnailUrl\":\"https:\\\/\\\/hutton.ee\\\/wp-content\\\/uploads\\\/2025\\\/11\\\/csm_MA_OM_G20_SK_CA_PROPIC_Fassadenbahn_4c9bb19e25.webp\",\"datePublished\":\"2025-11-28T10:45:26+00:00\",\"dateModified\":\"2025-12-12T14:52:08+00:00\",\"description\":\"Isocell Omega G20 SK2 on UV-kindel tuulet\u00f5kkemembraan avatud vuukidega fassaadidele. Kahe integreeritud teibiribaga, veekindel W1 ja tuleklass B-s1,d0.\",\"breadcrumb\":{\"@id\":\"https:\\\/\\\/hutton.ee\\\/toode\\\/tuuletoke-isocell-omega-g20-sk2-185g\\\/#breadcrumb\"},\"inLanguage\":\"en-US\",\"potentialAction\":[{\"@type\":\"ReadAction\",\"target\":[\"https:\\\/\\\/hutton.ee\\\/toode\\\/tuuletoke-isocell-omega-g20-sk2-185g\\\/\"]}]},{\"@type\":\"ImageObject\",\"inLanguage\":\"en-US\",\"@id\":\"https:\\\/\\\/hutton.ee\\\/toode\\\/tuuletoke-isocell-omega-g20-sk2-185g\\\/#primaryimage\",\"url\":\"https:\\\/\\\/hutton.ee\\\/wp-content\\\/uploads\\\/2025\\\/11\\\/csm_MA_OM_G20_SK_CA_PROPIC_Fassadenbahn_4c9bb19e25.webp\",\"contentUrl\":\"https:\\\/\\\/hutton.ee\\\/wp-content\\\/uploads\\\/2025\\\/11\\\/csm_MA_OM_G20_SK_CA_PROPIC_Fassadenbahn_4c9bb19e25.webp\",\"width\":1200,\"height\":802,\"caption\":\"Omega G20 SK2\"},{\"@type\":\"BreadcrumbList\",\"@id\":\"https:\\\/\\\/hutton.ee\\\/toode\\\/tuuletoke-isocell-omega-g20-sk2-185g\\\/#breadcrumb\",\"itemListElement\":[{\"@type\":\"ListItem\",\"position\":1,\"name\":\"Avaleht\",\"item\":\"https:\\\/\\\/hutton.ee\\\/\"},{\"@type\":\"ListItem\",\"position\":2,\"name\":\"Shop\",\"item\":\"https:\\\/\\\/hutton.ee\\\/en\\\/shop\\\/\"},{\"@type\":\"ListItem\",\"position\":3,\"name\":\"Tuulet\u00f5ke Isocell Omega G20 SK2, 185g\"}]},{\"@type\":\"WebSite\",\"@id\":\"https:\\\/\\\/hutton.ee\\\/#website\",\"url\":\"https:\\\/\\\/hutton.ee\\\/\",\"name\":\"Hutton\",\"description\":\"Ajas kestvad ehituslahendused\",\"publisher\":{\"@id\":\"https:\\\/\\\/hutton.ee\\\/#organization\"},\"potentialAction\":[{\"@type\":\"SearchAction\",\"target\":{\"@type\":\"EntryPoint\",\"urlTemplate\":\"https:\\\/\\\/hutton.ee\\\/?s={search_term_string}\"},\"query-input\":{\"@type\":\"PropertyValueSpecification\",\"valueRequired\":true,\"valueName\":\"search_term_string\"}}],\"inLanguage\":\"en-US\"},{\"@type\":\"Organization\",\"@id\":\"https:\\\/\\\/hutton.ee\\\/#organization\",\"name\":\"Hutton - KATUS | SEIN | FASSAAD\",\"url\":\"https:\\\/\\\/hutton.ee\\\/\",\"logo\":{\"@type\":\"ImageObject\",\"inLanguage\":\"en-US\",\"@id\":\"https:\\\/\\\/hutton.ee\\\/#\\\/schema\\\/logo\\\/image\\\/\",\"url\":\"https:\\\/\\\/hutton.ee\\\/wp-content\\\/uploads\\\/2020\\\/07\\\/hutton-logo_uuendatud-01.png\",\"contentUrl\":\"https:\\\/\\\/hutton.ee\\\/wp-content\\\/uploads\\\/2020\\\/07\\\/hutton-logo_uuendatud-01.png\",\"width\":1064,\"height\":455,\"caption\":\"Hutton - KATUS | SEIN | FASSAAD\"},\"image\":{\"@id\":\"https:\\\/\\\/hutton.ee\\\/#\\\/schema\\\/logo\\\/image\\\/\"},\"sameAs\":[\"https:\\\/\\\/www.facebook.com\\\/huttoneesti\"]}]}<\/script>\n<!-- \/ Yoast SEO Premium plugin. -->","yoast_head_json":{"title":"Tuulet\u00f5ke Isocell Omega G20 SK2, 185g - Hutton","description":"Isocell Omega G20 SK2 on UV-kindel tuulet\u00f5kkemembraan avatud vuukidega fassaadidele. Kahe integreeritud teibiribaga, veekindel W1 ja tuleklass B-s1,d0.","robots":{"index":"index","follow":"follow","max-snippet":"max-snippet:-1","max-image-preview":"max-image-preview:large","max-video-preview":"max-video-preview:-1"},"canonical":"https:\/\/hutton.ee\/toode\/tuuletoke-isocell-omega-g20-sk2-185g\/","og_locale":"en_US","og_type":"article","og_title":"Tuulet\u00f5ke Isocell Omega G20 SK2, 185g","og_description":"Isocell Omega G20 SK2 on UV-kindel tuulet\u00f5kkemembraan avatud vuukidega fassaadidele. Kahe integreeritud teibiribaga, veekindel W1 ja tuleklass B-s1,d0.","og_url":"https:\/\/hutton.ee\/toode\/tuuletoke-isocell-omega-g20-sk2-185g\/","og_site_name":"Hutton","article_publisher":"https:\/\/www.facebook.com\/huttoneesti","article_modified_time":"2025-12-12T14:52:08+00:00","og_image":[{"width":1200,"height":802,"url":"https:\/\/hutton.ee\/wp-content\/uploads\/2025\/11\/csm_MA_OM_G20_SK_CA_PROPIC_Fassadenbahn_4c9bb19e25.webp","type":"image\/webp"}],"twitter_card":"summary_large_image","twitter_misc":{"Est. reading time":"1 minute"},"schema":{"@context":"https:\/\/schema.org","@graph":[{"@type":"WebPage","@id":"https:\/\/hutton.ee\/toode\/tuuletoke-isocell-omega-g20-sk2-185g\/","url":"https:\/\/hutton.ee\/toode\/tuuletoke-isocell-omega-g20-sk2-185g\/","name":"Tuulet\u00f5ke Isocell Omega G20 SK2, 185g - Hutton","isPartOf":{"@id":"https:\/\/hutton.ee\/#website"},"primaryImageOfPage":{"@id":"https:\/\/hutton.ee\/toode\/tuuletoke-isocell-omega-g20-sk2-185g\/#primaryimage"},"image":{"@id":"https:\/\/hutton.ee\/toode\/tuuletoke-isocell-omega-g20-sk2-185g\/#primaryimage"},"thumbnailUrl":"https:\/\/hutton.ee\/wp-content\/uploads\/2025\/11\/csm_MA_OM_G20_SK_CA_PROPIC_Fassadenbahn_4c9bb19e25.webp","datePublished":"2025-11-28T10:45:26+00:00","dateModified":"2025-12-12T14:52:08+00:00","description":"Isocell Omega G20 SK2 on UV-kindel tuulet\u00f5kkemembraan avatud vuukidega fassaadidele. Kahe integreeritud teibiribaga, veekindel W1 ja tuleklass B-s1,d0.","breadcrumb":{"@id":"https:\/\/hutton.ee\/toode\/tuuletoke-isocell-omega-g20-sk2-185g\/#breadcrumb"},"inLanguage":"en-US","potentialAction":[{"@type":"ReadAction","target":["https:\/\/hutton.ee\/toode\/tuuletoke-isocell-omega-g20-sk2-185g\/"]}]},{"@type":"ImageObject","inLanguage":"en-US","@id":"https:\/\/hutton.ee\/toode\/tuuletoke-isocell-omega-g20-sk2-185g\/#primaryimage","url":"https:\/\/hutton.ee\/wp-content\/uploads\/2025\/11\/csm_MA_OM_G20_SK_CA_PROPIC_Fassadenbahn_4c9bb19e25.webp","contentUrl":"https:\/\/hutton.ee\/wp-content\/uploads\/2025\/11\/csm_MA_OM_G20_SK_CA_PROPIC_Fassadenbahn_4c9bb19e25.webp","width":1200,"height":802,"caption":"Omega G20 SK2"},{"@type":"BreadcrumbList","@id":"https:\/\/hutton.ee\/toode\/tuuletoke-isocell-omega-g20-sk2-185g\/#breadcrumb","itemListElement":[{"@type":"ListItem","position":1,"name":"Avaleht","item":"https:\/\/hutton.ee\/"},{"@type":"ListItem","position":2,"name":"Shop","item":"https:\/\/hutton.ee\/en\/shop\/"},{"@type":"ListItem","position":3,"name":"Tuulet\u00f5ke Isocell Omega G20 SK2, 185g"}]},{"@type":"WebSite","@id":"https:\/\/hutton.ee\/#website","url":"https:\/\/hutton.ee\/","name":"Hutton","description":"Ajas kestvad ehituslahendused","publisher":{"@id":"https:\/\/hutton.ee\/#organization"},"potentialAction":[{"@type":"SearchAction","target":{"@type":"EntryPoint","urlTemplate":"https:\/\/hutton.ee\/?s={search_term_string}"},"query-input":{"@type":"PropertyValueSpecification","valueRequired":true,"valueName":"search_term_string"}}],"inLanguage":"en-US"},{"@type":"Organization","@id":"https:\/\/hutton.ee\/#organization","name":"Hutton - KATUS | SEIN | FASSAAD","url":"https:\/\/hutton.ee\/","logo":{"@type":"ImageObject","inLanguage":"en-US","@id":"https:\/\/hutton.ee\/#\/schema\/logo\/image\/","url":"https:\/\/hutton.ee\/wp-content\/uploads\/2020\/07\/hutton-logo_uuendatud-01.png","contentUrl":"https:\/\/hutton.ee\/wp-content\/uploads\/2020\/07\/hutton-logo_uuendatud-01.png","width":1064,"height":455,"caption":"Hutton - KATUS | SEIN | FASSAAD"},"image":{"@id":"https:\/\/hutton.ee\/#\/schema\/logo\/image\/"},"sameAs":["https:\/\/www.facebook.com\/huttoneesti"]}]}},"_links":{"self":[{"href":"https:\/\/hutton.ee\/en\/wp-json\/wp\/v2\/product\/29729","targetHints":{"allow":["GET"]}}],"collection":[{"href":"https:\/\/hutton.ee\/en\/wp-json\/wp\/v2\/product"}],"about":[{"href":"https:\/\/hutton.ee\/en\/wp-json\/wp\/v2\/types\/product"}],"wp:featuredmedia":[{"embeddable":true,"href":"https:\/\/hutton.ee\/en\/wp-json\/wp\/v2\/media\/29730"}],"wp:attachment":[{"href":"https:\/\/hutton.ee\/en\/wp-json\/wp\/v2\/media?parent=29729"}],"wp:term":[{"taxonomy":"product_brand","embeddable":true,"href":"https:\/\/hutton.ee\/en\/wp-json\/wp\/v2\/product_brand?post=29729"},{"taxonomy":"product_cat","embeddable":true,"href":"https:\/\/hutton.ee\/en\/wp-json\/wp\/v2\/product_cat?post=29729"},{"taxonomy":"product_tag","embeddable":true,"href":"https:\/\/hutton.ee\/en\/wp-json\/wp\/v2\/product_tag?post=29729"},{"taxonomy":"filtrisusteem","embeddable":true,"href":"https:\/\/hutton.ee\/en\/wp-json\/wp\/v2\/filtrisusteem?post=29729"},{"taxonomy":"kvaliteediklass","embeddable":true,"href":"https:\/\/hutton.ee\/en\/wp-json\/wp\/v2\/kvaliteediklass?post=29729"}],"curies":[{"name":"wp","href":"https:\/\/api.w.org\/{rel}","templated":true}]}}