{"id":29742,"date":"2025-12-01T09:39:20","date_gmt":"2025-12-01T09:39:20","guid":{"rendered":"https:\/\/hutton.ee\/?post_type=product&#038;p=29742"},"modified":"2026-03-17T07:39:23","modified_gmt":"2026-03-17T07:39:23","slug":"ehitusfuusika-materjalitehnoloogia-rakvere-koolitus-10-02","status":"publish","type":"product","link":"https:\/\/hutton.ee\/en\/toode\/ehitusfuusika-materjalitehnoloogia-rakvere-koolitus-10-02\/","title":{"rendered":"Ehitusf\u00fc\u00fcsika &#038; materjalitehnoloogia + Penosil: Rakvere koolitus 10.02"},"content":{"rendered":"<p><strong>Ehituskoolitus: Ehitusf\u00fc\u00fcsika ja materjalitehnoloogia<\/strong><\/p>\n<p><strong>1. Niiskus<\/strong><\/p>\n<ul>\n<li>Niiskuse esinemise erinevad viisid ja olekud<\/li>\n<li>Niiskuse liikumise viisid<br \/>\n&#8211; difusioon<br \/>\n&#8211; konvektsioon<\/li>\n<li>Niiskusega seotud probleemid<\/li>\n<li>Niiskuse allikad hoonetes<\/li>\n<li>Absoluutne ja suhteline niiskus<\/li>\n<li>Niiskuslisa<\/li>\n<li>Kastepunkt<\/li>\n<li>Niiskus saunas ja selle m\u00f5ju tarinditele<\/li>\n<li>Soojuse liikumise erinevad viisid<\/li>\n<\/ul>\n<p><strong>2. <a href=\"https:\/\/hutton.ee\/tootekategooria\/aluskatted\/\">Aluskatted<\/a><\/strong><\/p>\n<ul>\n<li>Aluskatte materjalide funktsioonid<\/li>\n<li>Diffuussete membraanide koostisosad<\/li>\n<li>Membraanide valmistamise tehnoloogiad<\/li>\n<li>Aluskatete toimivus<\/li>\n<li>Tehniliste andmete leht<\/li>\n<li>Toimivusdeklaratsioon, CE<\/li>\n<li>Aluskatete v\u00f5rdlemine<\/li>\n<li>Aluskatted Eesti turul<\/li>\n<li>Aluskatete paigaldamine<\/li>\n<li>Aluskatete tihendamine<\/li>\n<li>Enamlevinud probleemid paigaldamisel<\/li>\n<li>Aluskatete m\u00fc\u00fcdid-linnalegendid<\/li>\n<li>Katuse tuulduvusega seotud ehitusf\u00fc\u00fcsika<\/li>\n<li>Erinevate aluskatete v\u00f5rdlev anal\u00fc\u00fcs<\/li>\n<\/ul>\n<p><strong>3. <a href=\"https:\/\/hutton.ee\/tootekategooria\/tuuletokked\/\">Tuulet\u00f5kked<\/a><\/strong><\/p>\n<ul>\n<li>Tuulet\u00f5kke materjalide funktsioonid<\/li>\n<li>Tehniliste andmete leht, toimivus-deklaratsioon, CE<\/li>\n<li>Tuulet\u00f5kkematerjalide tehnilised omadused, omaduste v\u00f5rdlemine<\/li>\n<li>Tuulet\u00f5kkematerjalid ja tuleohutusn\u00f5uded<\/li>\n<li>Tuulet\u00f5kkematerjalide UV kindlus<\/li>\n<li>Tuulet\u00f5kked Eestis vs Kesk-Euroopa vs P\u00f5hjamaad<\/li>\n<li>Tuulet\u00f5kete paigaldamine<\/li>\n<li>Tuulet\u00f5kete tihendamine<\/li>\n<li>Enamlevinud probleemid paigaldamisel<\/li>\n<li>Tuulet\u00f5kete m\u00fc\u00fcdid-linnalegendid-valearvamused<\/li>\n<li>Fassaadide tuulduvusega seotud ehitusf\u00fc\u00fcsika<\/li>\n<li>Erinevate tuulet\u00f5ketev\u00f5rdlev anal\u00fc\u00fcs<\/li>\n<\/ul>\n<p><strong>4. <a href=\"https:\/\/hutton.ee\/tootekategooria\/aurutokked\/\">Aurut\u00f5kked<\/a><\/strong><\/p>\n<ul>\n<li>Aurutt\u00f5kke materjalide funktsioonid ja toimivus<\/li>\n<li>Tehniliste andmete leht, toimivusdeklaratsioon, CE<\/li>\n<li>Aurut\u00f5kke materjalide tehnilised omadused, omaduste v\u00f5rdlemine<\/li>\n<li>Aurut\u00f5kked Eestis vs Kesk-Euroopa vs P\u00f5hjamaad<\/li>\n<li>Aurut\u00f5kked paigaldamine<\/li>\n<li>Aurut\u00f5kked \u00fclekatted ja \u00fclekatete tihendamine<\/li>\n<li>Aurut\u00f5kked l\u00e4biviigud ja l\u00e4biviikude tihendamine<\/li>\n<li>Enamlevinud probleemid paigaldamisel<\/li>\n<li>Aurut\u00f5kked m\u00fc\u00fcdid-linnalegendid-valearvamused<\/li>\n<li>Erinevate aurut\u00f5kke lahenduste eelised ja puuduse, v\u00f5rdlev anal\u00fc\u00fcs<\/li>\n<\/ul>\n<p><strong>5. Penosil ehitusvahud &#8211; Urmas Kullang (Penosil koolitaja)<\/strong><\/p>\n<ul>\n<li>Mis on <a href=\"https:\/\/hutton.ee\/tootekategooria\/ehituskeemia\/\">ehitusvahud<\/a>?<\/li>\n<li>Millised erinevad ehitusvahud on olemas?<\/li>\n<li>Milline on erinevate vahtude otstarve?<\/li>\n<li>Erinevate vahtude kasutamise tingimused.<\/li>\n<li>V\u00f5imalikud ohud vahtude kasutamisel ja kuidas neid v\u00e4ltida?<\/li>\n<li>Diisots\u00fcanaatide m\u00f5ju tervisele (peamiselt allergiad) ja kaitsevahendite kasutamine<\/li>\n<\/ul>\n<p>Alates 24. augustist 2023. aastast peavad k\u00f5ik isikud, kes kasutavad professionaalsel ning t\u00f6\u00f6stuslikul eesm\u00e4rgil pol\u00fcuretaanvahte, liime ja hermeetikuid, milles monomeerse diisots\u00fcanaadi kogukontsentratsioon on \u00fcle 0,1%, l\u00e4bima diisots\u00fcanaatide ohutu kasutamise alase koolituse. Koolitus vastab\u00a0<a href=\"https:\/\/environment.ec.europa.eu\/topics\/chemicals\/reach-regulation_en\" target=\"_blank\" rel=\"noreferrer noopener\">REACH<\/a>-m\u00e4\u00e4ruse ja\u00a0<a href=\"https:\/\/eur-lex.europa.eu\/legal-content\/ET\/TXT\/PDF\/?uri=CELEX:32006R1907\" target=\"_blank\" rel=\"noreferrer noopener\">EUROOPA PARLAMENDI JA N\u00d5UKOGU M\u00c4\u00c4RUS (E\u00dc) nr 1907\/2006 XVII<\/a>\u00a0n\u00f5uetele.<\/p>\n<p><strong>Kellele on koolitus ehitusf\u00fc\u00fcsika ja materjalitehnoloogiad suunatud<\/strong>:<strong><br \/>\n<\/strong>Ehitajatele, projekteerijatele, arhitektidele, ehitusjuhtidele, ehitusej\u00e4relevalve inseneridele ja k\u00f5igile neile, kellele antud teema huvi pakub.<\/p>\n<p><strong>Registreerimine<\/strong>:<strong><br \/>\n<\/strong>Valige endale sobiv koolituse aeg ja koht <a href=\"https:\/\/hutton.ee\/koolitused\/\">https:\/\/hutton.ee\/koolitused\/<\/a> ning registreeruge e-poe kaudu. <strong>Kohtade arv on piiratud!<\/strong><\/p>\n<p data-start=\"50\" data-end=\"86\"><strong data-start=\"50\" data-end=\"86\">Koolitusel osalemise t\u00fchistamine<\/strong>:<strong data-start=\"50\" data-end=\"86\"><br \/>\n<\/strong>Mitteosalemisest tuleb teatada v\u00e4hemalt 5 p\u00e4eva enne koolituse toimumise kuup\u00e4eva. Sel juhul tagastame osalustasu.<br \/>\nHilisemal teavitamisel v\u00f5i koolitusel mitteosalemisel osalustasu ei tagastata.<\/p>\n<p class=\"moz-signature\">&#8212;<\/p>\n<p>Koolitaja:<br \/>\nMargus Laats<br \/>\n+372 50 11 324<br \/>\nmargus.laats@hutton.ee<\/p>\n","protected":false},"excerpt":{"rendered":"<p>Ehituskoolitus &#8220;Energias\u00e4\u00e4stlik ehitamine ja materjalitehnoloogiad&#8221; annab praktilised teadmised hoonete energiat\u00f5hususe suurendamisest ja vastupidavate materjalide valikust. Koolitusel \u00f5pid kuidas v\u00e4ltida levinumaid probleeme niiskuse, aluskatte, tuulet\u00f5kke ja aurut\u00f5kke valikul.<br \/>\nLisaks saad koolitusel \u00fclevaate Penosil ehitusvahtudest \u2013 liikidest, \u00f5igest kasutusest ja v\u00f5imalikest ohtudest. Koolitus katab <strong data-start=\"204\" data-end=\"260\">kohustusliku diisots\u00fcanaatide ohutu kasutamise teema<\/strong>, mis on seadusega n\u00f5utud alates 24.08.2023.<\/p>\n<p><strong>Koolitus toimub:<br \/>\n<\/strong>10.02.2026<br \/>\nKell 12:00-16:00 (Ehitusf\u00fc\u00fcsika)<br \/>\nKell 16:00 &#8211; 17:00 (Penosil ehitusvahud)<br \/>\nPiiri tn 8, Rakvere &#8211; Rakvere Ametikool<\/p>\n<p><strong>Osalejatele tunnistused!<\/strong><\/p>\n<p>T\u00e4psema info koolituse kohta leiad allpool \u2b07\ufe0f<\/p>\n","protected":false},"featured_media":29874,"template":"","meta":{"_gspb_post_css":"","_uf_show_specific_survey":0,"_uf_disable_surveys":false},"product_brand":[],"product_cat":[938],"product_tag":[2876],"filtrisusteem":[],"kvaliteediklass":[],"class_list":{"0":"post-29742","1":"product","2":"type-product","3":"status-publish","4":"has-post-thumbnail","6":"product_cat-koolitused","7":"product_tag-ei_pusiklient","9":"first","10":"outofstock","11":"virtual","12":"taxable","13":"purchasable","14":"product-type-simple"},"yoast_head":"<!-- This site is optimized with the Yoast SEO Premium plugin v21.3 (Yoast SEO v27.5) - https:\/\/yoast.com\/product\/yoast-seo-premium-wordpress\/ -->\n<title>Ehitusf\u00fc\u00fcsika &amp; materjalitehnoloogia + Penosil: Rakvere koolitus 10.02 - Hutton<\/title>\n<meta name=\"description\" content=\"Margus Laats koolitus: Ehitusf\u00fc\u00fcsika, energias\u00e4\u00e4stlik ehitamine, materjalitehnoloogiad. Ehitajatele, projekteerijatele, ehitusjuhtidele.. Registreeru kohe!\" \/>\n<meta name=\"robots\" content=\"index, follow, max-snippet:-1, max-image-preview:large, max-video-preview:-1\" \/>\n<link rel=\"canonical\" href=\"https:\/\/hutton.ee\/toode\/ehitusfuusika-materjalitehnoloogia-rakvere-koolitus-10-02\/\" \/>\n<meta property=\"og:locale\" content=\"en_US\" \/>\n<meta property=\"og:type\" content=\"article\" \/>\n<meta property=\"og:title\" content=\"Ehitusf\u00fc\u00fcsika &amp; materjalitehnoloogia + Penosil: Rakvere koolitus 10.02 - Hutton\" \/>\n<meta property=\"og:description\" content=\"Margus Laats koolitus: Energias\u00e4\u00e4stlik ehitamine. Ehitusf\u00fc\u00fcsika ja materjalitehnoloogiad. Ehitajatele, projekteerijatele, ehitusjuhtidele jt. Registreeri kohe &gt;\" \/>\n<meta property=\"og:url\" content=\"https:\/\/hutton.ee\/toode\/ehitusfuusika-materjalitehnoloogia-rakvere-koolitus-10-02\/\" \/>\n<meta property=\"og:site_name\" content=\"Hutton\" \/>\n<meta property=\"article:publisher\" content=\"https:\/\/www.facebook.com\/huttoneesti\" \/>\n<meta property=\"article:modified_time\" content=\"2026-03-17T07:39:23+00:00\" \/>\n<meta property=\"og:image\" content=\"https:\/\/hutton.ee\/wp-content\/uploads\/2025\/12\/Talv-kevad-koolitused-RUUT_3-1.png\" \/>\n\t<meta property=\"og:image:width\" content=\"1080\" \/>\n\t<meta property=\"og:image:height\" content=\"1080\" \/>\n\t<meta property=\"og:image:type\" content=\"image\/png\" \/>\n<meta name=\"twitter:card\" content=\"summary_large_image\" \/>\n<meta name=\"twitter:title\" content=\"Ehitusf\u00fc\u00fcsika &amp; materjalitehnoloogia + Penosil: Rakvere koolitus 10.02 - Hutton\" \/>\n<meta name=\"twitter:description\" content=\"Margus Laats koolitus: Energias\u00e4\u00e4stlik ehitamine. Ehitusf\u00fc\u00fcsika ja materjalitehnoloogiad. Ehitajatele, projekteerijatele, ehitusjuhtidele jt. Registreeri kohe &gt;\" \/>\n<meta name=\"twitter:label1\" content=\"Est. reading time\" \/>\n\t<meta name=\"twitter:data1\" content=\"2 minutes\" \/>\n<script type=\"application\/ld+json\" class=\"yoast-schema-graph\">{\"@context\":\"https:\\\/\\\/schema.org\",\"@graph\":[{\"@type\":\"WebPage\",\"@id\":\"https:\\\/\\\/hutton.ee\\\/toode\\\/ehitusfuusika-materjalitehnoloogia-rakvere-koolitus-10-02\\\/\",\"url\":\"https:\\\/\\\/hutton.ee\\\/toode\\\/ehitusfuusika-materjalitehnoloogia-rakvere-koolitus-10-02\\\/\",\"name\":\"Ehitusf\u00fc\u00fcsika & materjalitehnoloogia + Penosil: Rakvere koolitus 10.02 - Hutton\",\"isPartOf\":{\"@id\":\"https:\\\/\\\/hutton.ee\\\/#website\"},\"primaryImageOfPage\":{\"@id\":\"https:\\\/\\\/hutton.ee\\\/toode\\\/ehitusfuusika-materjalitehnoloogia-rakvere-koolitus-10-02\\\/#primaryimage\"},\"image\":{\"@id\":\"https:\\\/\\\/hutton.ee\\\/toode\\\/ehitusfuusika-materjalitehnoloogia-rakvere-koolitus-10-02\\\/#primaryimage\"},\"thumbnailUrl\":\"https:\\\/\\\/hutton.ee\\\/wp-content\\\/uploads\\\/2025\\\/12\\\/Talv-kevad-koolitused-RUUT_3-1.png\",\"datePublished\":\"2025-12-01T09:39:20+00:00\",\"dateModified\":\"2026-03-17T07:39:23+00:00\",\"description\":\"Margus Laats koolitus: Ehitusf\u00fc\u00fcsika, energias\u00e4\u00e4stlik ehitamine, materjalitehnoloogiad. Ehitajatele, projekteerijatele, ehitusjuhtidele.. Registreeru kohe!\",\"breadcrumb\":{\"@id\":\"https:\\\/\\\/hutton.ee\\\/toode\\\/ehitusfuusika-materjalitehnoloogia-rakvere-koolitus-10-02\\\/#breadcrumb\"},\"inLanguage\":\"en-US\",\"potentialAction\":[{\"@type\":\"ReadAction\",\"target\":[\"https:\\\/\\\/hutton.ee\\\/toode\\\/ehitusfuusika-materjalitehnoloogia-rakvere-koolitus-10-02\\\/\"]}]},{\"@type\":\"ImageObject\",\"inLanguage\":\"en-US\",\"@id\":\"https:\\\/\\\/hutton.ee\\\/toode\\\/ehitusfuusika-materjalitehnoloogia-rakvere-koolitus-10-02\\\/#primaryimage\",\"url\":\"https:\\\/\\\/hutton.ee\\\/wp-content\\\/uploads\\\/2025\\\/12\\\/Talv-kevad-koolitused-RUUT_3-1.png\",\"contentUrl\":\"https:\\\/\\\/hutton.ee\\\/wp-content\\\/uploads\\\/2025\\\/12\\\/Talv-kevad-koolitused-RUUT_3-1.png\",\"width\":1080,\"height\":1080,\"caption\":\"Ehituskoolitus: ehitusf\u00fc\u00fcsika ja penosil ehitusvahud\"},{\"@type\":\"BreadcrumbList\",\"@id\":\"https:\\\/\\\/hutton.ee\\\/toode\\\/ehitusfuusika-materjalitehnoloogia-rakvere-koolitus-10-02\\\/#breadcrumb\",\"itemListElement\":[{\"@type\":\"ListItem\",\"position\":1,\"name\":\"Avaleht\",\"item\":\"https:\\\/\\\/hutton.ee\\\/\"},{\"@type\":\"ListItem\",\"position\":2,\"name\":\"Shop\",\"item\":\"https:\\\/\\\/hutton.ee\\\/en\\\/shop\\\/\"},{\"@type\":\"ListItem\",\"position\":3,\"name\":\"Ehitusf\u00fc\u00fcsika &#038; materjalitehnoloogia + Penosil: Rakvere koolitus 10.02\"}]},{\"@type\":\"WebSite\",\"@id\":\"https:\\\/\\\/hutton.ee\\\/#website\",\"url\":\"https:\\\/\\\/hutton.ee\\\/\",\"name\":\"Hutton\",\"description\":\"Ajas kestvad ehituslahendused\",\"publisher\":{\"@id\":\"https:\\\/\\\/hutton.ee\\\/#organization\"},\"potentialAction\":[{\"@type\":\"SearchAction\",\"target\":{\"@type\":\"EntryPoint\",\"urlTemplate\":\"https:\\\/\\\/hutton.ee\\\/?s={search_term_string}\"},\"query-input\":{\"@type\":\"PropertyValueSpecification\",\"valueRequired\":true,\"valueName\":\"search_term_string\"}}],\"inLanguage\":\"en-US\"},{\"@type\":\"Organization\",\"@id\":\"https:\\\/\\\/hutton.ee\\\/#organization\",\"name\":\"Hutton - KATUS | SEIN | FASSAAD\",\"url\":\"https:\\\/\\\/hutton.ee\\\/\",\"logo\":{\"@type\":\"ImageObject\",\"inLanguage\":\"en-US\",\"@id\":\"https:\\\/\\\/hutton.ee\\\/#\\\/schema\\\/logo\\\/image\\\/\",\"url\":\"https:\\\/\\\/hutton.ee\\\/wp-content\\\/uploads\\\/2020\\\/07\\\/hutton-logo_uuendatud-01.png\",\"contentUrl\":\"https:\\\/\\\/hutton.ee\\\/wp-content\\\/uploads\\\/2020\\\/07\\\/hutton-logo_uuendatud-01.png\",\"width\":1064,\"height\":455,\"caption\":\"Hutton - KATUS | SEIN | FASSAAD\"},\"image\":{\"@id\":\"https:\\\/\\\/hutton.ee\\\/#\\\/schema\\\/logo\\\/image\\\/\"},\"sameAs\":[\"https:\\\/\\\/www.facebook.com\\\/huttoneesti\"]}]}<\/script>\n<!-- \/ Yoast SEO Premium plugin. -->","yoast_head_json":{"title":"Ehitusf\u00fc\u00fcsika & materjalitehnoloogia + Penosil: Rakvere koolitus 10.02 - Hutton","description":"Margus Laats koolitus: Ehitusf\u00fc\u00fcsika, energias\u00e4\u00e4stlik ehitamine, materjalitehnoloogiad. Ehitajatele, projekteerijatele, ehitusjuhtidele.. Registreeru kohe!","robots":{"index":"index","follow":"follow","max-snippet":"max-snippet:-1","max-image-preview":"max-image-preview:large","max-video-preview":"max-video-preview:-1"},"canonical":"https:\/\/hutton.ee\/toode\/ehitusfuusika-materjalitehnoloogia-rakvere-koolitus-10-02\/","og_locale":"en_US","og_type":"article","og_title":"Ehitusf\u00fc\u00fcsika & materjalitehnoloogia + Penosil: Rakvere koolitus 10.02 - Hutton","og_description":"Margus Laats koolitus: Energias\u00e4\u00e4stlik ehitamine. Ehitusf\u00fc\u00fcsika ja materjalitehnoloogiad. Ehitajatele, projekteerijatele, ehitusjuhtidele jt. Registreeri kohe >","og_url":"https:\/\/hutton.ee\/toode\/ehitusfuusika-materjalitehnoloogia-rakvere-koolitus-10-02\/","og_site_name":"Hutton","article_publisher":"https:\/\/www.facebook.com\/huttoneesti","article_modified_time":"2026-03-17T07:39:23+00:00","og_image":[{"width":1080,"height":1080,"url":"https:\/\/hutton.ee\/wp-content\/uploads\/2025\/12\/Talv-kevad-koolitused-RUUT_3-1.png","type":"image\/png"}],"twitter_card":"summary_large_image","twitter_title":"Ehitusf\u00fc\u00fcsika & materjalitehnoloogia + Penosil: Rakvere koolitus 10.02 - Hutton","twitter_description":"Margus Laats koolitus: Energias\u00e4\u00e4stlik ehitamine. Ehitusf\u00fc\u00fcsika ja materjalitehnoloogiad. Ehitajatele, projekteerijatele, ehitusjuhtidele jt. Registreeri kohe >","twitter_misc":{"Est. reading time":"2 minutes"},"schema":{"@context":"https:\/\/schema.org","@graph":[{"@type":"WebPage","@id":"https:\/\/hutton.ee\/toode\/ehitusfuusika-materjalitehnoloogia-rakvere-koolitus-10-02\/","url":"https:\/\/hutton.ee\/toode\/ehitusfuusika-materjalitehnoloogia-rakvere-koolitus-10-02\/","name":"Ehitusf\u00fc\u00fcsika & materjalitehnoloogia + Penosil: Rakvere koolitus 10.02 - Hutton","isPartOf":{"@id":"https:\/\/hutton.ee\/#website"},"primaryImageOfPage":{"@id":"https:\/\/hutton.ee\/toode\/ehitusfuusika-materjalitehnoloogia-rakvere-koolitus-10-02\/#primaryimage"},"image":{"@id":"https:\/\/hutton.ee\/toode\/ehitusfuusika-materjalitehnoloogia-rakvere-koolitus-10-02\/#primaryimage"},"thumbnailUrl":"https:\/\/hutton.ee\/wp-content\/uploads\/2025\/12\/Talv-kevad-koolitused-RUUT_3-1.png","datePublished":"2025-12-01T09:39:20+00:00","dateModified":"2026-03-17T07:39:23+00:00","description":"Margus Laats koolitus: Ehitusf\u00fc\u00fcsika, energias\u00e4\u00e4stlik ehitamine, materjalitehnoloogiad. Ehitajatele, projekteerijatele, ehitusjuhtidele.. Registreeru kohe!","breadcrumb":{"@id":"https:\/\/hutton.ee\/toode\/ehitusfuusika-materjalitehnoloogia-rakvere-koolitus-10-02\/#breadcrumb"},"inLanguage":"en-US","potentialAction":[{"@type":"ReadAction","target":["https:\/\/hutton.ee\/toode\/ehitusfuusika-materjalitehnoloogia-rakvere-koolitus-10-02\/"]}]},{"@type":"ImageObject","inLanguage":"en-US","@id":"https:\/\/hutton.ee\/toode\/ehitusfuusika-materjalitehnoloogia-rakvere-koolitus-10-02\/#primaryimage","url":"https:\/\/hutton.ee\/wp-content\/uploads\/2025\/12\/Talv-kevad-koolitused-RUUT_3-1.png","contentUrl":"https:\/\/hutton.ee\/wp-content\/uploads\/2025\/12\/Talv-kevad-koolitused-RUUT_3-1.png","width":1080,"height":1080,"caption":"Ehituskoolitus: ehitusf\u00fc\u00fcsika ja penosil ehitusvahud"},{"@type":"BreadcrumbList","@id":"https:\/\/hutton.ee\/toode\/ehitusfuusika-materjalitehnoloogia-rakvere-koolitus-10-02\/#breadcrumb","itemListElement":[{"@type":"ListItem","position":1,"name":"Avaleht","item":"https:\/\/hutton.ee\/"},{"@type":"ListItem","position":2,"name":"Shop","item":"https:\/\/hutton.ee\/en\/shop\/"},{"@type":"ListItem","position":3,"name":"Ehitusf\u00fc\u00fcsika &#038; materjalitehnoloogia + Penosil: Rakvere koolitus 10.02"}]},{"@type":"WebSite","@id":"https:\/\/hutton.ee\/#website","url":"https:\/\/hutton.ee\/","name":"Hutton","description":"Ajas kestvad ehituslahendused","publisher":{"@id":"https:\/\/hutton.ee\/#organization"},"potentialAction":[{"@type":"SearchAction","target":{"@type":"EntryPoint","urlTemplate":"https:\/\/hutton.ee\/?s={search_term_string}"},"query-input":{"@type":"PropertyValueSpecification","valueRequired":true,"valueName":"search_term_string"}}],"inLanguage":"en-US"},{"@type":"Organization","@id":"https:\/\/hutton.ee\/#organization","name":"Hutton - KATUS | SEIN | FASSAAD","url":"https:\/\/hutton.ee\/","logo":{"@type":"ImageObject","inLanguage":"en-US","@id":"https:\/\/hutton.ee\/#\/schema\/logo\/image\/","url":"https:\/\/hutton.ee\/wp-content\/uploads\/2020\/07\/hutton-logo_uuendatud-01.png","contentUrl":"https:\/\/hutton.ee\/wp-content\/uploads\/2020\/07\/hutton-logo_uuendatud-01.png","width":1064,"height":455,"caption":"Hutton - KATUS | SEIN | FASSAAD"},"image":{"@id":"https:\/\/hutton.ee\/#\/schema\/logo\/image\/"},"sameAs":["https:\/\/www.facebook.com\/huttoneesti"]}]}},"_links":{"self":[{"href":"https:\/\/hutton.ee\/en\/wp-json\/wp\/v2\/product\/29742","targetHints":{"allow":["GET"]}}],"collection":[{"href":"https:\/\/hutton.ee\/en\/wp-json\/wp\/v2\/product"}],"about":[{"href":"https:\/\/hutton.ee\/en\/wp-json\/wp\/v2\/types\/product"}],"wp:featuredmedia":[{"embeddable":true,"href":"https:\/\/hutton.ee\/en\/wp-json\/wp\/v2\/media\/29874"}],"wp:attachment":[{"href":"https:\/\/hutton.ee\/en\/wp-json\/wp\/v2\/media?parent=29742"}],"wp:term":[{"taxonomy":"product_brand","embeddable":true,"href":"https:\/\/hutton.ee\/en\/wp-json\/wp\/v2\/product_brand?post=29742"},{"taxonomy":"product_cat","embeddable":true,"href":"https:\/\/hutton.ee\/en\/wp-json\/wp\/v2\/product_cat?post=29742"},{"taxonomy":"product_tag","embeddable":true,"href":"https:\/\/hutton.ee\/en\/wp-json\/wp\/v2\/product_tag?post=29742"},{"taxonomy":"filtrisusteem","embeddable":true,"href":"https:\/\/hutton.ee\/en\/wp-json\/wp\/v2\/filtrisusteem?post=29742"},{"taxonomy":"kvaliteediklass","embeddable":true,"href":"https:\/\/hutton.ee\/en\/wp-json\/wp\/v2\/kvaliteediklass?post=29742"}],"curies":[{"name":"wp","href":"https:\/\/api.w.org\/{rel}","templated":true}]}}